{"id":143289,"date":"2018-12-07T16:42:00","date_gmt":"2018-12-07T15:42:00","guid":{"rendered":"https:\/\/www.heatsupply.nl\/product\/raijmakers-heetmakers-carolina-reaper-ingwer\/"},"modified":"2026-04-21T15:00:17","modified_gmt":"2026-04-21T13:00:17","slug":"raijmakers-heetmakers-carolina-reaper-ingwer","status":"publish","type":"product","link":"https:\/\/www.heatsupply.nl\/de\/produkt\/raijmakers-heetmakers-carolina-reaper-ingwer\/","title":{"rendered":"Raijmakers Heetmakers Carolina Reaper &#038; Ingwer"},"content":{"rendered":"<p><strong>Zutaten Raijmakers Heetmakers Brain Buzzer<\/strong>: Tomate, Zwiebelp\u00fcree, Wasser, Zucker, Carolina Reaper Chilischoten, Reis, Knoblauchp\u00fcree, Salz, Ingwer, Raps\u00f6l, WEIZEN, SOJABOHNEN, Essig (enth\u00e4lt SULFIT), Gew\u00fcrze, Karamellzuckersirup, Zitronens\u00e4ure (E330), Xanthan (E415), Invertzuckersirup, Zitruszellstoff.<\/p>\n<p><span style=\"text-decoration: underline;\">N\u00e4hrwerte pro 100gr:<\/span><br \/>\nEnergie: kJ 259\/kcal 62<br \/>\nFett: 0,3 Gramm<br \/>\ndavon ges\u00e4ttigte Fetts\u00e4uren: 0,03 Gramm<br \/>\nKohlenhydrate: 13,5 Gramm<br \/>\ndavon Zucker: 10,6 Gramm<br \/>\nProtein: 1,7 Gramm<br \/>\nSalz: 2,49 Gramm<\/p>\n<p>Vor Gebrauch sch\u00fctteln. Nach dem \u00d6ffnen im K\u00fchlschrank aufbewahren.<\/p>\n","protected":false},"excerpt":{"rendered":"<p><span style=\"font-weight: 500;\">Der Brain Buzzer ist die sch\u00e4rfste Sauce von Raijmakers Heetmakers. Das liegt an der Anwesenheit des ehemals sch\u00e4rfsten Pfeffers der Welt: dem Carolina Reaper. Die Sch\u00e4rfe bringt dein Gehirn zum Schwirren, aber sie ist auch k\u00f6stlich, dank der Kombination mit Ingwer und Tomate. K\u00f6stlich scharf und perfekt u. a. zu deinen Lieblingsreis- und Nudelgerichten.<\/span><\/p>\n<p><span style=\"font-weight: 500;\">Herkunft: Niederlande<\/span><\/p>\n<p><span style=\"font-weight: 500;\">Inhalt: 150 ml<\/span><\/p>\n","protected":false},"featured_media":142638,"comment_status":"open","ping_status":"closed","template":"","meta":{"_acf_changed":false},"product_brand":[],"product_cat":[3929,4044,3994,4122,3787,4046],"product_tag":[],"class_list":{"0":"post-143289","1":"product","2":"type-product","3":"status-publish","4":"has-post-thumbnail","6":"product_cat-carolina-reaper","7":"product_cat-eten-met-nick","8":"product_cat-europaeische-scharfe-saucen","9":"product_cat-koenigstag-deals-2026","10":"product_cat-scharfe-sossen","11":"product_cat-spicy","13":"first","14":"instock","15":"taxable","16":"shipping-taxable","17":"purchasable","18":"product-type-simple"},"bundled_by":["142645","129650","141917","141942"],"bundle_stock_status":"instock","bundle_stock_quantity":0,"bundle_virtual":false,"bundle_layout":"","bundle_add_to_cart_form_location":"","bundle_editable_in_cart":false,"bundle_sold_individually_context":"","bundle_item_grouping":"","bundle_min_size":"","bundle_max_size":"","bundle_price":[],"bundled_items":[],"bundle_sell_ids":[],"acf":[],"yoast_head":"<!-- This site is optimized with the Yoast SEO Premium plugin v27.5 (Yoast SEO v27.5) - https:\/\/yoast.com\/product\/yoast-seo-premium-wordpress\/ -->\n<title>Raijmakers Heetmakers Carolina Reaper &amp; Ingwer - Heatsupply<\/title>\n<meta name=\"description\" content=\"Raijmakers Heetmakers&#039; Brain Buzzer enth\u00e4lt den ehemals sch\u00e4rfsten Pfeffer der Welt: den Carolina Reaper, der mit Ingwer und Tomate kombiniert wird.\" \/>\n<meta name=\"robots\" content=\"index, follow, max-snippet:-1, max-image-preview:large, max-video-preview:-1\" \/>\n<link rel=\"canonical\" href=\"https:\/\/www.heatsupply.nl\/de\/produkt\/raijmakers-heetmakers-carolina-reaper-ingwer\/\" \/>\n<meta property=\"og:locale\" content=\"de_DE\" \/>\n<meta property=\"og:type\" content=\"article\" \/>\n<meta property=\"og:title\" content=\"Raijmakers Heetmakers Carolina Reaper &amp; Ingwer\" \/>\n<meta property=\"og:description\" content=\"Raijmakers Heetmakers&#039; Brain Buzzer enth\u00e4lt den ehemals sch\u00e4rfsten Pfeffer der Welt: den Carolina Reaper, der mit Ingwer und Tomate kombiniert wird.\" \/>\n<meta property=\"og:url\" content=\"https:\/\/www.heatsupply.nl\/de\/produkt\/raijmakers-heetmakers-carolina-reaper-ingwer\/\" \/>\n<meta property=\"og:site_name\" content=\"Heatsupply\" \/>\n<meta property=\"article:publisher\" content=\"https:\/\/www.facebook.com\/heatsupplyNL\" \/>\n<meta property=\"article:modified_time\" content=\"2026-04-21T13:00:17+00:00\" \/>\n<meta property=\"og:image\" content=\"https:\/\/www.heatsupply.nl\/wp-content\/uploads\/2018\/12\/raijmakers-heetmakers-brain-buzzer-hot-sauce.jpg\" \/>\n\t<meta property=\"og:image:width\" content=\"1400\" \/>\n\t<meta property=\"og:image:height\" content=\"1400\" \/>\n\t<meta property=\"og:image:type\" content=\"image\/jpeg\" \/>\n<meta name=\"twitter:card\" content=\"summary_large_image\" \/>\n<meta name=\"twitter:label1\" content=\"Preis\" \/>\n\t<meta name=\"twitter:data1\" content=\"&euro;9,95\" \/>\n\t<meta name=\"twitter:label2\" content=\"Verf\u00fcgbarkeit\" \/>\n\t<meta name=\"twitter:data2\" content=\"Auf Lager\" \/>\n<script type=\"application\/ld+json\" class=\"yoast-schema-graph\">{\"@context\":\"https:\\\/\\\/schema.org\",\"@graph\":[{\"@type\":\"WebPage\",\"@id\":\"https:\\\/\\\/www.heatsupply.nl\\\/de\\\/produkt\\\/raijmakers-heetmakers-carolina-reaper-ingwer\\\/\",\"url\":\"https:\\\/\\\/www.heatsupply.nl\\\/de\\\/produkt\\\/raijmakers-heetmakers-carolina-reaper-ingwer\\\/\",\"name\":\"Raijmakers Heetmakers Carolina Reaper & Ingwer - Heatsupply\",\"isPartOf\":{\"@id\":\"https:\\\/\\\/www.heatsupply.nl\\\/de\\\/#website\"},\"primaryImageOfPage\":{\"@id\":\"https:\\\/\\\/www.heatsupply.nl\\\/de\\\/produkt\\\/raijmakers-heetmakers-carolina-reaper-ingwer\\\/#primaryimage\"},\"image\":{\"@id\":\"https:\\\/\\\/www.heatsupply.nl\\\/de\\\/produkt\\\/raijmakers-heetmakers-carolina-reaper-ingwer\\\/#primaryimage\"},\"thumbnailUrl\":\"https:\\\/\\\/www.heatsupply.nl\\\/wp-content\\\/uploads\\\/2018\\\/12\\\/raijmakers-heetmakers-brain-buzzer-hot-sauce.jpg\",\"datePublished\":\"2018-12-07T15:42:00+00:00\",\"dateModified\":\"2026-04-21T13:00:17+00:00\",\"description\":\"Raijmakers Heetmakers' Brain Buzzer enth\u00e4lt den ehemals sch\u00e4rfsten Pfeffer der Welt: den Carolina Reaper, der mit Ingwer und Tomate kombiniert wird.\",\"breadcrumb\":{\"@id\":\"https:\\\/\\\/www.heatsupply.nl\\\/de\\\/produkt\\\/raijmakers-heetmakers-carolina-reaper-ingwer\\\/#breadcrumb\"},\"inLanguage\":\"de\",\"potentialAction\":[{\"@type\":\"ReadAction\",\"target\":[\"https:\\\/\\\/www.heatsupply.nl\\\/de\\\/produkt\\\/raijmakers-heetmakers-carolina-reaper-ingwer\\\/\"]}]},{\"@type\":\"ImageObject\",\"inLanguage\":\"de\",\"@id\":\"https:\\\/\\\/www.heatsupply.nl\\\/de\\\/produkt\\\/raijmakers-heetmakers-carolina-reaper-ingwer\\\/#primaryimage\",\"url\":\"https:\\\/\\\/www.heatsupply.nl\\\/wp-content\\\/uploads\\\/2018\\\/12\\\/raijmakers-heetmakers-brain-buzzer-hot-sauce.jpg\",\"contentUrl\":\"https:\\\/\\\/www.heatsupply.nl\\\/wp-content\\\/uploads\\\/2018\\\/12\\\/raijmakers-heetmakers-brain-buzzer-hot-sauce.jpg\",\"width\":1400,\"height\":1400},{\"@type\":\"BreadcrumbList\",\"@id\":\"https:\\\/\\\/www.heatsupply.nl\\\/de\\\/produkt\\\/raijmakers-heetmakers-carolina-reaper-ingwer\\\/#breadcrumb\",\"itemListElement\":[{\"@type\":\"ListItem\",\"position\":1,\"name\":\"Home\",\"item\":\"https:\\\/\\\/www.heatsupply.nl\\\/de\\\/\"},{\"@type\":\"ListItem\",\"position\":2,\"name\":\"Alle produkten\",\"item\":\"https:\\\/\\\/www.heatsupply.nl\\\/de\\\/alle-produkten\\\/\"},{\"@type\":\"ListItem\",\"position\":3,\"name\":\"Scharfe So\u00dfen\",\"item\":\"https:\\\/\\\/www.heatsupply.nl\\\/de\\\/scharfe-sossen\\\/\"},{\"@type\":\"ListItem\",\"position\":4,\"name\":\"Carolina Reaper\",\"item\":\"https:\\\/\\\/www.heatsupply.nl\\\/de\\\/scharfe-sossen\\\/carolina-reaper\\\/\"},{\"@type\":\"ListItem\",\"position\":5,\"name\":\"Raijmakers Heetmakers Carolina Reaper &#038; Ingwer\"}]},{\"@type\":\"WebSite\",\"@id\":\"https:\\\/\\\/www.heatsupply.nl\\\/de\\\/#website\",\"url\":\"https:\\\/\\\/www.heatsupply.nl\\\/de\\\/\",\"name\":\"Heatsupply\",\"description\":\"Hot sauce webstore #1 in Europe\",\"publisher\":{\"@id\":\"https:\\\/\\\/www.heatsupply.nl\\\/de\\\/#organization\"},\"potentialAction\":[{\"@type\":\"SearchAction\",\"target\":{\"@type\":\"EntryPoint\",\"urlTemplate\":\"https:\\\/\\\/www.heatsupply.nl\\\/de\\\/?s={search_term_string}\"},\"query-input\":{\"@type\":\"PropertyValueSpecification\",\"valueRequired\":true,\"valueName\":\"search_term_string\"}}],\"inLanguage\":\"de\"},{\"@type\":\"Organization\",\"@id\":\"https:\\\/\\\/www.heatsupply.nl\\\/de\\\/#organization\",\"name\":\"Heatsupply\",\"url\":\"https:\\\/\\\/www.heatsupply.nl\\\/de\\\/\",\"logo\":{\"@type\":\"ImageObject\",\"inLanguage\":\"de\",\"@id\":\"https:\\\/\\\/www.heatsupply.nl\\\/de\\\/#\\\/schema\\\/logo\\\/image\\\/\",\"url\":\"https:\\\/\\\/www.heatsupply.nl\\\/wp-content\\\/uploads\\\/2022\\\/10\\\/heatsupply-logo-rood.jpg\",\"contentUrl\":\"https:\\\/\\\/www.heatsupply.nl\\\/wp-content\\\/uploads\\\/2022\\\/10\\\/heatsupply-logo-rood.jpg\",\"width\":1000,\"height\":335,\"caption\":\"Heatsupply\"},\"image\":{\"@id\":\"https:\\\/\\\/www.heatsupply.nl\\\/de\\\/#\\\/schema\\\/logo\\\/image\\\/\"},\"sameAs\":[\"https:\\\/\\\/www.facebook.com\\\/heatsupplyNL\",\"https:\\\/\\\/www.instagram.com\\\/heatsuppy.nl\",\"https:\\\/\\\/www.youtube.com\\\/channel\\\/UC5pOWqQtljvxTz2SMWGWCsw\"]}]}<\/script>\n<meta property=\"product:brand\" content=\"Raijmakers Heetmakers\" \/>\n<meta property=\"product:price:amount\" content=\"9.95\" \/>\n<meta property=\"product:price:currency\" content=\"EUR\" \/>\n<meta property=\"og:availability\" content=\"instock\" \/>\n<meta property=\"product:availability\" content=\"instock\" \/>\n<meta property=\"product:retailer_item_id\" content=\"RHB002\" \/>\n<meta property=\"product:condition\" content=\"new\" \/>\n<!-- \/ Yoast SEO Premium plugin. -->","yoast_head_json":{"title":"Raijmakers Heetmakers Carolina Reaper & Ingwer - Heatsupply","description":"Raijmakers Heetmakers' Brain Buzzer enth\u00e4lt den ehemals sch\u00e4rfsten Pfeffer der Welt: den Carolina Reaper, der mit Ingwer und Tomate kombiniert wird.","robots":{"index":"index","follow":"follow","max-snippet":"max-snippet:-1","max-image-preview":"max-image-preview:large","max-video-preview":"max-video-preview:-1"},"canonical":"https:\/\/www.heatsupply.nl\/de\/produkt\/raijmakers-heetmakers-carolina-reaper-ingwer\/","og_locale":"de_DE","og_type":"article","og_title":"Raijmakers Heetmakers Carolina Reaper & Ingwer","og_description":"Raijmakers Heetmakers' Brain Buzzer enth\u00e4lt den ehemals sch\u00e4rfsten Pfeffer der Welt: den Carolina Reaper, der mit Ingwer und Tomate kombiniert wird.","og_url":"https:\/\/www.heatsupply.nl\/de\/produkt\/raijmakers-heetmakers-carolina-reaper-ingwer\/","og_site_name":"Heatsupply","article_publisher":"https:\/\/www.facebook.com\/heatsupplyNL","article_modified_time":"2026-04-21T13:00:17+00:00","og_image":[{"width":1400,"height":1400,"url":"https:\/\/www.heatsupply.nl\/wp-content\/uploads\/2018\/12\/raijmakers-heetmakers-brain-buzzer-hot-sauce.jpg","type":"image\/jpeg"}],"twitter_card":"summary_large_image","twitter_misc":{"Preis":"&euro;9,95","Verf\u00fcgbarkeit":"Auf Lager"},"schema":{"@context":"https:\/\/schema.org","@graph":[{"@type":"WebPage","@id":"https:\/\/www.heatsupply.nl\/de\/produkt\/raijmakers-heetmakers-carolina-reaper-ingwer\/","url":"https:\/\/www.heatsupply.nl\/de\/produkt\/raijmakers-heetmakers-carolina-reaper-ingwer\/","name":"Raijmakers Heetmakers Carolina Reaper & Ingwer - Heatsupply","isPartOf":{"@id":"https:\/\/www.heatsupply.nl\/de\/#website"},"primaryImageOfPage":{"@id":"https:\/\/www.heatsupply.nl\/de\/produkt\/raijmakers-heetmakers-carolina-reaper-ingwer\/#primaryimage"},"image":{"@id":"https:\/\/www.heatsupply.nl\/de\/produkt\/raijmakers-heetmakers-carolina-reaper-ingwer\/#primaryimage"},"thumbnailUrl":"https:\/\/www.heatsupply.nl\/wp-content\/uploads\/2018\/12\/raijmakers-heetmakers-brain-buzzer-hot-sauce.jpg","datePublished":"2018-12-07T15:42:00+00:00","dateModified":"2026-04-21T13:00:17+00:00","description":"Raijmakers Heetmakers' Brain Buzzer enth\u00e4lt den ehemals sch\u00e4rfsten Pfeffer der Welt: den Carolina Reaper, der mit Ingwer und Tomate kombiniert wird.","breadcrumb":{"@id":"https:\/\/www.heatsupply.nl\/de\/produkt\/raijmakers-heetmakers-carolina-reaper-ingwer\/#breadcrumb"},"inLanguage":"de","potentialAction":[{"@type":"ReadAction","target":["https:\/\/www.heatsupply.nl\/de\/produkt\/raijmakers-heetmakers-carolina-reaper-ingwer\/"]}]},{"@type":"ImageObject","inLanguage":"de","@id":"https:\/\/www.heatsupply.nl\/de\/produkt\/raijmakers-heetmakers-carolina-reaper-ingwer\/#primaryimage","url":"https:\/\/www.heatsupply.nl\/wp-content\/uploads\/2018\/12\/raijmakers-heetmakers-brain-buzzer-hot-sauce.jpg","contentUrl":"https:\/\/www.heatsupply.nl\/wp-content\/uploads\/2018\/12\/raijmakers-heetmakers-brain-buzzer-hot-sauce.jpg","width":1400,"height":1400},{"@type":"BreadcrumbList","@id":"https:\/\/www.heatsupply.nl\/de\/produkt\/raijmakers-heetmakers-carolina-reaper-ingwer\/#breadcrumb","itemListElement":[{"@type":"ListItem","position":1,"name":"Home","item":"https:\/\/www.heatsupply.nl\/de\/"},{"@type":"ListItem","position":2,"name":"Alle produkten","item":"https:\/\/www.heatsupply.nl\/de\/alle-produkten\/"},{"@type":"ListItem","position":3,"name":"Scharfe So\u00dfen","item":"https:\/\/www.heatsupply.nl\/de\/scharfe-sossen\/"},{"@type":"ListItem","position":4,"name":"Carolina Reaper","item":"https:\/\/www.heatsupply.nl\/de\/scharfe-sossen\/carolina-reaper\/"},{"@type":"ListItem","position":5,"name":"Raijmakers Heetmakers Carolina Reaper &#038; Ingwer"}]},{"@type":"WebSite","@id":"https:\/\/www.heatsupply.nl\/de\/#website","url":"https:\/\/www.heatsupply.nl\/de\/","name":"Heatsupply","description":"Hot sauce webstore #1 in Europe","publisher":{"@id":"https:\/\/www.heatsupply.nl\/de\/#organization"},"potentialAction":[{"@type":"SearchAction","target":{"@type":"EntryPoint","urlTemplate":"https:\/\/www.heatsupply.nl\/de\/?s={search_term_string}"},"query-input":{"@type":"PropertyValueSpecification","valueRequired":true,"valueName":"search_term_string"}}],"inLanguage":"de"},{"@type":"Organization","@id":"https:\/\/www.heatsupply.nl\/de\/#organization","name":"Heatsupply","url":"https:\/\/www.heatsupply.nl\/de\/","logo":{"@type":"ImageObject","inLanguage":"de","@id":"https:\/\/www.heatsupply.nl\/de\/#\/schema\/logo\/image\/","url":"https:\/\/www.heatsupply.nl\/wp-content\/uploads\/2022\/10\/heatsupply-logo-rood.jpg","contentUrl":"https:\/\/www.heatsupply.nl\/wp-content\/uploads\/2022\/10\/heatsupply-logo-rood.jpg","width":1000,"height":335,"caption":"Heatsupply"},"image":{"@id":"https:\/\/www.heatsupply.nl\/de\/#\/schema\/logo\/image\/"},"sameAs":["https:\/\/www.facebook.com\/heatsupplyNL","https:\/\/www.instagram.com\/heatsuppy.nl","https:\/\/www.youtube.com\/channel\/UC5pOWqQtljvxTz2SMWGWCsw"]}]},"product_brand":"Raijmakers Heetmakers","product_price_amount":"9.95","product_price_currency":"EUR","og_availability":"instock","product_availability":"instock","product_retailer_item_id":"RHB002","product_condition":"new"},"_links":{"self":[{"href":"https:\/\/www.heatsupply.nl\/de\/wp-json\/wp\/v2\/product\/143289","targetHints":{"allow":["GET"]}}],"collection":[{"href":"https:\/\/www.heatsupply.nl\/de\/wp-json\/wp\/v2\/product"}],"about":[{"href":"https:\/\/www.heatsupply.nl\/de\/wp-json\/wp\/v2\/types\/product"}],"replies":[{"embeddable":true,"href":"https:\/\/www.heatsupply.nl\/de\/wp-json\/wp\/v2\/comments?post=143289"}],"wp:featuredmedia":[{"embeddable":true,"href":"https:\/\/www.heatsupply.nl\/de\/wp-json\/wp\/v2\/media\/142638"}],"wp:attachment":[{"href":"https:\/\/www.heatsupply.nl\/de\/wp-json\/wp\/v2\/media?parent=143289"}],"wp:term":[{"taxonomy":"product_brand","embeddable":true,"href":"https:\/\/www.heatsupply.nl\/de\/wp-json\/wp\/v2\/product_brand?post=143289"},{"taxonomy":"product_cat","embeddable":true,"href":"https:\/\/www.heatsupply.nl\/de\/wp-json\/wp\/v2\/product_cat?post=143289"},{"taxonomy":"product_tag","embeddable":true,"href":"https:\/\/www.heatsupply.nl\/de\/wp-json\/wp\/v2\/product_tag?post=143289"}],"curies":[{"name":"wp","href":"https:\/\/api.w.org\/{rel}","templated":true}]}}