{"id":143284,"date":"2018-12-07T16:26:00","date_gmt":"2018-12-07T15:26:00","guid":{"rendered":"https:\/\/www.heatsupply.nl\/product\/raijmakers-heetmakers-habanero-suskartoffel\/"},"modified":"2026-02-20T10:56:23","modified_gmt":"2026-02-20T09:56:23","slug":"raijmakers-heetmakers-habanero-suskartoffel","status":"publish","type":"product","link":"https:\/\/www.heatsupply.nl\/de\/produkt\/raijmakers-heetmakers-habanero-suskartoffel\/","title":{"rendered":"Raijmakers Heetmakers Habanero &#038; S\u00fc\u00dfkartoffel"},"content":{"rendered":"<p><strong>Zutatenliste Raijmakers Heetmakers Tranquilizer:<\/strong> Wasser, Habanero-Chilischoten, Zwiebelp\u00fcree, S\u00fc\u00dfkartoffel, Karotte, Essig (enth\u00e4lt SULFIT), Knoblauchp\u00fcree, Limettensaft, Salz, Raps\u00f6l, ger\u00e4uchertes Paprikapulver, Xanthan (Verdickungsmittel E415)<\/p>\n<p><span style=\"text-decoration: underline;\">N\u00e4hrwertangaben pro 100gr:<\/span><br \/>\nEnergie: 121 kJ\/ 29 kcal<br \/>\nFett: 0,2 g<br \/>\ndavon ges\u00e4ttigt: 0,1 g<br \/>\nKohlenhydrate: 4,7 g<br \/>\ndavon Zucker: 1,7 g<br \/>\nEiwei\u00df: 0,8 g<br \/>\nSalz: 2,03 g<\/p>\n<p>Vor dem Gebrauch sch\u00fctteln und nach dem \u00d6ffnen im K\u00fchlschrank aufbewahren.<\/p>\n<p>Brauchen Sie Inspiration f\u00fcr ein Rezept mit der Raijmakers Heetmakers Tranquiliser Hot Sauce? Dann schauen Sie sich das Video unten an.<\/p>\n<p><iframe loading=\"lazy\" src=\"https:\/\/www.youtube.com\/embed\/LzLogxc4Psk?feature=oembed&amp;enablejsapi=1&amp;origin=https:\/\/www.heatsupply.nl\" width=\"411\" height=\"231\" frameborder=\"0\" allowfullscreen=\"allowfullscreen\"><\/iframe><\/p>\n","protected":false},"excerpt":{"rendered":"<p><span style=\"font-weight: 500;\">Tranquilizer von Raijmakers Heetmakers ist eine vielseitige scharfe Sauce dank der Kombination von frischer Habanero-Chilis und S\u00fc\u00dfkartoffel. Das ger\u00e4ucherte Paprikapulver verleiht dieser scharfen Sauce eine zus\u00e4tzliche Tiefe, so dass sie als Tafelsauce zu vielen Gerichten verwendet werden kann. Zum Beispiel zu Pizza, Pasta und vielem mehr. Und nat\u00fcrlich ist auch die Verpackung ein absoluter Blickfang. Die ultimative scharfe Sauce, die man beim Essen immer auf dem Tisch haben sollte.<\/span><\/p>\n<p><span style=\"font-weight: 500;\">Herkunft: Niederlande<\/span><\/p>\n<p><span style=\"font-weight: 500;\">Inhalt: 150 ml<\/span><\/p>\n","protected":false},"featured_media":142632,"comment_status":"open","ping_status":"closed","template":"","meta":{"_acf_changed":false},"product_brand":[],"product_cat":[4044,3994,3913,4122,3787,4046],"product_tag":[],"class_list":{"0":"post-143284","1":"product","2":"type-product","3":"status-publish","4":"has-post-thumbnail","6":"product_cat-eten-met-nick","7":"product_cat-europaeische-scharfe-saucen","8":"product_cat-habanero","9":"product_cat-koenigstag-deals-2026","10":"product_cat-scharfe-sossen","11":"product_cat-spicy","13":"first","14":"instock","15":"taxable","16":"shipping-taxable","17":"purchasable","18":"product-type-simple"},"bundled_by":["141992","142645","129650"],"bundle_stock_status":"instock","bundle_stock_quantity":601,"bundle_virtual":false,"bundle_layout":"","bundle_add_to_cart_form_location":"","bundle_editable_in_cart":false,"bundle_sold_individually_context":"","bundle_item_grouping":"","bundle_min_size":"","bundle_max_size":"","bundle_price":[],"bundled_items":[],"bundle_sell_ids":[],"acf":[],"yoast_head":"<!-- This site is optimized with the Yoast SEO Premium plugin v27.5 (Yoast SEO v27.5) - https:\/\/yoast.com\/product\/yoast-seo-premium-wordpress\/ -->\n<title>Raijmakers Heetmakers Habanero &amp; S\u00fc\u00dfkartoffel - Heatsupply<\/title>\n<meta name=\"description\" content=\"Tranquilizer von Raijmakers Heetmakers ist ihre vielseitigste scharfe Sauce. Die Kombination aus Habanero und S\u00fc\u00dfkartoffel macht sie zu allem lecker.\" \/>\n<meta name=\"robots\" content=\"index, follow, max-snippet:-1, max-image-preview:large, max-video-preview:-1\" \/>\n<link rel=\"canonical\" href=\"https:\/\/www.heatsupply.nl\/de\/produkt\/raijmakers-heetmakers-habanero-suskartoffel\/\" \/>\n<meta property=\"og:locale\" content=\"de_DE\" \/>\n<meta property=\"og:type\" content=\"article\" \/>\n<meta property=\"og:title\" content=\"Raijmakers Heetmakers Habanero &amp; S\u00fc\u00dfkartoffel\" \/>\n<meta property=\"og:description\" content=\"Tranquilizer von Raijmakers Heetmakers ist ihre vielseitigste scharfe Sauce. Die Kombination aus Habanero und S\u00fc\u00dfkartoffel macht sie zu allem lecker.\" \/>\n<meta property=\"og:url\" content=\"https:\/\/www.heatsupply.nl\/de\/produkt\/raijmakers-heetmakers-habanero-suskartoffel\/\" \/>\n<meta property=\"og:site_name\" content=\"Heatsupply\" \/>\n<meta property=\"article:publisher\" content=\"https:\/\/www.facebook.com\/heatsupplyNL\" \/>\n<meta property=\"article:modified_time\" content=\"2026-02-20T09:56:23+00:00\" \/>\n<meta property=\"og:image\" content=\"https:\/\/www.heatsupply.nl\/wp-content\/uploads\/2018\/12\/raijmakers-heetmakers-tranquilizer-hot-sauce-1.jpg\" \/>\n\t<meta property=\"og:image:width\" content=\"1400\" \/>\n\t<meta property=\"og:image:height\" content=\"1400\" \/>\n\t<meta property=\"og:image:type\" content=\"image\/jpeg\" \/>\n<meta name=\"twitter:card\" content=\"summary_large_image\" \/>\n<meta name=\"twitter:label1\" content=\"Preis\" \/>\n\t<meta name=\"twitter:data1\" content=\"&euro;9,95\" \/>\n\t<meta name=\"twitter:label2\" content=\"Verf\u00fcgbarkeit\" \/>\n\t<meta name=\"twitter:data2\" content=\"Auf Lager\" \/>\n<script type=\"application\/ld+json\" class=\"yoast-schema-graph\">{\"@context\":\"https:\\\/\\\/schema.org\",\"@graph\":[{\"@type\":\"WebPage\",\"@id\":\"https:\\\/\\\/www.heatsupply.nl\\\/de\\\/produkt\\\/raijmakers-heetmakers-habanero-suskartoffel\\\/\",\"url\":\"https:\\\/\\\/www.heatsupply.nl\\\/de\\\/produkt\\\/raijmakers-heetmakers-habanero-suskartoffel\\\/\",\"name\":\"Raijmakers Heetmakers Habanero & S\u00fc\u00dfkartoffel - Heatsupply\",\"isPartOf\":{\"@id\":\"https:\\\/\\\/www.heatsupply.nl\\\/de\\\/#website\"},\"primaryImageOfPage\":{\"@id\":\"https:\\\/\\\/www.heatsupply.nl\\\/de\\\/produkt\\\/raijmakers-heetmakers-habanero-suskartoffel\\\/#primaryimage\"},\"image\":{\"@id\":\"https:\\\/\\\/www.heatsupply.nl\\\/de\\\/produkt\\\/raijmakers-heetmakers-habanero-suskartoffel\\\/#primaryimage\"},\"thumbnailUrl\":\"https:\\\/\\\/www.heatsupply.nl\\\/wp-content\\\/uploads\\\/2018\\\/12\\\/raijmakers-heetmakers-tranquilizer-hot-sauce-1.jpg\",\"datePublished\":\"2018-12-07T15:26:00+00:00\",\"dateModified\":\"2026-02-20T09:56:23+00:00\",\"description\":\"Tranquilizer von Raijmakers Heetmakers ist ihre vielseitigste scharfe Sauce. Die Kombination aus Habanero und S\u00fc\u00dfkartoffel macht sie zu allem lecker.\",\"breadcrumb\":{\"@id\":\"https:\\\/\\\/www.heatsupply.nl\\\/de\\\/produkt\\\/raijmakers-heetmakers-habanero-suskartoffel\\\/#breadcrumb\"},\"inLanguage\":\"de\",\"potentialAction\":[{\"@type\":\"ReadAction\",\"target\":[\"https:\\\/\\\/www.heatsupply.nl\\\/de\\\/produkt\\\/raijmakers-heetmakers-habanero-suskartoffel\\\/\"]}]},{\"@type\":\"ImageObject\",\"inLanguage\":\"de\",\"@id\":\"https:\\\/\\\/www.heatsupply.nl\\\/de\\\/produkt\\\/raijmakers-heetmakers-habanero-suskartoffel\\\/#primaryimage\",\"url\":\"https:\\\/\\\/www.heatsupply.nl\\\/wp-content\\\/uploads\\\/2018\\\/12\\\/raijmakers-heetmakers-tranquilizer-hot-sauce-1.jpg\",\"contentUrl\":\"https:\\\/\\\/www.heatsupply.nl\\\/wp-content\\\/uploads\\\/2018\\\/12\\\/raijmakers-heetmakers-tranquilizer-hot-sauce-1.jpg\",\"width\":1400,\"height\":1400},{\"@type\":\"BreadcrumbList\",\"@id\":\"https:\\\/\\\/www.heatsupply.nl\\\/de\\\/produkt\\\/raijmakers-heetmakers-habanero-suskartoffel\\\/#breadcrumb\",\"itemListElement\":[{\"@type\":\"ListItem\",\"position\":1,\"name\":\"Home\",\"item\":\"https:\\\/\\\/www.heatsupply.nl\\\/de\\\/\"},{\"@type\":\"ListItem\",\"position\":2,\"name\":\"Alle produkten\",\"item\":\"https:\\\/\\\/www.heatsupply.nl\\\/de\\\/alle-produkten\\\/\"},{\"@type\":\"ListItem\",\"position\":3,\"name\":\"Scharfe So\u00dfen\",\"item\":\"https:\\\/\\\/www.heatsupply.nl\\\/de\\\/scharfe-sossen\\\/\"},{\"@type\":\"ListItem\",\"position\":4,\"name\":\"Eten met Nick\",\"item\":\"https:\\\/\\\/www.heatsupply.nl\\\/de\\\/scharfe-sossen\\\/eten-met-nick\\\/\"},{\"@type\":\"ListItem\",\"position\":5,\"name\":\"Raijmakers Heetmakers Habanero &#038; S\u00fc\u00dfkartoffel\"}]},{\"@type\":\"WebSite\",\"@id\":\"https:\\\/\\\/www.heatsupply.nl\\\/de\\\/#website\",\"url\":\"https:\\\/\\\/www.heatsupply.nl\\\/de\\\/\",\"name\":\"Heatsupply\",\"description\":\"Hot sauce webstore #1 in Europe\",\"publisher\":{\"@id\":\"https:\\\/\\\/www.heatsupply.nl\\\/de\\\/#organization\"},\"potentialAction\":[{\"@type\":\"SearchAction\",\"target\":{\"@type\":\"EntryPoint\",\"urlTemplate\":\"https:\\\/\\\/www.heatsupply.nl\\\/de\\\/?s={search_term_string}\"},\"query-input\":{\"@type\":\"PropertyValueSpecification\",\"valueRequired\":true,\"valueName\":\"search_term_string\"}}],\"inLanguage\":\"de\"},{\"@type\":\"Organization\",\"@id\":\"https:\\\/\\\/www.heatsupply.nl\\\/de\\\/#organization\",\"name\":\"Heatsupply\",\"url\":\"https:\\\/\\\/www.heatsupply.nl\\\/de\\\/\",\"logo\":{\"@type\":\"ImageObject\",\"inLanguage\":\"de\",\"@id\":\"https:\\\/\\\/www.heatsupply.nl\\\/de\\\/#\\\/schema\\\/logo\\\/image\\\/\",\"url\":\"https:\\\/\\\/www.heatsupply.nl\\\/wp-content\\\/uploads\\\/2022\\\/10\\\/heatsupply-logo-rood.jpg\",\"contentUrl\":\"https:\\\/\\\/www.heatsupply.nl\\\/wp-content\\\/uploads\\\/2022\\\/10\\\/heatsupply-logo-rood.jpg\",\"width\":1000,\"height\":335,\"caption\":\"Heatsupply\"},\"image\":{\"@id\":\"https:\\\/\\\/www.heatsupply.nl\\\/de\\\/#\\\/schema\\\/logo\\\/image\\\/\"},\"sameAs\":[\"https:\\\/\\\/www.facebook.com\\\/heatsupplyNL\",\"https:\\\/\\\/www.instagram.com\\\/heatsuppy.nl\",\"https:\\\/\\\/www.youtube.com\\\/channel\\\/UC5pOWqQtljvxTz2SMWGWCsw\"]}]}<\/script>\n<meta property=\"product:brand\" content=\"Raijmakers Heetmakers\" \/>\n<meta property=\"product:price:amount\" content=\"9.95\" \/>\n<meta property=\"product:price:currency\" content=\"EUR\" \/>\n<meta property=\"og:availability\" content=\"instock\" \/>\n<meta property=\"product:availability\" content=\"instock\" \/>\n<meta property=\"product:retailer_item_id\" content=\"RHT001\" \/>\n<meta property=\"product:condition\" content=\"new\" \/>\n<!-- \/ Yoast SEO Premium plugin. -->","yoast_head_json":{"title":"Raijmakers Heetmakers Habanero & S\u00fc\u00dfkartoffel - Heatsupply","description":"Tranquilizer von Raijmakers Heetmakers ist ihre vielseitigste scharfe Sauce. Die Kombination aus Habanero und S\u00fc\u00dfkartoffel macht sie zu allem lecker.","robots":{"index":"index","follow":"follow","max-snippet":"max-snippet:-1","max-image-preview":"max-image-preview:large","max-video-preview":"max-video-preview:-1"},"canonical":"https:\/\/www.heatsupply.nl\/de\/produkt\/raijmakers-heetmakers-habanero-suskartoffel\/","og_locale":"de_DE","og_type":"article","og_title":"Raijmakers Heetmakers Habanero & S\u00fc\u00dfkartoffel","og_description":"Tranquilizer von Raijmakers Heetmakers ist ihre vielseitigste scharfe Sauce. Die Kombination aus Habanero und S\u00fc\u00dfkartoffel macht sie zu allem lecker.","og_url":"https:\/\/www.heatsupply.nl\/de\/produkt\/raijmakers-heetmakers-habanero-suskartoffel\/","og_site_name":"Heatsupply","article_publisher":"https:\/\/www.facebook.com\/heatsupplyNL","article_modified_time":"2026-02-20T09:56:23+00:00","og_image":[{"width":1400,"height":1400,"url":"https:\/\/www.heatsupply.nl\/wp-content\/uploads\/2018\/12\/raijmakers-heetmakers-tranquilizer-hot-sauce-1.jpg","type":"image\/jpeg"}],"twitter_card":"summary_large_image","twitter_misc":{"Preis":"&euro;9,95","Verf\u00fcgbarkeit":"Auf Lager"},"schema":{"@context":"https:\/\/schema.org","@graph":[{"@type":"WebPage","@id":"https:\/\/www.heatsupply.nl\/de\/produkt\/raijmakers-heetmakers-habanero-suskartoffel\/","url":"https:\/\/www.heatsupply.nl\/de\/produkt\/raijmakers-heetmakers-habanero-suskartoffel\/","name":"Raijmakers Heetmakers Habanero & S\u00fc\u00dfkartoffel - Heatsupply","isPartOf":{"@id":"https:\/\/www.heatsupply.nl\/de\/#website"},"primaryImageOfPage":{"@id":"https:\/\/www.heatsupply.nl\/de\/produkt\/raijmakers-heetmakers-habanero-suskartoffel\/#primaryimage"},"image":{"@id":"https:\/\/www.heatsupply.nl\/de\/produkt\/raijmakers-heetmakers-habanero-suskartoffel\/#primaryimage"},"thumbnailUrl":"https:\/\/www.heatsupply.nl\/wp-content\/uploads\/2018\/12\/raijmakers-heetmakers-tranquilizer-hot-sauce-1.jpg","datePublished":"2018-12-07T15:26:00+00:00","dateModified":"2026-02-20T09:56:23+00:00","description":"Tranquilizer von Raijmakers Heetmakers ist ihre vielseitigste scharfe Sauce. Die Kombination aus Habanero und S\u00fc\u00dfkartoffel macht sie zu allem lecker.","breadcrumb":{"@id":"https:\/\/www.heatsupply.nl\/de\/produkt\/raijmakers-heetmakers-habanero-suskartoffel\/#breadcrumb"},"inLanguage":"de","potentialAction":[{"@type":"ReadAction","target":["https:\/\/www.heatsupply.nl\/de\/produkt\/raijmakers-heetmakers-habanero-suskartoffel\/"]}]},{"@type":"ImageObject","inLanguage":"de","@id":"https:\/\/www.heatsupply.nl\/de\/produkt\/raijmakers-heetmakers-habanero-suskartoffel\/#primaryimage","url":"https:\/\/www.heatsupply.nl\/wp-content\/uploads\/2018\/12\/raijmakers-heetmakers-tranquilizer-hot-sauce-1.jpg","contentUrl":"https:\/\/www.heatsupply.nl\/wp-content\/uploads\/2018\/12\/raijmakers-heetmakers-tranquilizer-hot-sauce-1.jpg","width":1400,"height":1400},{"@type":"BreadcrumbList","@id":"https:\/\/www.heatsupply.nl\/de\/produkt\/raijmakers-heetmakers-habanero-suskartoffel\/#breadcrumb","itemListElement":[{"@type":"ListItem","position":1,"name":"Home","item":"https:\/\/www.heatsupply.nl\/de\/"},{"@type":"ListItem","position":2,"name":"Alle produkten","item":"https:\/\/www.heatsupply.nl\/de\/alle-produkten\/"},{"@type":"ListItem","position":3,"name":"Scharfe So\u00dfen","item":"https:\/\/www.heatsupply.nl\/de\/scharfe-sossen\/"},{"@type":"ListItem","position":4,"name":"Eten met Nick","item":"https:\/\/www.heatsupply.nl\/de\/scharfe-sossen\/eten-met-nick\/"},{"@type":"ListItem","position":5,"name":"Raijmakers Heetmakers Habanero &#038; S\u00fc\u00dfkartoffel"}]},{"@type":"WebSite","@id":"https:\/\/www.heatsupply.nl\/de\/#website","url":"https:\/\/www.heatsupply.nl\/de\/","name":"Heatsupply","description":"Hot sauce webstore #1 in Europe","publisher":{"@id":"https:\/\/www.heatsupply.nl\/de\/#organization"},"potentialAction":[{"@type":"SearchAction","target":{"@type":"EntryPoint","urlTemplate":"https:\/\/www.heatsupply.nl\/de\/?s={search_term_string}"},"query-input":{"@type":"PropertyValueSpecification","valueRequired":true,"valueName":"search_term_string"}}],"inLanguage":"de"},{"@type":"Organization","@id":"https:\/\/www.heatsupply.nl\/de\/#organization","name":"Heatsupply","url":"https:\/\/www.heatsupply.nl\/de\/","logo":{"@type":"ImageObject","inLanguage":"de","@id":"https:\/\/www.heatsupply.nl\/de\/#\/schema\/logo\/image\/","url":"https:\/\/www.heatsupply.nl\/wp-content\/uploads\/2022\/10\/heatsupply-logo-rood.jpg","contentUrl":"https:\/\/www.heatsupply.nl\/wp-content\/uploads\/2022\/10\/heatsupply-logo-rood.jpg","width":1000,"height":335,"caption":"Heatsupply"},"image":{"@id":"https:\/\/www.heatsupply.nl\/de\/#\/schema\/logo\/image\/"},"sameAs":["https:\/\/www.facebook.com\/heatsupplyNL","https:\/\/www.instagram.com\/heatsuppy.nl","https:\/\/www.youtube.com\/channel\/UC5pOWqQtljvxTz2SMWGWCsw"]}]},"product_brand":"Raijmakers Heetmakers","product_price_amount":"9.95","product_price_currency":"EUR","og_availability":"instock","product_availability":"instock","product_retailer_item_id":"RHT001","product_condition":"new"},"_links":{"self":[{"href":"https:\/\/www.heatsupply.nl\/de\/wp-json\/wp\/v2\/product\/143284","targetHints":{"allow":["GET"]}}],"collection":[{"href":"https:\/\/www.heatsupply.nl\/de\/wp-json\/wp\/v2\/product"}],"about":[{"href":"https:\/\/www.heatsupply.nl\/de\/wp-json\/wp\/v2\/types\/product"}],"replies":[{"embeddable":true,"href":"https:\/\/www.heatsupply.nl\/de\/wp-json\/wp\/v2\/comments?post=143284"}],"wp:featuredmedia":[{"embeddable":true,"href":"https:\/\/www.heatsupply.nl\/de\/wp-json\/wp\/v2\/media\/142632"}],"wp:attachment":[{"href":"https:\/\/www.heatsupply.nl\/de\/wp-json\/wp\/v2\/media?parent=143284"}],"wp:term":[{"taxonomy":"product_brand","embeddable":true,"href":"https:\/\/www.heatsupply.nl\/de\/wp-json\/wp\/v2\/product_brand?post=143284"},{"taxonomy":"product_cat","embeddable":true,"href":"https:\/\/www.heatsupply.nl\/de\/wp-json\/wp\/v2\/product_cat?post=143284"},{"taxonomy":"product_tag","embeddable":true,"href":"https:\/\/www.heatsupply.nl\/de\/wp-json\/wp\/v2\/product_tag?post=143284"}],"curies":[{"name":"wp","href":"https:\/\/api.w.org\/{rel}","templated":true}]}}