{"id":143279,"date":"2018-12-07T16:17:00","date_gmt":"2018-12-07T15:17:00","guid":{"rendered":"https:\/\/www.heatsupply.nl\/product\/raijmakers-heetmakers-jalapeno-gin-limette\/"},"modified":"2026-02-20T10:55:38","modified_gmt":"2026-02-20T09:55:38","slug":"raijmakers-heetmakers-jalapeno-gin-limette","status":"publish","type":"product","link":"https:\/\/www.heatsupply.nl\/de\/produkt\/raijmakers-heetmakers-jalapeno-gin-limette\/","title":{"rendered":"Raijmakers Heetmakers Jalape\u00f1o, Gin &amp; Limette"},"content":{"rendered":"<p><strong>Zutatenliste Raijmakers Hot Makers Immune Booster:<\/strong>Jalape\u00f1o-Chilischoten (30%), Tomatillo, Wasser, Limettensaft (8%), Essig (enth\u00e4lt SULFIT), Knoblauch, Paprika, Gin (5%), Zwiebel, Honig, Salz, Zucker, Kr\u00e4uter, Raps\u00f6l, Verdickungsmittel: Xanthan.<\/p>\n<p><span style=\"text-decoration: underline;\">N\u00e4hrwerte pro 100 g:<\/span><br \/>\nEnergie: 226 kJ\/54 kcal<br \/>\nFett: 0,4 g<br \/>\ndavon ges\u00e4ttigte Fetts\u00e4uren: 0,4 g<br \/>\nKohlenhydrate: 9 g<br \/>\ndavon Zucker: 6,4 g<br \/>\nBallaststoffe: 1,5 g<br \/>\nEiwei\u00df: 1,0 g<br \/>\nSalz: 2,0 g<\/p>\n<p>Nach dem \u00d6ffnen gek\u00fchlt aufbewahren.<\/p>\n","protected":false},"excerpt":{"rendered":"<p><span style=\"font-weight: 500;\">Raijmakers Heetmakers&#8216; Immune Booster ist eine k\u00f6stliche s\u00e4uerliche scharfe Sauce mit einem einzigartigen Geschmack. Mit leckeren, frischen Jalape\u00f1os kann man die Sch\u00e4rfe durchaus sp\u00fcren, aber erst die Kombination aus Gin und Limette macht sie s\u00fcchtig. F\u00fcge etwas Knoblauch und Kr\u00e4uter wie Petersilie hinzu und du hast eine Spitzensauce, die auch niederl\u00e4ndisch ist. Sie passt zu allem, von Burgern \u00fcber Fisch und Salate bis hin zu Sandwiches, und verfeinert auch deine mexikanischen Gerichte!<\/span><\/p>\n<p><span style=\"font-weight: 500;\">Herkunft: Niederlande<\/span><\/p>\n<p><span style=\"font-weight: 500;\">Inhalt: 150 ml<\/span><\/p>\n","protected":false},"featured_media":142635,"comment_status":"open","ping_status":"closed","template":"","meta":{"_acf_changed":false},"product_brand":[],"product_cat":[4044,3994,4115,3915,4122,3787,4046],"product_tag":[],"class_list":{"0":"post-143279","1":"product","2":"type-product","3":"status-publish","4":"has-post-thumbnail","6":"product_cat-eten-met-nick","7":"product_cat-europaeische-scharfe-saucen","8":"product_cat-fruehling-deals","9":"product_cat-jalapeno","10":"product_cat-koenigstag-deals-2026","11":"product_cat-scharfe-sossen","12":"product_cat-spicy","14":"first","15":"instock","16":"taxable","17":"shipping-taxable","18":"purchasable","19":"product-type-simple"},"bundled_by":["142645","129650","141928","190762"],"bundle_stock_status":"instock","bundle_stock_quantity":null,"bundle_virtual":false,"bundle_layout":"","bundle_add_to_cart_form_location":"","bundle_editable_in_cart":false,"bundle_sold_individually_context":"","bundle_item_grouping":"","bundle_min_size":"","bundle_max_size":"","bundle_price":[],"bundled_items":[],"bundle_sell_ids":[],"acf":[],"yoast_head":"<!-- This site is optimized with the Yoast SEO Premium plugin v27.5 (Yoast SEO v27.5) - https:\/\/yoast.com\/product\/yoast-seo-premium-wordpress\/ -->\n<title>Raijmakers Heetmakers Jalape\u00f1o, Gin &amp; Limette - Heatsupply<\/title>\n<meta name=\"description\" content=\"Dieser Immune Booster der niederl\u00e4ndischen Hot-Sauce-Marke Raijmakers Heetmakers ist eine k\u00f6stlich frische Kombination aus Jalape\u00f1os, Gin und Limette.\" \/>\n<meta name=\"robots\" content=\"index, follow, max-snippet:-1, max-image-preview:large, max-video-preview:-1\" \/>\n<link rel=\"canonical\" href=\"https:\/\/www.heatsupply.nl\/de\/produkt\/raijmakers-heetmakers-jalapeno-gin-limette\/\" \/>\n<meta property=\"og:locale\" content=\"de_DE\" \/>\n<meta property=\"og:type\" content=\"article\" \/>\n<meta property=\"og:title\" content=\"Raijmakers Heetmakers Jalape\u00f1o, Gin &amp; Limette\" \/>\n<meta property=\"og:description\" content=\"Dieser Immune Booster der niederl\u00e4ndischen Hot-Sauce-Marke Raijmakers Heetmakers ist eine k\u00f6stlich frische Kombination aus Jalape\u00f1os, Gin und Limette.\" \/>\n<meta property=\"og:url\" content=\"https:\/\/www.heatsupply.nl\/de\/produkt\/raijmakers-heetmakers-jalapeno-gin-limette\/\" \/>\n<meta property=\"og:site_name\" content=\"Heatsupply\" \/>\n<meta property=\"article:publisher\" content=\"https:\/\/www.facebook.com\/heatsupplyNL\" \/>\n<meta property=\"article:modified_time\" content=\"2026-02-20T09:55:38+00:00\" \/>\n<meta property=\"og:image\" content=\"https:\/\/www.heatsupply.nl\/wp-content\/uploads\/2018\/12\/raijmakers-heetmakers-immune-booster-hot-sauce.jpg\" \/>\n\t<meta property=\"og:image:width\" content=\"1400\" \/>\n\t<meta property=\"og:image:height\" content=\"1400\" \/>\n\t<meta property=\"og:image:type\" content=\"image\/jpeg\" \/>\n<meta name=\"twitter:card\" content=\"summary_large_image\" \/>\n<meta name=\"twitter:label1\" content=\"Preis\" \/>\n\t<meta name=\"twitter:data1\" content=\"&euro;9,95\" \/>\n\t<meta name=\"twitter:label2\" content=\"Verf\u00fcgbarkeit\" \/>\n\t<meta name=\"twitter:data2\" content=\"Auf Lager\" \/>\n<script type=\"application\/ld+json\" class=\"yoast-schema-graph\">{\"@context\":\"https:\\\/\\\/schema.org\",\"@graph\":[{\"@type\":\"WebPage\",\"@id\":\"https:\\\/\\\/www.heatsupply.nl\\\/de\\\/produkt\\\/raijmakers-heetmakers-jalapeno-gin-limette\\\/\",\"url\":\"https:\\\/\\\/www.heatsupply.nl\\\/de\\\/produkt\\\/raijmakers-heetmakers-jalapeno-gin-limette\\\/\",\"name\":\"Raijmakers Heetmakers Jalape\u00f1o, Gin &amp; Limette - Heatsupply\",\"isPartOf\":{\"@id\":\"https:\\\/\\\/www.heatsupply.nl\\\/de\\\/#website\"},\"primaryImageOfPage\":{\"@id\":\"https:\\\/\\\/www.heatsupply.nl\\\/de\\\/produkt\\\/raijmakers-heetmakers-jalapeno-gin-limette\\\/#primaryimage\"},\"image\":{\"@id\":\"https:\\\/\\\/www.heatsupply.nl\\\/de\\\/produkt\\\/raijmakers-heetmakers-jalapeno-gin-limette\\\/#primaryimage\"},\"thumbnailUrl\":\"https:\\\/\\\/www.heatsupply.nl\\\/wp-content\\\/uploads\\\/2018\\\/12\\\/raijmakers-heetmakers-immune-booster-hot-sauce.jpg\",\"datePublished\":\"2018-12-07T15:17:00+00:00\",\"dateModified\":\"2026-02-20T09:55:38+00:00\",\"description\":\"Dieser Immune Booster der niederl\u00e4ndischen Hot-Sauce-Marke Raijmakers Heetmakers ist eine k\u00f6stlich frische Kombination aus Jalape\u00f1os, Gin und Limette.\",\"breadcrumb\":{\"@id\":\"https:\\\/\\\/www.heatsupply.nl\\\/de\\\/produkt\\\/raijmakers-heetmakers-jalapeno-gin-limette\\\/#breadcrumb\"},\"inLanguage\":\"de\",\"potentialAction\":[{\"@type\":\"ReadAction\",\"target\":[\"https:\\\/\\\/www.heatsupply.nl\\\/de\\\/produkt\\\/raijmakers-heetmakers-jalapeno-gin-limette\\\/\"]}]},{\"@type\":\"ImageObject\",\"inLanguage\":\"de\",\"@id\":\"https:\\\/\\\/www.heatsupply.nl\\\/de\\\/produkt\\\/raijmakers-heetmakers-jalapeno-gin-limette\\\/#primaryimage\",\"url\":\"https:\\\/\\\/www.heatsupply.nl\\\/wp-content\\\/uploads\\\/2018\\\/12\\\/raijmakers-heetmakers-immune-booster-hot-sauce.jpg\",\"contentUrl\":\"https:\\\/\\\/www.heatsupply.nl\\\/wp-content\\\/uploads\\\/2018\\\/12\\\/raijmakers-heetmakers-immune-booster-hot-sauce.jpg\",\"width\":1400,\"height\":1400},{\"@type\":\"BreadcrumbList\",\"@id\":\"https:\\\/\\\/www.heatsupply.nl\\\/de\\\/produkt\\\/raijmakers-heetmakers-jalapeno-gin-limette\\\/#breadcrumb\",\"itemListElement\":[{\"@type\":\"ListItem\",\"position\":1,\"name\":\"Home\",\"item\":\"https:\\\/\\\/www.heatsupply.nl\\\/de\\\/\"},{\"@type\":\"ListItem\",\"position\":2,\"name\":\"Alle produkten\",\"item\":\"https:\\\/\\\/www.heatsupply.nl\\\/de\\\/alle-produkten\\\/\"},{\"@type\":\"ListItem\",\"position\":3,\"name\":\"Scharfe So\u00dfen\",\"item\":\"https:\\\/\\\/www.heatsupply.nl\\\/de\\\/scharfe-sossen\\\/\"},{\"@type\":\"ListItem\",\"position\":4,\"name\":\"Eten met Nick\",\"item\":\"https:\\\/\\\/www.heatsupply.nl\\\/de\\\/scharfe-sossen\\\/eten-met-nick\\\/\"},{\"@type\":\"ListItem\",\"position\":5,\"name\":\"Raijmakers Heetmakers Jalape\u00f1o, Gin &amp; Limette\"}]},{\"@type\":\"WebSite\",\"@id\":\"https:\\\/\\\/www.heatsupply.nl\\\/de\\\/#website\",\"url\":\"https:\\\/\\\/www.heatsupply.nl\\\/de\\\/\",\"name\":\"Heatsupply\",\"description\":\"Hot sauce webstore #1 in Europe\",\"publisher\":{\"@id\":\"https:\\\/\\\/www.heatsupply.nl\\\/de\\\/#organization\"},\"potentialAction\":[{\"@type\":\"SearchAction\",\"target\":{\"@type\":\"EntryPoint\",\"urlTemplate\":\"https:\\\/\\\/www.heatsupply.nl\\\/de\\\/?s={search_term_string}\"},\"query-input\":{\"@type\":\"PropertyValueSpecification\",\"valueRequired\":true,\"valueName\":\"search_term_string\"}}],\"inLanguage\":\"de\"},{\"@type\":\"Organization\",\"@id\":\"https:\\\/\\\/www.heatsupply.nl\\\/de\\\/#organization\",\"name\":\"Heatsupply\",\"url\":\"https:\\\/\\\/www.heatsupply.nl\\\/de\\\/\",\"logo\":{\"@type\":\"ImageObject\",\"inLanguage\":\"de\",\"@id\":\"https:\\\/\\\/www.heatsupply.nl\\\/de\\\/#\\\/schema\\\/logo\\\/image\\\/\",\"url\":\"https:\\\/\\\/www.heatsupply.nl\\\/wp-content\\\/uploads\\\/2022\\\/10\\\/heatsupply-logo-rood.jpg\",\"contentUrl\":\"https:\\\/\\\/www.heatsupply.nl\\\/wp-content\\\/uploads\\\/2022\\\/10\\\/heatsupply-logo-rood.jpg\",\"width\":1000,\"height\":335,\"caption\":\"Heatsupply\"},\"image\":{\"@id\":\"https:\\\/\\\/www.heatsupply.nl\\\/de\\\/#\\\/schema\\\/logo\\\/image\\\/\"},\"sameAs\":[\"https:\\\/\\\/www.facebook.com\\\/heatsupplyNL\",\"https:\\\/\\\/www.instagram.com\\\/heatsuppy.nl\",\"https:\\\/\\\/www.youtube.com\\\/channel\\\/UC5pOWqQtljvxTz2SMWGWCsw\"]}]}<\/script>\n<meta property=\"product:brand\" content=\"Raijmakers Heetmakers\" \/>\n<meta property=\"product:price:amount\" content=\"9.95\" \/>\n<meta property=\"product:price:currency\" content=\"EUR\" \/>\n<meta property=\"og:availability\" content=\"instock\" \/>\n<meta property=\"product:availability\" content=\"instock\" \/>\n<meta property=\"product:retailer_item_id\" content=\"RHI002\" \/>\n<meta property=\"product:condition\" content=\"new\" \/>\n<!-- \/ Yoast SEO Premium plugin. -->","yoast_head_json":{"title":"Raijmakers Heetmakers Jalape\u00f1o, Gin &amp; Limette - Heatsupply","description":"Dieser Immune Booster der niederl\u00e4ndischen Hot-Sauce-Marke Raijmakers Heetmakers ist eine k\u00f6stlich frische Kombination aus Jalape\u00f1os, Gin und Limette.","robots":{"index":"index","follow":"follow","max-snippet":"max-snippet:-1","max-image-preview":"max-image-preview:large","max-video-preview":"max-video-preview:-1"},"canonical":"https:\/\/www.heatsupply.nl\/de\/produkt\/raijmakers-heetmakers-jalapeno-gin-limette\/","og_locale":"de_DE","og_type":"article","og_title":"Raijmakers Heetmakers Jalape\u00f1o, Gin &amp; Limette","og_description":"Dieser Immune Booster der niederl\u00e4ndischen Hot-Sauce-Marke Raijmakers Heetmakers ist eine k\u00f6stlich frische Kombination aus Jalape\u00f1os, Gin und Limette.","og_url":"https:\/\/www.heatsupply.nl\/de\/produkt\/raijmakers-heetmakers-jalapeno-gin-limette\/","og_site_name":"Heatsupply","article_publisher":"https:\/\/www.facebook.com\/heatsupplyNL","article_modified_time":"2026-02-20T09:55:38+00:00","og_image":[{"width":1400,"height":1400,"url":"https:\/\/www.heatsupply.nl\/wp-content\/uploads\/2018\/12\/raijmakers-heetmakers-immune-booster-hot-sauce.jpg","type":"image\/jpeg"}],"twitter_card":"summary_large_image","twitter_misc":{"Preis":"&euro;9,95","Verf\u00fcgbarkeit":"Auf Lager"},"schema":{"@context":"https:\/\/schema.org","@graph":[{"@type":"WebPage","@id":"https:\/\/www.heatsupply.nl\/de\/produkt\/raijmakers-heetmakers-jalapeno-gin-limette\/","url":"https:\/\/www.heatsupply.nl\/de\/produkt\/raijmakers-heetmakers-jalapeno-gin-limette\/","name":"Raijmakers Heetmakers Jalape\u00f1o, Gin &amp; Limette - Heatsupply","isPartOf":{"@id":"https:\/\/www.heatsupply.nl\/de\/#website"},"primaryImageOfPage":{"@id":"https:\/\/www.heatsupply.nl\/de\/produkt\/raijmakers-heetmakers-jalapeno-gin-limette\/#primaryimage"},"image":{"@id":"https:\/\/www.heatsupply.nl\/de\/produkt\/raijmakers-heetmakers-jalapeno-gin-limette\/#primaryimage"},"thumbnailUrl":"https:\/\/www.heatsupply.nl\/wp-content\/uploads\/2018\/12\/raijmakers-heetmakers-immune-booster-hot-sauce.jpg","datePublished":"2018-12-07T15:17:00+00:00","dateModified":"2026-02-20T09:55:38+00:00","description":"Dieser Immune Booster der niederl\u00e4ndischen Hot-Sauce-Marke Raijmakers Heetmakers ist eine k\u00f6stlich frische Kombination aus Jalape\u00f1os, Gin und Limette.","breadcrumb":{"@id":"https:\/\/www.heatsupply.nl\/de\/produkt\/raijmakers-heetmakers-jalapeno-gin-limette\/#breadcrumb"},"inLanguage":"de","potentialAction":[{"@type":"ReadAction","target":["https:\/\/www.heatsupply.nl\/de\/produkt\/raijmakers-heetmakers-jalapeno-gin-limette\/"]}]},{"@type":"ImageObject","inLanguage":"de","@id":"https:\/\/www.heatsupply.nl\/de\/produkt\/raijmakers-heetmakers-jalapeno-gin-limette\/#primaryimage","url":"https:\/\/www.heatsupply.nl\/wp-content\/uploads\/2018\/12\/raijmakers-heetmakers-immune-booster-hot-sauce.jpg","contentUrl":"https:\/\/www.heatsupply.nl\/wp-content\/uploads\/2018\/12\/raijmakers-heetmakers-immune-booster-hot-sauce.jpg","width":1400,"height":1400},{"@type":"BreadcrumbList","@id":"https:\/\/www.heatsupply.nl\/de\/produkt\/raijmakers-heetmakers-jalapeno-gin-limette\/#breadcrumb","itemListElement":[{"@type":"ListItem","position":1,"name":"Home","item":"https:\/\/www.heatsupply.nl\/de\/"},{"@type":"ListItem","position":2,"name":"Alle produkten","item":"https:\/\/www.heatsupply.nl\/de\/alle-produkten\/"},{"@type":"ListItem","position":3,"name":"Scharfe So\u00dfen","item":"https:\/\/www.heatsupply.nl\/de\/scharfe-sossen\/"},{"@type":"ListItem","position":4,"name":"Eten met Nick","item":"https:\/\/www.heatsupply.nl\/de\/scharfe-sossen\/eten-met-nick\/"},{"@type":"ListItem","position":5,"name":"Raijmakers Heetmakers Jalape\u00f1o, Gin &amp; Limette"}]},{"@type":"WebSite","@id":"https:\/\/www.heatsupply.nl\/de\/#website","url":"https:\/\/www.heatsupply.nl\/de\/","name":"Heatsupply","description":"Hot sauce webstore #1 in Europe","publisher":{"@id":"https:\/\/www.heatsupply.nl\/de\/#organization"},"potentialAction":[{"@type":"SearchAction","target":{"@type":"EntryPoint","urlTemplate":"https:\/\/www.heatsupply.nl\/de\/?s={search_term_string}"},"query-input":{"@type":"PropertyValueSpecification","valueRequired":true,"valueName":"search_term_string"}}],"inLanguage":"de"},{"@type":"Organization","@id":"https:\/\/www.heatsupply.nl\/de\/#organization","name":"Heatsupply","url":"https:\/\/www.heatsupply.nl\/de\/","logo":{"@type":"ImageObject","inLanguage":"de","@id":"https:\/\/www.heatsupply.nl\/de\/#\/schema\/logo\/image\/","url":"https:\/\/www.heatsupply.nl\/wp-content\/uploads\/2022\/10\/heatsupply-logo-rood.jpg","contentUrl":"https:\/\/www.heatsupply.nl\/wp-content\/uploads\/2022\/10\/heatsupply-logo-rood.jpg","width":1000,"height":335,"caption":"Heatsupply"},"image":{"@id":"https:\/\/www.heatsupply.nl\/de\/#\/schema\/logo\/image\/"},"sameAs":["https:\/\/www.facebook.com\/heatsupplyNL","https:\/\/www.instagram.com\/heatsuppy.nl","https:\/\/www.youtube.com\/channel\/UC5pOWqQtljvxTz2SMWGWCsw"]}]},"product_brand":"Raijmakers Heetmakers","product_price_amount":"9.95","product_price_currency":"EUR","og_availability":"instock","product_availability":"instock","product_retailer_item_id":"RHI002","product_condition":"new"},"_links":{"self":[{"href":"https:\/\/www.heatsupply.nl\/de\/wp-json\/wp\/v2\/product\/143279","targetHints":{"allow":["GET"]}}],"collection":[{"href":"https:\/\/www.heatsupply.nl\/de\/wp-json\/wp\/v2\/product"}],"about":[{"href":"https:\/\/www.heatsupply.nl\/de\/wp-json\/wp\/v2\/types\/product"}],"replies":[{"embeddable":true,"href":"https:\/\/www.heatsupply.nl\/de\/wp-json\/wp\/v2\/comments?post=143279"}],"wp:featuredmedia":[{"embeddable":true,"href":"https:\/\/www.heatsupply.nl\/de\/wp-json\/wp\/v2\/media\/142635"}],"wp:attachment":[{"href":"https:\/\/www.heatsupply.nl\/de\/wp-json\/wp\/v2\/media?parent=143279"}],"wp:term":[{"taxonomy":"product_brand","embeddable":true,"href":"https:\/\/www.heatsupply.nl\/de\/wp-json\/wp\/v2\/product_brand?post=143279"},{"taxonomy":"product_cat","embeddable":true,"href":"https:\/\/www.heatsupply.nl\/de\/wp-json\/wp\/v2\/product_cat?post=143279"},{"taxonomy":"product_tag","embeddable":true,"href":"https:\/\/www.heatsupply.nl\/de\/wp-json\/wp\/v2\/product_tag?post=143279"}],"curies":[{"name":"wp","href":"https:\/\/api.w.org\/{rel}","templated":true}]}}