{"id":143186,"date":"2018-09-19T18:04:00","date_gmt":"2018-09-19T16:04:00","guid":{"rendered":"https:\/\/www.heatsupply.nl\/product\/secret-aardvark-drunken-garlic-2\/"},"modified":"2026-05-14T21:51:11","modified_gmt":"2026-05-14T19:51:11","slug":"secret-aardvark-drunken-garlic","status":"publish","type":"product","link":"https:\/\/www.heatsupply.nl\/de\/produkt\/secret-aardvark-drunken-garlic\/","title":{"rendered":"Secret Aardvark Drunken Garlic"},"content":{"rendered":"<p>Secret Aardvark ist eine der beliebtesten amerikanischen Hot-Sauce-Marken. Diese Marke ist jetzt exklusiv in Europa bei Heatsupply erh\u00e4ltlich.<\/p>\n<p><strong>Zutaten:<\/strong> <strong>Sojasauce<\/strong> (Wasser, <strong>Sojabohnen<\/strong>, <strong>Weizen<\/strong>, Salz), Wasser, gelbe Zwiebel, Apfelessig, Raps-, Canola- und\/oder Sonnenblumen\u00f6l, Chili-Knoblauch-Sauce (gesalzene Chilischoten), Knoblauch, Zucker, Reisessig, Wasser, modifizierte St\u00e4rke, Zitronens\u00e4ure), Bio-Rohrzucker, schwarze Bohnen-Knoblauchsauce (<strong>Sojasauce<\/strong>, gesalzene schwarze Bohnen, Knoblauch, Wasser, Zucker, gesalzenes <strong>Soja\u00f6l<\/strong>, Reisessig, modifizierte St\u00e4rke), Whiskey, Orangenkonzentrat, Ingwer, Xanthan, Zitronens\u00e4ure, Kr\u00e4uter und Gew\u00fcrze.<\/p>\n<p>Allergene: Kann\u00a0<strong>Getreide, N\u00fcsse, Eier, Erdn\u00fcsse, Sojabohnen, Milchprodukte, Sesamsamen, Sellerie und Sulfite<\/strong> enthalten.<\/p>\n<p><span style=\"text-decoration: underline;\">N\u00e4hrwertangaben pro 100gr:<\/span><br \/>\nEnergie: 433kJ\/103 kcal<br \/>\nFett: 4,8 Gramm<br \/>\ndavon ges\u00e4ttigte Fette: 0,5 g<br \/>\nKohlenhydrate: 10 g<br \/>\ndavon Zucker: 8,8 g<br \/>\nProteine: 4,8 g<br \/>\nSalz: 5,3 g<\/p>\n<p>Nach dem \u00d6ffnen im K\u00fchlschrank aufbewahren.<\/p>\n","protected":false},"excerpt":{"rendered":"<p><span style=\"font-weight: 500;\">Diese Drunken Garlic Black Bean Sauce von Secret Aardvark ist keine typische scharfe Sauce, sondern eine absolute Geschmackssensation. Die Sauce basiert auf Sojasauce, erh\u00e4lt aber durch die Zugabe von Knoblauch, schwarzen Bohnen und sogar Whiskey eine ganz besondere Note. Lass von nun an die gew\u00f6hnliche Sojasauce beiseite und verwende diese f\u00fcr all deine asiatischen Gerichte.<\/span><\/p>\n<ul>\n<li><span style=\"font-weight: 500;\">Herkunft: Portland, Oregon (USA)<\/span><\/li>\n<li><span style=\"font-weight: 500;\">Inhalt: 236ml<\/span><\/li>\n<\/ul>\n","protected":false},"featured_media":143187,"comment_status":"open","ping_status":"closed","template":"","meta":{"_acf_changed":false},"product_brand":[],"product_cat":[3787,4046],"product_tag":[],"class_list":{"0":"post-143186","1":"product","2":"type-product","3":"status-publish","4":"has-post-thumbnail","6":"product_cat-scharfe-sossen","7":"product_cat-spicy","9":"first","10":"instock","11":"taxable","12":"shipping-taxable","13":"purchasable","14":"product-type-simple"},"bundled_by":[],"bundle_stock_status":"instock","bundle_stock_quantity":5,"bundle_virtual":false,"bundle_layout":"","bundle_add_to_cart_form_location":"","bundle_editable_in_cart":false,"bundle_sold_individually_context":"","bundle_item_grouping":"","bundle_min_size":"","bundle_max_size":"","bundle_price":[],"bundled_items":[],"bundle_sell_ids":[],"acf":[],"yoast_head":"<!-- This site is optimized with the Yoast SEO Premium plugin v27.5 (Yoast SEO v27.5) - https:\/\/yoast.com\/product\/yoast-seo-premium-wordpress\/ -->\n<title>Secret Aardvark Drunken Garlic - Heatsupply<\/title>\n<meta name=\"description\" content=\"Drunken Garlic von Secret Aardvark hat eine Basis aus Sojasauce, die durch Knoblauch, schwarze Bohnen und sogar Whiskey einen besonderen Twist erh\u00e4lt. Jetzt hier bestellen.\" \/>\n<meta name=\"robots\" content=\"index, follow, max-snippet:-1, max-image-preview:large, max-video-preview:-1\" \/>\n<link rel=\"canonical\" href=\"https:\/\/www.heatsupply.nl\/de\/produkt\/secret-aardvark-drunken-garlic\/\" \/>\n<meta property=\"og:locale\" content=\"de_DE\" \/>\n<meta property=\"og:type\" content=\"article\" \/>\n<meta property=\"og:title\" content=\"Secret Aardvark Drunken Garlic\" \/>\n<meta property=\"og:description\" content=\"Drunken Garlic von Secret Aardvark hat eine Basis aus Sojasauce, die durch Knoblauch, schwarze Bohnen und sogar Whiskey einen besonderen Twist erh\u00e4lt. Jetzt hier bestellen.\" \/>\n<meta property=\"og:url\" content=\"https:\/\/www.heatsupply.nl\/de\/produkt\/secret-aardvark-drunken-garlic\/\" \/>\n<meta property=\"og:site_name\" content=\"Heatsupply\" \/>\n<meta property=\"article:publisher\" content=\"https:\/\/www.facebook.com\/heatsupplyNL\" \/>\n<meta property=\"article:modified_time\" content=\"2026-05-14T19:51:11+00:00\" \/>\n<meta property=\"og:image\" content=\"https:\/\/www.heatsupply.nl\/wp-content\/uploads\/2018\/09\/secret-aardvark-drunken-garlic-black-bean-hot-sauce.jpg\" \/>\n\t<meta property=\"og:image:width\" content=\"1400\" \/>\n\t<meta property=\"og:image:height\" content=\"1400\" \/>\n\t<meta property=\"og:image:type\" content=\"image\/jpeg\" \/>\n<meta name=\"twitter:card\" content=\"summary_large_image\" \/>\n<meta name=\"twitter:label1\" content=\"Preis\" \/>\n\t<meta name=\"twitter:data1\" content=\"&euro;9,95\" \/>\n\t<meta name=\"twitter:label2\" content=\"Verf\u00fcgbarkeit\" \/>\n\t<meta name=\"twitter:data2\" content=\"Auf Lager\" \/>\n<script type=\"application\/ld+json\" class=\"yoast-schema-graph\">{\"@context\":\"https:\\\/\\\/schema.org\",\"@graph\":[{\"@type\":\"WebPage\",\"@id\":\"https:\\\/\\\/www.heatsupply.nl\\\/de\\\/produkt\\\/secret-aardvark-drunken-garlic\\\/\",\"url\":\"https:\\\/\\\/www.heatsupply.nl\\\/de\\\/produkt\\\/secret-aardvark-drunken-garlic\\\/\",\"name\":\"Secret Aardvark Drunken Garlic - Heatsupply\",\"isPartOf\":{\"@id\":\"https:\\\/\\\/www.heatsupply.nl\\\/de\\\/#website\"},\"primaryImageOfPage\":{\"@id\":\"https:\\\/\\\/www.heatsupply.nl\\\/de\\\/produkt\\\/secret-aardvark-drunken-garlic\\\/#primaryimage\"},\"image\":{\"@id\":\"https:\\\/\\\/www.heatsupply.nl\\\/de\\\/produkt\\\/secret-aardvark-drunken-garlic\\\/#primaryimage\"},\"thumbnailUrl\":\"https:\\\/\\\/www.heatsupply.nl\\\/wp-content\\\/uploads\\\/2018\\\/09\\\/secret-aardvark-drunken-garlic-black-bean-hot-sauce.jpg\",\"datePublished\":\"2018-09-19T16:04:00+00:00\",\"dateModified\":\"2026-05-14T19:51:11+00:00\",\"description\":\"Drunken Garlic von Secret Aardvark hat eine Basis aus Sojasauce, die durch Knoblauch, schwarze Bohnen und sogar Whiskey einen besonderen Twist erh\u00e4lt. Jetzt hier bestellen.\",\"breadcrumb\":{\"@id\":\"https:\\\/\\\/www.heatsupply.nl\\\/de\\\/produkt\\\/secret-aardvark-drunken-garlic\\\/#breadcrumb\"},\"inLanguage\":\"de\",\"potentialAction\":[{\"@type\":\"ReadAction\",\"target\":[\"https:\\\/\\\/www.heatsupply.nl\\\/de\\\/produkt\\\/secret-aardvark-drunken-garlic\\\/\"]}]},{\"@type\":\"ImageObject\",\"inLanguage\":\"de\",\"@id\":\"https:\\\/\\\/www.heatsupply.nl\\\/de\\\/produkt\\\/secret-aardvark-drunken-garlic\\\/#primaryimage\",\"url\":\"https:\\\/\\\/www.heatsupply.nl\\\/wp-content\\\/uploads\\\/2018\\\/09\\\/secret-aardvark-drunken-garlic-black-bean-hot-sauce.jpg\",\"contentUrl\":\"https:\\\/\\\/www.heatsupply.nl\\\/wp-content\\\/uploads\\\/2018\\\/09\\\/secret-aardvark-drunken-garlic-black-bean-hot-sauce.jpg\",\"width\":1400,\"height\":1400},{\"@type\":\"BreadcrumbList\",\"@id\":\"https:\\\/\\\/www.heatsupply.nl\\\/de\\\/produkt\\\/secret-aardvark-drunken-garlic\\\/#breadcrumb\",\"itemListElement\":[{\"@type\":\"ListItem\",\"position\":1,\"name\":\"Home\",\"item\":\"https:\\\/\\\/www.heatsupply.nl\\\/de\\\/\"},{\"@type\":\"ListItem\",\"position\":2,\"name\":\"Alle produkten\",\"item\":\"https:\\\/\\\/www.heatsupply.nl\\\/de\\\/alle-produkten\\\/\"},{\"@type\":\"ListItem\",\"position\":3,\"name\":\"Scharfe So\u00dfen\",\"item\":\"https:\\\/\\\/www.heatsupply.nl\\\/de\\\/scharfe-sossen\\\/\"},{\"@type\":\"ListItem\",\"position\":4,\"name\":\"Secret Aardvark Drunken Garlic\"}]},{\"@type\":\"WebSite\",\"@id\":\"https:\\\/\\\/www.heatsupply.nl\\\/de\\\/#website\",\"url\":\"https:\\\/\\\/www.heatsupply.nl\\\/de\\\/\",\"name\":\"Heatsupply\",\"description\":\"Hot sauce webstore #1 in Europe\",\"publisher\":{\"@id\":\"https:\\\/\\\/www.heatsupply.nl\\\/de\\\/#organization\"},\"potentialAction\":[{\"@type\":\"SearchAction\",\"target\":{\"@type\":\"EntryPoint\",\"urlTemplate\":\"https:\\\/\\\/www.heatsupply.nl\\\/de\\\/?s={search_term_string}\"},\"query-input\":{\"@type\":\"PropertyValueSpecification\",\"valueRequired\":true,\"valueName\":\"search_term_string\"}}],\"inLanguage\":\"de\"},{\"@type\":\"Organization\",\"@id\":\"https:\\\/\\\/www.heatsupply.nl\\\/de\\\/#organization\",\"name\":\"Heatsupply\",\"url\":\"https:\\\/\\\/www.heatsupply.nl\\\/de\\\/\",\"logo\":{\"@type\":\"ImageObject\",\"inLanguage\":\"de\",\"@id\":\"https:\\\/\\\/www.heatsupply.nl\\\/de\\\/#\\\/schema\\\/logo\\\/image\\\/\",\"url\":\"https:\\\/\\\/www.heatsupply.nl\\\/wp-content\\\/uploads\\\/2022\\\/10\\\/heatsupply-logo-rood.jpg\",\"contentUrl\":\"https:\\\/\\\/www.heatsupply.nl\\\/wp-content\\\/uploads\\\/2022\\\/10\\\/heatsupply-logo-rood.jpg\",\"width\":1000,\"height\":335,\"caption\":\"Heatsupply\"},\"image\":{\"@id\":\"https:\\\/\\\/www.heatsupply.nl\\\/de\\\/#\\\/schema\\\/logo\\\/image\\\/\"},\"sameAs\":[\"https:\\\/\\\/www.facebook.com\\\/heatsupplyNL\",\"https:\\\/\\\/www.instagram.com\\\/heatsuppy.nl\",\"https:\\\/\\\/www.youtube.com\\\/channel\\\/UC5pOWqQtljvxTz2SMWGWCsw\"]}]}<\/script>\n<meta property=\"product:brand\" content=\"Secret Aardvark\" \/>\n<meta property=\"product:price:amount\" content=\"9.95\" \/>\n<meta property=\"product:price:currency\" content=\"EUR\" \/>\n<meta property=\"og:availability\" content=\"instock\" \/>\n<meta property=\"product:availability\" content=\"instock\" \/>\n<meta property=\"product:retailer_item_id\" content=\"SADG001\" \/>\n<meta property=\"product:condition\" content=\"new\" \/>\n<!-- \/ Yoast SEO Premium plugin. -->","yoast_head_json":{"title":"Secret Aardvark Drunken Garlic - Heatsupply","description":"Drunken Garlic von Secret Aardvark hat eine Basis aus Sojasauce, die durch Knoblauch, schwarze Bohnen und sogar Whiskey einen besonderen Twist erh\u00e4lt. Jetzt hier bestellen.","robots":{"index":"index","follow":"follow","max-snippet":"max-snippet:-1","max-image-preview":"max-image-preview:large","max-video-preview":"max-video-preview:-1"},"canonical":"https:\/\/www.heatsupply.nl\/de\/produkt\/secret-aardvark-drunken-garlic\/","og_locale":"de_DE","og_type":"article","og_title":"Secret Aardvark Drunken Garlic","og_description":"Drunken Garlic von Secret Aardvark hat eine Basis aus Sojasauce, die durch Knoblauch, schwarze Bohnen und sogar Whiskey einen besonderen Twist erh\u00e4lt. Jetzt hier bestellen.","og_url":"https:\/\/www.heatsupply.nl\/de\/produkt\/secret-aardvark-drunken-garlic\/","og_site_name":"Heatsupply","article_publisher":"https:\/\/www.facebook.com\/heatsupplyNL","article_modified_time":"2026-05-14T19:51:11+00:00","og_image":[{"width":1400,"height":1400,"url":"https:\/\/www.heatsupply.nl\/wp-content\/uploads\/2018\/09\/secret-aardvark-drunken-garlic-black-bean-hot-sauce.jpg","type":"image\/jpeg"}],"twitter_card":"summary_large_image","twitter_misc":{"Preis":"&euro;9,95","Verf\u00fcgbarkeit":"Auf Lager"},"schema":{"@context":"https:\/\/schema.org","@graph":[{"@type":"WebPage","@id":"https:\/\/www.heatsupply.nl\/de\/produkt\/secret-aardvark-drunken-garlic\/","url":"https:\/\/www.heatsupply.nl\/de\/produkt\/secret-aardvark-drunken-garlic\/","name":"Secret Aardvark Drunken Garlic - Heatsupply","isPartOf":{"@id":"https:\/\/www.heatsupply.nl\/de\/#website"},"primaryImageOfPage":{"@id":"https:\/\/www.heatsupply.nl\/de\/produkt\/secret-aardvark-drunken-garlic\/#primaryimage"},"image":{"@id":"https:\/\/www.heatsupply.nl\/de\/produkt\/secret-aardvark-drunken-garlic\/#primaryimage"},"thumbnailUrl":"https:\/\/www.heatsupply.nl\/wp-content\/uploads\/2018\/09\/secret-aardvark-drunken-garlic-black-bean-hot-sauce.jpg","datePublished":"2018-09-19T16:04:00+00:00","dateModified":"2026-05-14T19:51:11+00:00","description":"Drunken Garlic von Secret Aardvark hat eine Basis aus Sojasauce, die durch Knoblauch, schwarze Bohnen und sogar Whiskey einen besonderen Twist erh\u00e4lt. Jetzt hier bestellen.","breadcrumb":{"@id":"https:\/\/www.heatsupply.nl\/de\/produkt\/secret-aardvark-drunken-garlic\/#breadcrumb"},"inLanguage":"de","potentialAction":[{"@type":"ReadAction","target":["https:\/\/www.heatsupply.nl\/de\/produkt\/secret-aardvark-drunken-garlic\/"]}]},{"@type":"ImageObject","inLanguage":"de","@id":"https:\/\/www.heatsupply.nl\/de\/produkt\/secret-aardvark-drunken-garlic\/#primaryimage","url":"https:\/\/www.heatsupply.nl\/wp-content\/uploads\/2018\/09\/secret-aardvark-drunken-garlic-black-bean-hot-sauce.jpg","contentUrl":"https:\/\/www.heatsupply.nl\/wp-content\/uploads\/2018\/09\/secret-aardvark-drunken-garlic-black-bean-hot-sauce.jpg","width":1400,"height":1400},{"@type":"BreadcrumbList","@id":"https:\/\/www.heatsupply.nl\/de\/produkt\/secret-aardvark-drunken-garlic\/#breadcrumb","itemListElement":[{"@type":"ListItem","position":1,"name":"Home","item":"https:\/\/www.heatsupply.nl\/de\/"},{"@type":"ListItem","position":2,"name":"Alle produkten","item":"https:\/\/www.heatsupply.nl\/de\/alle-produkten\/"},{"@type":"ListItem","position":3,"name":"Scharfe So\u00dfen","item":"https:\/\/www.heatsupply.nl\/de\/scharfe-sossen\/"},{"@type":"ListItem","position":4,"name":"Secret Aardvark Drunken Garlic"}]},{"@type":"WebSite","@id":"https:\/\/www.heatsupply.nl\/de\/#website","url":"https:\/\/www.heatsupply.nl\/de\/","name":"Heatsupply","description":"Hot sauce webstore #1 in Europe","publisher":{"@id":"https:\/\/www.heatsupply.nl\/de\/#organization"},"potentialAction":[{"@type":"SearchAction","target":{"@type":"EntryPoint","urlTemplate":"https:\/\/www.heatsupply.nl\/de\/?s={search_term_string}"},"query-input":{"@type":"PropertyValueSpecification","valueRequired":true,"valueName":"search_term_string"}}],"inLanguage":"de"},{"@type":"Organization","@id":"https:\/\/www.heatsupply.nl\/de\/#organization","name":"Heatsupply","url":"https:\/\/www.heatsupply.nl\/de\/","logo":{"@type":"ImageObject","inLanguage":"de","@id":"https:\/\/www.heatsupply.nl\/de\/#\/schema\/logo\/image\/","url":"https:\/\/www.heatsupply.nl\/wp-content\/uploads\/2022\/10\/heatsupply-logo-rood.jpg","contentUrl":"https:\/\/www.heatsupply.nl\/wp-content\/uploads\/2022\/10\/heatsupply-logo-rood.jpg","width":1000,"height":335,"caption":"Heatsupply"},"image":{"@id":"https:\/\/www.heatsupply.nl\/de\/#\/schema\/logo\/image\/"},"sameAs":["https:\/\/www.facebook.com\/heatsupplyNL","https:\/\/www.instagram.com\/heatsuppy.nl","https:\/\/www.youtube.com\/channel\/UC5pOWqQtljvxTz2SMWGWCsw"]}]},"product_brand":"Secret Aardvark","product_price_amount":"9.95","product_price_currency":"EUR","og_availability":"instock","product_availability":"instock","product_retailer_item_id":"SADG001","product_condition":"new"},"_links":{"self":[{"href":"https:\/\/www.heatsupply.nl\/de\/wp-json\/wp\/v2\/product\/143186","targetHints":{"allow":["GET"]}}],"collection":[{"href":"https:\/\/www.heatsupply.nl\/de\/wp-json\/wp\/v2\/product"}],"about":[{"href":"https:\/\/www.heatsupply.nl\/de\/wp-json\/wp\/v2\/types\/product"}],"replies":[{"embeddable":true,"href":"https:\/\/www.heatsupply.nl\/de\/wp-json\/wp\/v2\/comments?post=143186"}],"wp:featuredmedia":[{"embeddable":true,"href":"https:\/\/www.heatsupply.nl\/de\/wp-json\/wp\/v2\/media\/143187"}],"wp:attachment":[{"href":"https:\/\/www.heatsupply.nl\/de\/wp-json\/wp\/v2\/media?parent=143186"}],"wp:term":[{"taxonomy":"product_brand","embeddable":true,"href":"https:\/\/www.heatsupply.nl\/de\/wp-json\/wp\/v2\/product_brand?post=143186"},{"taxonomy":"product_cat","embeddable":true,"href":"https:\/\/www.heatsupply.nl\/de\/wp-json\/wp\/v2\/product_cat?post=143186"},{"taxonomy":"product_tag","embeddable":true,"href":"https:\/\/www.heatsupply.nl\/de\/wp-json\/wp\/v2\/product_tag?post=143186"}],"curies":[{"name":"wp","href":"https:\/\/api.w.org\/{rel}","templated":true}]}}