{"id":142970,"date":"2021-12-02T16:34:51","date_gmt":"2021-12-02T15:34:51","guid":{"rendered":"https:\/\/www.heatsupply.nl\/product\/einmalige-heatsupply-abonnementbox\/"},"modified":"2025-05-24T11:55:08","modified_gmt":"2025-05-24T09:55:08","slug":"einmalige-heatsupply-abonnementbox","status":"publish","type":"product","link":"https:\/\/www.heatsupply.nl\/de\/produkt\/einmalige-heatsupply-abonnementbox\/","title":{"rendered":"Einmalige Heatsupply-Abonnementbox"},"content":{"rendered":"<p style=\"text-align: justify;\">Sie haben keine Lust auf das zweimonatliche Heatsupply-Abonnement oder m\u00f6chten nur eine Box verschenken? Dann haben wir die L\u00f6sung f\u00fcr Sie: die einmalige Hot-Sauce-Abo-Box. Weitere Informationen zu dieser einmaligen Box finden Sie oben auf der Seite. Es gibt keine Informationen \u00fcber die Saucen, denn es bleibt eine \u00dcberraschung, welche Saucen in der Box enthalten sein werden!<\/p>\n","protected":false},"excerpt":{"rendered":"<p><span style=\"font-weight: 500;\">M\u00f6chtest du nur eine \u00dcberraschungsbox mit 3 scharfen Saucen erhalten, anstatt das zweimonatliche Abonnement abzuschlie\u00dfen? Oder m\u00f6chtest du eine verschenken, ohne ein Abonnement abschlie\u00dfen zu m\u00fcssen? Dann haben wir speziell f\u00fcr dich diese &#8222;einmalige Hot Sauce Abo-Box&#8220; zusammengestellt.<\/span><\/p>\n<p><span style=\"font-weight: 500;\">Wenn du diese Box bestellst, erh\u00e4ltst du eine Box mit 3 scharfen Saucen, die in der Abo-Box f\u00fcr scharfe Saucen enthalten waren, die wir zuletzt an unsere Abonnenten verschickt haben. Den Inhalt halten wir noch geheim, aber du kannst dich auf eine abwechslungsreiche Auswahl exklusiver amerikanischer und\/oder europ\u00e4ischer Hot Sauces freuen. Die Bestellung dieser Box ist m\u00f6glich, bis die ausgew\u00e4hlten Hot Sauces aufgebraucht sind. Der Vorrat ist also begrenzt und die Box wird so schnell wie m\u00f6glich verschickt.<\/span><\/p>\n","protected":false},"featured_media":142971,"comment_status":"open","ping_status":"closed","template":"","meta":{"_acf_changed":false},"product_brand":[],"product_cat":[3968,3787,4046],"product_tag":[],"class_list":{"0":"post-142970","1":"product","2":"type-product","3":"status-publish","4":"has-post-thumbnail","6":"product_cat-geschenke","7":"product_cat-scharfe-sossen","8":"product_cat-spicy","10":"first","11":"outofstock","12":"taxable","13":"shipping-taxable","14":"purchasable","15":"product-type-simple"},"bundled_by":[],"bundle_stock_status":"outofstock","bundle_stock_quantity":0,"bundle_virtual":false,"bundle_layout":"","bundle_add_to_cart_form_location":"","bundle_editable_in_cart":false,"bundle_sold_individually_context":"","bundle_item_grouping":"","bundle_min_size":"","bundle_max_size":"","bundle_price":[],"bundled_items":[],"bundle_sell_ids":[],"acf":[],"yoast_head":"<!-- This site is optimized with the Yoast SEO Premium plugin v27.4 (Yoast SEO v27.4) - https:\/\/yoast.com\/product\/yoast-seo-premium-wordpress\/ -->\n<title>Einmalige Heatsupply-Abonnementbox - Heatsupply<\/title>\n<meta name=\"description\" content=\"M\u00f6chtest du kein zweimonatiges Abo f\u00fcr scharfe So\u00dfen abschlie\u00dfen oder nur 1 Box verschenken? Dann ist diese einmalige Abo-Box f\u00fcr scharfe So\u00dfen die L\u00f6sung.\" \/>\n<meta name=\"robots\" content=\"index, follow, max-snippet:-1, max-image-preview:large, max-video-preview:-1\" \/>\n<link rel=\"canonical\" href=\"https:\/\/www.heatsupply.nl\/de\/produkt\/einmalige-heatsupply-abonnementbox\/\" \/>\n<meta property=\"og:locale\" content=\"de_DE\" \/>\n<meta property=\"og:type\" content=\"article\" \/>\n<meta property=\"og:title\" content=\"Einmalige Heatsupply-Abonnementbox\" \/>\n<meta property=\"og:description\" content=\"M\u00f6chtest du kein zweimonatiges Abo f\u00fcr scharfe So\u00dfen abschlie\u00dfen oder nur 1 Box verschenken? Dann ist diese einmalige Abo-Box f\u00fcr scharfe So\u00dfen die L\u00f6sung.\" \/>\n<meta property=\"og:url\" content=\"https:\/\/www.heatsupply.nl\/de\/produkt\/einmalige-heatsupply-abonnementbox\/\" \/>\n<meta property=\"og:site_name\" content=\"Heatsupply\" \/>\n<meta property=\"article:publisher\" content=\"https:\/\/www.facebook.com\/heatsupplyNL\" \/>\n<meta property=\"article:modified_time\" content=\"2025-05-24T09:55:08+00:00\" \/>\n<meta property=\"og:image\" content=\"https:\/\/www.heatsupply.nl\/wp-content\/uploads\/2019\/08\/heatsupply-hot-sauce-abonnement.jpg\" \/>\n\t<meta property=\"og:image:width\" content=\"1400\" \/>\n\t<meta property=\"og:image:height\" content=\"1400\" \/>\n\t<meta property=\"og:image:type\" content=\"image\/jpeg\" \/>\n<meta name=\"twitter:card\" content=\"summary_large_image\" \/>\n<meta name=\"twitter:label1\" content=\"Preis\" \/>\n\t<meta name=\"twitter:data1\" content=\"&euro;25,95\" \/>\n\t<meta name=\"twitter:label2\" content=\"Verf\u00fcgbarkeit\" \/>\n\t<meta name=\"twitter:data2\" content=\"ausverkauft\" \/>\n<script type=\"application\/ld+json\" class=\"yoast-schema-graph\">{\"@context\":\"https:\\\/\\\/schema.org\",\"@graph\":[{\"@type\":\"WebPage\",\"@id\":\"https:\\\/\\\/www.heatsupply.nl\\\/de\\\/produkt\\\/einmalige-heatsupply-abonnementbox\\\/\",\"url\":\"https:\\\/\\\/www.heatsupply.nl\\\/de\\\/produkt\\\/einmalige-heatsupply-abonnementbox\\\/\",\"name\":\"Einmalige Heatsupply-Abonnementbox - Heatsupply\",\"isPartOf\":{\"@id\":\"https:\\\/\\\/www.heatsupply.nl\\\/de\\\/#website\"},\"primaryImageOfPage\":{\"@id\":\"https:\\\/\\\/www.heatsupply.nl\\\/de\\\/produkt\\\/einmalige-heatsupply-abonnementbox\\\/#primaryimage\"},\"image\":{\"@id\":\"https:\\\/\\\/www.heatsupply.nl\\\/de\\\/produkt\\\/einmalige-heatsupply-abonnementbox\\\/#primaryimage\"},\"thumbnailUrl\":\"https:\\\/\\\/www.heatsupply.nl\\\/wp-content\\\/uploads\\\/2019\\\/08\\\/heatsupply-hot-sauce-abonnement.jpg\",\"datePublished\":\"2021-12-02T15:34:51+00:00\",\"dateModified\":\"2025-05-24T09:55:08+00:00\",\"description\":\"M\u00f6chtest du kein zweimonatiges Abo f\u00fcr scharfe So\u00dfen abschlie\u00dfen oder nur 1 Box verschenken? Dann ist diese einmalige Abo-Box f\u00fcr scharfe So\u00dfen die L\u00f6sung.\",\"breadcrumb\":{\"@id\":\"https:\\\/\\\/www.heatsupply.nl\\\/de\\\/produkt\\\/einmalige-heatsupply-abonnementbox\\\/#breadcrumb\"},\"inLanguage\":\"de\",\"potentialAction\":[{\"@type\":\"ReadAction\",\"target\":[\"https:\\\/\\\/www.heatsupply.nl\\\/de\\\/produkt\\\/einmalige-heatsupply-abonnementbox\\\/\"]}]},{\"@type\":\"ImageObject\",\"inLanguage\":\"de\",\"@id\":\"https:\\\/\\\/www.heatsupply.nl\\\/de\\\/produkt\\\/einmalige-heatsupply-abonnementbox\\\/#primaryimage\",\"url\":\"https:\\\/\\\/www.heatsupply.nl\\\/wp-content\\\/uploads\\\/2019\\\/08\\\/heatsupply-hot-sauce-abonnement.jpg\",\"contentUrl\":\"https:\\\/\\\/www.heatsupply.nl\\\/wp-content\\\/uploads\\\/2019\\\/08\\\/heatsupply-hot-sauce-abonnement.jpg\",\"width\":1400,\"height\":1400},{\"@type\":\"BreadcrumbList\",\"@id\":\"https:\\\/\\\/www.heatsupply.nl\\\/de\\\/produkt\\\/einmalige-heatsupply-abonnementbox\\\/#breadcrumb\",\"itemListElement\":[{\"@type\":\"ListItem\",\"position\":1,\"name\":\"Home\",\"item\":\"https:\\\/\\\/www.heatsupply.nl\\\/de\\\/\"},{\"@type\":\"ListItem\",\"position\":2,\"name\":\"Alle produkten\",\"item\":\"https:\\\/\\\/www.heatsupply.nl\\\/de\\\/alle-produkten\\\/\"},{\"@type\":\"ListItem\",\"position\":3,\"name\":\"Geschenke\",\"item\":\"https:\\\/\\\/www.heatsupply.nl\\\/de\\\/geschenke\\\/\"},{\"@type\":\"ListItem\",\"position\":4,\"name\":\"Einmalige Heatsupply-Abonnementbox\"}]},{\"@type\":\"WebSite\",\"@id\":\"https:\\\/\\\/www.heatsupply.nl\\\/de\\\/#website\",\"url\":\"https:\\\/\\\/www.heatsupply.nl\\\/de\\\/\",\"name\":\"Heatsupply\",\"description\":\"Hot sauce webstore #1 in Europe\",\"publisher\":{\"@id\":\"https:\\\/\\\/www.heatsupply.nl\\\/de\\\/#organization\"},\"potentialAction\":[{\"@type\":\"SearchAction\",\"target\":{\"@type\":\"EntryPoint\",\"urlTemplate\":\"https:\\\/\\\/www.heatsupply.nl\\\/de\\\/?s={search_term_string}\"},\"query-input\":{\"@type\":\"PropertyValueSpecification\",\"valueRequired\":true,\"valueName\":\"search_term_string\"}}],\"inLanguage\":\"de\"},{\"@type\":\"Organization\",\"@id\":\"https:\\\/\\\/www.heatsupply.nl\\\/de\\\/#organization\",\"name\":\"Heatsupply\",\"url\":\"https:\\\/\\\/www.heatsupply.nl\\\/de\\\/\",\"logo\":{\"@type\":\"ImageObject\",\"inLanguage\":\"de\",\"@id\":\"https:\\\/\\\/www.heatsupply.nl\\\/de\\\/#\\\/schema\\\/logo\\\/image\\\/\",\"url\":\"https:\\\/\\\/www.heatsupply.nl\\\/wp-content\\\/uploads\\\/2022\\\/10\\\/heatsupply-logo-rood.jpg\",\"contentUrl\":\"https:\\\/\\\/www.heatsupply.nl\\\/wp-content\\\/uploads\\\/2022\\\/10\\\/heatsupply-logo-rood.jpg\",\"width\":1000,\"height\":335,\"caption\":\"Heatsupply\"},\"image\":{\"@id\":\"https:\\\/\\\/www.heatsupply.nl\\\/de\\\/#\\\/schema\\\/logo\\\/image\\\/\"},\"sameAs\":[\"https:\\\/\\\/www.facebook.com\\\/heatsupplyNL\",\"https:\\\/\\\/www.instagram.com\\\/heatsuppy.nl\",\"https:\\\/\\\/www.youtube.com\\\/channel\\\/UC5pOWqQtljvxTz2SMWGWCsw\"]}]}<\/script>\n<meta property=\"product:price:amount\" content=\"25.95\" \/>\n<meta property=\"product:price:currency\" content=\"EUR\" \/>\n<meta property=\"og:availability\" content=\"out of stock\" \/>\n<meta property=\"product:availability\" content=\"out of stock\" \/>\n<meta property=\"product:retailer_item_id\" content=\"1NFHB001\" \/>\n<meta property=\"product:condition\" content=\"new\" \/>\n<!-- \/ Yoast SEO Premium plugin. -->","yoast_head_json":{"title":"Einmalige Heatsupply-Abonnementbox - Heatsupply","description":"M\u00f6chtest du kein zweimonatiges Abo f\u00fcr scharfe So\u00dfen abschlie\u00dfen oder nur 1 Box verschenken? Dann ist diese einmalige Abo-Box f\u00fcr scharfe So\u00dfen die L\u00f6sung.","robots":{"index":"index","follow":"follow","max-snippet":"max-snippet:-1","max-image-preview":"max-image-preview:large","max-video-preview":"max-video-preview:-1"},"canonical":"https:\/\/www.heatsupply.nl\/de\/produkt\/einmalige-heatsupply-abonnementbox\/","og_locale":"de_DE","og_type":"article","og_title":"Einmalige Heatsupply-Abonnementbox","og_description":"M\u00f6chtest du kein zweimonatiges Abo f\u00fcr scharfe So\u00dfen abschlie\u00dfen oder nur 1 Box verschenken? Dann ist diese einmalige Abo-Box f\u00fcr scharfe So\u00dfen die L\u00f6sung.","og_url":"https:\/\/www.heatsupply.nl\/de\/produkt\/einmalige-heatsupply-abonnementbox\/","og_site_name":"Heatsupply","article_publisher":"https:\/\/www.facebook.com\/heatsupplyNL","article_modified_time":"2025-05-24T09:55:08+00:00","og_image":[{"width":1400,"height":1400,"url":"https:\/\/www.heatsupply.nl\/wp-content\/uploads\/2019\/08\/heatsupply-hot-sauce-abonnement.jpg","type":"image\/jpeg"}],"twitter_card":"summary_large_image","twitter_misc":{"Preis":"&euro;25,95","Verf\u00fcgbarkeit":"ausverkauft"},"schema":{"@context":"https:\/\/schema.org","@graph":[{"@type":"WebPage","@id":"https:\/\/www.heatsupply.nl\/de\/produkt\/einmalige-heatsupply-abonnementbox\/","url":"https:\/\/www.heatsupply.nl\/de\/produkt\/einmalige-heatsupply-abonnementbox\/","name":"Einmalige Heatsupply-Abonnementbox - Heatsupply","isPartOf":{"@id":"https:\/\/www.heatsupply.nl\/de\/#website"},"primaryImageOfPage":{"@id":"https:\/\/www.heatsupply.nl\/de\/produkt\/einmalige-heatsupply-abonnementbox\/#primaryimage"},"image":{"@id":"https:\/\/www.heatsupply.nl\/de\/produkt\/einmalige-heatsupply-abonnementbox\/#primaryimage"},"thumbnailUrl":"https:\/\/www.heatsupply.nl\/wp-content\/uploads\/2019\/08\/heatsupply-hot-sauce-abonnement.jpg","datePublished":"2021-12-02T15:34:51+00:00","dateModified":"2025-05-24T09:55:08+00:00","description":"M\u00f6chtest du kein zweimonatiges Abo f\u00fcr scharfe So\u00dfen abschlie\u00dfen oder nur 1 Box verschenken? Dann ist diese einmalige Abo-Box f\u00fcr scharfe So\u00dfen die L\u00f6sung.","breadcrumb":{"@id":"https:\/\/www.heatsupply.nl\/de\/produkt\/einmalige-heatsupply-abonnementbox\/#breadcrumb"},"inLanguage":"de","potentialAction":[{"@type":"ReadAction","target":["https:\/\/www.heatsupply.nl\/de\/produkt\/einmalige-heatsupply-abonnementbox\/"]}]},{"@type":"ImageObject","inLanguage":"de","@id":"https:\/\/www.heatsupply.nl\/de\/produkt\/einmalige-heatsupply-abonnementbox\/#primaryimage","url":"https:\/\/www.heatsupply.nl\/wp-content\/uploads\/2019\/08\/heatsupply-hot-sauce-abonnement.jpg","contentUrl":"https:\/\/www.heatsupply.nl\/wp-content\/uploads\/2019\/08\/heatsupply-hot-sauce-abonnement.jpg","width":1400,"height":1400},{"@type":"BreadcrumbList","@id":"https:\/\/www.heatsupply.nl\/de\/produkt\/einmalige-heatsupply-abonnementbox\/#breadcrumb","itemListElement":[{"@type":"ListItem","position":1,"name":"Home","item":"https:\/\/www.heatsupply.nl\/de\/"},{"@type":"ListItem","position":2,"name":"Alle produkten","item":"https:\/\/www.heatsupply.nl\/de\/alle-produkten\/"},{"@type":"ListItem","position":3,"name":"Geschenke","item":"https:\/\/www.heatsupply.nl\/de\/geschenke\/"},{"@type":"ListItem","position":4,"name":"Einmalige Heatsupply-Abonnementbox"}]},{"@type":"WebSite","@id":"https:\/\/www.heatsupply.nl\/de\/#website","url":"https:\/\/www.heatsupply.nl\/de\/","name":"Heatsupply","description":"Hot sauce webstore #1 in Europe","publisher":{"@id":"https:\/\/www.heatsupply.nl\/de\/#organization"},"potentialAction":[{"@type":"SearchAction","target":{"@type":"EntryPoint","urlTemplate":"https:\/\/www.heatsupply.nl\/de\/?s={search_term_string}"},"query-input":{"@type":"PropertyValueSpecification","valueRequired":true,"valueName":"search_term_string"}}],"inLanguage":"de"},{"@type":"Organization","@id":"https:\/\/www.heatsupply.nl\/de\/#organization","name":"Heatsupply","url":"https:\/\/www.heatsupply.nl\/de\/","logo":{"@type":"ImageObject","inLanguage":"de","@id":"https:\/\/www.heatsupply.nl\/de\/#\/schema\/logo\/image\/","url":"https:\/\/www.heatsupply.nl\/wp-content\/uploads\/2022\/10\/heatsupply-logo-rood.jpg","contentUrl":"https:\/\/www.heatsupply.nl\/wp-content\/uploads\/2022\/10\/heatsupply-logo-rood.jpg","width":1000,"height":335,"caption":"Heatsupply"},"image":{"@id":"https:\/\/www.heatsupply.nl\/de\/#\/schema\/logo\/image\/"},"sameAs":["https:\/\/www.facebook.com\/heatsupplyNL","https:\/\/www.instagram.com\/heatsuppy.nl","https:\/\/www.youtube.com\/channel\/UC5pOWqQtljvxTz2SMWGWCsw"]}]},"product_price_amount":"25.95","product_price_currency":"EUR","og_availability":"out of stock","product_availability":"out of stock","product_retailer_item_id":"1NFHB001","product_condition":"new"},"_links":{"self":[{"href":"https:\/\/www.heatsupply.nl\/de\/wp-json\/wp\/v2\/product\/142970","targetHints":{"allow":["GET"]}}],"collection":[{"href":"https:\/\/www.heatsupply.nl\/de\/wp-json\/wp\/v2\/product"}],"about":[{"href":"https:\/\/www.heatsupply.nl\/de\/wp-json\/wp\/v2\/types\/product"}],"replies":[{"embeddable":true,"href":"https:\/\/www.heatsupply.nl\/de\/wp-json\/wp\/v2\/comments?post=142970"}],"wp:featuredmedia":[{"embeddable":true,"href":"https:\/\/www.heatsupply.nl\/de\/wp-json\/wp\/v2\/media\/142971"}],"wp:attachment":[{"href":"https:\/\/www.heatsupply.nl\/de\/wp-json\/wp\/v2\/media?parent=142970"}],"wp:term":[{"taxonomy":"product_brand","embeddable":true,"href":"https:\/\/www.heatsupply.nl\/de\/wp-json\/wp\/v2\/product_brand?post=142970"},{"taxonomy":"product_cat","embeddable":true,"href":"https:\/\/www.heatsupply.nl\/de\/wp-json\/wp\/v2\/product_cat?post=142970"},{"taxonomy":"product_tag","embeddable":true,"href":"https:\/\/www.heatsupply.nl\/de\/wp-json\/wp\/v2\/product_tag?post=142970"}],"curies":[{"name":"wp","href":"https:\/\/api.w.org\/{rel}","templated":true}]}}