{"id":142962,"date":"2021-04-21T15:33:45","date_gmt":"2021-04-21T13:33:45","guid":{"rendered":"https:\/\/www.heatsupply.nl\/product\/getrocknete-chile-de-arbol-paprika-50-g\/"},"modified":"2025-11-09T10:22:10","modified_gmt":"2025-11-09T09:22:10","slug":"getrocknete-chile-de-arbol-chilis-75-g","status":"publish","type":"product","link":"https:\/\/www.heatsupply.nl\/de\/produkt\/getrocknete-chile-de-arbol-chilis-75-g\/","title":{"rendered":"Getrocknete Chile de Arbol Chilis (75 g)"},"content":{"rendered":"<p>75 Gramm getrocknete Chilis de Arbol in einem Beutel.<\/p>\n<p><span style=\"text-decoration: underline;\">N\u00e4hrwerte pro 100g:<\/span><br \/>\nEnergie: 1340 kJ\/320 kcal<br \/>\nFett: 7,2 Gramm<br \/>\ndavon ges\u00e4ttigte Fetts\u00e4uren: 0,8 Gramm<br \/>\nKohlenhydrate: 55 Gramm<br \/>\ndavon Zucker: 7 Gramm<br \/>\nProtein: 12 Gramm<br \/>\nSalz: 0 Gramm<\/p>\n<p><strong>Verwendung der getrockneten Chilis<\/strong>: Sie k\u00f6nnen sie zu Flocken oder Pulver mahlen, um sie als Trockenreibe oder Gew\u00fcrz zu verwenden. Sie k\u00f6nnen sie auch zur Herstellung eines Chilip\u00fcrees oder einer So\u00dfe verwenden, indem Sie sie 10 bis 15 Minuten in hei\u00dfes Wasser legen, bis sie weich werden. Entfernen Sie dann den Stiel und die Samen und geben Sie sie in einen Mixer, um ein P\u00fcree oder eine Sauce herzustellen.<\/p>\n<p>Getrocknete Chilis sind sehr lange haltbar. Lagern Sie sie an einem dunklen und trockenen Ort.<\/p>\n","protected":false},"excerpt":{"rendered":"<p><span style=\"font-weight: 500;\">Diese getrockneten Chile de Arbol-Chilis m\u00f6gen klein sein, aber sie haben es in sich! Die urspr\u00fcnglich leuchtend roten Chilis wurden gereift und getrocknet, um das ultimative Geschmackserlebnis zu bieten. Diese getrockneten Chilis sind ideal, um einer Sauce oder einem Gericht eine gute Dosis zus\u00e4tzlicher Sch\u00e4rfe zu verleihen. Weitere Informationen \u00fcber die Verwendung von getrockneten Chilis findest du weiter unten.<\/span><\/p>\n<p><span style=\"font-weight: 500;\">Gesch\u00e4tzter Scoville-Wert: 30.000 &#8211; 50.000 SHU<\/span><\/p>\n<p><span style=\"font-weight: 500;\">Herkunft: Mexiko<\/span><\/p>\n<p><span style=\"font-weight: 500;\">Inhalt: 75 Gramm<\/span><\/p>\n","protected":false},"featured_media":142963,"comment_status":"open","ping_status":"closed","template":"","meta":{"_acf_changed":false},"product_brand":[],"product_cat":[3795,4046],"product_tag":[],"class_list":{"0":"post-142962","1":"product","2":"type-product","3":"status-publish","4":"has-post-thumbnail","6":"product_cat-getrocknete-chili","7":"product_cat-spicy","9":"first","10":"instock","11":"taxable","12":"shipping-taxable","13":"purchasable","14":"product-type-simple"},"bundled_by":[],"bundle_stock_status":"instock","bundle_stock_quantity":58,"bundle_virtual":false,"bundle_layout":"","bundle_add_to_cart_form_location":"","bundle_editable_in_cart":false,"bundle_sold_individually_context":"","bundle_item_grouping":"","bundle_min_size":"","bundle_max_size":"","bundle_price":[],"bundled_items":[],"bundle_sell_ids":[],"acf":[],"yoast_head":"<!-- This site is optimized with the Yoast SEO Premium plugin v27.5 (Yoast SEO v27.5) - https:\/\/yoast.com\/product\/yoast-seo-premium-wordpress\/ -->\n<title>Getrocknete Chile de Arbol Chilis (75 g) - Heatsupply<\/title>\n<meta name=\"description\" content=\"Diese getrockneten Chile de Arbol-Chilis haben einen angenehm w\u00fcrzigen Geschmack und eignen sich hervorragend, um deinen Gerichten einen zus\u00e4tzlichen Kick zu verleihen\" \/>\n<meta name=\"robots\" content=\"index, follow, max-snippet:-1, max-image-preview:large, max-video-preview:-1\" \/>\n<link rel=\"canonical\" href=\"https:\/\/www.heatsupply.nl\/de\/produkt\/getrocknete-chile-de-arbol-chilis-75-g\/\" \/>\n<meta property=\"og:locale\" content=\"de_DE\" \/>\n<meta property=\"og:type\" content=\"article\" \/>\n<meta property=\"og:title\" content=\"Getrocknete Chile de Arbol Chilis (75 g)\" \/>\n<meta property=\"og:description\" content=\"Diese getrockneten Chile de Arbol-Chilis haben einen angenehm w\u00fcrzigen Geschmack und eignen sich hervorragend, um deinen Gerichten einen zus\u00e4tzlichen Kick zu verleihen\" \/>\n<meta property=\"og:url\" content=\"https:\/\/www.heatsupply.nl\/de\/produkt\/getrocknete-chile-de-arbol-chilis-75-g\/\" \/>\n<meta property=\"og:site_name\" content=\"Heatsupply\" \/>\n<meta property=\"article:publisher\" content=\"https:\/\/www.facebook.com\/heatsupplyNL\" \/>\n<meta property=\"article:modified_time\" content=\"2025-11-09T09:22:10+00:00\" \/>\n<meta property=\"og:image\" content=\"https:\/\/www.heatsupply.nl\/wp-content\/uploads\/2017\/12\/chile-de-arbol-gedroogde-peper.jpg\" \/>\n\t<meta property=\"og:image:width\" content=\"1400\" \/>\n\t<meta property=\"og:image:height\" content=\"1400\" \/>\n\t<meta property=\"og:image:type\" content=\"image\/jpeg\" \/>\n<meta name=\"twitter:card\" content=\"summary_large_image\" \/>\n<meta name=\"twitter:label1\" content=\"Preis\" \/>\n\t<meta name=\"twitter:data1\" content=\"&euro;5,95\" \/>\n\t<meta name=\"twitter:label2\" content=\"Verf\u00fcgbarkeit\" \/>\n\t<meta name=\"twitter:data2\" content=\"Auf Lager\" \/>\n<script type=\"application\/ld+json\" class=\"yoast-schema-graph\">{\"@context\":\"https:\\\/\\\/schema.org\",\"@graph\":[{\"@type\":\"WebPage\",\"@id\":\"https:\\\/\\\/www.heatsupply.nl\\\/de\\\/produkt\\\/getrocknete-chile-de-arbol-chilis-75-g\\\/\",\"url\":\"https:\\\/\\\/www.heatsupply.nl\\\/de\\\/produkt\\\/getrocknete-chile-de-arbol-chilis-75-g\\\/\",\"name\":\"Getrocknete Chile de Arbol Chilis (75 g) - Heatsupply\",\"isPartOf\":{\"@id\":\"https:\\\/\\\/www.heatsupply.nl\\\/de\\\/#website\"},\"primaryImageOfPage\":{\"@id\":\"https:\\\/\\\/www.heatsupply.nl\\\/de\\\/produkt\\\/getrocknete-chile-de-arbol-chilis-75-g\\\/#primaryimage\"},\"image\":{\"@id\":\"https:\\\/\\\/www.heatsupply.nl\\\/de\\\/produkt\\\/getrocknete-chile-de-arbol-chilis-75-g\\\/#primaryimage\"},\"thumbnailUrl\":\"https:\\\/\\\/www.heatsupply.nl\\\/wp-content\\\/uploads\\\/2017\\\/12\\\/chile-de-arbol-gedroogde-peper.jpg\",\"datePublished\":\"2021-04-21T13:33:45+00:00\",\"dateModified\":\"2025-11-09T09:22:10+00:00\",\"description\":\"Diese getrockneten Chile de Arbol-Chilis haben einen angenehm w\u00fcrzigen Geschmack und eignen sich hervorragend, um deinen Gerichten einen zus\u00e4tzlichen Kick zu verleihen\",\"breadcrumb\":{\"@id\":\"https:\\\/\\\/www.heatsupply.nl\\\/de\\\/produkt\\\/getrocknete-chile-de-arbol-chilis-75-g\\\/#breadcrumb\"},\"inLanguage\":\"de\",\"potentialAction\":[{\"@type\":\"ReadAction\",\"target\":[\"https:\\\/\\\/www.heatsupply.nl\\\/de\\\/produkt\\\/getrocknete-chile-de-arbol-chilis-75-g\\\/\"]}]},{\"@type\":\"ImageObject\",\"inLanguage\":\"de\",\"@id\":\"https:\\\/\\\/www.heatsupply.nl\\\/de\\\/produkt\\\/getrocknete-chile-de-arbol-chilis-75-g\\\/#primaryimage\",\"url\":\"https:\\\/\\\/www.heatsupply.nl\\\/wp-content\\\/uploads\\\/2017\\\/12\\\/chile-de-arbol-gedroogde-peper.jpg\",\"contentUrl\":\"https:\\\/\\\/www.heatsupply.nl\\\/wp-content\\\/uploads\\\/2017\\\/12\\\/chile-de-arbol-gedroogde-peper.jpg\",\"width\":1400,\"height\":1400},{\"@type\":\"BreadcrumbList\",\"@id\":\"https:\\\/\\\/www.heatsupply.nl\\\/de\\\/produkt\\\/getrocknete-chile-de-arbol-chilis-75-g\\\/#breadcrumb\",\"itemListElement\":[{\"@type\":\"ListItem\",\"position\":1,\"name\":\"Home\",\"item\":\"https:\\\/\\\/www.heatsupply.nl\\\/de\\\/\"},{\"@type\":\"ListItem\",\"position\":2,\"name\":\"Alle produkten\",\"item\":\"https:\\\/\\\/www.heatsupply.nl\\\/de\\\/alle-produkten\\\/\"},{\"@type\":\"ListItem\",\"position\":3,\"name\":\"Getrocknete Chili\",\"item\":\"https:\\\/\\\/www.heatsupply.nl\\\/de\\\/getrocknete-chili\\\/\"},{\"@type\":\"ListItem\",\"position\":4,\"name\":\"Getrocknete Chile de Arbol Chilis (75 g)\"}]},{\"@type\":\"WebSite\",\"@id\":\"https:\\\/\\\/www.heatsupply.nl\\\/de\\\/#website\",\"url\":\"https:\\\/\\\/www.heatsupply.nl\\\/de\\\/\",\"name\":\"Heatsupply\",\"description\":\"Hot sauce webstore #1 in Europe\",\"publisher\":{\"@id\":\"https:\\\/\\\/www.heatsupply.nl\\\/de\\\/#organization\"},\"potentialAction\":[{\"@type\":\"SearchAction\",\"target\":{\"@type\":\"EntryPoint\",\"urlTemplate\":\"https:\\\/\\\/www.heatsupply.nl\\\/de\\\/?s={search_term_string}\"},\"query-input\":{\"@type\":\"PropertyValueSpecification\",\"valueRequired\":true,\"valueName\":\"search_term_string\"}}],\"inLanguage\":\"de\"},{\"@type\":\"Organization\",\"@id\":\"https:\\\/\\\/www.heatsupply.nl\\\/de\\\/#organization\",\"name\":\"Heatsupply\",\"url\":\"https:\\\/\\\/www.heatsupply.nl\\\/de\\\/\",\"logo\":{\"@type\":\"ImageObject\",\"inLanguage\":\"de\",\"@id\":\"https:\\\/\\\/www.heatsupply.nl\\\/de\\\/#\\\/schema\\\/logo\\\/image\\\/\",\"url\":\"https:\\\/\\\/www.heatsupply.nl\\\/wp-content\\\/uploads\\\/2022\\\/10\\\/heatsupply-logo-rood.jpg\",\"contentUrl\":\"https:\\\/\\\/www.heatsupply.nl\\\/wp-content\\\/uploads\\\/2022\\\/10\\\/heatsupply-logo-rood.jpg\",\"width\":1000,\"height\":335,\"caption\":\"Heatsupply\"},\"image\":{\"@id\":\"https:\\\/\\\/www.heatsupply.nl\\\/de\\\/#\\\/schema\\\/logo\\\/image\\\/\"},\"sameAs\":[\"https:\\\/\\\/www.facebook.com\\\/heatsupplyNL\",\"https:\\\/\\\/www.instagram.com\\\/heatsuppy.nl\",\"https:\\\/\\\/www.youtube.com\\\/channel\\\/UC5pOWqQtljvxTz2SMWGWCsw\"]}]}<\/script>\n<meta property=\"product:price:amount\" content=\"5.95\" \/>\n<meta property=\"product:price:currency\" content=\"EUR\" \/>\n<meta property=\"og:availability\" content=\"instock\" \/>\n<meta property=\"product:availability\" content=\"instock\" \/>\n<meta property=\"product:retailer_item_id\" content=\"GCDAP003\" \/>\n<meta property=\"product:condition\" content=\"new\" \/>\n<!-- \/ Yoast SEO Premium plugin. -->","yoast_head_json":{"title":"Getrocknete Chile de Arbol Chilis (75 g) - Heatsupply","description":"Diese getrockneten Chile de Arbol-Chilis haben einen angenehm w\u00fcrzigen Geschmack und eignen sich hervorragend, um deinen Gerichten einen zus\u00e4tzlichen Kick zu verleihen","robots":{"index":"index","follow":"follow","max-snippet":"max-snippet:-1","max-image-preview":"max-image-preview:large","max-video-preview":"max-video-preview:-1"},"canonical":"https:\/\/www.heatsupply.nl\/de\/produkt\/getrocknete-chile-de-arbol-chilis-75-g\/","og_locale":"de_DE","og_type":"article","og_title":"Getrocknete Chile de Arbol Chilis (75 g)","og_description":"Diese getrockneten Chile de Arbol-Chilis haben einen angenehm w\u00fcrzigen Geschmack und eignen sich hervorragend, um deinen Gerichten einen zus\u00e4tzlichen Kick zu verleihen","og_url":"https:\/\/www.heatsupply.nl\/de\/produkt\/getrocknete-chile-de-arbol-chilis-75-g\/","og_site_name":"Heatsupply","article_publisher":"https:\/\/www.facebook.com\/heatsupplyNL","article_modified_time":"2025-11-09T09:22:10+00:00","og_image":[{"width":1400,"height":1400,"url":"https:\/\/www.heatsupply.nl\/wp-content\/uploads\/2017\/12\/chile-de-arbol-gedroogde-peper.jpg","type":"image\/jpeg"}],"twitter_card":"summary_large_image","twitter_misc":{"Preis":"&euro;5,95","Verf\u00fcgbarkeit":"Auf Lager"},"schema":{"@context":"https:\/\/schema.org","@graph":[{"@type":"WebPage","@id":"https:\/\/www.heatsupply.nl\/de\/produkt\/getrocknete-chile-de-arbol-chilis-75-g\/","url":"https:\/\/www.heatsupply.nl\/de\/produkt\/getrocknete-chile-de-arbol-chilis-75-g\/","name":"Getrocknete Chile de Arbol Chilis (75 g) - Heatsupply","isPartOf":{"@id":"https:\/\/www.heatsupply.nl\/de\/#website"},"primaryImageOfPage":{"@id":"https:\/\/www.heatsupply.nl\/de\/produkt\/getrocknete-chile-de-arbol-chilis-75-g\/#primaryimage"},"image":{"@id":"https:\/\/www.heatsupply.nl\/de\/produkt\/getrocknete-chile-de-arbol-chilis-75-g\/#primaryimage"},"thumbnailUrl":"https:\/\/www.heatsupply.nl\/wp-content\/uploads\/2017\/12\/chile-de-arbol-gedroogde-peper.jpg","datePublished":"2021-04-21T13:33:45+00:00","dateModified":"2025-11-09T09:22:10+00:00","description":"Diese getrockneten Chile de Arbol-Chilis haben einen angenehm w\u00fcrzigen Geschmack und eignen sich hervorragend, um deinen Gerichten einen zus\u00e4tzlichen Kick zu verleihen","breadcrumb":{"@id":"https:\/\/www.heatsupply.nl\/de\/produkt\/getrocknete-chile-de-arbol-chilis-75-g\/#breadcrumb"},"inLanguage":"de","potentialAction":[{"@type":"ReadAction","target":["https:\/\/www.heatsupply.nl\/de\/produkt\/getrocknete-chile-de-arbol-chilis-75-g\/"]}]},{"@type":"ImageObject","inLanguage":"de","@id":"https:\/\/www.heatsupply.nl\/de\/produkt\/getrocknete-chile-de-arbol-chilis-75-g\/#primaryimage","url":"https:\/\/www.heatsupply.nl\/wp-content\/uploads\/2017\/12\/chile-de-arbol-gedroogde-peper.jpg","contentUrl":"https:\/\/www.heatsupply.nl\/wp-content\/uploads\/2017\/12\/chile-de-arbol-gedroogde-peper.jpg","width":1400,"height":1400},{"@type":"BreadcrumbList","@id":"https:\/\/www.heatsupply.nl\/de\/produkt\/getrocknete-chile-de-arbol-chilis-75-g\/#breadcrumb","itemListElement":[{"@type":"ListItem","position":1,"name":"Home","item":"https:\/\/www.heatsupply.nl\/de\/"},{"@type":"ListItem","position":2,"name":"Alle produkten","item":"https:\/\/www.heatsupply.nl\/de\/alle-produkten\/"},{"@type":"ListItem","position":3,"name":"Getrocknete Chili","item":"https:\/\/www.heatsupply.nl\/de\/getrocknete-chili\/"},{"@type":"ListItem","position":4,"name":"Getrocknete Chile de Arbol Chilis (75 g)"}]},{"@type":"WebSite","@id":"https:\/\/www.heatsupply.nl\/de\/#website","url":"https:\/\/www.heatsupply.nl\/de\/","name":"Heatsupply","description":"Hot sauce webstore #1 in Europe","publisher":{"@id":"https:\/\/www.heatsupply.nl\/de\/#organization"},"potentialAction":[{"@type":"SearchAction","target":{"@type":"EntryPoint","urlTemplate":"https:\/\/www.heatsupply.nl\/de\/?s={search_term_string}"},"query-input":{"@type":"PropertyValueSpecification","valueRequired":true,"valueName":"search_term_string"}}],"inLanguage":"de"},{"@type":"Organization","@id":"https:\/\/www.heatsupply.nl\/de\/#organization","name":"Heatsupply","url":"https:\/\/www.heatsupply.nl\/de\/","logo":{"@type":"ImageObject","inLanguage":"de","@id":"https:\/\/www.heatsupply.nl\/de\/#\/schema\/logo\/image\/","url":"https:\/\/www.heatsupply.nl\/wp-content\/uploads\/2022\/10\/heatsupply-logo-rood.jpg","contentUrl":"https:\/\/www.heatsupply.nl\/wp-content\/uploads\/2022\/10\/heatsupply-logo-rood.jpg","width":1000,"height":335,"caption":"Heatsupply"},"image":{"@id":"https:\/\/www.heatsupply.nl\/de\/#\/schema\/logo\/image\/"},"sameAs":["https:\/\/www.facebook.com\/heatsupplyNL","https:\/\/www.instagram.com\/heatsuppy.nl","https:\/\/www.youtube.com\/channel\/UC5pOWqQtljvxTz2SMWGWCsw"]}]},"product_price_amount":"5.95","product_price_currency":"EUR","og_availability":"instock","product_availability":"instock","product_retailer_item_id":"GCDAP003","product_condition":"new"},"_links":{"self":[{"href":"https:\/\/www.heatsupply.nl\/de\/wp-json\/wp\/v2\/product\/142962","targetHints":{"allow":["GET"]}}],"collection":[{"href":"https:\/\/www.heatsupply.nl\/de\/wp-json\/wp\/v2\/product"}],"about":[{"href":"https:\/\/www.heatsupply.nl\/de\/wp-json\/wp\/v2\/types\/product"}],"replies":[{"embeddable":true,"href":"https:\/\/www.heatsupply.nl\/de\/wp-json\/wp\/v2\/comments?post=142962"}],"wp:featuredmedia":[{"embeddable":true,"href":"https:\/\/www.heatsupply.nl\/de\/wp-json\/wp\/v2\/media\/142963"}],"wp:attachment":[{"href":"https:\/\/www.heatsupply.nl\/de\/wp-json\/wp\/v2\/media?parent=142962"}],"wp:term":[{"taxonomy":"product_brand","embeddable":true,"href":"https:\/\/www.heatsupply.nl\/de\/wp-json\/wp\/v2\/product_brand?post=142962"},{"taxonomy":"product_cat","embeddable":true,"href":"https:\/\/www.heatsupply.nl\/de\/wp-json\/wp\/v2\/product_cat?post=142962"},{"taxonomy":"product_tag","embeddable":true,"href":"https:\/\/www.heatsupply.nl\/de\/wp-json\/wp\/v2\/product_tag?post=142962"}],"curies":[{"name":"wp","href":"https:\/\/api.w.org\/{rel}","templated":true}]}}