{"id":142955,"date":"2021-04-21T10:53:08","date_gmt":"2021-04-21T08:53:08","guid":{"rendered":"https:\/\/www.heatsupply.nl\/product\/getrocknete-chipotle-paprika-100-gramm\/"},"modified":"2026-04-15T00:31:44","modified_gmt":"2026-04-14T22:31:44","slug":"getrocknete-chipotle-chilis-75-gramm","status":"publish","type":"product","link":"https:\/\/www.heatsupply.nl\/de\/produkt\/getrocknete-chipotle-chilis-75-gramm\/","title":{"rendered":"Getrocknete Chipotle Chilis (75 Gramm)"},"content":{"rendered":"<p><strong>Zutaten<\/strong>: 75 Gramm getrocknete Chipotle-Paprika.<\/p>\n<p><span style=\"text-decoration: underline;\">N\u00e4hrwerte pro 100g:<\/span><br \/>\nEnergie: 1180 kJ\/282 kcal<br \/>\nFett: 6,5 Gramm<br \/>\ndavon ges\u00e4ttigte Fetts\u00e4uren: 0,9 Gramm<br \/>\nKohlenhydrate: 52 Gramm<br \/>\ndavon Zucker: 9,7 Gramm<br \/>\nProtein: 11,5 Gramm<br \/>\nSalz: 0 Gramm<\/p>\n<p style=\"text-align: left;\"><strong>Verwendung der getrockneten Chilis<\/strong>: Sie k\u00f6nnen sie zu Flocken oder Pulver mahlen und als trockenes Einreibemittel oder Gew\u00fcrz verwenden. Sie k\u00f6nnen auch ein Chilip\u00fcree oder eine So\u00dfe aus ihnen herstellen, indem Sie sie 10 bis 15 Minuten in hei\u00dfes Wasser legen, bis sie weich werden. Entfernen Sie dann den Stiel und die Samen und geben Sie sie in einen Mixer, um ein P\u00fcree oder eine Sauce herzustellen.<\/p>\n<p style=\"text-align: left;\">Getrocknete Chilis sind sehr lange haltbar. Lagern Sie sie an einem dunklen und trockenen Ort.<\/p>\n","protected":false},"excerpt":{"rendered":"<p><span style=\"font-weight: 500;\">Diese getrockneten Chipotle-Chilis sind ger\u00e4ucherte reife rote Jalape\u00f1os. Diese &#8218;Meco&#8216;-\u00e4hnlichen Chipotle haben eine gr\u00e4uliche Farbe, sind ziemlich steif und werden vom Aussehen her als Zigarrenstummel beschrieben. Sie h\u00e4ngen l\u00e4nger an der Pflanze, bis sie Feuchtigkeit verlieren. Nach der Ernte werden sie langsam ger\u00e4uchert, was ihnen einen intensiven und starken Rauchgeschmack verleiht. Sie sind leicht w\u00fcrzig und haben einen grasigen, leicht fruchtigen Geschmack. Wie du sie am besten verwenden kannst, erf\u00e4hrst du unten auf der Seite.<\/span><\/p>\n<p><span style=\"font-weight: 500;\">Gesch\u00e4tzter Scoville-Wert: 5.000 &#8211; 15.000 SHU<\/span><\/p>\n<ul>\n<li><span style=\"font-weight: 500;\">Herkunft: Mexiko<\/span><\/li>\n<li><span style=\"font-weight: 500;\">Inhalt: 75 Gramm<\/span><\/li>\n<\/ul>\n","protected":false},"featured_media":142956,"comment_status":"open","ping_status":"closed","template":"","meta":{"_acf_changed":false},"product_brand":[],"product_cat":[3930,3795,4046],"product_tag":[],"class_list":{"0":"post-142955","1":"product","2":"type-product","3":"status-publish","4":"has-post-thumbnail","6":"product_cat-chipotle","7":"product_cat-getrocknete-chili","8":"product_cat-spicy","10":"first","11":"instock","12":"taxable","13":"shipping-taxable","14":"purchasable","15":"product-type-simple"},"bundled_by":[],"bundle_stock_status":"instock","bundle_stock_quantity":45,"bundle_virtual":false,"bundle_layout":"","bundle_add_to_cart_form_location":"","bundle_editable_in_cart":false,"bundle_sold_individually_context":"","bundle_item_grouping":"","bundle_min_size":"","bundle_max_size":"","bundle_price":[],"bundled_items":[],"bundle_sell_ids":[],"acf":[],"yoast_head":"<!-- This site is optimized with the Yoast SEO Premium plugin v27.4 (Yoast SEO v27.4) - https:\/\/yoast.com\/product\/yoast-seo-premium-wordpress\/ -->\n<title>Getrocknete Chipotle Chilis (75 Gramm) - Heatsupply<\/title>\n<meta name=\"description\" content=\"Diese k\u00f6stlichen getrockneten Chipotle-Pfeffer haben einen rauchigen und leicht fruchtigen Geschmack. Hervorragend geeignet zum Kochen oder f\u00fcr die Zubereitung einer Sauce.\" \/>\n<meta name=\"robots\" content=\"index, follow, max-snippet:-1, max-image-preview:large, max-video-preview:-1\" \/>\n<link rel=\"canonical\" href=\"https:\/\/www.heatsupply.nl\/de\/produkt\/getrocknete-chipotle-chilis-75-gramm\/\" \/>\n<meta property=\"og:locale\" content=\"de_DE\" \/>\n<meta property=\"og:type\" content=\"article\" \/>\n<meta property=\"og:title\" content=\"Getrocknete Chipotle Chilis (75 Gramm)\" \/>\n<meta property=\"og:description\" content=\"Diese k\u00f6stlichen getrockneten Chipotle-Pfeffer haben einen rauchigen und leicht fruchtigen Geschmack. Hervorragend geeignet zum Kochen oder f\u00fcr die Zubereitung einer Sauce.\" \/>\n<meta property=\"og:url\" content=\"https:\/\/www.heatsupply.nl\/de\/produkt\/getrocknete-chipotle-chilis-75-gramm\/\" \/>\n<meta property=\"og:site_name\" content=\"Heatsupply\" \/>\n<meta property=\"article:publisher\" content=\"https:\/\/www.facebook.com\/heatsupplyNL\" \/>\n<meta property=\"article:modified_time\" content=\"2026-04-14T22:31:44+00:00\" \/>\n<meta property=\"og:image\" content=\"https:\/\/www.heatsupply.nl\/wp-content\/uploads\/2017\/12\/chipotle-gedroogde-peper.jpg\" \/>\n\t<meta property=\"og:image:width\" content=\"1400\" \/>\n\t<meta property=\"og:image:height\" content=\"1400\" \/>\n\t<meta property=\"og:image:type\" content=\"image\/jpeg\" \/>\n<meta name=\"twitter:card\" content=\"summary_large_image\" \/>\n<meta name=\"twitter:label1\" content=\"Preis\" \/>\n\t<meta name=\"twitter:data1\" content=\"&euro;8,95\" \/>\n\t<meta name=\"twitter:label2\" content=\"Verf\u00fcgbarkeit\" \/>\n\t<meta name=\"twitter:data2\" content=\"Auf Lager\" \/>\n<script type=\"application\/ld+json\" class=\"yoast-schema-graph\">{\"@context\":\"https:\\\/\\\/schema.org\",\"@graph\":[{\"@type\":\"WebPage\",\"@id\":\"https:\\\/\\\/www.heatsupply.nl\\\/de\\\/produkt\\\/getrocknete-chipotle-chilis-75-gramm\\\/\",\"url\":\"https:\\\/\\\/www.heatsupply.nl\\\/de\\\/produkt\\\/getrocknete-chipotle-chilis-75-gramm\\\/\",\"name\":\"Getrocknete Chipotle Chilis (75 Gramm) - Heatsupply\",\"isPartOf\":{\"@id\":\"https:\\\/\\\/www.heatsupply.nl\\\/de\\\/#website\"},\"primaryImageOfPage\":{\"@id\":\"https:\\\/\\\/www.heatsupply.nl\\\/de\\\/produkt\\\/getrocknete-chipotle-chilis-75-gramm\\\/#primaryimage\"},\"image\":{\"@id\":\"https:\\\/\\\/www.heatsupply.nl\\\/de\\\/produkt\\\/getrocknete-chipotle-chilis-75-gramm\\\/#primaryimage\"},\"thumbnailUrl\":\"https:\\\/\\\/www.heatsupply.nl\\\/wp-content\\\/uploads\\\/2017\\\/12\\\/chipotle-gedroogde-peper.jpg\",\"datePublished\":\"2021-04-21T08:53:08+00:00\",\"dateModified\":\"2026-04-14T22:31:44+00:00\",\"description\":\"Diese k\u00f6stlichen getrockneten Chipotle-Pfeffer haben einen rauchigen und leicht fruchtigen Geschmack. Hervorragend geeignet zum Kochen oder f\u00fcr die Zubereitung einer Sauce.\",\"breadcrumb\":{\"@id\":\"https:\\\/\\\/www.heatsupply.nl\\\/de\\\/produkt\\\/getrocknete-chipotle-chilis-75-gramm\\\/#breadcrumb\"},\"inLanguage\":\"de\",\"potentialAction\":[{\"@type\":\"ReadAction\",\"target\":[\"https:\\\/\\\/www.heatsupply.nl\\\/de\\\/produkt\\\/getrocknete-chipotle-chilis-75-gramm\\\/\"]}]},{\"@type\":\"ImageObject\",\"inLanguage\":\"de\",\"@id\":\"https:\\\/\\\/www.heatsupply.nl\\\/de\\\/produkt\\\/getrocknete-chipotle-chilis-75-gramm\\\/#primaryimage\",\"url\":\"https:\\\/\\\/www.heatsupply.nl\\\/wp-content\\\/uploads\\\/2017\\\/12\\\/chipotle-gedroogde-peper.jpg\",\"contentUrl\":\"https:\\\/\\\/www.heatsupply.nl\\\/wp-content\\\/uploads\\\/2017\\\/12\\\/chipotle-gedroogde-peper.jpg\",\"width\":1400,\"height\":1400},{\"@type\":\"BreadcrumbList\",\"@id\":\"https:\\\/\\\/www.heatsupply.nl\\\/de\\\/produkt\\\/getrocknete-chipotle-chilis-75-gramm\\\/#breadcrumb\",\"itemListElement\":[{\"@type\":\"ListItem\",\"position\":1,\"name\":\"Home\",\"item\":\"https:\\\/\\\/www.heatsupply.nl\\\/de\\\/\"},{\"@type\":\"ListItem\",\"position\":2,\"name\":\"Alle produkten\",\"item\":\"https:\\\/\\\/www.heatsupply.nl\\\/de\\\/alle-produkten\\\/\"},{\"@type\":\"ListItem\",\"position\":3,\"name\":\"Scharfe So\u00dfen\",\"item\":\"https:\\\/\\\/www.heatsupply.nl\\\/de\\\/scharfe-sossen\\\/\"},{\"@type\":\"ListItem\",\"position\":4,\"name\":\"Chipotle\",\"item\":\"https:\\\/\\\/www.heatsupply.nl\\\/de\\\/scharfe-sossen\\\/chipotle\\\/\"},{\"@type\":\"ListItem\",\"position\":5,\"name\":\"Getrocknete Chipotle Chilis (75 Gramm)\"}]},{\"@type\":\"WebSite\",\"@id\":\"https:\\\/\\\/www.heatsupply.nl\\\/de\\\/#website\",\"url\":\"https:\\\/\\\/www.heatsupply.nl\\\/de\\\/\",\"name\":\"Heatsupply\",\"description\":\"Hot sauce webstore #1 in Europe\",\"publisher\":{\"@id\":\"https:\\\/\\\/www.heatsupply.nl\\\/de\\\/#organization\"},\"potentialAction\":[{\"@type\":\"SearchAction\",\"target\":{\"@type\":\"EntryPoint\",\"urlTemplate\":\"https:\\\/\\\/www.heatsupply.nl\\\/de\\\/?s={search_term_string}\"},\"query-input\":{\"@type\":\"PropertyValueSpecification\",\"valueRequired\":true,\"valueName\":\"search_term_string\"}}],\"inLanguage\":\"de\"},{\"@type\":\"Organization\",\"@id\":\"https:\\\/\\\/www.heatsupply.nl\\\/de\\\/#organization\",\"name\":\"Heatsupply\",\"url\":\"https:\\\/\\\/www.heatsupply.nl\\\/de\\\/\",\"logo\":{\"@type\":\"ImageObject\",\"inLanguage\":\"de\",\"@id\":\"https:\\\/\\\/www.heatsupply.nl\\\/de\\\/#\\\/schema\\\/logo\\\/image\\\/\",\"url\":\"https:\\\/\\\/www.heatsupply.nl\\\/wp-content\\\/uploads\\\/2022\\\/10\\\/heatsupply-logo-rood.jpg\",\"contentUrl\":\"https:\\\/\\\/www.heatsupply.nl\\\/wp-content\\\/uploads\\\/2022\\\/10\\\/heatsupply-logo-rood.jpg\",\"width\":1000,\"height\":335,\"caption\":\"Heatsupply\"},\"image\":{\"@id\":\"https:\\\/\\\/www.heatsupply.nl\\\/de\\\/#\\\/schema\\\/logo\\\/image\\\/\"},\"sameAs\":[\"https:\\\/\\\/www.facebook.com\\\/heatsupplyNL\",\"https:\\\/\\\/www.instagram.com\\\/heatsuppy.nl\",\"https:\\\/\\\/www.youtube.com\\\/channel\\\/UC5pOWqQtljvxTz2SMWGWCsw\"]}]}<\/script>\n<meta property=\"product:price:amount\" content=\"8.95\" \/>\n<meta property=\"product:price:currency\" content=\"EUR\" \/>\n<meta property=\"og:availability\" content=\"instock\" \/>\n<meta property=\"product:availability\" content=\"instock\" \/>\n<meta property=\"product:retailer_item_id\" content=\"GCP002\" \/>\n<meta property=\"product:condition\" content=\"new\" \/>\n<!-- \/ Yoast SEO Premium plugin. -->","yoast_head_json":{"title":"Getrocknete Chipotle Chilis (75 Gramm) - Heatsupply","description":"Diese k\u00f6stlichen getrockneten Chipotle-Pfeffer haben einen rauchigen und leicht fruchtigen Geschmack. Hervorragend geeignet zum Kochen oder f\u00fcr die Zubereitung einer Sauce.","robots":{"index":"index","follow":"follow","max-snippet":"max-snippet:-1","max-image-preview":"max-image-preview:large","max-video-preview":"max-video-preview:-1"},"canonical":"https:\/\/www.heatsupply.nl\/de\/produkt\/getrocknete-chipotle-chilis-75-gramm\/","og_locale":"de_DE","og_type":"article","og_title":"Getrocknete Chipotle Chilis (75 Gramm)","og_description":"Diese k\u00f6stlichen getrockneten Chipotle-Pfeffer haben einen rauchigen und leicht fruchtigen Geschmack. Hervorragend geeignet zum Kochen oder f\u00fcr die Zubereitung einer Sauce.","og_url":"https:\/\/www.heatsupply.nl\/de\/produkt\/getrocknete-chipotle-chilis-75-gramm\/","og_site_name":"Heatsupply","article_publisher":"https:\/\/www.facebook.com\/heatsupplyNL","article_modified_time":"2026-04-14T22:31:44+00:00","og_image":[{"width":1400,"height":1400,"url":"https:\/\/www.heatsupply.nl\/wp-content\/uploads\/2017\/12\/chipotle-gedroogde-peper.jpg","type":"image\/jpeg"}],"twitter_card":"summary_large_image","twitter_misc":{"Preis":"&euro;8,95","Verf\u00fcgbarkeit":"Auf Lager"},"schema":{"@context":"https:\/\/schema.org","@graph":[{"@type":"WebPage","@id":"https:\/\/www.heatsupply.nl\/de\/produkt\/getrocknete-chipotle-chilis-75-gramm\/","url":"https:\/\/www.heatsupply.nl\/de\/produkt\/getrocknete-chipotle-chilis-75-gramm\/","name":"Getrocknete Chipotle Chilis (75 Gramm) - Heatsupply","isPartOf":{"@id":"https:\/\/www.heatsupply.nl\/de\/#website"},"primaryImageOfPage":{"@id":"https:\/\/www.heatsupply.nl\/de\/produkt\/getrocknete-chipotle-chilis-75-gramm\/#primaryimage"},"image":{"@id":"https:\/\/www.heatsupply.nl\/de\/produkt\/getrocknete-chipotle-chilis-75-gramm\/#primaryimage"},"thumbnailUrl":"https:\/\/www.heatsupply.nl\/wp-content\/uploads\/2017\/12\/chipotle-gedroogde-peper.jpg","datePublished":"2021-04-21T08:53:08+00:00","dateModified":"2026-04-14T22:31:44+00:00","description":"Diese k\u00f6stlichen getrockneten Chipotle-Pfeffer haben einen rauchigen und leicht fruchtigen Geschmack. Hervorragend geeignet zum Kochen oder f\u00fcr die Zubereitung einer Sauce.","breadcrumb":{"@id":"https:\/\/www.heatsupply.nl\/de\/produkt\/getrocknete-chipotle-chilis-75-gramm\/#breadcrumb"},"inLanguage":"de","potentialAction":[{"@type":"ReadAction","target":["https:\/\/www.heatsupply.nl\/de\/produkt\/getrocknete-chipotle-chilis-75-gramm\/"]}]},{"@type":"ImageObject","inLanguage":"de","@id":"https:\/\/www.heatsupply.nl\/de\/produkt\/getrocknete-chipotle-chilis-75-gramm\/#primaryimage","url":"https:\/\/www.heatsupply.nl\/wp-content\/uploads\/2017\/12\/chipotle-gedroogde-peper.jpg","contentUrl":"https:\/\/www.heatsupply.nl\/wp-content\/uploads\/2017\/12\/chipotle-gedroogde-peper.jpg","width":1400,"height":1400},{"@type":"BreadcrumbList","@id":"https:\/\/www.heatsupply.nl\/de\/produkt\/getrocknete-chipotle-chilis-75-gramm\/#breadcrumb","itemListElement":[{"@type":"ListItem","position":1,"name":"Home","item":"https:\/\/www.heatsupply.nl\/de\/"},{"@type":"ListItem","position":2,"name":"Alle produkten","item":"https:\/\/www.heatsupply.nl\/de\/alle-produkten\/"},{"@type":"ListItem","position":3,"name":"Scharfe So\u00dfen","item":"https:\/\/www.heatsupply.nl\/de\/scharfe-sossen\/"},{"@type":"ListItem","position":4,"name":"Chipotle","item":"https:\/\/www.heatsupply.nl\/de\/scharfe-sossen\/chipotle\/"},{"@type":"ListItem","position":5,"name":"Getrocknete Chipotle Chilis (75 Gramm)"}]},{"@type":"WebSite","@id":"https:\/\/www.heatsupply.nl\/de\/#website","url":"https:\/\/www.heatsupply.nl\/de\/","name":"Heatsupply","description":"Hot sauce webstore #1 in Europe","publisher":{"@id":"https:\/\/www.heatsupply.nl\/de\/#organization"},"potentialAction":[{"@type":"SearchAction","target":{"@type":"EntryPoint","urlTemplate":"https:\/\/www.heatsupply.nl\/de\/?s={search_term_string}"},"query-input":{"@type":"PropertyValueSpecification","valueRequired":true,"valueName":"search_term_string"}}],"inLanguage":"de"},{"@type":"Organization","@id":"https:\/\/www.heatsupply.nl\/de\/#organization","name":"Heatsupply","url":"https:\/\/www.heatsupply.nl\/de\/","logo":{"@type":"ImageObject","inLanguage":"de","@id":"https:\/\/www.heatsupply.nl\/de\/#\/schema\/logo\/image\/","url":"https:\/\/www.heatsupply.nl\/wp-content\/uploads\/2022\/10\/heatsupply-logo-rood.jpg","contentUrl":"https:\/\/www.heatsupply.nl\/wp-content\/uploads\/2022\/10\/heatsupply-logo-rood.jpg","width":1000,"height":335,"caption":"Heatsupply"},"image":{"@id":"https:\/\/www.heatsupply.nl\/de\/#\/schema\/logo\/image\/"},"sameAs":["https:\/\/www.facebook.com\/heatsupplyNL","https:\/\/www.instagram.com\/heatsuppy.nl","https:\/\/www.youtube.com\/channel\/UC5pOWqQtljvxTz2SMWGWCsw"]}]},"product_price_amount":"8.95","product_price_currency":"EUR","og_availability":"instock","product_availability":"instock","product_retailer_item_id":"GCP002","product_condition":"new"},"_links":{"self":[{"href":"https:\/\/www.heatsupply.nl\/de\/wp-json\/wp\/v2\/product\/142955","targetHints":{"allow":["GET"]}}],"collection":[{"href":"https:\/\/www.heatsupply.nl\/de\/wp-json\/wp\/v2\/product"}],"about":[{"href":"https:\/\/www.heatsupply.nl\/de\/wp-json\/wp\/v2\/types\/product"}],"replies":[{"embeddable":true,"href":"https:\/\/www.heatsupply.nl\/de\/wp-json\/wp\/v2\/comments?post=142955"}],"wp:featuredmedia":[{"embeddable":true,"href":"https:\/\/www.heatsupply.nl\/de\/wp-json\/wp\/v2\/media\/142956"}],"wp:attachment":[{"href":"https:\/\/www.heatsupply.nl\/de\/wp-json\/wp\/v2\/media?parent=142955"}],"wp:term":[{"taxonomy":"product_brand","embeddable":true,"href":"https:\/\/www.heatsupply.nl\/de\/wp-json\/wp\/v2\/product_brand?post=142955"},{"taxonomy":"product_cat","embeddable":true,"href":"https:\/\/www.heatsupply.nl\/de\/wp-json\/wp\/v2\/product_cat?post=142955"},{"taxonomy":"product_tag","embeddable":true,"href":"https:\/\/www.heatsupply.nl\/de\/wp-json\/wp\/v2\/product_tag?post=142955"}],"curies":[{"name":"wp","href":"https:\/\/api.w.org\/{rel}","templated":true}]}}