{"id":142944,"date":"2021-03-19T16:22:00","date_gmt":"2021-03-19T15:22:00","guid":{"rendered":"https:\/\/www.heatsupply.nl\/product\/hellfire-devils-blend-roasted-reaper-hot-sauce\/"},"modified":"2026-04-09T15:58:26","modified_gmt":"2026-04-09T13:58:26","slug":"hellfire-devils-blend-roasted-reaper-hot-sauce","status":"publish","type":"product","link":"https:\/\/www.heatsupply.nl\/de\/produkt\/hellfire-devils-blend-roasted-reaper-hot-sauce\/","title":{"rendered":"Hellfire Devil&#8217;s Blend Roasted Reaper Hot Sauce"},"content":{"rendered":"<p><iframe loading=\"lazy\" src=\"https:\/\/www.youtube.com\/embed\/kpnbo_g4rjo\" width=\"560\" height=\"315\" frameborder=\"0\" allowfullscreen=\"allowfullscreen\"><\/iframe><\/p>\n<p><strong>Zutaten Hellfire Devil&#8217;s Blend Roasted Reaper<\/strong>: P\u00fcree aus ger\u00f6steten Jalape\u00f1o-Pfeffern (Jalape\u00f1o-Pfeffer und Essig), Branntweinessig, Tomatillos (Tomatillos, Wasser, Zitronens\u00e4ure und Essig), P\u00fcree aus gr\u00fcnen Habanero-Pfeffern (gr\u00fcne Habaneros und Essig), Granny-Smith-\u00c4pfel, ger\u00f6steter Knoblauch (Knoblauch und Wasser), Fr\u00fchlingszwiebelp\u00fcree (Fr\u00fchlingszwiebeln, Salz), Koriander, Green Carolina Reaper-P\u00fcree (Carolina Reaper-Paprika und Essig), Meersalz, Kreuzk\u00fcmmel, Limettensaft aus Konzentrat.<\/p>\n<p>Diese scharfe Sauce ist auch aus der YouTube-Sendung <a href=\"https:\/\/www.heatsupply.nl\/de\/produkt-kategorie\/scharfe-saucen\/hot-ones-sauces\/\"><strong>Hot Ones<\/strong><\/a> bekannt. In Staffel 14 ist diese Sauce auf dem Hot Wing #4 von 10.<\/p>\n<p><span style=\"text-decoration: underline;\">N\u00e4hrwertangaben pro 100gr:<\/span><br \/>\nEnergie: 146,4 kJ\/ 35 kcal<br \/>\nFett: 0 Gramm<br \/>\ndavon ges\u00e4ttigt: 0 Gramm<br \/>\nKohlenhydrate: 5 g<br \/>\ndavon Zucker: 3 g<br \/>\nEiwei\u00df: 1 Gramm<br \/>\nSalz: 1,47 g<\/p>\n<p>Vor Gebrauch sch\u00fctteln. Nach dem \u00d6ffnen im K\u00fchlschrank aufbewahren.<\/p>\n","protected":false},"excerpt":{"rendered":"<p style=\"text-align: justify;\">Diese Hellfire Devil&#8217;s Blend Roasted Reaper Hot Sauce ist vielleicht die ultimative Taco-Sauce. Eine k\u00f6stliche Mischung aus ger\u00f6steten Jalape\u00f1os, Habaneros und Carolina Reaper wird unter anderem mit ger\u00f6stetem Knoblauch, Koriander, Tomatillos, etwas Limette, Fr\u00fchlingszwiebeln und Granny Smith \u00c4pfeln kombiniert. Das Ergebnis ist eine scharfe Sauce mit einer kr\u00e4ftigen S\u00e4ure, aber auch mit einem sehr w\u00fcrzigen Geschmack, der perfekt zu Tacos passt. Nicht umsonst hat diese Sauce mehrere Preise gewonnen, darunter den f\u00fcr die &#8222;Beste Taco-Sauce&#8220;.<\/p>\n<p style=\"text-align: justify;\">Herkunft: Lake Geneva, Wisconsin, USA<\/p>\n<p style=\"text-align: justify;\">Inhalt: 148 ml<\/p>\n","protected":false},"featured_media":142945,"comment_status":"open","ping_status":"closed","template":"","meta":{"_acf_changed":false},"product_brand":[],"product_cat":[3929,3913,3789,3915,3787,4046],"product_tag":[],"class_list":{"0":"post-142944","1":"product","2":"type-product","3":"status-publish","4":"has-post-thumbnail","6":"product_cat-carolina-reaper","7":"product_cat-habanero","8":"product_cat-hot-ones-saucen","9":"product_cat-jalapeno","10":"product_cat-scharfe-sossen","11":"product_cat-spicy","13":"first","14":"outofstock","15":"taxable","16":"shipping-taxable","17":"purchasable","18":"product-type-simple"},"bundled_by":[],"bundle_stock_status":"outofstock","bundle_stock_quantity":0,"bundle_virtual":false,"bundle_layout":"","bundle_add_to_cart_form_location":"","bundle_editable_in_cart":false,"bundle_sold_individually_context":"","bundle_item_grouping":"","bundle_min_size":"","bundle_max_size":"","bundle_price":[],"bundled_items":[],"bundle_sell_ids":[],"acf":[],"yoast_head":"<!-- This site is optimized with the Yoast SEO Premium plugin v27.4 (Yoast SEO v27.4) - https:\/\/yoast.com\/product\/yoast-seo-premium-wordpress\/ -->\n<title>Hellfire Devil&#039;s Blend Roasted Reaper Hot Sauce - Heatsupply<\/title>\n<meta name=\"description\" content=\"Diese Hellfire Devil&#039;s Blend Roasted Reaper Hot Sauce ist eine k\u00f6stliche Mischung aus 3 ger\u00f6steten Chilis. Die ultimative Taco-Sauce!\" \/>\n<meta name=\"robots\" content=\"index, follow, max-snippet:-1, max-image-preview:large, max-video-preview:-1\" \/>\n<link rel=\"canonical\" href=\"https:\/\/www.heatsupply.nl\/de\/produkt\/hellfire-devils-blend-roasted-reaper-hot-sauce\/\" \/>\n<meta property=\"og:locale\" content=\"de_DE\" \/>\n<meta property=\"og:type\" content=\"article\" \/>\n<meta property=\"og:title\" content=\"Hellfire Devil&#039;s Blend Roasted Reaper Hot Sauce\" \/>\n<meta property=\"og:description\" content=\"Diese Hellfire Devil&#039;s Blend Roasted Reaper Hot Sauce ist eine k\u00f6stliche Mischung aus 3 ger\u00f6steten Chilis. Die ultimative Taco-Sauce!\" \/>\n<meta property=\"og:url\" content=\"https:\/\/www.heatsupply.nl\/de\/produkt\/hellfire-devils-blend-roasted-reaper-hot-sauce\/\" \/>\n<meta property=\"og:site_name\" content=\"Heatsupply\" \/>\n<meta property=\"article:publisher\" content=\"https:\/\/www.facebook.com\/heatsupplyNL\" \/>\n<meta property=\"article:modified_time\" content=\"2026-04-09T13:58:26+00:00\" \/>\n<meta property=\"og:image\" content=\"https:\/\/www.heatsupply.nl\/wp-content\/uploads\/2017\/12\/hellfire-devils-blend-roasted-reaper-hot-sauce.jpg\" \/>\n\t<meta property=\"og:image:width\" content=\"1400\" \/>\n\t<meta property=\"og:image:height\" content=\"1400\" \/>\n\t<meta property=\"og:image:type\" content=\"image\/jpeg\" \/>\n<meta name=\"twitter:card\" content=\"summary_large_image\" \/>\n<meta name=\"twitter:label1\" content=\"Preis\" \/>\n\t<meta name=\"twitter:data1\" content=\"&euro;9,95\" \/>\n\t<meta name=\"twitter:label2\" content=\"Verf\u00fcgbarkeit\" \/>\n\t<meta name=\"twitter:data2\" content=\"ausverkauft\" \/>\n<script type=\"application\/ld+json\" class=\"yoast-schema-graph\">{\"@context\":\"https:\\\/\\\/schema.org\",\"@graph\":[{\"@type\":\"WebPage\",\"@id\":\"https:\\\/\\\/www.heatsupply.nl\\\/de\\\/produkt\\\/hellfire-devils-blend-roasted-reaper-hot-sauce\\\/\",\"url\":\"https:\\\/\\\/www.heatsupply.nl\\\/de\\\/produkt\\\/hellfire-devils-blend-roasted-reaper-hot-sauce\\\/\",\"name\":\"Hellfire Devil's Blend Roasted Reaper Hot Sauce - Heatsupply\",\"isPartOf\":{\"@id\":\"https:\\\/\\\/www.heatsupply.nl\\\/de\\\/#website\"},\"primaryImageOfPage\":{\"@id\":\"https:\\\/\\\/www.heatsupply.nl\\\/de\\\/produkt\\\/hellfire-devils-blend-roasted-reaper-hot-sauce\\\/#primaryimage\"},\"image\":{\"@id\":\"https:\\\/\\\/www.heatsupply.nl\\\/de\\\/produkt\\\/hellfire-devils-blend-roasted-reaper-hot-sauce\\\/#primaryimage\"},\"thumbnailUrl\":\"https:\\\/\\\/www.heatsupply.nl\\\/wp-content\\\/uploads\\\/2017\\\/12\\\/hellfire-devils-blend-roasted-reaper-hot-sauce.jpg\",\"datePublished\":\"2021-03-19T15:22:00+00:00\",\"dateModified\":\"2026-04-09T13:58:26+00:00\",\"description\":\"Diese Hellfire Devil's Blend Roasted Reaper Hot Sauce ist eine k\u00f6stliche Mischung aus 3 ger\u00f6steten Chilis. Die ultimative Taco-Sauce!\",\"breadcrumb\":{\"@id\":\"https:\\\/\\\/www.heatsupply.nl\\\/de\\\/produkt\\\/hellfire-devils-blend-roasted-reaper-hot-sauce\\\/#breadcrumb\"},\"inLanguage\":\"de\",\"potentialAction\":[{\"@type\":\"ReadAction\",\"target\":[\"https:\\\/\\\/www.heatsupply.nl\\\/de\\\/produkt\\\/hellfire-devils-blend-roasted-reaper-hot-sauce\\\/\"]}]},{\"@type\":\"ImageObject\",\"inLanguage\":\"de\",\"@id\":\"https:\\\/\\\/www.heatsupply.nl\\\/de\\\/produkt\\\/hellfire-devils-blend-roasted-reaper-hot-sauce\\\/#primaryimage\",\"url\":\"https:\\\/\\\/www.heatsupply.nl\\\/wp-content\\\/uploads\\\/2017\\\/12\\\/hellfire-devils-blend-roasted-reaper-hot-sauce.jpg\",\"contentUrl\":\"https:\\\/\\\/www.heatsupply.nl\\\/wp-content\\\/uploads\\\/2017\\\/12\\\/hellfire-devils-blend-roasted-reaper-hot-sauce.jpg\",\"width\":1400,\"height\":1400,\"caption\":\"Hellfire Devil's Blend Roaster Reaper hot sauce Hot Ones\"},{\"@type\":\"BreadcrumbList\",\"@id\":\"https:\\\/\\\/www.heatsupply.nl\\\/de\\\/produkt\\\/hellfire-devils-blend-roasted-reaper-hot-sauce\\\/#breadcrumb\",\"itemListElement\":[{\"@type\":\"ListItem\",\"position\":1,\"name\":\"Home\",\"item\":\"https:\\\/\\\/www.heatsupply.nl\\\/de\\\/\"},{\"@type\":\"ListItem\",\"position\":2,\"name\":\"Alle produkten\",\"item\":\"https:\\\/\\\/www.heatsupply.nl\\\/de\\\/alle-produkten\\\/\"},{\"@type\":\"ListItem\",\"position\":3,\"name\":\"Scharfe So\u00dfen\",\"item\":\"https:\\\/\\\/www.heatsupply.nl\\\/de\\\/scharfe-sossen\\\/\"},{\"@type\":\"ListItem\",\"position\":4,\"name\":\"Carolina Reaper\",\"item\":\"https:\\\/\\\/www.heatsupply.nl\\\/de\\\/scharfe-sossen\\\/carolina-reaper\\\/\"},{\"@type\":\"ListItem\",\"position\":5,\"name\":\"Hellfire Devil&#8217;s Blend Roasted Reaper Hot Sauce\"}]},{\"@type\":\"WebSite\",\"@id\":\"https:\\\/\\\/www.heatsupply.nl\\\/de\\\/#website\",\"url\":\"https:\\\/\\\/www.heatsupply.nl\\\/de\\\/\",\"name\":\"Heatsupply\",\"description\":\"Hot sauce webstore #1 in Europe\",\"publisher\":{\"@id\":\"https:\\\/\\\/www.heatsupply.nl\\\/de\\\/#organization\"},\"potentialAction\":[{\"@type\":\"SearchAction\",\"target\":{\"@type\":\"EntryPoint\",\"urlTemplate\":\"https:\\\/\\\/www.heatsupply.nl\\\/de\\\/?s={search_term_string}\"},\"query-input\":{\"@type\":\"PropertyValueSpecification\",\"valueRequired\":true,\"valueName\":\"search_term_string\"}}],\"inLanguage\":\"de\"},{\"@type\":\"Organization\",\"@id\":\"https:\\\/\\\/www.heatsupply.nl\\\/de\\\/#organization\",\"name\":\"Heatsupply\",\"url\":\"https:\\\/\\\/www.heatsupply.nl\\\/de\\\/\",\"logo\":{\"@type\":\"ImageObject\",\"inLanguage\":\"de\",\"@id\":\"https:\\\/\\\/www.heatsupply.nl\\\/de\\\/#\\\/schema\\\/logo\\\/image\\\/\",\"url\":\"https:\\\/\\\/www.heatsupply.nl\\\/wp-content\\\/uploads\\\/2022\\\/10\\\/heatsupply-logo-rood.jpg\",\"contentUrl\":\"https:\\\/\\\/www.heatsupply.nl\\\/wp-content\\\/uploads\\\/2022\\\/10\\\/heatsupply-logo-rood.jpg\",\"width\":1000,\"height\":335,\"caption\":\"Heatsupply\"},\"image\":{\"@id\":\"https:\\\/\\\/www.heatsupply.nl\\\/de\\\/#\\\/schema\\\/logo\\\/image\\\/\"},\"sameAs\":[\"https:\\\/\\\/www.facebook.com\\\/heatsupplyNL\",\"https:\\\/\\\/www.instagram.com\\\/heatsuppy.nl\",\"https:\\\/\\\/www.youtube.com\\\/channel\\\/UC5pOWqQtljvxTz2SMWGWCsw\"]}]}<\/script>\n<meta property=\"product:brand\" content=\"Hellfire\" \/>\n<meta property=\"product:price:amount\" content=\"9.95\" \/>\n<meta property=\"product:price:currency\" content=\"EUR\" \/>\n<meta property=\"og:availability\" content=\"out of stock\" \/>\n<meta property=\"product:availability\" content=\"out of stock\" \/>\n<meta property=\"product:retailer_item_id\" content=\"HDBRR002\" \/>\n<meta property=\"product:condition\" content=\"new\" \/>\n<!-- \/ Yoast SEO Premium plugin. -->","yoast_head_json":{"title":"Hellfire Devil's Blend Roasted Reaper Hot Sauce - Heatsupply","description":"Diese Hellfire Devil's Blend Roasted Reaper Hot Sauce ist eine k\u00f6stliche Mischung aus 3 ger\u00f6steten Chilis. Die ultimative Taco-Sauce!","robots":{"index":"index","follow":"follow","max-snippet":"max-snippet:-1","max-image-preview":"max-image-preview:large","max-video-preview":"max-video-preview:-1"},"canonical":"https:\/\/www.heatsupply.nl\/de\/produkt\/hellfire-devils-blend-roasted-reaper-hot-sauce\/","og_locale":"de_DE","og_type":"article","og_title":"Hellfire Devil's Blend Roasted Reaper Hot Sauce","og_description":"Diese Hellfire Devil's Blend Roasted Reaper Hot Sauce ist eine k\u00f6stliche Mischung aus 3 ger\u00f6steten Chilis. Die ultimative Taco-Sauce!","og_url":"https:\/\/www.heatsupply.nl\/de\/produkt\/hellfire-devils-blend-roasted-reaper-hot-sauce\/","og_site_name":"Heatsupply","article_publisher":"https:\/\/www.facebook.com\/heatsupplyNL","article_modified_time":"2026-04-09T13:58:26+00:00","og_image":[{"width":1400,"height":1400,"url":"https:\/\/www.heatsupply.nl\/wp-content\/uploads\/2017\/12\/hellfire-devils-blend-roasted-reaper-hot-sauce.jpg","type":"image\/jpeg"}],"twitter_card":"summary_large_image","twitter_misc":{"Preis":"&euro;9,95","Verf\u00fcgbarkeit":"ausverkauft"},"schema":{"@context":"https:\/\/schema.org","@graph":[{"@type":"WebPage","@id":"https:\/\/www.heatsupply.nl\/de\/produkt\/hellfire-devils-blend-roasted-reaper-hot-sauce\/","url":"https:\/\/www.heatsupply.nl\/de\/produkt\/hellfire-devils-blend-roasted-reaper-hot-sauce\/","name":"Hellfire Devil's Blend Roasted Reaper Hot Sauce - Heatsupply","isPartOf":{"@id":"https:\/\/www.heatsupply.nl\/de\/#website"},"primaryImageOfPage":{"@id":"https:\/\/www.heatsupply.nl\/de\/produkt\/hellfire-devils-blend-roasted-reaper-hot-sauce\/#primaryimage"},"image":{"@id":"https:\/\/www.heatsupply.nl\/de\/produkt\/hellfire-devils-blend-roasted-reaper-hot-sauce\/#primaryimage"},"thumbnailUrl":"https:\/\/www.heatsupply.nl\/wp-content\/uploads\/2017\/12\/hellfire-devils-blend-roasted-reaper-hot-sauce.jpg","datePublished":"2021-03-19T15:22:00+00:00","dateModified":"2026-04-09T13:58:26+00:00","description":"Diese Hellfire Devil's Blend Roasted Reaper Hot Sauce ist eine k\u00f6stliche Mischung aus 3 ger\u00f6steten Chilis. Die ultimative Taco-Sauce!","breadcrumb":{"@id":"https:\/\/www.heatsupply.nl\/de\/produkt\/hellfire-devils-blend-roasted-reaper-hot-sauce\/#breadcrumb"},"inLanguage":"de","potentialAction":[{"@type":"ReadAction","target":["https:\/\/www.heatsupply.nl\/de\/produkt\/hellfire-devils-blend-roasted-reaper-hot-sauce\/"]}]},{"@type":"ImageObject","inLanguage":"de","@id":"https:\/\/www.heatsupply.nl\/de\/produkt\/hellfire-devils-blend-roasted-reaper-hot-sauce\/#primaryimage","url":"https:\/\/www.heatsupply.nl\/wp-content\/uploads\/2017\/12\/hellfire-devils-blend-roasted-reaper-hot-sauce.jpg","contentUrl":"https:\/\/www.heatsupply.nl\/wp-content\/uploads\/2017\/12\/hellfire-devils-blend-roasted-reaper-hot-sauce.jpg","width":1400,"height":1400,"caption":"Hellfire Devil's Blend Roaster Reaper hot sauce Hot Ones"},{"@type":"BreadcrumbList","@id":"https:\/\/www.heatsupply.nl\/de\/produkt\/hellfire-devils-blend-roasted-reaper-hot-sauce\/#breadcrumb","itemListElement":[{"@type":"ListItem","position":1,"name":"Home","item":"https:\/\/www.heatsupply.nl\/de\/"},{"@type":"ListItem","position":2,"name":"Alle produkten","item":"https:\/\/www.heatsupply.nl\/de\/alle-produkten\/"},{"@type":"ListItem","position":3,"name":"Scharfe So\u00dfen","item":"https:\/\/www.heatsupply.nl\/de\/scharfe-sossen\/"},{"@type":"ListItem","position":4,"name":"Carolina Reaper","item":"https:\/\/www.heatsupply.nl\/de\/scharfe-sossen\/carolina-reaper\/"},{"@type":"ListItem","position":5,"name":"Hellfire Devil&#8217;s Blend Roasted Reaper Hot Sauce"}]},{"@type":"WebSite","@id":"https:\/\/www.heatsupply.nl\/de\/#website","url":"https:\/\/www.heatsupply.nl\/de\/","name":"Heatsupply","description":"Hot sauce webstore #1 in Europe","publisher":{"@id":"https:\/\/www.heatsupply.nl\/de\/#organization"},"potentialAction":[{"@type":"SearchAction","target":{"@type":"EntryPoint","urlTemplate":"https:\/\/www.heatsupply.nl\/de\/?s={search_term_string}"},"query-input":{"@type":"PropertyValueSpecification","valueRequired":true,"valueName":"search_term_string"}}],"inLanguage":"de"},{"@type":"Organization","@id":"https:\/\/www.heatsupply.nl\/de\/#organization","name":"Heatsupply","url":"https:\/\/www.heatsupply.nl\/de\/","logo":{"@type":"ImageObject","inLanguage":"de","@id":"https:\/\/www.heatsupply.nl\/de\/#\/schema\/logo\/image\/","url":"https:\/\/www.heatsupply.nl\/wp-content\/uploads\/2022\/10\/heatsupply-logo-rood.jpg","contentUrl":"https:\/\/www.heatsupply.nl\/wp-content\/uploads\/2022\/10\/heatsupply-logo-rood.jpg","width":1000,"height":335,"caption":"Heatsupply"},"image":{"@id":"https:\/\/www.heatsupply.nl\/de\/#\/schema\/logo\/image\/"},"sameAs":["https:\/\/www.facebook.com\/heatsupplyNL","https:\/\/www.instagram.com\/heatsuppy.nl","https:\/\/www.youtube.com\/channel\/UC5pOWqQtljvxTz2SMWGWCsw"]}]},"product_brand":"Hellfire","product_price_amount":"9.95","product_price_currency":"EUR","og_availability":"out of stock","product_availability":"out of stock","product_retailer_item_id":"HDBRR002","product_condition":"new"},"_links":{"self":[{"href":"https:\/\/www.heatsupply.nl\/de\/wp-json\/wp\/v2\/product\/142944","targetHints":{"allow":["GET"]}}],"collection":[{"href":"https:\/\/www.heatsupply.nl\/de\/wp-json\/wp\/v2\/product"}],"about":[{"href":"https:\/\/www.heatsupply.nl\/de\/wp-json\/wp\/v2\/types\/product"}],"replies":[{"embeddable":true,"href":"https:\/\/www.heatsupply.nl\/de\/wp-json\/wp\/v2\/comments?post=142944"}],"wp:featuredmedia":[{"embeddable":true,"href":"https:\/\/www.heatsupply.nl\/de\/wp-json\/wp\/v2\/media\/142945"}],"wp:attachment":[{"href":"https:\/\/www.heatsupply.nl\/de\/wp-json\/wp\/v2\/media?parent=142944"}],"wp:term":[{"taxonomy":"product_brand","embeddable":true,"href":"https:\/\/www.heatsupply.nl\/de\/wp-json\/wp\/v2\/product_brand?post=142944"},{"taxonomy":"product_cat","embeddable":true,"href":"https:\/\/www.heatsupply.nl\/de\/wp-json\/wp\/v2\/product_cat?post=142944"},{"taxonomy":"product_tag","embeddable":true,"href":"https:\/\/www.heatsupply.nl\/de\/wp-json\/wp\/v2\/product_tag?post=142944"}],"curies":[{"name":"wp","href":"https:\/\/api.w.org\/{rel}","templated":true}]}}