{"id":142861,"date":"2020-12-10T10:43:00","date_gmt":"2020-12-10T09:43:00","guid":{"rendered":"https:\/\/www.heatsupply.nl\/product\/marie-sharps-pure-love-pineapple-habanero-sauce-2\/"},"modified":"2026-04-22T01:01:12","modified_gmt":"2026-04-21T23:01:12","slug":"marie-sharps-pure-love-pineapple-habanero-sauce","status":"publish","type":"product","link":"https:\/\/www.heatsupply.nl\/de\/produkt\/marie-sharps-pure-love-pineapple-habanero-sauce\/","title":{"rendered":"Marie Sharp&#8217;s Pure Love Pineapple Habanero sauce"},"content":{"rendered":"<p><strong>Zutaten:<\/strong> Ananasp\u00fcree (51,7%), Habaneros (17,4%), Essig, Zwiebeln, Salz, Limettensaft, Knoblauch.<\/p>\n<p><span style=\"text-decoration: underline;\">N\u00e4hrwertangaben pro 100gr:<\/span><br \/>\nEnergie: 215 kJ\/51 kcal<br \/>\nFett: 0,3 Gramm<br \/>\ndavon ges\u00e4ttigte Fette: 0,0 g<br \/>\nKohlenhydrate: 10,0 g<br \/>\ndavon Zucker: 8,8 g<br \/>\nBallaststoffe: 1,4 g<br \/>\nEiwei\u00df: 1,0 g<br \/>\nSalz: 4,7 g<\/p>\n<p>Vor dem Gebrauch sch\u00fctteln und nach dem \u00d6ffnen im K\u00fchlschrank aufbewahren.<\/p>\n","protected":false},"excerpt":{"rendered":"<p><span style=\"font-weight: 500;\">Diese Marie Sharp&#8217;s Pure Love Pineapple Habanero Hot Sauce ist vielleicht die sommerlichste Sauce der Spitzenmarke aus Belize. Die Hauptzutat ist Ananas, was sich nat\u00fcrlich auch im Geschmack widerspiegelt. Auch die Sch\u00e4rfe ist mit fast 18% Habanero eindeutig vorhanden. Diese scharfe Sauce passt hervorragend zu allen Gerichten, die einen Hauch von Ananas vertragen k\u00f6nnen. Denke an verschiedene Reis- und Nudelgerichte, H\u00fchnchen und Pizza.<\/span><\/p>\n<p><span style=\"font-weight: 500;\">Herkunft: Belize<\/span><\/p>\n<p><span style=\"font-weight: 500;\">Inhalt: 148 ml<\/span><\/p>\n","protected":false},"featured_media":142862,"comment_status":"open","ping_status":"closed","template":"","meta":{"_acf_changed":false},"product_brand":[],"product_cat":[3913,3787,4046,4112],"product_tag":[],"class_list":{"0":"post-142861","1":"product","2":"type-product","3":"status-publish","4":"has-post-thumbnail","6":"product_cat-habanero","7":"product_cat-scharfe-sossen","8":"product_cat-spicy","9":"product_cat-valentinstag-saucen","11":"first","12":"instock","13":"taxable","14":"shipping-taxable","15":"purchasable","16":"product-type-simple"},"bundled_by":[],"bundle_stock_status":"instock","bundle_stock_quantity":42,"bundle_virtual":false,"bundle_layout":"","bundle_add_to_cart_form_location":"","bundle_editable_in_cart":false,"bundle_sold_individually_context":"","bundle_item_grouping":"","bundle_min_size":"","bundle_max_size":"","bundle_price":[],"bundled_items":[],"bundle_sell_ids":[],"acf":[],"yoast_head":"<!-- This site is optimized with the Yoast SEO Premium plugin v27.5 (Yoast SEO v27.5) - https:\/\/yoast.com\/product\/yoast-seo-premium-wordpress\/ -->\n<title>Marie Sharp&#039;s Pure Love Pineapple Habanero sauce - Heatsupply<\/title>\n<meta name=\"description\" content=\"Die Pure Love Hot Sauce von Marie Sharp ist eine k\u00f6stliche Sommersauce aus Ananas, Habaneros, Zwiebeln und Knoblauch.\" \/>\n<meta name=\"robots\" content=\"index, follow, max-snippet:-1, max-image-preview:large, max-video-preview:-1\" \/>\n<link rel=\"canonical\" href=\"https:\/\/www.heatsupply.nl\/de\/produkt\/marie-sharps-pure-love-pineapple-habanero-sauce\/\" \/>\n<meta property=\"og:locale\" content=\"de_DE\" \/>\n<meta property=\"og:type\" content=\"article\" \/>\n<meta property=\"og:title\" content=\"Marie Sharp&#039;s Pure Love Pineapple Habanero sauce\" \/>\n<meta property=\"og:description\" content=\"Die Pure Love Hot Sauce von Marie Sharp ist eine k\u00f6stliche Sommersauce aus Ananas, Habaneros, Zwiebeln und Knoblauch.\" \/>\n<meta property=\"og:url\" content=\"https:\/\/www.heatsupply.nl\/de\/produkt\/marie-sharps-pure-love-pineapple-habanero-sauce\/\" \/>\n<meta property=\"og:site_name\" content=\"Heatsupply\" \/>\n<meta property=\"article:publisher\" content=\"https:\/\/www.facebook.com\/heatsupplyNL\" \/>\n<meta property=\"article:modified_time\" content=\"2026-04-21T23:01:12+00:00\" \/>\n<meta property=\"og:image\" content=\"https:\/\/www.heatsupply.nl\/wp-content\/uploads\/2017\/12\/marie-sharps-pure-love-pineapple-hot-sauce.jpg\" \/>\n\t<meta property=\"og:image:width\" content=\"1400\" \/>\n\t<meta property=\"og:image:height\" content=\"1400\" \/>\n\t<meta property=\"og:image:type\" content=\"image\/jpeg\" \/>\n<meta name=\"twitter:card\" content=\"summary_large_image\" \/>\n<meta name=\"twitter:label1\" content=\"Preis\" \/>\n\t<meta name=\"twitter:data1\" content=\"&euro;8,95\" \/>\n\t<meta name=\"twitter:label2\" content=\"Verf\u00fcgbarkeit\" \/>\n\t<meta name=\"twitter:data2\" content=\"Auf Lager\" \/>\n<script type=\"application\/ld+json\" class=\"yoast-schema-graph\">{\"@context\":\"https:\\\/\\\/schema.org\",\"@graph\":[{\"@type\":\"WebPage\",\"@id\":\"https:\\\/\\\/www.heatsupply.nl\\\/de\\\/produkt\\\/marie-sharps-pure-love-pineapple-habanero-sauce\\\/\",\"url\":\"https:\\\/\\\/www.heatsupply.nl\\\/de\\\/produkt\\\/marie-sharps-pure-love-pineapple-habanero-sauce\\\/\",\"name\":\"Marie Sharp's Pure Love Pineapple Habanero sauce - Heatsupply\",\"isPartOf\":{\"@id\":\"https:\\\/\\\/www.heatsupply.nl\\\/de\\\/#website\"},\"primaryImageOfPage\":{\"@id\":\"https:\\\/\\\/www.heatsupply.nl\\\/de\\\/produkt\\\/marie-sharps-pure-love-pineapple-habanero-sauce\\\/#primaryimage\"},\"image\":{\"@id\":\"https:\\\/\\\/www.heatsupply.nl\\\/de\\\/produkt\\\/marie-sharps-pure-love-pineapple-habanero-sauce\\\/#primaryimage\"},\"thumbnailUrl\":\"https:\\\/\\\/www.heatsupply.nl\\\/wp-content\\\/uploads\\\/2017\\\/12\\\/marie-sharps-pure-love-pineapple-hot-sauce.jpg\",\"datePublished\":\"2020-12-10T09:43:00+00:00\",\"dateModified\":\"2026-04-21T23:01:12+00:00\",\"description\":\"Die Pure Love Hot Sauce von Marie Sharp ist eine k\u00f6stliche Sommersauce aus Ananas, Habaneros, Zwiebeln und Knoblauch.\",\"breadcrumb\":{\"@id\":\"https:\\\/\\\/www.heatsupply.nl\\\/de\\\/produkt\\\/marie-sharps-pure-love-pineapple-habanero-sauce\\\/#breadcrumb\"},\"inLanguage\":\"de\",\"potentialAction\":[{\"@type\":\"ReadAction\",\"target\":[\"https:\\\/\\\/www.heatsupply.nl\\\/de\\\/produkt\\\/marie-sharps-pure-love-pineapple-habanero-sauce\\\/\"]}]},{\"@type\":\"ImageObject\",\"inLanguage\":\"de\",\"@id\":\"https:\\\/\\\/www.heatsupply.nl\\\/de\\\/produkt\\\/marie-sharps-pure-love-pineapple-habanero-sauce\\\/#primaryimage\",\"url\":\"https:\\\/\\\/www.heatsupply.nl\\\/wp-content\\\/uploads\\\/2017\\\/12\\\/marie-sharps-pure-love-pineapple-hot-sauce.jpg\",\"contentUrl\":\"https:\\\/\\\/www.heatsupply.nl\\\/wp-content\\\/uploads\\\/2017\\\/12\\\/marie-sharps-pure-love-pineapple-hot-sauce.jpg\",\"width\":1400,\"height\":1400},{\"@type\":\"BreadcrumbList\",\"@id\":\"https:\\\/\\\/www.heatsupply.nl\\\/de\\\/produkt\\\/marie-sharps-pure-love-pineapple-habanero-sauce\\\/#breadcrumb\",\"itemListElement\":[{\"@type\":\"ListItem\",\"position\":1,\"name\":\"Home\",\"item\":\"https:\\\/\\\/www.heatsupply.nl\\\/de\\\/\"},{\"@type\":\"ListItem\",\"position\":2,\"name\":\"Alle produkten\",\"item\":\"https:\\\/\\\/www.heatsupply.nl\\\/de\\\/alle-produkten\\\/\"},{\"@type\":\"ListItem\",\"position\":3,\"name\":\"Scharfe So\u00dfen\",\"item\":\"https:\\\/\\\/www.heatsupply.nl\\\/de\\\/scharfe-sossen\\\/\"},{\"@type\":\"ListItem\",\"position\":4,\"name\":\"Habanero\",\"item\":\"https:\\\/\\\/www.heatsupply.nl\\\/de\\\/scharfe-sossen\\\/habanero\\\/\"},{\"@type\":\"ListItem\",\"position\":5,\"name\":\"Marie Sharp&#8217;s Pure Love Pineapple Habanero sauce\"}]},{\"@type\":\"WebSite\",\"@id\":\"https:\\\/\\\/www.heatsupply.nl\\\/de\\\/#website\",\"url\":\"https:\\\/\\\/www.heatsupply.nl\\\/de\\\/\",\"name\":\"Heatsupply\",\"description\":\"Hot sauce webstore #1 in Europe\",\"publisher\":{\"@id\":\"https:\\\/\\\/www.heatsupply.nl\\\/de\\\/#organization\"},\"potentialAction\":[{\"@type\":\"SearchAction\",\"target\":{\"@type\":\"EntryPoint\",\"urlTemplate\":\"https:\\\/\\\/www.heatsupply.nl\\\/de\\\/?s={search_term_string}\"},\"query-input\":{\"@type\":\"PropertyValueSpecification\",\"valueRequired\":true,\"valueName\":\"search_term_string\"}}],\"inLanguage\":\"de\"},{\"@type\":\"Organization\",\"@id\":\"https:\\\/\\\/www.heatsupply.nl\\\/de\\\/#organization\",\"name\":\"Heatsupply\",\"url\":\"https:\\\/\\\/www.heatsupply.nl\\\/de\\\/\",\"logo\":{\"@type\":\"ImageObject\",\"inLanguage\":\"de\",\"@id\":\"https:\\\/\\\/www.heatsupply.nl\\\/de\\\/#\\\/schema\\\/logo\\\/image\\\/\",\"url\":\"https:\\\/\\\/www.heatsupply.nl\\\/wp-content\\\/uploads\\\/2022\\\/10\\\/heatsupply-logo-rood.jpg\",\"contentUrl\":\"https:\\\/\\\/www.heatsupply.nl\\\/wp-content\\\/uploads\\\/2022\\\/10\\\/heatsupply-logo-rood.jpg\",\"width\":1000,\"height\":335,\"caption\":\"Heatsupply\"},\"image\":{\"@id\":\"https:\\\/\\\/www.heatsupply.nl\\\/de\\\/#\\\/schema\\\/logo\\\/image\\\/\"},\"sameAs\":[\"https:\\\/\\\/www.facebook.com\\\/heatsupplyNL\",\"https:\\\/\\\/www.instagram.com\\\/heatsuppy.nl\",\"https:\\\/\\\/www.youtube.com\\\/channel\\\/UC5pOWqQtljvxTz2SMWGWCsw\"]}]}<\/script>\n<meta property=\"product:brand\" content=\"Marie Sharp&#039;s\" \/>\n<meta property=\"product:price:amount\" content=\"8.95\" \/>\n<meta property=\"product:price:currency\" content=\"EUR\" \/>\n<meta property=\"og:availability\" content=\"instock\" \/>\n<meta property=\"product:availability\" content=\"instock\" \/>\n<meta property=\"product:retailer_item_id\" content=\"MSPLPHS001\" \/>\n<meta property=\"product:condition\" content=\"new\" \/>\n<!-- \/ Yoast SEO Premium plugin. -->","yoast_head_json":{"title":"Marie Sharp's Pure Love Pineapple Habanero sauce - Heatsupply","description":"Die Pure Love Hot Sauce von Marie Sharp ist eine k\u00f6stliche Sommersauce aus Ananas, Habaneros, Zwiebeln und Knoblauch.","robots":{"index":"index","follow":"follow","max-snippet":"max-snippet:-1","max-image-preview":"max-image-preview:large","max-video-preview":"max-video-preview:-1"},"canonical":"https:\/\/www.heatsupply.nl\/de\/produkt\/marie-sharps-pure-love-pineapple-habanero-sauce\/","og_locale":"de_DE","og_type":"article","og_title":"Marie Sharp's Pure Love Pineapple Habanero sauce","og_description":"Die Pure Love Hot Sauce von Marie Sharp ist eine k\u00f6stliche Sommersauce aus Ananas, Habaneros, Zwiebeln und Knoblauch.","og_url":"https:\/\/www.heatsupply.nl\/de\/produkt\/marie-sharps-pure-love-pineapple-habanero-sauce\/","og_site_name":"Heatsupply","article_publisher":"https:\/\/www.facebook.com\/heatsupplyNL","article_modified_time":"2026-04-21T23:01:12+00:00","og_image":[{"width":1400,"height":1400,"url":"https:\/\/www.heatsupply.nl\/wp-content\/uploads\/2017\/12\/marie-sharps-pure-love-pineapple-hot-sauce.jpg","type":"image\/jpeg"}],"twitter_card":"summary_large_image","twitter_misc":{"Preis":"&euro;8,95","Verf\u00fcgbarkeit":"Auf Lager"},"schema":{"@context":"https:\/\/schema.org","@graph":[{"@type":"WebPage","@id":"https:\/\/www.heatsupply.nl\/de\/produkt\/marie-sharps-pure-love-pineapple-habanero-sauce\/","url":"https:\/\/www.heatsupply.nl\/de\/produkt\/marie-sharps-pure-love-pineapple-habanero-sauce\/","name":"Marie Sharp's Pure Love Pineapple Habanero sauce - Heatsupply","isPartOf":{"@id":"https:\/\/www.heatsupply.nl\/de\/#website"},"primaryImageOfPage":{"@id":"https:\/\/www.heatsupply.nl\/de\/produkt\/marie-sharps-pure-love-pineapple-habanero-sauce\/#primaryimage"},"image":{"@id":"https:\/\/www.heatsupply.nl\/de\/produkt\/marie-sharps-pure-love-pineapple-habanero-sauce\/#primaryimage"},"thumbnailUrl":"https:\/\/www.heatsupply.nl\/wp-content\/uploads\/2017\/12\/marie-sharps-pure-love-pineapple-hot-sauce.jpg","datePublished":"2020-12-10T09:43:00+00:00","dateModified":"2026-04-21T23:01:12+00:00","description":"Die Pure Love Hot Sauce von Marie Sharp ist eine k\u00f6stliche Sommersauce aus Ananas, Habaneros, Zwiebeln und Knoblauch.","breadcrumb":{"@id":"https:\/\/www.heatsupply.nl\/de\/produkt\/marie-sharps-pure-love-pineapple-habanero-sauce\/#breadcrumb"},"inLanguage":"de","potentialAction":[{"@type":"ReadAction","target":["https:\/\/www.heatsupply.nl\/de\/produkt\/marie-sharps-pure-love-pineapple-habanero-sauce\/"]}]},{"@type":"ImageObject","inLanguage":"de","@id":"https:\/\/www.heatsupply.nl\/de\/produkt\/marie-sharps-pure-love-pineapple-habanero-sauce\/#primaryimage","url":"https:\/\/www.heatsupply.nl\/wp-content\/uploads\/2017\/12\/marie-sharps-pure-love-pineapple-hot-sauce.jpg","contentUrl":"https:\/\/www.heatsupply.nl\/wp-content\/uploads\/2017\/12\/marie-sharps-pure-love-pineapple-hot-sauce.jpg","width":1400,"height":1400},{"@type":"BreadcrumbList","@id":"https:\/\/www.heatsupply.nl\/de\/produkt\/marie-sharps-pure-love-pineapple-habanero-sauce\/#breadcrumb","itemListElement":[{"@type":"ListItem","position":1,"name":"Home","item":"https:\/\/www.heatsupply.nl\/de\/"},{"@type":"ListItem","position":2,"name":"Alle produkten","item":"https:\/\/www.heatsupply.nl\/de\/alle-produkten\/"},{"@type":"ListItem","position":3,"name":"Scharfe So\u00dfen","item":"https:\/\/www.heatsupply.nl\/de\/scharfe-sossen\/"},{"@type":"ListItem","position":4,"name":"Habanero","item":"https:\/\/www.heatsupply.nl\/de\/scharfe-sossen\/habanero\/"},{"@type":"ListItem","position":5,"name":"Marie Sharp&#8217;s Pure Love Pineapple Habanero sauce"}]},{"@type":"WebSite","@id":"https:\/\/www.heatsupply.nl\/de\/#website","url":"https:\/\/www.heatsupply.nl\/de\/","name":"Heatsupply","description":"Hot sauce webstore #1 in Europe","publisher":{"@id":"https:\/\/www.heatsupply.nl\/de\/#organization"},"potentialAction":[{"@type":"SearchAction","target":{"@type":"EntryPoint","urlTemplate":"https:\/\/www.heatsupply.nl\/de\/?s={search_term_string}"},"query-input":{"@type":"PropertyValueSpecification","valueRequired":true,"valueName":"search_term_string"}}],"inLanguage":"de"},{"@type":"Organization","@id":"https:\/\/www.heatsupply.nl\/de\/#organization","name":"Heatsupply","url":"https:\/\/www.heatsupply.nl\/de\/","logo":{"@type":"ImageObject","inLanguage":"de","@id":"https:\/\/www.heatsupply.nl\/de\/#\/schema\/logo\/image\/","url":"https:\/\/www.heatsupply.nl\/wp-content\/uploads\/2022\/10\/heatsupply-logo-rood.jpg","contentUrl":"https:\/\/www.heatsupply.nl\/wp-content\/uploads\/2022\/10\/heatsupply-logo-rood.jpg","width":1000,"height":335,"caption":"Heatsupply"},"image":{"@id":"https:\/\/www.heatsupply.nl\/de\/#\/schema\/logo\/image\/"},"sameAs":["https:\/\/www.facebook.com\/heatsupplyNL","https:\/\/www.instagram.com\/heatsuppy.nl","https:\/\/www.youtube.com\/channel\/UC5pOWqQtljvxTz2SMWGWCsw"]}]},"product_brand":"Marie Sharp&#039;s","product_price_amount":"8.95","product_price_currency":"EUR","og_availability":"instock","product_availability":"instock","product_retailer_item_id":"MSPLPHS001","product_condition":"new"},"_links":{"self":[{"href":"https:\/\/www.heatsupply.nl\/de\/wp-json\/wp\/v2\/product\/142861","targetHints":{"allow":["GET"]}}],"collection":[{"href":"https:\/\/www.heatsupply.nl\/de\/wp-json\/wp\/v2\/product"}],"about":[{"href":"https:\/\/www.heatsupply.nl\/de\/wp-json\/wp\/v2\/types\/product"}],"replies":[{"embeddable":true,"href":"https:\/\/www.heatsupply.nl\/de\/wp-json\/wp\/v2\/comments?post=142861"}],"wp:featuredmedia":[{"embeddable":true,"href":"https:\/\/www.heatsupply.nl\/de\/wp-json\/wp\/v2\/media\/142862"}],"wp:attachment":[{"href":"https:\/\/www.heatsupply.nl\/de\/wp-json\/wp\/v2\/media?parent=142861"}],"wp:term":[{"taxonomy":"product_brand","embeddable":true,"href":"https:\/\/www.heatsupply.nl\/de\/wp-json\/wp\/v2\/product_brand?post=142861"},{"taxonomy":"product_cat","embeddable":true,"href":"https:\/\/www.heatsupply.nl\/de\/wp-json\/wp\/v2\/product_cat?post=142861"},{"taxonomy":"product_tag","embeddable":true,"href":"https:\/\/www.heatsupply.nl\/de\/wp-json\/wp\/v2\/product_tag?post=142861"}],"curies":[{"name":"wp","href":"https:\/\/api.w.org\/{rel}","templated":true}]}}