{"id":142850,"date":"2020-10-07T11:44:00","date_gmt":"2020-10-07T09:44:00","guid":{"rendered":"https:\/\/www.heatsupply.nl\/product\/karma-ashes-2-ashes-hot-sauce-2\/"},"modified":"2026-04-19T22:25:21","modified_gmt":"2026-04-19T20:25:21","slug":"karma-ashes-2-ashes-hot-sauce","status":"publish","type":"product","link":"https:\/\/www.heatsupply.nl\/de\/produkt\/karma-ashes-2-ashes-hot-sauce\/","title":{"rendered":"Karma Ashes 2 Ashes Hot Sauce"},"content":{"rendered":"<p><strong>Zutaten Karma Ashes 2 Ashes Hot Sauce:<\/strong> 7 Topf Primo-Paprika (63%), Apfelessig, Bio-Zucker, Zitronensaft, Salz, Knoblauch, Chipotle-Pfeffer.<\/p>\n<p><span style=\"text-decoration: underline;\">N\u00e4hrwertangaben pro 100gr:<\/span><br \/>\nEnergie: 431,8 kJ\/103,2 kcal<br \/>\nFett: 0,39 Gramm<br \/>\ndavon ges\u00e4ttigte Fette: 0,05 g<br \/>\nKohlenhydrate: 24,18 g<br \/>\ndavon Zucker: 20,15 g<br \/>\nEiwei\u00df: 1,55 g<br \/>\nSalz: 0,34 g<\/p>\n<p>Vor Gebrauch sch\u00fctteln. Nach dem \u00d6ffnen im K\u00fchlschrank aufbewahren.<\/p>\n","protected":false},"excerpt":{"rendered":"<p><span style=\"font-weight: 500\">Die Karma Ashes 2 Ashes Hot Sauce ist f\u00fcr nur eine Sache gemacht: um deinen Mund in Brand zu setzen. Diese Sauce besteht zu 63% aus superscharfen 7-Pot Primo Chilis, die auf fast 1,5 Millionen Scoville-Einheiten gesch\u00e4tzt werden. Ein Tropfen dieser Sauce kann also ausreichen, um Ihr Essen sehr scharf zu machen. Die Sauce hat aber auch einen leicht s\u00fc\u00dfen Unterton durch den Bio-Zucker und eine rauchige Note durch die Chipotle. Echte Chili-Liebhaber werden den Geschmack dieser Sauce also definitiv zu sch\u00e4tzen wissen.<\/span><\/p>\n<p style=\"text-align: justify\">\n<p><span style=\"font-weight: 500\">Aufgrund unserer eigenen Erfahrungen sind wir der Meinung, dass dies vielleicht die sch\u00e4rfste scharfe Sauce der Welt ist, der keine Extrakte zugesetzt wurden.<\/span><\/p>\n<p style=\"text-align: justify\">\n<p><span style=\"font-weight: 500\">Herkunft: Rochester, New York (USA)<\/span><\/p>\n<p style=\"text-align: justify\">\n<p><span style=\"font-weight: 500\">Inhalt: 148 ml<\/span><\/p>\n","protected":false},"featured_media":142851,"comment_status":"open","ping_status":"closed","template":"","meta":{"_acf_changed":false},"product_brand":[],"product_cat":[3930,3918,3787,4046],"product_tag":[],"class_list":{"0":"post-142850","1":"product","2":"type-product","3":"status-publish","4":"has-post-thumbnail","6":"product_cat-chipotle","7":"product_cat-extrem-scharf","8":"product_cat-scharfe-sossen","9":"product_cat-spicy","11":"first","12":"instock","13":"taxable","14":"shipping-taxable","15":"purchasable","16":"product-type-simple"},"bundled_by":[],"bundle_stock_status":"instock","bundle_stock_quantity":66,"bundle_virtual":false,"bundle_layout":"","bundle_add_to_cart_form_location":"","bundle_editable_in_cart":false,"bundle_sold_individually_context":"","bundle_item_grouping":"","bundle_min_size":"","bundle_max_size":"","bundle_price":[],"bundled_items":[],"bundle_sell_ids":[],"acf":[],"yoast_head":"<!-- This site is optimized with the Yoast SEO Premium plugin v27.4 (Yoast SEO v27.4) - https:\/\/yoast.com\/product\/yoast-seo-premium-wordpress\/ -->\n<title>Karma Ashes 2 Ashes Hot Sauce - Heatsupply<\/title>\n<meta name=\"description\" content=\"Karma Ashes 2 Ashes Hot Sauce ist eine bizarr scharfe Sauce mit 7-Pot Primo-Pfeffern (63%). Also f\u00fcr die echten Feuerschlucker! Exklusiv bei Heatsupply.\" \/>\n<meta name=\"robots\" content=\"index, follow, max-snippet:-1, max-image-preview:large, max-video-preview:-1\" \/>\n<link rel=\"canonical\" href=\"https:\/\/www.heatsupply.nl\/de\/produkt\/karma-ashes-2-ashes-hot-sauce\/\" \/>\n<meta property=\"og:locale\" content=\"de_DE\" \/>\n<meta property=\"og:type\" content=\"article\" \/>\n<meta property=\"og:title\" content=\"Karma Ashes 2 Ashes Hot Sauce\" \/>\n<meta property=\"og:description\" content=\"Karma Ashes 2 Ashes Hot Sauce ist eine bizarr scharfe Sauce mit 7-Pot Primo-Pfeffern (63%). Also f\u00fcr die echten Feuerschlucker! Exklusiv bei Heatsupply.\" \/>\n<meta property=\"og:url\" content=\"https:\/\/www.heatsupply.nl\/de\/produkt\/karma-ashes-2-ashes-hot-sauce\/\" \/>\n<meta property=\"og:site_name\" content=\"Heatsupply\" \/>\n<meta property=\"article:publisher\" content=\"https:\/\/www.facebook.com\/heatsupplyNL\" \/>\n<meta property=\"article:modified_time\" content=\"2026-04-19T20:25:21+00:00\" \/>\n<meta property=\"og:image\" content=\"https:\/\/www.heatsupply.nl\/wp-content\/uploads\/2017\/12\/karma-ashes-2-ashes-hot-sauce.jpg\" \/>\n\t<meta property=\"og:image:width\" content=\"1400\" \/>\n\t<meta property=\"og:image:height\" content=\"1400\" \/>\n\t<meta property=\"og:image:type\" content=\"image\/jpeg\" \/>\n<meta name=\"twitter:card\" content=\"summary_large_image\" \/>\n<meta name=\"twitter:label1\" content=\"Preis\" \/>\n\t<meta name=\"twitter:data1\" content=\"&euro;13,95\" \/>\n\t<meta name=\"twitter:label2\" content=\"Verf\u00fcgbarkeit\" \/>\n\t<meta name=\"twitter:data2\" content=\"Auf Lager\" \/>\n<script type=\"application\/ld+json\" class=\"yoast-schema-graph\">{\"@context\":\"https:\\\/\\\/schema.org\",\"@graph\":[{\"@type\":\"WebPage\",\"@id\":\"https:\\\/\\\/www.heatsupply.nl\\\/de\\\/produkt\\\/karma-ashes-2-ashes-hot-sauce\\\/\",\"url\":\"https:\\\/\\\/www.heatsupply.nl\\\/de\\\/produkt\\\/karma-ashes-2-ashes-hot-sauce\\\/\",\"name\":\"Karma Ashes 2 Ashes Hot Sauce - Heatsupply\",\"isPartOf\":{\"@id\":\"https:\\\/\\\/www.heatsupply.nl\\\/de\\\/#website\"},\"primaryImageOfPage\":{\"@id\":\"https:\\\/\\\/www.heatsupply.nl\\\/de\\\/produkt\\\/karma-ashes-2-ashes-hot-sauce\\\/#primaryimage\"},\"image\":{\"@id\":\"https:\\\/\\\/www.heatsupply.nl\\\/de\\\/produkt\\\/karma-ashes-2-ashes-hot-sauce\\\/#primaryimage\"},\"thumbnailUrl\":\"https:\\\/\\\/www.heatsupply.nl\\\/wp-content\\\/uploads\\\/2017\\\/12\\\/karma-ashes-2-ashes-hot-sauce.jpg\",\"datePublished\":\"2020-10-07T09:44:00+00:00\",\"dateModified\":\"2026-04-19T20:25:21+00:00\",\"description\":\"Karma Ashes 2 Ashes Hot Sauce ist eine bizarr scharfe Sauce mit 7-Pot Primo-Pfeffern (63%). Also f\u00fcr die echten Feuerschlucker! Exklusiv bei Heatsupply.\",\"breadcrumb\":{\"@id\":\"https:\\\/\\\/www.heatsupply.nl\\\/de\\\/produkt\\\/karma-ashes-2-ashes-hot-sauce\\\/#breadcrumb\"},\"inLanguage\":\"de\",\"potentialAction\":[{\"@type\":\"ReadAction\",\"target\":[\"https:\\\/\\\/www.heatsupply.nl\\\/de\\\/produkt\\\/karma-ashes-2-ashes-hot-sauce\\\/\"]}]},{\"@type\":\"ImageObject\",\"inLanguage\":\"de\",\"@id\":\"https:\\\/\\\/www.heatsupply.nl\\\/de\\\/produkt\\\/karma-ashes-2-ashes-hot-sauce\\\/#primaryimage\",\"url\":\"https:\\\/\\\/www.heatsupply.nl\\\/wp-content\\\/uploads\\\/2017\\\/12\\\/karma-ashes-2-ashes-hot-sauce.jpg\",\"contentUrl\":\"https:\\\/\\\/www.heatsupply.nl\\\/wp-content\\\/uploads\\\/2017\\\/12\\\/karma-ashes-2-ashes-hot-sauce.jpg\",\"width\":1400,\"height\":1400,\"caption\":\"foto van karma ashes 2 ashes hot sauce fles\"},{\"@type\":\"BreadcrumbList\",\"@id\":\"https:\\\/\\\/www.heatsupply.nl\\\/de\\\/produkt\\\/karma-ashes-2-ashes-hot-sauce\\\/#breadcrumb\",\"itemListElement\":[{\"@type\":\"ListItem\",\"position\":1,\"name\":\"Home\",\"item\":\"https:\\\/\\\/www.heatsupply.nl\\\/de\\\/\"},{\"@type\":\"ListItem\",\"position\":2,\"name\":\"Alle produkten\",\"item\":\"https:\\\/\\\/www.heatsupply.nl\\\/de\\\/alle-produkten\\\/\"},{\"@type\":\"ListItem\",\"position\":3,\"name\":\"Scharfe So\u00dfen\",\"item\":\"https:\\\/\\\/www.heatsupply.nl\\\/de\\\/scharfe-sossen\\\/\"},{\"@type\":\"ListItem\",\"position\":4,\"name\":\"Chipotle\",\"item\":\"https:\\\/\\\/www.heatsupply.nl\\\/de\\\/scharfe-sossen\\\/chipotle\\\/\"},{\"@type\":\"ListItem\",\"position\":5,\"name\":\"Karma Ashes 2 Ashes Hot Sauce\"}]},{\"@type\":\"WebSite\",\"@id\":\"https:\\\/\\\/www.heatsupply.nl\\\/de\\\/#website\",\"url\":\"https:\\\/\\\/www.heatsupply.nl\\\/de\\\/\",\"name\":\"Heatsupply\",\"description\":\"Hot sauce webstore #1 in Europe\",\"publisher\":{\"@id\":\"https:\\\/\\\/www.heatsupply.nl\\\/de\\\/#organization\"},\"potentialAction\":[{\"@type\":\"SearchAction\",\"target\":{\"@type\":\"EntryPoint\",\"urlTemplate\":\"https:\\\/\\\/www.heatsupply.nl\\\/de\\\/?s={search_term_string}\"},\"query-input\":{\"@type\":\"PropertyValueSpecification\",\"valueRequired\":true,\"valueName\":\"search_term_string\"}}],\"inLanguage\":\"de\"},{\"@type\":\"Organization\",\"@id\":\"https:\\\/\\\/www.heatsupply.nl\\\/de\\\/#organization\",\"name\":\"Heatsupply\",\"url\":\"https:\\\/\\\/www.heatsupply.nl\\\/de\\\/\",\"logo\":{\"@type\":\"ImageObject\",\"inLanguage\":\"de\",\"@id\":\"https:\\\/\\\/www.heatsupply.nl\\\/de\\\/#\\\/schema\\\/logo\\\/image\\\/\",\"url\":\"https:\\\/\\\/www.heatsupply.nl\\\/wp-content\\\/uploads\\\/2022\\\/10\\\/heatsupply-logo-rood.jpg\",\"contentUrl\":\"https:\\\/\\\/www.heatsupply.nl\\\/wp-content\\\/uploads\\\/2022\\\/10\\\/heatsupply-logo-rood.jpg\",\"width\":1000,\"height\":335,\"caption\":\"Heatsupply\"},\"image\":{\"@id\":\"https:\\\/\\\/www.heatsupply.nl\\\/de\\\/#\\\/schema\\\/logo\\\/image\\\/\"},\"sameAs\":[\"https:\\\/\\\/www.facebook.com\\\/heatsupplyNL\",\"https:\\\/\\\/www.instagram.com\\\/heatsuppy.nl\",\"https:\\\/\\\/www.youtube.com\\\/channel\\\/UC5pOWqQtljvxTz2SMWGWCsw\"]}]}<\/script>\n<meta property=\"product:brand\" content=\"Karma Sauce\" \/>\n<meta property=\"product:price:amount\" content=\"13.95\" \/>\n<meta property=\"product:price:currency\" content=\"EUR\" \/>\n<meta property=\"og:availability\" content=\"instock\" \/>\n<meta property=\"product:availability\" content=\"instock\" \/>\n<meta property=\"product:retailer_item_id\" content=\"KA2A001\" \/>\n<meta property=\"product:condition\" content=\"new\" \/>\n<!-- \/ Yoast SEO Premium plugin. -->","yoast_head_json":{"title":"Karma Ashes 2 Ashes Hot Sauce - Heatsupply","description":"Karma Ashes 2 Ashes Hot Sauce ist eine bizarr scharfe Sauce mit 7-Pot Primo-Pfeffern (63%). Also f\u00fcr die echten Feuerschlucker! Exklusiv bei Heatsupply.","robots":{"index":"index","follow":"follow","max-snippet":"max-snippet:-1","max-image-preview":"max-image-preview:large","max-video-preview":"max-video-preview:-1"},"canonical":"https:\/\/www.heatsupply.nl\/de\/produkt\/karma-ashes-2-ashes-hot-sauce\/","og_locale":"de_DE","og_type":"article","og_title":"Karma Ashes 2 Ashes Hot Sauce","og_description":"Karma Ashes 2 Ashes Hot Sauce ist eine bizarr scharfe Sauce mit 7-Pot Primo-Pfeffern (63%). Also f\u00fcr die echten Feuerschlucker! Exklusiv bei Heatsupply.","og_url":"https:\/\/www.heatsupply.nl\/de\/produkt\/karma-ashes-2-ashes-hot-sauce\/","og_site_name":"Heatsupply","article_publisher":"https:\/\/www.facebook.com\/heatsupplyNL","article_modified_time":"2026-04-19T20:25:21+00:00","og_image":[{"width":1400,"height":1400,"url":"https:\/\/www.heatsupply.nl\/wp-content\/uploads\/2017\/12\/karma-ashes-2-ashes-hot-sauce.jpg","type":"image\/jpeg"}],"twitter_card":"summary_large_image","twitter_misc":{"Preis":"&euro;13,95","Verf\u00fcgbarkeit":"Auf Lager"},"schema":{"@context":"https:\/\/schema.org","@graph":[{"@type":"WebPage","@id":"https:\/\/www.heatsupply.nl\/de\/produkt\/karma-ashes-2-ashes-hot-sauce\/","url":"https:\/\/www.heatsupply.nl\/de\/produkt\/karma-ashes-2-ashes-hot-sauce\/","name":"Karma Ashes 2 Ashes Hot Sauce - Heatsupply","isPartOf":{"@id":"https:\/\/www.heatsupply.nl\/de\/#website"},"primaryImageOfPage":{"@id":"https:\/\/www.heatsupply.nl\/de\/produkt\/karma-ashes-2-ashes-hot-sauce\/#primaryimage"},"image":{"@id":"https:\/\/www.heatsupply.nl\/de\/produkt\/karma-ashes-2-ashes-hot-sauce\/#primaryimage"},"thumbnailUrl":"https:\/\/www.heatsupply.nl\/wp-content\/uploads\/2017\/12\/karma-ashes-2-ashes-hot-sauce.jpg","datePublished":"2020-10-07T09:44:00+00:00","dateModified":"2026-04-19T20:25:21+00:00","description":"Karma Ashes 2 Ashes Hot Sauce ist eine bizarr scharfe Sauce mit 7-Pot Primo-Pfeffern (63%). Also f\u00fcr die echten Feuerschlucker! Exklusiv bei Heatsupply.","breadcrumb":{"@id":"https:\/\/www.heatsupply.nl\/de\/produkt\/karma-ashes-2-ashes-hot-sauce\/#breadcrumb"},"inLanguage":"de","potentialAction":[{"@type":"ReadAction","target":["https:\/\/www.heatsupply.nl\/de\/produkt\/karma-ashes-2-ashes-hot-sauce\/"]}]},{"@type":"ImageObject","inLanguage":"de","@id":"https:\/\/www.heatsupply.nl\/de\/produkt\/karma-ashes-2-ashes-hot-sauce\/#primaryimage","url":"https:\/\/www.heatsupply.nl\/wp-content\/uploads\/2017\/12\/karma-ashes-2-ashes-hot-sauce.jpg","contentUrl":"https:\/\/www.heatsupply.nl\/wp-content\/uploads\/2017\/12\/karma-ashes-2-ashes-hot-sauce.jpg","width":1400,"height":1400,"caption":"foto van karma ashes 2 ashes hot sauce fles"},{"@type":"BreadcrumbList","@id":"https:\/\/www.heatsupply.nl\/de\/produkt\/karma-ashes-2-ashes-hot-sauce\/#breadcrumb","itemListElement":[{"@type":"ListItem","position":1,"name":"Home","item":"https:\/\/www.heatsupply.nl\/de\/"},{"@type":"ListItem","position":2,"name":"Alle produkten","item":"https:\/\/www.heatsupply.nl\/de\/alle-produkten\/"},{"@type":"ListItem","position":3,"name":"Scharfe So\u00dfen","item":"https:\/\/www.heatsupply.nl\/de\/scharfe-sossen\/"},{"@type":"ListItem","position":4,"name":"Chipotle","item":"https:\/\/www.heatsupply.nl\/de\/scharfe-sossen\/chipotle\/"},{"@type":"ListItem","position":5,"name":"Karma Ashes 2 Ashes Hot Sauce"}]},{"@type":"WebSite","@id":"https:\/\/www.heatsupply.nl\/de\/#website","url":"https:\/\/www.heatsupply.nl\/de\/","name":"Heatsupply","description":"Hot sauce webstore #1 in Europe","publisher":{"@id":"https:\/\/www.heatsupply.nl\/de\/#organization"},"potentialAction":[{"@type":"SearchAction","target":{"@type":"EntryPoint","urlTemplate":"https:\/\/www.heatsupply.nl\/de\/?s={search_term_string}"},"query-input":{"@type":"PropertyValueSpecification","valueRequired":true,"valueName":"search_term_string"}}],"inLanguage":"de"},{"@type":"Organization","@id":"https:\/\/www.heatsupply.nl\/de\/#organization","name":"Heatsupply","url":"https:\/\/www.heatsupply.nl\/de\/","logo":{"@type":"ImageObject","inLanguage":"de","@id":"https:\/\/www.heatsupply.nl\/de\/#\/schema\/logo\/image\/","url":"https:\/\/www.heatsupply.nl\/wp-content\/uploads\/2022\/10\/heatsupply-logo-rood.jpg","contentUrl":"https:\/\/www.heatsupply.nl\/wp-content\/uploads\/2022\/10\/heatsupply-logo-rood.jpg","width":1000,"height":335,"caption":"Heatsupply"},"image":{"@id":"https:\/\/www.heatsupply.nl\/de\/#\/schema\/logo\/image\/"},"sameAs":["https:\/\/www.facebook.com\/heatsupplyNL","https:\/\/www.instagram.com\/heatsuppy.nl","https:\/\/www.youtube.com\/channel\/UC5pOWqQtljvxTz2SMWGWCsw"]}]},"product_brand":"Karma Sauce","product_price_amount":"13.95","product_price_currency":"EUR","og_availability":"instock","product_availability":"instock","product_retailer_item_id":"KA2A001","product_condition":"new"},"_links":{"self":[{"href":"https:\/\/www.heatsupply.nl\/de\/wp-json\/wp\/v2\/product\/142850","targetHints":{"allow":["GET"]}}],"collection":[{"href":"https:\/\/www.heatsupply.nl\/de\/wp-json\/wp\/v2\/product"}],"about":[{"href":"https:\/\/www.heatsupply.nl\/de\/wp-json\/wp\/v2\/types\/product"}],"replies":[{"embeddable":true,"href":"https:\/\/www.heatsupply.nl\/de\/wp-json\/wp\/v2\/comments?post=142850"}],"wp:featuredmedia":[{"embeddable":true,"href":"https:\/\/www.heatsupply.nl\/de\/wp-json\/wp\/v2\/media\/142851"}],"wp:attachment":[{"href":"https:\/\/www.heatsupply.nl\/de\/wp-json\/wp\/v2\/media?parent=142850"}],"wp:term":[{"taxonomy":"product_brand","embeddable":true,"href":"https:\/\/www.heatsupply.nl\/de\/wp-json\/wp\/v2\/product_brand?post=142850"},{"taxonomy":"product_cat","embeddable":true,"href":"https:\/\/www.heatsupply.nl\/de\/wp-json\/wp\/v2\/product_cat?post=142850"},{"taxonomy":"product_tag","embeddable":true,"href":"https:\/\/www.heatsupply.nl\/de\/wp-json\/wp\/v2\/product_tag?post=142850"}],"curies":[{"name":"wp","href":"https:\/\/api.w.org\/{rel}","templated":true}]}}