{"id":142840,"date":"2020-07-07T12:49:00","date_gmt":"2020-07-07T10:49:00","guid":{"rendered":"https:\/\/www.heatsupply.nl\/product\/el-yucateco-xxxtra-hot-habanero-hot-sauce-2\/"},"modified":"2026-04-23T15:18:12","modified_gmt":"2026-04-23T13:18:12","slug":"el-yucateco-xxxtra-hot-habanero-hot-sauce","status":"publish","type":"product","link":"https:\/\/www.heatsupply.nl\/de\/produkt\/el-yucateco-xxxtra-hot-habanero-hot-sauce\/","title":{"rendered":"El Yucateco XXXtra Hot Habanero Hot Sauce"},"content":{"rendered":"<p><strong>Zutaten:<\/strong> Habanero-Pfeffer, Essig, Tomaten, Salz, Gew\u00fcrze und 0,1% Natriumbenzoat als Konservierungsmittel.<\/p>\n<p><span style=\"text-decoration: underline\">N\u00e4hrwertangaben pro 100gr:<\/span><br \/>\nEnergie: 0 kJ\/0 kcal<br \/>\nFett: 0 g<br \/>\ndavon ges\u00e4ttigte Fette: 0 g<br \/>\nKohlenhydrate: 0 g<br \/>\ndavon Zucker: 0 g<br \/>\nEiwei\u00df: 0 g<br \/>\nSalz: 2,1 g<\/p>\n<p>Vor dem Gebrauch sch\u00fctteln und nach dem \u00d6ffnen im K\u00fchlschrank aufbewahren.<\/p>\n","protected":false},"excerpt":{"rendered":"<p><span style=\"font-weight: 500\">Diese El Yucateco XXXtra Hot oder El Yucateco XXXtra Hot Kutbil-ik Mayan Style Habanero Hot Sauce, wie sie im vollen Wortlaut hei\u00dft, ist die sch\u00e4rfste aus dem Stall der legend\u00e4ren mexikanischen Marke. Keine komplizierte oder lange Zutatenliste, sondern eine k\u00f6stliche und scharfe Sauce mit einem rauchigen und w\u00fcrzigen Charakter, die weltweit hoch bewertet wird. Diese scharfe Sauce ist daher sehr vielseitig einsetzbar, passt aber unserer Meinung nach am besten zu deinen mexikanischen Lieblingsgerichten.<\/span><\/p>\n<p style=\"text-align: justify\">\n<p><span style=\"font-weight: 500\">Herkunft: Mexiko<\/span><\/p>\n<p style=\"text-align: justify\">\n<p><span style=\"font-weight: 500\">Inhalt: 120ml<\/span><\/p>\n","protected":false},"featured_media":142841,"comment_status":"open","ping_status":"closed","template":"","meta":{"_acf_changed":false},"product_brand":[],"product_cat":[3913,3787,4046],"product_tag":[],"class_list":{"0":"post-142840","1":"product","2":"type-product","3":"status-publish","4":"has-post-thumbnail","6":"product_cat-habanero","7":"product_cat-scharfe-sossen","8":"product_cat-spicy","10":"first","11":"instock","12":"taxable","13":"shipping-taxable","14":"purchasable","15":"product-type-simple"},"bundled_by":[],"bundle_stock_status":"instock","bundle_stock_quantity":212,"bundle_virtual":false,"bundle_layout":"","bundle_add_to_cart_form_location":"","bundle_editable_in_cart":false,"bundle_sold_individually_context":"","bundle_item_grouping":"","bundle_min_size":"","bundle_max_size":"","bundle_price":[],"bundled_items":[],"bundle_sell_ids":[],"acf":[],"yoast_head":"<!-- This site is optimized with the Yoast SEO Premium plugin v27.4 (Yoast SEO v27.4) - https:\/\/yoast.com\/product\/yoast-seo-premium-wordpress\/ -->\n<title>El Yucateco XXXtra Hot Habanero Hot Sauce - Heatsupply<\/title>\n<meta name=\"description\" content=\"Die El Yucateco XXXtra Hot Sauce ist die sch\u00e4rfste Sauce der legend\u00e4ren mexikanischen Marke. Hergestellt mit Habaneros und einem sch\u00f6nen rauchigen und w\u00fcrzigen Geschmack.\" \/>\n<meta name=\"robots\" content=\"index, follow, max-snippet:-1, max-image-preview:large, max-video-preview:-1\" \/>\n<link rel=\"canonical\" href=\"https:\/\/www.heatsupply.nl\/de\/produkt\/el-yucateco-xxxtra-hot-habanero-hot-sauce\/\" \/>\n<meta property=\"og:locale\" content=\"de_DE\" \/>\n<meta property=\"og:type\" content=\"article\" \/>\n<meta property=\"og:title\" content=\"El Yucateco XXXtra Hot Habanero Hot Sauce\" \/>\n<meta property=\"og:description\" content=\"Die El Yucateco XXXtra Hot Sauce ist die sch\u00e4rfste Sauce der legend\u00e4ren mexikanischen Marke. Hergestellt mit Habaneros und einem sch\u00f6nen rauchigen und w\u00fcrzigen Geschmack.\" \/>\n<meta property=\"og:url\" content=\"https:\/\/www.heatsupply.nl\/de\/produkt\/el-yucateco-xxxtra-hot-habanero-hot-sauce\/\" \/>\n<meta property=\"og:site_name\" content=\"Heatsupply\" \/>\n<meta property=\"article:publisher\" content=\"https:\/\/www.facebook.com\/heatsupplyNL\" \/>\n<meta property=\"article:modified_time\" content=\"2026-04-23T13:18:12+00:00\" \/>\n<meta property=\"og:image\" content=\"https:\/\/www.heatsupply.nl\/wp-content\/uploads\/2017\/12\/el-yucateco-xxxtra-hot-sauce.jpg\" \/>\n\t<meta property=\"og:image:width\" content=\"1400\" \/>\n\t<meta property=\"og:image:height\" content=\"1400\" \/>\n\t<meta property=\"og:image:type\" content=\"image\/jpeg\" \/>\n<meta name=\"twitter:card\" content=\"summary_large_image\" \/>\n<meta name=\"twitter:label1\" content=\"Preis\" \/>\n\t<meta name=\"twitter:data1\" content=\"&euro;3,95\" \/>\n\t<meta name=\"twitter:label2\" content=\"Verf\u00fcgbarkeit\" \/>\n\t<meta name=\"twitter:data2\" content=\"Auf Lager\" \/>\n<script type=\"application\/ld+json\" class=\"yoast-schema-graph\">{\"@context\":\"https:\\\/\\\/schema.org\",\"@graph\":[{\"@type\":\"WebPage\",\"@id\":\"https:\\\/\\\/www.heatsupply.nl\\\/de\\\/produkt\\\/el-yucateco-xxxtra-hot-habanero-hot-sauce\\\/\",\"url\":\"https:\\\/\\\/www.heatsupply.nl\\\/de\\\/produkt\\\/el-yucateco-xxxtra-hot-habanero-hot-sauce\\\/\",\"name\":\"El Yucateco XXXtra Hot Habanero Hot Sauce - Heatsupply\",\"isPartOf\":{\"@id\":\"https:\\\/\\\/www.heatsupply.nl\\\/de\\\/#website\"},\"primaryImageOfPage\":{\"@id\":\"https:\\\/\\\/www.heatsupply.nl\\\/de\\\/produkt\\\/el-yucateco-xxxtra-hot-habanero-hot-sauce\\\/#primaryimage\"},\"image\":{\"@id\":\"https:\\\/\\\/www.heatsupply.nl\\\/de\\\/produkt\\\/el-yucateco-xxxtra-hot-habanero-hot-sauce\\\/#primaryimage\"},\"thumbnailUrl\":\"https:\\\/\\\/www.heatsupply.nl\\\/wp-content\\\/uploads\\\/2017\\\/12\\\/el-yucateco-xxxtra-hot-sauce.jpg\",\"datePublished\":\"2020-07-07T10:49:00+00:00\",\"dateModified\":\"2026-04-23T13:18:12+00:00\",\"description\":\"Die El Yucateco XXXtra Hot Sauce ist die sch\u00e4rfste Sauce der legend\u00e4ren mexikanischen Marke. Hergestellt mit Habaneros und einem sch\u00f6nen rauchigen und w\u00fcrzigen Geschmack.\",\"breadcrumb\":{\"@id\":\"https:\\\/\\\/www.heatsupply.nl\\\/de\\\/produkt\\\/el-yucateco-xxxtra-hot-habanero-hot-sauce\\\/#breadcrumb\"},\"inLanguage\":\"de\",\"potentialAction\":[{\"@type\":\"ReadAction\",\"target\":[\"https:\\\/\\\/www.heatsupply.nl\\\/de\\\/produkt\\\/el-yucateco-xxxtra-hot-habanero-hot-sauce\\\/\"]}]},{\"@type\":\"ImageObject\",\"inLanguage\":\"de\",\"@id\":\"https:\\\/\\\/www.heatsupply.nl\\\/de\\\/produkt\\\/el-yucateco-xxxtra-hot-habanero-hot-sauce\\\/#primaryimage\",\"url\":\"https:\\\/\\\/www.heatsupply.nl\\\/wp-content\\\/uploads\\\/2017\\\/12\\\/el-yucateco-xxxtra-hot-sauce.jpg\",\"contentUrl\":\"https:\\\/\\\/www.heatsupply.nl\\\/wp-content\\\/uploads\\\/2017\\\/12\\\/el-yucateco-xxxtra-hot-sauce.jpg\",\"width\":1400,\"height\":1400},{\"@type\":\"BreadcrumbList\",\"@id\":\"https:\\\/\\\/www.heatsupply.nl\\\/de\\\/produkt\\\/el-yucateco-xxxtra-hot-habanero-hot-sauce\\\/#breadcrumb\",\"itemListElement\":[{\"@type\":\"ListItem\",\"position\":1,\"name\":\"Home\",\"item\":\"https:\\\/\\\/www.heatsupply.nl\\\/de\\\/\"},{\"@type\":\"ListItem\",\"position\":2,\"name\":\"Alle produkten\",\"item\":\"https:\\\/\\\/www.heatsupply.nl\\\/de\\\/alle-produkten\\\/\"},{\"@type\":\"ListItem\",\"position\":3,\"name\":\"Scharfe So\u00dfen\",\"item\":\"https:\\\/\\\/www.heatsupply.nl\\\/de\\\/scharfe-sossen\\\/\"},{\"@type\":\"ListItem\",\"position\":4,\"name\":\"Habanero\",\"item\":\"https:\\\/\\\/www.heatsupply.nl\\\/de\\\/scharfe-sossen\\\/habanero\\\/\"},{\"@type\":\"ListItem\",\"position\":5,\"name\":\"El Yucateco XXXtra Hot Habanero Hot Sauce\"}]},{\"@type\":\"WebSite\",\"@id\":\"https:\\\/\\\/www.heatsupply.nl\\\/de\\\/#website\",\"url\":\"https:\\\/\\\/www.heatsupply.nl\\\/de\\\/\",\"name\":\"Heatsupply\",\"description\":\"Hot sauce webstore #1 in Europe\",\"publisher\":{\"@id\":\"https:\\\/\\\/www.heatsupply.nl\\\/de\\\/#organization\"},\"potentialAction\":[{\"@type\":\"SearchAction\",\"target\":{\"@type\":\"EntryPoint\",\"urlTemplate\":\"https:\\\/\\\/www.heatsupply.nl\\\/de\\\/?s={search_term_string}\"},\"query-input\":{\"@type\":\"PropertyValueSpecification\",\"valueRequired\":true,\"valueName\":\"search_term_string\"}}],\"inLanguage\":\"de\"},{\"@type\":\"Organization\",\"@id\":\"https:\\\/\\\/www.heatsupply.nl\\\/de\\\/#organization\",\"name\":\"Heatsupply\",\"url\":\"https:\\\/\\\/www.heatsupply.nl\\\/de\\\/\",\"logo\":{\"@type\":\"ImageObject\",\"inLanguage\":\"de\",\"@id\":\"https:\\\/\\\/www.heatsupply.nl\\\/de\\\/#\\\/schema\\\/logo\\\/image\\\/\",\"url\":\"https:\\\/\\\/www.heatsupply.nl\\\/wp-content\\\/uploads\\\/2022\\\/10\\\/heatsupply-logo-rood.jpg\",\"contentUrl\":\"https:\\\/\\\/www.heatsupply.nl\\\/wp-content\\\/uploads\\\/2022\\\/10\\\/heatsupply-logo-rood.jpg\",\"width\":1000,\"height\":335,\"caption\":\"Heatsupply\"},\"image\":{\"@id\":\"https:\\\/\\\/www.heatsupply.nl\\\/de\\\/#\\\/schema\\\/logo\\\/image\\\/\"},\"sameAs\":[\"https:\\\/\\\/www.facebook.com\\\/heatsupplyNL\",\"https:\\\/\\\/www.instagram.com\\\/heatsuppy.nl\",\"https:\\\/\\\/www.youtube.com\\\/channel\\\/UC5pOWqQtljvxTz2SMWGWCsw\"]}]}<\/script>\n<meta property=\"product:brand\" content=\"El Yucateco\" \/>\n<meta property=\"product:price:amount\" content=\"3.95\" \/>\n<meta property=\"product:price:currency\" content=\"EUR\" \/>\n<meta property=\"og:availability\" content=\"instock\" \/>\n<meta property=\"product:availability\" content=\"instock\" \/>\n<meta property=\"product:retailer_item_id\" content=\"EYXH001\" \/>\n<meta property=\"product:condition\" content=\"new\" \/>\n<!-- \/ Yoast SEO Premium plugin. -->","yoast_head_json":{"title":"El Yucateco XXXtra Hot Habanero Hot Sauce - Heatsupply","description":"Die El Yucateco XXXtra Hot Sauce ist die sch\u00e4rfste Sauce der legend\u00e4ren mexikanischen Marke. Hergestellt mit Habaneros und einem sch\u00f6nen rauchigen und w\u00fcrzigen Geschmack.","robots":{"index":"index","follow":"follow","max-snippet":"max-snippet:-1","max-image-preview":"max-image-preview:large","max-video-preview":"max-video-preview:-1"},"canonical":"https:\/\/www.heatsupply.nl\/de\/produkt\/el-yucateco-xxxtra-hot-habanero-hot-sauce\/","og_locale":"de_DE","og_type":"article","og_title":"El Yucateco XXXtra Hot Habanero Hot Sauce","og_description":"Die El Yucateco XXXtra Hot Sauce ist die sch\u00e4rfste Sauce der legend\u00e4ren mexikanischen Marke. Hergestellt mit Habaneros und einem sch\u00f6nen rauchigen und w\u00fcrzigen Geschmack.","og_url":"https:\/\/www.heatsupply.nl\/de\/produkt\/el-yucateco-xxxtra-hot-habanero-hot-sauce\/","og_site_name":"Heatsupply","article_publisher":"https:\/\/www.facebook.com\/heatsupplyNL","article_modified_time":"2026-04-23T13:18:12+00:00","og_image":[{"width":1400,"height":1400,"url":"https:\/\/www.heatsupply.nl\/wp-content\/uploads\/2017\/12\/el-yucateco-xxxtra-hot-sauce.jpg","type":"image\/jpeg"}],"twitter_card":"summary_large_image","twitter_misc":{"Preis":"&euro;3,95","Verf\u00fcgbarkeit":"Auf Lager"},"schema":{"@context":"https:\/\/schema.org","@graph":[{"@type":"WebPage","@id":"https:\/\/www.heatsupply.nl\/de\/produkt\/el-yucateco-xxxtra-hot-habanero-hot-sauce\/","url":"https:\/\/www.heatsupply.nl\/de\/produkt\/el-yucateco-xxxtra-hot-habanero-hot-sauce\/","name":"El Yucateco XXXtra Hot Habanero Hot Sauce - Heatsupply","isPartOf":{"@id":"https:\/\/www.heatsupply.nl\/de\/#website"},"primaryImageOfPage":{"@id":"https:\/\/www.heatsupply.nl\/de\/produkt\/el-yucateco-xxxtra-hot-habanero-hot-sauce\/#primaryimage"},"image":{"@id":"https:\/\/www.heatsupply.nl\/de\/produkt\/el-yucateco-xxxtra-hot-habanero-hot-sauce\/#primaryimage"},"thumbnailUrl":"https:\/\/www.heatsupply.nl\/wp-content\/uploads\/2017\/12\/el-yucateco-xxxtra-hot-sauce.jpg","datePublished":"2020-07-07T10:49:00+00:00","dateModified":"2026-04-23T13:18:12+00:00","description":"Die El Yucateco XXXtra Hot Sauce ist die sch\u00e4rfste Sauce der legend\u00e4ren mexikanischen Marke. Hergestellt mit Habaneros und einem sch\u00f6nen rauchigen und w\u00fcrzigen Geschmack.","breadcrumb":{"@id":"https:\/\/www.heatsupply.nl\/de\/produkt\/el-yucateco-xxxtra-hot-habanero-hot-sauce\/#breadcrumb"},"inLanguage":"de","potentialAction":[{"@type":"ReadAction","target":["https:\/\/www.heatsupply.nl\/de\/produkt\/el-yucateco-xxxtra-hot-habanero-hot-sauce\/"]}]},{"@type":"ImageObject","inLanguage":"de","@id":"https:\/\/www.heatsupply.nl\/de\/produkt\/el-yucateco-xxxtra-hot-habanero-hot-sauce\/#primaryimage","url":"https:\/\/www.heatsupply.nl\/wp-content\/uploads\/2017\/12\/el-yucateco-xxxtra-hot-sauce.jpg","contentUrl":"https:\/\/www.heatsupply.nl\/wp-content\/uploads\/2017\/12\/el-yucateco-xxxtra-hot-sauce.jpg","width":1400,"height":1400},{"@type":"BreadcrumbList","@id":"https:\/\/www.heatsupply.nl\/de\/produkt\/el-yucateco-xxxtra-hot-habanero-hot-sauce\/#breadcrumb","itemListElement":[{"@type":"ListItem","position":1,"name":"Home","item":"https:\/\/www.heatsupply.nl\/de\/"},{"@type":"ListItem","position":2,"name":"Alle produkten","item":"https:\/\/www.heatsupply.nl\/de\/alle-produkten\/"},{"@type":"ListItem","position":3,"name":"Scharfe So\u00dfen","item":"https:\/\/www.heatsupply.nl\/de\/scharfe-sossen\/"},{"@type":"ListItem","position":4,"name":"Habanero","item":"https:\/\/www.heatsupply.nl\/de\/scharfe-sossen\/habanero\/"},{"@type":"ListItem","position":5,"name":"El Yucateco XXXtra Hot Habanero Hot Sauce"}]},{"@type":"WebSite","@id":"https:\/\/www.heatsupply.nl\/de\/#website","url":"https:\/\/www.heatsupply.nl\/de\/","name":"Heatsupply","description":"Hot sauce webstore #1 in Europe","publisher":{"@id":"https:\/\/www.heatsupply.nl\/de\/#organization"},"potentialAction":[{"@type":"SearchAction","target":{"@type":"EntryPoint","urlTemplate":"https:\/\/www.heatsupply.nl\/de\/?s={search_term_string}"},"query-input":{"@type":"PropertyValueSpecification","valueRequired":true,"valueName":"search_term_string"}}],"inLanguage":"de"},{"@type":"Organization","@id":"https:\/\/www.heatsupply.nl\/de\/#organization","name":"Heatsupply","url":"https:\/\/www.heatsupply.nl\/de\/","logo":{"@type":"ImageObject","inLanguage":"de","@id":"https:\/\/www.heatsupply.nl\/de\/#\/schema\/logo\/image\/","url":"https:\/\/www.heatsupply.nl\/wp-content\/uploads\/2022\/10\/heatsupply-logo-rood.jpg","contentUrl":"https:\/\/www.heatsupply.nl\/wp-content\/uploads\/2022\/10\/heatsupply-logo-rood.jpg","width":1000,"height":335,"caption":"Heatsupply"},"image":{"@id":"https:\/\/www.heatsupply.nl\/de\/#\/schema\/logo\/image\/"},"sameAs":["https:\/\/www.facebook.com\/heatsupplyNL","https:\/\/www.instagram.com\/heatsuppy.nl","https:\/\/www.youtube.com\/channel\/UC5pOWqQtljvxTz2SMWGWCsw"]}]},"product_brand":"El Yucateco","product_price_amount":"3.95","product_price_currency":"EUR","og_availability":"instock","product_availability":"instock","product_retailer_item_id":"EYXH001","product_condition":"new"},"_links":{"self":[{"href":"https:\/\/www.heatsupply.nl\/de\/wp-json\/wp\/v2\/product\/142840","targetHints":{"allow":["GET"]}}],"collection":[{"href":"https:\/\/www.heatsupply.nl\/de\/wp-json\/wp\/v2\/product"}],"about":[{"href":"https:\/\/www.heatsupply.nl\/de\/wp-json\/wp\/v2\/types\/product"}],"replies":[{"embeddable":true,"href":"https:\/\/www.heatsupply.nl\/de\/wp-json\/wp\/v2\/comments?post=142840"}],"wp:featuredmedia":[{"embeddable":true,"href":"https:\/\/www.heatsupply.nl\/de\/wp-json\/wp\/v2\/media\/142841"}],"wp:attachment":[{"href":"https:\/\/www.heatsupply.nl\/de\/wp-json\/wp\/v2\/media?parent=142840"}],"wp:term":[{"taxonomy":"product_brand","embeddable":true,"href":"https:\/\/www.heatsupply.nl\/de\/wp-json\/wp\/v2\/product_brand?post=142840"},{"taxonomy":"product_cat","embeddable":true,"href":"https:\/\/www.heatsupply.nl\/de\/wp-json\/wp\/v2\/product_cat?post=142840"},{"taxonomy":"product_tag","embeddable":true,"href":"https:\/\/www.heatsupply.nl\/de\/wp-json\/wp\/v2\/product_tag?post=142840"}],"curies":[{"name":"wp","href":"https:\/\/api.w.org\/{rel}","templated":true}]}}