{"id":142645,"date":"2024-02-19T11:15:30","date_gmt":"2024-02-19T10:15:30","guid":{"rendered":"https:\/\/www.heatsupply.nl\/?post_type=product&#038;p=142645"},"modified":"2025-05-16T15:13:57","modified_gmt":"2025-05-16T13:13:57","slug":"raijmakers-heetmakers-hot-sauce-4-giftset","status":"publish","type":"product","link":"https:\/\/www.heatsupply.nl\/de\/produkt\/raijmakers-heetmakers-hot-sauce-4-giftset\/","title":{"rendered":"Raijmakers Heetmakers Hot Sauce Giftset"},"content":{"rendered":"<div class=\"flex-1 overflow-hidden\">\n<div class=\"react-scroll-to-bottom--css-nlgvn-79elbk h-full\">\n<div class=\"react-scroll-to-bottom--css-nlgvn-1n7m0yu\">\n<div class=\"flex flex-col pb-9 text-sm\">\n<div class=\"w-full text-token-text-primary\" data-testid=\"conversation-turn-115\">\n<div class=\"px-4 py-2 justify-center text-base md:gap-6 m-auto\">\n<div class=\"flex flex-1 text-base mx-auto gap-3 md:px-5 lg:px-1 xl:px-5 md:max-w-3xl lg:max-w-[40rem] xl:max-w-[48rem] group final-completion\">\n<div class=\"relative flex w-full flex-col lg:w-[calc(100%-115px)] agent-turn\">\n<div class=\"flex-col gap-1 md:gap-3\">\n<div class=\"flex flex-grow flex-col max-w-full\">\n<div class=\"min-h-[20px] text-message flex flex-col items-start gap-3 whitespace-pre-wrap break-words [.text-message+&amp;]:mt-5 overflow-x-auto\" data-message-author-role=\"assistant\" data-message-id=\"e7e0e596-ba96-429c-8832-ffddd857f717\">\n<div class=\"markdown prose w-full break-words dark:prose-invert dark\">\n<p><strong>Raijmakers Heetmakers<\/strong> ist eine <strong>niederl\u00e4ndische Hot Sauce-Marke,<\/strong> die vier verschiedene Saucen anbietet. Neben den au\u00dfergew\u00f6hnlichen Geschmackskombinationen sind auch die Flaschen und Verpackungen beachtenswert. Insbesondere in diesem brandneuen Geschenkset. Was f\u00fcr ein Hingucker! Etwas, das du als Mann, aber auch als Frau, sicherlich in deinem Zuhause haben m\u00f6chtest.<\/p>\n<\/div>\n<\/div>\n<\/div>\n<\/div>\n<\/div>\n<\/div>\n<\/div>\n<\/div>\n<\/div>\n<\/div>\n<\/div>\n<\/div>\n","protected":false},"excerpt":{"rendered":"<p><span style=\"font-weight: 400;\">Dieses brandneue, luxuri\u00f6se Geschenkset von <\/span><b>Raijmakers Heetmakers<\/b><span style=\"font-weight: 400;\"> ist das ultimative Geschenk f\u00fcr Liebhaber scharfer So\u00dfen. In dieser wundersch\u00f6nen Box findest du alle 4 Geschm\u00e4cker der niederl\u00e4ndischen Hot-Sauces-Marke.<\/span><\/p>\n<p><span style=\"font-weight: 400;\">Raijmakers Heetmakers ist bekannt f\u00fcr k\u00f6stliche Geschmackskombinationen wie Jalape\u00f1o, Gin &amp; Lime oder Habanero und S\u00fc\u00dfkartoffel. Au\u00dferdem sehen die Flaschen auch noch klasse aus und haben schon mehrere Designpreise gewonnen! Dar\u00fcber hinaus gewann der Heat Enhancer den ersten Preis als &#8222;Best Hot Sauce&#8220; bei den &#8222;German Chili Awards 2019&#8220;.<\/span><\/p>\n<p><span style=\"font-weight: 400;\">Inhalt: Luxusbox mit 4 150ml-Flaschen (scrolle nach unten f\u00fcr weitere Informationen).<\/span><\/p>\n","protected":false},"featured_media":129651,"comment_status":"open","ping_status":"closed","template":"","meta":{"_acf_changed":false},"product_brand":[],"product_cat":[3968,3965,4077,4069,4122,4046,4073],"product_tag":[],"class_list":{"0":"post-142645","1":"product","2":"type-product","3":"status-publish","4":"has-post-thumbnail","6":"product_cat-geschenke","7":"product_cat-packs","8":"product_cat-packs-spicy","9":"product_cat-geschenksets","10":"product_cat-koenigstag-deals-2026","11":"product_cat-spicy","12":"product_cat-unter-50","14":"first","15":"instock","16":"sale","17":"taxable","18":"shipping-taxable","19":"purchasable","20":"product-type-simple"},"bundled_by":[],"bundle_stock_status":"instock","bundle_stock_quantity":null,"bundle_virtual":false,"bundle_layout":"","bundle_add_to_cart_form_location":"","bundle_editable_in_cart":false,"bundle_sold_individually_context":"","bundle_item_grouping":"","bundle_min_size":"","bundle_max_size":"","bundle_price":[],"bundled_items":[],"bundle_sell_ids":[],"acf":[],"yoast_head":"<!-- This site is optimized with the Yoast SEO Premium plugin v27.4 (Yoast SEO v27.4) - https:\/\/yoast.com\/product\/yoast-seo-premium-wordpress\/ -->\n<title>Raijmakers Heetmakers Hot Sauce Giftset - Heatsupply<\/title>\n<meta name=\"description\" content=\"Raijmakers Heetmakers ist die beliebteste scharfe So\u00dfen Marke in den Niederlanden. In diesem Geschenkset findest du 4 verschiedenen Geschmacksrichtungen.\" \/>\n<meta name=\"robots\" content=\"index, follow, max-snippet:-1, max-image-preview:large, max-video-preview:-1\" \/>\n<link rel=\"canonical\" href=\"https:\/\/www.heatsupply.nl\/de\/produkt\/raijmakers-heetmakers-hot-sauce-4-giftset\/\" \/>\n<meta property=\"og:locale\" content=\"de_DE\" \/>\n<meta property=\"og:type\" content=\"article\" \/>\n<meta property=\"og:title\" content=\"Raijmakers Heetmakers Hot Sauce Giftset\" \/>\n<meta property=\"og:description\" content=\"Raijmakers Heetmakers ist die beliebteste scharfe So\u00dfen Marke in den Niederlanden. In diesem Geschenkset findest du 4 verschiedenen Geschmacksrichtungen.\" \/>\n<meta property=\"og:url\" content=\"https:\/\/www.heatsupply.nl\/de\/produkt\/raijmakers-heetmakers-hot-sauce-4-giftset\/\" \/>\n<meta property=\"og:site_name\" content=\"Heatsupply\" \/>\n<meta property=\"article:publisher\" content=\"https:\/\/www.facebook.com\/heatsupplyNL\" \/>\n<meta property=\"article:modified_time\" content=\"2025-05-16T13:13:57+00:00\" \/>\n<meta property=\"og:image\" content=\"https:\/\/www.heatsupply.nl\/wp-content\/uploads\/2019\/02\/raijmakers-heetmakers-hot-sauce-giftpack-1-e1698914774899.jpg\" \/>\n\t<meta property=\"og:image:width\" content=\"1766\" \/>\n\t<meta property=\"og:image:height\" content=\"1766\" \/>\n\t<meta property=\"og:image:type\" content=\"image\/jpeg\" \/>\n<meta name=\"twitter:card\" content=\"summary_large_image\" \/>\n<meta name=\"twitter:label1\" content=\"Preis\" \/>\n\t<meta name=\"twitter:data1\" content=\"&euro;31,96\" \/>\n\t<meta name=\"twitter:label2\" content=\"Verf\u00fcgbarkeit\" \/>\n\t<meta name=\"twitter:data2\" content=\"Auf Lager\" \/>\n<script type=\"application\/ld+json\" class=\"yoast-schema-graph\">{\"@context\":\"https:\\\/\\\/schema.org\",\"@graph\":[{\"@type\":\"WebPage\",\"@id\":\"https:\\\/\\\/www.heatsupply.nl\\\/de\\\/produkt\\\/raijmakers-heetmakers-hot-sauce-4-giftset\\\/\",\"url\":\"https:\\\/\\\/www.heatsupply.nl\\\/de\\\/produkt\\\/raijmakers-heetmakers-hot-sauce-4-giftset\\\/\",\"name\":\"Raijmakers Heetmakers Hot Sauce Giftset - Heatsupply\",\"isPartOf\":{\"@id\":\"https:\\\/\\\/www.heatsupply.nl\\\/de\\\/#website\"},\"primaryImageOfPage\":{\"@id\":\"https:\\\/\\\/www.heatsupply.nl\\\/de\\\/produkt\\\/raijmakers-heetmakers-hot-sauce-4-giftset\\\/#primaryimage\"},\"image\":{\"@id\":\"https:\\\/\\\/www.heatsupply.nl\\\/de\\\/produkt\\\/raijmakers-heetmakers-hot-sauce-4-giftset\\\/#primaryimage\"},\"thumbnailUrl\":\"https:\\\/\\\/www.heatsupply.nl\\\/wp-content\\\/uploads\\\/2019\\\/02\\\/raijmakers-heetmakers-hot-sauce-giftpack-1-e1698914774899.jpg\",\"datePublished\":\"2024-02-19T10:15:30+00:00\",\"dateModified\":\"2025-05-16T13:13:57+00:00\",\"description\":\"Raijmakers Heetmakers ist die beliebteste scharfe So\u00dfen Marke in den Niederlanden. In diesem Geschenkset findest du 4 verschiedenen Geschmacksrichtungen.\",\"breadcrumb\":{\"@id\":\"https:\\\/\\\/www.heatsupply.nl\\\/de\\\/produkt\\\/raijmakers-heetmakers-hot-sauce-4-giftset\\\/#breadcrumb\"},\"inLanguage\":\"de\",\"potentialAction\":[{\"@type\":\"ReadAction\",\"target\":[\"https:\\\/\\\/www.heatsupply.nl\\\/de\\\/produkt\\\/raijmakers-heetmakers-hot-sauce-4-giftset\\\/\"]}]},{\"@type\":\"ImageObject\",\"inLanguage\":\"de\",\"@id\":\"https:\\\/\\\/www.heatsupply.nl\\\/de\\\/produkt\\\/raijmakers-heetmakers-hot-sauce-4-giftset\\\/#primaryimage\",\"url\":\"https:\\\/\\\/www.heatsupply.nl\\\/wp-content\\\/uploads\\\/2019\\\/02\\\/raijmakers-heetmakers-hot-sauce-giftpack-1-e1698914774899.jpg\",\"contentUrl\":\"https:\\\/\\\/www.heatsupply.nl\\\/wp-content\\\/uploads\\\/2019\\\/02\\\/raijmakers-heetmakers-hot-sauce-giftpack-1-e1698914774899.jpg\",\"width\":1766,\"height\":1766},{\"@type\":\"BreadcrumbList\",\"@id\":\"https:\\\/\\\/www.heatsupply.nl\\\/de\\\/produkt\\\/raijmakers-heetmakers-hot-sauce-4-giftset\\\/#breadcrumb\",\"itemListElement\":[{\"@type\":\"ListItem\",\"position\":1,\"name\":\"Home\",\"item\":\"https:\\\/\\\/www.heatsupply.nl\\\/de\\\/\"},{\"@type\":\"ListItem\",\"position\":2,\"name\":\"Alle produkten\",\"item\":\"https:\\\/\\\/www.heatsupply.nl\\\/de\\\/alle-produkten\\\/\"},{\"@type\":\"ListItem\",\"position\":3,\"name\":\"Scharfe So\u00dfen\",\"item\":\"https:\\\/\\\/www.heatsupply.nl\\\/de\\\/scharfe-sossen\\\/\"},{\"@type\":\"ListItem\",\"position\":4,\"name\":\"Geschenksets\",\"item\":\"https:\\\/\\\/www.heatsupply.nl\\\/de\\\/scharfe-sossen\\\/packs\\\/\"},{\"@type\":\"ListItem\",\"position\":5,\"name\":\"Raijmakers Heetmakers Hot Sauce Giftset\"}]},{\"@type\":\"WebSite\",\"@id\":\"https:\\\/\\\/www.heatsupply.nl\\\/de\\\/#website\",\"url\":\"https:\\\/\\\/www.heatsupply.nl\\\/de\\\/\",\"name\":\"Heatsupply\",\"description\":\"Hot sauce webstore #1 in Europe\",\"publisher\":{\"@id\":\"https:\\\/\\\/www.heatsupply.nl\\\/de\\\/#organization\"},\"potentialAction\":[{\"@type\":\"SearchAction\",\"target\":{\"@type\":\"EntryPoint\",\"urlTemplate\":\"https:\\\/\\\/www.heatsupply.nl\\\/de\\\/?s={search_term_string}\"},\"query-input\":{\"@type\":\"PropertyValueSpecification\",\"valueRequired\":true,\"valueName\":\"search_term_string\"}}],\"inLanguage\":\"de\"},{\"@type\":\"Organization\",\"@id\":\"https:\\\/\\\/www.heatsupply.nl\\\/de\\\/#organization\",\"name\":\"Heatsupply\",\"url\":\"https:\\\/\\\/www.heatsupply.nl\\\/de\\\/\",\"logo\":{\"@type\":\"ImageObject\",\"inLanguage\":\"de\",\"@id\":\"https:\\\/\\\/www.heatsupply.nl\\\/de\\\/#\\\/schema\\\/logo\\\/image\\\/\",\"url\":\"https:\\\/\\\/www.heatsupply.nl\\\/wp-content\\\/uploads\\\/2022\\\/10\\\/heatsupply-logo-rood.jpg\",\"contentUrl\":\"https:\\\/\\\/www.heatsupply.nl\\\/wp-content\\\/uploads\\\/2022\\\/10\\\/heatsupply-logo-rood.jpg\",\"width\":1000,\"height\":335,\"caption\":\"Heatsupply\"},\"image\":{\"@id\":\"https:\\\/\\\/www.heatsupply.nl\\\/de\\\/#\\\/schema\\\/logo\\\/image\\\/\"},\"sameAs\":[\"https:\\\/\\\/www.facebook.com\\\/heatsupplyNL\",\"https:\\\/\\\/www.instagram.com\\\/heatsuppy.nl\",\"https:\\\/\\\/www.youtube.com\\\/channel\\\/UC5pOWqQtljvxTz2SMWGWCsw\"]}]}<\/script>\n<meta property=\"product:brand\" content=\"Raijmakers Heetmakers\" \/>\n<meta property=\"product:price:amount\" content=\"31.96\" \/>\n<meta property=\"product:price:currency\" content=\"EUR\" \/>\n<meta property=\"og:availability\" content=\"instock\" \/>\n<meta property=\"product:availability\" content=\"instock\" \/>\n<meta property=\"product:retailer_item_id\" content=\"RH4P-1\" \/>\n<meta property=\"product:condition\" content=\"new\" \/>\n<!-- \/ Yoast SEO Premium plugin. -->","yoast_head_json":{"title":"Raijmakers Heetmakers Hot Sauce Giftset - Heatsupply","description":"Raijmakers Heetmakers ist die beliebteste scharfe So\u00dfen Marke in den Niederlanden. In diesem Geschenkset findest du 4 verschiedenen Geschmacksrichtungen.","robots":{"index":"index","follow":"follow","max-snippet":"max-snippet:-1","max-image-preview":"max-image-preview:large","max-video-preview":"max-video-preview:-1"},"canonical":"https:\/\/www.heatsupply.nl\/de\/produkt\/raijmakers-heetmakers-hot-sauce-4-giftset\/","og_locale":"de_DE","og_type":"article","og_title":"Raijmakers Heetmakers Hot Sauce Giftset","og_description":"Raijmakers Heetmakers ist die beliebteste scharfe So\u00dfen Marke in den Niederlanden. In diesem Geschenkset findest du 4 verschiedenen Geschmacksrichtungen.","og_url":"https:\/\/www.heatsupply.nl\/de\/produkt\/raijmakers-heetmakers-hot-sauce-4-giftset\/","og_site_name":"Heatsupply","article_publisher":"https:\/\/www.facebook.com\/heatsupplyNL","article_modified_time":"2025-05-16T13:13:57+00:00","og_image":[{"width":1766,"height":1766,"url":"https:\/\/www.heatsupply.nl\/wp-content\/uploads\/2019\/02\/raijmakers-heetmakers-hot-sauce-giftpack-1-e1698914774899.jpg","type":"image\/jpeg"}],"twitter_card":"summary_large_image","twitter_misc":{"Preis":"&euro;31,96","Verf\u00fcgbarkeit":"Auf Lager"},"schema":{"@context":"https:\/\/schema.org","@graph":[{"@type":"WebPage","@id":"https:\/\/www.heatsupply.nl\/de\/produkt\/raijmakers-heetmakers-hot-sauce-4-giftset\/","url":"https:\/\/www.heatsupply.nl\/de\/produkt\/raijmakers-heetmakers-hot-sauce-4-giftset\/","name":"Raijmakers Heetmakers Hot Sauce Giftset - Heatsupply","isPartOf":{"@id":"https:\/\/www.heatsupply.nl\/de\/#website"},"primaryImageOfPage":{"@id":"https:\/\/www.heatsupply.nl\/de\/produkt\/raijmakers-heetmakers-hot-sauce-4-giftset\/#primaryimage"},"image":{"@id":"https:\/\/www.heatsupply.nl\/de\/produkt\/raijmakers-heetmakers-hot-sauce-4-giftset\/#primaryimage"},"thumbnailUrl":"https:\/\/www.heatsupply.nl\/wp-content\/uploads\/2019\/02\/raijmakers-heetmakers-hot-sauce-giftpack-1-e1698914774899.jpg","datePublished":"2024-02-19T10:15:30+00:00","dateModified":"2025-05-16T13:13:57+00:00","description":"Raijmakers Heetmakers ist die beliebteste scharfe So\u00dfen Marke in den Niederlanden. In diesem Geschenkset findest du 4 verschiedenen Geschmacksrichtungen.","breadcrumb":{"@id":"https:\/\/www.heatsupply.nl\/de\/produkt\/raijmakers-heetmakers-hot-sauce-4-giftset\/#breadcrumb"},"inLanguage":"de","potentialAction":[{"@type":"ReadAction","target":["https:\/\/www.heatsupply.nl\/de\/produkt\/raijmakers-heetmakers-hot-sauce-4-giftset\/"]}]},{"@type":"ImageObject","inLanguage":"de","@id":"https:\/\/www.heatsupply.nl\/de\/produkt\/raijmakers-heetmakers-hot-sauce-4-giftset\/#primaryimage","url":"https:\/\/www.heatsupply.nl\/wp-content\/uploads\/2019\/02\/raijmakers-heetmakers-hot-sauce-giftpack-1-e1698914774899.jpg","contentUrl":"https:\/\/www.heatsupply.nl\/wp-content\/uploads\/2019\/02\/raijmakers-heetmakers-hot-sauce-giftpack-1-e1698914774899.jpg","width":1766,"height":1766},{"@type":"BreadcrumbList","@id":"https:\/\/www.heatsupply.nl\/de\/produkt\/raijmakers-heetmakers-hot-sauce-4-giftset\/#breadcrumb","itemListElement":[{"@type":"ListItem","position":1,"name":"Home","item":"https:\/\/www.heatsupply.nl\/de\/"},{"@type":"ListItem","position":2,"name":"Alle produkten","item":"https:\/\/www.heatsupply.nl\/de\/alle-produkten\/"},{"@type":"ListItem","position":3,"name":"Scharfe So\u00dfen","item":"https:\/\/www.heatsupply.nl\/de\/scharfe-sossen\/"},{"@type":"ListItem","position":4,"name":"Geschenksets","item":"https:\/\/www.heatsupply.nl\/de\/scharfe-sossen\/packs\/"},{"@type":"ListItem","position":5,"name":"Raijmakers Heetmakers Hot Sauce Giftset"}]},{"@type":"WebSite","@id":"https:\/\/www.heatsupply.nl\/de\/#website","url":"https:\/\/www.heatsupply.nl\/de\/","name":"Heatsupply","description":"Hot sauce webstore #1 in Europe","publisher":{"@id":"https:\/\/www.heatsupply.nl\/de\/#organization"},"potentialAction":[{"@type":"SearchAction","target":{"@type":"EntryPoint","urlTemplate":"https:\/\/www.heatsupply.nl\/de\/?s={search_term_string}"},"query-input":{"@type":"PropertyValueSpecification","valueRequired":true,"valueName":"search_term_string"}}],"inLanguage":"de"},{"@type":"Organization","@id":"https:\/\/www.heatsupply.nl\/de\/#organization","name":"Heatsupply","url":"https:\/\/www.heatsupply.nl\/de\/","logo":{"@type":"ImageObject","inLanguage":"de","@id":"https:\/\/www.heatsupply.nl\/de\/#\/schema\/logo\/image\/","url":"https:\/\/www.heatsupply.nl\/wp-content\/uploads\/2022\/10\/heatsupply-logo-rood.jpg","contentUrl":"https:\/\/www.heatsupply.nl\/wp-content\/uploads\/2022\/10\/heatsupply-logo-rood.jpg","width":1000,"height":335,"caption":"Heatsupply"},"image":{"@id":"https:\/\/www.heatsupply.nl\/de\/#\/schema\/logo\/image\/"},"sameAs":["https:\/\/www.facebook.com\/heatsupplyNL","https:\/\/www.instagram.com\/heatsuppy.nl","https:\/\/www.youtube.com\/channel\/UC5pOWqQtljvxTz2SMWGWCsw"]}]},"product_brand":"Raijmakers Heetmakers","product_price_amount":"31.96","product_price_currency":"EUR","og_availability":"instock","product_availability":"instock","product_retailer_item_id":"RH4P-1","product_condition":"new"},"_links":{"self":[{"href":"https:\/\/www.heatsupply.nl\/de\/wp-json\/wp\/v2\/product\/142645","targetHints":{"allow":["GET"]}}],"collection":[{"href":"https:\/\/www.heatsupply.nl\/de\/wp-json\/wp\/v2\/product"}],"about":[{"href":"https:\/\/www.heatsupply.nl\/de\/wp-json\/wp\/v2\/types\/product"}],"replies":[{"embeddable":true,"href":"https:\/\/www.heatsupply.nl\/de\/wp-json\/wp\/v2\/comments?post=142645"}],"wp:featuredmedia":[{"embeddable":true,"href":"https:\/\/www.heatsupply.nl\/de\/wp-json\/wp\/v2\/media\/129651"}],"wp:attachment":[{"href":"https:\/\/www.heatsupply.nl\/de\/wp-json\/wp\/v2\/media?parent=142645"}],"wp:term":[{"taxonomy":"product_brand","embeddable":true,"href":"https:\/\/www.heatsupply.nl\/de\/wp-json\/wp\/v2\/product_brand?post=142645"},{"taxonomy":"product_cat","embeddable":true,"href":"https:\/\/www.heatsupply.nl\/de\/wp-json\/wp\/v2\/product_cat?post=142645"},{"taxonomy":"product_tag","embeddable":true,"href":"https:\/\/www.heatsupply.nl\/de\/wp-json\/wp\/v2\/product_tag?post=142645"}],"curies":[{"name":"wp","href":"https:\/\/api.w.org\/{rel}","templated":true}]}}