{"id":141985,"date":"2021-10-29T13:54:00","date_gmt":"2021-10-29T11:54:00","guid":{"rendered":"https:\/\/www.heatsupply.nl\/product\/hot-ones-los-calientes-barbacoa-hot-sauce-2\/"},"modified":"2026-05-04T09:19:16","modified_gmt":"2026-05-04T07:19:16","slug":"hot-ones-los-calientes-barbacoa-hot-sauce","status":"publish","type":"product","link":"https:\/\/www.heatsupply.nl\/de\/produkt\/hot-ones-los-calientes-barbacoa-hot-sauce\/","title":{"rendered":"Hot Ones Los Calientes Barbacoa Hot Sauce"},"content":{"rendered":"<p><iframe loading=\"lazy\" src=\"https:\/\/www.youtube.com\/embed\/QV68SJh1t1E\" width=\"560\" height=\"315\" frameborder=\"0\" allowfullscreen=\"allowfullscreen\"><\/iframe><\/p>\n<p><strong>Zutaten Hot Ones Los Calientes Barbacoa Hot Sauce:<\/strong> Pfeffer (Applewood ger\u00e4ucherte rote Jalape\u00f1o, Chipotle, Habanero), Limettensaft, Agavensirup, Aprikosen (mit Ascorbins\u00e4ure zugef\u00fcgt), Apfelessig, Apfelsaft, Tomatillo, Salz, ger\u00f6steter Knoblauch, Knoblauch, Zwiebel, Koriander, Kreuzk\u00fcmmel, schwarzer Pfeffer, SELLERIESAMEN.<\/p>\n<p>Allergene: SELLERIE<\/p>\n<p>Diese\u00a0Sauce ist bekannt aus der YouTube-Show <a href=\"https:\/\/www.heatsupply.nl\/de\/scharfe-saucen\/hot-ones-saucen\/\"><strong>Hot Ones<\/strong><\/a>. In dieser Show befand sich diese Hot Sauce auf Chicken Wing Nummer 4.<\/p>\n<p><span style=\"text-decoration: underline;\">N\u00e4hrwerte pro 100 g:<\/span><br \/>\nEnergie: 0 kJ\/0 kcal<br \/>\nFett: 0 Gramm<br \/>\ndavon ges\u00e4ttigte Fetts\u00e4uren: 0 Gramm<br \/>\nKohlenhydrate: 20 Gramm<br \/>\ndavon Ballaststoffe: 0 Gramm<br \/>\ndavon Zucker: 20 Gramm<br \/>\nProtein: 0 Gramm<br \/>\nSalz: 2 Gramm<\/p>\n<p>Vor Gebrauch sch\u00fctteln. Nach dem \u00d6ffnen k\u00fchl lagern.<\/p>\n","protected":false},"excerpt":{"rendered":"<p class=\"ai-optimize-28\" style=\"text-align: justify;\">Diese <strong>Hot Ones Los Calientes Barbacoa Hot Sauce<\/strong> ist aus YouTube Show Hot Ones bekannt. In mehreren Staffeln sa\u00df diese scharfe Sauce auf Fl\u00fcgel Nummer 4, was bedeutet, dass die Sch\u00e4rfe und der Geschmack perfekt ausgewogen waren. Wie der Name schon sagt, hat diese scharfe Sauce einen rauchigen Charakter, der perfekt zu BBQ und Fleischgerichten im Allgemeinen passt. Los Calientes Barbacoa und die <a href=\"https:\/\/www.heatsupply.nl\/de\/scharfe-saucen\/hot-ones-saucen\/\"><strong>anderen Hot Ones-Saucen<\/strong><\/a> k\u00f6nnen exklusiv bei Heatsupply bestellt werden.<\/p>\n<ul>\n<li class=\"ai-optimize-29\" style=\"text-align: justify;\">Herkunft: New York, USA<\/li>\n<li class=\"ai-optimize-30\" style=\"text-align: justify;\">Inhalt: 148ml<\/li>\n<\/ul>\n<p style=\"text-align: justify;\">\n","protected":false},"featured_media":166579,"comment_status":"open","ping_status":"closed","template":"","meta":{"_acf_changed":false},"product_brand":[],"product_cat":[3930,3886,3913,3789,3915,3787,4046],"product_tag":[],"class_list":{"0":"post-141985","1":"product","2":"type-product","3":"status-publish","4":"has-post-thumbnail","6":"product_cat-chipotle","7":"product_cat-bbq-saucen","8":"product_cat-habanero","9":"product_cat-hot-ones-saucen","10":"product_cat-jalapeno","11":"product_cat-scharfe-sossen","12":"product_cat-spicy","14":"first","15":"instock","16":"taxable","17":"shipping-taxable","18":"purchasable","19":"product-type-simple"},"bundled_by":[],"bundle_stock_status":"instock","bundle_stock_quantity":126,"bundle_virtual":false,"bundle_layout":"","bundle_add_to_cart_form_location":"","bundle_editable_in_cart":false,"bundle_sold_individually_context":"","bundle_item_grouping":"","bundle_min_size":"","bundle_max_size":"","bundle_price":[],"bundled_items":[],"bundle_sell_ids":[],"acf":[],"yoast_head":"<!-- This site is optimized with the Yoast SEO Premium plugin v27.5 (Yoast SEO v27.5) - https:\/\/yoast.com\/product\/yoast-seo-premium-wordpress\/ -->\n<title>Hot Ones Los Calientes Barbacoa Hot Sauce - Heatsupply<\/title>\n<meta name=\"description\" content=\"Bestelle die Hot Ones Los Calientes Barbacoa Hot Sauce exklusiv bei Heatsupply.nl. Bekannt aus die YouTube Show Hot Ones.\" \/>\n<meta name=\"robots\" content=\"index, follow, max-snippet:-1, max-image-preview:large, max-video-preview:-1\" \/>\n<link rel=\"canonical\" href=\"https:\/\/www.heatsupply.nl\/de\/produkt\/hot-ones-los-calientes-barbacoa-hot-sauce\/\" \/>\n<meta property=\"og:locale\" content=\"de_DE\" \/>\n<meta property=\"og:type\" content=\"article\" \/>\n<meta property=\"og:title\" content=\"Hot Ones Los Calientes Barbacoa Hot Sauce\" \/>\n<meta property=\"og:description\" content=\"Bestelle die Hot Ones Los Calientes Barbacoa Hot Sauce exklusiv bei Heatsupply.nl. Bekannt aus die YouTube Show Hot Ones.\" \/>\n<meta property=\"og:url\" content=\"https:\/\/www.heatsupply.nl\/de\/produkt\/hot-ones-los-calientes-barbacoa-hot-sauce\/\" \/>\n<meta property=\"og:site_name\" content=\"Heatsupply\" \/>\n<meta property=\"article:publisher\" content=\"https:\/\/www.facebook.com\/heatsupplyNL\" \/>\n<meta property=\"article:modified_time\" content=\"2026-05-04T07:19:16+00:00\" \/>\n<meta property=\"og:image\" content=\"https:\/\/www.heatsupply.nl\/wp-content\/uploads\/2021\/10\/hot-ones-los-calientes-barbacoa.jpg\" \/>\n\t<meta property=\"og:image:width\" content=\"1400\" \/>\n\t<meta property=\"og:image:height\" content=\"1400\" \/>\n\t<meta property=\"og:image:type\" content=\"image\/jpeg\" \/>\n<meta name=\"twitter:card\" content=\"summary_large_image\" \/>\n<meta name=\"twitter:label1\" content=\"Preis\" \/>\n\t<meta name=\"twitter:data1\" content=\"&euro;17,95\" \/>\n\t<meta name=\"twitter:label2\" content=\"Verf\u00fcgbarkeit\" \/>\n\t<meta name=\"twitter:data2\" content=\"Auf Lager\" \/>\n<script type=\"application\/ld+json\" class=\"yoast-schema-graph\">{\"@context\":\"https:\\\/\\\/schema.org\",\"@graph\":[{\"@type\":\"WebPage\",\"@id\":\"https:\\\/\\\/www.heatsupply.nl\\\/de\\\/produkt\\\/hot-ones-los-calientes-barbacoa-hot-sauce\\\/\",\"url\":\"https:\\\/\\\/www.heatsupply.nl\\\/de\\\/produkt\\\/hot-ones-los-calientes-barbacoa-hot-sauce\\\/\",\"name\":\"Hot Ones Los Calientes Barbacoa Hot Sauce - Heatsupply\",\"isPartOf\":{\"@id\":\"https:\\\/\\\/www.heatsupply.nl\\\/de\\\/#website\"},\"primaryImageOfPage\":{\"@id\":\"https:\\\/\\\/www.heatsupply.nl\\\/de\\\/produkt\\\/hot-ones-los-calientes-barbacoa-hot-sauce\\\/#primaryimage\"},\"image\":{\"@id\":\"https:\\\/\\\/www.heatsupply.nl\\\/de\\\/produkt\\\/hot-ones-los-calientes-barbacoa-hot-sauce\\\/#primaryimage\"},\"thumbnailUrl\":\"https:\\\/\\\/www.heatsupply.nl\\\/wp-content\\\/uploads\\\/2021\\\/10\\\/hot-ones-los-calientes-barbacoa.jpg\",\"datePublished\":\"2021-10-29T11:54:00+00:00\",\"dateModified\":\"2026-05-04T07:19:16+00:00\",\"description\":\"Bestelle die Hot Ones Los Calientes Barbacoa Hot Sauce exklusiv bei Heatsupply.nl. Bekannt aus die YouTube Show Hot Ones.\",\"breadcrumb\":{\"@id\":\"https:\\\/\\\/www.heatsupply.nl\\\/de\\\/produkt\\\/hot-ones-los-calientes-barbacoa-hot-sauce\\\/#breadcrumb\"},\"inLanguage\":\"de\",\"potentialAction\":[{\"@type\":\"ReadAction\",\"target\":[\"https:\\\/\\\/www.heatsupply.nl\\\/de\\\/produkt\\\/hot-ones-los-calientes-barbacoa-hot-sauce\\\/\"]}]},{\"@type\":\"ImageObject\",\"inLanguage\":\"de\",\"@id\":\"https:\\\/\\\/www.heatsupply.nl\\\/de\\\/produkt\\\/hot-ones-los-calientes-barbacoa-hot-sauce\\\/#primaryimage\",\"url\":\"https:\\\/\\\/www.heatsupply.nl\\\/wp-content\\\/uploads\\\/2021\\\/10\\\/hot-ones-los-calientes-barbacoa.jpg\",\"contentUrl\":\"https:\\\/\\\/www.heatsupply.nl\\\/wp-content\\\/uploads\\\/2021\\\/10\\\/hot-ones-los-calientes-barbacoa.jpg\",\"width\":1400,\"height\":1400},{\"@type\":\"BreadcrumbList\",\"@id\":\"https:\\\/\\\/www.heatsupply.nl\\\/de\\\/produkt\\\/hot-ones-los-calientes-barbacoa-hot-sauce\\\/#breadcrumb\",\"itemListElement\":[{\"@type\":\"ListItem\",\"position\":1,\"name\":\"Home\",\"item\":\"https:\\\/\\\/www.heatsupply.nl\\\/de\\\/\"},{\"@type\":\"ListItem\",\"position\":2,\"name\":\"Alle produkten\",\"item\":\"https:\\\/\\\/www.heatsupply.nl\\\/de\\\/alle-produkten\\\/\"},{\"@type\":\"ListItem\",\"position\":3,\"name\":\"Scharfe So\u00dfen\",\"item\":\"https:\\\/\\\/www.heatsupply.nl\\\/de\\\/scharfe-sossen\\\/\"},{\"@type\":\"ListItem\",\"position\":4,\"name\":\"Chipotle\",\"item\":\"https:\\\/\\\/www.heatsupply.nl\\\/de\\\/scharfe-sossen\\\/chipotle\\\/\"},{\"@type\":\"ListItem\",\"position\":5,\"name\":\"Hot Ones Los Calientes Barbacoa Hot Sauce\"}]},{\"@type\":\"WebSite\",\"@id\":\"https:\\\/\\\/www.heatsupply.nl\\\/de\\\/#website\",\"url\":\"https:\\\/\\\/www.heatsupply.nl\\\/de\\\/\",\"name\":\"Heatsupply\",\"description\":\"Hot sauce webstore #1 in Europe\",\"publisher\":{\"@id\":\"https:\\\/\\\/www.heatsupply.nl\\\/de\\\/#organization\"},\"potentialAction\":[{\"@type\":\"SearchAction\",\"target\":{\"@type\":\"EntryPoint\",\"urlTemplate\":\"https:\\\/\\\/www.heatsupply.nl\\\/de\\\/?s={search_term_string}\"},\"query-input\":{\"@type\":\"PropertyValueSpecification\",\"valueRequired\":true,\"valueName\":\"search_term_string\"}}],\"inLanguage\":\"de\"},{\"@type\":\"Organization\",\"@id\":\"https:\\\/\\\/www.heatsupply.nl\\\/de\\\/#organization\",\"name\":\"Heatsupply\",\"url\":\"https:\\\/\\\/www.heatsupply.nl\\\/de\\\/\",\"logo\":{\"@type\":\"ImageObject\",\"inLanguage\":\"de\",\"@id\":\"https:\\\/\\\/www.heatsupply.nl\\\/de\\\/#\\\/schema\\\/logo\\\/image\\\/\",\"url\":\"https:\\\/\\\/www.heatsupply.nl\\\/wp-content\\\/uploads\\\/2022\\\/10\\\/heatsupply-logo-rood.jpg\",\"contentUrl\":\"https:\\\/\\\/www.heatsupply.nl\\\/wp-content\\\/uploads\\\/2022\\\/10\\\/heatsupply-logo-rood.jpg\",\"width\":1000,\"height\":335,\"caption\":\"Heatsupply\"},\"image\":{\"@id\":\"https:\\\/\\\/www.heatsupply.nl\\\/de\\\/#\\\/schema\\\/logo\\\/image\\\/\"},\"sameAs\":[\"https:\\\/\\\/www.facebook.com\\\/heatsupplyNL\",\"https:\\\/\\\/www.instagram.com\\\/heatsuppy.nl\",\"https:\\\/\\\/www.youtube.com\\\/channel\\\/UC5pOWqQtljvxTz2SMWGWCsw\"]}]}<\/script>\n<meta property=\"product:brand\" content=\"Hot Ones\" \/>\n<meta property=\"product:price:amount\" content=\"17.95\" \/>\n<meta property=\"product:price:currency\" content=\"EUR\" \/>\n<meta property=\"og:availability\" content=\"instock\" \/>\n<meta property=\"product:availability\" content=\"instock\" \/>\n<meta property=\"product:retailer_item_id\" content=\"HOLCB001\" \/>\n<meta property=\"product:condition\" content=\"new\" \/>\n<!-- \/ Yoast SEO Premium plugin. -->","yoast_head_json":{"title":"Hot Ones Los Calientes Barbacoa Hot Sauce - Heatsupply","description":"Bestelle die Hot Ones Los Calientes Barbacoa Hot Sauce exklusiv bei Heatsupply.nl. Bekannt aus die YouTube Show Hot Ones.","robots":{"index":"index","follow":"follow","max-snippet":"max-snippet:-1","max-image-preview":"max-image-preview:large","max-video-preview":"max-video-preview:-1"},"canonical":"https:\/\/www.heatsupply.nl\/de\/produkt\/hot-ones-los-calientes-barbacoa-hot-sauce\/","og_locale":"de_DE","og_type":"article","og_title":"Hot Ones Los Calientes Barbacoa Hot Sauce","og_description":"Bestelle die Hot Ones Los Calientes Barbacoa Hot Sauce exklusiv bei Heatsupply.nl. Bekannt aus die YouTube Show Hot Ones.","og_url":"https:\/\/www.heatsupply.nl\/de\/produkt\/hot-ones-los-calientes-barbacoa-hot-sauce\/","og_site_name":"Heatsupply","article_publisher":"https:\/\/www.facebook.com\/heatsupplyNL","article_modified_time":"2026-05-04T07:19:16+00:00","og_image":[{"width":1400,"height":1400,"url":"https:\/\/www.heatsupply.nl\/wp-content\/uploads\/2021\/10\/hot-ones-los-calientes-barbacoa.jpg","type":"image\/jpeg"}],"twitter_card":"summary_large_image","twitter_misc":{"Preis":"&euro;17,95","Verf\u00fcgbarkeit":"Auf Lager"},"schema":{"@context":"https:\/\/schema.org","@graph":[{"@type":"WebPage","@id":"https:\/\/www.heatsupply.nl\/de\/produkt\/hot-ones-los-calientes-barbacoa-hot-sauce\/","url":"https:\/\/www.heatsupply.nl\/de\/produkt\/hot-ones-los-calientes-barbacoa-hot-sauce\/","name":"Hot Ones Los Calientes Barbacoa Hot Sauce - Heatsupply","isPartOf":{"@id":"https:\/\/www.heatsupply.nl\/de\/#website"},"primaryImageOfPage":{"@id":"https:\/\/www.heatsupply.nl\/de\/produkt\/hot-ones-los-calientes-barbacoa-hot-sauce\/#primaryimage"},"image":{"@id":"https:\/\/www.heatsupply.nl\/de\/produkt\/hot-ones-los-calientes-barbacoa-hot-sauce\/#primaryimage"},"thumbnailUrl":"https:\/\/www.heatsupply.nl\/wp-content\/uploads\/2021\/10\/hot-ones-los-calientes-barbacoa.jpg","datePublished":"2021-10-29T11:54:00+00:00","dateModified":"2026-05-04T07:19:16+00:00","description":"Bestelle die Hot Ones Los Calientes Barbacoa Hot Sauce exklusiv bei Heatsupply.nl. Bekannt aus die YouTube Show Hot Ones.","breadcrumb":{"@id":"https:\/\/www.heatsupply.nl\/de\/produkt\/hot-ones-los-calientes-barbacoa-hot-sauce\/#breadcrumb"},"inLanguage":"de","potentialAction":[{"@type":"ReadAction","target":["https:\/\/www.heatsupply.nl\/de\/produkt\/hot-ones-los-calientes-barbacoa-hot-sauce\/"]}]},{"@type":"ImageObject","inLanguage":"de","@id":"https:\/\/www.heatsupply.nl\/de\/produkt\/hot-ones-los-calientes-barbacoa-hot-sauce\/#primaryimage","url":"https:\/\/www.heatsupply.nl\/wp-content\/uploads\/2021\/10\/hot-ones-los-calientes-barbacoa.jpg","contentUrl":"https:\/\/www.heatsupply.nl\/wp-content\/uploads\/2021\/10\/hot-ones-los-calientes-barbacoa.jpg","width":1400,"height":1400},{"@type":"BreadcrumbList","@id":"https:\/\/www.heatsupply.nl\/de\/produkt\/hot-ones-los-calientes-barbacoa-hot-sauce\/#breadcrumb","itemListElement":[{"@type":"ListItem","position":1,"name":"Home","item":"https:\/\/www.heatsupply.nl\/de\/"},{"@type":"ListItem","position":2,"name":"Alle produkten","item":"https:\/\/www.heatsupply.nl\/de\/alle-produkten\/"},{"@type":"ListItem","position":3,"name":"Scharfe So\u00dfen","item":"https:\/\/www.heatsupply.nl\/de\/scharfe-sossen\/"},{"@type":"ListItem","position":4,"name":"Chipotle","item":"https:\/\/www.heatsupply.nl\/de\/scharfe-sossen\/chipotle\/"},{"@type":"ListItem","position":5,"name":"Hot Ones Los Calientes Barbacoa Hot Sauce"}]},{"@type":"WebSite","@id":"https:\/\/www.heatsupply.nl\/de\/#website","url":"https:\/\/www.heatsupply.nl\/de\/","name":"Heatsupply","description":"Hot sauce webstore #1 in Europe","publisher":{"@id":"https:\/\/www.heatsupply.nl\/de\/#organization"},"potentialAction":[{"@type":"SearchAction","target":{"@type":"EntryPoint","urlTemplate":"https:\/\/www.heatsupply.nl\/de\/?s={search_term_string}"},"query-input":{"@type":"PropertyValueSpecification","valueRequired":true,"valueName":"search_term_string"}}],"inLanguage":"de"},{"@type":"Organization","@id":"https:\/\/www.heatsupply.nl\/de\/#organization","name":"Heatsupply","url":"https:\/\/www.heatsupply.nl\/de\/","logo":{"@type":"ImageObject","inLanguage":"de","@id":"https:\/\/www.heatsupply.nl\/de\/#\/schema\/logo\/image\/","url":"https:\/\/www.heatsupply.nl\/wp-content\/uploads\/2022\/10\/heatsupply-logo-rood.jpg","contentUrl":"https:\/\/www.heatsupply.nl\/wp-content\/uploads\/2022\/10\/heatsupply-logo-rood.jpg","width":1000,"height":335,"caption":"Heatsupply"},"image":{"@id":"https:\/\/www.heatsupply.nl\/de\/#\/schema\/logo\/image\/"},"sameAs":["https:\/\/www.facebook.com\/heatsupplyNL","https:\/\/www.instagram.com\/heatsuppy.nl","https:\/\/www.youtube.com\/channel\/UC5pOWqQtljvxTz2SMWGWCsw"]}]},"product_brand":"Hot Ones","product_price_amount":"17.95","product_price_currency":"EUR","og_availability":"instock","product_availability":"instock","product_retailer_item_id":"HOLCB001","product_condition":"new"},"_links":{"self":[{"href":"https:\/\/www.heatsupply.nl\/de\/wp-json\/wp\/v2\/product\/141985","targetHints":{"allow":["GET"]}}],"collection":[{"href":"https:\/\/www.heatsupply.nl\/de\/wp-json\/wp\/v2\/product"}],"about":[{"href":"https:\/\/www.heatsupply.nl\/de\/wp-json\/wp\/v2\/types\/product"}],"replies":[{"embeddable":true,"href":"https:\/\/www.heatsupply.nl\/de\/wp-json\/wp\/v2\/comments?post=141985"}],"wp:featuredmedia":[{"embeddable":true,"href":"https:\/\/www.heatsupply.nl\/de\/wp-json\/wp\/v2\/media\/166579"}],"wp:attachment":[{"href":"https:\/\/www.heatsupply.nl\/de\/wp-json\/wp\/v2\/media?parent=141985"}],"wp:term":[{"taxonomy":"product_brand","embeddable":true,"href":"https:\/\/www.heatsupply.nl\/de\/wp-json\/wp\/v2\/product_brand?post=141985"},{"taxonomy":"product_cat","embeddable":true,"href":"https:\/\/www.heatsupply.nl\/de\/wp-json\/wp\/v2\/product_cat?post=141985"},{"taxonomy":"product_tag","embeddable":true,"href":"https:\/\/www.heatsupply.nl\/de\/wp-json\/wp\/v2\/product_tag?post=141985"}],"curies":[{"name":"wp","href":"https:\/\/api.w.org\/{rel}","templated":true}]}}