{"id":141953,"date":"2023-02-01T08:52:36","date_gmt":"2023-02-01T07:52:36","guid":{"rendered":"https:\/\/www.heatsupply.nl\/product\/white-whale-gnarlicky-hot-sauce-2\/"},"modified":"2026-04-24T13:31:52","modified_gmt":"2026-04-24T11:31:52","slug":"white-whale-gnarlicky-hot-sauce","status":"publish","type":"product","link":"https:\/\/www.heatsupply.nl\/de\/produkt\/white-whale-gnarlicky-hot-sauce\/","title":{"rendered":"White Whale Gnarlicky Hot Sauce"},"content":{"rendered":"<p><strong>Zutaten White Whale Gnarlicky Hot Sauce:<\/strong> Knoblauch, Habanero, Zwiebel, Limettensaft, Essig, Oliven\u00f6l, Salz, SENFSAMEN, Thymian, Rosmarin, Aktivkohle.<\/p>\n<p>Allergene: Kann ERDN\u00dcSSE enthalten.<\/p>\n<p><span style=\"text-decoration: underline;\">N\u00e4hrwerte pro 100 g:<\/span><br \/>\nEnergie: 619 kJ\/148 kcal<br \/>\nFett: 6,5 Gramm<br \/>\ndavon ges\u00e4ttigte Fetts\u00e4uren: 0,9 Gramm<br \/>\nKohlenhydrate: 19 Gramm<br \/>\ndavon Zucker: 2,5 Gramm<br \/>\nProtein: 4 Gramm<br \/>\nSalz: 0,9 Gramm<\/p>\n<p>Vor Gebrauch sch\u00fctteln und nach dem \u00d6ffnen gek\u00fchlt aufbewahren.<\/p>\n","protected":false},"excerpt":{"rendered":"<p style=\"text-align: justify;\">Die Gnarlicky von White Whale Sauces ist eine neue Geschmacksrichtung der niederl\u00e4ndischen Hot Sauce-Marke mit einer wirklich au\u00dfergew\u00f6hnlichen Farbe. Doch die Farbe steht nicht im Mittelpunkt, denn das ist der Knoblauch. Gro\u00dfe Mengen dieses k\u00f6stlichen Zeugs sind in der Sauce verarbeitet, zusammen mit ein wenig fermentiertem schwarzen Knoblauch! Verkohlte Habaneros sorgen f\u00fcr die Sch\u00e4rfe, und Senfsamen geben dem Geschmack noch einen zus\u00e4tzlichen Kick. Eine gro\u00dfartige Kombination aus herzhaft, scharf und leicht s\u00e4uerlich. Lecker auf allem, was eine ordentliche Portion extra Knoblauch vertragen kann (plus Sch\u00e4rfe nat\u00fcrlich)!<\/p>\n<p style=\"text-align: justify;\">Ursprung: Eindhoven, Niederlande.<\/p>\n<p style=\"text-align: justify;\">Inhalt: 148 ml<\/p>\n","protected":false},"featured_media":141954,"comment_status":"open","ping_status":"closed","template":"","meta":{"_acf_changed":false},"product_brand":[],"product_cat":[3994,3913,3787,4046],"product_tag":[],"class_list":{"0":"post-141953","1":"product","2":"type-product","3":"status-publish","4":"has-post-thumbnail","6":"product_cat-europaeische-scharfe-saucen","7":"product_cat-habanero","8":"product_cat-scharfe-sossen","9":"product_cat-spicy","11":"first","12":"instock","13":"taxable","14":"shipping-taxable","15":"purchasable","16":"product-type-simple"},"bundled_by":[],"bundle_stock_status":"instock","bundle_stock_quantity":48,"bundle_virtual":false,"bundle_layout":"","bundle_add_to_cart_form_location":"","bundle_editable_in_cart":false,"bundle_sold_individually_context":"","bundle_item_grouping":"","bundle_min_size":"","bundle_max_size":"","bundle_price":[],"bundled_items":[],"bundle_sell_ids":[],"acf":[],"yoast_head":"<!-- This site is optimized with the Yoast SEO Premium plugin v27.4 (Yoast SEO v27.4) - https:\/\/yoast.com\/product\/yoast-seo-premium-wordpress\/ -->\n<title>White Whale Gnarlicky Hot Sauce - Heatsupply<\/title>\n<meta name=\"description\" content=\"Diese Gnarlicky Hot Sauce von White Whale Sauces aus den Niederlanden ist eine Sauce, bei der Knoblauch im Mittelpunkt steht. K\u00f6stlich herzhaft mit einem leicht s\u00e4uerlichen Hauch.\" \/>\n<meta name=\"robots\" content=\"index, follow, max-snippet:-1, max-image-preview:large, max-video-preview:-1\" \/>\n<link rel=\"canonical\" href=\"https:\/\/www.heatsupply.nl\/de\/produkt\/white-whale-gnarlicky-hot-sauce\/\" \/>\n<meta property=\"og:locale\" content=\"de_DE\" \/>\n<meta property=\"og:type\" content=\"article\" \/>\n<meta property=\"og:title\" content=\"White Whale Gnarlicky Hot Sauce\" \/>\n<meta property=\"og:description\" content=\"Diese Gnarlicky Hot Sauce von White Whale Sauces aus den Niederlanden ist eine Sauce, bei der Knoblauch im Mittelpunkt steht. K\u00f6stlich herzhaft mit einem leicht s\u00e4uerlichen Hauch.\" \/>\n<meta property=\"og:url\" content=\"https:\/\/www.heatsupply.nl\/de\/produkt\/white-whale-gnarlicky-hot-sauce\/\" \/>\n<meta property=\"og:site_name\" content=\"Heatsupply\" \/>\n<meta property=\"article:publisher\" content=\"https:\/\/www.facebook.com\/heatsupplyNL\" \/>\n<meta property=\"article:modified_time\" content=\"2026-04-24T11:31:52+00:00\" \/>\n<meta property=\"og:image\" content=\"https:\/\/www.heatsupply.nl\/wp-content\/uploads\/2023\/01\/white-whale-gnarlicky-hot-sauce.jpg\" \/>\n\t<meta property=\"og:image:width\" content=\"1400\" \/>\n\t<meta property=\"og:image:height\" content=\"1400\" \/>\n\t<meta property=\"og:image:type\" content=\"image\/jpeg\" \/>\n<meta name=\"twitter:card\" content=\"summary_large_image\" \/>\n<meta name=\"twitter:label1\" content=\"Preis\" \/>\n\t<meta name=\"twitter:data1\" content=\"&euro;9,95\" \/>\n\t<meta name=\"twitter:label2\" content=\"Verf\u00fcgbarkeit\" \/>\n\t<meta name=\"twitter:data2\" content=\"Auf Lager\" \/>\n<script type=\"application\/ld+json\" class=\"yoast-schema-graph\">{\"@context\":\"https:\\\/\\\/schema.org\",\"@graph\":[{\"@type\":\"WebPage\",\"@id\":\"https:\\\/\\\/www.heatsupply.nl\\\/de\\\/produkt\\\/white-whale-gnarlicky-hot-sauce\\\/\",\"url\":\"https:\\\/\\\/www.heatsupply.nl\\\/de\\\/produkt\\\/white-whale-gnarlicky-hot-sauce\\\/\",\"name\":\"White Whale Gnarlicky Hot Sauce - Heatsupply\",\"isPartOf\":{\"@id\":\"https:\\\/\\\/www.heatsupply.nl\\\/de\\\/#website\"},\"primaryImageOfPage\":{\"@id\":\"https:\\\/\\\/www.heatsupply.nl\\\/de\\\/produkt\\\/white-whale-gnarlicky-hot-sauce\\\/#primaryimage\"},\"image\":{\"@id\":\"https:\\\/\\\/www.heatsupply.nl\\\/de\\\/produkt\\\/white-whale-gnarlicky-hot-sauce\\\/#primaryimage\"},\"thumbnailUrl\":\"https:\\\/\\\/www.heatsupply.nl\\\/wp-content\\\/uploads\\\/2023\\\/01\\\/white-whale-gnarlicky-hot-sauce.jpg\",\"datePublished\":\"2023-02-01T07:52:36+00:00\",\"dateModified\":\"2026-04-24T11:31:52+00:00\",\"description\":\"Diese Gnarlicky Hot Sauce von White Whale Sauces aus den Niederlanden ist eine Sauce, bei der Knoblauch im Mittelpunkt steht. K\u00f6stlich herzhaft mit einem leicht s\u00e4uerlichen Hauch.\",\"breadcrumb\":{\"@id\":\"https:\\\/\\\/www.heatsupply.nl\\\/de\\\/produkt\\\/white-whale-gnarlicky-hot-sauce\\\/#breadcrumb\"},\"inLanguage\":\"de\",\"potentialAction\":[{\"@type\":\"ReadAction\",\"target\":[\"https:\\\/\\\/www.heatsupply.nl\\\/de\\\/produkt\\\/white-whale-gnarlicky-hot-sauce\\\/\"]}]},{\"@type\":\"ImageObject\",\"inLanguage\":\"de\",\"@id\":\"https:\\\/\\\/www.heatsupply.nl\\\/de\\\/produkt\\\/white-whale-gnarlicky-hot-sauce\\\/#primaryimage\",\"url\":\"https:\\\/\\\/www.heatsupply.nl\\\/wp-content\\\/uploads\\\/2023\\\/01\\\/white-whale-gnarlicky-hot-sauce.jpg\",\"contentUrl\":\"https:\\\/\\\/www.heatsupply.nl\\\/wp-content\\\/uploads\\\/2023\\\/01\\\/white-whale-gnarlicky-hot-sauce.jpg\",\"width\":1400,\"height\":1400},{\"@type\":\"BreadcrumbList\",\"@id\":\"https:\\\/\\\/www.heatsupply.nl\\\/de\\\/produkt\\\/white-whale-gnarlicky-hot-sauce\\\/#breadcrumb\",\"itemListElement\":[{\"@type\":\"ListItem\",\"position\":1,\"name\":\"Home\",\"item\":\"https:\\\/\\\/www.heatsupply.nl\\\/de\\\/\"},{\"@type\":\"ListItem\",\"position\":2,\"name\":\"Alle produkten\",\"item\":\"https:\\\/\\\/www.heatsupply.nl\\\/de\\\/alle-produkten\\\/\"},{\"@type\":\"ListItem\",\"position\":3,\"name\":\"Scharfe So\u00dfen\",\"item\":\"https:\\\/\\\/www.heatsupply.nl\\\/de\\\/scharfe-sossen\\\/\"},{\"@type\":\"ListItem\",\"position\":4,\"name\":\"Europ\u00e4ische scharfe Saucen\",\"item\":\"https:\\\/\\\/www.heatsupply.nl\\\/de\\\/scharfe-sossen\\\/europaeische-scharfe-saucen\\\/\"},{\"@type\":\"ListItem\",\"position\":5,\"name\":\"White Whale Gnarlicky Hot Sauce\"}]},{\"@type\":\"WebSite\",\"@id\":\"https:\\\/\\\/www.heatsupply.nl\\\/de\\\/#website\",\"url\":\"https:\\\/\\\/www.heatsupply.nl\\\/de\\\/\",\"name\":\"Heatsupply\",\"description\":\"Hot sauce webstore #1 in Europe\",\"publisher\":{\"@id\":\"https:\\\/\\\/www.heatsupply.nl\\\/de\\\/#organization\"},\"potentialAction\":[{\"@type\":\"SearchAction\",\"target\":{\"@type\":\"EntryPoint\",\"urlTemplate\":\"https:\\\/\\\/www.heatsupply.nl\\\/de\\\/?s={search_term_string}\"},\"query-input\":{\"@type\":\"PropertyValueSpecification\",\"valueRequired\":true,\"valueName\":\"search_term_string\"}}],\"inLanguage\":\"de\"},{\"@type\":\"Organization\",\"@id\":\"https:\\\/\\\/www.heatsupply.nl\\\/de\\\/#organization\",\"name\":\"Heatsupply\",\"url\":\"https:\\\/\\\/www.heatsupply.nl\\\/de\\\/\",\"logo\":{\"@type\":\"ImageObject\",\"inLanguage\":\"de\",\"@id\":\"https:\\\/\\\/www.heatsupply.nl\\\/de\\\/#\\\/schema\\\/logo\\\/image\\\/\",\"url\":\"https:\\\/\\\/www.heatsupply.nl\\\/wp-content\\\/uploads\\\/2022\\\/10\\\/heatsupply-logo-rood.jpg\",\"contentUrl\":\"https:\\\/\\\/www.heatsupply.nl\\\/wp-content\\\/uploads\\\/2022\\\/10\\\/heatsupply-logo-rood.jpg\",\"width\":1000,\"height\":335,\"caption\":\"Heatsupply\"},\"image\":{\"@id\":\"https:\\\/\\\/www.heatsupply.nl\\\/de\\\/#\\\/schema\\\/logo\\\/image\\\/\"},\"sameAs\":[\"https:\\\/\\\/www.facebook.com\\\/heatsupplyNL\",\"https:\\\/\\\/www.instagram.com\\\/heatsuppy.nl\",\"https:\\\/\\\/www.youtube.com\\\/channel\\\/UC5pOWqQtljvxTz2SMWGWCsw\"]}]}<\/script>\n<meta property=\"product:brand\" content=\"White Whale\" \/>\n<meta property=\"product:price:amount\" content=\"9.95\" \/>\n<meta property=\"product:price:currency\" content=\"EUR\" \/>\n<meta property=\"og:availability\" content=\"instock\" \/>\n<meta property=\"product:availability\" content=\"instock\" \/>\n<meta property=\"product:retailer_item_id\" content=\"WWHSG001\" \/>\n<meta property=\"product:condition\" content=\"new\" \/>\n<!-- \/ Yoast SEO Premium plugin. -->","yoast_head_json":{"title":"White Whale Gnarlicky Hot Sauce - Heatsupply","description":"Diese Gnarlicky Hot Sauce von White Whale Sauces aus den Niederlanden ist eine Sauce, bei der Knoblauch im Mittelpunkt steht. K\u00f6stlich herzhaft mit einem leicht s\u00e4uerlichen Hauch.","robots":{"index":"index","follow":"follow","max-snippet":"max-snippet:-1","max-image-preview":"max-image-preview:large","max-video-preview":"max-video-preview:-1"},"canonical":"https:\/\/www.heatsupply.nl\/de\/produkt\/white-whale-gnarlicky-hot-sauce\/","og_locale":"de_DE","og_type":"article","og_title":"White Whale Gnarlicky Hot Sauce","og_description":"Diese Gnarlicky Hot Sauce von White Whale Sauces aus den Niederlanden ist eine Sauce, bei der Knoblauch im Mittelpunkt steht. K\u00f6stlich herzhaft mit einem leicht s\u00e4uerlichen Hauch.","og_url":"https:\/\/www.heatsupply.nl\/de\/produkt\/white-whale-gnarlicky-hot-sauce\/","og_site_name":"Heatsupply","article_publisher":"https:\/\/www.facebook.com\/heatsupplyNL","article_modified_time":"2026-04-24T11:31:52+00:00","og_image":[{"width":1400,"height":1400,"url":"https:\/\/www.heatsupply.nl\/wp-content\/uploads\/2023\/01\/white-whale-gnarlicky-hot-sauce.jpg","type":"image\/jpeg"}],"twitter_card":"summary_large_image","twitter_misc":{"Preis":"&euro;9,95","Verf\u00fcgbarkeit":"Auf Lager"},"schema":{"@context":"https:\/\/schema.org","@graph":[{"@type":"WebPage","@id":"https:\/\/www.heatsupply.nl\/de\/produkt\/white-whale-gnarlicky-hot-sauce\/","url":"https:\/\/www.heatsupply.nl\/de\/produkt\/white-whale-gnarlicky-hot-sauce\/","name":"White Whale Gnarlicky Hot Sauce - Heatsupply","isPartOf":{"@id":"https:\/\/www.heatsupply.nl\/de\/#website"},"primaryImageOfPage":{"@id":"https:\/\/www.heatsupply.nl\/de\/produkt\/white-whale-gnarlicky-hot-sauce\/#primaryimage"},"image":{"@id":"https:\/\/www.heatsupply.nl\/de\/produkt\/white-whale-gnarlicky-hot-sauce\/#primaryimage"},"thumbnailUrl":"https:\/\/www.heatsupply.nl\/wp-content\/uploads\/2023\/01\/white-whale-gnarlicky-hot-sauce.jpg","datePublished":"2023-02-01T07:52:36+00:00","dateModified":"2026-04-24T11:31:52+00:00","description":"Diese Gnarlicky Hot Sauce von White Whale Sauces aus den Niederlanden ist eine Sauce, bei der Knoblauch im Mittelpunkt steht. K\u00f6stlich herzhaft mit einem leicht s\u00e4uerlichen Hauch.","breadcrumb":{"@id":"https:\/\/www.heatsupply.nl\/de\/produkt\/white-whale-gnarlicky-hot-sauce\/#breadcrumb"},"inLanguage":"de","potentialAction":[{"@type":"ReadAction","target":["https:\/\/www.heatsupply.nl\/de\/produkt\/white-whale-gnarlicky-hot-sauce\/"]}]},{"@type":"ImageObject","inLanguage":"de","@id":"https:\/\/www.heatsupply.nl\/de\/produkt\/white-whale-gnarlicky-hot-sauce\/#primaryimage","url":"https:\/\/www.heatsupply.nl\/wp-content\/uploads\/2023\/01\/white-whale-gnarlicky-hot-sauce.jpg","contentUrl":"https:\/\/www.heatsupply.nl\/wp-content\/uploads\/2023\/01\/white-whale-gnarlicky-hot-sauce.jpg","width":1400,"height":1400},{"@type":"BreadcrumbList","@id":"https:\/\/www.heatsupply.nl\/de\/produkt\/white-whale-gnarlicky-hot-sauce\/#breadcrumb","itemListElement":[{"@type":"ListItem","position":1,"name":"Home","item":"https:\/\/www.heatsupply.nl\/de\/"},{"@type":"ListItem","position":2,"name":"Alle produkten","item":"https:\/\/www.heatsupply.nl\/de\/alle-produkten\/"},{"@type":"ListItem","position":3,"name":"Scharfe So\u00dfen","item":"https:\/\/www.heatsupply.nl\/de\/scharfe-sossen\/"},{"@type":"ListItem","position":4,"name":"Europ\u00e4ische scharfe Saucen","item":"https:\/\/www.heatsupply.nl\/de\/scharfe-sossen\/europaeische-scharfe-saucen\/"},{"@type":"ListItem","position":5,"name":"White Whale Gnarlicky Hot Sauce"}]},{"@type":"WebSite","@id":"https:\/\/www.heatsupply.nl\/de\/#website","url":"https:\/\/www.heatsupply.nl\/de\/","name":"Heatsupply","description":"Hot sauce webstore #1 in Europe","publisher":{"@id":"https:\/\/www.heatsupply.nl\/de\/#organization"},"potentialAction":[{"@type":"SearchAction","target":{"@type":"EntryPoint","urlTemplate":"https:\/\/www.heatsupply.nl\/de\/?s={search_term_string}"},"query-input":{"@type":"PropertyValueSpecification","valueRequired":true,"valueName":"search_term_string"}}],"inLanguage":"de"},{"@type":"Organization","@id":"https:\/\/www.heatsupply.nl\/de\/#organization","name":"Heatsupply","url":"https:\/\/www.heatsupply.nl\/de\/","logo":{"@type":"ImageObject","inLanguage":"de","@id":"https:\/\/www.heatsupply.nl\/de\/#\/schema\/logo\/image\/","url":"https:\/\/www.heatsupply.nl\/wp-content\/uploads\/2022\/10\/heatsupply-logo-rood.jpg","contentUrl":"https:\/\/www.heatsupply.nl\/wp-content\/uploads\/2022\/10\/heatsupply-logo-rood.jpg","width":1000,"height":335,"caption":"Heatsupply"},"image":{"@id":"https:\/\/www.heatsupply.nl\/de\/#\/schema\/logo\/image\/"},"sameAs":["https:\/\/www.facebook.com\/heatsupplyNL","https:\/\/www.instagram.com\/heatsuppy.nl","https:\/\/www.youtube.com\/channel\/UC5pOWqQtljvxTz2SMWGWCsw"]}]},"product_brand":"White Whale","product_price_amount":"9.95","product_price_currency":"EUR","og_availability":"instock","product_availability":"instock","product_retailer_item_id":"WWHSG001","product_condition":"new"},"_links":{"self":[{"href":"https:\/\/www.heatsupply.nl\/de\/wp-json\/wp\/v2\/product\/141953","targetHints":{"allow":["GET"]}}],"collection":[{"href":"https:\/\/www.heatsupply.nl\/de\/wp-json\/wp\/v2\/product"}],"about":[{"href":"https:\/\/www.heatsupply.nl\/de\/wp-json\/wp\/v2\/types\/product"}],"replies":[{"embeddable":true,"href":"https:\/\/www.heatsupply.nl\/de\/wp-json\/wp\/v2\/comments?post=141953"}],"wp:featuredmedia":[{"embeddable":true,"href":"https:\/\/www.heatsupply.nl\/de\/wp-json\/wp\/v2\/media\/141954"}],"wp:attachment":[{"href":"https:\/\/www.heatsupply.nl\/de\/wp-json\/wp\/v2\/media?parent=141953"}],"wp:term":[{"taxonomy":"product_brand","embeddable":true,"href":"https:\/\/www.heatsupply.nl\/de\/wp-json\/wp\/v2\/product_brand?post=141953"},{"taxonomy":"product_cat","embeddable":true,"href":"https:\/\/www.heatsupply.nl\/de\/wp-json\/wp\/v2\/product_cat?post=141953"},{"taxonomy":"product_tag","embeddable":true,"href":"https:\/\/www.heatsupply.nl\/de\/wp-json\/wp\/v2\/product_tag?post=141953"}],"curies":[{"name":"wp","href":"https:\/\/api.w.org\/{rel}","templated":true}]}}