{"id":141948,"date":"2023-01-20T09:47:48","date_gmt":"2023-01-20T08:47:48","guid":{"rendered":"https:\/\/www.heatsupply.nl\/product\/nicks-hatsas-korean-style-hot-sauce-2\/"},"modified":"2026-02-20T11:15:31","modified_gmt":"2026-02-20T10:15:31","slug":"nicks-hatsas-korean-style-hot-sauce","status":"publish","type":"product","link":"https:\/\/www.heatsupply.nl\/de\/produkt\/nicks-hatsas-korean-style-hot-sauce\/","title":{"rendered":"Nick&#8217;s Hatsas &#8211; Korean Style Hot Sauce"},"content":{"rendered":"<p><strong>Zutaten Nick&#8217;s Hatsas:<\/strong> Brauner Zucker (Zucker, Invertzuckersirup, Farbstoff E150d (enth\u00e4lt SULFITE)), Reisessig (Wasser, Reis), Wasser, wei\u00dfe Miso-Paste (Wasser, SOJABOHNEN, Reis, Salz), Chilischote (Bird&#8217;s Eye), Zitronengrasp\u00fcree (Zitronengras, Wasser, Essig, Salz, Zitrusfaser), Knoblauchp\u00fcree, Ingwerp\u00fcree, Maisst\u00e4rke, Salz, koreanische Chiliflocken, Pilzextrakt.<\/p>\n<p><span style=\"text-decoration: underline;\">N\u00e4hrwerte pro 100 g:<\/span><br \/>\nEnergie: 711 kJ\/169 kcal<br \/>\nFett: 0,7 Gramm<br \/>\ndavon ges\u00e4ttigte Fetts\u00e4uren: 0,2 Gramm<br \/>\nKohlenhydrate: 38,7 Gramm<br \/>\ndavon Zucker: 30,1 Gramm<br \/>\nBallaststoffe: 0,3 Gramm<br \/>\nProtein: 2 Gramm<br \/>\nSalz: 2,93 Gramm<\/p>\n<p>Vor Gebrauch sch\u00fctteln und nach dem \u00d6ffnen gek\u00fchlt aufbewahren.<\/p>\n","protected":false},"excerpt":{"rendered":"<p style=\"text-align: justify;\">Nick&#8217;s Hatsas ist die offizielle Eten Met Nick Hot Sauce, in Zusammenarbeit mit Heatsupply hergestellt. Diese Korean Style Hot Sauce (150 ml) ist von der koreanischen K\u00fcche inspiriert und enth\u00e4lt die Aromen von wei\u00dfer Miso, Knoblauch, Zitronengras, Ingwer und nat\u00fcrlich echten koreanischen Chiliflocken f\u00fcr deine Seele. Bird&#8217;s Eye Chilis sorgen f\u00fcr eine angenehme Sch\u00e4rfe, die nicht zu stark ist, aber sch\u00f6n lange anh\u00e4lt. S\u00fc\u00dfe, Sch\u00e4rfe, Umami-Noten und ein Hauch Frische durch das Zitronengras. K\u00f6stlich! Laut Nick passt diese Sauce zu allem, und da sind wir nat\u00fcrlich einverstanden, aber wir finden sie besonders genial zu frittiertem H\u00fchnchen, Wokgerichten und Spareribs. Exklusiv bei Heatsupply erh\u00e4ltlich.<\/p>\n<p style=\"text-align: justify;\">Ist eine Flasche nicht genug f\u00fcr dich? Wir bieten auch ein preisg\u00fcnstiges Nick&#8217;s Hatsas 3-Pack an!<\/p>\n","protected":false},"featured_media":141949,"comment_status":"open","ping_status":"closed","template":"","meta":{"_acf_changed":false},"product_brand":[],"product_cat":[3886,4044,3994,4122,3787,4046,3788],"product_tag":[],"class_list":{"0":"post-141948","1":"product","2":"type-product","3":"status-publish","4":"has-post-thumbnail","6":"product_cat-bbq-saucen","7":"product_cat-eten-met-nick","8":"product_cat-europaeische-scharfe-saucen","9":"product_cat-koenigstag-deals-2026","10":"product_cat-scharfe-sossen","11":"product_cat-spicy","12":"product_cat-top-10","14":"first","15":"instock","16":"taxable","17":"shipping-taxable","18":"purchasable","19":"product-type-simple"},"bundled_by":["141950","141917","141217","142013"],"bundle_stock_status":"instock","bundle_stock_quantity":null,"bundle_virtual":false,"bundle_layout":"","bundle_add_to_cart_form_location":"","bundle_editable_in_cart":false,"bundle_sold_individually_context":"","bundle_item_grouping":"","bundle_min_size":"","bundle_max_size":"","bundle_price":[],"bundled_items":[],"bundle_sell_ids":[],"acf":[],"yoast_head":"<!-- This site is optimized with the Yoast SEO Premium plugin v27.5 (Yoast SEO v27.5) - https:\/\/yoast.com\/product\/yoast-seo-premium-wordpress\/ -->\n<title>Nick&#039;s Hatsas - Korean Style Hot Sauce - Heatsupply<\/title>\n<meta name=\"description\" content=\"Nick&#039;s Hatsas ist die offizielle Eten Met Nick Hot Sauce im koreanischen Stil, hergestellt in Zusammenarbeit mit Heatsupply. Nat\u00fcrlich mit koreanischen Chiliflocken!\" \/>\n<meta name=\"robots\" content=\"index, follow, max-snippet:-1, max-image-preview:large, max-video-preview:-1\" \/>\n<link rel=\"canonical\" href=\"https:\/\/www.heatsupply.nl\/de\/produkt\/nicks-hatsas-korean-style-hot-sauce\/\" \/>\n<meta property=\"og:locale\" content=\"de_DE\" \/>\n<meta property=\"og:type\" content=\"article\" \/>\n<meta property=\"og:title\" content=\"Nick&#039;s Hatsas - Korean Style Hot Sauce\" \/>\n<meta property=\"og:description\" content=\"Nick&#039;s Hatsas ist die offizielle Eten Met Nick Hot Sauce im koreanischen Stil, hergestellt in Zusammenarbeit mit Heatsupply. Nat\u00fcrlich mit koreanischen Chiliflocken!\" \/>\n<meta property=\"og:url\" content=\"https:\/\/www.heatsupply.nl\/de\/produkt\/nicks-hatsas-korean-style-hot-sauce\/\" \/>\n<meta property=\"og:site_name\" content=\"Heatsupply\" \/>\n<meta property=\"article:publisher\" content=\"https:\/\/www.facebook.com\/heatsupplyNL\" \/>\n<meta property=\"article:modified_time\" content=\"2026-02-20T10:15:31+00:00\" \/>\n<meta property=\"og:image\" content=\"https:\/\/www.heatsupply.nl\/wp-content\/uploads\/2023\/01\/eten-met-nick-hatsas-1.jpg\" \/>\n\t<meta property=\"og:image:width\" content=\"1400\" \/>\n\t<meta property=\"og:image:height\" content=\"1400\" \/>\n\t<meta property=\"og:image:type\" content=\"image\/jpeg\" \/>\n<meta name=\"twitter:card\" content=\"summary_large_image\" \/>\n<meta name=\"twitter:label1\" content=\"Preis\" \/>\n\t<meta name=\"twitter:data1\" content=\"&euro;8,95\" \/>\n\t<meta name=\"twitter:label2\" content=\"Verf\u00fcgbarkeit\" \/>\n\t<meta name=\"twitter:data2\" content=\"Auf Lager\" \/>\n<script type=\"application\/ld+json\" class=\"yoast-schema-graph\">{\"@context\":\"https:\\\/\\\/schema.org\",\"@graph\":[{\"@type\":\"WebPage\",\"@id\":\"https:\\\/\\\/www.heatsupply.nl\\\/de\\\/produkt\\\/nicks-hatsas-korean-style-hot-sauce\\\/\",\"url\":\"https:\\\/\\\/www.heatsupply.nl\\\/de\\\/produkt\\\/nicks-hatsas-korean-style-hot-sauce\\\/\",\"name\":\"Nick's Hatsas - Korean Style Hot Sauce - Heatsupply\",\"isPartOf\":{\"@id\":\"https:\\\/\\\/www.heatsupply.nl\\\/de\\\/#website\"},\"primaryImageOfPage\":{\"@id\":\"https:\\\/\\\/www.heatsupply.nl\\\/de\\\/produkt\\\/nicks-hatsas-korean-style-hot-sauce\\\/#primaryimage\"},\"image\":{\"@id\":\"https:\\\/\\\/www.heatsupply.nl\\\/de\\\/produkt\\\/nicks-hatsas-korean-style-hot-sauce\\\/#primaryimage\"},\"thumbnailUrl\":\"https:\\\/\\\/www.heatsupply.nl\\\/wp-content\\\/uploads\\\/2023\\\/01\\\/eten-met-nick-hatsas-1.jpg\",\"datePublished\":\"2023-01-20T08:47:48+00:00\",\"dateModified\":\"2026-02-20T10:15:31+00:00\",\"description\":\"Nick's Hatsas ist die offizielle Eten Met Nick Hot Sauce im koreanischen Stil, hergestellt in Zusammenarbeit mit Heatsupply. Nat\u00fcrlich mit koreanischen Chiliflocken!\",\"breadcrumb\":{\"@id\":\"https:\\\/\\\/www.heatsupply.nl\\\/de\\\/produkt\\\/nicks-hatsas-korean-style-hot-sauce\\\/#breadcrumb\"},\"inLanguage\":\"de\",\"potentialAction\":[{\"@type\":\"ReadAction\",\"target\":[\"https:\\\/\\\/www.heatsupply.nl\\\/de\\\/produkt\\\/nicks-hatsas-korean-style-hot-sauce\\\/\"]}]},{\"@type\":\"ImageObject\",\"inLanguage\":\"de\",\"@id\":\"https:\\\/\\\/www.heatsupply.nl\\\/de\\\/produkt\\\/nicks-hatsas-korean-style-hot-sauce\\\/#primaryimage\",\"url\":\"https:\\\/\\\/www.heatsupply.nl\\\/wp-content\\\/uploads\\\/2023\\\/01\\\/eten-met-nick-hatsas-1.jpg\",\"contentUrl\":\"https:\\\/\\\/www.heatsupply.nl\\\/wp-content\\\/uploads\\\/2023\\\/01\\\/eten-met-nick-hatsas-1.jpg\",\"width\":1400,\"height\":1400},{\"@type\":\"BreadcrumbList\",\"@id\":\"https:\\\/\\\/www.heatsupply.nl\\\/de\\\/produkt\\\/nicks-hatsas-korean-style-hot-sauce\\\/#breadcrumb\",\"itemListElement\":[{\"@type\":\"ListItem\",\"position\":1,\"name\":\"Home\",\"item\":\"https:\\\/\\\/www.heatsupply.nl\\\/de\\\/\"},{\"@type\":\"ListItem\",\"position\":2,\"name\":\"Alle produkten\",\"item\":\"https:\\\/\\\/www.heatsupply.nl\\\/de\\\/alle-produkten\\\/\"},{\"@type\":\"ListItem\",\"position\":3,\"name\":\"Scharfe So\u00dfen\",\"item\":\"https:\\\/\\\/www.heatsupply.nl\\\/de\\\/scharfe-sossen\\\/\"},{\"@type\":\"ListItem\",\"position\":4,\"name\":\"Die besten BBQ Hot Sauces\",\"item\":\"https:\\\/\\\/www.heatsupply.nl\\\/de\\\/scharfe-sossen\\\/bbq-saucen\\\/\"},{\"@type\":\"ListItem\",\"position\":5,\"name\":\"Nick&#8217;s Hatsas &#8211; Korean Style Hot Sauce\"}]},{\"@type\":\"WebSite\",\"@id\":\"https:\\\/\\\/www.heatsupply.nl\\\/de\\\/#website\",\"url\":\"https:\\\/\\\/www.heatsupply.nl\\\/de\\\/\",\"name\":\"Heatsupply\",\"description\":\"Hot sauce webstore #1 in Europe\",\"publisher\":{\"@id\":\"https:\\\/\\\/www.heatsupply.nl\\\/de\\\/#organization\"},\"potentialAction\":[{\"@type\":\"SearchAction\",\"target\":{\"@type\":\"EntryPoint\",\"urlTemplate\":\"https:\\\/\\\/www.heatsupply.nl\\\/de\\\/?s={search_term_string}\"},\"query-input\":{\"@type\":\"PropertyValueSpecification\",\"valueRequired\":true,\"valueName\":\"search_term_string\"}}],\"inLanguage\":\"de\"},{\"@type\":\"Organization\",\"@id\":\"https:\\\/\\\/www.heatsupply.nl\\\/de\\\/#organization\",\"name\":\"Heatsupply\",\"url\":\"https:\\\/\\\/www.heatsupply.nl\\\/de\\\/\",\"logo\":{\"@type\":\"ImageObject\",\"inLanguage\":\"de\",\"@id\":\"https:\\\/\\\/www.heatsupply.nl\\\/de\\\/#\\\/schema\\\/logo\\\/image\\\/\",\"url\":\"https:\\\/\\\/www.heatsupply.nl\\\/wp-content\\\/uploads\\\/2022\\\/10\\\/heatsupply-logo-rood.jpg\",\"contentUrl\":\"https:\\\/\\\/www.heatsupply.nl\\\/wp-content\\\/uploads\\\/2022\\\/10\\\/heatsupply-logo-rood.jpg\",\"width\":1000,\"height\":335,\"caption\":\"Heatsupply\"},\"image\":{\"@id\":\"https:\\\/\\\/www.heatsupply.nl\\\/de\\\/#\\\/schema\\\/logo\\\/image\\\/\"},\"sameAs\":[\"https:\\\/\\\/www.facebook.com\\\/heatsupplyNL\",\"https:\\\/\\\/www.instagram.com\\\/heatsuppy.nl\",\"https:\\\/\\\/www.youtube.com\\\/channel\\\/UC5pOWqQtljvxTz2SMWGWCsw\"]}]}<\/script>\n<meta property=\"product:brand\" content=\"Nick&#039;s Hatsas\" \/>\n<meta property=\"product:price:amount\" content=\"8.95\" \/>\n<meta property=\"product:price:currency\" content=\"EUR\" \/>\n<meta property=\"og:availability\" content=\"instock\" \/>\n<meta property=\"product:availability\" content=\"instock\" \/>\n<meta property=\"product:retailer_item_id\" content=\"NHSKSHS002\" \/>\n<meta property=\"product:condition\" content=\"new\" \/>\n<!-- \/ Yoast SEO Premium plugin. -->","yoast_head_json":{"title":"Nick's Hatsas - Korean Style Hot Sauce - Heatsupply","description":"Nick's Hatsas ist die offizielle Eten Met Nick Hot Sauce im koreanischen Stil, hergestellt in Zusammenarbeit mit Heatsupply. Nat\u00fcrlich mit koreanischen Chiliflocken!","robots":{"index":"index","follow":"follow","max-snippet":"max-snippet:-1","max-image-preview":"max-image-preview:large","max-video-preview":"max-video-preview:-1"},"canonical":"https:\/\/www.heatsupply.nl\/de\/produkt\/nicks-hatsas-korean-style-hot-sauce\/","og_locale":"de_DE","og_type":"article","og_title":"Nick's Hatsas - Korean Style Hot Sauce","og_description":"Nick's Hatsas ist die offizielle Eten Met Nick Hot Sauce im koreanischen Stil, hergestellt in Zusammenarbeit mit Heatsupply. Nat\u00fcrlich mit koreanischen Chiliflocken!","og_url":"https:\/\/www.heatsupply.nl\/de\/produkt\/nicks-hatsas-korean-style-hot-sauce\/","og_site_name":"Heatsupply","article_publisher":"https:\/\/www.facebook.com\/heatsupplyNL","article_modified_time":"2026-02-20T10:15:31+00:00","og_image":[{"width":1400,"height":1400,"url":"https:\/\/www.heatsupply.nl\/wp-content\/uploads\/2023\/01\/eten-met-nick-hatsas-1.jpg","type":"image\/jpeg"}],"twitter_card":"summary_large_image","twitter_misc":{"Preis":"&euro;8,95","Verf\u00fcgbarkeit":"Auf Lager"},"schema":{"@context":"https:\/\/schema.org","@graph":[{"@type":"WebPage","@id":"https:\/\/www.heatsupply.nl\/de\/produkt\/nicks-hatsas-korean-style-hot-sauce\/","url":"https:\/\/www.heatsupply.nl\/de\/produkt\/nicks-hatsas-korean-style-hot-sauce\/","name":"Nick's Hatsas - Korean Style Hot Sauce - Heatsupply","isPartOf":{"@id":"https:\/\/www.heatsupply.nl\/de\/#website"},"primaryImageOfPage":{"@id":"https:\/\/www.heatsupply.nl\/de\/produkt\/nicks-hatsas-korean-style-hot-sauce\/#primaryimage"},"image":{"@id":"https:\/\/www.heatsupply.nl\/de\/produkt\/nicks-hatsas-korean-style-hot-sauce\/#primaryimage"},"thumbnailUrl":"https:\/\/www.heatsupply.nl\/wp-content\/uploads\/2023\/01\/eten-met-nick-hatsas-1.jpg","datePublished":"2023-01-20T08:47:48+00:00","dateModified":"2026-02-20T10:15:31+00:00","description":"Nick's Hatsas ist die offizielle Eten Met Nick Hot Sauce im koreanischen Stil, hergestellt in Zusammenarbeit mit Heatsupply. Nat\u00fcrlich mit koreanischen Chiliflocken!","breadcrumb":{"@id":"https:\/\/www.heatsupply.nl\/de\/produkt\/nicks-hatsas-korean-style-hot-sauce\/#breadcrumb"},"inLanguage":"de","potentialAction":[{"@type":"ReadAction","target":["https:\/\/www.heatsupply.nl\/de\/produkt\/nicks-hatsas-korean-style-hot-sauce\/"]}]},{"@type":"ImageObject","inLanguage":"de","@id":"https:\/\/www.heatsupply.nl\/de\/produkt\/nicks-hatsas-korean-style-hot-sauce\/#primaryimage","url":"https:\/\/www.heatsupply.nl\/wp-content\/uploads\/2023\/01\/eten-met-nick-hatsas-1.jpg","contentUrl":"https:\/\/www.heatsupply.nl\/wp-content\/uploads\/2023\/01\/eten-met-nick-hatsas-1.jpg","width":1400,"height":1400},{"@type":"BreadcrumbList","@id":"https:\/\/www.heatsupply.nl\/de\/produkt\/nicks-hatsas-korean-style-hot-sauce\/#breadcrumb","itemListElement":[{"@type":"ListItem","position":1,"name":"Home","item":"https:\/\/www.heatsupply.nl\/de\/"},{"@type":"ListItem","position":2,"name":"Alle produkten","item":"https:\/\/www.heatsupply.nl\/de\/alle-produkten\/"},{"@type":"ListItem","position":3,"name":"Scharfe So\u00dfen","item":"https:\/\/www.heatsupply.nl\/de\/scharfe-sossen\/"},{"@type":"ListItem","position":4,"name":"Die besten BBQ Hot Sauces","item":"https:\/\/www.heatsupply.nl\/de\/scharfe-sossen\/bbq-saucen\/"},{"@type":"ListItem","position":5,"name":"Nick&#8217;s Hatsas &#8211; Korean Style Hot Sauce"}]},{"@type":"WebSite","@id":"https:\/\/www.heatsupply.nl\/de\/#website","url":"https:\/\/www.heatsupply.nl\/de\/","name":"Heatsupply","description":"Hot sauce webstore #1 in Europe","publisher":{"@id":"https:\/\/www.heatsupply.nl\/de\/#organization"},"potentialAction":[{"@type":"SearchAction","target":{"@type":"EntryPoint","urlTemplate":"https:\/\/www.heatsupply.nl\/de\/?s={search_term_string}"},"query-input":{"@type":"PropertyValueSpecification","valueRequired":true,"valueName":"search_term_string"}}],"inLanguage":"de"},{"@type":"Organization","@id":"https:\/\/www.heatsupply.nl\/de\/#organization","name":"Heatsupply","url":"https:\/\/www.heatsupply.nl\/de\/","logo":{"@type":"ImageObject","inLanguage":"de","@id":"https:\/\/www.heatsupply.nl\/de\/#\/schema\/logo\/image\/","url":"https:\/\/www.heatsupply.nl\/wp-content\/uploads\/2022\/10\/heatsupply-logo-rood.jpg","contentUrl":"https:\/\/www.heatsupply.nl\/wp-content\/uploads\/2022\/10\/heatsupply-logo-rood.jpg","width":1000,"height":335,"caption":"Heatsupply"},"image":{"@id":"https:\/\/www.heatsupply.nl\/de\/#\/schema\/logo\/image\/"},"sameAs":["https:\/\/www.facebook.com\/heatsupplyNL","https:\/\/www.instagram.com\/heatsuppy.nl","https:\/\/www.youtube.com\/channel\/UC5pOWqQtljvxTz2SMWGWCsw"]}]},"product_brand":"Nick&#039;s Hatsas","product_price_amount":"8.95","product_price_currency":"EUR","og_availability":"instock","product_availability":"instock","product_retailer_item_id":"NHSKSHS002","product_condition":"new"},"_links":{"self":[{"href":"https:\/\/www.heatsupply.nl\/de\/wp-json\/wp\/v2\/product\/141948","targetHints":{"allow":["GET"]}}],"collection":[{"href":"https:\/\/www.heatsupply.nl\/de\/wp-json\/wp\/v2\/product"}],"about":[{"href":"https:\/\/www.heatsupply.nl\/de\/wp-json\/wp\/v2\/types\/product"}],"replies":[{"embeddable":true,"href":"https:\/\/www.heatsupply.nl\/de\/wp-json\/wp\/v2\/comments?post=141948"}],"wp:featuredmedia":[{"embeddable":true,"href":"https:\/\/www.heatsupply.nl\/de\/wp-json\/wp\/v2\/media\/141949"}],"wp:attachment":[{"href":"https:\/\/www.heatsupply.nl\/de\/wp-json\/wp\/v2\/media?parent=141948"}],"wp:term":[{"taxonomy":"product_brand","embeddable":true,"href":"https:\/\/www.heatsupply.nl\/de\/wp-json\/wp\/v2\/product_brand?post=141948"},{"taxonomy":"product_cat","embeddable":true,"href":"https:\/\/www.heatsupply.nl\/de\/wp-json\/wp\/v2\/product_cat?post=141948"},{"taxonomy":"product_tag","embeddable":true,"href":"https:\/\/www.heatsupply.nl\/de\/wp-json\/wp\/v2\/product_tag?post=141948"}],"curies":[{"name":"wp","href":"https:\/\/api.w.org\/{rel}","templated":true}]}}