{"id":141915,"date":"2022-10-27T07:28:00","date_gmt":"2022-10-27T05:28:00","guid":{"rendered":"https:\/\/www.heatsupply.nl\/product\/the-o-g-hot-sauce-beste-hot-sauce-der-niederlande-2023\/"},"modified":"2026-04-21T15:12:35","modified_gmt":"2026-04-21T13:12:35","slug":"the-o-g-hot-sauce-beste-hot-sauce-der-niederlande-2023","status":"publish","type":"product","link":"https:\/\/www.heatsupply.nl\/de\/produkt\/the-o-g-hot-sauce-beste-hot-sauce-der-niederlande-2023\/","title":{"rendered":"The O.G. Hot Sauce &#8211; Beste Hot Sauce der Niederlande 2023"},"content":{"rendered":"<p><strong>Zutaten The O.G. Hot Sauce by Heatsupply:<\/strong> rote Jalape\u00f1o, Essig, Wasser, Habanero, Knoblauchp\u00fcree, Zucker, R\u00f6stzwiebelp\u00fcree (Zwiebel, Sonnenblumen\u00f6l), Tomatenp\u00fcree, Kr\u00e4uter &amp; Gew\u00fcrze, Salz, Maisst\u00e4rke.<\/p>\n<p><span style=\"text-decoration: underline;\">N\u00e4hrwertangaben pro 100gr:<\/span><br \/>\nEnergie: 325 kJ\/78 kcal<br \/>\nFett: 1,6 g<br \/>\ndavon ges\u00e4ttigte Fette: 0,2 g<br \/>\nKohlenhydrate: 12,7 g<br \/>\ndavon Zucker: 8,8 g<br \/>\nBallaststoffe: 1,8 g<br \/>\nEiwei\u00df: 1,4 g<br \/>\nSalz: 1,53 g<\/p>\n<p>Vor dem Gebrauch sch\u00fctteln und nach dem \u00d6ffnen im K\u00fchlschrank aufbewahren.<\/p>\n","protected":false},"excerpt":{"rendered":"<p><span style=\"font-weight: 500;\">Die O.G. Hot Sauce ist die erste offizielle Heatsupply Hot Sauce und der Gewinner der &#8222;Best Hot Sauce of the Netherlands 2023&#8220; beim Dutch Chili Fest. The O.G. ist unsere Version einer &#8222;Original Hot Sauce&#8220; und sie ist eine vielseitige Geschmacksbombe geworden. Leckere rote Jalape\u00f1os und Habaneros, Kreuzk\u00fcmmel, karamellisierte Zwiebeln, Knoblauch und schwarzer Pfeffer bombardieren deine Geschmacksknospen und machen diese scharfe Sauce zu deinem Favoriten f\u00fcr so ziemlich alles! Tropfe sie auf deine Tacos, Burger, H\u00fchnchen oder jedes andere Gericht, das etwas mehr Geschmack und Aufregung vertragen k\u00f6nnte.<\/span><\/p>\n<p>Sie k\u00f6nnen von dieser So\u00dfe nicht genug bekommen? Wir bieten jetzt auch ein <a href=\"https:\/\/www.heatsupply.nl\/de\/produkt\/the-o-g-hot-sauce-3-pack\/\"><strong>3-Pack<\/strong><\/a> an!<\/p>\n<ul>\n<li><span style=\"font-weight: 500;\">Herkunft: Asten, die Niederlande<\/span><\/li>\n<li><span style=\"font-weight: 500;\">Inhalt: 150 ml<\/span><\/li>\n<\/ul>\n","protected":false},"featured_media":141916,"comment_status":"open","ping_status":"closed","template":"","meta":{"_acf_changed":false},"product_brand":[],"product_cat":[4044,3994,3913,4011,3915,4122,3787,4046,3788],"product_tag":[],"class_list":{"0":"post-141915","1":"product","2":"type-product","3":"status-publish","4":"has-post-thumbnail","6":"product_cat-eten-met-nick","7":"product_cat-europaeische-scharfe-saucen","8":"product_cat-habanero","9":"product_cat-heatsupply-originals","10":"product_cat-jalapeno","11":"product_cat-koenigstag-deals-2026","12":"product_cat-scharfe-sossen","13":"product_cat-spicy","14":"product_cat-top-10","16":"first","17":"instock","18":"taxable","19":"shipping-taxable","20":"purchasable","21":"product-type-simple"},"bundled_by":["141917","141942","141991","142013","143630","143638","141217","149782","155561","156433","160993","149343","180424","181778"],"bundle_stock_status":"instock","bundle_stock_quantity":null,"bundle_virtual":false,"bundle_layout":"","bundle_add_to_cart_form_location":"","bundle_editable_in_cart":false,"bundle_sold_individually_context":"","bundle_item_grouping":"","bundle_min_size":"","bundle_max_size":"","bundle_price":[],"bundled_items":[],"bundle_sell_ids":[],"acf":[],"yoast_head":"<!-- This site is optimized with the Yoast SEO Premium plugin v27.5 (Yoast SEO v27.5) - https:\/\/yoast.com\/product\/yoast-seo-premium-wordpress\/ -->\n<title>The O.G. Hot Sauce - Beste hot sauce van Nederland &#039;23 - Heatsupply<\/title>\n<meta name=\"description\" content=\"Die O.G. Hot Sauce ist die erste offizielle Heatsupply Hot Sauce und wurde zur besten Hot Sauce der Niederlande 2023 gew\u00e4hlt. Bestelle sie jetzt exklusiv hier!\" \/>\n<meta name=\"robots\" content=\"index, follow, max-snippet:-1, max-image-preview:large, max-video-preview:-1\" \/>\n<link rel=\"canonical\" href=\"https:\/\/www.heatsupply.nl\/de\/produkt\/the-o-g-hot-sauce-beste-hot-sauce-der-niederlande-2023\/\" \/>\n<meta property=\"og:locale\" content=\"de_DE\" \/>\n<meta property=\"og:type\" content=\"article\" \/>\n<meta property=\"og:title\" content=\"The O.G. Hot Sauce - Beste Hot Sauce der Niederlande 2023\" \/>\n<meta property=\"og:description\" content=\"Die O.G. Hot Sauce ist die erste offizielle Heatsupply Hot Sauce und wurde zur besten Hot Sauce der Niederlande 2023 gew\u00e4hlt. Bestelle sie jetzt exklusiv hier!\" \/>\n<meta property=\"og:url\" content=\"https:\/\/www.heatsupply.nl\/de\/produkt\/the-o-g-hot-sauce-beste-hot-sauce-der-niederlande-2023\/\" \/>\n<meta property=\"og:site_name\" content=\"Heatsupply\" \/>\n<meta property=\"article:publisher\" content=\"https:\/\/www.facebook.com\/heatsupplyNL\" \/>\n<meta property=\"article:modified_time\" content=\"2026-04-21T13:12:35+00:00\" \/>\n<meta property=\"og:image\" content=\"https:\/\/www.heatsupply.nl\/wp-content\/uploads\/2022\/10\/og-hot-sauce-heatsupply-1.jpg\" \/>\n\t<meta property=\"og:image:width\" content=\"1400\" \/>\n\t<meta property=\"og:image:height\" content=\"1400\" \/>\n\t<meta property=\"og:image:type\" content=\"image\/jpeg\" \/>\n<meta name=\"twitter:card\" content=\"summary_large_image\" \/>\n<meta name=\"twitter:label1\" content=\"Preis\" \/>\n\t<meta name=\"twitter:data1\" content=\"&euro;7,95\" \/>\n\t<meta name=\"twitter:label2\" content=\"Verf\u00fcgbarkeit\" \/>\n\t<meta name=\"twitter:data2\" content=\"Auf Lager\" \/>\n<script type=\"application\/ld+json\" class=\"yoast-schema-graph\">{\"@context\":\"https:\\\/\\\/schema.org\",\"@graph\":[{\"@type\":\"WebPage\",\"@id\":\"https:\\\/\\\/www.heatsupply.nl\\\/de\\\/produkt\\\/the-o-g-hot-sauce-beste-hot-sauce-der-niederlande-2023\\\/\",\"url\":\"https:\\\/\\\/www.heatsupply.nl\\\/de\\\/produkt\\\/the-o-g-hot-sauce-beste-hot-sauce-der-niederlande-2023\\\/\",\"name\":\"The O.G. Hot Sauce - Beste hot sauce van Nederland '23 - Heatsupply\",\"isPartOf\":{\"@id\":\"https:\\\/\\\/www.heatsupply.nl\\\/de\\\/#website\"},\"primaryImageOfPage\":{\"@id\":\"https:\\\/\\\/www.heatsupply.nl\\\/de\\\/produkt\\\/the-o-g-hot-sauce-beste-hot-sauce-der-niederlande-2023\\\/#primaryimage\"},\"image\":{\"@id\":\"https:\\\/\\\/www.heatsupply.nl\\\/de\\\/produkt\\\/the-o-g-hot-sauce-beste-hot-sauce-der-niederlande-2023\\\/#primaryimage\"},\"thumbnailUrl\":\"https:\\\/\\\/www.heatsupply.nl\\\/wp-content\\\/uploads\\\/2022\\\/10\\\/og-hot-sauce-heatsupply-1.jpg\",\"datePublished\":\"2022-10-27T05:28:00+00:00\",\"dateModified\":\"2026-04-21T13:12:35+00:00\",\"description\":\"Die O.G. Hot Sauce ist die erste offizielle Heatsupply Hot Sauce und wurde zur besten Hot Sauce der Niederlande 2023 gew\u00e4hlt. Bestelle sie jetzt exklusiv hier!\",\"breadcrumb\":{\"@id\":\"https:\\\/\\\/www.heatsupply.nl\\\/de\\\/produkt\\\/the-o-g-hot-sauce-beste-hot-sauce-der-niederlande-2023\\\/#breadcrumb\"},\"inLanguage\":\"de\",\"potentialAction\":[{\"@type\":\"ReadAction\",\"target\":[\"https:\\\/\\\/www.heatsupply.nl\\\/de\\\/produkt\\\/the-o-g-hot-sauce-beste-hot-sauce-der-niederlande-2023\\\/\"]}]},{\"@type\":\"ImageObject\",\"inLanguage\":\"de\",\"@id\":\"https:\\\/\\\/www.heatsupply.nl\\\/de\\\/produkt\\\/the-o-g-hot-sauce-beste-hot-sauce-der-niederlande-2023\\\/#primaryimage\",\"url\":\"https:\\\/\\\/www.heatsupply.nl\\\/wp-content\\\/uploads\\\/2022\\\/10\\\/og-hot-sauce-heatsupply-1.jpg\",\"contentUrl\":\"https:\\\/\\\/www.heatsupply.nl\\\/wp-content\\\/uploads\\\/2022\\\/10\\\/og-hot-sauce-heatsupply-1.jpg\",\"width\":1400,\"height\":1400,\"caption\":\"The O.G. hot sauce Heatsupply\"},{\"@type\":\"BreadcrumbList\",\"@id\":\"https:\\\/\\\/www.heatsupply.nl\\\/de\\\/produkt\\\/the-o-g-hot-sauce-beste-hot-sauce-der-niederlande-2023\\\/#breadcrumb\",\"itemListElement\":[{\"@type\":\"ListItem\",\"position\":1,\"name\":\"Home\",\"item\":\"https:\\\/\\\/www.heatsupply.nl\\\/de\\\/\"},{\"@type\":\"ListItem\",\"position\":2,\"name\":\"Alle produkten\",\"item\":\"https:\\\/\\\/www.heatsupply.nl\\\/de\\\/alle-produkten\\\/\"},{\"@type\":\"ListItem\",\"position\":3,\"name\":\"Scharfe So\u00dfen\",\"item\":\"https:\\\/\\\/www.heatsupply.nl\\\/de\\\/scharfe-sossen\\\/\"},{\"@type\":\"ListItem\",\"position\":4,\"name\":\"Eten met Nick\",\"item\":\"https:\\\/\\\/www.heatsupply.nl\\\/de\\\/scharfe-sossen\\\/eten-met-nick\\\/\"},{\"@type\":\"ListItem\",\"position\":5,\"name\":\"The O.G. Hot Sauce &#8211; Beste Hot Sauce der Niederlande 2023\"}]},{\"@type\":\"WebSite\",\"@id\":\"https:\\\/\\\/www.heatsupply.nl\\\/de\\\/#website\",\"url\":\"https:\\\/\\\/www.heatsupply.nl\\\/de\\\/\",\"name\":\"Heatsupply\",\"description\":\"Hot sauce webstore #1 in Europe\",\"publisher\":{\"@id\":\"https:\\\/\\\/www.heatsupply.nl\\\/de\\\/#organization\"},\"potentialAction\":[{\"@type\":\"SearchAction\",\"target\":{\"@type\":\"EntryPoint\",\"urlTemplate\":\"https:\\\/\\\/www.heatsupply.nl\\\/de\\\/?s={search_term_string}\"},\"query-input\":{\"@type\":\"PropertyValueSpecification\",\"valueRequired\":true,\"valueName\":\"search_term_string\"}}],\"inLanguage\":\"de\"},{\"@type\":\"Organization\",\"@id\":\"https:\\\/\\\/www.heatsupply.nl\\\/de\\\/#organization\",\"name\":\"Heatsupply\",\"url\":\"https:\\\/\\\/www.heatsupply.nl\\\/de\\\/\",\"logo\":{\"@type\":\"ImageObject\",\"inLanguage\":\"de\",\"@id\":\"https:\\\/\\\/www.heatsupply.nl\\\/de\\\/#\\\/schema\\\/logo\\\/image\\\/\",\"url\":\"https:\\\/\\\/www.heatsupply.nl\\\/wp-content\\\/uploads\\\/2022\\\/10\\\/heatsupply-logo-rood.jpg\",\"contentUrl\":\"https:\\\/\\\/www.heatsupply.nl\\\/wp-content\\\/uploads\\\/2022\\\/10\\\/heatsupply-logo-rood.jpg\",\"width\":1000,\"height\":335,\"caption\":\"Heatsupply\"},\"image\":{\"@id\":\"https:\\\/\\\/www.heatsupply.nl\\\/de\\\/#\\\/schema\\\/logo\\\/image\\\/\"},\"sameAs\":[\"https:\\\/\\\/www.facebook.com\\\/heatsupplyNL\",\"https:\\\/\\\/www.instagram.com\\\/heatsuppy.nl\",\"https:\\\/\\\/www.youtube.com\\\/channel\\\/UC5pOWqQtljvxTz2SMWGWCsw\"]}]}<\/script>\n<meta property=\"product:brand\" content=\"Heatsupply\" \/>\n<meta property=\"product:price:amount\" content=\"7.95\" \/>\n<meta property=\"product:price:currency\" content=\"EUR\" \/>\n<meta property=\"og:availability\" content=\"instock\" \/>\n<meta property=\"product:availability\" content=\"instock\" \/>\n<meta property=\"product:retailer_item_id\" content=\"THEOGHS003\" \/>\n<meta property=\"product:condition\" content=\"new\" \/>\n<!-- \/ Yoast SEO Premium plugin. -->","yoast_head_json":{"title":"The O.G. Hot Sauce - Beste hot sauce van Nederland '23 - Heatsupply","description":"Die O.G. Hot Sauce ist die erste offizielle Heatsupply Hot Sauce und wurde zur besten Hot Sauce der Niederlande 2023 gew\u00e4hlt. Bestelle sie jetzt exklusiv hier!","robots":{"index":"index","follow":"follow","max-snippet":"max-snippet:-1","max-image-preview":"max-image-preview:large","max-video-preview":"max-video-preview:-1"},"canonical":"https:\/\/www.heatsupply.nl\/de\/produkt\/the-o-g-hot-sauce-beste-hot-sauce-der-niederlande-2023\/","og_locale":"de_DE","og_type":"article","og_title":"The O.G. Hot Sauce - Beste Hot Sauce der Niederlande 2023","og_description":"Die O.G. Hot Sauce ist die erste offizielle Heatsupply Hot Sauce und wurde zur besten Hot Sauce der Niederlande 2023 gew\u00e4hlt. Bestelle sie jetzt exklusiv hier!","og_url":"https:\/\/www.heatsupply.nl\/de\/produkt\/the-o-g-hot-sauce-beste-hot-sauce-der-niederlande-2023\/","og_site_name":"Heatsupply","article_publisher":"https:\/\/www.facebook.com\/heatsupplyNL","article_modified_time":"2026-04-21T13:12:35+00:00","og_image":[{"width":1400,"height":1400,"url":"https:\/\/www.heatsupply.nl\/wp-content\/uploads\/2022\/10\/og-hot-sauce-heatsupply-1.jpg","type":"image\/jpeg"}],"twitter_card":"summary_large_image","twitter_misc":{"Preis":"&euro;7,95","Verf\u00fcgbarkeit":"Auf Lager"},"schema":{"@context":"https:\/\/schema.org","@graph":[{"@type":"WebPage","@id":"https:\/\/www.heatsupply.nl\/de\/produkt\/the-o-g-hot-sauce-beste-hot-sauce-der-niederlande-2023\/","url":"https:\/\/www.heatsupply.nl\/de\/produkt\/the-o-g-hot-sauce-beste-hot-sauce-der-niederlande-2023\/","name":"The O.G. Hot Sauce - Beste hot sauce van Nederland '23 - Heatsupply","isPartOf":{"@id":"https:\/\/www.heatsupply.nl\/de\/#website"},"primaryImageOfPage":{"@id":"https:\/\/www.heatsupply.nl\/de\/produkt\/the-o-g-hot-sauce-beste-hot-sauce-der-niederlande-2023\/#primaryimage"},"image":{"@id":"https:\/\/www.heatsupply.nl\/de\/produkt\/the-o-g-hot-sauce-beste-hot-sauce-der-niederlande-2023\/#primaryimage"},"thumbnailUrl":"https:\/\/www.heatsupply.nl\/wp-content\/uploads\/2022\/10\/og-hot-sauce-heatsupply-1.jpg","datePublished":"2022-10-27T05:28:00+00:00","dateModified":"2026-04-21T13:12:35+00:00","description":"Die O.G. Hot Sauce ist die erste offizielle Heatsupply Hot Sauce und wurde zur besten Hot Sauce der Niederlande 2023 gew\u00e4hlt. Bestelle sie jetzt exklusiv hier!","breadcrumb":{"@id":"https:\/\/www.heatsupply.nl\/de\/produkt\/the-o-g-hot-sauce-beste-hot-sauce-der-niederlande-2023\/#breadcrumb"},"inLanguage":"de","potentialAction":[{"@type":"ReadAction","target":["https:\/\/www.heatsupply.nl\/de\/produkt\/the-o-g-hot-sauce-beste-hot-sauce-der-niederlande-2023\/"]}]},{"@type":"ImageObject","inLanguage":"de","@id":"https:\/\/www.heatsupply.nl\/de\/produkt\/the-o-g-hot-sauce-beste-hot-sauce-der-niederlande-2023\/#primaryimage","url":"https:\/\/www.heatsupply.nl\/wp-content\/uploads\/2022\/10\/og-hot-sauce-heatsupply-1.jpg","contentUrl":"https:\/\/www.heatsupply.nl\/wp-content\/uploads\/2022\/10\/og-hot-sauce-heatsupply-1.jpg","width":1400,"height":1400,"caption":"The O.G. hot sauce Heatsupply"},{"@type":"BreadcrumbList","@id":"https:\/\/www.heatsupply.nl\/de\/produkt\/the-o-g-hot-sauce-beste-hot-sauce-der-niederlande-2023\/#breadcrumb","itemListElement":[{"@type":"ListItem","position":1,"name":"Home","item":"https:\/\/www.heatsupply.nl\/de\/"},{"@type":"ListItem","position":2,"name":"Alle produkten","item":"https:\/\/www.heatsupply.nl\/de\/alle-produkten\/"},{"@type":"ListItem","position":3,"name":"Scharfe So\u00dfen","item":"https:\/\/www.heatsupply.nl\/de\/scharfe-sossen\/"},{"@type":"ListItem","position":4,"name":"Eten met Nick","item":"https:\/\/www.heatsupply.nl\/de\/scharfe-sossen\/eten-met-nick\/"},{"@type":"ListItem","position":5,"name":"The O.G. Hot Sauce &#8211; Beste Hot Sauce der Niederlande 2023"}]},{"@type":"WebSite","@id":"https:\/\/www.heatsupply.nl\/de\/#website","url":"https:\/\/www.heatsupply.nl\/de\/","name":"Heatsupply","description":"Hot sauce webstore #1 in Europe","publisher":{"@id":"https:\/\/www.heatsupply.nl\/de\/#organization"},"potentialAction":[{"@type":"SearchAction","target":{"@type":"EntryPoint","urlTemplate":"https:\/\/www.heatsupply.nl\/de\/?s={search_term_string}"},"query-input":{"@type":"PropertyValueSpecification","valueRequired":true,"valueName":"search_term_string"}}],"inLanguage":"de"},{"@type":"Organization","@id":"https:\/\/www.heatsupply.nl\/de\/#organization","name":"Heatsupply","url":"https:\/\/www.heatsupply.nl\/de\/","logo":{"@type":"ImageObject","inLanguage":"de","@id":"https:\/\/www.heatsupply.nl\/de\/#\/schema\/logo\/image\/","url":"https:\/\/www.heatsupply.nl\/wp-content\/uploads\/2022\/10\/heatsupply-logo-rood.jpg","contentUrl":"https:\/\/www.heatsupply.nl\/wp-content\/uploads\/2022\/10\/heatsupply-logo-rood.jpg","width":1000,"height":335,"caption":"Heatsupply"},"image":{"@id":"https:\/\/www.heatsupply.nl\/de\/#\/schema\/logo\/image\/"},"sameAs":["https:\/\/www.facebook.com\/heatsupplyNL","https:\/\/www.instagram.com\/heatsuppy.nl","https:\/\/www.youtube.com\/channel\/UC5pOWqQtljvxTz2SMWGWCsw"]}]},"product_brand":"Heatsupply","product_price_amount":"7.95","product_price_currency":"EUR","og_availability":"instock","product_availability":"instock","product_retailer_item_id":"THEOGHS003","product_condition":"new"},"_links":{"self":[{"href":"https:\/\/www.heatsupply.nl\/de\/wp-json\/wp\/v2\/product\/141915","targetHints":{"allow":["GET"]}}],"collection":[{"href":"https:\/\/www.heatsupply.nl\/de\/wp-json\/wp\/v2\/product"}],"about":[{"href":"https:\/\/www.heatsupply.nl\/de\/wp-json\/wp\/v2\/types\/product"}],"replies":[{"embeddable":true,"href":"https:\/\/www.heatsupply.nl\/de\/wp-json\/wp\/v2\/comments?post=141915"}],"wp:featuredmedia":[{"embeddable":true,"href":"https:\/\/www.heatsupply.nl\/de\/wp-json\/wp\/v2\/media\/141916"}],"wp:attachment":[{"href":"https:\/\/www.heatsupply.nl\/de\/wp-json\/wp\/v2\/media?parent=141915"}],"wp:term":[{"taxonomy":"product_brand","embeddable":true,"href":"https:\/\/www.heatsupply.nl\/de\/wp-json\/wp\/v2\/product_brand?post=141915"},{"taxonomy":"product_cat","embeddable":true,"href":"https:\/\/www.heatsupply.nl\/de\/wp-json\/wp\/v2\/product_cat?post=141915"},{"taxonomy":"product_tag","embeddable":true,"href":"https:\/\/www.heatsupply.nl\/de\/wp-json\/wp\/v2\/product_tag?post=141915"}],"curies":[{"name":"wp","href":"https:\/\/api.w.org\/{rel}","templated":true}]}}