{"id":141893,"date":"2022-06-22T13:04:14","date_gmt":"2022-06-22T11:04:14","guid":{"rendered":"https:\/\/www.heatsupply.nl\/product\/secret-aardvark-reaper-smoked-hot-sauce-2\/"},"modified":"2026-05-13T12:27:52","modified_gmt":"2026-05-13T10:27:52","slug":"secret-aardvark-reaper-smoked-hot-sauce","status":"publish","type":"product","link":"https:\/\/www.heatsupply.nl\/de\/produkt\/secret-aardvark-reaper-smoked-hot-sauce\/","title":{"rendered":"Secret Aardvark Reaper Smoked Hot Sauce"},"content":{"rendered":"<p><strong>Zutaten Secret Aardvark Reaper Smoked:<\/strong> Tomaten (Tomaten und ger\u00f6stete Tomaten, Tomatensaft, Zitronens\u00e4ure, Kalziumchlorid), Karotten, Wei\u00dfweinessig, ger\u00e4ucherter Reaper Pepper Puree, gelbe Zwiebeln, Rohrzucker, ger\u00e4uchertes Meersalz, Knoblauch, Gew\u00fcrze, gelber <strong>Senf<\/strong> (Branntweinessig, <strong>Senfk\u00f6rner<\/strong>, Salz, Kurkuma, Gew\u00fcrze)<\/p>\n<p>Allergene: Kann\u00a0<strong>Getreide, N\u00fcsse, Eier, Erdn\u00fcsse, Sojabohnen, Milchprodukte, Sesamsamen, Sellerie und Sulfite<\/strong> enthalten.<\/p>\n<p><span style=\"text-decoration: underline;\">N\u00e4hrwertangaben pro 100gr:<\/span><br \/>\nEnergie: 35 kcal\/149kJ<br \/>\nFett: 1g<br \/>\ndavon ges\u00e4ttigte Fette: 0,1 g<br \/>\nKohlenhydrate: 5,4 g<br \/>\ndavon Zucker: 2,1 g<br \/>\nProteine: 0,9 g<br \/>\nSalz: 5 g<\/p>\n<p>Vor Gebrauch sch\u00fctteln und nach dem \u00d6ffnen im K\u00fchlschrank aufbewahren.<\/p>\n","protected":false},"excerpt":{"rendered":"<p class=\"ai-optimize-28\"><span style=\"font-weight: 500;\">Die Secret Aardvark Reaper Smoked Hot Sauce ist eine neue Geschmacksrichtung der beliebten Marke, und sie ist auch die sch\u00e4rfste! Das soll \u00fcbrigens nicht hei\u00dfen, dass es sich um eine extrem scharfe Sauce handelt, aber die Carolina Reaper-Chilis sorgen f\u00fcr eine ziemliche Sch\u00e4rfe, die sich sehr langsam einstellt und die man zum Gl\u00fcck trotzdem genie\u00dfen kann. Vor allem, weil sie ger\u00e4uchert wurden, was dieser Sauce sofort eine zus\u00e4tzliche Sch\u00e4rfe verleiht. Die k\u00f6stliche Basis aus feuerger\u00f6steten Tomaten ist vertraut, ebenso wie die Kombination mit Karotten, Zwiebeln, Knoblauch und den f\u00fcr Secret Aardvark so typischen Gew\u00fcrzen. Sehr vielseitig und besonders k\u00f6stlich beim Grillen und auf deinen mexikanischen Lieblingsgerichten.<\/span><\/p>\n<p class=\"ai-optimize-29\"><strong>Aufgrund der begrenzten Haltbarkeit bis zum 18. Oktober 2024 ist dieses Produkt rabattiert<\/strong><\/p>\n<ul>\n<li class=\"ai-optimize-30\"><span style=\"font-weight: 500;\">Herkunft: Portland, Oregon (USA)<\/span><\/li>\n<li class=\"ai-optimize-31\"><span style=\"font-weight: 500;\">Inhalt: 236 ml<\/span><\/li>\n<\/ul>\n","protected":false},"featured_media":141894,"comment_status":"open","ping_status":"closed","template":"","meta":{"_acf_changed":false},"product_brand":[],"product_cat":[3929,3886,3787,4046],"product_tag":[],"class_list":{"0":"post-141893","1":"product","2":"type-product","3":"status-publish","4":"has-post-thumbnail","6":"product_cat-carolina-reaper","7":"product_cat-bbq-saucen","8":"product_cat-scharfe-sossen","9":"product_cat-spicy","11":"first","12":"instock","13":"taxable","14":"shipping-taxable","15":"purchasable","16":"product-type-simple"},"bundled_by":["143277"],"bundle_stock_status":"instock","bundle_stock_quantity":153,"bundle_virtual":false,"bundle_layout":"","bundle_add_to_cart_form_location":"","bundle_editable_in_cart":false,"bundle_sold_individually_context":"","bundle_item_grouping":"","bundle_min_size":"","bundle_max_size":"","bundle_price":[],"bundled_items":[],"bundle_sell_ids":[],"acf":[],"yoast_head":"<!-- This site is optimized with the Yoast SEO Premium plugin v27.5 (Yoast SEO v27.5) - https:\/\/yoast.com\/product\/yoast-seo-premium-wordpress\/ -->\n<title>Secret Aardvark Reaper Smoked Hot Sauce - Heatsupply<\/title>\n<meta name=\"description\" content=\"Diese Secret Aardvark Reaper Smoked Hot Sauce ist eine neue Geschmacksrichtung der beliebten Marke und die sch\u00e4rfste dazu! Bestelle sie jetzt bei Heatsupply.\" \/>\n<meta name=\"robots\" content=\"index, follow, max-snippet:-1, max-image-preview:large, max-video-preview:-1\" \/>\n<link rel=\"canonical\" href=\"https:\/\/www.heatsupply.nl\/de\/produkt\/secret-aardvark-reaper-smoked-hot-sauce\/\" \/>\n<meta property=\"og:locale\" content=\"de_DE\" \/>\n<meta property=\"og:type\" content=\"article\" \/>\n<meta property=\"og:title\" content=\"Secret Aardvark Reaper Smoked Hot Sauce\" \/>\n<meta property=\"og:description\" content=\"Diese Secret Aardvark Reaper Smoked Hot Sauce ist eine neue Geschmacksrichtung der beliebten Marke und die sch\u00e4rfste dazu! Bestelle sie jetzt bei Heatsupply.\" \/>\n<meta property=\"og:url\" content=\"https:\/\/www.heatsupply.nl\/de\/produkt\/secret-aardvark-reaper-smoked-hot-sauce\/\" \/>\n<meta property=\"og:site_name\" content=\"Heatsupply\" \/>\n<meta property=\"article:publisher\" content=\"https:\/\/www.facebook.com\/heatsupplyNL\" \/>\n<meta property=\"article:modified_time\" content=\"2026-05-13T10:27:52+00:00\" \/>\n<meta property=\"og:image\" content=\"https:\/\/www.heatsupply.nl\/wp-content\/uploads\/2022\/10\/secret-aardvark-smoked-reaper-hot-sauce.jpg\" \/>\n\t<meta property=\"og:image:width\" content=\"1400\" \/>\n\t<meta property=\"og:image:height\" content=\"1400\" \/>\n\t<meta property=\"og:image:type\" content=\"image\/jpeg\" \/>\n<meta name=\"twitter:card\" content=\"summary_large_image\" \/>\n<meta name=\"twitter:label1\" content=\"Preis\" \/>\n\t<meta name=\"twitter:data1\" content=\"&euro;11,95\" \/>\n\t<meta name=\"twitter:label2\" content=\"Verf\u00fcgbarkeit\" \/>\n\t<meta name=\"twitter:data2\" content=\"Auf Lager\" \/>\n<script type=\"application\/ld+json\" class=\"yoast-schema-graph\">{\"@context\":\"https:\\\/\\\/schema.org\",\"@graph\":[{\"@type\":\"WebPage\",\"@id\":\"https:\\\/\\\/www.heatsupply.nl\\\/de\\\/produkt\\\/secret-aardvark-reaper-smoked-hot-sauce\\\/\",\"url\":\"https:\\\/\\\/www.heatsupply.nl\\\/de\\\/produkt\\\/secret-aardvark-reaper-smoked-hot-sauce\\\/\",\"name\":\"Secret Aardvark Reaper Smoked Hot Sauce - Heatsupply\",\"isPartOf\":{\"@id\":\"https:\\\/\\\/www.heatsupply.nl\\\/de\\\/#website\"},\"primaryImageOfPage\":{\"@id\":\"https:\\\/\\\/www.heatsupply.nl\\\/de\\\/produkt\\\/secret-aardvark-reaper-smoked-hot-sauce\\\/#primaryimage\"},\"image\":{\"@id\":\"https:\\\/\\\/www.heatsupply.nl\\\/de\\\/produkt\\\/secret-aardvark-reaper-smoked-hot-sauce\\\/#primaryimage\"},\"thumbnailUrl\":\"https:\\\/\\\/www.heatsupply.nl\\\/wp-content\\\/uploads\\\/2022\\\/10\\\/secret-aardvark-smoked-reaper-hot-sauce.jpg\",\"datePublished\":\"2022-06-22T11:04:14+00:00\",\"dateModified\":\"2026-05-13T10:27:52+00:00\",\"description\":\"Diese Secret Aardvark Reaper Smoked Hot Sauce ist eine neue Geschmacksrichtung der beliebten Marke und die sch\u00e4rfste dazu! Bestelle sie jetzt bei Heatsupply.\",\"breadcrumb\":{\"@id\":\"https:\\\/\\\/www.heatsupply.nl\\\/de\\\/produkt\\\/secret-aardvark-reaper-smoked-hot-sauce\\\/#breadcrumb\"},\"inLanguage\":\"de\",\"potentialAction\":[{\"@type\":\"ReadAction\",\"target\":[\"https:\\\/\\\/www.heatsupply.nl\\\/de\\\/produkt\\\/secret-aardvark-reaper-smoked-hot-sauce\\\/\"]}]},{\"@type\":\"ImageObject\",\"inLanguage\":\"de\",\"@id\":\"https:\\\/\\\/www.heatsupply.nl\\\/de\\\/produkt\\\/secret-aardvark-reaper-smoked-hot-sauce\\\/#primaryimage\",\"url\":\"https:\\\/\\\/www.heatsupply.nl\\\/wp-content\\\/uploads\\\/2022\\\/10\\\/secret-aardvark-smoked-reaper-hot-sauce.jpg\",\"contentUrl\":\"https:\\\/\\\/www.heatsupply.nl\\\/wp-content\\\/uploads\\\/2022\\\/10\\\/secret-aardvark-smoked-reaper-hot-sauce.jpg\",\"width\":1400,\"height\":1400},{\"@type\":\"BreadcrumbList\",\"@id\":\"https:\\\/\\\/www.heatsupply.nl\\\/de\\\/produkt\\\/secret-aardvark-reaper-smoked-hot-sauce\\\/#breadcrumb\",\"itemListElement\":[{\"@type\":\"ListItem\",\"position\":1,\"name\":\"Home\",\"item\":\"https:\\\/\\\/www.heatsupply.nl\\\/de\\\/\"},{\"@type\":\"ListItem\",\"position\":2,\"name\":\"Alle produkten\",\"item\":\"https:\\\/\\\/www.heatsupply.nl\\\/de\\\/alle-produkten\\\/\"},{\"@type\":\"ListItem\",\"position\":3,\"name\":\"Scharfe So\u00dfen\",\"item\":\"https:\\\/\\\/www.heatsupply.nl\\\/de\\\/scharfe-sossen\\\/\"},{\"@type\":\"ListItem\",\"position\":4,\"name\":\"Carolina Reaper\",\"item\":\"https:\\\/\\\/www.heatsupply.nl\\\/de\\\/scharfe-sossen\\\/carolina-reaper\\\/\"},{\"@type\":\"ListItem\",\"position\":5,\"name\":\"Secret Aardvark Reaper Smoked Hot Sauce\"}]},{\"@type\":\"WebSite\",\"@id\":\"https:\\\/\\\/www.heatsupply.nl\\\/de\\\/#website\",\"url\":\"https:\\\/\\\/www.heatsupply.nl\\\/de\\\/\",\"name\":\"Heatsupply\",\"description\":\"Hot sauce webstore #1 in Europe\",\"publisher\":{\"@id\":\"https:\\\/\\\/www.heatsupply.nl\\\/de\\\/#organization\"},\"potentialAction\":[{\"@type\":\"SearchAction\",\"target\":{\"@type\":\"EntryPoint\",\"urlTemplate\":\"https:\\\/\\\/www.heatsupply.nl\\\/de\\\/?s={search_term_string}\"},\"query-input\":{\"@type\":\"PropertyValueSpecification\",\"valueRequired\":true,\"valueName\":\"search_term_string\"}}],\"inLanguage\":\"de\"},{\"@type\":\"Organization\",\"@id\":\"https:\\\/\\\/www.heatsupply.nl\\\/de\\\/#organization\",\"name\":\"Heatsupply\",\"url\":\"https:\\\/\\\/www.heatsupply.nl\\\/de\\\/\",\"logo\":{\"@type\":\"ImageObject\",\"inLanguage\":\"de\",\"@id\":\"https:\\\/\\\/www.heatsupply.nl\\\/de\\\/#\\\/schema\\\/logo\\\/image\\\/\",\"url\":\"https:\\\/\\\/www.heatsupply.nl\\\/wp-content\\\/uploads\\\/2022\\\/10\\\/heatsupply-logo-rood.jpg\",\"contentUrl\":\"https:\\\/\\\/www.heatsupply.nl\\\/wp-content\\\/uploads\\\/2022\\\/10\\\/heatsupply-logo-rood.jpg\",\"width\":1000,\"height\":335,\"caption\":\"Heatsupply\"},\"image\":{\"@id\":\"https:\\\/\\\/www.heatsupply.nl\\\/de\\\/#\\\/schema\\\/logo\\\/image\\\/\"},\"sameAs\":[\"https:\\\/\\\/www.facebook.com\\\/heatsupplyNL\",\"https:\\\/\\\/www.instagram.com\\\/heatsuppy.nl\",\"https:\\\/\\\/www.youtube.com\\\/channel\\\/UC5pOWqQtljvxTz2SMWGWCsw\"]}]}<\/script>\n<meta property=\"product:brand\" content=\"Secret Aardvark\" \/>\n<meta property=\"product:price:amount\" content=\"11.95\" \/>\n<meta property=\"product:price:currency\" content=\"EUR\" \/>\n<meta property=\"og:availability\" content=\"instock\" \/>\n<meta property=\"product:availability\" content=\"instock\" \/>\n<meta property=\"product:retailer_item_id\" content=\"SARSHS002\" \/>\n<meta property=\"product:condition\" content=\"new\" \/>\n<!-- \/ Yoast SEO Premium plugin. -->","yoast_head_json":{"title":"Secret Aardvark Reaper Smoked Hot Sauce - Heatsupply","description":"Diese Secret Aardvark Reaper Smoked Hot Sauce ist eine neue Geschmacksrichtung der beliebten Marke und die sch\u00e4rfste dazu! Bestelle sie jetzt bei Heatsupply.","robots":{"index":"index","follow":"follow","max-snippet":"max-snippet:-1","max-image-preview":"max-image-preview:large","max-video-preview":"max-video-preview:-1"},"canonical":"https:\/\/www.heatsupply.nl\/de\/produkt\/secret-aardvark-reaper-smoked-hot-sauce\/","og_locale":"de_DE","og_type":"article","og_title":"Secret Aardvark Reaper Smoked Hot Sauce","og_description":"Diese Secret Aardvark Reaper Smoked Hot Sauce ist eine neue Geschmacksrichtung der beliebten Marke und die sch\u00e4rfste dazu! Bestelle sie jetzt bei Heatsupply.","og_url":"https:\/\/www.heatsupply.nl\/de\/produkt\/secret-aardvark-reaper-smoked-hot-sauce\/","og_site_name":"Heatsupply","article_publisher":"https:\/\/www.facebook.com\/heatsupplyNL","article_modified_time":"2026-05-13T10:27:52+00:00","og_image":[{"width":1400,"height":1400,"url":"https:\/\/www.heatsupply.nl\/wp-content\/uploads\/2022\/10\/secret-aardvark-smoked-reaper-hot-sauce.jpg","type":"image\/jpeg"}],"twitter_card":"summary_large_image","twitter_misc":{"Preis":"&euro;11,95","Verf\u00fcgbarkeit":"Auf Lager"},"schema":{"@context":"https:\/\/schema.org","@graph":[{"@type":"WebPage","@id":"https:\/\/www.heatsupply.nl\/de\/produkt\/secret-aardvark-reaper-smoked-hot-sauce\/","url":"https:\/\/www.heatsupply.nl\/de\/produkt\/secret-aardvark-reaper-smoked-hot-sauce\/","name":"Secret Aardvark Reaper Smoked Hot Sauce - Heatsupply","isPartOf":{"@id":"https:\/\/www.heatsupply.nl\/de\/#website"},"primaryImageOfPage":{"@id":"https:\/\/www.heatsupply.nl\/de\/produkt\/secret-aardvark-reaper-smoked-hot-sauce\/#primaryimage"},"image":{"@id":"https:\/\/www.heatsupply.nl\/de\/produkt\/secret-aardvark-reaper-smoked-hot-sauce\/#primaryimage"},"thumbnailUrl":"https:\/\/www.heatsupply.nl\/wp-content\/uploads\/2022\/10\/secret-aardvark-smoked-reaper-hot-sauce.jpg","datePublished":"2022-06-22T11:04:14+00:00","dateModified":"2026-05-13T10:27:52+00:00","description":"Diese Secret Aardvark Reaper Smoked Hot Sauce ist eine neue Geschmacksrichtung der beliebten Marke und die sch\u00e4rfste dazu! Bestelle sie jetzt bei Heatsupply.","breadcrumb":{"@id":"https:\/\/www.heatsupply.nl\/de\/produkt\/secret-aardvark-reaper-smoked-hot-sauce\/#breadcrumb"},"inLanguage":"de","potentialAction":[{"@type":"ReadAction","target":["https:\/\/www.heatsupply.nl\/de\/produkt\/secret-aardvark-reaper-smoked-hot-sauce\/"]}]},{"@type":"ImageObject","inLanguage":"de","@id":"https:\/\/www.heatsupply.nl\/de\/produkt\/secret-aardvark-reaper-smoked-hot-sauce\/#primaryimage","url":"https:\/\/www.heatsupply.nl\/wp-content\/uploads\/2022\/10\/secret-aardvark-smoked-reaper-hot-sauce.jpg","contentUrl":"https:\/\/www.heatsupply.nl\/wp-content\/uploads\/2022\/10\/secret-aardvark-smoked-reaper-hot-sauce.jpg","width":1400,"height":1400},{"@type":"BreadcrumbList","@id":"https:\/\/www.heatsupply.nl\/de\/produkt\/secret-aardvark-reaper-smoked-hot-sauce\/#breadcrumb","itemListElement":[{"@type":"ListItem","position":1,"name":"Home","item":"https:\/\/www.heatsupply.nl\/de\/"},{"@type":"ListItem","position":2,"name":"Alle produkten","item":"https:\/\/www.heatsupply.nl\/de\/alle-produkten\/"},{"@type":"ListItem","position":3,"name":"Scharfe So\u00dfen","item":"https:\/\/www.heatsupply.nl\/de\/scharfe-sossen\/"},{"@type":"ListItem","position":4,"name":"Carolina Reaper","item":"https:\/\/www.heatsupply.nl\/de\/scharfe-sossen\/carolina-reaper\/"},{"@type":"ListItem","position":5,"name":"Secret Aardvark Reaper Smoked Hot Sauce"}]},{"@type":"WebSite","@id":"https:\/\/www.heatsupply.nl\/de\/#website","url":"https:\/\/www.heatsupply.nl\/de\/","name":"Heatsupply","description":"Hot sauce webstore #1 in Europe","publisher":{"@id":"https:\/\/www.heatsupply.nl\/de\/#organization"},"potentialAction":[{"@type":"SearchAction","target":{"@type":"EntryPoint","urlTemplate":"https:\/\/www.heatsupply.nl\/de\/?s={search_term_string}"},"query-input":{"@type":"PropertyValueSpecification","valueRequired":true,"valueName":"search_term_string"}}],"inLanguage":"de"},{"@type":"Organization","@id":"https:\/\/www.heatsupply.nl\/de\/#organization","name":"Heatsupply","url":"https:\/\/www.heatsupply.nl\/de\/","logo":{"@type":"ImageObject","inLanguage":"de","@id":"https:\/\/www.heatsupply.nl\/de\/#\/schema\/logo\/image\/","url":"https:\/\/www.heatsupply.nl\/wp-content\/uploads\/2022\/10\/heatsupply-logo-rood.jpg","contentUrl":"https:\/\/www.heatsupply.nl\/wp-content\/uploads\/2022\/10\/heatsupply-logo-rood.jpg","width":1000,"height":335,"caption":"Heatsupply"},"image":{"@id":"https:\/\/www.heatsupply.nl\/de\/#\/schema\/logo\/image\/"},"sameAs":["https:\/\/www.facebook.com\/heatsupplyNL","https:\/\/www.instagram.com\/heatsuppy.nl","https:\/\/www.youtube.com\/channel\/UC5pOWqQtljvxTz2SMWGWCsw"]}]},"product_brand":"Secret Aardvark","product_price_amount":"11.95","product_price_currency":"EUR","og_availability":"instock","product_availability":"instock","product_retailer_item_id":"SARSHS002","product_condition":"new"},"_links":{"self":[{"href":"https:\/\/www.heatsupply.nl\/de\/wp-json\/wp\/v2\/product\/141893","targetHints":{"allow":["GET"]}}],"collection":[{"href":"https:\/\/www.heatsupply.nl\/de\/wp-json\/wp\/v2\/product"}],"about":[{"href":"https:\/\/www.heatsupply.nl\/de\/wp-json\/wp\/v2\/types\/product"}],"replies":[{"embeddable":true,"href":"https:\/\/www.heatsupply.nl\/de\/wp-json\/wp\/v2\/comments?post=141893"}],"wp:featuredmedia":[{"embeddable":true,"href":"https:\/\/www.heatsupply.nl\/de\/wp-json\/wp\/v2\/media\/141894"}],"wp:attachment":[{"href":"https:\/\/www.heatsupply.nl\/de\/wp-json\/wp\/v2\/media?parent=141893"}],"wp:term":[{"taxonomy":"product_brand","embeddable":true,"href":"https:\/\/www.heatsupply.nl\/de\/wp-json\/wp\/v2\/product_brand?post=141893"},{"taxonomy":"product_cat","embeddable":true,"href":"https:\/\/www.heatsupply.nl\/de\/wp-json\/wp\/v2\/product_cat?post=141893"},{"taxonomy":"product_tag","embeddable":true,"href":"https:\/\/www.heatsupply.nl\/de\/wp-json\/wp\/v2\/product_tag?post=141893"}],"curies":[{"name":"wp","href":"https:\/\/api.w.org\/{rel}","templated":true}]}}