{"id":141886,"date":"2022-06-10T09:37:00","date_gmt":"2022-06-10T07:37:00","guid":{"rendered":"https:\/\/www.heatsupply.nl\/product\/dawsons-cedar-smoked-garlic-hot-sauce-2\/"},"modified":"2026-05-11T21:36:19","modified_gmt":"2026-05-11T19:36:19","slug":"dawsons-cedar-smoked-garlic-hot-sauce","status":"publish","type":"product","link":"https:\/\/www.heatsupply.nl\/de\/produkt\/dawsons-cedar-smoked-garlic-hot-sauce\/","title":{"rendered":"Dawson&#8217;s Cedar Smoked Garlic Hot Sauce"},"content":{"rendered":"<p><strong>Zutaten Dawson&#8217;s Cedar Smoked Garlic Hot Sauce<\/strong>: Wei\u00dfweinessig (enth\u00e4lt SULFITE), Habanero (22,9 %), Knoblauch, Zwiebeln, natives Oliven\u00f6l extra, Meersalz, Sumach<\/p>\n<p>Diese hot sauce ist auch aus der YouTube-Show <a href=\"https:\/\/www.heatsupply.nl\/de\/scharfe-saucen\/hot-ones-saucen\/\"><strong>Hot Ones<\/strong><\/a> bekannt. In Staffel 17 war diese Sauce auf Platz 2 von 10.<\/p>\n<p><span style=\"text-decoration: underline;\">N\u00e4hrwerte pro 100 g:<\/span><br \/>\nEnergie: 165 kcal\/691 kJ<br \/>\nFett: 14 g<br \/>\ndavon ges\u00e4ttigte Fetts\u00e4uren: 2 g<br \/>\nKohlenhydrate: 9 g<br \/>\ndavon Zucker: 2 g<br \/>\nEiwei\u00df: 2 g<br \/>\nSalz: 0,96 g<\/p>\n<p>Vor Gebrauch sch\u00fctteln und nach dem \u00d6ffnen im K\u00fchlschrank aufbewahren.<\/p>\n","protected":false},"excerpt":{"rendered":"<p><span style=\"font-weight: 500;\">Diese Dawson&#8217;s Cedar Smoked Garlic Hot Sauce ist mittelscharf und recht komplex, obwohl sie nur 7 Zutaten enth\u00e4lt. Hochwertiger Wei\u00dfweinessig ist die erste Zutat, die zusammen mit dem Sumach eine sch\u00f6ne, fast zitronige S\u00e4ure erzeugt. Darauf folgt ein schmackhaftes, aber sehr ertr\u00e4gliches Brennen der Habaneros. Der Star der So\u00dfe ist jedoch vielleicht der w\u00fcrzige Geschmack, der durch den mit Zedernholz ger\u00e4ucherten Knoblauch entsteht. Schlie\u00dflich hat die Sauce durch das Oliven\u00f6l eine fast cremige Textur, die wir sehr zu sch\u00e4tzen wissen. Ein Topper also, der auch sehr vielseitig ist. Unser Tipp: Verwende diese Hot Sauce zu einem St\u00fcck Lachs oder zu deiner Lieblingspasta.<\/span><\/p>\n<p><span style=\"font-weight: 500;\">Herkunft: Hamilton, Ontario (Kanada)<\/span><\/p>\n<p><span style=\"font-weight: 500;\">Inhalt: 155 ml<\/span><\/p>\n","protected":false},"featured_media":141888,"comment_status":"open","ping_status":"closed","template":"","meta":{"_acf_changed":false},"product_brand":[],"product_cat":[3913,3789,3787,4046],"product_tag":[],"class_list":{"0":"post-141886","1":"product","2":"type-product","3":"status-publish","4":"has-post-thumbnail","6":"product_cat-habanero","7":"product_cat-hot-ones-saucen","8":"product_cat-scharfe-sossen","9":"product_cat-spicy","11":"first","12":"instock","13":"taxable","14":"shipping-taxable","15":"purchasable","16":"product-type-simple"},"bundled_by":[],"bundle_stock_status":"instock","bundle_stock_quantity":8,"bundle_virtual":false,"bundle_layout":"","bundle_add_to_cart_form_location":"","bundle_editable_in_cart":false,"bundle_sold_individually_context":"","bundle_item_grouping":"","bundle_min_size":"","bundle_max_size":"","bundle_price":[],"bundled_items":[],"bundle_sell_ids":[],"acf":[],"yoast_head":"<!-- This site is optimized with the Yoast SEO Premium plugin v27.5 (Yoast SEO v27.5) - https:\/\/yoast.com\/product\/yoast-seo-premium-wordpress\/ -->\n<title>Dawson&#039;s Cedar Smoked Garlic Hot Sauce - Heatsupply<\/title>\n<meta name=\"description\" content=\"Die von Hot Ones bekannte Dawson&#039;s Cedar Smoked Garlic Hot Sauce hat einen komplexen, w\u00fcrzigen Geschmack. Mittelscharf und k\u00f6stlich vielseitig!\" \/>\n<meta name=\"robots\" content=\"index, follow, max-snippet:-1, max-image-preview:large, max-video-preview:-1\" \/>\n<link rel=\"canonical\" href=\"https:\/\/www.heatsupply.nl\/de\/produkt\/dawsons-cedar-smoked-garlic-hot-sauce\/\" \/>\n<meta property=\"og:locale\" content=\"de_DE\" \/>\n<meta property=\"og:type\" content=\"article\" \/>\n<meta property=\"og:title\" content=\"Dawson&#039;s Cedar Smoked Garlic Hot Sauce\" \/>\n<meta property=\"og:description\" content=\"Die von Hot Ones bekannte Dawson&#039;s Cedar Smoked Garlic Hot Sauce hat einen komplexen, w\u00fcrzigen Geschmack. Mittelscharf und k\u00f6stlich vielseitig!\" \/>\n<meta property=\"og:url\" content=\"https:\/\/www.heatsupply.nl\/de\/produkt\/dawsons-cedar-smoked-garlic-hot-sauce\/\" \/>\n<meta property=\"og:site_name\" content=\"Heatsupply\" \/>\n<meta property=\"article:publisher\" content=\"https:\/\/www.facebook.com\/heatsupplyNL\" \/>\n<meta property=\"article:modified_time\" content=\"2026-05-11T19:36:19+00:00\" \/>\n<meta property=\"og:image\" content=\"https:\/\/www.heatsupply.nl\/wp-content\/uploads\/2017\/12\/dawons-cedar-smoked-garlic-hot-sauce.jpg\" \/>\n\t<meta property=\"og:image:width\" content=\"1400\" \/>\n\t<meta property=\"og:image:height\" content=\"1400\" \/>\n\t<meta property=\"og:image:type\" content=\"image\/jpeg\" \/>\n<meta name=\"twitter:card\" content=\"summary_large_image\" \/>\n<meta name=\"twitter:label1\" content=\"Preis\" \/>\n\t<meta name=\"twitter:data1\" content=\"&euro;10,95\" \/>\n\t<meta name=\"twitter:label2\" content=\"Verf\u00fcgbarkeit\" \/>\n\t<meta name=\"twitter:data2\" content=\"Auf Lager\" \/>\n<script type=\"application\/ld+json\" class=\"yoast-schema-graph\">{\"@context\":\"https:\\\/\\\/schema.org\",\"@graph\":[{\"@type\":\"WebPage\",\"@id\":\"https:\\\/\\\/www.heatsupply.nl\\\/de\\\/produkt\\\/dawsons-cedar-smoked-garlic-hot-sauce\\\/\",\"url\":\"https:\\\/\\\/www.heatsupply.nl\\\/de\\\/produkt\\\/dawsons-cedar-smoked-garlic-hot-sauce\\\/\",\"name\":\"Dawson's Cedar Smoked Garlic Hot Sauce - Heatsupply\",\"isPartOf\":{\"@id\":\"https:\\\/\\\/www.heatsupply.nl\\\/de\\\/#website\"},\"primaryImageOfPage\":{\"@id\":\"https:\\\/\\\/www.heatsupply.nl\\\/de\\\/produkt\\\/dawsons-cedar-smoked-garlic-hot-sauce\\\/#primaryimage\"},\"image\":{\"@id\":\"https:\\\/\\\/www.heatsupply.nl\\\/de\\\/produkt\\\/dawsons-cedar-smoked-garlic-hot-sauce\\\/#primaryimage\"},\"thumbnailUrl\":\"https:\\\/\\\/www.heatsupply.nl\\\/wp-content\\\/uploads\\\/2017\\\/12\\\/dawons-cedar-smoked-garlic-hot-sauce.jpg\",\"datePublished\":\"2022-06-10T07:37:00+00:00\",\"dateModified\":\"2026-05-11T19:36:19+00:00\",\"description\":\"Die von Hot Ones bekannte Dawson's Cedar Smoked Garlic Hot Sauce hat einen komplexen, w\u00fcrzigen Geschmack. Mittelscharf und k\u00f6stlich vielseitig!\",\"breadcrumb\":{\"@id\":\"https:\\\/\\\/www.heatsupply.nl\\\/de\\\/produkt\\\/dawsons-cedar-smoked-garlic-hot-sauce\\\/#breadcrumb\"},\"inLanguage\":\"de\",\"potentialAction\":[{\"@type\":\"ReadAction\",\"target\":[\"https:\\\/\\\/www.heatsupply.nl\\\/de\\\/produkt\\\/dawsons-cedar-smoked-garlic-hot-sauce\\\/\"]}]},{\"@type\":\"ImageObject\",\"inLanguage\":\"de\",\"@id\":\"https:\\\/\\\/www.heatsupply.nl\\\/de\\\/produkt\\\/dawsons-cedar-smoked-garlic-hot-sauce\\\/#primaryimage\",\"url\":\"https:\\\/\\\/www.heatsupply.nl\\\/wp-content\\\/uploads\\\/2017\\\/12\\\/dawons-cedar-smoked-garlic-hot-sauce.jpg\",\"contentUrl\":\"https:\\\/\\\/www.heatsupply.nl\\\/wp-content\\\/uploads\\\/2017\\\/12\\\/dawons-cedar-smoked-garlic-hot-sauce.jpg\",\"width\":1400,\"height\":1400},{\"@type\":\"BreadcrumbList\",\"@id\":\"https:\\\/\\\/www.heatsupply.nl\\\/de\\\/produkt\\\/dawsons-cedar-smoked-garlic-hot-sauce\\\/#breadcrumb\",\"itemListElement\":[{\"@type\":\"ListItem\",\"position\":1,\"name\":\"Home\",\"item\":\"https:\\\/\\\/www.heatsupply.nl\\\/de\\\/\"},{\"@type\":\"ListItem\",\"position\":2,\"name\":\"Alle produkten\",\"item\":\"https:\\\/\\\/www.heatsupply.nl\\\/de\\\/alle-produkten\\\/\"},{\"@type\":\"ListItem\",\"position\":3,\"name\":\"Scharfe So\u00dfen\",\"item\":\"https:\\\/\\\/www.heatsupply.nl\\\/de\\\/scharfe-sossen\\\/\"},{\"@type\":\"ListItem\",\"position\":4,\"name\":\"Dawson&#8217;s Cedar Smoked Garlic Hot Sauce\"}]},{\"@type\":\"WebSite\",\"@id\":\"https:\\\/\\\/www.heatsupply.nl\\\/de\\\/#website\",\"url\":\"https:\\\/\\\/www.heatsupply.nl\\\/de\\\/\",\"name\":\"Heatsupply\",\"description\":\"Hot sauce webstore #1 in Europe\",\"publisher\":{\"@id\":\"https:\\\/\\\/www.heatsupply.nl\\\/de\\\/#organization\"},\"potentialAction\":[{\"@type\":\"SearchAction\",\"target\":{\"@type\":\"EntryPoint\",\"urlTemplate\":\"https:\\\/\\\/www.heatsupply.nl\\\/de\\\/?s={search_term_string}\"},\"query-input\":{\"@type\":\"PropertyValueSpecification\",\"valueRequired\":true,\"valueName\":\"search_term_string\"}}],\"inLanguage\":\"de\"},{\"@type\":\"Organization\",\"@id\":\"https:\\\/\\\/www.heatsupply.nl\\\/de\\\/#organization\",\"name\":\"Heatsupply\",\"url\":\"https:\\\/\\\/www.heatsupply.nl\\\/de\\\/\",\"logo\":{\"@type\":\"ImageObject\",\"inLanguage\":\"de\",\"@id\":\"https:\\\/\\\/www.heatsupply.nl\\\/de\\\/#\\\/schema\\\/logo\\\/image\\\/\",\"url\":\"https:\\\/\\\/www.heatsupply.nl\\\/wp-content\\\/uploads\\\/2022\\\/10\\\/heatsupply-logo-rood.jpg\",\"contentUrl\":\"https:\\\/\\\/www.heatsupply.nl\\\/wp-content\\\/uploads\\\/2022\\\/10\\\/heatsupply-logo-rood.jpg\",\"width\":1000,\"height\":335,\"caption\":\"Heatsupply\"},\"image\":{\"@id\":\"https:\\\/\\\/www.heatsupply.nl\\\/de\\\/#\\\/schema\\\/logo\\\/image\\\/\"},\"sameAs\":[\"https:\\\/\\\/www.facebook.com\\\/heatsupplyNL\",\"https:\\\/\\\/www.instagram.com\\\/heatsuppy.nl\",\"https:\\\/\\\/www.youtube.com\\\/channel\\\/UC5pOWqQtljvxTz2SMWGWCsw\"]}]}<\/script>\n<meta property=\"product:brand\" content=\"Dawson&#039;s\" \/>\n<meta property=\"product:price:amount\" content=\"10.95\" \/>\n<meta property=\"product:price:currency\" content=\"EUR\" \/>\n<meta property=\"og:availability\" content=\"instock\" \/>\n<meta property=\"product:availability\" content=\"instock\" \/>\n<meta property=\"product:retailer_item_id\" content=\"DCSG002\" \/>\n<meta property=\"product:condition\" content=\"new\" \/>\n<!-- \/ Yoast SEO Premium plugin. -->","yoast_head_json":{"title":"Dawson's Cedar Smoked Garlic Hot Sauce - Heatsupply","description":"Die von Hot Ones bekannte Dawson's Cedar Smoked Garlic Hot Sauce hat einen komplexen, w\u00fcrzigen Geschmack. Mittelscharf und k\u00f6stlich vielseitig!","robots":{"index":"index","follow":"follow","max-snippet":"max-snippet:-1","max-image-preview":"max-image-preview:large","max-video-preview":"max-video-preview:-1"},"canonical":"https:\/\/www.heatsupply.nl\/de\/produkt\/dawsons-cedar-smoked-garlic-hot-sauce\/","og_locale":"de_DE","og_type":"article","og_title":"Dawson's Cedar Smoked Garlic Hot Sauce","og_description":"Die von Hot Ones bekannte Dawson's Cedar Smoked Garlic Hot Sauce hat einen komplexen, w\u00fcrzigen Geschmack. Mittelscharf und k\u00f6stlich vielseitig!","og_url":"https:\/\/www.heatsupply.nl\/de\/produkt\/dawsons-cedar-smoked-garlic-hot-sauce\/","og_site_name":"Heatsupply","article_publisher":"https:\/\/www.facebook.com\/heatsupplyNL","article_modified_time":"2026-05-11T19:36:19+00:00","og_image":[{"width":1400,"height":1400,"url":"https:\/\/www.heatsupply.nl\/wp-content\/uploads\/2017\/12\/dawons-cedar-smoked-garlic-hot-sauce.jpg","type":"image\/jpeg"}],"twitter_card":"summary_large_image","twitter_misc":{"Preis":"&euro;10,95","Verf\u00fcgbarkeit":"Auf Lager"},"schema":{"@context":"https:\/\/schema.org","@graph":[{"@type":"WebPage","@id":"https:\/\/www.heatsupply.nl\/de\/produkt\/dawsons-cedar-smoked-garlic-hot-sauce\/","url":"https:\/\/www.heatsupply.nl\/de\/produkt\/dawsons-cedar-smoked-garlic-hot-sauce\/","name":"Dawson's Cedar Smoked Garlic Hot Sauce - Heatsupply","isPartOf":{"@id":"https:\/\/www.heatsupply.nl\/de\/#website"},"primaryImageOfPage":{"@id":"https:\/\/www.heatsupply.nl\/de\/produkt\/dawsons-cedar-smoked-garlic-hot-sauce\/#primaryimage"},"image":{"@id":"https:\/\/www.heatsupply.nl\/de\/produkt\/dawsons-cedar-smoked-garlic-hot-sauce\/#primaryimage"},"thumbnailUrl":"https:\/\/www.heatsupply.nl\/wp-content\/uploads\/2017\/12\/dawons-cedar-smoked-garlic-hot-sauce.jpg","datePublished":"2022-06-10T07:37:00+00:00","dateModified":"2026-05-11T19:36:19+00:00","description":"Die von Hot Ones bekannte Dawson's Cedar Smoked Garlic Hot Sauce hat einen komplexen, w\u00fcrzigen Geschmack. Mittelscharf und k\u00f6stlich vielseitig!","breadcrumb":{"@id":"https:\/\/www.heatsupply.nl\/de\/produkt\/dawsons-cedar-smoked-garlic-hot-sauce\/#breadcrumb"},"inLanguage":"de","potentialAction":[{"@type":"ReadAction","target":["https:\/\/www.heatsupply.nl\/de\/produkt\/dawsons-cedar-smoked-garlic-hot-sauce\/"]}]},{"@type":"ImageObject","inLanguage":"de","@id":"https:\/\/www.heatsupply.nl\/de\/produkt\/dawsons-cedar-smoked-garlic-hot-sauce\/#primaryimage","url":"https:\/\/www.heatsupply.nl\/wp-content\/uploads\/2017\/12\/dawons-cedar-smoked-garlic-hot-sauce.jpg","contentUrl":"https:\/\/www.heatsupply.nl\/wp-content\/uploads\/2017\/12\/dawons-cedar-smoked-garlic-hot-sauce.jpg","width":1400,"height":1400},{"@type":"BreadcrumbList","@id":"https:\/\/www.heatsupply.nl\/de\/produkt\/dawsons-cedar-smoked-garlic-hot-sauce\/#breadcrumb","itemListElement":[{"@type":"ListItem","position":1,"name":"Home","item":"https:\/\/www.heatsupply.nl\/de\/"},{"@type":"ListItem","position":2,"name":"Alle produkten","item":"https:\/\/www.heatsupply.nl\/de\/alle-produkten\/"},{"@type":"ListItem","position":3,"name":"Scharfe So\u00dfen","item":"https:\/\/www.heatsupply.nl\/de\/scharfe-sossen\/"},{"@type":"ListItem","position":4,"name":"Dawson&#8217;s Cedar Smoked Garlic Hot Sauce"}]},{"@type":"WebSite","@id":"https:\/\/www.heatsupply.nl\/de\/#website","url":"https:\/\/www.heatsupply.nl\/de\/","name":"Heatsupply","description":"Hot sauce webstore #1 in Europe","publisher":{"@id":"https:\/\/www.heatsupply.nl\/de\/#organization"},"potentialAction":[{"@type":"SearchAction","target":{"@type":"EntryPoint","urlTemplate":"https:\/\/www.heatsupply.nl\/de\/?s={search_term_string}"},"query-input":{"@type":"PropertyValueSpecification","valueRequired":true,"valueName":"search_term_string"}}],"inLanguage":"de"},{"@type":"Organization","@id":"https:\/\/www.heatsupply.nl\/de\/#organization","name":"Heatsupply","url":"https:\/\/www.heatsupply.nl\/de\/","logo":{"@type":"ImageObject","inLanguage":"de","@id":"https:\/\/www.heatsupply.nl\/de\/#\/schema\/logo\/image\/","url":"https:\/\/www.heatsupply.nl\/wp-content\/uploads\/2022\/10\/heatsupply-logo-rood.jpg","contentUrl":"https:\/\/www.heatsupply.nl\/wp-content\/uploads\/2022\/10\/heatsupply-logo-rood.jpg","width":1000,"height":335,"caption":"Heatsupply"},"image":{"@id":"https:\/\/www.heatsupply.nl\/de\/#\/schema\/logo\/image\/"},"sameAs":["https:\/\/www.facebook.com\/heatsupplyNL","https:\/\/www.instagram.com\/heatsuppy.nl","https:\/\/www.youtube.com\/channel\/UC5pOWqQtljvxTz2SMWGWCsw"]}]},"product_brand":"Dawson&#039;s","product_price_amount":"10.95","product_price_currency":"EUR","og_availability":"instock","product_availability":"instock","product_retailer_item_id":"DCSG002","product_condition":"new"},"_links":{"self":[{"href":"https:\/\/www.heatsupply.nl\/de\/wp-json\/wp\/v2\/product\/141886","targetHints":{"allow":["GET"]}}],"collection":[{"href":"https:\/\/www.heatsupply.nl\/de\/wp-json\/wp\/v2\/product"}],"about":[{"href":"https:\/\/www.heatsupply.nl\/de\/wp-json\/wp\/v2\/types\/product"}],"replies":[{"embeddable":true,"href":"https:\/\/www.heatsupply.nl\/de\/wp-json\/wp\/v2\/comments?post=141886"}],"wp:featuredmedia":[{"embeddable":true,"href":"https:\/\/www.heatsupply.nl\/de\/wp-json\/wp\/v2\/media\/141888"}],"wp:attachment":[{"href":"https:\/\/www.heatsupply.nl\/de\/wp-json\/wp\/v2\/media?parent=141886"}],"wp:term":[{"taxonomy":"product_brand","embeddable":true,"href":"https:\/\/www.heatsupply.nl\/de\/wp-json\/wp\/v2\/product_brand?post=141886"},{"taxonomy":"product_cat","embeddable":true,"href":"https:\/\/www.heatsupply.nl\/de\/wp-json\/wp\/v2\/product_cat?post=141886"},{"taxonomy":"product_tag","embeddable":true,"href":"https:\/\/www.heatsupply.nl\/de\/wp-json\/wp\/v2\/product_tag?post=141886"}],"curies":[{"name":"wp","href":"https:\/\/api.w.org\/{rel}","templated":true}]}}