{"id":141881,"date":"2022-05-11T13:21:00","date_gmt":"2022-05-11T11:21:00","guid":{"rendered":"https:\/\/www.heatsupply.nl\/product\/hellfire-doomed-hot-sauce-2\/"},"modified":"2026-05-14T17:36:45","modified_gmt":"2026-05-14T15:36:45","slug":"hellfire-doomed-hot-sauce","status":"publish","type":"product","link":"https:\/\/www.heatsupply.nl\/de\/produkt\/hellfire-doomed-hot-sauce\/","title":{"rendered":"Hellfire Doomed Hot Sauce"},"content":{"rendered":"<p>Diese Sauce ist eine der sch\u00e4rfsten Saucen der Welt mit einem offiziellen Scoville-Wert von satten 2,7 Millionen SHU. Nicht geeignet f\u00fcr Kinder, Menschen mit schlechter Gesundheit oder andere Risikogruppen.<\/p>\n<p><strong>Zutaten Hellfire Doomed<\/strong>: Destillierter Essig, Wasser, rotes Habanero-P\u00fcree (rote Habanero, Salz), Trindad-Skorpion-P\u00fcree (Trinidad-Skorpion-Chilis, Salz), <strong>Senf<\/strong> (Essig, <strong>Senfsaat<\/strong>, Salz, Kurkuma, Gew\u00fcrze), Chili-Extrakt, Knoblauch-P\u00fcree (Knoblauch, Wasser), Zwiebeln, Kreuzk\u00fcmmel, schwarzer Pfeffer, Salz, Kurkuma, Xanthan.<\/p>\n<p>N\u00e4hrwertangaben pro 100 ml:<br \/>\nEnergie: 146,4 kJ\/ 35 kcal<br \/>\nFett: 0,5 g<br \/>\ndavon ges\u00e4ttigt: 0 g<br \/>\nKohlenhydrate: 5 g<br \/>\ndavon Zucker: 2 g<br \/>\nEiwei\u00df: 1 Gramm<br \/>\nNatrium: 1,67 g<\/p>\n<p>Nach dem \u00d6ffnen im K\u00fchlschrank aufbewahren.<\/p>\n<p>Allergene: Senf.<\/p>\n","protected":false},"excerpt":{"rendered":"<p><span style=\"font-weight: 500\">Hellfire Doomed ist nach Angaben der Hersteller die sch\u00e4rfste Sauce der Welt (ohne k\u00fcnstlichen Chiliextrakt) mit einem offiziellen Scoville-Wert von satten 2,7 Millionen SHU. Das ist superscharf, und diese Sch\u00e4rfe kommt von der Habanero, dem Trinidad-Skorpion und einem nat\u00fcrlichen Chiliextrakt von satten 6,6 Millionen Scoville. Wahnsinnig, mit anderen Worten!<\/span><\/p>\n<p style=\"text-align: justify\">\n<p><span style=\"font-weight: 500\">Diese Sauce wurde speziell f\u00fcr den Film &#8222;Hellboy&#8220; kreiert und jetzt neu aufgelegt. Hinweis: Diese Sauce ist nur f\u00fcr Personen geeignet, die extrem gut mit Hot Sauce umgehen k\u00f6nnen. Nicht f\u00fcr Kinder, Menschen mit schlechter Gesundheit oder andere Risikogruppen.<\/span><\/p>\n<p style=\"text-align: justify\">\n<p><span style=\"font-weight: 500\">Die sch\u00e4rfste Sauce der Welt (ohne Zusatz von Extrakten) ist unserer Meinung nach Karma Ashes 2 Ashes, also ist dies m\u00f6glicherweise ein w\u00fcrdiger Ersatz, wenn du absolut keine Extrakte in deiner Hot Sauce haben willst.<\/span><\/p>\n<p style=\"text-align: justify\">\n<p><span style=\"font-weight: 500\">Herkunft: Lake Geneva, Wisconsin (USA)<\/span><\/p>\n<p style=\"text-align: justify\">\n<p><span style=\"font-weight: 500\">Inhalt: 148ml<\/span><\/p>\n","protected":false},"featured_media":141882,"comment_status":"open","ping_status":"closed","template":"","meta":{"_acf_changed":false},"product_brand":[],"product_cat":[3918,3913,3787,4046,3936],"product_tag":[],"class_list":{"0":"post-141881","1":"product","2":"type-product","3":"status-publish","4":"has-post-thumbnail","6":"product_cat-extrem-scharf","7":"product_cat-habanero","8":"product_cat-scharfe-sossen","9":"product_cat-spicy","10":"product_cat-trinidad-scorpion","12":"first","13":"instock","14":"taxable","15":"shipping-taxable","16":"purchasable","17":"product-type-simple"},"bundled_by":[],"bundle_stock_status":"instock","bundle_stock_quantity":106,"bundle_virtual":false,"bundle_layout":"","bundle_add_to_cart_form_location":"","bundle_editable_in_cart":false,"bundle_sold_individually_context":"","bundle_item_grouping":"","bundle_min_size":"","bundle_max_size":"","bundle_price":[],"bundled_items":[],"bundle_sell_ids":[],"acf":[],"yoast_head":"<!-- This site is optimized with the Yoast SEO Premium plugin v27.5 (Yoast SEO v27.5) - https:\/\/yoast.com\/product\/yoast-seo-premium-wordpress\/ -->\n<title>Hellfire Doomed Hot Sauce - Heatsupply<\/title>\n<meta name=\"description\" content=\"Die Hellfire Doomed Hot Sauce ist eine der sch\u00e4rfsten Saucen der Welt mit einem Scoville-Wert von 2,7 Millionen SHU. Jetzt bei Heatsupply zu bestellen.\" \/>\n<meta name=\"robots\" content=\"index, follow, max-snippet:-1, max-image-preview:large, max-video-preview:-1\" \/>\n<link rel=\"canonical\" href=\"https:\/\/www.heatsupply.nl\/de\/produkt\/hellfire-doomed-hot-sauce\/\" \/>\n<meta property=\"og:locale\" content=\"de_DE\" \/>\n<meta property=\"og:type\" content=\"article\" \/>\n<meta property=\"og:title\" content=\"Hellfire Doomed Hot Sauce\" \/>\n<meta property=\"og:description\" content=\"Die Hellfire Doomed Hot Sauce ist eine der sch\u00e4rfsten Saucen der Welt mit einem Scoville-Wert von 2,7 Millionen SHU. Jetzt bei Heatsupply zu bestellen.\" \/>\n<meta property=\"og:url\" content=\"https:\/\/www.heatsupply.nl\/de\/produkt\/hellfire-doomed-hot-sauce\/\" \/>\n<meta property=\"og:site_name\" content=\"Heatsupply\" \/>\n<meta property=\"article:publisher\" content=\"https:\/\/www.facebook.com\/heatsupplyNL\" \/>\n<meta property=\"article:modified_time\" content=\"2026-05-14T15:36:45+00:00\" \/>\n<meta property=\"og:image\" content=\"https:\/\/www.heatsupply.nl\/wp-content\/uploads\/2017\/12\/hellfire-doomed-hot-sauce.jpg\" \/>\n\t<meta property=\"og:image:width\" content=\"1400\" \/>\n\t<meta property=\"og:image:height\" content=\"1400\" \/>\n\t<meta property=\"og:image:type\" content=\"image\/jpeg\" \/>\n<meta name=\"twitter:card\" content=\"summary_large_image\" \/>\n<meta name=\"twitter:label1\" content=\"Preis\" \/>\n\t<meta name=\"twitter:data1\" content=\"&euro;18,95\" \/>\n\t<meta name=\"twitter:label2\" content=\"Verf\u00fcgbarkeit\" \/>\n\t<meta name=\"twitter:data2\" content=\"Auf Lager\" \/>\n<script type=\"application\/ld+json\" class=\"yoast-schema-graph\">{\"@context\":\"https:\\\/\\\/schema.org\",\"@graph\":[{\"@type\":\"WebPage\",\"@id\":\"https:\\\/\\\/www.heatsupply.nl\\\/de\\\/produkt\\\/hellfire-doomed-hot-sauce\\\/\",\"url\":\"https:\\\/\\\/www.heatsupply.nl\\\/de\\\/produkt\\\/hellfire-doomed-hot-sauce\\\/\",\"name\":\"Hellfire Doomed Hot Sauce - Heatsupply\",\"isPartOf\":{\"@id\":\"https:\\\/\\\/www.heatsupply.nl\\\/de\\\/#website\"},\"primaryImageOfPage\":{\"@id\":\"https:\\\/\\\/www.heatsupply.nl\\\/de\\\/produkt\\\/hellfire-doomed-hot-sauce\\\/#primaryimage\"},\"image\":{\"@id\":\"https:\\\/\\\/www.heatsupply.nl\\\/de\\\/produkt\\\/hellfire-doomed-hot-sauce\\\/#primaryimage\"},\"thumbnailUrl\":\"https:\\\/\\\/www.heatsupply.nl\\\/wp-content\\\/uploads\\\/2017\\\/12\\\/hellfire-doomed-hot-sauce.jpg\",\"datePublished\":\"2022-05-11T11:21:00+00:00\",\"dateModified\":\"2026-05-14T15:36:45+00:00\",\"description\":\"Die Hellfire Doomed Hot Sauce ist eine der sch\u00e4rfsten Saucen der Welt mit einem Scoville-Wert von 2,7 Millionen SHU. Jetzt bei Heatsupply zu bestellen.\",\"breadcrumb\":{\"@id\":\"https:\\\/\\\/www.heatsupply.nl\\\/de\\\/produkt\\\/hellfire-doomed-hot-sauce\\\/#breadcrumb\"},\"inLanguage\":\"de\",\"potentialAction\":[{\"@type\":\"ReadAction\",\"target\":[\"https:\\\/\\\/www.heatsupply.nl\\\/de\\\/produkt\\\/hellfire-doomed-hot-sauce\\\/\"]}]},{\"@type\":\"ImageObject\",\"inLanguage\":\"de\",\"@id\":\"https:\\\/\\\/www.heatsupply.nl\\\/de\\\/produkt\\\/hellfire-doomed-hot-sauce\\\/#primaryimage\",\"url\":\"https:\\\/\\\/www.heatsupply.nl\\\/wp-content\\\/uploads\\\/2017\\\/12\\\/hellfire-doomed-hot-sauce.jpg\",\"contentUrl\":\"https:\\\/\\\/www.heatsupply.nl\\\/wp-content\\\/uploads\\\/2017\\\/12\\\/hellfire-doomed-hot-sauce.jpg\",\"width\":1400,\"height\":1400},{\"@type\":\"BreadcrumbList\",\"@id\":\"https:\\\/\\\/www.heatsupply.nl\\\/de\\\/produkt\\\/hellfire-doomed-hot-sauce\\\/#breadcrumb\",\"itemListElement\":[{\"@type\":\"ListItem\",\"position\":1,\"name\":\"Home\",\"item\":\"https:\\\/\\\/www.heatsupply.nl\\\/de\\\/\"},{\"@type\":\"ListItem\",\"position\":2,\"name\":\"Alle produkten\",\"item\":\"https:\\\/\\\/www.heatsupply.nl\\\/de\\\/alle-produkten\\\/\"},{\"@type\":\"ListItem\",\"position\":3,\"name\":\"Scharfe So\u00dfen\",\"item\":\"https:\\\/\\\/www.heatsupply.nl\\\/de\\\/scharfe-sossen\\\/\"},{\"@type\":\"ListItem\",\"position\":4,\"name\":\"Extrem Scharf\",\"item\":\"https:\\\/\\\/www.heatsupply.nl\\\/de\\\/scharfe-sossen\\\/extrem-scharf\\\/\"},{\"@type\":\"ListItem\",\"position\":5,\"name\":\"Hellfire Doomed Hot Sauce\"}]},{\"@type\":\"WebSite\",\"@id\":\"https:\\\/\\\/www.heatsupply.nl\\\/de\\\/#website\",\"url\":\"https:\\\/\\\/www.heatsupply.nl\\\/de\\\/\",\"name\":\"Heatsupply\",\"description\":\"Hot sauce webstore #1 in Europe\",\"publisher\":{\"@id\":\"https:\\\/\\\/www.heatsupply.nl\\\/de\\\/#organization\"},\"potentialAction\":[{\"@type\":\"SearchAction\",\"target\":{\"@type\":\"EntryPoint\",\"urlTemplate\":\"https:\\\/\\\/www.heatsupply.nl\\\/de\\\/?s={search_term_string}\"},\"query-input\":{\"@type\":\"PropertyValueSpecification\",\"valueRequired\":true,\"valueName\":\"search_term_string\"}}],\"inLanguage\":\"de\"},{\"@type\":\"Organization\",\"@id\":\"https:\\\/\\\/www.heatsupply.nl\\\/de\\\/#organization\",\"name\":\"Heatsupply\",\"url\":\"https:\\\/\\\/www.heatsupply.nl\\\/de\\\/\",\"logo\":{\"@type\":\"ImageObject\",\"inLanguage\":\"de\",\"@id\":\"https:\\\/\\\/www.heatsupply.nl\\\/de\\\/#\\\/schema\\\/logo\\\/image\\\/\",\"url\":\"https:\\\/\\\/www.heatsupply.nl\\\/wp-content\\\/uploads\\\/2022\\\/10\\\/heatsupply-logo-rood.jpg\",\"contentUrl\":\"https:\\\/\\\/www.heatsupply.nl\\\/wp-content\\\/uploads\\\/2022\\\/10\\\/heatsupply-logo-rood.jpg\",\"width\":1000,\"height\":335,\"caption\":\"Heatsupply\"},\"image\":{\"@id\":\"https:\\\/\\\/www.heatsupply.nl\\\/de\\\/#\\\/schema\\\/logo\\\/image\\\/\"},\"sameAs\":[\"https:\\\/\\\/www.facebook.com\\\/heatsupplyNL\",\"https:\\\/\\\/www.instagram.com\\\/heatsuppy.nl\",\"https:\\\/\\\/www.youtube.com\\\/channel\\\/UC5pOWqQtljvxTz2SMWGWCsw\"]}]}<\/script>\n<meta property=\"product:brand\" content=\"Hellfire\" \/>\n<meta property=\"product:price:amount\" content=\"18.95\" \/>\n<meta property=\"product:price:currency\" content=\"EUR\" \/>\n<meta property=\"og:availability\" content=\"instock\" \/>\n<meta property=\"product:availability\" content=\"instock\" \/>\n<meta property=\"product:retailer_item_id\" content=\"HDHS002\" \/>\n<meta property=\"product:condition\" content=\"new\" \/>\n<!-- \/ Yoast SEO Premium plugin. -->","yoast_head_json":{"title":"Hellfire Doomed Hot Sauce - Heatsupply","description":"Die Hellfire Doomed Hot Sauce ist eine der sch\u00e4rfsten Saucen der Welt mit einem Scoville-Wert von 2,7 Millionen SHU. Jetzt bei Heatsupply zu bestellen.","robots":{"index":"index","follow":"follow","max-snippet":"max-snippet:-1","max-image-preview":"max-image-preview:large","max-video-preview":"max-video-preview:-1"},"canonical":"https:\/\/www.heatsupply.nl\/de\/produkt\/hellfire-doomed-hot-sauce\/","og_locale":"de_DE","og_type":"article","og_title":"Hellfire Doomed Hot Sauce","og_description":"Die Hellfire Doomed Hot Sauce ist eine der sch\u00e4rfsten Saucen der Welt mit einem Scoville-Wert von 2,7 Millionen SHU. Jetzt bei Heatsupply zu bestellen.","og_url":"https:\/\/www.heatsupply.nl\/de\/produkt\/hellfire-doomed-hot-sauce\/","og_site_name":"Heatsupply","article_publisher":"https:\/\/www.facebook.com\/heatsupplyNL","article_modified_time":"2026-05-14T15:36:45+00:00","og_image":[{"width":1400,"height":1400,"url":"https:\/\/www.heatsupply.nl\/wp-content\/uploads\/2017\/12\/hellfire-doomed-hot-sauce.jpg","type":"image\/jpeg"}],"twitter_card":"summary_large_image","twitter_misc":{"Preis":"&euro;18,95","Verf\u00fcgbarkeit":"Auf Lager"},"schema":{"@context":"https:\/\/schema.org","@graph":[{"@type":"WebPage","@id":"https:\/\/www.heatsupply.nl\/de\/produkt\/hellfire-doomed-hot-sauce\/","url":"https:\/\/www.heatsupply.nl\/de\/produkt\/hellfire-doomed-hot-sauce\/","name":"Hellfire Doomed Hot Sauce - Heatsupply","isPartOf":{"@id":"https:\/\/www.heatsupply.nl\/de\/#website"},"primaryImageOfPage":{"@id":"https:\/\/www.heatsupply.nl\/de\/produkt\/hellfire-doomed-hot-sauce\/#primaryimage"},"image":{"@id":"https:\/\/www.heatsupply.nl\/de\/produkt\/hellfire-doomed-hot-sauce\/#primaryimage"},"thumbnailUrl":"https:\/\/www.heatsupply.nl\/wp-content\/uploads\/2017\/12\/hellfire-doomed-hot-sauce.jpg","datePublished":"2022-05-11T11:21:00+00:00","dateModified":"2026-05-14T15:36:45+00:00","description":"Die Hellfire Doomed Hot Sauce ist eine der sch\u00e4rfsten Saucen der Welt mit einem Scoville-Wert von 2,7 Millionen SHU. Jetzt bei Heatsupply zu bestellen.","breadcrumb":{"@id":"https:\/\/www.heatsupply.nl\/de\/produkt\/hellfire-doomed-hot-sauce\/#breadcrumb"},"inLanguage":"de","potentialAction":[{"@type":"ReadAction","target":["https:\/\/www.heatsupply.nl\/de\/produkt\/hellfire-doomed-hot-sauce\/"]}]},{"@type":"ImageObject","inLanguage":"de","@id":"https:\/\/www.heatsupply.nl\/de\/produkt\/hellfire-doomed-hot-sauce\/#primaryimage","url":"https:\/\/www.heatsupply.nl\/wp-content\/uploads\/2017\/12\/hellfire-doomed-hot-sauce.jpg","contentUrl":"https:\/\/www.heatsupply.nl\/wp-content\/uploads\/2017\/12\/hellfire-doomed-hot-sauce.jpg","width":1400,"height":1400},{"@type":"BreadcrumbList","@id":"https:\/\/www.heatsupply.nl\/de\/produkt\/hellfire-doomed-hot-sauce\/#breadcrumb","itemListElement":[{"@type":"ListItem","position":1,"name":"Home","item":"https:\/\/www.heatsupply.nl\/de\/"},{"@type":"ListItem","position":2,"name":"Alle produkten","item":"https:\/\/www.heatsupply.nl\/de\/alle-produkten\/"},{"@type":"ListItem","position":3,"name":"Scharfe So\u00dfen","item":"https:\/\/www.heatsupply.nl\/de\/scharfe-sossen\/"},{"@type":"ListItem","position":4,"name":"Extrem Scharf","item":"https:\/\/www.heatsupply.nl\/de\/scharfe-sossen\/extrem-scharf\/"},{"@type":"ListItem","position":5,"name":"Hellfire Doomed Hot Sauce"}]},{"@type":"WebSite","@id":"https:\/\/www.heatsupply.nl\/de\/#website","url":"https:\/\/www.heatsupply.nl\/de\/","name":"Heatsupply","description":"Hot sauce webstore #1 in Europe","publisher":{"@id":"https:\/\/www.heatsupply.nl\/de\/#organization"},"potentialAction":[{"@type":"SearchAction","target":{"@type":"EntryPoint","urlTemplate":"https:\/\/www.heatsupply.nl\/de\/?s={search_term_string}"},"query-input":{"@type":"PropertyValueSpecification","valueRequired":true,"valueName":"search_term_string"}}],"inLanguage":"de"},{"@type":"Organization","@id":"https:\/\/www.heatsupply.nl\/de\/#organization","name":"Heatsupply","url":"https:\/\/www.heatsupply.nl\/de\/","logo":{"@type":"ImageObject","inLanguage":"de","@id":"https:\/\/www.heatsupply.nl\/de\/#\/schema\/logo\/image\/","url":"https:\/\/www.heatsupply.nl\/wp-content\/uploads\/2022\/10\/heatsupply-logo-rood.jpg","contentUrl":"https:\/\/www.heatsupply.nl\/wp-content\/uploads\/2022\/10\/heatsupply-logo-rood.jpg","width":1000,"height":335,"caption":"Heatsupply"},"image":{"@id":"https:\/\/www.heatsupply.nl\/de\/#\/schema\/logo\/image\/"},"sameAs":["https:\/\/www.facebook.com\/heatsupplyNL","https:\/\/www.instagram.com\/heatsuppy.nl","https:\/\/www.youtube.com\/channel\/UC5pOWqQtljvxTz2SMWGWCsw"]}]},"product_brand":"Hellfire","product_price_amount":"18.95","product_price_currency":"EUR","og_availability":"instock","product_availability":"instock","product_retailer_item_id":"HDHS002","product_condition":"new"},"_links":{"self":[{"href":"https:\/\/www.heatsupply.nl\/de\/wp-json\/wp\/v2\/product\/141881","targetHints":{"allow":["GET"]}}],"collection":[{"href":"https:\/\/www.heatsupply.nl\/de\/wp-json\/wp\/v2\/product"}],"about":[{"href":"https:\/\/www.heatsupply.nl\/de\/wp-json\/wp\/v2\/types\/product"}],"replies":[{"embeddable":true,"href":"https:\/\/www.heatsupply.nl\/de\/wp-json\/wp\/v2\/comments?post=141881"}],"wp:featuredmedia":[{"embeddable":true,"href":"https:\/\/www.heatsupply.nl\/de\/wp-json\/wp\/v2\/media\/141882"}],"wp:attachment":[{"href":"https:\/\/www.heatsupply.nl\/de\/wp-json\/wp\/v2\/media?parent=141881"}],"wp:term":[{"taxonomy":"product_brand","embeddable":true,"href":"https:\/\/www.heatsupply.nl\/de\/wp-json\/wp\/v2\/product_brand?post=141881"},{"taxonomy":"product_cat","embeddable":true,"href":"https:\/\/www.heatsupply.nl\/de\/wp-json\/wp\/v2\/product_cat?post=141881"},{"taxonomy":"product_tag","embeddable":true,"href":"https:\/\/www.heatsupply.nl\/de\/wp-json\/wp\/v2\/product_tag?post=141881"}],"curies":[{"name":"wp","href":"https:\/\/api.w.org\/{rel}","templated":true}]}}