{"id":141876,"date":"2022-05-03T13:27:00","date_gmt":"2022-05-03T11:27:00","guid":{"rendered":"https:\/\/www.heatsupply.nl\/product\/queen-majesty-cocoa-ghost-hot-sauce-2\/"},"modified":"2026-05-15T15:08:58","modified_gmt":"2026-05-15T13:08:58","slug":"queen-majesty-cocoa-ghost-hot-sauce","status":"publish","type":"product","link":"https:\/\/www.heatsupply.nl\/de\/produkt\/queen-majesty-cocoa-ghost-hot-sauce\/","title":{"rendered":"Queen Majesty Cocoa Ghost Hot Sauce"},"content":{"rendered":"<p><strong>Queen Majesty Cocoa Ghost Zutaten<\/strong>: Essig, Ananassaft, Habanero-Chilis (16,4 %), Ghost Pepper (6,1 %, scharf eingelegt, Dose), s\u00fc\u00dfe Zwiebeln, Knoblauch, Pflaumen, natives Oliven\u00f6l extra, Chipotle-Pulver, unges\u00fc\u00dftes Kakaopulver, koscheres Salz, getrocknete Pasilla-Chilis (1 %), schwarzer Pfeffer.<\/p>\n<p>Diese scharfe Sauce ist aus der YouTube-Serie \u201e<a href=\"https:\/\/www.heatsupply.nl\/de\/scharfe-saucen\/hot-ones-saucen\/\"><strong>Hot Ones<\/strong><\/a>\u201c bekannt. Sie war in Staffel 17 im sechsten von zehn Folgen zu sehen.<\/p>\n<p><span style=\"text-decoration: underline;\">N\u00e4hrwerte pro 100 ml:<\/span><br \/>\nEnergie: 232 kJ\/55 kcal<br \/>\nFett: 1,3 g<br \/>\ndavon ges\u00e4ttigte Fetts\u00e4uren: 0,2 g<br \/>\nKohlenhydrate: 8 g<br \/>\ndavon Zucker: 5,5 g<br \/>\nEiwei\u00df: 0,2 g<br \/>\nSalz: 0,68 g<\/p>\n<p>Vor Gebrauch sch\u00fctteln und nach dem \u00d6ffnen im K\u00fchlschrank aufbewahren.<\/p>\n","protected":false},"excerpt":{"rendered":"<p><span style=\"font-weight: 500;\">Queen Majesty Cocoa Ghost ist eine k\u00f6stlich komplexe Hot Sauce, die aus einer speziellen Mischung von Chilis (Ghost Pepper, Habanero, Chipotle, Pasilla) und Zutaten wie Kakaopulver, Ananas und Pflaumen besteht. Sie ist leicht s\u00fc\u00df und rauchig, aber vor allem sehr herzhaft und auch ziemlich scharf. Das macht diese Hot Sauce perfekt f\u00fcr so ziemlich alles vom Grill, aber durch den Knoblauch und den Ingwer passt sie auch sehr gut zu Reis- und Nudelgerichten. Kurzum, pure Qualit\u00e4t, wie wir sie von dieser Marke aus Brooklyn erwarten.<\/span><\/p>\n<ul>\n<li><span style=\"font-weight: 500;\">Herkunft: Brooklyn, New York (USA)<\/span><\/li>\n<li><span style=\"font-weight: 500;\">Inhalt: 147 ml<\/span><\/li>\n<\/ul>\n","protected":false},"featured_media":141877,"comment_status":"open","ping_status":"closed","template":"","meta":{"_acf_changed":false},"product_brand":[],"product_cat":[3930,3931,3913,3789,3787,4046],"product_tag":[],"class_list":{"0":"post-141876","1":"product","2":"type-product","3":"status-publish","4":"has-post-thumbnail","6":"product_cat-chipotle","7":"product_cat-ghost-pepper","8":"product_cat-habanero","9":"product_cat-hot-ones-saucen","10":"product_cat-scharfe-sossen","11":"product_cat-spicy","13":"first","14":"instock","15":"taxable","16":"shipping-taxable","17":"purchasable","18":"product-type-simple"},"bundled_by":["143298"],"bundle_stock_status":"instock","bundle_stock_quantity":80,"bundle_virtual":false,"bundle_layout":"","bundle_add_to_cart_form_location":"","bundle_editable_in_cart":false,"bundle_sold_individually_context":"","bundle_item_grouping":"","bundle_min_size":"","bundle_max_size":"","bundle_price":[],"bundled_items":[],"bundle_sell_ids":[],"acf":[],"yoast_head":"<!-- This site is optimized with the Yoast SEO Premium plugin v27.5 (Yoast SEO v27.5) - https:\/\/yoast.com\/product\/yoast-seo-premium-wordpress\/ -->\n<title>Queen Majesty Cocoa Ghost Hot Sauce - Heatsupply<\/title>\n<meta name=\"description\" content=\"Bestelle hier exklusiv die k\u00f6stliche Queen Majesty Cocoa Ghost Hot Sauce mit einer einzigartigen Mischung aus scharfen Chilis, Kakao und s\u00fc\u00dfen Fr\u00fcchten.\" \/>\n<meta name=\"robots\" content=\"index, follow, max-snippet:-1, max-image-preview:large, max-video-preview:-1\" \/>\n<link rel=\"canonical\" href=\"https:\/\/www.heatsupply.nl\/de\/produkt\/queen-majesty-cocoa-ghost-hot-sauce\/\" \/>\n<meta property=\"og:locale\" content=\"de_DE\" \/>\n<meta property=\"og:type\" content=\"article\" \/>\n<meta property=\"og:title\" content=\"Queen Majesty Cocoa Ghost Hot Sauce\" \/>\n<meta property=\"og:description\" content=\"Bestelle hier exklusiv die k\u00f6stliche Queen Majesty Cocoa Ghost Hot Sauce mit einer einzigartigen Mischung aus scharfen Chilis, Kakao und s\u00fc\u00dfen Fr\u00fcchten.\" \/>\n<meta property=\"og:url\" content=\"https:\/\/www.heatsupply.nl\/de\/produkt\/queen-majesty-cocoa-ghost-hot-sauce\/\" \/>\n<meta property=\"og:site_name\" content=\"Heatsupply\" \/>\n<meta property=\"article:publisher\" content=\"https:\/\/www.facebook.com\/heatsupplyNL\" \/>\n<meta property=\"article:modified_time\" content=\"2026-05-15T13:08:58+00:00\" \/>\n<meta property=\"og:image\" content=\"https:\/\/www.heatsupply.nl\/wp-content\/uploads\/2017\/12\/queen-majesty-cocoa-ghost-pepper-hot-sauce.jpg\" \/>\n\t<meta property=\"og:image:width\" content=\"1400\" \/>\n\t<meta property=\"og:image:height\" content=\"1400\" \/>\n\t<meta property=\"og:image:type\" content=\"image\/jpeg\" \/>\n<meta name=\"twitter:card\" content=\"summary_large_image\" \/>\n<meta name=\"twitter:label1\" content=\"Preis\" \/>\n\t<meta name=\"twitter:data1\" content=\"&euro;10,95\" \/>\n\t<meta name=\"twitter:label2\" content=\"Verf\u00fcgbarkeit\" \/>\n\t<meta name=\"twitter:data2\" content=\"Auf Lager\" \/>\n<script type=\"application\/ld+json\" class=\"yoast-schema-graph\">{\"@context\":\"https:\\\/\\\/schema.org\",\"@graph\":[{\"@type\":\"WebPage\",\"@id\":\"https:\\\/\\\/www.heatsupply.nl\\\/de\\\/produkt\\\/queen-majesty-cocoa-ghost-hot-sauce\\\/\",\"url\":\"https:\\\/\\\/www.heatsupply.nl\\\/de\\\/produkt\\\/queen-majesty-cocoa-ghost-hot-sauce\\\/\",\"name\":\"Queen Majesty Cocoa Ghost Hot Sauce - Heatsupply\",\"isPartOf\":{\"@id\":\"https:\\\/\\\/www.heatsupply.nl\\\/de\\\/#website\"},\"primaryImageOfPage\":{\"@id\":\"https:\\\/\\\/www.heatsupply.nl\\\/de\\\/produkt\\\/queen-majesty-cocoa-ghost-hot-sauce\\\/#primaryimage\"},\"image\":{\"@id\":\"https:\\\/\\\/www.heatsupply.nl\\\/de\\\/produkt\\\/queen-majesty-cocoa-ghost-hot-sauce\\\/#primaryimage\"},\"thumbnailUrl\":\"https:\\\/\\\/www.heatsupply.nl\\\/wp-content\\\/uploads\\\/2017\\\/12\\\/queen-majesty-cocoa-ghost-pepper-hot-sauce.jpg\",\"datePublished\":\"2022-05-03T11:27:00+00:00\",\"dateModified\":\"2026-05-15T13:08:58+00:00\",\"description\":\"Bestelle hier exklusiv die k\u00f6stliche Queen Majesty Cocoa Ghost Hot Sauce mit einer einzigartigen Mischung aus scharfen Chilis, Kakao und s\u00fc\u00dfen Fr\u00fcchten.\",\"breadcrumb\":{\"@id\":\"https:\\\/\\\/www.heatsupply.nl\\\/de\\\/produkt\\\/queen-majesty-cocoa-ghost-hot-sauce\\\/#breadcrumb\"},\"inLanguage\":\"de\",\"potentialAction\":[{\"@type\":\"ReadAction\",\"target\":[\"https:\\\/\\\/www.heatsupply.nl\\\/de\\\/produkt\\\/queen-majesty-cocoa-ghost-hot-sauce\\\/\"]}]},{\"@type\":\"ImageObject\",\"inLanguage\":\"de\",\"@id\":\"https:\\\/\\\/www.heatsupply.nl\\\/de\\\/produkt\\\/queen-majesty-cocoa-ghost-hot-sauce\\\/#primaryimage\",\"url\":\"https:\\\/\\\/www.heatsupply.nl\\\/wp-content\\\/uploads\\\/2017\\\/12\\\/queen-majesty-cocoa-ghost-pepper-hot-sauce.jpg\",\"contentUrl\":\"https:\\\/\\\/www.heatsupply.nl\\\/wp-content\\\/uploads\\\/2017\\\/12\\\/queen-majesty-cocoa-ghost-pepper-hot-sauce.jpg\",\"width\":1400,\"height\":1400,\"caption\":\"queen majesty cocoa ghost pepper hot sauce\"},{\"@type\":\"BreadcrumbList\",\"@id\":\"https:\\\/\\\/www.heatsupply.nl\\\/de\\\/produkt\\\/queen-majesty-cocoa-ghost-hot-sauce\\\/#breadcrumb\",\"itemListElement\":[{\"@type\":\"ListItem\",\"position\":1,\"name\":\"Home\",\"item\":\"https:\\\/\\\/www.heatsupply.nl\\\/de\\\/\"},{\"@type\":\"ListItem\",\"position\":2,\"name\":\"Alle produkten\",\"item\":\"https:\\\/\\\/www.heatsupply.nl\\\/de\\\/alle-produkten\\\/\"},{\"@type\":\"ListItem\",\"position\":3,\"name\":\"Scharfe So\u00dfen\",\"item\":\"https:\\\/\\\/www.heatsupply.nl\\\/de\\\/scharfe-sossen\\\/\"},{\"@type\":\"ListItem\",\"position\":4,\"name\":\"Chipotle\",\"item\":\"https:\\\/\\\/www.heatsupply.nl\\\/de\\\/scharfe-sossen\\\/chipotle\\\/\"},{\"@type\":\"ListItem\",\"position\":5,\"name\":\"Queen Majesty Cocoa Ghost Hot Sauce\"}]},{\"@type\":\"WebSite\",\"@id\":\"https:\\\/\\\/www.heatsupply.nl\\\/de\\\/#website\",\"url\":\"https:\\\/\\\/www.heatsupply.nl\\\/de\\\/\",\"name\":\"Heatsupply\",\"description\":\"Hot sauce webstore #1 in Europe\",\"publisher\":{\"@id\":\"https:\\\/\\\/www.heatsupply.nl\\\/de\\\/#organization\"},\"potentialAction\":[{\"@type\":\"SearchAction\",\"target\":{\"@type\":\"EntryPoint\",\"urlTemplate\":\"https:\\\/\\\/www.heatsupply.nl\\\/de\\\/?s={search_term_string}\"},\"query-input\":{\"@type\":\"PropertyValueSpecification\",\"valueRequired\":true,\"valueName\":\"search_term_string\"}}],\"inLanguage\":\"de\"},{\"@type\":\"Organization\",\"@id\":\"https:\\\/\\\/www.heatsupply.nl\\\/de\\\/#organization\",\"name\":\"Heatsupply\",\"url\":\"https:\\\/\\\/www.heatsupply.nl\\\/de\\\/\",\"logo\":{\"@type\":\"ImageObject\",\"inLanguage\":\"de\",\"@id\":\"https:\\\/\\\/www.heatsupply.nl\\\/de\\\/#\\\/schema\\\/logo\\\/image\\\/\",\"url\":\"https:\\\/\\\/www.heatsupply.nl\\\/wp-content\\\/uploads\\\/2022\\\/10\\\/heatsupply-logo-rood.jpg\",\"contentUrl\":\"https:\\\/\\\/www.heatsupply.nl\\\/wp-content\\\/uploads\\\/2022\\\/10\\\/heatsupply-logo-rood.jpg\",\"width\":1000,\"height\":335,\"caption\":\"Heatsupply\"},\"image\":{\"@id\":\"https:\\\/\\\/www.heatsupply.nl\\\/de\\\/#\\\/schema\\\/logo\\\/image\\\/\"},\"sameAs\":[\"https:\\\/\\\/www.facebook.com\\\/heatsupplyNL\",\"https:\\\/\\\/www.instagram.com\\\/heatsuppy.nl\",\"https:\\\/\\\/www.youtube.com\\\/channel\\\/UC5pOWqQtljvxTz2SMWGWCsw\"]}]}<\/script>\n<meta property=\"product:brand\" content=\"Queen Majesty\" \/>\n<meta property=\"product:price:amount\" content=\"10.95\" \/>\n<meta property=\"product:price:currency\" content=\"EUR\" \/>\n<meta property=\"og:availability\" content=\"instock\" \/>\n<meta property=\"product:availability\" content=\"instock\" \/>\n<meta property=\"product:retailer_item_id\" content=\"QMCGHS002\" \/>\n<meta property=\"product:condition\" content=\"new\" \/>\n<!-- \/ Yoast SEO Premium plugin. -->","yoast_head_json":{"title":"Queen Majesty Cocoa Ghost Hot Sauce - Heatsupply","description":"Bestelle hier exklusiv die k\u00f6stliche Queen Majesty Cocoa Ghost Hot Sauce mit einer einzigartigen Mischung aus scharfen Chilis, Kakao und s\u00fc\u00dfen Fr\u00fcchten.","robots":{"index":"index","follow":"follow","max-snippet":"max-snippet:-1","max-image-preview":"max-image-preview:large","max-video-preview":"max-video-preview:-1"},"canonical":"https:\/\/www.heatsupply.nl\/de\/produkt\/queen-majesty-cocoa-ghost-hot-sauce\/","og_locale":"de_DE","og_type":"article","og_title":"Queen Majesty Cocoa Ghost Hot Sauce","og_description":"Bestelle hier exklusiv die k\u00f6stliche Queen Majesty Cocoa Ghost Hot Sauce mit einer einzigartigen Mischung aus scharfen Chilis, Kakao und s\u00fc\u00dfen Fr\u00fcchten.","og_url":"https:\/\/www.heatsupply.nl\/de\/produkt\/queen-majesty-cocoa-ghost-hot-sauce\/","og_site_name":"Heatsupply","article_publisher":"https:\/\/www.facebook.com\/heatsupplyNL","article_modified_time":"2026-05-15T13:08:58+00:00","og_image":[{"width":1400,"height":1400,"url":"https:\/\/www.heatsupply.nl\/wp-content\/uploads\/2017\/12\/queen-majesty-cocoa-ghost-pepper-hot-sauce.jpg","type":"image\/jpeg"}],"twitter_card":"summary_large_image","twitter_misc":{"Preis":"&euro;10,95","Verf\u00fcgbarkeit":"Auf Lager"},"schema":{"@context":"https:\/\/schema.org","@graph":[{"@type":"WebPage","@id":"https:\/\/www.heatsupply.nl\/de\/produkt\/queen-majesty-cocoa-ghost-hot-sauce\/","url":"https:\/\/www.heatsupply.nl\/de\/produkt\/queen-majesty-cocoa-ghost-hot-sauce\/","name":"Queen Majesty Cocoa Ghost Hot Sauce - Heatsupply","isPartOf":{"@id":"https:\/\/www.heatsupply.nl\/de\/#website"},"primaryImageOfPage":{"@id":"https:\/\/www.heatsupply.nl\/de\/produkt\/queen-majesty-cocoa-ghost-hot-sauce\/#primaryimage"},"image":{"@id":"https:\/\/www.heatsupply.nl\/de\/produkt\/queen-majesty-cocoa-ghost-hot-sauce\/#primaryimage"},"thumbnailUrl":"https:\/\/www.heatsupply.nl\/wp-content\/uploads\/2017\/12\/queen-majesty-cocoa-ghost-pepper-hot-sauce.jpg","datePublished":"2022-05-03T11:27:00+00:00","dateModified":"2026-05-15T13:08:58+00:00","description":"Bestelle hier exklusiv die k\u00f6stliche Queen Majesty Cocoa Ghost Hot Sauce mit einer einzigartigen Mischung aus scharfen Chilis, Kakao und s\u00fc\u00dfen Fr\u00fcchten.","breadcrumb":{"@id":"https:\/\/www.heatsupply.nl\/de\/produkt\/queen-majesty-cocoa-ghost-hot-sauce\/#breadcrumb"},"inLanguage":"de","potentialAction":[{"@type":"ReadAction","target":["https:\/\/www.heatsupply.nl\/de\/produkt\/queen-majesty-cocoa-ghost-hot-sauce\/"]}]},{"@type":"ImageObject","inLanguage":"de","@id":"https:\/\/www.heatsupply.nl\/de\/produkt\/queen-majesty-cocoa-ghost-hot-sauce\/#primaryimage","url":"https:\/\/www.heatsupply.nl\/wp-content\/uploads\/2017\/12\/queen-majesty-cocoa-ghost-pepper-hot-sauce.jpg","contentUrl":"https:\/\/www.heatsupply.nl\/wp-content\/uploads\/2017\/12\/queen-majesty-cocoa-ghost-pepper-hot-sauce.jpg","width":1400,"height":1400,"caption":"queen majesty cocoa ghost pepper hot sauce"},{"@type":"BreadcrumbList","@id":"https:\/\/www.heatsupply.nl\/de\/produkt\/queen-majesty-cocoa-ghost-hot-sauce\/#breadcrumb","itemListElement":[{"@type":"ListItem","position":1,"name":"Home","item":"https:\/\/www.heatsupply.nl\/de\/"},{"@type":"ListItem","position":2,"name":"Alle produkten","item":"https:\/\/www.heatsupply.nl\/de\/alle-produkten\/"},{"@type":"ListItem","position":3,"name":"Scharfe So\u00dfen","item":"https:\/\/www.heatsupply.nl\/de\/scharfe-sossen\/"},{"@type":"ListItem","position":4,"name":"Chipotle","item":"https:\/\/www.heatsupply.nl\/de\/scharfe-sossen\/chipotle\/"},{"@type":"ListItem","position":5,"name":"Queen Majesty Cocoa Ghost Hot Sauce"}]},{"@type":"WebSite","@id":"https:\/\/www.heatsupply.nl\/de\/#website","url":"https:\/\/www.heatsupply.nl\/de\/","name":"Heatsupply","description":"Hot sauce webstore #1 in Europe","publisher":{"@id":"https:\/\/www.heatsupply.nl\/de\/#organization"},"potentialAction":[{"@type":"SearchAction","target":{"@type":"EntryPoint","urlTemplate":"https:\/\/www.heatsupply.nl\/de\/?s={search_term_string}"},"query-input":{"@type":"PropertyValueSpecification","valueRequired":true,"valueName":"search_term_string"}}],"inLanguage":"de"},{"@type":"Organization","@id":"https:\/\/www.heatsupply.nl\/de\/#organization","name":"Heatsupply","url":"https:\/\/www.heatsupply.nl\/de\/","logo":{"@type":"ImageObject","inLanguage":"de","@id":"https:\/\/www.heatsupply.nl\/de\/#\/schema\/logo\/image\/","url":"https:\/\/www.heatsupply.nl\/wp-content\/uploads\/2022\/10\/heatsupply-logo-rood.jpg","contentUrl":"https:\/\/www.heatsupply.nl\/wp-content\/uploads\/2022\/10\/heatsupply-logo-rood.jpg","width":1000,"height":335,"caption":"Heatsupply"},"image":{"@id":"https:\/\/www.heatsupply.nl\/de\/#\/schema\/logo\/image\/"},"sameAs":["https:\/\/www.facebook.com\/heatsupplyNL","https:\/\/www.instagram.com\/heatsuppy.nl","https:\/\/www.youtube.com\/channel\/UC5pOWqQtljvxTz2SMWGWCsw"]}]},"product_brand":"Queen Majesty","product_price_amount":"10.95","product_price_currency":"EUR","og_availability":"instock","product_availability":"instock","product_retailer_item_id":"QMCGHS002","product_condition":"new"},"_links":{"self":[{"href":"https:\/\/www.heatsupply.nl\/de\/wp-json\/wp\/v2\/product\/141876","targetHints":{"allow":["GET"]}}],"collection":[{"href":"https:\/\/www.heatsupply.nl\/de\/wp-json\/wp\/v2\/product"}],"about":[{"href":"https:\/\/www.heatsupply.nl\/de\/wp-json\/wp\/v2\/types\/product"}],"replies":[{"embeddable":true,"href":"https:\/\/www.heatsupply.nl\/de\/wp-json\/wp\/v2\/comments?post=141876"}],"wp:featuredmedia":[{"embeddable":true,"href":"https:\/\/www.heatsupply.nl\/de\/wp-json\/wp\/v2\/media\/141877"}],"wp:attachment":[{"href":"https:\/\/www.heatsupply.nl\/de\/wp-json\/wp\/v2\/media?parent=141876"}],"wp:term":[{"taxonomy":"product_brand","embeddable":true,"href":"https:\/\/www.heatsupply.nl\/de\/wp-json\/wp\/v2\/product_brand?post=141876"},{"taxonomy":"product_cat","embeddable":true,"href":"https:\/\/www.heatsupply.nl\/de\/wp-json\/wp\/v2\/product_cat?post=141876"},{"taxonomy":"product_tag","embeddable":true,"href":"https:\/\/www.heatsupply.nl\/de\/wp-json\/wp\/v2\/product_tag?post=141876"}],"curies":[{"name":"wp","href":"https:\/\/api.w.org\/{rel}","templated":true}]}}