{"id":141874,"date":"2022-04-12T15:34:00","date_gmt":"2022-04-12T13:34:00","guid":{"rendered":"https:\/\/www.heatsupply.nl\/product\/getrocknete-pasilla-paprika-100-gramm\/"},"modified":"2026-02-26T20:07:11","modified_gmt":"2026-02-26T19:07:11","slug":"getrocknete-pasilla-chilis-75-gramm","status":"publish","type":"product","link":"https:\/\/www.heatsupply.nl\/de\/produkt\/getrocknete-pasilla-chilis-75-gramm\/","title":{"rendered":"Getrocknete Pasilla Chilis (75 Gramm)"},"content":{"rendered":"<p><strong>Zutaten<\/strong>: 75 Gramm getrocknete Pasilla-Chilischoten<\/p>\n<p><span style=\"text-decoration: underline;\">N\u00e4hrwerte pro 100g:<\/span><br \/>\nEnergie: 1193 kJ\/285 kcal<br \/>\nFett: 5 Gramm<br \/>\ndavon ges\u00e4ttigte Fetts\u00e4uren: 0,7 Gramm<br \/>\nKohlenhydrate: 60 Gramm<br \/>\ndavon Zucker: 5 Gramm<br \/>\nProtein: 12 Gramm<br \/>\nSalz: 0 Gramm<\/p>\n<p><strong>Verwendung von getrockneten Chilischoten<\/strong>: Sie k\u00f6nnen sie zu Flocken oder Pulver mahlen und so als Trockengew\u00fcrz oder Gew\u00fcrz verwenden. Sie k\u00f6nnen sie auch zur Herstellung eines Chilip\u00fcrees oder einer Chilisauce verwenden, indem Sie sie 10 bis 15 Minuten in hei\u00dfem Wasser einweichen, bis sie weich werden. Anschlie\u00dfend Stiel und Kerne entfernen und im Mixer zu einem P\u00fcree oder einer So\u00dfe verarbeiten.<\/p>\n<p>Getrocknete Paprika sind sehr lange haltbar. Lagern Sie sie an einem dunklen und trockenen Ort.<\/p>\n","protected":false},"excerpt":{"rendered":"<p style=\"text-align: justify;\">Diese getrockneten Pasilla-Chilis wurden ger\u00e4uchert, wodurch sie ihren charakteristischen s\u00fc\u00dfen und rauchigen Geschmack erhalten. Der Pasilla-Chili geh\u00f6rt zusammen mit dem Guajillo und dem Arbol-Chili zur heiligen Dreifaltigkeit der mexikanischen Chilis.<\/p>\n<p style=\"text-align: justify;\">Herkunft: Mexiko<\/p>\n","protected":false},"featured_media":141875,"comment_status":"open","ping_status":"closed","template":"","meta":{"_acf_changed":false},"product_brand":[],"product_cat":[3795,4046],"product_tag":[],"class_list":{"0":"post-141874","1":"product","2":"type-product","3":"status-publish","4":"has-post-thumbnail","6":"product_cat-getrocknete-chili","7":"product_cat-spicy","9":"first","10":"outofstock","11":"taxable","12":"shipping-taxable","13":"purchasable","14":"product-type-simple"},"bundled_by":[],"bundle_stock_status":"outofstock","bundle_stock_quantity":0,"bundle_virtual":false,"bundle_layout":"","bundle_add_to_cart_form_location":"","bundle_editable_in_cart":false,"bundle_sold_individually_context":"","bundle_item_grouping":"","bundle_min_size":"","bundle_max_size":"","bundle_price":[],"bundled_items":[],"bundle_sell_ids":[],"acf":[],"yoast_head":"<!-- This site is optimized with the Yoast SEO Premium plugin v27.5 (Yoast SEO v27.5) - https:\/\/yoast.com\/product\/yoast-seo-premium-wordpress\/ -->\n<title>Getrocknete Pasilla Chilis (75 Gramm) - Heatsupply<\/title>\n<meta name=\"description\" content=\"Getrocknete Pasilla-Schoten geh\u00f6ren zu den am h\u00e4ufigsten verwendeten Chilis in der mexikanischen K\u00fcche. K\u00f6stlich rauchig und hier erh\u00e4ltlich.\" \/>\n<meta name=\"robots\" content=\"index, follow, max-snippet:-1, max-image-preview:large, max-video-preview:-1\" \/>\n<link rel=\"canonical\" href=\"https:\/\/www.heatsupply.nl\/de\/produkt\/getrocknete-pasilla-chilis-75-gramm\/\" \/>\n<meta property=\"og:locale\" content=\"de_DE\" \/>\n<meta property=\"og:type\" content=\"article\" \/>\n<meta property=\"og:title\" content=\"Getrocknete Pasilla Chilis (75 Gramm)\" \/>\n<meta property=\"og:description\" content=\"Getrocknete Pasilla-Schoten geh\u00f6ren zu den am h\u00e4ufigsten verwendeten Chilis in der mexikanischen K\u00fcche. K\u00f6stlich rauchig und hier erh\u00e4ltlich.\" \/>\n<meta property=\"og:url\" content=\"https:\/\/www.heatsupply.nl\/de\/produkt\/getrocknete-pasilla-chilis-75-gramm\/\" \/>\n<meta property=\"og:site_name\" content=\"Heatsupply\" \/>\n<meta property=\"article:publisher\" content=\"https:\/\/www.facebook.com\/heatsupplyNL\" \/>\n<meta property=\"article:modified_time\" content=\"2026-02-26T19:07:11+00:00\" \/>\n<meta property=\"og:image\" content=\"https:\/\/www.heatsupply.nl\/wp-content\/uploads\/2017\/12\/pasilla-peper-gedroogd.jpg\" \/>\n\t<meta property=\"og:image:width\" content=\"1400\" \/>\n\t<meta property=\"og:image:height\" content=\"1400\" \/>\n\t<meta property=\"og:image:type\" content=\"image\/jpeg\" \/>\n<meta name=\"twitter:card\" content=\"summary_large_image\" \/>\n<meta name=\"twitter:label1\" content=\"Preis\" \/>\n\t<meta name=\"twitter:data1\" content=\"&euro;6,95\" \/>\n\t<meta name=\"twitter:label2\" content=\"Verf\u00fcgbarkeit\" \/>\n\t<meta name=\"twitter:data2\" content=\"ausverkauft\" \/>\n<script type=\"application\/ld+json\" class=\"yoast-schema-graph\">{\"@context\":\"https:\\\/\\\/schema.org\",\"@graph\":[{\"@type\":\"WebPage\",\"@id\":\"https:\\\/\\\/www.heatsupply.nl\\\/de\\\/produkt\\\/getrocknete-pasilla-chilis-75-gramm\\\/\",\"url\":\"https:\\\/\\\/www.heatsupply.nl\\\/de\\\/produkt\\\/getrocknete-pasilla-chilis-75-gramm\\\/\",\"name\":\"Getrocknete Pasilla Chilis (75 Gramm) - Heatsupply\",\"isPartOf\":{\"@id\":\"https:\\\/\\\/www.heatsupply.nl\\\/de\\\/#website\"},\"primaryImageOfPage\":{\"@id\":\"https:\\\/\\\/www.heatsupply.nl\\\/de\\\/produkt\\\/getrocknete-pasilla-chilis-75-gramm\\\/#primaryimage\"},\"image\":{\"@id\":\"https:\\\/\\\/www.heatsupply.nl\\\/de\\\/produkt\\\/getrocknete-pasilla-chilis-75-gramm\\\/#primaryimage\"},\"thumbnailUrl\":\"https:\\\/\\\/www.heatsupply.nl\\\/wp-content\\\/uploads\\\/2017\\\/12\\\/pasilla-peper-gedroogd.jpg\",\"datePublished\":\"2022-04-12T13:34:00+00:00\",\"dateModified\":\"2026-02-26T19:07:11+00:00\",\"description\":\"Getrocknete Pasilla-Schoten geh\u00f6ren zu den am h\u00e4ufigsten verwendeten Chilis in der mexikanischen K\u00fcche. K\u00f6stlich rauchig und hier erh\u00e4ltlich.\",\"breadcrumb\":{\"@id\":\"https:\\\/\\\/www.heatsupply.nl\\\/de\\\/produkt\\\/getrocknete-pasilla-chilis-75-gramm\\\/#breadcrumb\"},\"inLanguage\":\"de\",\"potentialAction\":[{\"@type\":\"ReadAction\",\"target\":[\"https:\\\/\\\/www.heatsupply.nl\\\/de\\\/produkt\\\/getrocknete-pasilla-chilis-75-gramm\\\/\"]}]},{\"@type\":\"ImageObject\",\"inLanguage\":\"de\",\"@id\":\"https:\\\/\\\/www.heatsupply.nl\\\/de\\\/produkt\\\/getrocknete-pasilla-chilis-75-gramm\\\/#primaryimage\",\"url\":\"https:\\\/\\\/www.heatsupply.nl\\\/wp-content\\\/uploads\\\/2017\\\/12\\\/pasilla-peper-gedroogd.jpg\",\"contentUrl\":\"https:\\\/\\\/www.heatsupply.nl\\\/wp-content\\\/uploads\\\/2017\\\/12\\\/pasilla-peper-gedroogd.jpg\",\"width\":1400,\"height\":1400},{\"@type\":\"BreadcrumbList\",\"@id\":\"https:\\\/\\\/www.heatsupply.nl\\\/de\\\/produkt\\\/getrocknete-pasilla-chilis-75-gramm\\\/#breadcrumb\",\"itemListElement\":[{\"@type\":\"ListItem\",\"position\":1,\"name\":\"Home\",\"item\":\"https:\\\/\\\/www.heatsupply.nl\\\/de\\\/\"},{\"@type\":\"ListItem\",\"position\":2,\"name\":\"Alle produkten\",\"item\":\"https:\\\/\\\/www.heatsupply.nl\\\/de\\\/alle-produkten\\\/\"},{\"@type\":\"ListItem\",\"position\":3,\"name\":\"Getrocknete Chili\",\"item\":\"https:\\\/\\\/www.heatsupply.nl\\\/de\\\/getrocknete-chili\\\/\"},{\"@type\":\"ListItem\",\"position\":4,\"name\":\"Getrocknete Pasilla Chilis (75 Gramm)\"}]},{\"@type\":\"WebSite\",\"@id\":\"https:\\\/\\\/www.heatsupply.nl\\\/de\\\/#website\",\"url\":\"https:\\\/\\\/www.heatsupply.nl\\\/de\\\/\",\"name\":\"Heatsupply\",\"description\":\"Hot sauce webstore #1 in Europe\",\"publisher\":{\"@id\":\"https:\\\/\\\/www.heatsupply.nl\\\/de\\\/#organization\"},\"potentialAction\":[{\"@type\":\"SearchAction\",\"target\":{\"@type\":\"EntryPoint\",\"urlTemplate\":\"https:\\\/\\\/www.heatsupply.nl\\\/de\\\/?s={search_term_string}\"},\"query-input\":{\"@type\":\"PropertyValueSpecification\",\"valueRequired\":true,\"valueName\":\"search_term_string\"}}],\"inLanguage\":\"de\"},{\"@type\":\"Organization\",\"@id\":\"https:\\\/\\\/www.heatsupply.nl\\\/de\\\/#organization\",\"name\":\"Heatsupply\",\"url\":\"https:\\\/\\\/www.heatsupply.nl\\\/de\\\/\",\"logo\":{\"@type\":\"ImageObject\",\"inLanguage\":\"de\",\"@id\":\"https:\\\/\\\/www.heatsupply.nl\\\/de\\\/#\\\/schema\\\/logo\\\/image\\\/\",\"url\":\"https:\\\/\\\/www.heatsupply.nl\\\/wp-content\\\/uploads\\\/2022\\\/10\\\/heatsupply-logo-rood.jpg\",\"contentUrl\":\"https:\\\/\\\/www.heatsupply.nl\\\/wp-content\\\/uploads\\\/2022\\\/10\\\/heatsupply-logo-rood.jpg\",\"width\":1000,\"height\":335,\"caption\":\"Heatsupply\"},\"image\":{\"@id\":\"https:\\\/\\\/www.heatsupply.nl\\\/de\\\/#\\\/schema\\\/logo\\\/image\\\/\"},\"sameAs\":[\"https:\\\/\\\/www.facebook.com\\\/heatsupplyNL\",\"https:\\\/\\\/www.instagram.com\\\/heatsuppy.nl\",\"https:\\\/\\\/www.youtube.com\\\/channel\\\/UC5pOWqQtljvxTz2SMWGWCsw\"]}]}<\/script>\n<meta property=\"product:price:amount\" content=\"6.95\" \/>\n<meta property=\"product:price:currency\" content=\"EUR\" \/>\n<meta property=\"og:availability\" content=\"out of stock\" \/>\n<meta property=\"product:availability\" content=\"out of stock\" \/>\n<meta property=\"product:retailer_item_id\" content=\"GPP002\" \/>\n<meta property=\"product:condition\" content=\"new\" \/>\n<!-- \/ Yoast SEO Premium plugin. -->","yoast_head_json":{"title":"Getrocknete Pasilla Chilis (75 Gramm) - Heatsupply","description":"Getrocknete Pasilla-Schoten geh\u00f6ren zu den am h\u00e4ufigsten verwendeten Chilis in der mexikanischen K\u00fcche. K\u00f6stlich rauchig und hier erh\u00e4ltlich.","robots":{"index":"index","follow":"follow","max-snippet":"max-snippet:-1","max-image-preview":"max-image-preview:large","max-video-preview":"max-video-preview:-1"},"canonical":"https:\/\/www.heatsupply.nl\/de\/produkt\/getrocknete-pasilla-chilis-75-gramm\/","og_locale":"de_DE","og_type":"article","og_title":"Getrocknete Pasilla Chilis (75 Gramm)","og_description":"Getrocknete Pasilla-Schoten geh\u00f6ren zu den am h\u00e4ufigsten verwendeten Chilis in der mexikanischen K\u00fcche. K\u00f6stlich rauchig und hier erh\u00e4ltlich.","og_url":"https:\/\/www.heatsupply.nl\/de\/produkt\/getrocknete-pasilla-chilis-75-gramm\/","og_site_name":"Heatsupply","article_publisher":"https:\/\/www.facebook.com\/heatsupplyNL","article_modified_time":"2026-02-26T19:07:11+00:00","og_image":[{"width":1400,"height":1400,"url":"https:\/\/www.heatsupply.nl\/wp-content\/uploads\/2017\/12\/pasilla-peper-gedroogd.jpg","type":"image\/jpeg"}],"twitter_card":"summary_large_image","twitter_misc":{"Preis":"&euro;6,95","Verf\u00fcgbarkeit":"ausverkauft"},"schema":{"@context":"https:\/\/schema.org","@graph":[{"@type":"WebPage","@id":"https:\/\/www.heatsupply.nl\/de\/produkt\/getrocknete-pasilla-chilis-75-gramm\/","url":"https:\/\/www.heatsupply.nl\/de\/produkt\/getrocknete-pasilla-chilis-75-gramm\/","name":"Getrocknete Pasilla Chilis (75 Gramm) - Heatsupply","isPartOf":{"@id":"https:\/\/www.heatsupply.nl\/de\/#website"},"primaryImageOfPage":{"@id":"https:\/\/www.heatsupply.nl\/de\/produkt\/getrocknete-pasilla-chilis-75-gramm\/#primaryimage"},"image":{"@id":"https:\/\/www.heatsupply.nl\/de\/produkt\/getrocknete-pasilla-chilis-75-gramm\/#primaryimage"},"thumbnailUrl":"https:\/\/www.heatsupply.nl\/wp-content\/uploads\/2017\/12\/pasilla-peper-gedroogd.jpg","datePublished":"2022-04-12T13:34:00+00:00","dateModified":"2026-02-26T19:07:11+00:00","description":"Getrocknete Pasilla-Schoten geh\u00f6ren zu den am h\u00e4ufigsten verwendeten Chilis in der mexikanischen K\u00fcche. K\u00f6stlich rauchig und hier erh\u00e4ltlich.","breadcrumb":{"@id":"https:\/\/www.heatsupply.nl\/de\/produkt\/getrocknete-pasilla-chilis-75-gramm\/#breadcrumb"},"inLanguage":"de","potentialAction":[{"@type":"ReadAction","target":["https:\/\/www.heatsupply.nl\/de\/produkt\/getrocknete-pasilla-chilis-75-gramm\/"]}]},{"@type":"ImageObject","inLanguage":"de","@id":"https:\/\/www.heatsupply.nl\/de\/produkt\/getrocknete-pasilla-chilis-75-gramm\/#primaryimage","url":"https:\/\/www.heatsupply.nl\/wp-content\/uploads\/2017\/12\/pasilla-peper-gedroogd.jpg","contentUrl":"https:\/\/www.heatsupply.nl\/wp-content\/uploads\/2017\/12\/pasilla-peper-gedroogd.jpg","width":1400,"height":1400},{"@type":"BreadcrumbList","@id":"https:\/\/www.heatsupply.nl\/de\/produkt\/getrocknete-pasilla-chilis-75-gramm\/#breadcrumb","itemListElement":[{"@type":"ListItem","position":1,"name":"Home","item":"https:\/\/www.heatsupply.nl\/de\/"},{"@type":"ListItem","position":2,"name":"Alle produkten","item":"https:\/\/www.heatsupply.nl\/de\/alle-produkten\/"},{"@type":"ListItem","position":3,"name":"Getrocknete Chili","item":"https:\/\/www.heatsupply.nl\/de\/getrocknete-chili\/"},{"@type":"ListItem","position":4,"name":"Getrocknete Pasilla Chilis (75 Gramm)"}]},{"@type":"WebSite","@id":"https:\/\/www.heatsupply.nl\/de\/#website","url":"https:\/\/www.heatsupply.nl\/de\/","name":"Heatsupply","description":"Hot sauce webstore #1 in Europe","publisher":{"@id":"https:\/\/www.heatsupply.nl\/de\/#organization"},"potentialAction":[{"@type":"SearchAction","target":{"@type":"EntryPoint","urlTemplate":"https:\/\/www.heatsupply.nl\/de\/?s={search_term_string}"},"query-input":{"@type":"PropertyValueSpecification","valueRequired":true,"valueName":"search_term_string"}}],"inLanguage":"de"},{"@type":"Organization","@id":"https:\/\/www.heatsupply.nl\/de\/#organization","name":"Heatsupply","url":"https:\/\/www.heatsupply.nl\/de\/","logo":{"@type":"ImageObject","inLanguage":"de","@id":"https:\/\/www.heatsupply.nl\/de\/#\/schema\/logo\/image\/","url":"https:\/\/www.heatsupply.nl\/wp-content\/uploads\/2022\/10\/heatsupply-logo-rood.jpg","contentUrl":"https:\/\/www.heatsupply.nl\/wp-content\/uploads\/2022\/10\/heatsupply-logo-rood.jpg","width":1000,"height":335,"caption":"Heatsupply"},"image":{"@id":"https:\/\/www.heatsupply.nl\/de\/#\/schema\/logo\/image\/"},"sameAs":["https:\/\/www.facebook.com\/heatsupplyNL","https:\/\/www.instagram.com\/heatsuppy.nl","https:\/\/www.youtube.com\/channel\/UC5pOWqQtljvxTz2SMWGWCsw"]}]},"product_price_amount":"6.95","product_price_currency":"EUR","og_availability":"out of stock","product_availability":"out of stock","product_retailer_item_id":"GPP002","product_condition":"new"},"_links":{"self":[{"href":"https:\/\/www.heatsupply.nl\/de\/wp-json\/wp\/v2\/product\/141874","targetHints":{"allow":["GET"]}}],"collection":[{"href":"https:\/\/www.heatsupply.nl\/de\/wp-json\/wp\/v2\/product"}],"about":[{"href":"https:\/\/www.heatsupply.nl\/de\/wp-json\/wp\/v2\/types\/product"}],"replies":[{"embeddable":true,"href":"https:\/\/www.heatsupply.nl\/de\/wp-json\/wp\/v2\/comments?post=141874"}],"wp:featuredmedia":[{"embeddable":true,"href":"https:\/\/www.heatsupply.nl\/de\/wp-json\/wp\/v2\/media\/141875"}],"wp:attachment":[{"href":"https:\/\/www.heatsupply.nl\/de\/wp-json\/wp\/v2\/media?parent=141874"}],"wp:term":[{"taxonomy":"product_brand","embeddable":true,"href":"https:\/\/www.heatsupply.nl\/de\/wp-json\/wp\/v2\/product_brand?post=141874"},{"taxonomy":"product_cat","embeddable":true,"href":"https:\/\/www.heatsupply.nl\/de\/wp-json\/wp\/v2\/product_cat?post=141874"},{"taxonomy":"product_tag","embeddable":true,"href":"https:\/\/www.heatsupply.nl\/de\/wp-json\/wp\/v2\/product_tag?post=141874"}],"curies":[{"name":"wp","href":"https:\/\/api.w.org\/{rel}","templated":true}]}}