{"id":141458,"date":"2023-02-21T14:09:25","date_gmt":"2023-02-21T13:09:25","guid":{"rendered":"https:\/\/www.heatsupply.nl\/product\/melindas-ghost-pepper-wing-sauce-2\/"},"modified":"2026-05-08T10:29:16","modified_gmt":"2026-05-08T08:29:16","slug":"melindas-ghost-pepper-wing-sauce","status":"publish","type":"product","link":"https:\/\/www.heatsupply.nl\/de\/produkt\/melindas-ghost-pepper-wing-sauce\/","title":{"rendered":"Melinda&#8217;s Ghost Pepper Wing Sauce"},"content":{"rendered":"<p><strong>Zutaten Melinda&#8217;s Ghost Pepper Wing Sauce:<\/strong> Wasser, wei\u00dfer Essig, Habanero-P\u00fcree, Cayenne-P\u00fcree, Karotten, Salz, Bhut Jolokia-P\u00fcree (Ghost Pepper-P\u00fcree), Raps\u00f6l, wei\u00dfe Zwiebeln, Limettensaft, Knoblauch, Xanthan-Gummi, nat\u00fcrlicher Buttergeschmack (vegan).<\/p>\n<p>Allergene: Kann <strong>N\u00fcssen (Kokosnuss), Sulfiten, Senf, Eiern, Sojabohnen, Weizen, Sesam und Milch<\/strong> enthalten.<\/p>\n<p><span style=\"text-decoration: underline;\">N\u00e4hrwerte pro 100 ml:<\/span><br \/>\nEnergie: 46 kcal<br \/>\nFett: 3,9 Gramm<br \/>\ndavon ges\u00e4ttigte Fetts\u00e4uren: 0,4 Gramm<br \/>\nKohlenhydrate: 2,1 Gramm<br \/>\ndavon Zucker: 0,9 Gramm<br \/>\nEiwei\u00df: 0,6 Gramm<br \/>\nSalz: 4,6 Gramm<\/p>\n<p>Vor Gebrauch sch\u00fctteln. Nach dem \u00d6ffnen k\u00fchl aufbewahren.<\/p>\n","protected":false},"excerpt":{"rendered":"<p><span style=\"font-weight: 500;\">Dies ist Melinda&#8217;s Ghost Pepper Wing Sauce. Lass dich nicht von dem Geist t\u00e4uschen. Diese Sauce k\u00f6nnte ziemlich gruselig sein, wenn der Geschmack nicht erstklassig w\u00e4re: Eine feurige Mischung aus Ghost Pepper, Cayenne und Habanero sorgt f\u00fcr angemessene Sch\u00e4rfe, aber in Kombination mit Gem\u00fcse und Knoblauch entsteht die ultimative Hot Wing Sauce. Diese Sauce schmeckt \u00fcbrigens nicht nur auf H\u00fchnchen, sondern auch zum Beispiel auf Wraps, Sandwiches, Burgern und vielem mehr.<\/span><\/p>\n<ul>\n<li><span style=\"font-weight: 500;\">Herkunft: Texas, USA<\/span><\/li>\n<li><span style=\"font-weight: 500;\">Inhalt: 355 ml<\/span><\/li>\n<\/ul>\n","protected":false},"featured_media":141459,"comment_status":"open","ping_status":"closed","template":"","meta":{"_acf_changed":false},"product_brand":[],"product_cat":[3931,3913,3787,4046],"product_tag":[],"class_list":{"0":"post-141458","1":"product","2":"type-product","3":"status-publish","4":"has-post-thumbnail","6":"product_cat-ghost-pepper","7":"product_cat-habanero","8":"product_cat-scharfe-sossen","9":"product_cat-spicy","11":"first","12":"instock","13":"taxable","14":"shipping-taxable","15":"purchasable","16":"product-type-simple"},"bundled_by":[],"bundle_stock_status":"instock","bundle_stock_quantity":112,"bundle_virtual":false,"bundle_layout":"","bundle_add_to_cart_form_location":"","bundle_editable_in_cart":false,"bundle_sold_individually_context":"","bundle_item_grouping":"","bundle_min_size":"","bundle_max_size":"","bundle_price":[],"bundled_items":[],"bundle_sell_ids":[],"acf":[],"yoast_head":"<!-- This site is optimized with the Yoast SEO Premium plugin v27.5 (Yoast SEO v27.5) - https:\/\/yoast.com\/product\/yoast-seo-premium-wordpress\/ -->\n<title>Melinda&#039;s Ghost Pepper Wing Sauce - Heatsupply<\/title>\n<meta name=\"description\" content=\"Melindas Ghost Pepper Wing Sauce ist eine ziemlich scharfe Sauce, besonders f\u00fcr Ihre Lieblingsh\u00e4hnchenst\u00fccke, wie zum Beispiel Chicken Wings!\" \/>\n<meta name=\"robots\" content=\"index, follow, max-snippet:-1, max-image-preview:large, max-video-preview:-1\" \/>\n<link rel=\"canonical\" href=\"https:\/\/www.heatsupply.nl\/de\/produkt\/melindas-ghost-pepper-wing-sauce\/\" \/>\n<meta property=\"og:locale\" content=\"de_DE\" \/>\n<meta property=\"og:type\" content=\"article\" \/>\n<meta property=\"og:title\" content=\"Melinda&#039;s Ghost Pepper Wing Sauce\" \/>\n<meta property=\"og:description\" content=\"Melindas Ghost Pepper Wing Sauce ist eine ziemlich scharfe Sauce, besonders f\u00fcr Ihre Lieblingsh\u00e4hnchenst\u00fccke, wie zum Beispiel Chicken Wings!\" \/>\n<meta property=\"og:url\" content=\"https:\/\/www.heatsupply.nl\/de\/produkt\/melindas-ghost-pepper-wing-sauce\/\" \/>\n<meta property=\"og:site_name\" content=\"Heatsupply\" \/>\n<meta property=\"article:publisher\" content=\"https:\/\/www.facebook.com\/heatsupplyNL\" \/>\n<meta property=\"article:modified_time\" content=\"2026-05-08T08:29:16+00:00\" \/>\n<meta property=\"og:image\" content=\"https:\/\/www.heatsupply.nl\/wp-content\/uploads\/2023\/02\/melindas-ghost-pepper-wing-sauce.jpg\" \/>\n\t<meta property=\"og:image:width\" content=\"1400\" \/>\n\t<meta property=\"og:image:height\" content=\"1400\" \/>\n\t<meta property=\"og:image:type\" content=\"image\/jpeg\" \/>\n<meta name=\"twitter:card\" content=\"summary_large_image\" \/>\n<meta name=\"twitter:label1\" content=\"Preis\" \/>\n\t<meta name=\"twitter:data1\" content=\"&euro;6,95\" \/>\n\t<meta name=\"twitter:label2\" content=\"Verf\u00fcgbarkeit\" \/>\n\t<meta name=\"twitter:data2\" content=\"Auf Lager\" \/>\n<script type=\"application\/ld+json\" class=\"yoast-schema-graph\">{\"@context\":\"https:\\\/\\\/schema.org\",\"@graph\":[{\"@type\":\"WebPage\",\"@id\":\"https:\\\/\\\/www.heatsupply.nl\\\/de\\\/produkt\\\/melindas-ghost-pepper-wing-sauce\\\/\",\"url\":\"https:\\\/\\\/www.heatsupply.nl\\\/de\\\/produkt\\\/melindas-ghost-pepper-wing-sauce\\\/\",\"name\":\"Melinda's Ghost Pepper Wing Sauce - Heatsupply\",\"isPartOf\":{\"@id\":\"https:\\\/\\\/www.heatsupply.nl\\\/de\\\/#website\"},\"primaryImageOfPage\":{\"@id\":\"https:\\\/\\\/www.heatsupply.nl\\\/de\\\/produkt\\\/melindas-ghost-pepper-wing-sauce\\\/#primaryimage\"},\"image\":{\"@id\":\"https:\\\/\\\/www.heatsupply.nl\\\/de\\\/produkt\\\/melindas-ghost-pepper-wing-sauce\\\/#primaryimage\"},\"thumbnailUrl\":\"https:\\\/\\\/www.heatsupply.nl\\\/wp-content\\\/uploads\\\/2023\\\/02\\\/melindas-ghost-pepper-wing-sauce.jpg\",\"datePublished\":\"2023-02-21T13:09:25+00:00\",\"dateModified\":\"2026-05-08T08:29:16+00:00\",\"description\":\"Melindas Ghost Pepper Wing Sauce ist eine ziemlich scharfe Sauce, besonders f\u00fcr Ihre Lieblingsh\u00e4hnchenst\u00fccke, wie zum Beispiel Chicken Wings!\",\"breadcrumb\":{\"@id\":\"https:\\\/\\\/www.heatsupply.nl\\\/de\\\/produkt\\\/melindas-ghost-pepper-wing-sauce\\\/#breadcrumb\"},\"inLanguage\":\"de\",\"potentialAction\":[{\"@type\":\"ReadAction\",\"target\":[\"https:\\\/\\\/www.heatsupply.nl\\\/de\\\/produkt\\\/melindas-ghost-pepper-wing-sauce\\\/\"]}]},{\"@type\":\"ImageObject\",\"inLanguage\":\"de\",\"@id\":\"https:\\\/\\\/www.heatsupply.nl\\\/de\\\/produkt\\\/melindas-ghost-pepper-wing-sauce\\\/#primaryimage\",\"url\":\"https:\\\/\\\/www.heatsupply.nl\\\/wp-content\\\/uploads\\\/2023\\\/02\\\/melindas-ghost-pepper-wing-sauce.jpg\",\"contentUrl\":\"https:\\\/\\\/www.heatsupply.nl\\\/wp-content\\\/uploads\\\/2023\\\/02\\\/melindas-ghost-pepper-wing-sauce.jpg\",\"width\":1400,\"height\":1400,\"caption\":\"Melinda's Ghost Pepper wing sauce chicken wing saus\"},{\"@type\":\"BreadcrumbList\",\"@id\":\"https:\\\/\\\/www.heatsupply.nl\\\/de\\\/produkt\\\/melindas-ghost-pepper-wing-sauce\\\/#breadcrumb\",\"itemListElement\":[{\"@type\":\"ListItem\",\"position\":1,\"name\":\"Home\",\"item\":\"https:\\\/\\\/www.heatsupply.nl\\\/de\\\/\"},{\"@type\":\"ListItem\",\"position\":2,\"name\":\"Alle produkten\",\"item\":\"https:\\\/\\\/www.heatsupply.nl\\\/de\\\/alle-produkten\\\/\"},{\"@type\":\"ListItem\",\"position\":3,\"name\":\"Scharfe So\u00dfen\",\"item\":\"https:\\\/\\\/www.heatsupply.nl\\\/de\\\/scharfe-sossen\\\/\"},{\"@type\":\"ListItem\",\"position\":4,\"name\":\"Melinda&#8217;s Ghost Pepper Wing Sauce\"}]},{\"@type\":\"WebSite\",\"@id\":\"https:\\\/\\\/www.heatsupply.nl\\\/de\\\/#website\",\"url\":\"https:\\\/\\\/www.heatsupply.nl\\\/de\\\/\",\"name\":\"Heatsupply\",\"description\":\"Hot sauce webstore #1 in Europe\",\"publisher\":{\"@id\":\"https:\\\/\\\/www.heatsupply.nl\\\/de\\\/#organization\"},\"potentialAction\":[{\"@type\":\"SearchAction\",\"target\":{\"@type\":\"EntryPoint\",\"urlTemplate\":\"https:\\\/\\\/www.heatsupply.nl\\\/de\\\/?s={search_term_string}\"},\"query-input\":{\"@type\":\"PropertyValueSpecification\",\"valueRequired\":true,\"valueName\":\"search_term_string\"}}],\"inLanguage\":\"de\"},{\"@type\":\"Organization\",\"@id\":\"https:\\\/\\\/www.heatsupply.nl\\\/de\\\/#organization\",\"name\":\"Heatsupply\",\"url\":\"https:\\\/\\\/www.heatsupply.nl\\\/de\\\/\",\"logo\":{\"@type\":\"ImageObject\",\"inLanguage\":\"de\",\"@id\":\"https:\\\/\\\/www.heatsupply.nl\\\/de\\\/#\\\/schema\\\/logo\\\/image\\\/\",\"url\":\"https:\\\/\\\/www.heatsupply.nl\\\/wp-content\\\/uploads\\\/2022\\\/10\\\/heatsupply-logo-rood.jpg\",\"contentUrl\":\"https:\\\/\\\/www.heatsupply.nl\\\/wp-content\\\/uploads\\\/2022\\\/10\\\/heatsupply-logo-rood.jpg\",\"width\":1000,\"height\":335,\"caption\":\"Heatsupply\"},\"image\":{\"@id\":\"https:\\\/\\\/www.heatsupply.nl\\\/de\\\/#\\\/schema\\\/logo\\\/image\\\/\"},\"sameAs\":[\"https:\\\/\\\/www.facebook.com\\\/heatsupplyNL\",\"https:\\\/\\\/www.instagram.com\\\/heatsuppy.nl\",\"https:\\\/\\\/www.youtube.com\\\/channel\\\/UC5pOWqQtljvxTz2SMWGWCsw\"]}]}<\/script>\n<meta property=\"product:brand\" content=\"Melinda&#039;s\" \/>\n<meta property=\"product:price:amount\" content=\"6.95\" \/>\n<meta property=\"product:price:currency\" content=\"EUR\" \/>\n<meta property=\"og:availability\" content=\"instock\" \/>\n<meta property=\"product:availability\" content=\"instock\" \/>\n<meta property=\"product:retailer_item_id\" content=\"MGPWS002\" \/>\n<meta property=\"product:condition\" content=\"new\" \/>\n<!-- \/ Yoast SEO Premium plugin. -->","yoast_head_json":{"title":"Melinda's Ghost Pepper Wing Sauce - Heatsupply","description":"Melindas Ghost Pepper Wing Sauce ist eine ziemlich scharfe Sauce, besonders f\u00fcr Ihre Lieblingsh\u00e4hnchenst\u00fccke, wie zum Beispiel Chicken Wings!","robots":{"index":"index","follow":"follow","max-snippet":"max-snippet:-1","max-image-preview":"max-image-preview:large","max-video-preview":"max-video-preview:-1"},"canonical":"https:\/\/www.heatsupply.nl\/de\/produkt\/melindas-ghost-pepper-wing-sauce\/","og_locale":"de_DE","og_type":"article","og_title":"Melinda's Ghost Pepper Wing Sauce","og_description":"Melindas Ghost Pepper Wing Sauce ist eine ziemlich scharfe Sauce, besonders f\u00fcr Ihre Lieblingsh\u00e4hnchenst\u00fccke, wie zum Beispiel Chicken Wings!","og_url":"https:\/\/www.heatsupply.nl\/de\/produkt\/melindas-ghost-pepper-wing-sauce\/","og_site_name":"Heatsupply","article_publisher":"https:\/\/www.facebook.com\/heatsupplyNL","article_modified_time":"2026-05-08T08:29:16+00:00","og_image":[{"width":1400,"height":1400,"url":"https:\/\/www.heatsupply.nl\/wp-content\/uploads\/2023\/02\/melindas-ghost-pepper-wing-sauce.jpg","type":"image\/jpeg"}],"twitter_card":"summary_large_image","twitter_misc":{"Preis":"&euro;6,95","Verf\u00fcgbarkeit":"Auf Lager"},"schema":{"@context":"https:\/\/schema.org","@graph":[{"@type":"WebPage","@id":"https:\/\/www.heatsupply.nl\/de\/produkt\/melindas-ghost-pepper-wing-sauce\/","url":"https:\/\/www.heatsupply.nl\/de\/produkt\/melindas-ghost-pepper-wing-sauce\/","name":"Melinda's Ghost Pepper Wing Sauce - Heatsupply","isPartOf":{"@id":"https:\/\/www.heatsupply.nl\/de\/#website"},"primaryImageOfPage":{"@id":"https:\/\/www.heatsupply.nl\/de\/produkt\/melindas-ghost-pepper-wing-sauce\/#primaryimage"},"image":{"@id":"https:\/\/www.heatsupply.nl\/de\/produkt\/melindas-ghost-pepper-wing-sauce\/#primaryimage"},"thumbnailUrl":"https:\/\/www.heatsupply.nl\/wp-content\/uploads\/2023\/02\/melindas-ghost-pepper-wing-sauce.jpg","datePublished":"2023-02-21T13:09:25+00:00","dateModified":"2026-05-08T08:29:16+00:00","description":"Melindas Ghost Pepper Wing Sauce ist eine ziemlich scharfe Sauce, besonders f\u00fcr Ihre Lieblingsh\u00e4hnchenst\u00fccke, wie zum Beispiel Chicken Wings!","breadcrumb":{"@id":"https:\/\/www.heatsupply.nl\/de\/produkt\/melindas-ghost-pepper-wing-sauce\/#breadcrumb"},"inLanguage":"de","potentialAction":[{"@type":"ReadAction","target":["https:\/\/www.heatsupply.nl\/de\/produkt\/melindas-ghost-pepper-wing-sauce\/"]}]},{"@type":"ImageObject","inLanguage":"de","@id":"https:\/\/www.heatsupply.nl\/de\/produkt\/melindas-ghost-pepper-wing-sauce\/#primaryimage","url":"https:\/\/www.heatsupply.nl\/wp-content\/uploads\/2023\/02\/melindas-ghost-pepper-wing-sauce.jpg","contentUrl":"https:\/\/www.heatsupply.nl\/wp-content\/uploads\/2023\/02\/melindas-ghost-pepper-wing-sauce.jpg","width":1400,"height":1400,"caption":"Melinda's Ghost Pepper wing sauce chicken wing saus"},{"@type":"BreadcrumbList","@id":"https:\/\/www.heatsupply.nl\/de\/produkt\/melindas-ghost-pepper-wing-sauce\/#breadcrumb","itemListElement":[{"@type":"ListItem","position":1,"name":"Home","item":"https:\/\/www.heatsupply.nl\/de\/"},{"@type":"ListItem","position":2,"name":"Alle produkten","item":"https:\/\/www.heatsupply.nl\/de\/alle-produkten\/"},{"@type":"ListItem","position":3,"name":"Scharfe So\u00dfen","item":"https:\/\/www.heatsupply.nl\/de\/scharfe-sossen\/"},{"@type":"ListItem","position":4,"name":"Melinda&#8217;s Ghost Pepper Wing Sauce"}]},{"@type":"WebSite","@id":"https:\/\/www.heatsupply.nl\/de\/#website","url":"https:\/\/www.heatsupply.nl\/de\/","name":"Heatsupply","description":"Hot sauce webstore #1 in Europe","publisher":{"@id":"https:\/\/www.heatsupply.nl\/de\/#organization"},"potentialAction":[{"@type":"SearchAction","target":{"@type":"EntryPoint","urlTemplate":"https:\/\/www.heatsupply.nl\/de\/?s={search_term_string}"},"query-input":{"@type":"PropertyValueSpecification","valueRequired":true,"valueName":"search_term_string"}}],"inLanguage":"de"},{"@type":"Organization","@id":"https:\/\/www.heatsupply.nl\/de\/#organization","name":"Heatsupply","url":"https:\/\/www.heatsupply.nl\/de\/","logo":{"@type":"ImageObject","inLanguage":"de","@id":"https:\/\/www.heatsupply.nl\/de\/#\/schema\/logo\/image\/","url":"https:\/\/www.heatsupply.nl\/wp-content\/uploads\/2022\/10\/heatsupply-logo-rood.jpg","contentUrl":"https:\/\/www.heatsupply.nl\/wp-content\/uploads\/2022\/10\/heatsupply-logo-rood.jpg","width":1000,"height":335,"caption":"Heatsupply"},"image":{"@id":"https:\/\/www.heatsupply.nl\/de\/#\/schema\/logo\/image\/"},"sameAs":["https:\/\/www.facebook.com\/heatsupplyNL","https:\/\/www.instagram.com\/heatsuppy.nl","https:\/\/www.youtube.com\/channel\/UC5pOWqQtljvxTz2SMWGWCsw"]}]},"product_brand":"Melinda&#039;s","product_price_amount":"6.95","product_price_currency":"EUR","og_availability":"instock","product_availability":"instock","product_retailer_item_id":"MGPWS002","product_condition":"new"},"_links":{"self":[{"href":"https:\/\/www.heatsupply.nl\/de\/wp-json\/wp\/v2\/product\/141458","targetHints":{"allow":["GET"]}}],"collection":[{"href":"https:\/\/www.heatsupply.nl\/de\/wp-json\/wp\/v2\/product"}],"about":[{"href":"https:\/\/www.heatsupply.nl\/de\/wp-json\/wp\/v2\/types\/product"}],"replies":[{"embeddable":true,"href":"https:\/\/www.heatsupply.nl\/de\/wp-json\/wp\/v2\/comments?post=141458"}],"wp:featuredmedia":[{"embeddable":true,"href":"https:\/\/www.heatsupply.nl\/de\/wp-json\/wp\/v2\/media\/141459"}],"wp:attachment":[{"href":"https:\/\/www.heatsupply.nl\/de\/wp-json\/wp\/v2\/media?parent=141458"}],"wp:term":[{"taxonomy":"product_brand","embeddable":true,"href":"https:\/\/www.heatsupply.nl\/de\/wp-json\/wp\/v2\/product_brand?post=141458"},{"taxonomy":"product_cat","embeddable":true,"href":"https:\/\/www.heatsupply.nl\/de\/wp-json\/wp\/v2\/product_cat?post=141458"},{"taxonomy":"product_tag","embeddable":true,"href":"https:\/\/www.heatsupply.nl\/de\/wp-json\/wp\/v2\/product_tag?post=141458"}],"curies":[{"name":"wp","href":"https:\/\/api.w.org\/{rel}","templated":true}]}}