{"id":141449,"date":"2023-02-21T11:34:14","date_gmt":"2023-02-21T10:34:14","guid":{"rendered":"https:\/\/www.heatsupply.nl\/product\/melindas-jalapeno-spinach-cilantro-hot-sauce\/"},"modified":"2026-04-26T12:35:54","modified_gmt":"2026-04-26T10:35:54","slug":"melindas-jalapeno-spinach-cilantro-hot-sauce","status":"publish","type":"product","link":"https:\/\/www.heatsupply.nl\/de\/produkt\/melindas-jalapeno-spinach-cilantro-hot-sauce\/","title":{"rendered":"Melinda&#8217;s Jalape\u00f1o, Spinach &amp; Cilantro Hot Sauce"},"content":{"rendered":"<p><strong>Zutaten Melinda&#8217;s Green Sauce:<\/strong> Wei\u00dfer Essig, Wasser, Jalape\u00f1o-Paprika, gr\u00fcne Tomaten, Zucker, Koriander, Salz, Spinatpulver, Knoblauch, Limettensaft, Habanero-Paprika, Zitronens\u00e4ure, Xanthan.<\/p>\n<p>Allergene: Kann <strong>N\u00fcssen (Kokosnuss), Sulfiten, Senf, Eiern, Sojabohnen, Weizen, Sesam und Milch<\/strong> enthalten.<\/p>\n<p><span style=\"text-decoration: underline;\">N\u00e4hrwertangaben pro 100gr<\/span>:<br \/>\nEnergie: 62 kcal<br \/>\nFett: 0,3 g<br \/>\ndavon ges\u00e4ttigte Fette: 0,1 g<br \/>\nKohlenhydrate: 14 g<br \/>\ndavon Zucker: 8,8 g<br \/>\nProteine: 0,9 g<br \/>\nSalz: 3 g<\/p>\n<p>Vor Gebrauch sch\u00fctteln und nach dem \u00d6ffnen im K\u00fchlschrank aufbewahren.<\/p>\n","protected":false},"excerpt":{"rendered":"<p><span style=\"font-weight: 500;\">Das ist Melinda&#8217;s Green Sauce, mit gr\u00fcnen Tomaten, Jalape\u00f1os, Spinat, Koriander und Knoblauch. Die Marke selbst beschreibt die Sauce eigentlich perfekt: Sie ist eine \u2018soziale\u2019 Sauce &#8211; sie vertr\u00e4gt sich mit jeder K\u00fcche und sollte zu jeder Mahlzeit eingeladen werden. Ihr frisch-s\u00e4uerlicher und pikanter Charakter macht die scharfe Sauce vielseitig einsetzbar und da sie recht mild ist, kann sie jeder essen. \u00dcbrigens, dies ist die erste Hot Sauce in unserem Sortiment mit Spinat! Und sie wird in einer praktischen &amp; gro\u00dfen Squeeze-Flasche geliefert. Ideal! In unseren Augen am besten in Kombination mit mexikanischem Essen, aber wie gesagt, diese Sauce ist sehr vielseitig.<\/span><\/p>\n<p><span style=\"font-weight: 500;\">Herkunft: Texas, USA<\/span><\/p>\n<p><span style=\"font-weight: 500;\">Inhalt: 355 ml<\/span><\/p>\n","protected":false},"featured_media":141450,"comment_status":"open","ping_status":"closed","template":"","meta":{"_acf_changed":false},"product_brand":[],"product_cat":[3913,3915,3787,4046],"product_tag":[],"class_list":{"0":"post-141449","1":"product","2":"type-product","3":"status-publish","4":"has-post-thumbnail","6":"product_cat-habanero","7":"product_cat-jalapeno","8":"product_cat-scharfe-sossen","9":"product_cat-spicy","11":"first","12":"instock","13":"taxable","14":"shipping-taxable","15":"purchasable","16":"product-type-simple"},"bundled_by":[],"bundle_stock_status":"instock","bundle_stock_quantity":79,"bundle_virtual":false,"bundle_layout":"","bundle_add_to_cart_form_location":"","bundle_editable_in_cart":false,"bundle_sold_individually_context":"","bundle_item_grouping":"","bundle_min_size":"","bundle_max_size":"","bundle_price":[],"bundled_items":[],"bundle_sell_ids":[],"acf":[],"yoast_head":"<!-- This site is optimized with the Yoast SEO Premium plugin v27.4 (Yoast SEO v27.4) - https:\/\/yoast.com\/product\/yoast-seo-premium-wordpress\/ -->\n<title>Melinda&#039;s Jalape\u00f1o, Spinach &amp; Cilantro Hot Sauce - Heatsupply<\/title>\n<meta name=\"description\" content=\"Diese Melinda&#039;s Green Sauce wird mit gr\u00fcnen Tomaten, Jalape\u00f1os, Spinat, Koriander und Knoblauch hergestellt. K\u00f6stlich, sauer, pikant und sehr vielseitig!\" \/>\n<meta name=\"robots\" content=\"index, follow, max-snippet:-1, max-image-preview:large, max-video-preview:-1\" \/>\n<link rel=\"canonical\" href=\"https:\/\/www.heatsupply.nl\/de\/produkt\/melindas-jalapeno-spinach-cilantro-hot-sauce\/\" \/>\n<meta property=\"og:locale\" content=\"de_DE\" \/>\n<meta property=\"og:type\" content=\"article\" \/>\n<meta property=\"og:title\" content=\"Melinda&#039;s Jalape\u00f1o, Spinach &amp; Cilantro Hot Sauce\" \/>\n<meta property=\"og:description\" content=\"Diese Melinda&#039;s Green Sauce wird mit gr\u00fcnen Tomaten, Jalape\u00f1os, Spinat, Koriander und Knoblauch hergestellt. K\u00f6stlich, sauer, pikant und sehr vielseitig!\" \/>\n<meta property=\"og:url\" content=\"https:\/\/www.heatsupply.nl\/de\/produkt\/melindas-jalapeno-spinach-cilantro-hot-sauce\/\" \/>\n<meta property=\"og:site_name\" content=\"Heatsupply\" \/>\n<meta property=\"article:publisher\" content=\"https:\/\/www.facebook.com\/heatsupplyNL\" \/>\n<meta property=\"article:modified_time\" content=\"2026-04-26T10:35:54+00:00\" \/>\n<meta property=\"og:image\" content=\"https:\/\/www.heatsupply.nl\/wp-content\/uploads\/2023\/02\/melindas-green-hot-sauce-e1676982746334.jpg\" \/>\n\t<meta property=\"og:image:width\" content=\"1389\" \/>\n\t<meta property=\"og:image:height\" content=\"1396\" \/>\n\t<meta property=\"og:image:type\" content=\"image\/jpeg\" \/>\n<meta name=\"twitter:card\" content=\"summary_large_image\" \/>\n<meta name=\"twitter:label1\" content=\"Preis\" \/>\n\t<meta name=\"twitter:data1\" content=\"&euro;6,95\" \/>\n\t<meta name=\"twitter:label2\" content=\"Verf\u00fcgbarkeit\" \/>\n\t<meta name=\"twitter:data2\" content=\"Auf Lager\" \/>\n<script type=\"application\/ld+json\" class=\"yoast-schema-graph\">{\"@context\":\"https:\\\/\\\/schema.org\",\"@graph\":[{\"@type\":\"WebPage\",\"@id\":\"https:\\\/\\\/www.heatsupply.nl\\\/de\\\/produkt\\\/melindas-jalapeno-spinach-cilantro-hot-sauce\\\/\",\"url\":\"https:\\\/\\\/www.heatsupply.nl\\\/de\\\/produkt\\\/melindas-jalapeno-spinach-cilantro-hot-sauce\\\/\",\"name\":\"Melinda's Jalape\u00f1o, Spinach &amp; Cilantro Hot Sauce - Heatsupply\",\"isPartOf\":{\"@id\":\"https:\\\/\\\/www.heatsupply.nl\\\/de\\\/#website\"},\"primaryImageOfPage\":{\"@id\":\"https:\\\/\\\/www.heatsupply.nl\\\/de\\\/produkt\\\/melindas-jalapeno-spinach-cilantro-hot-sauce\\\/#primaryimage\"},\"image\":{\"@id\":\"https:\\\/\\\/www.heatsupply.nl\\\/de\\\/produkt\\\/melindas-jalapeno-spinach-cilantro-hot-sauce\\\/#primaryimage\"},\"thumbnailUrl\":\"https:\\\/\\\/www.heatsupply.nl\\\/wp-content\\\/uploads\\\/2023\\\/02\\\/melindas-green-hot-sauce-e1676982746334.jpg\",\"datePublished\":\"2023-02-21T10:34:14+00:00\",\"dateModified\":\"2026-04-26T10:35:54+00:00\",\"description\":\"Diese Melinda's Green Sauce wird mit gr\u00fcnen Tomaten, Jalape\u00f1os, Spinat, Koriander und Knoblauch hergestellt. K\u00f6stlich, sauer, pikant und sehr vielseitig!\",\"breadcrumb\":{\"@id\":\"https:\\\/\\\/www.heatsupply.nl\\\/de\\\/produkt\\\/melindas-jalapeno-spinach-cilantro-hot-sauce\\\/#breadcrumb\"},\"inLanguage\":\"de\",\"potentialAction\":[{\"@type\":\"ReadAction\",\"target\":[\"https:\\\/\\\/www.heatsupply.nl\\\/de\\\/produkt\\\/melindas-jalapeno-spinach-cilantro-hot-sauce\\\/\"]}]},{\"@type\":\"ImageObject\",\"inLanguage\":\"de\",\"@id\":\"https:\\\/\\\/www.heatsupply.nl\\\/de\\\/produkt\\\/melindas-jalapeno-spinach-cilantro-hot-sauce\\\/#primaryimage\",\"url\":\"https:\\\/\\\/www.heatsupply.nl\\\/wp-content\\\/uploads\\\/2023\\\/02\\\/melindas-green-hot-sauce-e1676982746334.jpg\",\"contentUrl\":\"https:\\\/\\\/www.heatsupply.nl\\\/wp-content\\\/uploads\\\/2023\\\/02\\\/melindas-green-hot-sauce-e1676982746334.jpg\",\"width\":1389,\"height\":1396},{\"@type\":\"BreadcrumbList\",\"@id\":\"https:\\\/\\\/www.heatsupply.nl\\\/de\\\/produkt\\\/melindas-jalapeno-spinach-cilantro-hot-sauce\\\/#breadcrumb\",\"itemListElement\":[{\"@type\":\"ListItem\",\"position\":1,\"name\":\"Home\",\"item\":\"https:\\\/\\\/www.heatsupply.nl\\\/de\\\/\"},{\"@type\":\"ListItem\",\"position\":2,\"name\":\"Alle produkten\",\"item\":\"https:\\\/\\\/www.heatsupply.nl\\\/de\\\/alle-produkten\\\/\"},{\"@type\":\"ListItem\",\"position\":3,\"name\":\"Scharfe So\u00dfen\",\"item\":\"https:\\\/\\\/www.heatsupply.nl\\\/de\\\/scharfe-sossen\\\/\"},{\"@type\":\"ListItem\",\"position\":4,\"name\":\"Melinda&#8217;s Jalape\u00f1o, Spinach &amp; Cilantro Hot Sauce\"}]},{\"@type\":\"WebSite\",\"@id\":\"https:\\\/\\\/www.heatsupply.nl\\\/de\\\/#website\",\"url\":\"https:\\\/\\\/www.heatsupply.nl\\\/de\\\/\",\"name\":\"Heatsupply\",\"description\":\"Hot sauce webstore #1 in Europe\",\"publisher\":{\"@id\":\"https:\\\/\\\/www.heatsupply.nl\\\/de\\\/#organization\"},\"potentialAction\":[{\"@type\":\"SearchAction\",\"target\":{\"@type\":\"EntryPoint\",\"urlTemplate\":\"https:\\\/\\\/www.heatsupply.nl\\\/de\\\/?s={search_term_string}\"},\"query-input\":{\"@type\":\"PropertyValueSpecification\",\"valueRequired\":true,\"valueName\":\"search_term_string\"}}],\"inLanguage\":\"de\"},{\"@type\":\"Organization\",\"@id\":\"https:\\\/\\\/www.heatsupply.nl\\\/de\\\/#organization\",\"name\":\"Heatsupply\",\"url\":\"https:\\\/\\\/www.heatsupply.nl\\\/de\\\/\",\"logo\":{\"@type\":\"ImageObject\",\"inLanguage\":\"de\",\"@id\":\"https:\\\/\\\/www.heatsupply.nl\\\/de\\\/#\\\/schema\\\/logo\\\/image\\\/\",\"url\":\"https:\\\/\\\/www.heatsupply.nl\\\/wp-content\\\/uploads\\\/2022\\\/10\\\/heatsupply-logo-rood.jpg\",\"contentUrl\":\"https:\\\/\\\/www.heatsupply.nl\\\/wp-content\\\/uploads\\\/2022\\\/10\\\/heatsupply-logo-rood.jpg\",\"width\":1000,\"height\":335,\"caption\":\"Heatsupply\"},\"image\":{\"@id\":\"https:\\\/\\\/www.heatsupply.nl\\\/de\\\/#\\\/schema\\\/logo\\\/image\\\/\"},\"sameAs\":[\"https:\\\/\\\/www.facebook.com\\\/heatsupplyNL\",\"https:\\\/\\\/www.instagram.com\\\/heatsuppy.nl\",\"https:\\\/\\\/www.youtube.com\\\/channel\\\/UC5pOWqQtljvxTz2SMWGWCsw\"]}]}<\/script>\n<meta property=\"product:brand\" content=\"Melinda&#039;s\" \/>\n<meta property=\"product:price:amount\" content=\"6.95\" \/>\n<meta property=\"product:price:currency\" content=\"EUR\" \/>\n<meta property=\"og:availability\" content=\"instock\" \/>\n<meta property=\"product:availability\" content=\"instock\" \/>\n<meta property=\"product:retailer_item_id\" content=\"MJSCHS002\" \/>\n<meta property=\"product:condition\" content=\"new\" \/>\n<!-- \/ Yoast SEO Premium plugin. -->","yoast_head_json":{"title":"Melinda's Jalape\u00f1o, Spinach &amp; Cilantro Hot Sauce - Heatsupply","description":"Diese Melinda's Green Sauce wird mit gr\u00fcnen Tomaten, Jalape\u00f1os, Spinat, Koriander und Knoblauch hergestellt. K\u00f6stlich, sauer, pikant und sehr vielseitig!","robots":{"index":"index","follow":"follow","max-snippet":"max-snippet:-1","max-image-preview":"max-image-preview:large","max-video-preview":"max-video-preview:-1"},"canonical":"https:\/\/www.heatsupply.nl\/de\/produkt\/melindas-jalapeno-spinach-cilantro-hot-sauce\/","og_locale":"de_DE","og_type":"article","og_title":"Melinda's Jalape\u00f1o, Spinach &amp; Cilantro Hot Sauce","og_description":"Diese Melinda's Green Sauce wird mit gr\u00fcnen Tomaten, Jalape\u00f1os, Spinat, Koriander und Knoblauch hergestellt. K\u00f6stlich, sauer, pikant und sehr vielseitig!","og_url":"https:\/\/www.heatsupply.nl\/de\/produkt\/melindas-jalapeno-spinach-cilantro-hot-sauce\/","og_site_name":"Heatsupply","article_publisher":"https:\/\/www.facebook.com\/heatsupplyNL","article_modified_time":"2026-04-26T10:35:54+00:00","og_image":[{"width":1389,"height":1396,"url":"https:\/\/www.heatsupply.nl\/wp-content\/uploads\/2023\/02\/melindas-green-hot-sauce-e1676982746334.jpg","type":"image\/jpeg"}],"twitter_card":"summary_large_image","twitter_misc":{"Preis":"&euro;6,95","Verf\u00fcgbarkeit":"Auf Lager"},"schema":{"@context":"https:\/\/schema.org","@graph":[{"@type":"WebPage","@id":"https:\/\/www.heatsupply.nl\/de\/produkt\/melindas-jalapeno-spinach-cilantro-hot-sauce\/","url":"https:\/\/www.heatsupply.nl\/de\/produkt\/melindas-jalapeno-spinach-cilantro-hot-sauce\/","name":"Melinda's Jalape\u00f1o, Spinach &amp; Cilantro Hot Sauce - Heatsupply","isPartOf":{"@id":"https:\/\/www.heatsupply.nl\/de\/#website"},"primaryImageOfPage":{"@id":"https:\/\/www.heatsupply.nl\/de\/produkt\/melindas-jalapeno-spinach-cilantro-hot-sauce\/#primaryimage"},"image":{"@id":"https:\/\/www.heatsupply.nl\/de\/produkt\/melindas-jalapeno-spinach-cilantro-hot-sauce\/#primaryimage"},"thumbnailUrl":"https:\/\/www.heatsupply.nl\/wp-content\/uploads\/2023\/02\/melindas-green-hot-sauce-e1676982746334.jpg","datePublished":"2023-02-21T10:34:14+00:00","dateModified":"2026-04-26T10:35:54+00:00","description":"Diese Melinda's Green Sauce wird mit gr\u00fcnen Tomaten, Jalape\u00f1os, Spinat, Koriander und Knoblauch hergestellt. K\u00f6stlich, sauer, pikant und sehr vielseitig!","breadcrumb":{"@id":"https:\/\/www.heatsupply.nl\/de\/produkt\/melindas-jalapeno-spinach-cilantro-hot-sauce\/#breadcrumb"},"inLanguage":"de","potentialAction":[{"@type":"ReadAction","target":["https:\/\/www.heatsupply.nl\/de\/produkt\/melindas-jalapeno-spinach-cilantro-hot-sauce\/"]}]},{"@type":"ImageObject","inLanguage":"de","@id":"https:\/\/www.heatsupply.nl\/de\/produkt\/melindas-jalapeno-spinach-cilantro-hot-sauce\/#primaryimage","url":"https:\/\/www.heatsupply.nl\/wp-content\/uploads\/2023\/02\/melindas-green-hot-sauce-e1676982746334.jpg","contentUrl":"https:\/\/www.heatsupply.nl\/wp-content\/uploads\/2023\/02\/melindas-green-hot-sauce-e1676982746334.jpg","width":1389,"height":1396},{"@type":"BreadcrumbList","@id":"https:\/\/www.heatsupply.nl\/de\/produkt\/melindas-jalapeno-spinach-cilantro-hot-sauce\/#breadcrumb","itemListElement":[{"@type":"ListItem","position":1,"name":"Home","item":"https:\/\/www.heatsupply.nl\/de\/"},{"@type":"ListItem","position":2,"name":"Alle produkten","item":"https:\/\/www.heatsupply.nl\/de\/alle-produkten\/"},{"@type":"ListItem","position":3,"name":"Scharfe So\u00dfen","item":"https:\/\/www.heatsupply.nl\/de\/scharfe-sossen\/"},{"@type":"ListItem","position":4,"name":"Melinda&#8217;s Jalape\u00f1o, Spinach &amp; Cilantro Hot Sauce"}]},{"@type":"WebSite","@id":"https:\/\/www.heatsupply.nl\/de\/#website","url":"https:\/\/www.heatsupply.nl\/de\/","name":"Heatsupply","description":"Hot sauce webstore #1 in Europe","publisher":{"@id":"https:\/\/www.heatsupply.nl\/de\/#organization"},"potentialAction":[{"@type":"SearchAction","target":{"@type":"EntryPoint","urlTemplate":"https:\/\/www.heatsupply.nl\/de\/?s={search_term_string}"},"query-input":{"@type":"PropertyValueSpecification","valueRequired":true,"valueName":"search_term_string"}}],"inLanguage":"de"},{"@type":"Organization","@id":"https:\/\/www.heatsupply.nl\/de\/#organization","name":"Heatsupply","url":"https:\/\/www.heatsupply.nl\/de\/","logo":{"@type":"ImageObject","inLanguage":"de","@id":"https:\/\/www.heatsupply.nl\/de\/#\/schema\/logo\/image\/","url":"https:\/\/www.heatsupply.nl\/wp-content\/uploads\/2022\/10\/heatsupply-logo-rood.jpg","contentUrl":"https:\/\/www.heatsupply.nl\/wp-content\/uploads\/2022\/10\/heatsupply-logo-rood.jpg","width":1000,"height":335,"caption":"Heatsupply"},"image":{"@id":"https:\/\/www.heatsupply.nl\/de\/#\/schema\/logo\/image\/"},"sameAs":["https:\/\/www.facebook.com\/heatsupplyNL","https:\/\/www.instagram.com\/heatsuppy.nl","https:\/\/www.youtube.com\/channel\/UC5pOWqQtljvxTz2SMWGWCsw"]}]},"product_brand":"Melinda&#039;s","product_price_amount":"6.95","product_price_currency":"EUR","og_availability":"instock","product_availability":"instock","product_retailer_item_id":"MJSCHS002","product_condition":"new"},"_links":{"self":[{"href":"https:\/\/www.heatsupply.nl\/de\/wp-json\/wp\/v2\/product\/141449","targetHints":{"allow":["GET"]}}],"collection":[{"href":"https:\/\/www.heatsupply.nl\/de\/wp-json\/wp\/v2\/product"}],"about":[{"href":"https:\/\/www.heatsupply.nl\/de\/wp-json\/wp\/v2\/types\/product"}],"replies":[{"embeddable":true,"href":"https:\/\/www.heatsupply.nl\/de\/wp-json\/wp\/v2\/comments?post=141449"}],"wp:featuredmedia":[{"embeddable":true,"href":"https:\/\/www.heatsupply.nl\/de\/wp-json\/wp\/v2\/media\/141450"}],"wp:attachment":[{"href":"https:\/\/www.heatsupply.nl\/de\/wp-json\/wp\/v2\/media?parent=141449"}],"wp:term":[{"taxonomy":"product_brand","embeddable":true,"href":"https:\/\/www.heatsupply.nl\/de\/wp-json\/wp\/v2\/product_brand?post=141449"},{"taxonomy":"product_cat","embeddable":true,"href":"https:\/\/www.heatsupply.nl\/de\/wp-json\/wp\/v2\/product_cat?post=141449"},{"taxonomy":"product_tag","embeddable":true,"href":"https:\/\/www.heatsupply.nl\/de\/wp-json\/wp\/v2\/product_tag?post=141449"}],"curies":[{"name":"wp","href":"https:\/\/api.w.org\/{rel}","templated":true}]}}