{"id":141447,"date":"2023-02-15T13:27:44","date_gmt":"2023-02-15T12:27:44","guid":{"rendered":"https:\/\/www.heatsupply.nl\/product\/piko-peppers-piko-riko-hot-sauce-2\/"},"modified":"2026-05-15T11:29:12","modified_gmt":"2026-05-15T09:29:12","slug":"piko-peppers-piko-riko-hot-sauce","status":"publish","type":"product","link":"https:\/\/www.heatsupply.nl\/de\/produkt\/piko-peppers-piko-riko-hot-sauce\/","title":{"rendered":"Piko Peppers Piko Riko Hot Sauce"},"content":{"rendered":"<p><strong>Zutaten Piko Peppers Piko Riko Hot Sauce:<\/strong> Paprika, Zwiebeln, Essig, Zitronensaft, Knoblauch, Rohrzucker, Raps\u00f6l, Meersalz, Habanero-Paprika, Cayenne-Paprika, Gew\u00fcrze, Bier (Wasser, Hirse, Mais, Demerara-Zucker, Hopfen, Hefe).<\/p>\n<p>Diese hot sauce ist auch aus der YouTube-Sendung <a href=\"https:\/\/www.heatsupply.nl\/de\/scharfe-saucen\/hot-ones-saucen\/\"><strong>Hot Ones<\/strong><\/a> bekannt. In Staffel 19 war diese Sauce auf Platz 3 von 10 Hot Wings.<\/p>\n<p><span style=\"text-decoration: underline;\">N\u00e4hrwertangaben pro 100gr:<\/span><br \/>\nEnergie: 170 kcal<br \/>\nFett: 9 Gramm<br \/>\ndavon ges\u00e4ttigte Fette: 0,5 g<br \/>\nKohlenhydrate: 18 g<br \/>\ndavon Zucker: 9 g<br \/>\nEiwei\u00df: 2 g<br \/>\nNatrium: 0,89 g<\/p>\n<p>Vor dem Gebrauch sch\u00fctteln. Nach dem \u00d6ffnen im K\u00fchlschrank aufbewahren.<\/p>\n","protected":false},"excerpt":{"rendered":"<p><span style=\"font-weight: 500;\">Dies ist die Piko Peppers Piko Riko hot sauce, und bevor wir unsere Geschichte dar\u00fcber schreiben, wollen wir den Hot Ones-Moderator Sean Evans zitieren. Er sagte n\u00e4mlich Folgendes \u00fcber Piko Riko: &#8222;Ich mache nicht gerne Komplimente, aber als ich diese Sauce probiert habe, dachte ich sofort: Das ist eine der 5 besten, die ich je probiert habe!&#8220; Und das von jemandem, der Hunderte von verschiedenen Hot Sauces probiert hat. Es ist auch einfach eine schrecklich leckere scharfe Sauce im Piri-Piri-Stil mit Paprika, Zwiebeln, viel Knoblauch, Habaneros, Cayenne-Chilis und sogar Bier. Geruchlich und geschmacklich erinnert sie fast an Pizza in der Flasche, und so wird es dich nicht \u00fcberraschen, dass diese Hot Sauce hervorragend zu Pizza und Pasta, aber auch zu H\u00fchnchen, Tacos und vielem mehr passt.<\/span><\/p>\n<p><span style=\"font-weight: 500;\">Herkunft: Montreal, Kanada<\/span><\/p>\n<p><span style=\"font-weight: 500;\">Inhalt: 148 ml<\/span><\/p>\n","protected":false},"featured_media":141448,"comment_status":"open","ping_status":"closed","template":"","meta":{"_acf_changed":false},"product_brand":[],"product_cat":[3913,3789,3933,3787,4046],"product_tag":[],"class_list":{"0":"post-141447","1":"product","2":"type-product","3":"status-publish","4":"has-post-thumbnail","6":"product_cat-habanero","7":"product_cat-hot-ones-saucen","8":"product_cat-piri-piri","9":"product_cat-scharfe-sossen","10":"product_cat-spicy","12":"first","13":"instock","14":"taxable","15":"shipping-taxable","16":"purchasable","17":"product-type-simple"},"bundled_by":["141998"],"bundle_stock_status":"instock","bundle_stock_quantity":317,"bundle_virtual":false,"bundle_layout":"","bundle_add_to_cart_form_location":"","bundle_editable_in_cart":false,"bundle_sold_individually_context":"","bundle_item_grouping":"","bundle_min_size":"","bundle_max_size":"","bundle_price":[],"bundled_items":[],"bundle_sell_ids":[],"acf":[],"yoast_head":"<!-- This site is optimized with the Yoast SEO Premium plugin v27.5 (Yoast SEO v27.5) - https:\/\/yoast.com\/product\/yoast-seo-premium-wordpress\/ -->\n<title>Piko Peppers Piko Riko Hot Sauce - Heatsupply<\/title>\n<meta name=\"description\" content=\"Die Piko Peppers Piko Riko Hot Sauce ist bekannt aus Hot Ones &amp; Moderator Sean Evans nennt sie sogar eine der 5 besten Saucen, die er je gegessen hat.\" \/>\n<meta name=\"robots\" content=\"index, follow, max-snippet:-1, max-image-preview:large, max-video-preview:-1\" \/>\n<link rel=\"canonical\" href=\"https:\/\/www.heatsupply.nl\/de\/produkt\/piko-peppers-piko-riko-hot-sauce\/\" \/>\n<meta property=\"og:locale\" content=\"de_DE\" \/>\n<meta property=\"og:type\" content=\"article\" \/>\n<meta property=\"og:title\" content=\"Piko Peppers Piko Riko Hot Sauce\" \/>\n<meta property=\"og:description\" content=\"Die Piko Peppers Piko Riko Hot Sauce ist bekannt aus Hot Ones &amp; Moderator Sean Evans nennt sie sogar eine der 5 besten Saucen, die er je gegessen hat.\" \/>\n<meta property=\"og:url\" content=\"https:\/\/www.heatsupply.nl\/de\/produkt\/piko-peppers-piko-riko-hot-sauce\/\" \/>\n<meta property=\"og:site_name\" content=\"Heatsupply\" \/>\n<meta property=\"article:publisher\" content=\"https:\/\/www.facebook.com\/heatsupplyNL\" \/>\n<meta property=\"article:modified_time\" content=\"2026-05-15T09:29:12+00:00\" \/>\n<meta property=\"og:image\" content=\"https:\/\/www.heatsupply.nl\/wp-content\/uploads\/2023\/02\/piko-riko-hot-sauce.jpg\" \/>\n\t<meta property=\"og:image:width\" content=\"1400\" \/>\n\t<meta property=\"og:image:height\" content=\"1400\" \/>\n\t<meta property=\"og:image:type\" content=\"image\/jpeg\" \/>\n<meta name=\"twitter:card\" content=\"summary_large_image\" \/>\n<meta name=\"twitter:label1\" content=\"Preis\" \/>\n\t<meta name=\"twitter:data1\" content=\"&euro;10,95\" \/>\n\t<meta name=\"twitter:label2\" content=\"Verf\u00fcgbarkeit\" \/>\n\t<meta name=\"twitter:data2\" content=\"Auf Lager\" \/>\n<script type=\"application\/ld+json\" class=\"yoast-schema-graph\">{\"@context\":\"https:\\\/\\\/schema.org\",\"@graph\":[{\"@type\":\"WebPage\",\"@id\":\"https:\\\/\\\/www.heatsupply.nl\\\/de\\\/produkt\\\/piko-peppers-piko-riko-hot-sauce\\\/\",\"url\":\"https:\\\/\\\/www.heatsupply.nl\\\/de\\\/produkt\\\/piko-peppers-piko-riko-hot-sauce\\\/\",\"name\":\"Piko Peppers Piko Riko Hot Sauce - Heatsupply\",\"isPartOf\":{\"@id\":\"https:\\\/\\\/www.heatsupply.nl\\\/de\\\/#website\"},\"primaryImageOfPage\":{\"@id\":\"https:\\\/\\\/www.heatsupply.nl\\\/de\\\/produkt\\\/piko-peppers-piko-riko-hot-sauce\\\/#primaryimage\"},\"image\":{\"@id\":\"https:\\\/\\\/www.heatsupply.nl\\\/de\\\/produkt\\\/piko-peppers-piko-riko-hot-sauce\\\/#primaryimage\"},\"thumbnailUrl\":\"https:\\\/\\\/www.heatsupply.nl\\\/wp-content\\\/uploads\\\/2023\\\/02\\\/piko-riko-hot-sauce.jpg\",\"datePublished\":\"2023-02-15T12:27:44+00:00\",\"dateModified\":\"2026-05-15T09:29:12+00:00\",\"description\":\"Die Piko Peppers Piko Riko Hot Sauce ist bekannt aus Hot Ones & Moderator Sean Evans nennt sie sogar eine der 5 besten Saucen, die er je gegessen hat.\",\"breadcrumb\":{\"@id\":\"https:\\\/\\\/www.heatsupply.nl\\\/de\\\/produkt\\\/piko-peppers-piko-riko-hot-sauce\\\/#breadcrumb\"},\"inLanguage\":\"de\",\"potentialAction\":[{\"@type\":\"ReadAction\",\"target\":[\"https:\\\/\\\/www.heatsupply.nl\\\/de\\\/produkt\\\/piko-peppers-piko-riko-hot-sauce\\\/\"]}]},{\"@type\":\"ImageObject\",\"inLanguage\":\"de\",\"@id\":\"https:\\\/\\\/www.heatsupply.nl\\\/de\\\/produkt\\\/piko-peppers-piko-riko-hot-sauce\\\/#primaryimage\",\"url\":\"https:\\\/\\\/www.heatsupply.nl\\\/wp-content\\\/uploads\\\/2023\\\/02\\\/piko-riko-hot-sauce.jpg\",\"contentUrl\":\"https:\\\/\\\/www.heatsupply.nl\\\/wp-content\\\/uploads\\\/2023\\\/02\\\/piko-riko-hot-sauce.jpg\",\"width\":1400,\"height\":1400},{\"@type\":\"BreadcrumbList\",\"@id\":\"https:\\\/\\\/www.heatsupply.nl\\\/de\\\/produkt\\\/piko-peppers-piko-riko-hot-sauce\\\/#breadcrumb\",\"itemListElement\":[{\"@type\":\"ListItem\",\"position\":1,\"name\":\"Home\",\"item\":\"https:\\\/\\\/www.heatsupply.nl\\\/de\\\/\"},{\"@type\":\"ListItem\",\"position\":2,\"name\":\"Alle produkten\",\"item\":\"https:\\\/\\\/www.heatsupply.nl\\\/de\\\/alle-produkten\\\/\"},{\"@type\":\"ListItem\",\"position\":3,\"name\":\"Scharfe So\u00dfen\",\"item\":\"https:\\\/\\\/www.heatsupply.nl\\\/de\\\/scharfe-sossen\\\/\"},{\"@type\":\"ListItem\",\"position\":4,\"name\":\"Habanero\",\"item\":\"https:\\\/\\\/www.heatsupply.nl\\\/de\\\/scharfe-sossen\\\/habanero\\\/\"},{\"@type\":\"ListItem\",\"position\":5,\"name\":\"Piko Peppers Piko Riko Hot Sauce\"}]},{\"@type\":\"WebSite\",\"@id\":\"https:\\\/\\\/www.heatsupply.nl\\\/de\\\/#website\",\"url\":\"https:\\\/\\\/www.heatsupply.nl\\\/de\\\/\",\"name\":\"Heatsupply\",\"description\":\"Hot sauce webstore #1 in Europe\",\"publisher\":{\"@id\":\"https:\\\/\\\/www.heatsupply.nl\\\/de\\\/#organization\"},\"potentialAction\":[{\"@type\":\"SearchAction\",\"target\":{\"@type\":\"EntryPoint\",\"urlTemplate\":\"https:\\\/\\\/www.heatsupply.nl\\\/de\\\/?s={search_term_string}\"},\"query-input\":{\"@type\":\"PropertyValueSpecification\",\"valueRequired\":true,\"valueName\":\"search_term_string\"}}],\"inLanguage\":\"de\"},{\"@type\":\"Organization\",\"@id\":\"https:\\\/\\\/www.heatsupply.nl\\\/de\\\/#organization\",\"name\":\"Heatsupply\",\"url\":\"https:\\\/\\\/www.heatsupply.nl\\\/de\\\/\",\"logo\":{\"@type\":\"ImageObject\",\"inLanguage\":\"de\",\"@id\":\"https:\\\/\\\/www.heatsupply.nl\\\/de\\\/#\\\/schema\\\/logo\\\/image\\\/\",\"url\":\"https:\\\/\\\/www.heatsupply.nl\\\/wp-content\\\/uploads\\\/2022\\\/10\\\/heatsupply-logo-rood.jpg\",\"contentUrl\":\"https:\\\/\\\/www.heatsupply.nl\\\/wp-content\\\/uploads\\\/2022\\\/10\\\/heatsupply-logo-rood.jpg\",\"width\":1000,\"height\":335,\"caption\":\"Heatsupply\"},\"image\":{\"@id\":\"https:\\\/\\\/www.heatsupply.nl\\\/de\\\/#\\\/schema\\\/logo\\\/image\\\/\"},\"sameAs\":[\"https:\\\/\\\/www.facebook.com\\\/heatsupplyNL\",\"https:\\\/\\\/www.instagram.com\\\/heatsuppy.nl\",\"https:\\\/\\\/www.youtube.com\\\/channel\\\/UC5pOWqQtljvxTz2SMWGWCsw\"]}]}<\/script>\n<meta property=\"product:brand\" content=\"Piko Peppers\" \/>\n<meta property=\"product:price:amount\" content=\"10.95\" \/>\n<meta property=\"product:price:currency\" content=\"EUR\" \/>\n<meta property=\"og:availability\" content=\"instock\" \/>\n<meta property=\"product:availability\" content=\"instock\" \/>\n<meta property=\"product:retailer_item_id\" content=\"PPPRHS002\" \/>\n<meta property=\"product:condition\" content=\"new\" \/>\n<!-- \/ Yoast SEO Premium plugin. -->","yoast_head_json":{"title":"Piko Peppers Piko Riko Hot Sauce - Heatsupply","description":"Die Piko Peppers Piko Riko Hot Sauce ist bekannt aus Hot Ones & Moderator Sean Evans nennt sie sogar eine der 5 besten Saucen, die er je gegessen hat.","robots":{"index":"index","follow":"follow","max-snippet":"max-snippet:-1","max-image-preview":"max-image-preview:large","max-video-preview":"max-video-preview:-1"},"canonical":"https:\/\/www.heatsupply.nl\/de\/produkt\/piko-peppers-piko-riko-hot-sauce\/","og_locale":"de_DE","og_type":"article","og_title":"Piko Peppers Piko Riko Hot Sauce","og_description":"Die Piko Peppers Piko Riko Hot Sauce ist bekannt aus Hot Ones & Moderator Sean Evans nennt sie sogar eine der 5 besten Saucen, die er je gegessen hat.","og_url":"https:\/\/www.heatsupply.nl\/de\/produkt\/piko-peppers-piko-riko-hot-sauce\/","og_site_name":"Heatsupply","article_publisher":"https:\/\/www.facebook.com\/heatsupplyNL","article_modified_time":"2026-05-15T09:29:12+00:00","og_image":[{"width":1400,"height":1400,"url":"https:\/\/www.heatsupply.nl\/wp-content\/uploads\/2023\/02\/piko-riko-hot-sauce.jpg","type":"image\/jpeg"}],"twitter_card":"summary_large_image","twitter_misc":{"Preis":"&euro;10,95","Verf\u00fcgbarkeit":"Auf Lager"},"schema":{"@context":"https:\/\/schema.org","@graph":[{"@type":"WebPage","@id":"https:\/\/www.heatsupply.nl\/de\/produkt\/piko-peppers-piko-riko-hot-sauce\/","url":"https:\/\/www.heatsupply.nl\/de\/produkt\/piko-peppers-piko-riko-hot-sauce\/","name":"Piko Peppers Piko Riko Hot Sauce - Heatsupply","isPartOf":{"@id":"https:\/\/www.heatsupply.nl\/de\/#website"},"primaryImageOfPage":{"@id":"https:\/\/www.heatsupply.nl\/de\/produkt\/piko-peppers-piko-riko-hot-sauce\/#primaryimage"},"image":{"@id":"https:\/\/www.heatsupply.nl\/de\/produkt\/piko-peppers-piko-riko-hot-sauce\/#primaryimage"},"thumbnailUrl":"https:\/\/www.heatsupply.nl\/wp-content\/uploads\/2023\/02\/piko-riko-hot-sauce.jpg","datePublished":"2023-02-15T12:27:44+00:00","dateModified":"2026-05-15T09:29:12+00:00","description":"Die Piko Peppers Piko Riko Hot Sauce ist bekannt aus Hot Ones & Moderator Sean Evans nennt sie sogar eine der 5 besten Saucen, die er je gegessen hat.","breadcrumb":{"@id":"https:\/\/www.heatsupply.nl\/de\/produkt\/piko-peppers-piko-riko-hot-sauce\/#breadcrumb"},"inLanguage":"de","potentialAction":[{"@type":"ReadAction","target":["https:\/\/www.heatsupply.nl\/de\/produkt\/piko-peppers-piko-riko-hot-sauce\/"]}]},{"@type":"ImageObject","inLanguage":"de","@id":"https:\/\/www.heatsupply.nl\/de\/produkt\/piko-peppers-piko-riko-hot-sauce\/#primaryimage","url":"https:\/\/www.heatsupply.nl\/wp-content\/uploads\/2023\/02\/piko-riko-hot-sauce.jpg","contentUrl":"https:\/\/www.heatsupply.nl\/wp-content\/uploads\/2023\/02\/piko-riko-hot-sauce.jpg","width":1400,"height":1400},{"@type":"BreadcrumbList","@id":"https:\/\/www.heatsupply.nl\/de\/produkt\/piko-peppers-piko-riko-hot-sauce\/#breadcrumb","itemListElement":[{"@type":"ListItem","position":1,"name":"Home","item":"https:\/\/www.heatsupply.nl\/de\/"},{"@type":"ListItem","position":2,"name":"Alle produkten","item":"https:\/\/www.heatsupply.nl\/de\/alle-produkten\/"},{"@type":"ListItem","position":3,"name":"Scharfe So\u00dfen","item":"https:\/\/www.heatsupply.nl\/de\/scharfe-sossen\/"},{"@type":"ListItem","position":4,"name":"Habanero","item":"https:\/\/www.heatsupply.nl\/de\/scharfe-sossen\/habanero\/"},{"@type":"ListItem","position":5,"name":"Piko Peppers Piko Riko Hot Sauce"}]},{"@type":"WebSite","@id":"https:\/\/www.heatsupply.nl\/de\/#website","url":"https:\/\/www.heatsupply.nl\/de\/","name":"Heatsupply","description":"Hot sauce webstore #1 in Europe","publisher":{"@id":"https:\/\/www.heatsupply.nl\/de\/#organization"},"potentialAction":[{"@type":"SearchAction","target":{"@type":"EntryPoint","urlTemplate":"https:\/\/www.heatsupply.nl\/de\/?s={search_term_string}"},"query-input":{"@type":"PropertyValueSpecification","valueRequired":true,"valueName":"search_term_string"}}],"inLanguage":"de"},{"@type":"Organization","@id":"https:\/\/www.heatsupply.nl\/de\/#organization","name":"Heatsupply","url":"https:\/\/www.heatsupply.nl\/de\/","logo":{"@type":"ImageObject","inLanguage":"de","@id":"https:\/\/www.heatsupply.nl\/de\/#\/schema\/logo\/image\/","url":"https:\/\/www.heatsupply.nl\/wp-content\/uploads\/2022\/10\/heatsupply-logo-rood.jpg","contentUrl":"https:\/\/www.heatsupply.nl\/wp-content\/uploads\/2022\/10\/heatsupply-logo-rood.jpg","width":1000,"height":335,"caption":"Heatsupply"},"image":{"@id":"https:\/\/www.heatsupply.nl\/de\/#\/schema\/logo\/image\/"},"sameAs":["https:\/\/www.facebook.com\/heatsupplyNL","https:\/\/www.instagram.com\/heatsuppy.nl","https:\/\/www.youtube.com\/channel\/UC5pOWqQtljvxTz2SMWGWCsw"]}]},"product_brand":"Piko Peppers","product_price_amount":"10.95","product_price_currency":"EUR","og_availability":"instock","product_availability":"instock","product_retailer_item_id":"PPPRHS002","product_condition":"new"},"_links":{"self":[{"href":"https:\/\/www.heatsupply.nl\/de\/wp-json\/wp\/v2\/product\/141447","targetHints":{"allow":["GET"]}}],"collection":[{"href":"https:\/\/www.heatsupply.nl\/de\/wp-json\/wp\/v2\/product"}],"about":[{"href":"https:\/\/www.heatsupply.nl\/de\/wp-json\/wp\/v2\/types\/product"}],"replies":[{"embeddable":true,"href":"https:\/\/www.heatsupply.nl\/de\/wp-json\/wp\/v2\/comments?post=141447"}],"wp:featuredmedia":[{"embeddable":true,"href":"https:\/\/www.heatsupply.nl\/de\/wp-json\/wp\/v2\/media\/141448"}],"wp:attachment":[{"href":"https:\/\/www.heatsupply.nl\/de\/wp-json\/wp\/v2\/media?parent=141447"}],"wp:term":[{"taxonomy":"product_brand","embeddable":true,"href":"https:\/\/www.heatsupply.nl\/de\/wp-json\/wp\/v2\/product_brand?post=141447"},{"taxonomy":"product_cat","embeddable":true,"href":"https:\/\/www.heatsupply.nl\/de\/wp-json\/wp\/v2\/product_cat?post=141447"},{"taxonomy":"product_tag","embeddable":true,"href":"https:\/\/www.heatsupply.nl\/de\/wp-json\/wp\/v2\/product_tag?post=141447"}],"curies":[{"name":"wp","href":"https:\/\/api.w.org\/{rel}","templated":true}]}}