{"id":141401,"date":"2023-06-22T16:22:36","date_gmt":"2023-06-22T14:22:36","guid":{"rendered":"https:\/\/www.heatsupply.nl\/product\/hot-sauce-probepackung-bbq\/"},"modified":"2025-08-21T13:20:47","modified_gmt":"2025-08-21T11:20:47","slug":"hot-sauce-probepackung-bbq","status":"publish","type":"product","link":"https:\/\/www.heatsupply.nl\/de\/produkt\/hot-sauce-probepackung-bbq\/","title":{"rendered":"Hot Sauce Probepackung &#8211; BBQ"},"content":{"rendered":"<p>Weitere Informationen zu den scharfen Saucen in diesem Probierpaket finden Sie oben.<\/p>\n","protected":false},"excerpt":{"rendered":"<p><span style=\"font-weight: 500;\">Findest du auch, dass die Standard-Saucenauswahl zu jeder Grillparty zu langweilig ist? Mache deine n\u00e4chste Grillparty zu einem echten Fest mit dieser Auswahl an Hot Sauces, die perfekt zu deinen Lieblingsgrillgerichten passen. Egal, ob du die klassischen Fleischst\u00fccke lieben, lieber ein leckeres St\u00fcck Fisch auf den Grill legen oder vegetarisch grillen, bei dieser abwechslungsreichen Auswahl ist f\u00fcr jeden etwas dabei: rauchig-s\u00fc\u00dfe Saucen mit Chipotle (und Whiskey!), eine fruchtige Ananas-Hot-Sauce und nat\u00fcrlich eine scharfe Sauce mit viel Knoblauch. Superscharf sind sie nicht, also sind wir sicher, dass jeder sie genie\u00dfen kann. Bestelle die Probepackung der scharfen So\u00dfen &#8211; BBQ hier!<\/span><\/p>\n<p><span style=\"font-weight: 500;\">Weitere Informationen zu den 4 scharfen Saucen in dieser Packung findest du unten.<\/span><\/p>\n","protected":false},"featured_media":149966,"comment_status":"open","ping_status":"closed","template":"","meta":{"_acf_changed":false},"product_brand":[],"product_cat":[3886,3968,3965,4077,4069,4046,4073],"product_tag":[],"class_list":{"0":"post-141401","1":"product","2":"type-product","3":"status-publish","4":"has-post-thumbnail","6":"product_cat-bbq-saucen","7":"product_cat-geschenke","8":"product_cat-packs","9":"product_cat-packs-spicy","10":"product_cat-geschenksets","11":"product_cat-spicy","12":"product_cat-unter-50","14":"first","15":"instock","16":"sale","17":"virtual","18":"taxable","19":"purchasable","20":"product-type-bundle"},"bundled_by":[],"bundle_stock_status":"instock","bundle_stock_quantity":17,"bundle_virtual":false,"bundle_layout":"default","bundle_add_to_cart_form_location":"after_summary","bundle_editable_in_cart":false,"bundle_sold_individually_context":"product","bundle_item_grouping":"parent","bundle_min_size":"","bundle_max_size":"","bundle_price":{"price":{"min":{"incl_tax":"33.5","excl_tax":"30.733945"},"max":{"incl_tax":"33.5","excl_tax":"30.733945"}},"regular_price":{"min":{"incl_tax":"35.8","excl_tax":"32.844037"},"max":{"incl_tax":"35.8","excl_tax":"32.844037"}}},"bundled_items":[{"bundled_item_id":1139,"product_id":141434,"menu_order":0,"quantity_min":1,"quantity_max":1,"quantity_default":1,"priced_individually":false,"shipped_individually":false,"override_title":false,"title":"Melinda&#8217;s Garlic Hot Sauce","override_description":false,"description":"Melinda&#8217;s Garlic Hot Sauce","optional":false,"hide_thumbnail":false,"discount":"","override_variations":false,"allowed_variations":[""],"override_default_variation_attributes":false,"default_variation_attributes":[],"single_product_visibility":"visible","cart_visibility":"visible","order_visibility":"visible","single_product_price_visibility":"visible","cart_price_visibility":"visible","order_price_visibility":"visible","stock_status":"in_stock"},{"bundled_item_id":1329,"product_id":143286,"menu_order":1,"quantity_min":1,"quantity_max":1,"quantity_default":1,"priced_individually":false,"shipped_individually":false,"override_title":false,"title":"Raijmakers Heetmakers Chipotle &#038; Whiskey","override_description":false,"description":"Raijmakers Heetmakers Chipotle &#038; Whiskey","optional":false,"hide_thumbnail":false,"discount":"","override_variations":false,"allowed_variations":[""],"override_default_variation_attributes":false,"default_variation_attributes":[],"single_product_visibility":"visible","cart_visibility":"visible","order_visibility":"visible","single_product_price_visibility":"visible","cart_price_visibility":"visible","order_price_visibility":"visible","stock_status":"in_stock"},{"bundled_item_id":1330,"product_id":143489,"menu_order":2,"quantity_min":1,"quantity_max":1,"quantity_default":1,"priced_individually":false,"shipped_individually":false,"override_title":false,"title":"Heartbeat Pineapple Habanero Hot Sauce","override_description":false,"description":"Heartbeat Pineapple Habanero Hot Sauce","optional":false,"hide_thumbnail":false,"discount":"","override_variations":false,"allowed_variations":[""],"override_default_variation_attributes":false,"default_variation_attributes":[],"single_product_visibility":"visible","cart_visibility":"visible","order_visibility":"visible","single_product_price_visibility":"visible","cart_price_visibility":"visible","order_price_visibility":"visible","stock_status":"in_stock"},{"bundled_item_id":1331,"product_id":149750,"menu_order":3,"quantity_min":1,"quantity_max":1,"quantity_default":1,"priced_individually":false,"shipped_individually":false,"override_title":false,"title":"La Barbacoa Hot Sauce by Heatsupply","override_description":false,"description":"La Barbacoa Hot Sauce by Heatsupply","optional":false,"hide_thumbnail":false,"discount":"","override_variations":false,"allowed_variations":[""],"override_default_variation_attributes":false,"default_variation_attributes":[],"single_product_visibility":"visible","cart_visibility":"visible","order_visibility":"visible","single_product_price_visibility":"visible","cart_price_visibility":"visible","order_price_visibility":"visible","stock_status":"in_stock"}],"bundle_sell_ids":[],"acf":[],"yoast_head":"<!-- This site is optimized with the Yoast SEO Premium plugin v27.5 (Yoast SEO v27.5) - https:\/\/yoast.com\/product\/yoast-seo-premium-wordpress\/ -->\n<title>Hot Sauce Probepackung - BBQ - Heatsupply<\/title>\n<meta name=\"description\" content=\"Mache dein n\u00e4chstes Barbecue zu einem Fest mit diesem BBQ Hot Sauce Pack! 4 verschiedene scharfe Saucen, die perfekt zu deinen Lieblingsgerichten vom Grill passen.\" \/>\n<meta name=\"robots\" content=\"index, follow, max-snippet:-1, max-image-preview:large, max-video-preview:-1\" \/>\n<link rel=\"canonical\" href=\"https:\/\/www.heatsupply.nl\/de\/produkt\/hot-sauce-probepackung-bbq\/\" \/>\n<meta property=\"og:locale\" content=\"de_DE\" \/>\n<meta property=\"og:type\" content=\"article\" \/>\n<meta property=\"og:title\" content=\"Hot Sauce Probepackung - BBQ\" \/>\n<meta property=\"og:description\" content=\"Mache dein n\u00e4chstes Barbecue zu einem Fest mit diesem BBQ Hot Sauce Pack! 4 verschiedene scharfe Saucen, die perfekt zu deinen Lieblingsgerichten vom Grill passen.\" \/>\n<meta property=\"og:url\" content=\"https:\/\/www.heatsupply.nl\/de\/produkt\/hot-sauce-probepackung-bbq\/\" \/>\n<meta property=\"og:site_name\" content=\"Heatsupply\" \/>\n<meta property=\"article:publisher\" content=\"https:\/\/www.facebook.com\/heatsupplyNL\" \/>\n<meta property=\"article:modified_time\" content=\"2025-08-21T11:20:47+00:00\" \/>\n<meta property=\"og:image\" content=\"https:\/\/www.heatsupply.nl\/wp-content\/uploads\/2024\/05\/hot-sauce-barbecue-pack.jpg\" \/>\n\t<meta property=\"og:image:width\" content=\"1400\" \/>\n\t<meta property=\"og:image:height\" content=\"1400\" \/>\n\t<meta property=\"og:image:type\" content=\"image\/jpeg\" \/>\n<meta name=\"twitter:card\" content=\"summary_large_image\" \/>\n<meta name=\"twitter:label1\" content=\"Preis\" \/>\n\t<meta name=\"twitter:data1\" content=\"&euro;33,50\" \/>\n\t<meta name=\"twitter:label2\" content=\"Verf\u00fcgbarkeit\" \/>\n\t<meta name=\"twitter:data2\" content=\"Auf Lager\" \/>\n<script type=\"application\/ld+json\" class=\"yoast-schema-graph\">{\"@context\":\"https:\\\/\\\/schema.org\",\"@graph\":[{\"@type\":\"WebPage\",\"@id\":\"https:\\\/\\\/www.heatsupply.nl\\\/de\\\/produkt\\\/hot-sauce-probepackung-bbq\\\/\",\"url\":\"https:\\\/\\\/www.heatsupply.nl\\\/de\\\/produkt\\\/hot-sauce-probepackung-bbq\\\/\",\"name\":\"Hot Sauce Probepackung - BBQ - Heatsupply\",\"isPartOf\":{\"@id\":\"https:\\\/\\\/www.heatsupply.nl\\\/de\\\/#website\"},\"primaryImageOfPage\":{\"@id\":\"https:\\\/\\\/www.heatsupply.nl\\\/de\\\/produkt\\\/hot-sauce-probepackung-bbq\\\/#primaryimage\"},\"image\":{\"@id\":\"https:\\\/\\\/www.heatsupply.nl\\\/de\\\/produkt\\\/hot-sauce-probepackung-bbq\\\/#primaryimage\"},\"thumbnailUrl\":\"https:\\\/\\\/www.heatsupply.nl\\\/wp-content\\\/uploads\\\/2024\\\/05\\\/hot-sauce-barbecue-pack.jpg\",\"datePublished\":\"2023-06-22T14:22:36+00:00\",\"dateModified\":\"2025-08-21T11:20:47+00:00\",\"description\":\"Mache dein n\u00e4chstes Barbecue zu einem Fest mit diesem BBQ Hot Sauce Pack! 4 verschiedene scharfe Saucen, die perfekt zu deinen Lieblingsgerichten vom Grill passen.\",\"breadcrumb\":{\"@id\":\"https:\\\/\\\/www.heatsupply.nl\\\/de\\\/produkt\\\/hot-sauce-probepackung-bbq\\\/#breadcrumb\"},\"inLanguage\":\"de\",\"potentialAction\":[{\"@type\":\"ReadAction\",\"target\":[\"https:\\\/\\\/www.heatsupply.nl\\\/de\\\/produkt\\\/hot-sauce-probepackung-bbq\\\/\"]}]},{\"@type\":\"ImageObject\",\"inLanguage\":\"de\",\"@id\":\"https:\\\/\\\/www.heatsupply.nl\\\/de\\\/produkt\\\/hot-sauce-probepackung-bbq\\\/#primaryimage\",\"url\":\"https:\\\/\\\/www.heatsupply.nl\\\/wp-content\\\/uploads\\\/2024\\\/05\\\/hot-sauce-barbecue-pack.jpg\",\"contentUrl\":\"https:\\\/\\\/www.heatsupply.nl\\\/wp-content\\\/uploads\\\/2024\\\/05\\\/hot-sauce-barbecue-pack.jpg\",\"width\":1400,\"height\":1400,\"caption\":\"bbq hot sauce pack\"},{\"@type\":\"BreadcrumbList\",\"@id\":\"https:\\\/\\\/www.heatsupply.nl\\\/de\\\/produkt\\\/hot-sauce-probepackung-bbq\\\/#breadcrumb\",\"itemListElement\":[{\"@type\":\"ListItem\",\"position\":1,\"name\":\"Home\",\"item\":\"https:\\\/\\\/www.heatsupply.nl\\\/de\\\/\"},{\"@type\":\"ListItem\",\"position\":2,\"name\":\"Alle produkten\",\"item\":\"https:\\\/\\\/www.heatsupply.nl\\\/de\\\/alle-produkten\\\/\"},{\"@type\":\"ListItem\",\"position\":3,\"name\":\"Scharfe So\u00dfen\",\"item\":\"https:\\\/\\\/www.heatsupply.nl\\\/de\\\/scharfe-sossen\\\/\"},{\"@type\":\"ListItem\",\"position\":4,\"name\":\"Geschenksets\",\"item\":\"https:\\\/\\\/www.heatsupply.nl\\\/de\\\/scharfe-sossen\\\/packs\\\/\"},{\"@type\":\"ListItem\",\"position\":5,\"name\":\"Hot Sauce Probepackung &#8211; BBQ\"}]},{\"@type\":\"WebSite\",\"@id\":\"https:\\\/\\\/www.heatsupply.nl\\\/de\\\/#website\",\"url\":\"https:\\\/\\\/www.heatsupply.nl\\\/de\\\/\",\"name\":\"Heatsupply\",\"description\":\"Hot sauce webstore #1 in Europe\",\"publisher\":{\"@id\":\"https:\\\/\\\/www.heatsupply.nl\\\/de\\\/#organization\"},\"potentialAction\":[{\"@type\":\"SearchAction\",\"target\":{\"@type\":\"EntryPoint\",\"urlTemplate\":\"https:\\\/\\\/www.heatsupply.nl\\\/de\\\/?s={search_term_string}\"},\"query-input\":{\"@type\":\"PropertyValueSpecification\",\"valueRequired\":true,\"valueName\":\"search_term_string\"}}],\"inLanguage\":\"de\"},{\"@type\":\"Organization\",\"@id\":\"https:\\\/\\\/www.heatsupply.nl\\\/de\\\/#organization\",\"name\":\"Heatsupply\",\"url\":\"https:\\\/\\\/www.heatsupply.nl\\\/de\\\/\",\"logo\":{\"@type\":\"ImageObject\",\"inLanguage\":\"de\",\"@id\":\"https:\\\/\\\/www.heatsupply.nl\\\/de\\\/#\\\/schema\\\/logo\\\/image\\\/\",\"url\":\"https:\\\/\\\/www.heatsupply.nl\\\/wp-content\\\/uploads\\\/2022\\\/10\\\/heatsupply-logo-rood.jpg\",\"contentUrl\":\"https:\\\/\\\/www.heatsupply.nl\\\/wp-content\\\/uploads\\\/2022\\\/10\\\/heatsupply-logo-rood.jpg\",\"width\":1000,\"height\":335,\"caption\":\"Heatsupply\"},\"image\":{\"@id\":\"https:\\\/\\\/www.heatsupply.nl\\\/de\\\/#\\\/schema\\\/logo\\\/image\\\/\"},\"sameAs\":[\"https:\\\/\\\/www.facebook.com\\\/heatsupplyNL\",\"https:\\\/\\\/www.instagram.com\\\/heatsuppy.nl\",\"https:\\\/\\\/www.youtube.com\\\/channel\\\/UC5pOWqQtljvxTz2SMWGWCsw\"]}]}<\/script>\n<meta property=\"product:price:amount\" content=\"33.50\" \/>\n<meta property=\"product:price:currency\" content=\"EUR\" \/>\n<meta property=\"og:availability\" content=\"instock\" \/>\n<meta property=\"product:availability\" content=\"instock\" \/>\n<meta property=\"product:retailer_item_id\" content=\"BBQPACK001\" \/>\n<meta property=\"product:condition\" content=\"new\" \/>\n<!-- \/ Yoast SEO Premium plugin. -->","yoast_head_json":{"title":"Hot Sauce Probepackung - BBQ - Heatsupply","description":"Mache dein n\u00e4chstes Barbecue zu einem Fest mit diesem BBQ Hot Sauce Pack! 4 verschiedene scharfe Saucen, die perfekt zu deinen Lieblingsgerichten vom Grill passen.","robots":{"index":"index","follow":"follow","max-snippet":"max-snippet:-1","max-image-preview":"max-image-preview:large","max-video-preview":"max-video-preview:-1"},"canonical":"https:\/\/www.heatsupply.nl\/de\/produkt\/hot-sauce-probepackung-bbq\/","og_locale":"de_DE","og_type":"article","og_title":"Hot Sauce Probepackung - BBQ","og_description":"Mache dein n\u00e4chstes Barbecue zu einem Fest mit diesem BBQ Hot Sauce Pack! 4 verschiedene scharfe Saucen, die perfekt zu deinen Lieblingsgerichten vom Grill passen.","og_url":"https:\/\/www.heatsupply.nl\/de\/produkt\/hot-sauce-probepackung-bbq\/","og_site_name":"Heatsupply","article_publisher":"https:\/\/www.facebook.com\/heatsupplyNL","article_modified_time":"2025-08-21T11:20:47+00:00","og_image":[{"width":1400,"height":1400,"url":"https:\/\/www.heatsupply.nl\/wp-content\/uploads\/2024\/05\/hot-sauce-barbecue-pack.jpg","type":"image\/jpeg"}],"twitter_card":"summary_large_image","twitter_misc":{"Preis":"&euro;33,50","Verf\u00fcgbarkeit":"Auf Lager"},"schema":{"@context":"https:\/\/schema.org","@graph":[{"@type":"WebPage","@id":"https:\/\/www.heatsupply.nl\/de\/produkt\/hot-sauce-probepackung-bbq\/","url":"https:\/\/www.heatsupply.nl\/de\/produkt\/hot-sauce-probepackung-bbq\/","name":"Hot Sauce Probepackung - BBQ - Heatsupply","isPartOf":{"@id":"https:\/\/www.heatsupply.nl\/de\/#website"},"primaryImageOfPage":{"@id":"https:\/\/www.heatsupply.nl\/de\/produkt\/hot-sauce-probepackung-bbq\/#primaryimage"},"image":{"@id":"https:\/\/www.heatsupply.nl\/de\/produkt\/hot-sauce-probepackung-bbq\/#primaryimage"},"thumbnailUrl":"https:\/\/www.heatsupply.nl\/wp-content\/uploads\/2024\/05\/hot-sauce-barbecue-pack.jpg","datePublished":"2023-06-22T14:22:36+00:00","dateModified":"2025-08-21T11:20:47+00:00","description":"Mache dein n\u00e4chstes Barbecue zu einem Fest mit diesem BBQ Hot Sauce Pack! 4 verschiedene scharfe Saucen, die perfekt zu deinen Lieblingsgerichten vom Grill passen.","breadcrumb":{"@id":"https:\/\/www.heatsupply.nl\/de\/produkt\/hot-sauce-probepackung-bbq\/#breadcrumb"},"inLanguage":"de","potentialAction":[{"@type":"ReadAction","target":["https:\/\/www.heatsupply.nl\/de\/produkt\/hot-sauce-probepackung-bbq\/"]}]},{"@type":"ImageObject","inLanguage":"de","@id":"https:\/\/www.heatsupply.nl\/de\/produkt\/hot-sauce-probepackung-bbq\/#primaryimage","url":"https:\/\/www.heatsupply.nl\/wp-content\/uploads\/2024\/05\/hot-sauce-barbecue-pack.jpg","contentUrl":"https:\/\/www.heatsupply.nl\/wp-content\/uploads\/2024\/05\/hot-sauce-barbecue-pack.jpg","width":1400,"height":1400,"caption":"bbq hot sauce pack"},{"@type":"BreadcrumbList","@id":"https:\/\/www.heatsupply.nl\/de\/produkt\/hot-sauce-probepackung-bbq\/#breadcrumb","itemListElement":[{"@type":"ListItem","position":1,"name":"Home","item":"https:\/\/www.heatsupply.nl\/de\/"},{"@type":"ListItem","position":2,"name":"Alle produkten","item":"https:\/\/www.heatsupply.nl\/de\/alle-produkten\/"},{"@type":"ListItem","position":3,"name":"Scharfe So\u00dfen","item":"https:\/\/www.heatsupply.nl\/de\/scharfe-sossen\/"},{"@type":"ListItem","position":4,"name":"Geschenksets","item":"https:\/\/www.heatsupply.nl\/de\/scharfe-sossen\/packs\/"},{"@type":"ListItem","position":5,"name":"Hot Sauce Probepackung &#8211; BBQ"}]},{"@type":"WebSite","@id":"https:\/\/www.heatsupply.nl\/de\/#website","url":"https:\/\/www.heatsupply.nl\/de\/","name":"Heatsupply","description":"Hot sauce webstore #1 in Europe","publisher":{"@id":"https:\/\/www.heatsupply.nl\/de\/#organization"},"potentialAction":[{"@type":"SearchAction","target":{"@type":"EntryPoint","urlTemplate":"https:\/\/www.heatsupply.nl\/de\/?s={search_term_string}"},"query-input":{"@type":"PropertyValueSpecification","valueRequired":true,"valueName":"search_term_string"}}],"inLanguage":"de"},{"@type":"Organization","@id":"https:\/\/www.heatsupply.nl\/de\/#organization","name":"Heatsupply","url":"https:\/\/www.heatsupply.nl\/de\/","logo":{"@type":"ImageObject","inLanguage":"de","@id":"https:\/\/www.heatsupply.nl\/de\/#\/schema\/logo\/image\/","url":"https:\/\/www.heatsupply.nl\/wp-content\/uploads\/2022\/10\/heatsupply-logo-rood.jpg","contentUrl":"https:\/\/www.heatsupply.nl\/wp-content\/uploads\/2022\/10\/heatsupply-logo-rood.jpg","width":1000,"height":335,"caption":"Heatsupply"},"image":{"@id":"https:\/\/www.heatsupply.nl\/de\/#\/schema\/logo\/image\/"},"sameAs":["https:\/\/www.facebook.com\/heatsupplyNL","https:\/\/www.instagram.com\/heatsuppy.nl","https:\/\/www.youtube.com\/channel\/UC5pOWqQtljvxTz2SMWGWCsw"]}]},"product_price_amount":"33.50","product_price_currency":"EUR","og_availability":"instock","product_availability":"instock","product_retailer_item_id":"BBQPACK001","product_condition":"new"},"_links":{"self":[{"href":"https:\/\/www.heatsupply.nl\/de\/wp-json\/wp\/v2\/product\/141401","targetHints":{"allow":["GET"]}}],"collection":[{"href":"https:\/\/www.heatsupply.nl\/de\/wp-json\/wp\/v2\/product"}],"about":[{"href":"https:\/\/www.heatsupply.nl\/de\/wp-json\/wp\/v2\/types\/product"}],"replies":[{"embeddable":true,"href":"https:\/\/www.heatsupply.nl\/de\/wp-json\/wp\/v2\/comments?post=141401"}],"wp:featuredmedia":[{"embeddable":true,"href":"https:\/\/www.heatsupply.nl\/de\/wp-json\/wp\/v2\/media\/149966"}],"wp:attachment":[{"href":"https:\/\/www.heatsupply.nl\/de\/wp-json\/wp\/v2\/media?parent=141401"}],"wp:term":[{"taxonomy":"product_brand","embeddable":true,"href":"https:\/\/www.heatsupply.nl\/de\/wp-json\/wp\/v2\/product_brand?post=141401"},{"taxonomy":"product_cat","embeddable":true,"href":"https:\/\/www.heatsupply.nl\/de\/wp-json\/wp\/v2\/product_cat?post=141401"},{"taxonomy":"product_tag","embeddable":true,"href":"https:\/\/www.heatsupply.nl\/de\/wp-json\/wp\/v2\/product_tag?post=141401"}],"curies":[{"name":"wp","href":"https:\/\/api.w.org\/{rel}","templated":true}]}}