{"id":141359,"date":"2023-09-16T11:55:30","date_gmt":"2023-09-16T09:55:30","guid":{"rendered":"https:\/\/www.heatsupply.nl\/product\/la-pimenterie-green-curry-hot-sauce-2\/"},"modified":"2026-03-18T19:40:03","modified_gmt":"2026-03-18T18:40:03","slug":"la-pimenterie-green-curry-hot-sauce","status":"publish","type":"product","link":"https:\/\/www.heatsupply.nl\/de\/produkt\/la-pimenterie-green-curry-hot-sauce\/","title":{"rendered":"La Pimenterie Green Curry Hot Sauce"},"content":{"rendered":"<p><strong>Ingredi\u00ebnten La Pimenterie Green Curry Hot Sauce:<\/strong> Ausgew\u00e4hlte gr\u00fcne Paprika (gr\u00fcne lange Paprika, gr\u00fcne Trinidad-Kr\u00e4uter, gr\u00fcne Habanero, Thai-Chili, gr\u00fcne Ghost Pepper), Zucchini, Kokosmilch, Apfelessig, Aubergine, Schalotten, Zucker (Ahornsirup), Limettensaft, Kokosnuss, Raps\u00f6l, Fr\u00fchlingszwiebeln, Laos (Galangal), Zitronengras, Salz, Gew\u00fcrze, Kaffirlimettenabrieb, Knoblauch, Xanthan (GMO-frei).<\/p>\n<p>Diese Hot Sauce ist auch aus der YouTube-Show <a href=\"https:\/\/www.heatsupply.nl\/de\/product-categorie\/scharfe-sossen\/hot-ones-de\/\"><strong>Hot Ones<\/strong><\/a> bekannt. In Staffel 21 ist diese Sauce auf Hot Wing #2 von 10.<\/p>\n<p><span style=\"text-decoration: underline;\">N\u00e4hrwertangaben pro 100 g:<\/span><br \/>\nBrennwert: 120 kcal \/ 500 kJ<br \/>\nFett: 9,0 Gramm<br \/>\ndavon ges\u00e4ttigt: 4,5 Gramm<br \/>\nKohlenhydrate: 12 Gramm<br \/>\ndavon Ballaststoffe: 2,0 Gramm<br \/>\ndavon Zucker: 6,0 Gramm<br \/>\nEiwei\u00df: 2 Gramm<br \/>\nSalz: 1,1 Gramm<\/p>\n<p>Vor Gebrauch sch\u00fctteln. Nach dem \u00d6ffnen gek\u00fchlt aufbewahren.<\/p>\n","protected":false},"excerpt":{"rendered":"<p><span style=\"font-weight: 500;\">Diese La Pimenterie Green Curry Hot Sauce, oder &#8222;Cari d&#8217;Hiver&#8220;, wie es auf Franz\u00f6sisch genannt wird, ist von thail\u00e4ndischem gr\u00fcnem Curry inspiriert. Und wir m\u00fcssen sagen, dass es sehr gut gelungen ist, denn beim Riechen und Probieren f\u00fchlen wir uns f\u00fcr einen Moment wieder in Thailand. Eine aromatische, duftende, w\u00fcrzige, frische, kr\u00e4ftige und leicht s\u00fc\u00dfe Hot Sauce, die dich sicherlich nach S\u00fcdostasien transportiert. Nat\u00fcrlich die perfekte Erg\u00e4nzung zu gr\u00fcnen Currys, aber du kannst sie auch gerne in anderen Currys ausprobieren. Leckeres Zeug. Diese Hot Sauce ist auch in Hot Ones Staffel 21 zu sehen..<\/span><\/p>\n<ul>\n<li><span style=\"font-weight: 500;\">Herkunft: Montreal, Kanada<\/span><\/li>\n<li><span style=\"font-weight: 500;\">Inhalt: 148 ml<\/span><\/li>\n<\/ul>\n","protected":false},"featured_media":130299,"comment_status":"open","ping_status":"closed","template":"","meta":{"_acf_changed":false},"product_brand":[],"product_cat":[3931,3913,3789,3787,4046,3936],"product_tag":[],"class_list":{"0":"post-141359","1":"product","2":"type-product","3":"status-publish","4":"has-post-thumbnail","6":"product_cat-ghost-pepper","7":"product_cat-habanero","8":"product_cat-hot-ones-saucen","9":"product_cat-scharfe-sossen","10":"product_cat-spicy","11":"product_cat-trinidad-scorpion","13":"first","14":"outofstock","15":"taxable","16":"shipping-taxable","17":"purchasable","18":"product-type-simple"},"bundled_by":[],"bundle_stock_status":"outofstock","bundle_stock_quantity":0,"bundle_virtual":false,"bundle_layout":"","bundle_add_to_cart_form_location":"","bundle_editable_in_cart":false,"bundle_sold_individually_context":"","bundle_item_grouping":"","bundle_min_size":"","bundle_max_size":"","bundle_price":[],"bundled_items":[],"bundle_sell_ids":[],"acf":[],"yoast_head":"<!-- This site is optimized with the Yoast SEO Premium plugin v27.5 (Yoast SEO v27.5) - https:\/\/yoast.com\/product\/yoast-seo-premium-wordpress\/ -->\n<title>La Pimenterie Green Curry Hot Sauce - Heatsupply<\/title>\n<meta name=\"description\" content=\"Diese La Pimenterie Green Curry Hot Sauce passt nat\u00fcrlich perfekt zu gr\u00fcnem Curry, aber auch zu anderen Curry-Sorten und asiatischen Gerichten.\" \/>\n<meta name=\"robots\" content=\"index, follow, max-snippet:-1, max-image-preview:large, max-video-preview:-1\" \/>\n<link rel=\"canonical\" href=\"https:\/\/www.heatsupply.nl\/de\/produkt\/la-pimenterie-green-curry-hot-sauce\/\" \/>\n<meta property=\"og:locale\" content=\"de_DE\" \/>\n<meta property=\"og:type\" content=\"article\" \/>\n<meta property=\"og:title\" content=\"La Pimenterie Green Curry Hot Sauce\" \/>\n<meta property=\"og:description\" content=\"Diese La Pimenterie Green Curry Hot Sauce passt nat\u00fcrlich perfekt zu gr\u00fcnem Curry, aber auch zu anderen Curry-Sorten und asiatischen Gerichten.\" \/>\n<meta property=\"og:url\" content=\"https:\/\/www.heatsupply.nl\/de\/produkt\/la-pimenterie-green-curry-hot-sauce\/\" \/>\n<meta property=\"og:site_name\" content=\"Heatsupply\" \/>\n<meta property=\"article:publisher\" content=\"https:\/\/www.facebook.com\/heatsupplyNL\" \/>\n<meta property=\"article:modified_time\" content=\"2026-03-18T18:40:03+00:00\" \/>\n<meta property=\"og:image\" content=\"https:\/\/www.heatsupply.nl\/wp-content\/uploads\/2023\/11\/la-pimenterie-green-curry-hot-sauce-hot-ones.jpg\" \/>\n\t<meta property=\"og:image:width\" content=\"1400\" \/>\n\t<meta property=\"og:image:height\" content=\"1400\" \/>\n\t<meta property=\"og:image:type\" content=\"image\/jpeg\" \/>\n<meta name=\"twitter:card\" content=\"summary_large_image\" \/>\n<meta name=\"twitter:label1\" content=\"Preis\" \/>\n\t<meta name=\"twitter:data1\" content=\"&euro;9,95\" \/>\n\t<meta name=\"twitter:label2\" content=\"Verf\u00fcgbarkeit\" \/>\n\t<meta name=\"twitter:data2\" content=\"ausverkauft\" \/>\n<script type=\"application\/ld+json\" class=\"yoast-schema-graph\">{\"@context\":\"https:\\\/\\\/schema.org\",\"@graph\":[{\"@type\":\"WebPage\",\"@id\":\"https:\\\/\\\/www.heatsupply.nl\\\/de\\\/produkt\\\/la-pimenterie-green-curry-hot-sauce\\\/\",\"url\":\"https:\\\/\\\/www.heatsupply.nl\\\/de\\\/produkt\\\/la-pimenterie-green-curry-hot-sauce\\\/\",\"name\":\"La Pimenterie Green Curry Hot Sauce - Heatsupply\",\"isPartOf\":{\"@id\":\"https:\\\/\\\/www.heatsupply.nl\\\/de\\\/#website\"},\"primaryImageOfPage\":{\"@id\":\"https:\\\/\\\/www.heatsupply.nl\\\/de\\\/produkt\\\/la-pimenterie-green-curry-hot-sauce\\\/#primaryimage\"},\"image\":{\"@id\":\"https:\\\/\\\/www.heatsupply.nl\\\/de\\\/produkt\\\/la-pimenterie-green-curry-hot-sauce\\\/#primaryimage\"},\"thumbnailUrl\":\"https:\\\/\\\/www.heatsupply.nl\\\/wp-content\\\/uploads\\\/2023\\\/11\\\/la-pimenterie-green-curry-hot-sauce-hot-ones.jpg\",\"datePublished\":\"2023-09-16T09:55:30+00:00\",\"dateModified\":\"2026-03-18T18:40:03+00:00\",\"description\":\"Diese La Pimenterie Green Curry Hot Sauce passt nat\u00fcrlich perfekt zu gr\u00fcnem Curry, aber auch zu anderen Curry-Sorten und asiatischen Gerichten.\",\"breadcrumb\":{\"@id\":\"https:\\\/\\\/www.heatsupply.nl\\\/de\\\/produkt\\\/la-pimenterie-green-curry-hot-sauce\\\/#breadcrumb\"},\"inLanguage\":\"de\",\"potentialAction\":[{\"@type\":\"ReadAction\",\"target\":[\"https:\\\/\\\/www.heatsupply.nl\\\/de\\\/produkt\\\/la-pimenterie-green-curry-hot-sauce\\\/\"]}]},{\"@type\":\"ImageObject\",\"inLanguage\":\"de\",\"@id\":\"https:\\\/\\\/www.heatsupply.nl\\\/de\\\/produkt\\\/la-pimenterie-green-curry-hot-sauce\\\/#primaryimage\",\"url\":\"https:\\\/\\\/www.heatsupply.nl\\\/wp-content\\\/uploads\\\/2023\\\/11\\\/la-pimenterie-green-curry-hot-sauce-hot-ones.jpg\",\"contentUrl\":\"https:\\\/\\\/www.heatsupply.nl\\\/wp-content\\\/uploads\\\/2023\\\/11\\\/la-pimenterie-green-curry-hot-sauce-hot-ones.jpg\",\"width\":1400,\"height\":1400},{\"@type\":\"BreadcrumbList\",\"@id\":\"https:\\\/\\\/www.heatsupply.nl\\\/de\\\/produkt\\\/la-pimenterie-green-curry-hot-sauce\\\/#breadcrumb\",\"itemListElement\":[{\"@type\":\"ListItem\",\"position\":1,\"name\":\"Home\",\"item\":\"https:\\\/\\\/www.heatsupply.nl\\\/de\\\/\"},{\"@type\":\"ListItem\",\"position\":2,\"name\":\"Alle produkten\",\"item\":\"https:\\\/\\\/www.heatsupply.nl\\\/de\\\/alle-produkten\\\/\"},{\"@type\":\"ListItem\",\"position\":3,\"name\":\"Scharfe So\u00dfen\",\"item\":\"https:\\\/\\\/www.heatsupply.nl\\\/de\\\/scharfe-sossen\\\/\"},{\"@type\":\"ListItem\",\"position\":4,\"name\":\"Ghost Pepper\",\"item\":\"https:\\\/\\\/www.heatsupply.nl\\\/de\\\/scharfe-sossen\\\/ghost-pepper\\\/\"},{\"@type\":\"ListItem\",\"position\":5,\"name\":\"La Pimenterie Green Curry Hot Sauce\"}]},{\"@type\":\"WebSite\",\"@id\":\"https:\\\/\\\/www.heatsupply.nl\\\/de\\\/#website\",\"url\":\"https:\\\/\\\/www.heatsupply.nl\\\/de\\\/\",\"name\":\"Heatsupply\",\"description\":\"Hot sauce webstore #1 in Europe\",\"publisher\":{\"@id\":\"https:\\\/\\\/www.heatsupply.nl\\\/de\\\/#organization\"},\"potentialAction\":[{\"@type\":\"SearchAction\",\"target\":{\"@type\":\"EntryPoint\",\"urlTemplate\":\"https:\\\/\\\/www.heatsupply.nl\\\/de\\\/?s={search_term_string}\"},\"query-input\":{\"@type\":\"PropertyValueSpecification\",\"valueRequired\":true,\"valueName\":\"search_term_string\"}}],\"inLanguage\":\"de\"},{\"@type\":\"Organization\",\"@id\":\"https:\\\/\\\/www.heatsupply.nl\\\/de\\\/#organization\",\"name\":\"Heatsupply\",\"url\":\"https:\\\/\\\/www.heatsupply.nl\\\/de\\\/\",\"logo\":{\"@type\":\"ImageObject\",\"inLanguage\":\"de\",\"@id\":\"https:\\\/\\\/www.heatsupply.nl\\\/de\\\/#\\\/schema\\\/logo\\\/image\\\/\",\"url\":\"https:\\\/\\\/www.heatsupply.nl\\\/wp-content\\\/uploads\\\/2022\\\/10\\\/heatsupply-logo-rood.jpg\",\"contentUrl\":\"https:\\\/\\\/www.heatsupply.nl\\\/wp-content\\\/uploads\\\/2022\\\/10\\\/heatsupply-logo-rood.jpg\",\"width\":1000,\"height\":335,\"caption\":\"Heatsupply\"},\"image\":{\"@id\":\"https:\\\/\\\/www.heatsupply.nl\\\/de\\\/#\\\/schema\\\/logo\\\/image\\\/\"},\"sameAs\":[\"https:\\\/\\\/www.facebook.com\\\/heatsupplyNL\",\"https:\\\/\\\/www.instagram.com\\\/heatsuppy.nl\",\"https:\\\/\\\/www.youtube.com\\\/channel\\\/UC5pOWqQtljvxTz2SMWGWCsw\"]}]}<\/script>\n<meta property=\"product:brand\" content=\"La Pimenterie\" \/>\n<meta property=\"product:price:amount\" content=\"9.95\" \/>\n<meta property=\"product:price:currency\" content=\"EUR\" \/>\n<meta property=\"og:availability\" content=\"out of stock\" \/>\n<meta property=\"product:availability\" content=\"out of stock\" \/>\n<meta property=\"product:retailer_item_id\" content=\"LPGCHS001\" \/>\n<meta property=\"product:condition\" content=\"new\" \/>\n<!-- \/ Yoast SEO Premium plugin. -->","yoast_head_json":{"title":"La Pimenterie Green Curry Hot Sauce - Heatsupply","description":"Diese La Pimenterie Green Curry Hot Sauce passt nat\u00fcrlich perfekt zu gr\u00fcnem Curry, aber auch zu anderen Curry-Sorten und asiatischen Gerichten.","robots":{"index":"index","follow":"follow","max-snippet":"max-snippet:-1","max-image-preview":"max-image-preview:large","max-video-preview":"max-video-preview:-1"},"canonical":"https:\/\/www.heatsupply.nl\/de\/produkt\/la-pimenterie-green-curry-hot-sauce\/","og_locale":"de_DE","og_type":"article","og_title":"La Pimenterie Green Curry Hot Sauce","og_description":"Diese La Pimenterie Green Curry Hot Sauce passt nat\u00fcrlich perfekt zu gr\u00fcnem Curry, aber auch zu anderen Curry-Sorten und asiatischen Gerichten.","og_url":"https:\/\/www.heatsupply.nl\/de\/produkt\/la-pimenterie-green-curry-hot-sauce\/","og_site_name":"Heatsupply","article_publisher":"https:\/\/www.facebook.com\/heatsupplyNL","article_modified_time":"2026-03-18T18:40:03+00:00","og_image":[{"width":1400,"height":1400,"url":"https:\/\/www.heatsupply.nl\/wp-content\/uploads\/2023\/11\/la-pimenterie-green-curry-hot-sauce-hot-ones.jpg","type":"image\/jpeg"}],"twitter_card":"summary_large_image","twitter_misc":{"Preis":"&euro;9,95","Verf\u00fcgbarkeit":"ausverkauft"},"schema":{"@context":"https:\/\/schema.org","@graph":[{"@type":"WebPage","@id":"https:\/\/www.heatsupply.nl\/de\/produkt\/la-pimenterie-green-curry-hot-sauce\/","url":"https:\/\/www.heatsupply.nl\/de\/produkt\/la-pimenterie-green-curry-hot-sauce\/","name":"La Pimenterie Green Curry Hot Sauce - Heatsupply","isPartOf":{"@id":"https:\/\/www.heatsupply.nl\/de\/#website"},"primaryImageOfPage":{"@id":"https:\/\/www.heatsupply.nl\/de\/produkt\/la-pimenterie-green-curry-hot-sauce\/#primaryimage"},"image":{"@id":"https:\/\/www.heatsupply.nl\/de\/produkt\/la-pimenterie-green-curry-hot-sauce\/#primaryimage"},"thumbnailUrl":"https:\/\/www.heatsupply.nl\/wp-content\/uploads\/2023\/11\/la-pimenterie-green-curry-hot-sauce-hot-ones.jpg","datePublished":"2023-09-16T09:55:30+00:00","dateModified":"2026-03-18T18:40:03+00:00","description":"Diese La Pimenterie Green Curry Hot Sauce passt nat\u00fcrlich perfekt zu gr\u00fcnem Curry, aber auch zu anderen Curry-Sorten und asiatischen Gerichten.","breadcrumb":{"@id":"https:\/\/www.heatsupply.nl\/de\/produkt\/la-pimenterie-green-curry-hot-sauce\/#breadcrumb"},"inLanguage":"de","potentialAction":[{"@type":"ReadAction","target":["https:\/\/www.heatsupply.nl\/de\/produkt\/la-pimenterie-green-curry-hot-sauce\/"]}]},{"@type":"ImageObject","inLanguage":"de","@id":"https:\/\/www.heatsupply.nl\/de\/produkt\/la-pimenterie-green-curry-hot-sauce\/#primaryimage","url":"https:\/\/www.heatsupply.nl\/wp-content\/uploads\/2023\/11\/la-pimenterie-green-curry-hot-sauce-hot-ones.jpg","contentUrl":"https:\/\/www.heatsupply.nl\/wp-content\/uploads\/2023\/11\/la-pimenterie-green-curry-hot-sauce-hot-ones.jpg","width":1400,"height":1400},{"@type":"BreadcrumbList","@id":"https:\/\/www.heatsupply.nl\/de\/produkt\/la-pimenterie-green-curry-hot-sauce\/#breadcrumb","itemListElement":[{"@type":"ListItem","position":1,"name":"Home","item":"https:\/\/www.heatsupply.nl\/de\/"},{"@type":"ListItem","position":2,"name":"Alle produkten","item":"https:\/\/www.heatsupply.nl\/de\/alle-produkten\/"},{"@type":"ListItem","position":3,"name":"Scharfe So\u00dfen","item":"https:\/\/www.heatsupply.nl\/de\/scharfe-sossen\/"},{"@type":"ListItem","position":4,"name":"Ghost Pepper","item":"https:\/\/www.heatsupply.nl\/de\/scharfe-sossen\/ghost-pepper\/"},{"@type":"ListItem","position":5,"name":"La Pimenterie Green Curry Hot Sauce"}]},{"@type":"WebSite","@id":"https:\/\/www.heatsupply.nl\/de\/#website","url":"https:\/\/www.heatsupply.nl\/de\/","name":"Heatsupply","description":"Hot sauce webstore #1 in Europe","publisher":{"@id":"https:\/\/www.heatsupply.nl\/de\/#organization"},"potentialAction":[{"@type":"SearchAction","target":{"@type":"EntryPoint","urlTemplate":"https:\/\/www.heatsupply.nl\/de\/?s={search_term_string}"},"query-input":{"@type":"PropertyValueSpecification","valueRequired":true,"valueName":"search_term_string"}}],"inLanguage":"de"},{"@type":"Organization","@id":"https:\/\/www.heatsupply.nl\/de\/#organization","name":"Heatsupply","url":"https:\/\/www.heatsupply.nl\/de\/","logo":{"@type":"ImageObject","inLanguage":"de","@id":"https:\/\/www.heatsupply.nl\/de\/#\/schema\/logo\/image\/","url":"https:\/\/www.heatsupply.nl\/wp-content\/uploads\/2022\/10\/heatsupply-logo-rood.jpg","contentUrl":"https:\/\/www.heatsupply.nl\/wp-content\/uploads\/2022\/10\/heatsupply-logo-rood.jpg","width":1000,"height":335,"caption":"Heatsupply"},"image":{"@id":"https:\/\/www.heatsupply.nl\/de\/#\/schema\/logo\/image\/"},"sameAs":["https:\/\/www.facebook.com\/heatsupplyNL","https:\/\/www.instagram.com\/heatsuppy.nl","https:\/\/www.youtube.com\/channel\/UC5pOWqQtljvxTz2SMWGWCsw"]}]},"product_brand":"La Pimenterie","product_price_amount":"9.95","product_price_currency":"EUR","og_availability":"out of stock","product_availability":"out of stock","product_retailer_item_id":"LPGCHS001","product_condition":"new"},"_links":{"self":[{"href":"https:\/\/www.heatsupply.nl\/de\/wp-json\/wp\/v2\/product\/141359","targetHints":{"allow":["GET"]}}],"collection":[{"href":"https:\/\/www.heatsupply.nl\/de\/wp-json\/wp\/v2\/product"}],"about":[{"href":"https:\/\/www.heatsupply.nl\/de\/wp-json\/wp\/v2\/types\/product"}],"replies":[{"embeddable":true,"href":"https:\/\/www.heatsupply.nl\/de\/wp-json\/wp\/v2\/comments?post=141359"}],"wp:featuredmedia":[{"embeddable":true,"href":"https:\/\/www.heatsupply.nl\/de\/wp-json\/wp\/v2\/media\/130299"}],"wp:attachment":[{"href":"https:\/\/www.heatsupply.nl\/de\/wp-json\/wp\/v2\/media?parent=141359"}],"wp:term":[{"taxonomy":"product_brand","embeddable":true,"href":"https:\/\/www.heatsupply.nl\/de\/wp-json\/wp\/v2\/product_brand?post=141359"},{"taxonomy":"product_cat","embeddable":true,"href":"https:\/\/www.heatsupply.nl\/de\/wp-json\/wp\/v2\/product_cat?post=141359"},{"taxonomy":"product_tag","embeddable":true,"href":"https:\/\/www.heatsupply.nl\/de\/wp-json\/wp\/v2\/product_tag?post=141359"}],"curies":[{"name":"wp","href":"https:\/\/api.w.org\/{rel}","templated":true}]}}