{"id":141288,"date":"2023-12-01T12:18:39","date_gmt":"2023-12-01T11:18:39","guid":{"rendered":"https:\/\/www.heatsupply.nl\/product\/la-pimenterie-x-dawsons-mycelium-hot-sauce-2\/"},"modified":"2026-05-14T08:54:20","modified_gmt":"2026-05-14T06:54:20","slug":"la-pimenterie-x-dawsons-mycelium-hot-sauce","status":"publish","type":"product","link":"https:\/\/www.heatsupply.nl\/de\/produkt\/la-pimenterie-x-dawsons-mycelium-hot-sauce\/","title":{"rendered":"La Pimenterie x Dawson&#8217;s Mycelium Hot Sauce"},"content":{"rendered":"<p><strong>Ingredi\u00ebnten La Pimenterie x Dawson&#8217;s Mycelium Hot Sauce:<\/strong> Wasser, K\u00fcrbis, Wei\u00dfweinessig mit Zedernholz infundiert (enthalt <strong>SULFITE<\/strong>), rote Paprika, Zwiebeln, Habanero-Paprika, Miso (Wasser, <strong>SOJABOHNEN<\/strong>, Reis, Salz), dehydrierte scharfe Paprika (Ancho, Arbol, Guajillo), Knoblauch, brauner Zucker, Salz, Raps\u00f6l, dehydrierte Ahornsirup, Pilze (Mycelium), Gew\u00fcrze.<\/p>\n<p><span style=\"text-decoration: underline;\">N\u00e4hrwerte pro 100 g:<br \/>\n<\/span>Energie: 60 kcal<br \/>\nFett: 19 Gramm<br \/>\ndavon ges\u00e4ttigte Fetts\u00e4uren: 1,5<br \/>\nKohlenhydrate: 10 Gramm<br \/>\ndavon Zucker: 4<br \/>\nProtein: 1 Gramm<br \/>\nSalz: 2,4 Gramm<\/p>\n<p>Vor Gebrauch gut sch\u00fctteln und nach dem \u00d6ffnen k\u00fchl lagern.<\/p>\n","protected":false},"excerpt":{"rendered":"<p><span style=\"font-weight: 500;\">Diese La Pimenterie x Dawson&#8217;s Mycelium Hot Sauce ist eine Zusammenarbeit zwischen zwei unserer Lieblingssaucenhersteller aus Kanada, und das Ergebnis ist sogar besser, als wir es uns h\u00e4tten tr\u00e4umen lassen. Eine einzigartige Hot Sauce mit einer Vielzahl von besonderen Zutaten, die zu einer wahren Geschmacksexplosion verschmelzen. K\u00fcrbis, Miso, Milchschwamm-Pilze, Habaneros, eine Reihe von getrockneten Pfeffern und viele andere Zutaten sorgen f\u00fcr einen komplexen und reichen Umami-Geschmack mit leicht s\u00e4uerlichen, s\u00fc\u00dfen und herzhaften Noten. Ein hervorragender Ersatz f\u00fcr Pilzrahmsauce zu Ihrem Steak, aber auch k\u00f6stlich in verschiedenen Nudel- und Ramengerichten, Eint\u00f6pfen und zu gegrilltem Gem\u00fcse.<\/span><\/p>\n<p><span style=\"font-weight: 500;\">Herkunft: Montr\u00e9al, Kanada<\/span><\/p>\n<p><span style=\"font-weight: 500;\">Inhalt: 148 ml<\/span><\/p>\n","protected":false},"featured_media":130293,"comment_status":"open","ping_status":"closed","template":"","meta":{"_acf_changed":false},"product_brand":[],"product_cat":[3913,3787,4046],"product_tag":[],"class_list":{"0":"post-141288","1":"product","2":"type-product","3":"status-publish","4":"has-post-thumbnail","6":"product_cat-habanero","7":"product_cat-scharfe-sossen","8":"product_cat-spicy","10":"first","11":"instock","12":"taxable","13":"shipping-taxable","14":"purchasable","15":"product-type-simple"},"bundled_by":["180364"],"bundle_stock_status":"instock","bundle_stock_quantity":53,"bundle_virtual":false,"bundle_layout":"","bundle_add_to_cart_form_location":"","bundle_editable_in_cart":false,"bundle_sold_individually_context":"","bundle_item_grouping":"","bundle_min_size":"","bundle_max_size":"","bundle_price":[],"bundled_items":[],"bundle_sell_ids":[],"acf":[],"yoast_head":"<!-- This site is optimized with the Yoast SEO Premium plugin v27.5 (Yoast SEO v27.5) - https:\/\/yoast.com\/product\/yoast-seo-premium-wordpress\/ -->\n<title>La Pimenterie x Dawson&#039;s Mycelium Hot Sauce - Heatsupply<\/title>\n<meta name=\"description\" content=\"Diese Zusammenarbeit zwischen La Pimenterie und Dawson&#039;s ist eine einzigartige Hot Sauce mit K\u00fcrbis, Miso, Champignons und vielem mehr. Eine echte Geschmacksbombe mit einer feinen Portion Sch\u00e4rfe.\" \/>\n<meta name=\"robots\" content=\"index, follow, max-snippet:-1, max-image-preview:large, max-video-preview:-1\" \/>\n<link rel=\"canonical\" href=\"https:\/\/www.heatsupply.nl\/de\/produkt\/la-pimenterie-x-dawsons-mycelium-hot-sauce\/\" \/>\n<meta property=\"og:locale\" content=\"de_DE\" \/>\n<meta property=\"og:type\" content=\"article\" \/>\n<meta property=\"og:title\" content=\"La Pimenterie x Dawson&#039;s Mycelium Hot Sauce\" \/>\n<meta property=\"og:description\" content=\"Diese Zusammenarbeit zwischen La Pimenterie und Dawson&#039;s ist eine einzigartige Hot Sauce mit K\u00fcrbis, Miso, Champignons und vielem mehr. Eine echte Geschmacksbombe mit einer feinen Portion Sch\u00e4rfe.\" \/>\n<meta property=\"og:url\" content=\"https:\/\/www.heatsupply.nl\/de\/produkt\/la-pimenterie-x-dawsons-mycelium-hot-sauce\/\" \/>\n<meta property=\"og:site_name\" content=\"Heatsupply\" \/>\n<meta property=\"article:publisher\" content=\"https:\/\/www.facebook.com\/heatsupplyNL\" \/>\n<meta property=\"article:modified_time\" content=\"2026-05-14T06:54:20+00:00\" \/>\n<meta property=\"og:image\" content=\"https:\/\/www.heatsupply.nl\/wp-content\/uploads\/2023\/11\/la-pimenterie-dawsons-mycelium-hot-sauce.jpg\" \/>\n\t<meta property=\"og:image:width\" content=\"1400\" \/>\n\t<meta property=\"og:image:height\" content=\"1400\" \/>\n\t<meta property=\"og:image:type\" content=\"image\/jpeg\" \/>\n<meta name=\"twitter:card\" content=\"summary_large_image\" \/>\n<meta name=\"twitter:label1\" content=\"Preis\" \/>\n\t<meta name=\"twitter:data1\" content=\"&euro;10,95\" \/>\n\t<meta name=\"twitter:label2\" content=\"Verf\u00fcgbarkeit\" \/>\n\t<meta name=\"twitter:data2\" content=\"Auf Lager\" \/>\n<script type=\"application\/ld+json\" class=\"yoast-schema-graph\">{\"@context\":\"https:\\\/\\\/schema.org\",\"@graph\":[{\"@type\":\"WebPage\",\"@id\":\"https:\\\/\\\/www.heatsupply.nl\\\/de\\\/produkt\\\/la-pimenterie-x-dawsons-mycelium-hot-sauce\\\/\",\"url\":\"https:\\\/\\\/www.heatsupply.nl\\\/de\\\/produkt\\\/la-pimenterie-x-dawsons-mycelium-hot-sauce\\\/\",\"name\":\"La Pimenterie x Dawson's Mycelium Hot Sauce - Heatsupply\",\"isPartOf\":{\"@id\":\"https:\\\/\\\/www.heatsupply.nl\\\/de\\\/#website\"},\"primaryImageOfPage\":{\"@id\":\"https:\\\/\\\/www.heatsupply.nl\\\/de\\\/produkt\\\/la-pimenterie-x-dawsons-mycelium-hot-sauce\\\/#primaryimage\"},\"image\":{\"@id\":\"https:\\\/\\\/www.heatsupply.nl\\\/de\\\/produkt\\\/la-pimenterie-x-dawsons-mycelium-hot-sauce\\\/#primaryimage\"},\"thumbnailUrl\":\"https:\\\/\\\/www.heatsupply.nl\\\/wp-content\\\/uploads\\\/2023\\\/11\\\/la-pimenterie-dawsons-mycelium-hot-sauce.jpg\",\"datePublished\":\"2023-12-01T11:18:39+00:00\",\"dateModified\":\"2026-05-14T06:54:20+00:00\",\"description\":\"Diese Zusammenarbeit zwischen La Pimenterie und Dawson's ist eine einzigartige Hot Sauce mit K\u00fcrbis, Miso, Champignons und vielem mehr. Eine echte Geschmacksbombe mit einer feinen Portion Sch\u00e4rfe.\",\"breadcrumb\":{\"@id\":\"https:\\\/\\\/www.heatsupply.nl\\\/de\\\/produkt\\\/la-pimenterie-x-dawsons-mycelium-hot-sauce\\\/#breadcrumb\"},\"inLanguage\":\"de\",\"potentialAction\":[{\"@type\":\"ReadAction\",\"target\":[\"https:\\\/\\\/www.heatsupply.nl\\\/de\\\/produkt\\\/la-pimenterie-x-dawsons-mycelium-hot-sauce\\\/\"]}]},{\"@type\":\"ImageObject\",\"inLanguage\":\"de\",\"@id\":\"https:\\\/\\\/www.heatsupply.nl\\\/de\\\/produkt\\\/la-pimenterie-x-dawsons-mycelium-hot-sauce\\\/#primaryimage\",\"url\":\"https:\\\/\\\/www.heatsupply.nl\\\/wp-content\\\/uploads\\\/2023\\\/11\\\/la-pimenterie-dawsons-mycelium-hot-sauce.jpg\",\"contentUrl\":\"https:\\\/\\\/www.heatsupply.nl\\\/wp-content\\\/uploads\\\/2023\\\/11\\\/la-pimenterie-dawsons-mycelium-hot-sauce.jpg\",\"width\":1400,\"height\":1400,\"caption\":\"La Pimenterie x Dawson's Mycelium hot sauce\"},{\"@type\":\"BreadcrumbList\",\"@id\":\"https:\\\/\\\/www.heatsupply.nl\\\/de\\\/produkt\\\/la-pimenterie-x-dawsons-mycelium-hot-sauce\\\/#breadcrumb\",\"itemListElement\":[{\"@type\":\"ListItem\",\"position\":1,\"name\":\"Home\",\"item\":\"https:\\\/\\\/www.heatsupply.nl\\\/de\\\/\"},{\"@type\":\"ListItem\",\"position\":2,\"name\":\"Alle produkten\",\"item\":\"https:\\\/\\\/www.heatsupply.nl\\\/de\\\/alle-produkten\\\/\"},{\"@type\":\"ListItem\",\"position\":3,\"name\":\"Scharfe So\u00dfen\",\"item\":\"https:\\\/\\\/www.heatsupply.nl\\\/de\\\/scharfe-sossen\\\/\"},{\"@type\":\"ListItem\",\"position\":4,\"name\":\"Habanero\",\"item\":\"https:\\\/\\\/www.heatsupply.nl\\\/de\\\/scharfe-sossen\\\/habanero\\\/\"},{\"@type\":\"ListItem\",\"position\":5,\"name\":\"La Pimenterie x Dawson&#8217;s Mycelium Hot Sauce\"}]},{\"@type\":\"WebSite\",\"@id\":\"https:\\\/\\\/www.heatsupply.nl\\\/de\\\/#website\",\"url\":\"https:\\\/\\\/www.heatsupply.nl\\\/de\\\/\",\"name\":\"Heatsupply\",\"description\":\"Hot sauce webstore #1 in Europe\",\"publisher\":{\"@id\":\"https:\\\/\\\/www.heatsupply.nl\\\/de\\\/#organization\"},\"potentialAction\":[{\"@type\":\"SearchAction\",\"target\":{\"@type\":\"EntryPoint\",\"urlTemplate\":\"https:\\\/\\\/www.heatsupply.nl\\\/de\\\/?s={search_term_string}\"},\"query-input\":{\"@type\":\"PropertyValueSpecification\",\"valueRequired\":true,\"valueName\":\"search_term_string\"}}],\"inLanguage\":\"de\"},{\"@type\":\"Organization\",\"@id\":\"https:\\\/\\\/www.heatsupply.nl\\\/de\\\/#organization\",\"name\":\"Heatsupply\",\"url\":\"https:\\\/\\\/www.heatsupply.nl\\\/de\\\/\",\"logo\":{\"@type\":\"ImageObject\",\"inLanguage\":\"de\",\"@id\":\"https:\\\/\\\/www.heatsupply.nl\\\/de\\\/#\\\/schema\\\/logo\\\/image\\\/\",\"url\":\"https:\\\/\\\/www.heatsupply.nl\\\/wp-content\\\/uploads\\\/2022\\\/10\\\/heatsupply-logo-rood.jpg\",\"contentUrl\":\"https:\\\/\\\/www.heatsupply.nl\\\/wp-content\\\/uploads\\\/2022\\\/10\\\/heatsupply-logo-rood.jpg\",\"width\":1000,\"height\":335,\"caption\":\"Heatsupply\"},\"image\":{\"@id\":\"https:\\\/\\\/www.heatsupply.nl\\\/de\\\/#\\\/schema\\\/logo\\\/image\\\/\"},\"sameAs\":[\"https:\\\/\\\/www.facebook.com\\\/heatsupplyNL\",\"https:\\\/\\\/www.instagram.com\\\/heatsuppy.nl\",\"https:\\\/\\\/www.youtube.com\\\/channel\\\/UC5pOWqQtljvxTz2SMWGWCsw\"]}]}<\/script>\n<meta property=\"product:brand\" content=\"Dawson&#039;s\" \/>\n<meta property=\"product:price:amount\" content=\"10.95\" \/>\n<meta property=\"product:price:currency\" content=\"EUR\" \/>\n<meta property=\"og:availability\" content=\"instock\" \/>\n<meta property=\"product:availability\" content=\"instock\" \/>\n<meta property=\"product:retailer_item_id\" content=\"LPXDMHS002\" \/>\n<meta property=\"product:condition\" content=\"new\" \/>\n<!-- \/ Yoast SEO Premium plugin. -->","yoast_head_json":{"title":"La Pimenterie x Dawson's Mycelium Hot Sauce - Heatsupply","description":"Diese Zusammenarbeit zwischen La Pimenterie und Dawson's ist eine einzigartige Hot Sauce mit K\u00fcrbis, Miso, Champignons und vielem mehr. Eine echte Geschmacksbombe mit einer feinen Portion Sch\u00e4rfe.","robots":{"index":"index","follow":"follow","max-snippet":"max-snippet:-1","max-image-preview":"max-image-preview:large","max-video-preview":"max-video-preview:-1"},"canonical":"https:\/\/www.heatsupply.nl\/de\/produkt\/la-pimenterie-x-dawsons-mycelium-hot-sauce\/","og_locale":"de_DE","og_type":"article","og_title":"La Pimenterie x Dawson's Mycelium Hot Sauce","og_description":"Diese Zusammenarbeit zwischen La Pimenterie und Dawson's ist eine einzigartige Hot Sauce mit K\u00fcrbis, Miso, Champignons und vielem mehr. Eine echte Geschmacksbombe mit einer feinen Portion Sch\u00e4rfe.","og_url":"https:\/\/www.heatsupply.nl\/de\/produkt\/la-pimenterie-x-dawsons-mycelium-hot-sauce\/","og_site_name":"Heatsupply","article_publisher":"https:\/\/www.facebook.com\/heatsupplyNL","article_modified_time":"2026-05-14T06:54:20+00:00","og_image":[{"width":1400,"height":1400,"url":"https:\/\/www.heatsupply.nl\/wp-content\/uploads\/2023\/11\/la-pimenterie-dawsons-mycelium-hot-sauce.jpg","type":"image\/jpeg"}],"twitter_card":"summary_large_image","twitter_misc":{"Preis":"&euro;10,95","Verf\u00fcgbarkeit":"Auf Lager"},"schema":{"@context":"https:\/\/schema.org","@graph":[{"@type":"WebPage","@id":"https:\/\/www.heatsupply.nl\/de\/produkt\/la-pimenterie-x-dawsons-mycelium-hot-sauce\/","url":"https:\/\/www.heatsupply.nl\/de\/produkt\/la-pimenterie-x-dawsons-mycelium-hot-sauce\/","name":"La Pimenterie x Dawson's Mycelium Hot Sauce - Heatsupply","isPartOf":{"@id":"https:\/\/www.heatsupply.nl\/de\/#website"},"primaryImageOfPage":{"@id":"https:\/\/www.heatsupply.nl\/de\/produkt\/la-pimenterie-x-dawsons-mycelium-hot-sauce\/#primaryimage"},"image":{"@id":"https:\/\/www.heatsupply.nl\/de\/produkt\/la-pimenterie-x-dawsons-mycelium-hot-sauce\/#primaryimage"},"thumbnailUrl":"https:\/\/www.heatsupply.nl\/wp-content\/uploads\/2023\/11\/la-pimenterie-dawsons-mycelium-hot-sauce.jpg","datePublished":"2023-12-01T11:18:39+00:00","dateModified":"2026-05-14T06:54:20+00:00","description":"Diese Zusammenarbeit zwischen La Pimenterie und Dawson's ist eine einzigartige Hot Sauce mit K\u00fcrbis, Miso, Champignons und vielem mehr. Eine echte Geschmacksbombe mit einer feinen Portion Sch\u00e4rfe.","breadcrumb":{"@id":"https:\/\/www.heatsupply.nl\/de\/produkt\/la-pimenterie-x-dawsons-mycelium-hot-sauce\/#breadcrumb"},"inLanguage":"de","potentialAction":[{"@type":"ReadAction","target":["https:\/\/www.heatsupply.nl\/de\/produkt\/la-pimenterie-x-dawsons-mycelium-hot-sauce\/"]}]},{"@type":"ImageObject","inLanguage":"de","@id":"https:\/\/www.heatsupply.nl\/de\/produkt\/la-pimenterie-x-dawsons-mycelium-hot-sauce\/#primaryimage","url":"https:\/\/www.heatsupply.nl\/wp-content\/uploads\/2023\/11\/la-pimenterie-dawsons-mycelium-hot-sauce.jpg","contentUrl":"https:\/\/www.heatsupply.nl\/wp-content\/uploads\/2023\/11\/la-pimenterie-dawsons-mycelium-hot-sauce.jpg","width":1400,"height":1400,"caption":"La Pimenterie x Dawson's Mycelium hot sauce"},{"@type":"BreadcrumbList","@id":"https:\/\/www.heatsupply.nl\/de\/produkt\/la-pimenterie-x-dawsons-mycelium-hot-sauce\/#breadcrumb","itemListElement":[{"@type":"ListItem","position":1,"name":"Home","item":"https:\/\/www.heatsupply.nl\/de\/"},{"@type":"ListItem","position":2,"name":"Alle produkten","item":"https:\/\/www.heatsupply.nl\/de\/alle-produkten\/"},{"@type":"ListItem","position":3,"name":"Scharfe So\u00dfen","item":"https:\/\/www.heatsupply.nl\/de\/scharfe-sossen\/"},{"@type":"ListItem","position":4,"name":"Habanero","item":"https:\/\/www.heatsupply.nl\/de\/scharfe-sossen\/habanero\/"},{"@type":"ListItem","position":5,"name":"La Pimenterie x Dawson&#8217;s Mycelium Hot Sauce"}]},{"@type":"WebSite","@id":"https:\/\/www.heatsupply.nl\/de\/#website","url":"https:\/\/www.heatsupply.nl\/de\/","name":"Heatsupply","description":"Hot sauce webstore #1 in Europe","publisher":{"@id":"https:\/\/www.heatsupply.nl\/de\/#organization"},"potentialAction":[{"@type":"SearchAction","target":{"@type":"EntryPoint","urlTemplate":"https:\/\/www.heatsupply.nl\/de\/?s={search_term_string}"},"query-input":{"@type":"PropertyValueSpecification","valueRequired":true,"valueName":"search_term_string"}}],"inLanguage":"de"},{"@type":"Organization","@id":"https:\/\/www.heatsupply.nl\/de\/#organization","name":"Heatsupply","url":"https:\/\/www.heatsupply.nl\/de\/","logo":{"@type":"ImageObject","inLanguage":"de","@id":"https:\/\/www.heatsupply.nl\/de\/#\/schema\/logo\/image\/","url":"https:\/\/www.heatsupply.nl\/wp-content\/uploads\/2022\/10\/heatsupply-logo-rood.jpg","contentUrl":"https:\/\/www.heatsupply.nl\/wp-content\/uploads\/2022\/10\/heatsupply-logo-rood.jpg","width":1000,"height":335,"caption":"Heatsupply"},"image":{"@id":"https:\/\/www.heatsupply.nl\/de\/#\/schema\/logo\/image\/"},"sameAs":["https:\/\/www.facebook.com\/heatsupplyNL","https:\/\/www.instagram.com\/heatsuppy.nl","https:\/\/www.youtube.com\/channel\/UC5pOWqQtljvxTz2SMWGWCsw"]}]},"product_brand":"Dawson&#039;s","product_price_amount":"10.95","product_price_currency":"EUR","og_availability":"instock","product_availability":"instock","product_retailer_item_id":"LPXDMHS002","product_condition":"new"},"_links":{"self":[{"href":"https:\/\/www.heatsupply.nl\/de\/wp-json\/wp\/v2\/product\/141288","targetHints":{"allow":["GET"]}}],"collection":[{"href":"https:\/\/www.heatsupply.nl\/de\/wp-json\/wp\/v2\/product"}],"about":[{"href":"https:\/\/www.heatsupply.nl\/de\/wp-json\/wp\/v2\/types\/product"}],"replies":[{"embeddable":true,"href":"https:\/\/www.heatsupply.nl\/de\/wp-json\/wp\/v2\/comments?post=141288"}],"wp:featuredmedia":[{"embeddable":true,"href":"https:\/\/www.heatsupply.nl\/de\/wp-json\/wp\/v2\/media\/130293"}],"wp:attachment":[{"href":"https:\/\/www.heatsupply.nl\/de\/wp-json\/wp\/v2\/media?parent=141288"}],"wp:term":[{"taxonomy":"product_brand","embeddable":true,"href":"https:\/\/www.heatsupply.nl\/de\/wp-json\/wp\/v2\/product_brand?post=141288"},{"taxonomy":"product_cat","embeddable":true,"href":"https:\/\/www.heatsupply.nl\/de\/wp-json\/wp\/v2\/product_cat?post=141288"},{"taxonomy":"product_tag","embeddable":true,"href":"https:\/\/www.heatsupply.nl\/de\/wp-json\/wp\/v2\/product_tag?post=141288"}],"curies":[{"name":"wp","href":"https:\/\/api.w.org\/{rel}","templated":true}]}}