{"id":141286,"date":"2023-12-01T09:58:03","date_gmt":"2023-12-01T08:58:03","guid":{"rendered":"https:\/\/www.heatsupply.nl\/product\/la-pimenterie-forbidden-fruit-hot-sauce-2\/"},"modified":"2026-05-15T11:29:13","modified_gmt":"2026-05-15T09:29:13","slug":"la-pimenterie-forbidden-fruit-hot-sauce","status":"publish","type":"product","link":"https:\/\/www.heatsupply.nl\/de\/produkt\/la-pimenterie-forbidden-fruit-hot-sauce\/","title":{"rendered":"La Pimenterie Forbidden Fruit Hot Sauce"},"content":{"rendered":"<p><strong>Ingredi\u00ebnten La Pimenterie Forbidden Fruit Hot Sauce:<\/strong> Ausgew\u00e4hlte scharfe Paprika (lange rote scharfe Paprika, Trinidad Scorpion Paprika, Chocolate Habanero Paprika, rote Japane\u00f1o&#8217;s, rote Habanero Paprika, Bhut Jolokia Paprika, rote Scorpion Paprika), Wasser, Essig, Franz\u00f6sische Schalotten, Infusion von Eichensp\u00e4nen, Rohrzucker, Salz, Knoblauch, Apfelessig, Xanthan-Gummi (ohne GVO).<\/p>\n<p><span style=\"text-decoration: underline;\">N\u00e4hrwerte pro 100 g:<br \/>\n<\/span>Brennwert: 40 kcal<br \/>\nFett: 0 Gramm<br \/>\ndavon ges\u00e4ttigte Fette: 0 Gramm<br \/>\nKohlenhydrate: 20 Gramm<br \/>\ndavon Zucker: &#8211;<br \/>\nEiwei\u00df: 2 Gramm<br \/>\nNatrium: 0,6 Gramm<\/p>\n<p>Vor Gebrauch gut sch\u00fctteln. Nach dem \u00d6ffnen k\u00fchl lagern.<\/p>\n","protected":false},"excerpt":{"rendered":"<p><span style=\"font-weight: 500;\">Diese La Pimenterie Forbidden Fruit Hot Sauce, oder le Fruit D\u00e9fendu, wie es auf Franz\u00f6sisch hei\u00dft, ist die sch\u00e4rfste Sauce der kanadischen Marke. Bei der Herstellung wurden 7(!) verschiedene fermentierte Pfeffersorten verwendet, was f\u00fcr einen unverwechselbaren, funky Geschmack mit extremer Sch\u00e4rfe sorgt. Franz\u00f6sische Schalotten, Rohrzucker, Knoblauch, Apfelessig und Eichensp\u00e4ne sorgen f\u00fcr zus\u00e4tzliche Tiefe. Eine Sauce f\u00fcr echte Sch\u00e4rfefans. Sehr vielseitig und f\u00fcr so ziemlich alles geeignet, was eine ordentliche Portion Extra-Sch\u00e4rfe vertragen kann.<\/span><\/p>\n<p><span style=\"font-weight: 500;\">Herkunft: Montr\u00e9al, Kanada<\/span><\/p>\n<p><span style=\"font-weight: 500;\">Inhalt: 148 ml<\/span><\/p>\n","protected":false},"featured_media":130302,"comment_status":"open","ping_status":"closed","template":"","meta":{"_acf_changed":false},"product_brand":[],"product_cat":[3918,3931,3913,3789,3915,3787,4046,3936],"product_tag":[],"class_list":{"0":"post-141286","1":"product","2":"type-product","3":"status-publish","4":"has-post-thumbnail","6":"product_cat-extrem-scharf","7":"product_cat-ghost-pepper","8":"product_cat-habanero","9":"product_cat-hot-ones-saucen","10":"product_cat-jalapeno","11":"product_cat-scharfe-sossen","12":"product_cat-spicy","13":"product_cat-trinidad-scorpion","15":"first","16":"instock","17":"taxable","18":"shipping-taxable","19":"purchasable","20":"product-type-simple"},"bundled_by":["141942","141998"],"bundle_stock_status":"instock","bundle_stock_quantity":29,"bundle_virtual":false,"bundle_layout":"","bundle_add_to_cart_form_location":"","bundle_editable_in_cart":false,"bundle_sold_individually_context":"","bundle_item_grouping":"","bundle_min_size":"","bundle_max_size":"","bundle_price":[],"bundled_items":[],"bundle_sell_ids":[],"acf":[],"yoast_head":"<!-- This site is optimized with the Yoast SEO Premium plugin v27.5 (Yoast SEO v27.5) - https:\/\/yoast.com\/product\/yoast-seo-premium-wordpress\/ -->\n<title>La Pimenterie Forbidden Fruit Hot Sauce - Heatsupply<\/title>\n<meta name=\"description\" content=\"La Pimenterie Forbidden Fruit Hot Sauce ist eine extrem scharfe Sauce mit 7 verschiedenen fermentierten Pfeffersorten. F\u00fcr echte Sch\u00e4rfefans!\" \/>\n<meta name=\"robots\" content=\"index, follow, max-snippet:-1, max-image-preview:large, max-video-preview:-1\" \/>\n<link rel=\"canonical\" href=\"https:\/\/www.heatsupply.nl\/de\/produkt\/la-pimenterie-forbidden-fruit-hot-sauce\/\" \/>\n<meta property=\"og:locale\" content=\"de_DE\" \/>\n<meta property=\"og:type\" content=\"article\" \/>\n<meta property=\"og:title\" content=\"La Pimenterie Forbidden Fruit Hot Sauce\" \/>\n<meta property=\"og:description\" content=\"La Pimenterie Forbidden Fruit Hot Sauce ist eine extrem scharfe Sauce mit 7 verschiedenen fermentierten Pfeffersorten. F\u00fcr echte Sch\u00e4rfefans!\" \/>\n<meta property=\"og:url\" content=\"https:\/\/www.heatsupply.nl\/de\/produkt\/la-pimenterie-forbidden-fruit-hot-sauce\/\" \/>\n<meta property=\"og:site_name\" content=\"Heatsupply\" \/>\n<meta property=\"article:publisher\" content=\"https:\/\/www.facebook.com\/heatsupplyNL\" \/>\n<meta property=\"article:modified_time\" content=\"2026-05-15T09:29:13+00:00\" \/>\n<meta property=\"og:image\" content=\"https:\/\/www.heatsupply.nl\/wp-content\/uploads\/2023\/11\/la-pimenterie-le-fruit-defendu-hot-sauce.jpg\" \/>\n\t<meta property=\"og:image:width\" content=\"1400\" \/>\n\t<meta property=\"og:image:height\" content=\"1400\" \/>\n\t<meta property=\"og:image:type\" content=\"image\/jpeg\" \/>\n<meta name=\"twitter:card\" content=\"summary_large_image\" \/>\n<meta name=\"twitter:label1\" content=\"Preis\" \/>\n\t<meta name=\"twitter:data1\" content=\"&euro;10,95\" \/>\n\t<meta name=\"twitter:label2\" content=\"Verf\u00fcgbarkeit\" \/>\n\t<meta name=\"twitter:data2\" content=\"Auf Lager\" \/>\n<script type=\"application\/ld+json\" class=\"yoast-schema-graph\">{\"@context\":\"https:\\\/\\\/schema.org\",\"@graph\":[{\"@type\":\"WebPage\",\"@id\":\"https:\\\/\\\/www.heatsupply.nl\\\/de\\\/produkt\\\/la-pimenterie-forbidden-fruit-hot-sauce\\\/\",\"url\":\"https:\\\/\\\/www.heatsupply.nl\\\/de\\\/produkt\\\/la-pimenterie-forbidden-fruit-hot-sauce\\\/\",\"name\":\"La Pimenterie Forbidden Fruit Hot Sauce - Heatsupply\",\"isPartOf\":{\"@id\":\"https:\\\/\\\/www.heatsupply.nl\\\/de\\\/#website\"},\"primaryImageOfPage\":{\"@id\":\"https:\\\/\\\/www.heatsupply.nl\\\/de\\\/produkt\\\/la-pimenterie-forbidden-fruit-hot-sauce\\\/#primaryimage\"},\"image\":{\"@id\":\"https:\\\/\\\/www.heatsupply.nl\\\/de\\\/produkt\\\/la-pimenterie-forbidden-fruit-hot-sauce\\\/#primaryimage\"},\"thumbnailUrl\":\"https:\\\/\\\/www.heatsupply.nl\\\/wp-content\\\/uploads\\\/2023\\\/11\\\/la-pimenterie-le-fruit-defendu-hot-sauce.jpg\",\"datePublished\":\"2023-12-01T08:58:03+00:00\",\"dateModified\":\"2026-05-15T09:29:13+00:00\",\"description\":\"La Pimenterie Forbidden Fruit Hot Sauce ist eine extrem scharfe Sauce mit 7 verschiedenen fermentierten Pfeffersorten. F\u00fcr echte Sch\u00e4rfefans!\",\"breadcrumb\":{\"@id\":\"https:\\\/\\\/www.heatsupply.nl\\\/de\\\/produkt\\\/la-pimenterie-forbidden-fruit-hot-sauce\\\/#breadcrumb\"},\"inLanguage\":\"de\",\"potentialAction\":[{\"@type\":\"ReadAction\",\"target\":[\"https:\\\/\\\/www.heatsupply.nl\\\/de\\\/produkt\\\/la-pimenterie-forbidden-fruit-hot-sauce\\\/\"]}]},{\"@type\":\"ImageObject\",\"inLanguage\":\"de\",\"@id\":\"https:\\\/\\\/www.heatsupply.nl\\\/de\\\/produkt\\\/la-pimenterie-forbidden-fruit-hot-sauce\\\/#primaryimage\",\"url\":\"https:\\\/\\\/www.heatsupply.nl\\\/wp-content\\\/uploads\\\/2023\\\/11\\\/la-pimenterie-le-fruit-defendu-hot-sauce.jpg\",\"contentUrl\":\"https:\\\/\\\/www.heatsupply.nl\\\/wp-content\\\/uploads\\\/2023\\\/11\\\/la-pimenterie-le-fruit-defendu-hot-sauce.jpg\",\"width\":1400,\"height\":1400,\"caption\":\"La Pimenterie Forbidden Fruit hot sauce\"},{\"@type\":\"BreadcrumbList\",\"@id\":\"https:\\\/\\\/www.heatsupply.nl\\\/de\\\/produkt\\\/la-pimenterie-forbidden-fruit-hot-sauce\\\/#breadcrumb\",\"itemListElement\":[{\"@type\":\"ListItem\",\"position\":1,\"name\":\"Home\",\"item\":\"https:\\\/\\\/www.heatsupply.nl\\\/de\\\/\"},{\"@type\":\"ListItem\",\"position\":2,\"name\":\"Alle produkten\",\"item\":\"https:\\\/\\\/www.heatsupply.nl\\\/de\\\/alle-produkten\\\/\"},{\"@type\":\"ListItem\",\"position\":3,\"name\":\"Scharfe So\u00dfen\",\"item\":\"https:\\\/\\\/www.heatsupply.nl\\\/de\\\/scharfe-sossen\\\/\"},{\"@type\":\"ListItem\",\"position\":4,\"name\":\"Extrem Scharf\",\"item\":\"https:\\\/\\\/www.heatsupply.nl\\\/de\\\/scharfe-sossen\\\/extrem-scharf\\\/\"},{\"@type\":\"ListItem\",\"position\":5,\"name\":\"La Pimenterie Forbidden Fruit Hot Sauce\"}]},{\"@type\":\"WebSite\",\"@id\":\"https:\\\/\\\/www.heatsupply.nl\\\/de\\\/#website\",\"url\":\"https:\\\/\\\/www.heatsupply.nl\\\/de\\\/\",\"name\":\"Heatsupply\",\"description\":\"Hot sauce webstore #1 in Europe\",\"publisher\":{\"@id\":\"https:\\\/\\\/www.heatsupply.nl\\\/de\\\/#organization\"},\"potentialAction\":[{\"@type\":\"SearchAction\",\"target\":{\"@type\":\"EntryPoint\",\"urlTemplate\":\"https:\\\/\\\/www.heatsupply.nl\\\/de\\\/?s={search_term_string}\"},\"query-input\":{\"@type\":\"PropertyValueSpecification\",\"valueRequired\":true,\"valueName\":\"search_term_string\"}}],\"inLanguage\":\"de\"},{\"@type\":\"Organization\",\"@id\":\"https:\\\/\\\/www.heatsupply.nl\\\/de\\\/#organization\",\"name\":\"Heatsupply\",\"url\":\"https:\\\/\\\/www.heatsupply.nl\\\/de\\\/\",\"logo\":{\"@type\":\"ImageObject\",\"inLanguage\":\"de\",\"@id\":\"https:\\\/\\\/www.heatsupply.nl\\\/de\\\/#\\\/schema\\\/logo\\\/image\\\/\",\"url\":\"https:\\\/\\\/www.heatsupply.nl\\\/wp-content\\\/uploads\\\/2022\\\/10\\\/heatsupply-logo-rood.jpg\",\"contentUrl\":\"https:\\\/\\\/www.heatsupply.nl\\\/wp-content\\\/uploads\\\/2022\\\/10\\\/heatsupply-logo-rood.jpg\",\"width\":1000,\"height\":335,\"caption\":\"Heatsupply\"},\"image\":{\"@id\":\"https:\\\/\\\/www.heatsupply.nl\\\/de\\\/#\\\/schema\\\/logo\\\/image\\\/\"},\"sameAs\":[\"https:\\\/\\\/www.facebook.com\\\/heatsupplyNL\",\"https:\\\/\\\/www.instagram.com\\\/heatsuppy.nl\",\"https:\\\/\\\/www.youtube.com\\\/channel\\\/UC5pOWqQtljvxTz2SMWGWCsw\"]}]}<\/script>\n<meta property=\"product:brand\" content=\"La Pimenterie\" \/>\n<meta property=\"product:price:amount\" content=\"10.95\" \/>\n<meta property=\"product:price:currency\" content=\"EUR\" \/>\n<meta property=\"og:availability\" content=\"instock\" \/>\n<meta property=\"product:availability\" content=\"instock\" \/>\n<meta property=\"product:retailer_item_id\" content=\"LPFFHS003\" \/>\n<meta property=\"product:condition\" content=\"new\" \/>\n<!-- \/ Yoast SEO Premium plugin. -->","yoast_head_json":{"title":"La Pimenterie Forbidden Fruit Hot Sauce - Heatsupply","description":"La Pimenterie Forbidden Fruit Hot Sauce ist eine extrem scharfe Sauce mit 7 verschiedenen fermentierten Pfeffersorten. F\u00fcr echte Sch\u00e4rfefans!","robots":{"index":"index","follow":"follow","max-snippet":"max-snippet:-1","max-image-preview":"max-image-preview:large","max-video-preview":"max-video-preview:-1"},"canonical":"https:\/\/www.heatsupply.nl\/de\/produkt\/la-pimenterie-forbidden-fruit-hot-sauce\/","og_locale":"de_DE","og_type":"article","og_title":"La Pimenterie Forbidden Fruit Hot Sauce","og_description":"La Pimenterie Forbidden Fruit Hot Sauce ist eine extrem scharfe Sauce mit 7 verschiedenen fermentierten Pfeffersorten. F\u00fcr echte Sch\u00e4rfefans!","og_url":"https:\/\/www.heatsupply.nl\/de\/produkt\/la-pimenterie-forbidden-fruit-hot-sauce\/","og_site_name":"Heatsupply","article_publisher":"https:\/\/www.facebook.com\/heatsupplyNL","article_modified_time":"2026-05-15T09:29:13+00:00","og_image":[{"width":1400,"height":1400,"url":"https:\/\/www.heatsupply.nl\/wp-content\/uploads\/2023\/11\/la-pimenterie-le-fruit-defendu-hot-sauce.jpg","type":"image\/jpeg"}],"twitter_card":"summary_large_image","twitter_misc":{"Preis":"&euro;10,95","Verf\u00fcgbarkeit":"Auf Lager"},"schema":{"@context":"https:\/\/schema.org","@graph":[{"@type":"WebPage","@id":"https:\/\/www.heatsupply.nl\/de\/produkt\/la-pimenterie-forbidden-fruit-hot-sauce\/","url":"https:\/\/www.heatsupply.nl\/de\/produkt\/la-pimenterie-forbidden-fruit-hot-sauce\/","name":"La Pimenterie Forbidden Fruit Hot Sauce - Heatsupply","isPartOf":{"@id":"https:\/\/www.heatsupply.nl\/de\/#website"},"primaryImageOfPage":{"@id":"https:\/\/www.heatsupply.nl\/de\/produkt\/la-pimenterie-forbidden-fruit-hot-sauce\/#primaryimage"},"image":{"@id":"https:\/\/www.heatsupply.nl\/de\/produkt\/la-pimenterie-forbidden-fruit-hot-sauce\/#primaryimage"},"thumbnailUrl":"https:\/\/www.heatsupply.nl\/wp-content\/uploads\/2023\/11\/la-pimenterie-le-fruit-defendu-hot-sauce.jpg","datePublished":"2023-12-01T08:58:03+00:00","dateModified":"2026-05-15T09:29:13+00:00","description":"La Pimenterie Forbidden Fruit Hot Sauce ist eine extrem scharfe Sauce mit 7 verschiedenen fermentierten Pfeffersorten. F\u00fcr echte Sch\u00e4rfefans!","breadcrumb":{"@id":"https:\/\/www.heatsupply.nl\/de\/produkt\/la-pimenterie-forbidden-fruit-hot-sauce\/#breadcrumb"},"inLanguage":"de","potentialAction":[{"@type":"ReadAction","target":["https:\/\/www.heatsupply.nl\/de\/produkt\/la-pimenterie-forbidden-fruit-hot-sauce\/"]}]},{"@type":"ImageObject","inLanguage":"de","@id":"https:\/\/www.heatsupply.nl\/de\/produkt\/la-pimenterie-forbidden-fruit-hot-sauce\/#primaryimage","url":"https:\/\/www.heatsupply.nl\/wp-content\/uploads\/2023\/11\/la-pimenterie-le-fruit-defendu-hot-sauce.jpg","contentUrl":"https:\/\/www.heatsupply.nl\/wp-content\/uploads\/2023\/11\/la-pimenterie-le-fruit-defendu-hot-sauce.jpg","width":1400,"height":1400,"caption":"La Pimenterie Forbidden Fruit hot sauce"},{"@type":"BreadcrumbList","@id":"https:\/\/www.heatsupply.nl\/de\/produkt\/la-pimenterie-forbidden-fruit-hot-sauce\/#breadcrumb","itemListElement":[{"@type":"ListItem","position":1,"name":"Home","item":"https:\/\/www.heatsupply.nl\/de\/"},{"@type":"ListItem","position":2,"name":"Alle produkten","item":"https:\/\/www.heatsupply.nl\/de\/alle-produkten\/"},{"@type":"ListItem","position":3,"name":"Scharfe So\u00dfen","item":"https:\/\/www.heatsupply.nl\/de\/scharfe-sossen\/"},{"@type":"ListItem","position":4,"name":"Extrem Scharf","item":"https:\/\/www.heatsupply.nl\/de\/scharfe-sossen\/extrem-scharf\/"},{"@type":"ListItem","position":5,"name":"La Pimenterie Forbidden Fruit Hot Sauce"}]},{"@type":"WebSite","@id":"https:\/\/www.heatsupply.nl\/de\/#website","url":"https:\/\/www.heatsupply.nl\/de\/","name":"Heatsupply","description":"Hot sauce webstore #1 in Europe","publisher":{"@id":"https:\/\/www.heatsupply.nl\/de\/#organization"},"potentialAction":[{"@type":"SearchAction","target":{"@type":"EntryPoint","urlTemplate":"https:\/\/www.heatsupply.nl\/de\/?s={search_term_string}"},"query-input":{"@type":"PropertyValueSpecification","valueRequired":true,"valueName":"search_term_string"}}],"inLanguage":"de"},{"@type":"Organization","@id":"https:\/\/www.heatsupply.nl\/de\/#organization","name":"Heatsupply","url":"https:\/\/www.heatsupply.nl\/de\/","logo":{"@type":"ImageObject","inLanguage":"de","@id":"https:\/\/www.heatsupply.nl\/de\/#\/schema\/logo\/image\/","url":"https:\/\/www.heatsupply.nl\/wp-content\/uploads\/2022\/10\/heatsupply-logo-rood.jpg","contentUrl":"https:\/\/www.heatsupply.nl\/wp-content\/uploads\/2022\/10\/heatsupply-logo-rood.jpg","width":1000,"height":335,"caption":"Heatsupply"},"image":{"@id":"https:\/\/www.heatsupply.nl\/de\/#\/schema\/logo\/image\/"},"sameAs":["https:\/\/www.facebook.com\/heatsupplyNL","https:\/\/www.instagram.com\/heatsuppy.nl","https:\/\/www.youtube.com\/channel\/UC5pOWqQtljvxTz2SMWGWCsw"]}]},"product_brand":"La Pimenterie","product_price_amount":"10.95","product_price_currency":"EUR","og_availability":"instock","product_availability":"instock","product_retailer_item_id":"LPFFHS003","product_condition":"new"},"_links":{"self":[{"href":"https:\/\/www.heatsupply.nl\/de\/wp-json\/wp\/v2\/product\/141286","targetHints":{"allow":["GET"]}}],"collection":[{"href":"https:\/\/www.heatsupply.nl\/de\/wp-json\/wp\/v2\/product"}],"about":[{"href":"https:\/\/www.heatsupply.nl\/de\/wp-json\/wp\/v2\/types\/product"}],"replies":[{"embeddable":true,"href":"https:\/\/www.heatsupply.nl\/de\/wp-json\/wp\/v2\/comments?post=141286"}],"wp:featuredmedia":[{"embeddable":true,"href":"https:\/\/www.heatsupply.nl\/de\/wp-json\/wp\/v2\/media\/130302"}],"wp:attachment":[{"href":"https:\/\/www.heatsupply.nl\/de\/wp-json\/wp\/v2\/media?parent=141286"}],"wp:term":[{"taxonomy":"product_brand","embeddable":true,"href":"https:\/\/www.heatsupply.nl\/de\/wp-json\/wp\/v2\/product_brand?post=141286"},{"taxonomy":"product_cat","embeddable":true,"href":"https:\/\/www.heatsupply.nl\/de\/wp-json\/wp\/v2\/product_cat?post=141286"},{"taxonomy":"product_tag","embeddable":true,"href":"https:\/\/www.heatsupply.nl\/de\/wp-json\/wp\/v2\/product_tag?post=141286"}],"curies":[{"name":"wp","href":"https:\/\/api.w.org\/{rel}","templated":true}]}}