{"id":141266,"date":"2023-10-29T15:10:47","date_gmt":"2023-10-29T14:10:47","guid":{"rendered":"https:\/\/www.heatsupply.nl\/product\/trouble-spice-yum-phrik-thai-crispy-chilli-oil-2\/"},"modified":"2026-04-23T15:30:48","modified_gmt":"2026-04-23T13:30:48","slug":"trouble-spice-yum-phrik-thai-crispy-chilli-oil","status":"publish","type":"product","link":"https:\/\/www.heatsupply.nl\/de\/produkt\/trouble-spice-yum-phrik-thai-crispy-chilli-oil\/","title":{"rendered":"Trouble &amp; Spice Yum Phrik &#8211; Thai Crispy Chilli Oil"},"content":{"rendered":"<p><strong>Trouble &amp; Spice Yum Phrik \u2013 Thai Crispy Chilli Oil<\/strong>: Sonnenblumen\u00f6l (70 %), Chili (5 %), Klebreis, Ingwer, Knoblauch, Zwiebeln, Zitronengras, Limettenbl\u00e4tter, Kokosbl\u00fctenzucker, Salz.<\/p>\n<p>Allergene: Kann WEIZEN, N\u00dcSSE und MILCHPRODUKTE enthalten.<\/p>\n<p><span style=\"text-decoration: underline;\">N\u00e4hrwerte pro 100 g<\/span>:<br \/>\nEnergie: 2804 kJ\/681 kcal<br \/>\nFett: 70,7 g<br \/>\ndavon ges\u00e4ttigte Fetts\u00e4uren: 7,8 g<br \/>\nKohlenhydrate: 8,6 g<br \/>\ndavon Zucker: 2,8 g<br \/>\nEiwei\u00df: 1,5 g<br \/>\nSalz: 0,32 g<\/p>\n","protected":false},"excerpt":{"rendered":"<p><span style=\"font-weight: 500;\">Diese Trouble &amp; Spice Yum Phrik ist ein knuspriges Chili-\u00d6l mit thail\u00e4ndischer Inspiration, hergestellt aus einer einzigartigen Mischung von knusprigen Kaffir-Limettenbl\u00e4ttern, ger\u00f6stetem Klebreis, Ingwer, Zitronengras, Knoblauch, Zwiebeln und Chili. R\u00fchre es durch Nudeln f\u00fcr eine einfache, aber k\u00f6stliche Mahlzeit. Probiere auch einen Gurkensalat mit Yum Phrik oder gib dieses knusprige Chili-\u00d6l \u00fcber Grillspie\u00dfe.<\/span><\/p>\n<p><span style=\"font-weight: 500;\">Ursprung: Rotterdam, Niederlande<\/span><\/p>\n<p><span style=\"font-weight: 500;\">Inhalt: 200 ml<\/span><\/p>\n","protected":false},"featured_media":141267,"comment_status":"open","ping_status":"closed","template":"","meta":{"_acf_changed":false},"product_brand":[],"product_cat":[3909,4046],"product_tag":[],"class_list":{"0":"post-141266","1":"product","2":"type-product","3":"status-publish","4":"has-post-thumbnail","6":"product_cat-crispy-chilioel","7":"product_cat-spicy","9":"first","10":"outofstock","11":"taxable","12":"shipping-taxable","13":"purchasable","14":"product-type-simple"},"bundled_by":["190773"],"bundle_stock_status":"outofstock","bundle_stock_quantity":0,"bundle_virtual":false,"bundle_layout":"","bundle_add_to_cart_form_location":"","bundle_editable_in_cart":false,"bundle_sold_individually_context":"","bundle_item_grouping":"","bundle_min_size":"","bundle_max_size":"","bundle_price":[],"bundled_items":[],"bundle_sell_ids":[],"acf":[],"yoast_head":"<!-- This site is optimized with the Yoast SEO Premium plugin v27.4 (Yoast SEO v27.4) - https:\/\/yoast.com\/product\/yoast-seo-premium-wordpress\/ -->\n<title>Trouble &amp; Spice Yum Phrik - Thai Crispy Chilli Oil - Heatsupply<\/title>\n<meta name=\"description\" content=\"Diese Trouble &amp; Spice Yum Phrik ist eine knusprige Chili-\u00d6l, inspiriert von Thailand und hergestellt mit Kaffir-Limettenbl\u00e4ttern, ger\u00f6stetem Reis, Ingwer und Zitronengras.\" \/>\n<meta name=\"robots\" content=\"index, follow, max-snippet:-1, max-image-preview:large, max-video-preview:-1\" \/>\n<link rel=\"canonical\" href=\"https:\/\/www.heatsupply.nl\/de\/produkt\/trouble-spice-yum-phrik-thai-crispy-chilli-oil\/\" \/>\n<meta property=\"og:locale\" content=\"de_DE\" \/>\n<meta property=\"og:type\" content=\"article\" \/>\n<meta property=\"og:title\" content=\"Trouble &amp; Spice Yum Phrik - Thai Crispy Chilli Oil\" \/>\n<meta property=\"og:description\" content=\"Diese Trouble &amp; Spice Yum Phrik ist eine knusprige Chili-\u00d6l, inspiriert von Thailand und hergestellt mit Kaffir-Limettenbl\u00e4ttern, ger\u00f6stetem Reis, Ingwer und Zitronengras.\" \/>\n<meta property=\"og:url\" content=\"https:\/\/www.heatsupply.nl\/de\/produkt\/trouble-spice-yum-phrik-thai-crispy-chilli-oil\/\" \/>\n<meta property=\"og:site_name\" content=\"Heatsupply\" \/>\n<meta property=\"article:publisher\" content=\"https:\/\/www.facebook.com\/heatsupplyNL\" \/>\n<meta property=\"article:modified_time\" content=\"2026-04-23T13:30:48+00:00\" \/>\n<meta property=\"og:image\" content=\"https:\/\/www.heatsupply.nl\/wp-content\/uploads\/2023\/10\/trouble-spice-yum-phrik-thai-crispy-chilli-oil.jpg\" \/>\n\t<meta property=\"og:image:width\" content=\"1400\" \/>\n\t<meta property=\"og:image:height\" content=\"1400\" \/>\n\t<meta property=\"og:image:type\" content=\"image\/jpeg\" \/>\n<meta name=\"twitter:card\" content=\"summary_large_image\" \/>\n<meta name=\"twitter:label1\" content=\"Preis\" \/>\n\t<meta name=\"twitter:data1\" content=\"&euro;9,95\" \/>\n\t<meta name=\"twitter:label2\" content=\"Verf\u00fcgbarkeit\" \/>\n\t<meta name=\"twitter:data2\" content=\"ausverkauft\" \/>\n<script type=\"application\/ld+json\" class=\"yoast-schema-graph\">{\"@context\":\"https:\\\/\\\/schema.org\",\"@graph\":[{\"@type\":\"WebPage\",\"@id\":\"https:\\\/\\\/www.heatsupply.nl\\\/de\\\/produkt\\\/trouble-spice-yum-phrik-thai-crispy-chilli-oil\\\/\",\"url\":\"https:\\\/\\\/www.heatsupply.nl\\\/de\\\/produkt\\\/trouble-spice-yum-phrik-thai-crispy-chilli-oil\\\/\",\"name\":\"Trouble &amp; Spice Yum Phrik - Thai Crispy Chilli Oil - Heatsupply\",\"isPartOf\":{\"@id\":\"https:\\\/\\\/www.heatsupply.nl\\\/de\\\/#website\"},\"primaryImageOfPage\":{\"@id\":\"https:\\\/\\\/www.heatsupply.nl\\\/de\\\/produkt\\\/trouble-spice-yum-phrik-thai-crispy-chilli-oil\\\/#primaryimage\"},\"image\":{\"@id\":\"https:\\\/\\\/www.heatsupply.nl\\\/de\\\/produkt\\\/trouble-spice-yum-phrik-thai-crispy-chilli-oil\\\/#primaryimage\"},\"thumbnailUrl\":\"https:\\\/\\\/www.heatsupply.nl\\\/wp-content\\\/uploads\\\/2023\\\/10\\\/trouble-spice-yum-phrik-thai-crispy-chilli-oil.jpg\",\"datePublished\":\"2023-10-29T14:10:47+00:00\",\"dateModified\":\"2026-04-23T13:30:48+00:00\",\"description\":\"Diese Trouble & Spice Yum Phrik ist eine knusprige Chili-\u00d6l, inspiriert von Thailand und hergestellt mit Kaffir-Limettenbl\u00e4ttern, ger\u00f6stetem Reis, Ingwer und Zitronengras.\",\"breadcrumb\":{\"@id\":\"https:\\\/\\\/www.heatsupply.nl\\\/de\\\/produkt\\\/trouble-spice-yum-phrik-thai-crispy-chilli-oil\\\/#breadcrumb\"},\"inLanguage\":\"de\",\"potentialAction\":[{\"@type\":\"ReadAction\",\"target\":[\"https:\\\/\\\/www.heatsupply.nl\\\/de\\\/produkt\\\/trouble-spice-yum-phrik-thai-crispy-chilli-oil\\\/\"]}]},{\"@type\":\"ImageObject\",\"inLanguage\":\"de\",\"@id\":\"https:\\\/\\\/www.heatsupply.nl\\\/de\\\/produkt\\\/trouble-spice-yum-phrik-thai-crispy-chilli-oil\\\/#primaryimage\",\"url\":\"https:\\\/\\\/www.heatsupply.nl\\\/wp-content\\\/uploads\\\/2023\\\/10\\\/trouble-spice-yum-phrik-thai-crispy-chilli-oil.jpg\",\"contentUrl\":\"https:\\\/\\\/www.heatsupply.nl\\\/wp-content\\\/uploads\\\/2023\\\/10\\\/trouble-spice-yum-phrik-thai-crispy-chilli-oil.jpg\",\"width\":1400,\"height\":1400},{\"@type\":\"BreadcrumbList\",\"@id\":\"https:\\\/\\\/www.heatsupply.nl\\\/de\\\/produkt\\\/trouble-spice-yum-phrik-thai-crispy-chilli-oil\\\/#breadcrumb\",\"itemListElement\":[{\"@type\":\"ListItem\",\"position\":1,\"name\":\"Home\",\"item\":\"https:\\\/\\\/www.heatsupply.nl\\\/de\\\/\"},{\"@type\":\"ListItem\",\"position\":2,\"name\":\"Alle produkten\",\"item\":\"https:\\\/\\\/www.heatsupply.nl\\\/de\\\/alle-produkten\\\/\"},{\"@type\":\"ListItem\",\"position\":3,\"name\":\"Crispy Chili Oil\",\"item\":\"https:\\\/\\\/www.heatsupply.nl\\\/de\\\/crispy-chilioel\\\/\"},{\"@type\":\"ListItem\",\"position\":4,\"name\":\"Trouble &amp; Spice Yum Phrik &#8211; Thai Crispy Chilli Oil\"}]},{\"@type\":\"WebSite\",\"@id\":\"https:\\\/\\\/www.heatsupply.nl\\\/de\\\/#website\",\"url\":\"https:\\\/\\\/www.heatsupply.nl\\\/de\\\/\",\"name\":\"Heatsupply\",\"description\":\"Hot sauce webstore #1 in Europe\",\"publisher\":{\"@id\":\"https:\\\/\\\/www.heatsupply.nl\\\/de\\\/#organization\"},\"potentialAction\":[{\"@type\":\"SearchAction\",\"target\":{\"@type\":\"EntryPoint\",\"urlTemplate\":\"https:\\\/\\\/www.heatsupply.nl\\\/de\\\/?s={search_term_string}\"},\"query-input\":{\"@type\":\"PropertyValueSpecification\",\"valueRequired\":true,\"valueName\":\"search_term_string\"}}],\"inLanguage\":\"de\"},{\"@type\":\"Organization\",\"@id\":\"https:\\\/\\\/www.heatsupply.nl\\\/de\\\/#organization\",\"name\":\"Heatsupply\",\"url\":\"https:\\\/\\\/www.heatsupply.nl\\\/de\\\/\",\"logo\":{\"@type\":\"ImageObject\",\"inLanguage\":\"de\",\"@id\":\"https:\\\/\\\/www.heatsupply.nl\\\/de\\\/#\\\/schema\\\/logo\\\/image\\\/\",\"url\":\"https:\\\/\\\/www.heatsupply.nl\\\/wp-content\\\/uploads\\\/2022\\\/10\\\/heatsupply-logo-rood.jpg\",\"contentUrl\":\"https:\\\/\\\/www.heatsupply.nl\\\/wp-content\\\/uploads\\\/2022\\\/10\\\/heatsupply-logo-rood.jpg\",\"width\":1000,\"height\":335,\"caption\":\"Heatsupply\"},\"image\":{\"@id\":\"https:\\\/\\\/www.heatsupply.nl\\\/de\\\/#\\\/schema\\\/logo\\\/image\\\/\"},\"sameAs\":[\"https:\\\/\\\/www.facebook.com\\\/heatsupplyNL\",\"https:\\\/\\\/www.instagram.com\\\/heatsuppy.nl\",\"https:\\\/\\\/www.youtube.com\\\/channel\\\/UC5pOWqQtljvxTz2SMWGWCsw\"]}]}<\/script>\n<meta property=\"product:price:amount\" content=\"9.95\" \/>\n<meta property=\"product:price:currency\" content=\"EUR\" \/>\n<meta property=\"og:availability\" content=\"out of stock\" \/>\n<meta property=\"product:availability\" content=\"out of stock\" \/>\n<meta property=\"product:retailer_item_id\" content=\"TASYPTCCO003\" \/>\n<meta property=\"product:condition\" content=\"new\" \/>\n<!-- \/ Yoast SEO Premium plugin. -->","yoast_head_json":{"title":"Trouble &amp; Spice Yum Phrik - Thai Crispy Chilli Oil - Heatsupply","description":"Diese Trouble & Spice Yum Phrik ist eine knusprige Chili-\u00d6l, inspiriert von Thailand und hergestellt mit Kaffir-Limettenbl\u00e4ttern, ger\u00f6stetem Reis, Ingwer und Zitronengras.","robots":{"index":"index","follow":"follow","max-snippet":"max-snippet:-1","max-image-preview":"max-image-preview:large","max-video-preview":"max-video-preview:-1"},"canonical":"https:\/\/www.heatsupply.nl\/de\/produkt\/trouble-spice-yum-phrik-thai-crispy-chilli-oil\/","og_locale":"de_DE","og_type":"article","og_title":"Trouble &amp; Spice Yum Phrik - Thai Crispy Chilli Oil","og_description":"Diese Trouble & Spice Yum Phrik ist eine knusprige Chili-\u00d6l, inspiriert von Thailand und hergestellt mit Kaffir-Limettenbl\u00e4ttern, ger\u00f6stetem Reis, Ingwer und Zitronengras.","og_url":"https:\/\/www.heatsupply.nl\/de\/produkt\/trouble-spice-yum-phrik-thai-crispy-chilli-oil\/","og_site_name":"Heatsupply","article_publisher":"https:\/\/www.facebook.com\/heatsupplyNL","article_modified_time":"2026-04-23T13:30:48+00:00","og_image":[{"width":1400,"height":1400,"url":"https:\/\/www.heatsupply.nl\/wp-content\/uploads\/2023\/10\/trouble-spice-yum-phrik-thai-crispy-chilli-oil.jpg","type":"image\/jpeg"}],"twitter_card":"summary_large_image","twitter_misc":{"Preis":"&euro;9,95","Verf\u00fcgbarkeit":"ausverkauft"},"schema":{"@context":"https:\/\/schema.org","@graph":[{"@type":"WebPage","@id":"https:\/\/www.heatsupply.nl\/de\/produkt\/trouble-spice-yum-phrik-thai-crispy-chilli-oil\/","url":"https:\/\/www.heatsupply.nl\/de\/produkt\/trouble-spice-yum-phrik-thai-crispy-chilli-oil\/","name":"Trouble &amp; Spice Yum Phrik - Thai Crispy Chilli Oil - Heatsupply","isPartOf":{"@id":"https:\/\/www.heatsupply.nl\/de\/#website"},"primaryImageOfPage":{"@id":"https:\/\/www.heatsupply.nl\/de\/produkt\/trouble-spice-yum-phrik-thai-crispy-chilli-oil\/#primaryimage"},"image":{"@id":"https:\/\/www.heatsupply.nl\/de\/produkt\/trouble-spice-yum-phrik-thai-crispy-chilli-oil\/#primaryimage"},"thumbnailUrl":"https:\/\/www.heatsupply.nl\/wp-content\/uploads\/2023\/10\/trouble-spice-yum-phrik-thai-crispy-chilli-oil.jpg","datePublished":"2023-10-29T14:10:47+00:00","dateModified":"2026-04-23T13:30:48+00:00","description":"Diese Trouble & Spice Yum Phrik ist eine knusprige Chili-\u00d6l, inspiriert von Thailand und hergestellt mit Kaffir-Limettenbl\u00e4ttern, ger\u00f6stetem Reis, Ingwer und Zitronengras.","breadcrumb":{"@id":"https:\/\/www.heatsupply.nl\/de\/produkt\/trouble-spice-yum-phrik-thai-crispy-chilli-oil\/#breadcrumb"},"inLanguage":"de","potentialAction":[{"@type":"ReadAction","target":["https:\/\/www.heatsupply.nl\/de\/produkt\/trouble-spice-yum-phrik-thai-crispy-chilli-oil\/"]}]},{"@type":"ImageObject","inLanguage":"de","@id":"https:\/\/www.heatsupply.nl\/de\/produkt\/trouble-spice-yum-phrik-thai-crispy-chilli-oil\/#primaryimage","url":"https:\/\/www.heatsupply.nl\/wp-content\/uploads\/2023\/10\/trouble-spice-yum-phrik-thai-crispy-chilli-oil.jpg","contentUrl":"https:\/\/www.heatsupply.nl\/wp-content\/uploads\/2023\/10\/trouble-spice-yum-phrik-thai-crispy-chilli-oil.jpg","width":1400,"height":1400},{"@type":"BreadcrumbList","@id":"https:\/\/www.heatsupply.nl\/de\/produkt\/trouble-spice-yum-phrik-thai-crispy-chilli-oil\/#breadcrumb","itemListElement":[{"@type":"ListItem","position":1,"name":"Home","item":"https:\/\/www.heatsupply.nl\/de\/"},{"@type":"ListItem","position":2,"name":"Alle produkten","item":"https:\/\/www.heatsupply.nl\/de\/alle-produkten\/"},{"@type":"ListItem","position":3,"name":"Crispy Chili Oil","item":"https:\/\/www.heatsupply.nl\/de\/crispy-chilioel\/"},{"@type":"ListItem","position":4,"name":"Trouble &amp; Spice Yum Phrik &#8211; Thai Crispy Chilli Oil"}]},{"@type":"WebSite","@id":"https:\/\/www.heatsupply.nl\/de\/#website","url":"https:\/\/www.heatsupply.nl\/de\/","name":"Heatsupply","description":"Hot sauce webstore #1 in Europe","publisher":{"@id":"https:\/\/www.heatsupply.nl\/de\/#organization"},"potentialAction":[{"@type":"SearchAction","target":{"@type":"EntryPoint","urlTemplate":"https:\/\/www.heatsupply.nl\/de\/?s={search_term_string}"},"query-input":{"@type":"PropertyValueSpecification","valueRequired":true,"valueName":"search_term_string"}}],"inLanguage":"de"},{"@type":"Organization","@id":"https:\/\/www.heatsupply.nl\/de\/#organization","name":"Heatsupply","url":"https:\/\/www.heatsupply.nl\/de\/","logo":{"@type":"ImageObject","inLanguage":"de","@id":"https:\/\/www.heatsupply.nl\/de\/#\/schema\/logo\/image\/","url":"https:\/\/www.heatsupply.nl\/wp-content\/uploads\/2022\/10\/heatsupply-logo-rood.jpg","contentUrl":"https:\/\/www.heatsupply.nl\/wp-content\/uploads\/2022\/10\/heatsupply-logo-rood.jpg","width":1000,"height":335,"caption":"Heatsupply"},"image":{"@id":"https:\/\/www.heatsupply.nl\/de\/#\/schema\/logo\/image\/"},"sameAs":["https:\/\/www.facebook.com\/heatsupplyNL","https:\/\/www.instagram.com\/heatsuppy.nl","https:\/\/www.youtube.com\/channel\/UC5pOWqQtljvxTz2SMWGWCsw"]}]},"product_price_amount":"9.95","product_price_currency":"EUR","og_availability":"out of stock","product_availability":"out of stock","product_retailer_item_id":"TASYPTCCO003","product_condition":"new"},"_links":{"self":[{"href":"https:\/\/www.heatsupply.nl\/de\/wp-json\/wp\/v2\/product\/141266","targetHints":{"allow":["GET"]}}],"collection":[{"href":"https:\/\/www.heatsupply.nl\/de\/wp-json\/wp\/v2\/product"}],"about":[{"href":"https:\/\/www.heatsupply.nl\/de\/wp-json\/wp\/v2\/types\/product"}],"replies":[{"embeddable":true,"href":"https:\/\/www.heatsupply.nl\/de\/wp-json\/wp\/v2\/comments?post=141266"}],"wp:featuredmedia":[{"embeddable":true,"href":"https:\/\/www.heatsupply.nl\/de\/wp-json\/wp\/v2\/media\/141267"}],"wp:attachment":[{"href":"https:\/\/www.heatsupply.nl\/de\/wp-json\/wp\/v2\/media?parent=141266"}],"wp:term":[{"taxonomy":"product_brand","embeddable":true,"href":"https:\/\/www.heatsupply.nl\/de\/wp-json\/wp\/v2\/product_brand?post=141266"},{"taxonomy":"product_cat","embeddable":true,"href":"https:\/\/www.heatsupply.nl\/de\/wp-json\/wp\/v2\/product_cat?post=141266"},{"taxonomy":"product_tag","embeddable":true,"href":"https:\/\/www.heatsupply.nl\/de\/wp-json\/wp\/v2\/product_tag?post=141266"}],"curies":[{"name":"wp","href":"https:\/\/api.w.org\/{rel}","templated":true}]}}