{"id":141217,"date":"2023-12-20T14:34:33","date_gmt":"2023-12-20T13:34:33","guid":{"rendered":"https:\/\/www.heatsupply.nl\/product\/top-10-bestseller-pack-2\/"},"modified":"2026-04-30T15:09:15","modified_gmt":"2026-04-30T13:09:15","slug":"top-10-bestseller-pack","status":"publish","type":"product","link":"https:\/\/www.heatsupply.nl\/de\/produkt\/top-10-bestseller-pack\/","title":{"rendered":"Top 10 Bestseller Pack"},"content":{"rendered":"<p>In diesem Paket finden Sie die 10 beliebtesten Hot Sauces im Moment bei Heatsupply. Ideal f\u00fcr alle, die die Welt der scharfen Saucen kennenlernen m\u00f6chten, aber auch als Geschenk f\u00fcr die gr\u00f6\u00dften Hot Sauce-Fans garantiert ein Erfolg. Dieses Paket bietet n\u00e4mlich das Beste, was Hot Sauce nach Meinung der Tausenden von Hot Sauce-Fans, die bei Heatsupply ihre Lieblingssaucen bestellen, zu bieten hat! Weitere Informationen zu den Saucen finden Sie oben auf der Seite.<\/p>\n","protected":false},"excerpt":{"rendered":"<p style=\"text-align: justify;\"><span style=\"font-weight: 500;\">Wei\u00dft du nicht genau, welche Hot Sauces du bestellen sollst, oder bist du neu in dieser Welt? Mit diesem Top 10 Hot Sauces Bestseller Pack liegst du garantiert richtig, denn dies ist das Allerbeste, was scharfe Sauce zu bieten hat. Es ist auch das perfekte Geschenk f\u00fcr alle Spicy Fans, nicht zuletzt weil es eine sehr vielf\u00e4ltige Auswahl an scharfen Saucen ist. Von mittelscharf bis sehr scharf und von s\u00fc\u00df &amp; rauchig bis frisch-s\u00e4uerlich &amp; fruchtig, all das ist in diesem Paket enthalten. Unten findest du weitere Informationen zu den Hot Sauces von Secret Aardvark, Dirty Dick&#8217;s, Raijmakers Heetmakers und allen anderen.<\/span><\/p>\n","protected":false},"featured_media":199903,"comment_status":"open","ping_status":"closed","template":"","meta":{"_acf_changed":false},"product_brand":[],"product_cat":[3968,4069,4077,3965,4046],"product_tag":[],"class_list":{"0":"post-141217","1":"product","2":"type-product","3":"status-publish","4":"has-post-thumbnail","6":"product_cat-geschenke","7":"product_cat-geschenksets","8":"product_cat-packs-spicy","9":"product_cat-packs","10":"product_cat-spicy","12":"first","13":"instock","14":"sale","15":"virtual","16":"taxable","17":"purchasable","18":"product-type-bundle"},"bundled_by":[],"bundle_stock_status":"instock","bundle_stock_quantity":17,"bundle_virtual":false,"bundle_layout":"default","bundle_add_to_cart_form_location":"after_summary","bundle_editable_in_cart":false,"bundle_sold_individually_context":"product","bundle_item_grouping":"parent","bundle_min_size":"","bundle_max_size":"","bundle_price":{"price":{"min":{"incl_tax":"89.95","excl_tax":"82.522936"},"max":{"incl_tax":"89.95","excl_tax":"82.522936"}},"regular_price":{"min":{"incl_tax":"93.5","excl_tax":"85.779817"},"max":{"incl_tax":"93.5","excl_tax":"85.779817"}}},"bundled_items":[{"bundled_item_id":1292,"product_id":142995,"menu_order":0,"quantity_min":1,"quantity_max":1,"quantity_default":1,"priced_individually":false,"shipped_individually":false,"override_title":false,"title":"Dirty Dick&#8217;s Hot Sauce","override_description":false,"description":"Dirty Dick&#8217;s Hot Sauce","optional":false,"hide_thumbnail":false,"discount":"","override_variations":false,"allowed_variations":[""],"override_default_variation_attributes":false,"default_variation_attributes":[],"single_product_visibility":"visible","cart_visibility":"visible","order_visibility":"visible","single_product_price_visibility":"visible","cart_price_visibility":"visible","order_price_visibility":"visible","stock_status":"in_stock"},{"bundled_item_id":1293,"product_id":141948,"menu_order":2,"quantity_min":1,"quantity_max":1,"quantity_default":1,"priced_individually":false,"shipped_individually":false,"override_title":false,"title":"Nick&#8217;s Hatsas &#8211; Korean Style Hot Sauce","override_description":false,"description":"Nick&#8217;s Hatsas &#8211; Korean Style Hot Sauce","optional":false,"hide_thumbnail":false,"discount":"","override_variations":false,"allowed_variations":[""],"override_default_variation_attributes":false,"default_variation_attributes":[],"single_product_visibility":"visible","cart_visibility":"visible","order_visibility":"visible","single_product_price_visibility":"visible","cart_price_visibility":"visible","order_price_visibility":"visible","stock_status":"in_stock"},{"bundled_item_id":1294,"product_id":143489,"menu_order":3,"quantity_min":1,"quantity_max":1,"quantity_default":1,"priced_individually":false,"shipped_individually":false,"override_title":false,"title":"Heartbeat Pineapple Habanero Hot Sauce","override_description":false,"description":"Heartbeat Pineapple Habanero Hot Sauce","optional":false,"hide_thumbnail":false,"discount":"","override_variations":false,"allowed_variations":[""],"override_default_variation_attributes":false,"default_variation_attributes":[],"single_product_visibility":"visible","cart_visibility":"visible","order_visibility":"visible","single_product_price_visibility":"visible","cart_price_visibility":"visible","order_price_visibility":"visible","stock_status":"in_stock"},{"bundled_item_id":1295,"product_id":143286,"menu_order":4,"quantity_min":1,"quantity_max":1,"quantity_default":1,"priced_individually":false,"shipped_individually":false,"override_title":false,"title":"Raijmakers Heetmakers Chipotle &#038; Whiskey","override_description":false,"description":"Raijmakers Heetmakers Chipotle &#038; Whiskey","optional":false,"hide_thumbnail":false,"discount":"","override_variations":false,"allowed_variations":[""],"override_default_variation_attributes":false,"default_variation_attributes":[],"single_product_visibility":"visible","cart_visibility":"visible","order_visibility":"visible","single_product_price_visibility":"visible","cart_price_visibility":"visible","order_price_visibility":"visible","stock_status":"in_stock"},{"bundled_item_id":1296,"product_id":141915,"menu_order":5,"quantity_min":1,"quantity_max":1,"quantity_default":1,"priced_individually":false,"shipped_individually":false,"override_title":false,"title":"The O.G. Hot Sauce &#8211; Beste Hot Sauce der Niederlande 2023","override_description":false,"description":"The O.G. Hot Sauce &#8211; Beste Hot Sauce der Niederlande 2023","optional":false,"hide_thumbnail":false,"discount":"","override_variations":false,"allowed_variations":[""],"override_default_variation_attributes":false,"default_variation_attributes":[],"single_product_visibility":"visible","cart_visibility":"visible","order_visibility":"visible","single_product_price_visibility":"visible","cart_price_visibility":"visible","order_price_visibility":"visible","stock_status":"in_stock"},{"bundled_item_id":1825,"product_id":143613,"menu_order":7,"quantity_min":1,"quantity_max":1,"quantity_default":1,"priced_individually":false,"shipped_individually":false,"override_title":false,"title":"Secret Aardvark Habanero Hot Sauce","override_description":false,"description":"Secret Aardvark Habanero Hot Sauce","optional":false,"hide_thumbnail":false,"discount":"","override_variations":false,"allowed_variations":[""],"override_default_variation_attributes":false,"default_variation_attributes":[],"single_product_visibility":"visible","cart_visibility":"visible","order_visibility":"visible","single_product_price_visibility":"visible","cart_price_visibility":"visible","order_price_visibility":"visible","stock_status":"in_stock"},{"bundled_item_id":1606,"product_id":155422,"menu_order":7,"quantity_min":1,"quantity_max":1,"quantity_default":1,"priced_individually":false,"shipped_individually":false,"override_title":false,"title":"The Sunny Hot Sauce by Heatsupply &#8211; Beste holl\u00e4ndische scharfe So\u00dfe 2025","override_description":false,"description":"The Sunny Hot Sauce by Heatsupply &#8211; Beste holl\u00e4ndische scharfe So\u00dfe 2025","optional":false,"hide_thumbnail":false,"discount":"","override_variations":false,"allowed_variations":[""],"override_default_variation_attributes":false,"default_variation_attributes":[],"single_product_visibility":"visible","cart_visibility":"visible","order_visibility":"visible","single_product_price_visibility":"visible","cart_price_visibility":"visible","order_price_visibility":"visible","stock_status":"in_stock"},{"bundled_item_id":1826,"product_id":187181,"menu_order":8,"quantity_min":1,"quantity_max":1,"quantity_default":1,"priced_individually":false,"shipped_individually":false,"override_title":false,"title":"De Sambal &#8211; Per de Man","override_description":false,"description":"De Sambal &#8211; Per de Man","optional":false,"hide_thumbnail":false,"discount":"","override_variations":false,"allowed_variations":[""],"override_default_variation_attributes":false,"default_variation_attributes":[],"single_product_visibility":"visible","cart_visibility":"visible","order_visibility":"visible","single_product_price_visibility":"visible","cart_price_visibility":"visible","order_price_visibility":"visible","stock_status":"in_stock"},{"bundled_item_id":1776,"product_id":151876,"menu_order":9,"quantity_min":1,"quantity_max":1,"quantity_default":1,"priced_individually":false,"shipped_individually":false,"override_title":false,"title":"Heatsupply&#8217;s Hot Honey (350 Gramm)","override_description":false,"description":"Heatsupply&#8217;s Hot Honey (350 Gramm)","optional":false,"hide_thumbnail":false,"discount":"","override_variations":false,"allowed_variations":[""],"override_default_variation_attributes":false,"default_variation_attributes":[],"single_product_visibility":"visible","cart_visibility":"visible","order_visibility":"visible","single_product_price_visibility":"visible","cart_price_visibility":"visible","order_price_visibility":"visible","stock_status":"in_stock"},{"bundled_item_id":1827,"product_id":172498,"menu_order":9,"quantity_min":1,"quantity_max":1,"quantity_default":1,"priced_individually":false,"shipped_individually":false,"override_title":false,"title":"Heatsupply&#8217;s Crispy Chili Oil &#8211; Beste holl\u00e4ndische Chili\u00f6l 2025","override_description":false,"description":"Heatsupply&#8217;s Crispy Chili Oil &#8211; Beste holl\u00e4ndische Chili\u00f6l 2025","optional":false,"hide_thumbnail":false,"discount":"","override_variations":false,"allowed_variations":[""],"override_default_variation_attributes":false,"default_variation_attributes":[],"single_product_visibility":"visible","cart_visibility":"visible","order_visibility":"visible","single_product_price_visibility":"visible","cart_price_visibility":"visible","order_price_visibility":"visible","stock_status":"in_stock"}],"bundle_sell_ids":[],"acf":[],"yoast_head":"<!-- This site is optimized with the Yoast SEO Premium plugin v27.5 (Yoast SEO v27.5) - https:\/\/yoast.com\/product\/yoast-seo-premium-wordpress\/ -->\n<title>Top 10 Bestseller Pack - Heatsupply<\/title>\n<meta name=\"description\" content=\"Kaufe die 10 beliebtesten Hot Sauces in einem Top 10 Hot Sauces-Pack. Das perfekte Geschenk f\u00fcr Hot Sauce-Fans oder f\u00fcr diejenigen, die sie noch entdecken m\u00fcssen.\" \/>\n<meta name=\"robots\" content=\"index, follow, max-snippet:-1, max-image-preview:large, max-video-preview:-1\" \/>\n<link rel=\"canonical\" href=\"https:\/\/www.heatsupply.nl\/de\/produkt\/top-10-bestseller-pack\/\" \/>\n<meta property=\"og:locale\" content=\"de_DE\" \/>\n<meta property=\"og:type\" content=\"article\" \/>\n<meta property=\"og:title\" content=\"Top 10 Bestseller Pack\" \/>\n<meta property=\"og:description\" content=\"Kaufe die 10 beliebtesten Hot Sauces in einem Top 10 Hot Sauces-Pack. Das perfekte Geschenk f\u00fcr Hot Sauce-Fans oder f\u00fcr diejenigen, die sie noch entdecken m\u00fcssen.\" \/>\n<meta property=\"og:url\" content=\"https:\/\/www.heatsupply.nl\/de\/produkt\/top-10-bestseller-pack\/\" \/>\n<meta property=\"og:site_name\" content=\"Heatsupply\" \/>\n<meta property=\"article:publisher\" content=\"https:\/\/www.facebook.com\/heatsupplyNL\" \/>\n<meta property=\"article:modified_time\" content=\"2026-04-30T13:09:15+00:00\" \/>\n<meta property=\"og:image\" content=\"https:\/\/www.heatsupply.nl\/wp-content\/uploads\/2026\/02\/bestsellers-heatsupply-2026.jpg\" \/>\n\t<meta property=\"og:image:width\" content=\"1400\" \/>\n\t<meta property=\"og:image:height\" content=\"1400\" \/>\n\t<meta property=\"og:image:type\" content=\"image\/jpeg\" \/>\n<meta name=\"twitter:card\" content=\"summary_large_image\" \/>\n<meta name=\"twitter:label1\" content=\"Preis\" \/>\n\t<meta name=\"twitter:data1\" content=\"&euro;89,95\" \/>\n\t<meta name=\"twitter:label2\" content=\"Verf\u00fcgbarkeit\" \/>\n\t<meta name=\"twitter:data2\" content=\"Auf Lager\" \/>\n<script type=\"application\/ld+json\" class=\"yoast-schema-graph\">{\"@context\":\"https:\\\/\\\/schema.org\",\"@graph\":[{\"@type\":\"WebPage\",\"@id\":\"https:\\\/\\\/www.heatsupply.nl\\\/de\\\/produkt\\\/top-10-bestseller-pack\\\/\",\"url\":\"https:\\\/\\\/www.heatsupply.nl\\\/de\\\/produkt\\\/top-10-bestseller-pack\\\/\",\"name\":\"Top 10 Bestseller Pack - Heatsupply\",\"isPartOf\":{\"@id\":\"https:\\\/\\\/www.heatsupply.nl\\\/de\\\/#website\"},\"primaryImageOfPage\":{\"@id\":\"https:\\\/\\\/www.heatsupply.nl\\\/de\\\/produkt\\\/top-10-bestseller-pack\\\/#primaryimage\"},\"image\":{\"@id\":\"https:\\\/\\\/www.heatsupply.nl\\\/de\\\/produkt\\\/top-10-bestseller-pack\\\/#primaryimage\"},\"thumbnailUrl\":\"https:\\\/\\\/www.heatsupply.nl\\\/wp-content\\\/uploads\\\/2026\\\/02\\\/bestsellers-heatsupply-2026.jpg\",\"datePublished\":\"2023-12-20T13:34:33+00:00\",\"dateModified\":\"2026-04-30T13:09:15+00:00\",\"description\":\"Kaufe die 10 beliebtesten Hot Sauces in einem Top 10 Hot Sauces-Pack. Das perfekte Geschenk f\u00fcr Hot Sauce-Fans oder f\u00fcr diejenigen, die sie noch entdecken m\u00fcssen.\",\"breadcrumb\":{\"@id\":\"https:\\\/\\\/www.heatsupply.nl\\\/de\\\/produkt\\\/top-10-bestseller-pack\\\/#breadcrumb\"},\"inLanguage\":\"de\",\"potentialAction\":[{\"@type\":\"ReadAction\",\"target\":[\"https:\\\/\\\/www.heatsupply.nl\\\/de\\\/produkt\\\/top-10-bestseller-pack\\\/\"]}]},{\"@type\":\"ImageObject\",\"inLanguage\":\"de\",\"@id\":\"https:\\\/\\\/www.heatsupply.nl\\\/de\\\/produkt\\\/top-10-bestseller-pack\\\/#primaryimage\",\"url\":\"https:\\\/\\\/www.heatsupply.nl\\\/wp-content\\\/uploads\\\/2026\\\/02\\\/bestsellers-heatsupply-2026.jpg\",\"contentUrl\":\"https:\\\/\\\/www.heatsupply.nl\\\/wp-content\\\/uploads\\\/2026\\\/02\\\/bestsellers-heatsupply-2026.jpg\",\"width\":1400,\"height\":1400,\"caption\":\"heatsupply bestseller pack 2026\"},{\"@type\":\"BreadcrumbList\",\"@id\":\"https:\\\/\\\/www.heatsupply.nl\\\/de\\\/produkt\\\/top-10-bestseller-pack\\\/#breadcrumb\",\"itemListElement\":[{\"@type\":\"ListItem\",\"position\":1,\"name\":\"Home\",\"item\":\"https:\\\/\\\/www.heatsupply.nl\\\/de\\\/\"},{\"@type\":\"ListItem\",\"position\":2,\"name\":\"Alle produkten\",\"item\":\"https:\\\/\\\/www.heatsupply.nl\\\/de\\\/alle-produkten\\\/\"},{\"@type\":\"ListItem\",\"position\":3,\"name\":\"Scharfe So\u00dfen\",\"item\":\"https:\\\/\\\/www.heatsupply.nl\\\/de\\\/scharfe-sossen\\\/\"},{\"@type\":\"ListItem\",\"position\":4,\"name\":\"Geschenksets\",\"item\":\"https:\\\/\\\/www.heatsupply.nl\\\/de\\\/scharfe-sossen\\\/packs\\\/\"},{\"@type\":\"ListItem\",\"position\":5,\"name\":\"Top 10 Bestseller Pack\"}]},{\"@type\":\"WebSite\",\"@id\":\"https:\\\/\\\/www.heatsupply.nl\\\/de\\\/#website\",\"url\":\"https:\\\/\\\/www.heatsupply.nl\\\/de\\\/\",\"name\":\"Heatsupply\",\"description\":\"Hot sauce webstore #1 in Europe\",\"publisher\":{\"@id\":\"https:\\\/\\\/www.heatsupply.nl\\\/de\\\/#organization\"},\"potentialAction\":[{\"@type\":\"SearchAction\",\"target\":{\"@type\":\"EntryPoint\",\"urlTemplate\":\"https:\\\/\\\/www.heatsupply.nl\\\/de\\\/?s={search_term_string}\"},\"query-input\":{\"@type\":\"PropertyValueSpecification\",\"valueRequired\":true,\"valueName\":\"search_term_string\"}}],\"inLanguage\":\"de\"},{\"@type\":\"Organization\",\"@id\":\"https:\\\/\\\/www.heatsupply.nl\\\/de\\\/#organization\",\"name\":\"Heatsupply\",\"url\":\"https:\\\/\\\/www.heatsupply.nl\\\/de\\\/\",\"logo\":{\"@type\":\"ImageObject\",\"inLanguage\":\"de\",\"@id\":\"https:\\\/\\\/www.heatsupply.nl\\\/de\\\/#\\\/schema\\\/logo\\\/image\\\/\",\"url\":\"https:\\\/\\\/www.heatsupply.nl\\\/wp-content\\\/uploads\\\/2022\\\/10\\\/heatsupply-logo-rood.jpg\",\"contentUrl\":\"https:\\\/\\\/www.heatsupply.nl\\\/wp-content\\\/uploads\\\/2022\\\/10\\\/heatsupply-logo-rood.jpg\",\"width\":1000,\"height\":335,\"caption\":\"Heatsupply\"},\"image\":{\"@id\":\"https:\\\/\\\/www.heatsupply.nl\\\/de\\\/#\\\/schema\\\/logo\\\/image\\\/\"},\"sameAs\":[\"https:\\\/\\\/www.facebook.com\\\/heatsupplyNL\",\"https:\\\/\\\/www.instagram.com\\\/heatsuppy.nl\",\"https:\\\/\\\/www.youtube.com\\\/channel\\\/UC5pOWqQtljvxTz2SMWGWCsw\"]}]}<\/script>\n<meta property=\"product:price:amount\" content=\"89.95\" \/>\n<meta property=\"product:price:currency\" content=\"EUR\" \/>\n<meta property=\"og:availability\" content=\"instock\" \/>\n<meta property=\"product:availability\" content=\"instock\" \/>\n<meta property=\"product:retailer_item_id\" content=\"TOP10BSP\" \/>\n<meta property=\"product:condition\" content=\"new\" \/>\n<!-- \/ Yoast SEO Premium plugin. -->","yoast_head_json":{"title":"Top 10 Bestseller Pack - Heatsupply","description":"Kaufe die 10 beliebtesten Hot Sauces in einem Top 10 Hot Sauces-Pack. Das perfekte Geschenk f\u00fcr Hot Sauce-Fans oder f\u00fcr diejenigen, die sie noch entdecken m\u00fcssen.","robots":{"index":"index","follow":"follow","max-snippet":"max-snippet:-1","max-image-preview":"max-image-preview:large","max-video-preview":"max-video-preview:-1"},"canonical":"https:\/\/www.heatsupply.nl\/de\/produkt\/top-10-bestseller-pack\/","og_locale":"de_DE","og_type":"article","og_title":"Top 10 Bestseller Pack","og_description":"Kaufe die 10 beliebtesten Hot Sauces in einem Top 10 Hot Sauces-Pack. Das perfekte Geschenk f\u00fcr Hot Sauce-Fans oder f\u00fcr diejenigen, die sie noch entdecken m\u00fcssen.","og_url":"https:\/\/www.heatsupply.nl\/de\/produkt\/top-10-bestseller-pack\/","og_site_name":"Heatsupply","article_publisher":"https:\/\/www.facebook.com\/heatsupplyNL","article_modified_time":"2026-04-30T13:09:15+00:00","og_image":[{"width":1400,"height":1400,"url":"https:\/\/www.heatsupply.nl\/wp-content\/uploads\/2026\/02\/bestsellers-heatsupply-2026.jpg","type":"image\/jpeg"}],"twitter_card":"summary_large_image","twitter_misc":{"Preis":"&euro;89,95","Verf\u00fcgbarkeit":"Auf Lager"},"schema":{"@context":"https:\/\/schema.org","@graph":[{"@type":"WebPage","@id":"https:\/\/www.heatsupply.nl\/de\/produkt\/top-10-bestseller-pack\/","url":"https:\/\/www.heatsupply.nl\/de\/produkt\/top-10-bestseller-pack\/","name":"Top 10 Bestseller Pack - Heatsupply","isPartOf":{"@id":"https:\/\/www.heatsupply.nl\/de\/#website"},"primaryImageOfPage":{"@id":"https:\/\/www.heatsupply.nl\/de\/produkt\/top-10-bestseller-pack\/#primaryimage"},"image":{"@id":"https:\/\/www.heatsupply.nl\/de\/produkt\/top-10-bestseller-pack\/#primaryimage"},"thumbnailUrl":"https:\/\/www.heatsupply.nl\/wp-content\/uploads\/2026\/02\/bestsellers-heatsupply-2026.jpg","datePublished":"2023-12-20T13:34:33+00:00","dateModified":"2026-04-30T13:09:15+00:00","description":"Kaufe die 10 beliebtesten Hot Sauces in einem Top 10 Hot Sauces-Pack. Das perfekte Geschenk f\u00fcr Hot Sauce-Fans oder f\u00fcr diejenigen, die sie noch entdecken m\u00fcssen.","breadcrumb":{"@id":"https:\/\/www.heatsupply.nl\/de\/produkt\/top-10-bestseller-pack\/#breadcrumb"},"inLanguage":"de","potentialAction":[{"@type":"ReadAction","target":["https:\/\/www.heatsupply.nl\/de\/produkt\/top-10-bestseller-pack\/"]}]},{"@type":"ImageObject","inLanguage":"de","@id":"https:\/\/www.heatsupply.nl\/de\/produkt\/top-10-bestseller-pack\/#primaryimage","url":"https:\/\/www.heatsupply.nl\/wp-content\/uploads\/2026\/02\/bestsellers-heatsupply-2026.jpg","contentUrl":"https:\/\/www.heatsupply.nl\/wp-content\/uploads\/2026\/02\/bestsellers-heatsupply-2026.jpg","width":1400,"height":1400,"caption":"heatsupply bestseller pack 2026"},{"@type":"BreadcrumbList","@id":"https:\/\/www.heatsupply.nl\/de\/produkt\/top-10-bestseller-pack\/#breadcrumb","itemListElement":[{"@type":"ListItem","position":1,"name":"Home","item":"https:\/\/www.heatsupply.nl\/de\/"},{"@type":"ListItem","position":2,"name":"Alle produkten","item":"https:\/\/www.heatsupply.nl\/de\/alle-produkten\/"},{"@type":"ListItem","position":3,"name":"Scharfe So\u00dfen","item":"https:\/\/www.heatsupply.nl\/de\/scharfe-sossen\/"},{"@type":"ListItem","position":4,"name":"Geschenksets","item":"https:\/\/www.heatsupply.nl\/de\/scharfe-sossen\/packs\/"},{"@type":"ListItem","position":5,"name":"Top 10 Bestseller Pack"}]},{"@type":"WebSite","@id":"https:\/\/www.heatsupply.nl\/de\/#website","url":"https:\/\/www.heatsupply.nl\/de\/","name":"Heatsupply","description":"Hot sauce webstore #1 in Europe","publisher":{"@id":"https:\/\/www.heatsupply.nl\/de\/#organization"},"potentialAction":[{"@type":"SearchAction","target":{"@type":"EntryPoint","urlTemplate":"https:\/\/www.heatsupply.nl\/de\/?s={search_term_string}"},"query-input":{"@type":"PropertyValueSpecification","valueRequired":true,"valueName":"search_term_string"}}],"inLanguage":"de"},{"@type":"Organization","@id":"https:\/\/www.heatsupply.nl\/de\/#organization","name":"Heatsupply","url":"https:\/\/www.heatsupply.nl\/de\/","logo":{"@type":"ImageObject","inLanguage":"de","@id":"https:\/\/www.heatsupply.nl\/de\/#\/schema\/logo\/image\/","url":"https:\/\/www.heatsupply.nl\/wp-content\/uploads\/2022\/10\/heatsupply-logo-rood.jpg","contentUrl":"https:\/\/www.heatsupply.nl\/wp-content\/uploads\/2022\/10\/heatsupply-logo-rood.jpg","width":1000,"height":335,"caption":"Heatsupply"},"image":{"@id":"https:\/\/www.heatsupply.nl\/de\/#\/schema\/logo\/image\/"},"sameAs":["https:\/\/www.facebook.com\/heatsupplyNL","https:\/\/www.instagram.com\/heatsuppy.nl","https:\/\/www.youtube.com\/channel\/UC5pOWqQtljvxTz2SMWGWCsw"]}]},"product_price_amount":"89.95","product_price_currency":"EUR","og_availability":"instock","product_availability":"instock","product_retailer_item_id":"TOP10BSP","product_condition":"new"},"_links":{"self":[{"href":"https:\/\/www.heatsupply.nl\/de\/wp-json\/wp\/v2\/product\/141217","targetHints":{"allow":["GET"]}}],"collection":[{"href":"https:\/\/www.heatsupply.nl\/de\/wp-json\/wp\/v2\/product"}],"about":[{"href":"https:\/\/www.heatsupply.nl\/de\/wp-json\/wp\/v2\/types\/product"}],"replies":[{"embeddable":true,"href":"https:\/\/www.heatsupply.nl\/de\/wp-json\/wp\/v2\/comments?post=141217"}],"wp:featuredmedia":[{"embeddable":true,"href":"https:\/\/www.heatsupply.nl\/de\/wp-json\/wp\/v2\/media\/199903"}],"wp:attachment":[{"href":"https:\/\/www.heatsupply.nl\/de\/wp-json\/wp\/v2\/media?parent=141217"}],"wp:term":[{"taxonomy":"product_brand","embeddable":true,"href":"https:\/\/www.heatsupply.nl\/de\/wp-json\/wp\/v2\/product_brand?post=141217"},{"taxonomy":"product_cat","embeddable":true,"href":"https:\/\/www.heatsupply.nl\/de\/wp-json\/wp\/v2\/product_cat?post=141217"},{"taxonomy":"product_tag","embeddable":true,"href":"https:\/\/www.heatsupply.nl\/de\/wp-json\/wp\/v2\/product_tag?post=141217"}],"curies":[{"name":"wp","href":"https:\/\/api.w.org\/{rel}","templated":true}]}}