{"id":152875,"date":"2024-07-01T14:26:28","date_gmt":"2024-07-01T12:26:28","guid":{"rendered":"https:\/\/www.heatsupply.nl\/?page_id=152875"},"modified":"2026-01-09T13:45:54","modified_gmt":"2026-01-09T12:45:54","slug":"impressum","status":"publish","type":"page","link":"https:\/\/www.heatsupply.nl\/de\/impressum\/","title":{"rendered":"Impressum"},"content":{"rendered":"<h1><strong>Impressum<\/strong><\/h1>\n<p><strong>Heatsupply B.V.<br \/>\n<\/strong>Waardjesweg 69 5725TB Asten Nederland<br \/>\nTelefon: 06 30673807<br \/>\nMail: mail@heatsupply.nl<br \/>\nHandelsregister-Nummer 75334054<br \/>\nUmsatzsteuer-Identifikationsnummer(n): NL860242237B01<\/p>\n<p>Wir sind bereit, an einem au\u00dfergerichtlichen Schlichtungsverfahren vor einer Verbraucherschlichtungsstelle teilzunehmen.<br \/>\nZust\u00e4ndige Beh\u00f6rde f\u00fcr audiovisuelle Mediendienste: Commissariaat voor de Media Adresse: Hoge Naarderweg 78 1217 AH Hilversum Postanschrift: PO Box 1426 1200 BK Hilversum Telefonnummer: (035) 773 77 00 E-Mail-Adresse: cvdm@cvdm.nl Internet: Commissariaat voor de Media (CvdM) : https:\/\/www.cvdm.nl\/ Kontakt mit der CvdM: https:\/\/www.cvdm.nl\/contact\/ \u00d6ffnungszeiten: Montag bis Freitag von 11.00 bis 12.00 Uhr (telefonische Fragestunde)<\/p>\n","protected":false},"excerpt":{"rendered":"<p>Impressum Heatsupply B.V. Waardjesweg 69 5725TB Asten Nederland Telefon: 06 30673807 Mail: mail@heatsupply.nl Handelsregister-Nummer 75334054 Umsatzsteuer-Identifikationsnummer(n): NL860242237B01 Wir sind bereit, an einem au\u00dfergerichtlichen Schlichtungsverfahren vor einer Verbraucherschlichtungsstelle teilzunehmen. Zust\u00e4ndige Beh\u00f6rde f\u00fcr audiovisuelle Mediendienste: Commissariaat voor de Media Adresse: Hoge Naarderweg 78 1217 AH Hilversum Postanschrift: PO Box 1426 1200 BK Hilversum Telefonnummer: (035) 773 77 [&hellip;]<\/p>\n","protected":false},"author":1,"featured_media":0,"parent":0,"menu_order":0,"comment_status":"closed","ping_status":"closed","template":"","meta":{"_acf_changed":false,"footnotes":""},"class_list":["post-152875","page","type-page","status-publish","hentry"],"acf":[],"yoast_head":"<!-- This site is optimized with the Yoast SEO Premium plugin v27.5 (Yoast SEO v27.5) - https:\/\/yoast.com\/product\/yoast-seo-premium-wordpress\/ -->\n<title>Impressum - Heatsupply<\/title>\n<meta name=\"robots\" content=\"index, follow, max-snippet:-1, max-image-preview:large, max-video-preview:-1\" \/>\n<link rel=\"canonical\" href=\"https:\/\/www.heatsupply.nl\/de\/impressum\/\" \/>\n<meta property=\"og:locale\" content=\"de_DE\" \/>\n<meta property=\"og:type\" content=\"article\" \/>\n<meta property=\"og:title\" content=\"Impressum\" \/>\n<meta property=\"og:description\" content=\"Impressum Heatsupply B.V. Waardjesweg 69 5725TB Asten Nederland Telefon: 06 30673807 Mail: mail@heatsupply.nl Handelsregister-Nummer 75334054 Umsatzsteuer-Identifikationsnummer(n): NL860242237B01 Wir sind bereit, an einem au\u00dfergerichtlichen Schlichtungsverfahren vor einer Verbraucherschlichtungsstelle teilzunehmen. Zust\u00e4ndige Beh\u00f6rde f\u00fcr audiovisuelle Mediendienste: Commissariaat voor de Media Adresse: Hoge Naarderweg 78 1217 AH Hilversum Postanschrift: PO Box 1426 1200 BK Hilversum Telefonnummer: (035) 773 77 [&hellip;]\" \/>\n<meta property=\"og:url\" content=\"https:\/\/www.heatsupply.nl\/de\/impressum\/\" \/>\n<meta property=\"og:site_name\" content=\"Heatsupply\" \/>\n<meta property=\"article:publisher\" content=\"https:\/\/www.facebook.com\/heatsupplyNL\" \/>\n<meta property=\"article:modified_time\" content=\"2026-01-09T12:45:54+00:00\" \/>\n<meta property=\"og:image\" content=\"https:\/\/www.heatsupply.nl\/wp-content\/uploads\/2022\/10\/heatsupply-logo-rood.jpg\" \/>\n\t<meta property=\"og:image:width\" content=\"1000\" \/>\n\t<meta property=\"og:image:height\" content=\"335\" \/>\n\t<meta property=\"og:image:type\" content=\"image\/jpeg\" \/>\n<meta name=\"twitter:card\" content=\"summary_large_image\" \/>\n<meta name=\"twitter:label1\" content=\"Gesch\u00e4tzte Lesezeit\" \/>\n\t<meta name=\"twitter:data1\" content=\"1\u00a0Minute\" \/>\n<script type=\"application\/ld+json\" class=\"yoast-schema-graph\">{\"@context\":\"https:\\\/\\\/schema.org\",\"@graph\":[{\"@type\":\"WebPage\",\"@id\":\"https:\\\/\\\/www.heatsupply.nl\\\/de\\\/impressum\\\/\",\"url\":\"https:\\\/\\\/www.heatsupply.nl\\\/de\\\/impressum\\\/\",\"name\":\"Impressum - Heatsupply\",\"isPartOf\":{\"@id\":\"https:\\\/\\\/www.heatsupply.nl\\\/de\\\/#website\"},\"datePublished\":\"2024-07-01T12:26:28+00:00\",\"dateModified\":\"2026-01-09T12:45:54+00:00\",\"breadcrumb\":{\"@id\":\"https:\\\/\\\/www.heatsupply.nl\\\/de\\\/impressum\\\/#breadcrumb\"},\"inLanguage\":\"de\",\"potentialAction\":[{\"@type\":\"ReadAction\",\"target\":[\"https:\\\/\\\/www.heatsupply.nl\\\/de\\\/impressum\\\/\"]}]},{\"@type\":\"BreadcrumbList\",\"@id\":\"https:\\\/\\\/www.heatsupply.nl\\\/de\\\/impressum\\\/#breadcrumb\",\"itemListElement\":[{\"@type\":\"ListItem\",\"position\":1,\"name\":\"Home\",\"item\":\"https:\\\/\\\/www.heatsupply.nl\\\/de\\\/\"},{\"@type\":\"ListItem\",\"position\":2,\"name\":\"Impressum\"}]},{\"@type\":\"WebSite\",\"@id\":\"https:\\\/\\\/www.heatsupply.nl\\\/de\\\/#website\",\"url\":\"https:\\\/\\\/www.heatsupply.nl\\\/de\\\/\",\"name\":\"Heatsupply\",\"description\":\"Hot sauce webstore #1 in Europe\",\"publisher\":{\"@id\":\"https:\\\/\\\/www.heatsupply.nl\\\/de\\\/#organization\"},\"potentialAction\":[{\"@type\":\"SearchAction\",\"target\":{\"@type\":\"EntryPoint\",\"urlTemplate\":\"https:\\\/\\\/www.heatsupply.nl\\\/de\\\/?s={search_term_string}\"},\"query-input\":{\"@type\":\"PropertyValueSpecification\",\"valueRequired\":true,\"valueName\":\"search_term_string\"}}],\"inLanguage\":\"de\"},{\"@type\":\"Organization\",\"@id\":\"https:\\\/\\\/www.heatsupply.nl\\\/de\\\/#organization\",\"name\":\"Heatsupply\",\"url\":\"https:\\\/\\\/www.heatsupply.nl\\\/de\\\/\",\"logo\":{\"@type\":\"ImageObject\",\"inLanguage\":\"de\",\"@id\":\"https:\\\/\\\/www.heatsupply.nl\\\/de\\\/#\\\/schema\\\/logo\\\/image\\\/\",\"url\":\"https:\\\/\\\/www.heatsupply.nl\\\/wp-content\\\/uploads\\\/2022\\\/10\\\/heatsupply-logo-rood.jpg\",\"contentUrl\":\"https:\\\/\\\/www.heatsupply.nl\\\/wp-content\\\/uploads\\\/2022\\\/10\\\/heatsupply-logo-rood.jpg\",\"width\":1000,\"height\":335,\"caption\":\"Heatsupply\"},\"image\":{\"@id\":\"https:\\\/\\\/www.heatsupply.nl\\\/de\\\/#\\\/schema\\\/logo\\\/image\\\/\"},\"sameAs\":[\"https:\\\/\\\/www.facebook.com\\\/heatsupplyNL\",\"https:\\\/\\\/www.instagram.com\\\/heatsuppy.nl\",\"https:\\\/\\\/www.youtube.com\\\/channel\\\/UC5pOWqQtljvxTz2SMWGWCsw\"]}]}<\/script>\n<!-- \/ Yoast SEO Premium plugin. -->","yoast_head_json":{"title":"Impressum - Heatsupply","robots":{"index":"index","follow":"follow","max-snippet":"max-snippet:-1","max-image-preview":"max-image-preview:large","max-video-preview":"max-video-preview:-1"},"canonical":"https:\/\/www.heatsupply.nl\/de\/impressum\/","og_locale":"de_DE","og_type":"article","og_title":"Impressum","og_description":"Impressum Heatsupply B.V. Waardjesweg 69 5725TB Asten Nederland Telefon: 06 30673807 Mail: mail@heatsupply.nl Handelsregister-Nummer 75334054 Umsatzsteuer-Identifikationsnummer(n): NL860242237B01 Wir sind bereit, an einem au\u00dfergerichtlichen Schlichtungsverfahren vor einer Verbraucherschlichtungsstelle teilzunehmen. Zust\u00e4ndige Beh\u00f6rde f\u00fcr audiovisuelle Mediendienste: Commissariaat voor de Media Adresse: Hoge Naarderweg 78 1217 AH Hilversum Postanschrift: PO Box 1426 1200 BK Hilversum Telefonnummer: (035) 773 77 [&hellip;]","og_url":"https:\/\/www.heatsupply.nl\/de\/impressum\/","og_site_name":"Heatsupply","article_publisher":"https:\/\/www.facebook.com\/heatsupplyNL","article_modified_time":"2026-01-09T12:45:54+00:00","og_image":[{"width":1000,"height":335,"url":"https:\/\/www.heatsupply.nl\/wp-content\/uploads\/2022\/10\/heatsupply-logo-rood.jpg","type":"image\/jpeg"}],"twitter_card":"summary_large_image","twitter_misc":{"Gesch\u00e4tzte Lesezeit":"1\u00a0Minute"},"schema":{"@context":"https:\/\/schema.org","@graph":[{"@type":"WebPage","@id":"https:\/\/www.heatsupply.nl\/de\/impressum\/","url":"https:\/\/www.heatsupply.nl\/de\/impressum\/","name":"Impressum - Heatsupply","isPartOf":{"@id":"https:\/\/www.heatsupply.nl\/de\/#website"},"datePublished":"2024-07-01T12:26:28+00:00","dateModified":"2026-01-09T12:45:54+00:00","breadcrumb":{"@id":"https:\/\/www.heatsupply.nl\/de\/impressum\/#breadcrumb"},"inLanguage":"de","potentialAction":[{"@type":"ReadAction","target":["https:\/\/www.heatsupply.nl\/de\/impressum\/"]}]},{"@type":"BreadcrumbList","@id":"https:\/\/www.heatsupply.nl\/de\/impressum\/#breadcrumb","itemListElement":[{"@type":"ListItem","position":1,"name":"Home","item":"https:\/\/www.heatsupply.nl\/de\/"},{"@type":"ListItem","position":2,"name":"Impressum"}]},{"@type":"WebSite","@id":"https:\/\/www.heatsupply.nl\/de\/#website","url":"https:\/\/www.heatsupply.nl\/de\/","name":"Heatsupply","description":"Hot sauce webstore #1 in Europe","publisher":{"@id":"https:\/\/www.heatsupply.nl\/de\/#organization"},"potentialAction":[{"@type":"SearchAction","target":{"@type":"EntryPoint","urlTemplate":"https:\/\/www.heatsupply.nl\/de\/?s={search_term_string}"},"query-input":{"@type":"PropertyValueSpecification","valueRequired":true,"valueName":"search_term_string"}}],"inLanguage":"de"},{"@type":"Organization","@id":"https:\/\/www.heatsupply.nl\/de\/#organization","name":"Heatsupply","url":"https:\/\/www.heatsupply.nl\/de\/","logo":{"@type":"ImageObject","inLanguage":"de","@id":"https:\/\/www.heatsupply.nl\/de\/#\/schema\/logo\/image\/","url":"https:\/\/www.heatsupply.nl\/wp-content\/uploads\/2022\/10\/heatsupply-logo-rood.jpg","contentUrl":"https:\/\/www.heatsupply.nl\/wp-content\/uploads\/2022\/10\/heatsupply-logo-rood.jpg","width":1000,"height":335,"caption":"Heatsupply"},"image":{"@id":"https:\/\/www.heatsupply.nl\/de\/#\/schema\/logo\/image\/"},"sameAs":["https:\/\/www.facebook.com\/heatsupplyNL","https:\/\/www.instagram.com\/heatsuppy.nl","https:\/\/www.youtube.com\/channel\/UC5pOWqQtljvxTz2SMWGWCsw"]}]}},"_links":{"self":[{"href":"https:\/\/www.heatsupply.nl\/de\/wp-json\/wp\/v2\/pages\/152875","targetHints":{"allow":["GET"]}}],"collection":[{"href":"https:\/\/www.heatsupply.nl\/de\/wp-json\/wp\/v2\/pages"}],"about":[{"href":"https:\/\/www.heatsupply.nl\/de\/wp-json\/wp\/v2\/types\/page"}],"author":[{"embeddable":true,"href":"https:\/\/www.heatsupply.nl\/de\/wp-json\/wp\/v2\/users\/1"}],"replies":[{"embeddable":true,"href":"https:\/\/www.heatsupply.nl\/de\/wp-json\/wp\/v2\/comments?post=152875"}],"version-history":[{"count":1,"href":"https:\/\/www.heatsupply.nl\/de\/wp-json\/wp\/v2\/pages\/152875\/revisions"}],"predecessor-version":[{"id":197616,"href":"https:\/\/www.heatsupply.nl\/de\/wp-json\/wp\/v2\/pages\/152875\/revisions\/197616"}],"wp:attachment":[{"href":"https:\/\/www.heatsupply.nl\/de\/wp-json\/wp\/v2\/media?parent=152875"}],"curies":[{"name":"wp","href":"https:\/\/api.w.org\/{rel}","templated":true}]}}