{"id":143928,"date":"2024-03-06T09:23:35","date_gmt":"2024-03-06T08:23:35","guid":{"rendered":"https:\/\/www.heatsupply.nl\/allgemeine-geschaftsbedingungen\/"},"modified":"2026-01-09T13:47:47","modified_gmt":"2026-01-09T12:47:47","slug":"allgemeine-geschaftsbedingungen","status":"publish","type":"page","link":"https:\/\/www.heatsupply.nl\/de\/allgemeine-geschaftsbedingungen\/","title":{"rendered":"Allgemeine Gesch\u00e4ftsbedingungen"},"content":{"rendered":"<h1><strong>Allgemeine Gesch\u00e4ftsbedingungen<\/strong><\/h1>\n<p><strong>Allgemeine Gesch\u00e4ftsbedingungen<\/strong><\/p>\n<div aria-label=\"table of contents\"><strong>1.\u00a0Geltungsbereich<\/strong><br \/>\n<strong>2.\u00a0Vertragspartner, Vertragsschluss, Korrekturm\u00f6glichkeiten<\/strong><br \/>\n<strong>3.\u00a0Vertragssprache, Vertragstextspeicherung<\/strong><br \/>\n<strong>4.\u00a0Lieferbedingungen<\/strong><br \/>\n<strong>5.\u00a0Bezahlung<\/strong><br \/>\n<strong>6.\u00a0Widerrufsrecht<\/strong><br \/>\n<strong>7.\u00a0Transportsch\u00e4den<\/strong><br \/>\n<strong>8.\u00a0Gew\u00e4hrleistung und Garantien<\/strong><br \/>\n<strong>9.\u00a0Haftung<\/strong><br \/>\n<strong>10.\u00a0Streitbeilegung<\/strong><br \/>\n<strong>11.\u00a0Schlussbestimmungen<\/strong><\/div>\n<h2 id=\"geltungsbereich\">1.\u00a0Geltungsbereich<\/h2>\n<p>F\u00fcr alle Bestellungen \u00fcber unseren Online-Shop durch Verbraucher und Unternehmer gelten die nachfolgenden AGB.<\/p>\n<p>Verbraucher ist jede nat\u00fcrliche Person, die ein Rechtsgesch\u00e4ft zu Zwecken abschlie\u00dft, die \u00fcberwiegend weder ihrer gewerblichen noch ihrer selbst\u00e4ndigen beruflichen T\u00e4tigkeit zugerechnet werden k\u00f6nnen. Unternehmer ist eine nat\u00fcrliche oder juristische Person oder eine rechtsf\u00e4hige Personengesellschaft, die bei Abschluss eines Rechtsgesch\u00e4fts in Aus\u00fcbung ihrer gewerblichen oder selbst\u00e4ndigen beruflichen T\u00e4tigkeit handelt.<\/p>\n<p>Gegen\u00fcber Unternehmern gilt: Verwendet der Unternehmer entgegenstehende oder erg\u00e4nzende Allgemeine Gesch\u00e4ftsbedingungen, wird deren Geltung hiermit widersprochen; sie werden nur dann Vertragsbestandteil, wenn wir dem ausdr\u00fccklich zugestimmt haben.<\/p>\n<h2 id=\"vertragspartner,_vertragsschluss,_korrekturm\u00f6glichkeiten\">2.\u00a0Vertragspartner, Vertragsschluss, Korrekturm\u00f6glichkeiten<\/h2>\n<p>Der Kaufvertrag kommt zustande mit Heatsupply B.V..<\/p>\n<p>Die Darstellung der Produkte im Online-Shop stellt kein rechtlich bindendes Angebot, sondern einen unverbindlichen Online-Katalog dar. Sie k\u00f6nnen unsere Produkte zun\u00e4chst unverbindlich in den Warenkorb legen und Ihre Eingaben vor Absenden Ihrer verbindlichen Bestellung jederzeit korrigieren, indem Sie die hierf\u00fcr im Bestellablauf vorgesehenen und erl\u00e4uterten Korrekturhilfen nutzen. Durch Anklicken des Bestellbuttons geben Sie ein verbindliches Angebot \u00fcber die im Warenkorb enthaltenen Waren ab. Die Best\u00e4tigung des Zugangs Ihrer Bestellung erfolgt per E-Mail unmittelbar nach dem Absenden der Bestellung.<\/p>\n<p>Wir nehmen Ihr Angebot innerhalb von zwei Tagen an, indem<\/p>\n<ul>\n<li>wir eine Annahmeerkl\u00e4rung in separater E-Mail abgeben oder<\/li>\n<li>wir die Ware ausliefern lassen oder<\/li>\n<li>gegebenenfalls die Zahlungstransaktion durch unseren Dienstleister oder den ausgew\u00e4hlten Zahlungsdienstleister durchgef\u00fchrt wird. Der Durchf\u00fchrungszeitpunkt der Zahlungstransaktion richtet sich nach der jeweils ausgew\u00e4hlten Zahlungsart (s. unter \u201eBezahlung\u201c).<\/li>\n<\/ul>\n<p>Die f\u00fcr Sie relevante Alternative richtet sich danach, welches der aufgez\u00e4hlten Ereignisse als erstes eintritt.<\/p>\n<h2 id=\"vertragssprache,_vertragstextspeicherung\">3.\u00a0Vertragssprache, Vertragstextspeicherung<\/h2>\n<p>Die f\u00fcr den Vertragsschluss zur Verf\u00fcgung stehende(n) Sprache(n): deutsch, englisch, niederl\u00e4ndisch<\/p>\n<p>Wir speichern den Vertragstext und senden Ihnen die Bestelldaten und unsere AGB in Textform zu. Den Vertragstext k\u00f6nnen Sie in unserem Kunden-Login einsehen.<\/p>\n<h2 id=\"lieferbedingungen\">4.\u00a0Lieferbedingungen<\/h2>\n<p>Zuz\u00fcglich zu den angegebenen Produktpreisen kommen noch Versandkosten hinzu. N\u00e4heres zur H\u00f6he der Versandkosten erfahren Sie bei den Angeboten.<\/p>\n<p>Wir versenden die Produkte an die im Bestellprozess angegebene Lieferadresse.<\/p>\n<p>Sie haben grunds\u00e4tzlich die M\u00f6glichkeit der Abholung bei Heatsupply B.V. Waardjesweg 69 5725TB Nederland zu den nachfolgend angegebenen Gesch\u00e4ftszeiten: Werkdagen tussen 09.00u en 17.00u.<\/p>\n<h2 id=\"bezahlung\">5.\u00a0Bezahlung<\/h2>\n<p>In unserem Shop stehen Ihnen grunds\u00e4tzlich die folgenden Zahlungsarten zur Verf\u00fcgung:<\/p>\n<p><strong>Kreditkarte<\/strong><br \/>\nMit Abgabe der Bestellung geben Sie Ihre Kreditkartendaten an. Ihre Karte wird unmittelbar nach Abgabe der Bestellung belastet.<\/p>\n<p><strong>PayPal<\/strong><br \/>\nUm den Rechnungsbetrag \u00fcber den Zahlungsdienstleister PayPal (Europe) S.\u00e0 r.l. et Cie, S.C.A, 22-24 Boulevard Royal, L-2449 Luxembourg (\u201ePayPal\u201c) bezahlen zu k\u00f6nnen, m\u00fcssen Sie bei PayPal registriert sein, sich mit Ihren Zugangsdaten legitimieren und die Zahlungsanweisung best\u00e4tigen. Die Zahlungstransaktion wird durch PayPal unmittelbar nach Abgabe der Bestellung durchgef\u00fchrt. Weitere Hinweise erhalten Sie im Bestellvorgang.<\/p>\n<p>PayPal kann registrierten und nach eigenen Kriterien ausgew\u00e4hlten PayPal-Kunden weitere Zahlungsmodalit\u00e4ten im Kundenkonto anbieten. Auf das Anbieten dieser Modalit\u00e4ten haben wir allerdings keinen Einfluss; weitere individuell angebotene Zahlungsmodalit\u00e4ten betreffen Ihr Rechtsverh\u00e4ltnis mit PayPal. Weitere Informationen hierzu finden Sie in Ihrem PayPal-Konto.<\/p>\n<p><strong>Google Pay<\/strong><br \/>\nUm den Rechnungsbetrag \u00fcber den Zahlungsdienstleister Google Ireland Ltd., Gordon House, Barrow Street, Dublin 4, Irland (\u201eGoogle\u201c) bezahlen zu k\u00f6nnen, m\u00fcssen Sie bei Google registriert sein, die Funktion Google Pay aktiviert haben, sich mit Ihren Zugangsdaten legitimieren und die Zahlungsanweisung best\u00e4tigen. Die Zahlungstransaktion wird unmittelbar nach Abgabe der Bestellung durchgef\u00fchrt. Weitere Hinweise erhalten Sie im Bestellvorgang.<\/p>\n<p><strong>Apple Pay<\/strong><br \/>\nUm den Rechnungsbetrag \u00fcber den Zahlungsdienstleister Apple Inc., One Apple Park Way, Cupertino, CA 95014, USA (\u201eApple\u201c) bezahlen zu k\u00f6nnen, m\u00fcssen Sie den Browser \u201eSafari\u201c nutzen, bei Apple registriert sein, die Funktion Apple Pay aktiviert haben, sich mit Ihren Zugangsdaten legitimieren und die Zahlungsanweisung best\u00e4tigen. Die Zahlungstransaktion wird unmittelbar nach Abgabe der Bestellung durchgef\u00fchrt. Weitere Hinweise erhalten Sie im Bestellvorgang.<\/p>\n<p><strong>Klarna<\/strong><br \/>\nIn Zusammenarbeit mit dem Zahlungsdienstleister Klarna Bank AB (publ.), Sveav\u00e4gen 46, 111 34 Stockholm, Schweden (\u201eKlarna\u201c) bieten wir Ihnen die nachfolgenden Zahlungsoptionen an. Sofern nachfolgend nichts anderes geregelt ist, setzt die Zahlung \u00fcber Klarna eine erfolgreiche Adress- und Bonit\u00e4tspr\u00fcfung voraus und sie erfolgt direkt an Klarna. Weitere Hinweise erhalten Sie bei der jeweiligen Zahlungsoption und im Bestellprozess.<\/p>\n<p><strong>Kauf auf Rechnung \u00fcber Klarna<\/strong><br \/>\nDer Rechnungsbetrag ist 30 dagen nach Versand der Ware und Erhalt der Rechnung f\u00e4llig. Die Zahlung per Rechnung kann nur von Verbrauchern genutzt werden.<\/p>\n<p>Klarna kann registrierten und nach eigenen Kriterien ausgew\u00e4hlten Klarna-Kunden weitere Zahlungsmodalit\u00e4ten im Kundenkonto anbieten. Auf das Anbieten dieser Modalit\u00e4ten haben wir allerdings keinen Einfluss; weitere individuell angebotene Zahlungsmodalit\u00e4ten betreffen Ihr Rechtsverh\u00e4ltnis mit Klarna. Weitere Informationen hierzu finden Sie in Ihrem Klarna-Konto.<\/p>\n<p>Die Zahlungsabwicklung wird durch Amazon durchgef\u00fchrt. Sie k\u00f6nnen den Rechnungsbetrag per Kreditkarte oder Bankeinzug bezahlen. Auf der\u00a0<a href=\"http:\/\/amazon.de\/\" target=\"_blank\" rel=\"noopener\">Amazon.de<\/a>-Domain bietet Amazon bei Marketplace-Artikeln (Artikel, die nicht von\u00a0<a href=\"http:\/\/amazon.de\/\" target=\"_blank\" rel=\"noopener\">Amazon.de<\/a>\u00a0verkauft werden) und Artikel mit dem Hinweis &#8222;Versand durch Amazon&#8220; zus\u00e4tzlich die Zahlungsarten Monatsrechnung, Finanzierung, iDeal, Przelewy24, BLIK und Bancontact an.<br \/>\nBei den Zahlarten Bankeinzug, Monatsrechnung (in Kooperation mit Riverty Group GmbH), (Barclays) Finanzierung (angeboten durch BAWAG AG Niederlassung Deutschland) erfolgt die Zahlung nach Versand der Ware; Bei den Zahlarten Kreditkarte, iDeal, Przelewy24, BLIK und Bancontact erfolgt die Belastung unmittelbar nach Abschluss der Bestellung. Die Zahlarten Monatsrechnung und Finanzierung setzen eine erfolgreiche Adress- und Bonit\u00e4tspr\u00fcfung voraus. F\u00fcr die Finanzierung ist dar\u00fcber hinaus eine einmalige Anmeldung bei Barclays erforderlich.<br \/>\nBei der Zahlart iDeal ben\u00f6tigen Sie ein niederl\u00e4ndisches, bei Bancontact ein belgisches und bei Przelewy24\/BLIK ein polnisches Bankkonto.<br \/>\nAmazon leitet uns die Zahlung weiter, ohne dass wir Ihre Zahlungsdaten erhalten. N\u00e4here Informationen finden Sie auf den Hilfeseiten zu\u00a0<a href=\"http:\/\/amazon.de\/\" target=\"_blank\" rel=\"noopener\">Amazon.de<\/a>\u00a0Marketplace:\u00a0<a href=\"https:\/\/www.amazon.de\/gp\/help\/customer\/display?nodeId=201889310\" target=\"_blank\" rel=\"noopener\">https:\/\/www.amazon.de\/gp\/help\/customer\/display?nodeId=201889310<\/a>, zu den akzeptierten Zahlungsarten:\u00a0<a href=\"https:\/\/www.amazon.de\/gp\/help\/customer\/display.html?nodeId=GFBWMNXEPYVJAY9A\" target=\"_blank\" rel=\"noopener\">https:\/\/www.amazon.de\/gp\/help\/customer\/display.html?nodeId=GFBWMNXEPYVJAY9A<\/a>\u00a0sowie in Ihrem Konto unter \u201eIhre Zahlungen\u201c.<\/p>\n<p>F\u00fcr Unternehmer gilt: F\u00fcr den Kauf auf Rechnung gelten die besonderen Bedingungen f\u00fcr Amazon Business (https:\/\/www.amazon.de\/gp\/help\/customer\/display.html?nodeId=201961660).<\/p>\n<h2 id=\"widerrufsrecht\">6.\u00a0Widerrufsrecht<\/h2>\n<p>Ihnen steht das gesetzliche Widerrufsrecht, wie in der Widerrufsbelehrung beschrieben, zu.<\/p>\n<h2 id=\"transportsch\u00e4den\">7.\u00a0Transportsch\u00e4den<\/h2>\n<p>F\u00fcr Verbraucher gilt: Werden Waren mit offensichtlichen Transportsch\u00e4den angeliefert, so reklamieren Sie solche Fehler bitte m\u00f6glichst sofort beim Zusteller und nehmen Sie bitte unverz\u00fcglich Kontakt zu uns auf. Die Vers\u00e4umung einer Reklamation oder Kontaktaufnahme hat f\u00fcr Ihre gesetzlichen Anspr\u00fcche und deren Durchsetzung, insbesondere Ihre Gew\u00e4hrleistungsrechte, keinerlei Konsequenzen. Sie helfen uns aber, unsere eigenen Anspr\u00fcche gegen\u00fcber dem Frachtf\u00fchrer bzw. der Transportversicherung geltend machen zu k\u00f6nnen.<\/p>\n<p>F\u00fcr Unternehmer gilt: Die Gefahr des zuf\u00e4lligen Untergangs und der zuf\u00e4lligen Verschlechterung geht auf Sie \u00fcber, sobald wir die Sache dem Spediteur, dem Frachtf\u00fchrer oder der sonst zur Ausf\u00fchrung der Versendung bestimmten Person oder Anstalt ausgeliefert haben.<\/p>\n<h2 id=\"gew\u00e4hrleistung_und_garantien\">8.\u00a0Gew\u00e4hrleistung und Garantien<\/h2>\n<h3 id=\"m\u00e4ngelhaftungsrecht\">8.1\u00a0M\u00e4ngelhaftungsrecht<\/h3>\n<p>Soweit nicht nachstehend ausdr\u00fccklich anders vereinbart, gilt das gesetzliche M\u00e4ngelhaftungsrecht.<\/p>\n<p>Die nachstehenden Einschr\u00e4nkungen und Fristverk\u00fcrzungen gelten nicht f\u00fcr Anspr\u00fcche aufgrund von Sch\u00e4den, die durch uns, unsere gesetzlichen Vertreter oder Erf\u00fcllungsgehilfen verursacht wurden<\/p>\n<ul>\n<li>bei Verletzung des Lebens, des K\u00f6rpers oder der Gesundheit<\/li>\n<li>bei vors\u00e4tzlicher oder grob fahrl\u00e4ssiger Pflichtverletzung sowie Arglist<\/li>\n<li>bei Verletzung wesentlicher Vertragspflichten, deren Erf\u00fcllung die ordnungsgem\u00e4\u00dfe Durchf\u00fchrung des Vertrages \u00fcberhaupt erst erm\u00f6glicht und auf deren Einhaltung der Vertragspartner regelm\u00e4\u00dfig vertrauen darf (Kardinalpflichten)<\/li>\n<li>im Rahmen eines Garantieversprechens, soweit vereinbart, oder<\/li>\n<li>soweit der Anwendungsbereich des Produkthaftungsgesetzes er\u00f6ffnet ist.<\/li>\n<\/ul>\n<p><strong>Beschr\u00e4nkungen gegen\u00fcber Unternehmern<\/strong><\/p>\n<p>Gegen\u00fcber Unternehmern gelten als Vereinbarung \u00fcber die Beschaffenheit der Ware nur unsere eigenen Angaben und die Produktbeschreibungen des Herstellers, die in den Vertrag einbezogen wurden; f\u00fcr \u00f6ffentliche \u00c4u\u00dferungen des Herstellers oder sonstige Werbeaussagen \u00fcbernehmen wir keine Haftung. F\u00fcr Unternehmer betr\u00e4gt die Verj\u00e4hrungsfrist f\u00fcr M\u00e4ngelanspr\u00fcche bei neu hergestellten Sachen ein Jahr ab Gefahr\u00fcbergang. Der vorige Satz gilt nicht bei einer Sache, die entsprechend ihrer \u00fcblichen Verwendungsweise f\u00fcr ein Bauwerk verwendet worden ist und dessen Mangelhaftigkeit verursacht hat.<\/p>\n<p>Die gesetzlichen Verj\u00e4hrungsfristen f\u00fcr den R\u00fcckgriffsanspruch nach \u00a7 445a BGB bleiben unber\u00fchrt.<\/p>\n<p><strong>Regelungen gegen\u00fcber Kaufleuten<\/strong><\/p>\n<p>Unter Kaufleuten gilt die in \u00a7 377 HGB geregelte Untersuchungs- und R\u00fcgepflicht. Unterlassen Sie die dort geregelte Anzeige, so gilt die Ware als genehmigt, es sei denn, dass es sich um einen Mangel handelt, der bei der Untersuchung nicht erkennbar war. Dies gilt nicht, falls wir einen Mangel arglistig verschwiegen haben.<\/p>\n<h3 id=\"garantien_und_kundendienst\">8.2\u00a0Garantien und Kundendienst<\/h3>\n<p>Informationen zu gegebenenfalls geltenden zus\u00e4tzlichen Garantien und deren genaue Bedingungen finden Sie jeweils beim Produkt und auf besonderen Informationsseiten im Online-Shop.<\/p>\n<p>Kundendienst: Voor vragen, klachten en bezwaren kunt u op werkdagen contact opnemen met onze klantenservice. van 9:00 uur tot 18:00 uur per e-mail op het volgende adres mail@heatsupply.nl<\/p>\n<h2 id=\"haftung\">9.\u00a0Haftung<\/h2>\n<p>F\u00fcr Anspr\u00fcche aufgrund von Sch\u00e4den, die durch uns, unsere gesetzlichen Vertreter oder Erf\u00fcllungsgehilfen verursacht wurden, haften wir stets unbeschr\u00e4nkt<\/p>\n<ul>\n<li>bei Verletzung des Lebens, des K\u00f6rpers oder der Gesundheit,<\/li>\n<li>bei vors\u00e4tzlicher oder grob fahrl\u00e4ssiger Pflichtverletzung,<\/li>\n<li>bei Garantieversprechen, soweit vereinbart, oder<\/li>\n<li>soweit der Anwendungsbereich des Produkthaftungsgesetzes er\u00f6ffnet ist.<\/li>\n<\/ul>\n<p>Bei Verletzung wesentlicher Vertragspflichten, deren Erf\u00fcllung die ordnungsgem\u00e4\u00dfe Durchf\u00fchrung des Vertrages \u00fcberhaupt erst erm\u00f6glicht und auf deren Einhaltung der Vertragspartner regelm\u00e4\u00dfig vertrauen darf, (Kardinalpflichten) durch leichte Fahrl\u00e4ssigkeit von uns, unseren gesetzlichen Vertretern oder Erf\u00fcllungsgehilfen ist die Haftung der H\u00f6he nach auf den bei Vertragsschluss vorhersehbaren Schaden begrenzt, mit dessen Entstehung typischerweise gerechnet werden muss.<br \/>\nIm \u00dcbrigen sind Anspr\u00fcche auf Schadensersatz ausgeschlossen.<\/p>\n<h2 id=\"streitbeilegung\">10.\u00a0Streitbeilegung<\/h2>\n<p>Wir sind bereit, an einem au\u00dfergerichtlichen Schlichtungsverfahren vor einer Verbraucherschlichtungsstelle teilzunehmen.<br \/>\nZust\u00e4ndig ist die Universalschlichtungsstelle des Bundes am Zentrum f\u00fcr Schlichtung e.V., Stra\u00dfburger Stra\u00dfe 8, 77694 Kehl am Rhein, Deutschland,\u00a0<a href=\"http:\/\/www.verbraucher-schlichter.de\/\" target=\"_blank\" rel=\"noopener\">https:\/\/www.universalschlichtungsstelle.de\/<\/a>.<\/p>\n<h2 id=\"schlussbestimmungen\">11.\u00a0Schlussbestimmungen<\/h2>\n<p>Sind Sie Unternehmer, dann gilt deutsches Recht unter Ausschluss des UN-Kaufrechts.<\/p>\n","protected":false},"excerpt":{"rendered":"<p>Allgemeine Gesch\u00e4ftsbedingungen Allgemeine Gesch\u00e4ftsbedingungen 1.\u00a0Geltungsbereich 2.\u00a0Vertragspartner, Vertragsschluss, Korrekturm\u00f6glichkeiten 3.\u00a0Vertragssprache, Vertragstextspeicherung 4.\u00a0Lieferbedingungen 5.\u00a0Bezahlung 6.\u00a0Widerrufsrecht 7.\u00a0Transportsch\u00e4den 8.\u00a0Gew\u00e4hrleistung und Garantien 9.\u00a0Haftung 10.\u00a0Streitbeilegung 11.\u00a0Schlussbestimmungen 1.\u00a0Geltungsbereich F\u00fcr alle Bestellungen \u00fcber unseren Online-Shop durch Verbraucher und Unternehmer gelten die nachfolgenden AGB. Verbraucher ist jede nat\u00fcrliche Person, die ein Rechtsgesch\u00e4ft zu Zwecken abschlie\u00dft, die \u00fcberwiegend weder ihrer gewerblichen noch ihrer selbst\u00e4ndigen beruflichen [&hellip;]<\/p>\n","protected":false},"author":1,"featured_media":0,"parent":0,"menu_order":0,"comment_status":"open","ping_status":"open","template":"","meta":{"_acf_changed":false,"footnotes":""},"class_list":["post-143928","page","type-page","status-publish","hentry"],"acf":[],"yoast_head":"<!-- This site is optimized with the Yoast SEO Premium plugin v27.5 (Yoast SEO v27.5) - https:\/\/yoast.com\/product\/yoast-seo-premium-wordpress\/ -->\n<title>Allgemeine Gesch\u00e4ftsbedingungen - Heatsupply<\/title>\n<meta name=\"robots\" content=\"index, follow, max-snippet:-1, max-image-preview:large, max-video-preview:-1\" \/>\n<link rel=\"canonical\" href=\"https:\/\/www.heatsupply.nl\/de\/allgemeine-geschaftsbedingungen\/\" \/>\n<meta property=\"og:locale\" content=\"de_DE\" \/>\n<meta property=\"og:type\" content=\"article\" \/>\n<meta property=\"og:title\" content=\"Allgemeine Gesch\u00e4ftsbedingungen\" \/>\n<meta property=\"og:description\" content=\"Allgemeine Gesch\u00e4ftsbedingungen Allgemeine Gesch\u00e4ftsbedingungen 1.\u00a0Geltungsbereich 2.\u00a0Vertragspartner, Vertragsschluss, Korrekturm\u00f6glichkeiten 3.\u00a0Vertragssprache, Vertragstextspeicherung 4.\u00a0Lieferbedingungen 5.\u00a0Bezahlung 6.\u00a0Widerrufsrecht 7.\u00a0Transportsch\u00e4den 8.\u00a0Gew\u00e4hrleistung und Garantien 9.\u00a0Haftung 10.\u00a0Streitbeilegung 11.\u00a0Schlussbestimmungen 1.\u00a0Geltungsbereich F\u00fcr alle Bestellungen \u00fcber unseren Online-Shop durch Verbraucher und Unternehmer gelten die nachfolgenden AGB. Verbraucher ist jede nat\u00fcrliche Person, die ein Rechtsgesch\u00e4ft zu Zwecken abschlie\u00dft, die \u00fcberwiegend weder ihrer gewerblichen noch ihrer selbst\u00e4ndigen beruflichen [&hellip;]\" \/>\n<meta property=\"og:url\" content=\"https:\/\/www.heatsupply.nl\/de\/allgemeine-geschaftsbedingungen\/\" \/>\n<meta property=\"og:site_name\" content=\"Heatsupply\" \/>\n<meta property=\"article:publisher\" content=\"https:\/\/www.facebook.com\/heatsupplyNL\" \/>\n<meta property=\"article:modified_time\" content=\"2026-01-09T12:47:47+00:00\" \/>\n<meta property=\"og:image\" content=\"https:\/\/www.heatsupply.nl\/wp-content\/uploads\/2022\/10\/heatsupply-logo-rood.jpg\" \/>\n\t<meta property=\"og:image:width\" content=\"1000\" \/>\n\t<meta property=\"og:image:height\" content=\"335\" \/>\n\t<meta property=\"og:image:type\" content=\"image\/jpeg\" \/>\n<meta name=\"twitter:card\" content=\"summary_large_image\" \/>\n<meta name=\"twitter:label1\" content=\"Gesch\u00e4tzte Lesezeit\" \/>\n\t<meta name=\"twitter:data1\" content=\"8\u00a0Minute\" \/>\n<script type=\"application\/ld+json\" class=\"yoast-schema-graph\">{\"@context\":\"https:\\\/\\\/schema.org\",\"@graph\":[{\"@type\":\"WebPage\",\"@id\":\"https:\\\/\\\/www.heatsupply.nl\\\/de\\\/allgemeine-geschaftsbedingungen\\\/\",\"url\":\"https:\\\/\\\/www.heatsupply.nl\\\/de\\\/allgemeine-geschaftsbedingungen\\\/\",\"name\":\"Allgemeine Gesch\u00e4ftsbedingungen - Heatsupply\",\"isPartOf\":{\"@id\":\"https:\\\/\\\/www.heatsupply.nl\\\/de\\\/#website\"},\"datePublished\":\"2024-03-06T08:23:35+00:00\",\"dateModified\":\"2026-01-09T12:47:47+00:00\",\"breadcrumb\":{\"@id\":\"https:\\\/\\\/www.heatsupply.nl\\\/de\\\/allgemeine-geschaftsbedingungen\\\/#breadcrumb\"},\"inLanguage\":\"de\",\"potentialAction\":[{\"@type\":\"ReadAction\",\"target\":[\"https:\\\/\\\/www.heatsupply.nl\\\/de\\\/allgemeine-geschaftsbedingungen\\\/\"]}]},{\"@type\":\"BreadcrumbList\",\"@id\":\"https:\\\/\\\/www.heatsupply.nl\\\/de\\\/allgemeine-geschaftsbedingungen\\\/#breadcrumb\",\"itemListElement\":[{\"@type\":\"ListItem\",\"position\":1,\"name\":\"Home\",\"item\":\"https:\\\/\\\/www.heatsupply.nl\\\/de\\\/\"},{\"@type\":\"ListItem\",\"position\":2,\"name\":\"Allgemeine Gesch\u00e4ftsbedingungen\"}]},{\"@type\":\"WebSite\",\"@id\":\"https:\\\/\\\/www.heatsupply.nl\\\/de\\\/#website\",\"url\":\"https:\\\/\\\/www.heatsupply.nl\\\/de\\\/\",\"name\":\"Heatsupply\",\"description\":\"Hot sauce webstore #1 in Europe\",\"publisher\":{\"@id\":\"https:\\\/\\\/www.heatsupply.nl\\\/de\\\/#organization\"},\"potentialAction\":[{\"@type\":\"SearchAction\",\"target\":{\"@type\":\"EntryPoint\",\"urlTemplate\":\"https:\\\/\\\/www.heatsupply.nl\\\/de\\\/?s={search_term_string}\"},\"query-input\":{\"@type\":\"PropertyValueSpecification\",\"valueRequired\":true,\"valueName\":\"search_term_string\"}}],\"inLanguage\":\"de\"},{\"@type\":\"Organization\",\"@id\":\"https:\\\/\\\/www.heatsupply.nl\\\/de\\\/#organization\",\"name\":\"Heatsupply\",\"url\":\"https:\\\/\\\/www.heatsupply.nl\\\/de\\\/\",\"logo\":{\"@type\":\"ImageObject\",\"inLanguage\":\"de\",\"@id\":\"https:\\\/\\\/www.heatsupply.nl\\\/de\\\/#\\\/schema\\\/logo\\\/image\\\/\",\"url\":\"https:\\\/\\\/www.heatsupply.nl\\\/wp-content\\\/uploads\\\/2022\\\/10\\\/heatsupply-logo-rood.jpg\",\"contentUrl\":\"https:\\\/\\\/www.heatsupply.nl\\\/wp-content\\\/uploads\\\/2022\\\/10\\\/heatsupply-logo-rood.jpg\",\"width\":1000,\"height\":335,\"caption\":\"Heatsupply\"},\"image\":{\"@id\":\"https:\\\/\\\/www.heatsupply.nl\\\/de\\\/#\\\/schema\\\/logo\\\/image\\\/\"},\"sameAs\":[\"https:\\\/\\\/www.facebook.com\\\/heatsupplyNL\",\"https:\\\/\\\/www.instagram.com\\\/heatsuppy.nl\",\"https:\\\/\\\/www.youtube.com\\\/channel\\\/UC5pOWqQtljvxTz2SMWGWCsw\"]}]}<\/script>\n<!-- \/ Yoast SEO Premium plugin. -->","yoast_head_json":{"title":"Allgemeine Gesch\u00e4ftsbedingungen - Heatsupply","robots":{"index":"index","follow":"follow","max-snippet":"max-snippet:-1","max-image-preview":"max-image-preview:large","max-video-preview":"max-video-preview:-1"},"canonical":"https:\/\/www.heatsupply.nl\/de\/allgemeine-geschaftsbedingungen\/","og_locale":"de_DE","og_type":"article","og_title":"Allgemeine Gesch\u00e4ftsbedingungen","og_description":"Allgemeine Gesch\u00e4ftsbedingungen Allgemeine Gesch\u00e4ftsbedingungen 1.\u00a0Geltungsbereich 2.\u00a0Vertragspartner, Vertragsschluss, Korrekturm\u00f6glichkeiten 3.\u00a0Vertragssprache, Vertragstextspeicherung 4.\u00a0Lieferbedingungen 5.\u00a0Bezahlung 6.\u00a0Widerrufsrecht 7.\u00a0Transportsch\u00e4den 8.\u00a0Gew\u00e4hrleistung und Garantien 9.\u00a0Haftung 10.\u00a0Streitbeilegung 11.\u00a0Schlussbestimmungen 1.\u00a0Geltungsbereich F\u00fcr alle Bestellungen \u00fcber unseren Online-Shop durch Verbraucher und Unternehmer gelten die nachfolgenden AGB. Verbraucher ist jede nat\u00fcrliche Person, die ein Rechtsgesch\u00e4ft zu Zwecken abschlie\u00dft, die \u00fcberwiegend weder ihrer gewerblichen noch ihrer selbst\u00e4ndigen beruflichen [&hellip;]","og_url":"https:\/\/www.heatsupply.nl\/de\/allgemeine-geschaftsbedingungen\/","og_site_name":"Heatsupply","article_publisher":"https:\/\/www.facebook.com\/heatsupplyNL","article_modified_time":"2026-01-09T12:47:47+00:00","og_image":[{"width":1000,"height":335,"url":"https:\/\/www.heatsupply.nl\/wp-content\/uploads\/2022\/10\/heatsupply-logo-rood.jpg","type":"image\/jpeg"}],"twitter_card":"summary_large_image","twitter_misc":{"Gesch\u00e4tzte Lesezeit":"8\u00a0Minute"},"schema":{"@context":"https:\/\/schema.org","@graph":[{"@type":"WebPage","@id":"https:\/\/www.heatsupply.nl\/de\/allgemeine-geschaftsbedingungen\/","url":"https:\/\/www.heatsupply.nl\/de\/allgemeine-geschaftsbedingungen\/","name":"Allgemeine Gesch\u00e4ftsbedingungen - Heatsupply","isPartOf":{"@id":"https:\/\/www.heatsupply.nl\/de\/#website"},"datePublished":"2024-03-06T08:23:35+00:00","dateModified":"2026-01-09T12:47:47+00:00","breadcrumb":{"@id":"https:\/\/www.heatsupply.nl\/de\/allgemeine-geschaftsbedingungen\/#breadcrumb"},"inLanguage":"de","potentialAction":[{"@type":"ReadAction","target":["https:\/\/www.heatsupply.nl\/de\/allgemeine-geschaftsbedingungen\/"]}]},{"@type":"BreadcrumbList","@id":"https:\/\/www.heatsupply.nl\/de\/allgemeine-geschaftsbedingungen\/#breadcrumb","itemListElement":[{"@type":"ListItem","position":1,"name":"Home","item":"https:\/\/www.heatsupply.nl\/de\/"},{"@type":"ListItem","position":2,"name":"Allgemeine Gesch\u00e4ftsbedingungen"}]},{"@type":"WebSite","@id":"https:\/\/www.heatsupply.nl\/de\/#website","url":"https:\/\/www.heatsupply.nl\/de\/","name":"Heatsupply","description":"Hot sauce webstore #1 in Europe","publisher":{"@id":"https:\/\/www.heatsupply.nl\/de\/#organization"},"potentialAction":[{"@type":"SearchAction","target":{"@type":"EntryPoint","urlTemplate":"https:\/\/www.heatsupply.nl\/de\/?s={search_term_string}"},"query-input":{"@type":"PropertyValueSpecification","valueRequired":true,"valueName":"search_term_string"}}],"inLanguage":"de"},{"@type":"Organization","@id":"https:\/\/www.heatsupply.nl\/de\/#organization","name":"Heatsupply","url":"https:\/\/www.heatsupply.nl\/de\/","logo":{"@type":"ImageObject","inLanguage":"de","@id":"https:\/\/www.heatsupply.nl\/de\/#\/schema\/logo\/image\/","url":"https:\/\/www.heatsupply.nl\/wp-content\/uploads\/2022\/10\/heatsupply-logo-rood.jpg","contentUrl":"https:\/\/www.heatsupply.nl\/wp-content\/uploads\/2022\/10\/heatsupply-logo-rood.jpg","width":1000,"height":335,"caption":"Heatsupply"},"image":{"@id":"https:\/\/www.heatsupply.nl\/de\/#\/schema\/logo\/image\/"},"sameAs":["https:\/\/www.facebook.com\/heatsupplyNL","https:\/\/www.instagram.com\/heatsuppy.nl","https:\/\/www.youtube.com\/channel\/UC5pOWqQtljvxTz2SMWGWCsw"]}]}},"_links":{"self":[{"href":"https:\/\/www.heatsupply.nl\/de\/wp-json\/wp\/v2\/pages\/143928","targetHints":{"allow":["GET"]}}],"collection":[{"href":"https:\/\/www.heatsupply.nl\/de\/wp-json\/wp\/v2\/pages"}],"about":[{"href":"https:\/\/www.heatsupply.nl\/de\/wp-json\/wp\/v2\/types\/page"}],"author":[{"embeddable":true,"href":"https:\/\/www.heatsupply.nl\/de\/wp-json\/wp\/v2\/users\/1"}],"replies":[{"embeddable":true,"href":"https:\/\/www.heatsupply.nl\/de\/wp-json\/wp\/v2\/comments?post=143928"}],"version-history":[{"count":1,"href":"https:\/\/www.heatsupply.nl\/de\/wp-json\/wp\/v2\/pages\/143928\/revisions"}],"predecessor-version":[{"id":197617,"href":"https:\/\/www.heatsupply.nl\/de\/wp-json\/wp\/v2\/pages\/143928\/revisions\/197617"}],"wp:attachment":[{"href":"https:\/\/www.heatsupply.nl\/de\/wp-json\/wp\/v2\/media?parent=143928"}],"curies":[{"name":"wp","href":"https:\/\/api.w.org\/{rel}","templated":true}]}}