{"id":143783,"date":"2024-03-04T16:27:05","date_gmt":"2024-03-04T15:27:05","guid":{"rendered":"https:\/\/www.heatsupply.nl\/haufig-gestellte-fragen-uber-hot-sauce\/"},"modified":"2026-03-22T10:16:31","modified_gmt":"2026-03-22T09:16:31","slug":"haufig-gestellte-fragen","status":"publish","type":"page","link":"https:\/\/www.heatsupply.nl\/de\/haufig-gestellte-fragen\/","title":{"rendered":"H\u00e4ufig gestellte Fragen \u00fcber Hot Sauce"},"content":{"rendered":"<h1>H\u00e4ufig gestellte Fragen \u00fcber Hot Sauce<\/h1>\n<p style=\"text-align: justify;\">Nachfolgend finden Sie eine \u00dcbersicht \u00fcber die <b><strong>am h\u00e4ufigsten<\/strong><\/b> von Kunden an uns <b><strong>gestellten Fragen zu Hot Sauce \/ Hot Sauce<\/strong><\/b>. F\u00fcr weitere Informationen \u00fcber Versand, R\u00fccksendungen und dergleichen, besuchen Sie bitte unsere <a href=\"https:\/\/www.heatsupply.nl\/de\/kundendienst\/\"><u>Kundenservice-Seite<\/u><\/a>.<\/p>\n<h3 style=\"text-align: justify;\"><b><strong>Was ist die sch\u00e4rfste Sauce, die Sie verkaufen?<\/strong><\/b><\/h3>\n<p style=\"text-align: justify;\">Auf dem Papier ist es zweifellos die <a href=\"https:\/\/www.heatsupply.nl\/de\/produkt\/hellfire-doomed-hot-sauce\/\"><b><strong>Hellfire Doomed Hot Sauce<\/strong><\/b><\/a><u> mit<\/u> einem offiziellen Scoville-Wert von satten 2,7 Millionen SHU. Das ist bizarr scharf, und diese Sch\u00e4rfe kommt von der Habanero, dem Trinidad-Skorpion und einem nat\u00fcrlichen Chili-Extrakt mit satten 6,6 Millionen Scoville-Hitzeeinheiten! Eine weitere scharfe Sauce, die so ziemlich jeden vernichtet, der sie probiert, ist <a href=\"https:\/\/www.heatsupply.nl\/de\/produkt\/da-bomb-beyond-insanity-hot-sauce\/\"><b><u><strong>Da Bomb Beyond Insanity<\/strong><\/u><\/b><\/a>, die auch in der weltber\u00fchmten YouTube-Show <em>Hot Ones<\/em> zu sehen ist. Seit mehreren Staffeln ist sie dort die scharfe Sauce, mit der jeder am meisten Probleme hat, was sie zweifellos zu einer der schmerzhaftesten Saucen macht, die wir verkaufen.<\/p>\n<h3 style=\"text-align: justify;\"><b><strong>Warum geben Sie nicht immer den Scoville-Wert einer Sauce an?<\/strong><\/b><\/h3>\n<p style=\"text-align: justify;\">Das ist leider nicht m\u00f6glich, weil die meisten Marken den Scoville-Wert ihrer Saucen nicht offiziell testen lassen. Und wenn Marken einen Scoville-Wert f\u00fcr ihre So\u00dfen angeben, kann dieser manchmal ziemlich irref\u00fchrend sein. Wir haben zum Beispiel manchmal Saucen mit 800.000 SHU (Scoville Heat Units) probiert, die wir als viel weniger scharf empfanden als Saucen mit 135.000 SHU. Aus diesen beiden Gr\u00fcnden ist es f\u00fcr uns praktisch unm\u00f6glich, Empfehlungen auf der Grundlage von Scoville-Werten abzugeben.<\/p>\n<h3 style=\"text-align: justify;\"><b><strong>Wie werden also Ihre Sch\u00e4rfekategorien eingeteilt?<\/strong><\/b><\/h3>\n<p style=\"text-align: justify;\">Da die meisten So\u00dfen keinen offiziellen Scoville-Wert haben, haben wir unsere eigenen f\u00fcnf Kategorien geschaffen: mild, mittelscharf, scharf, sehr scharf und extrem scharf. Obwohl Sch\u00e4rfe ein sehr subjektives Konzept ist, da es von Person zu Person unterschiedlich ist, wie scharf sie etwas findet, versuchen wir anhand dieser Kategorien und unserer eigenen Erfahrung zu kl\u00e4ren, wie scharf eine bestimmte Sauce ist. Mild ist etwas f\u00fcr echte Anf\u00e4nger, denn in dieser Kategorie finden Sie So\u00dfen, die kaum Sch\u00e4rfe enthalten. Von mittelscharf, wo Sie zum Beispiel Klassiker wie Tapatio und Cholula finden, gehen wir bis zu extrem scharf.<\/p>\n<h3 style=\"text-align: justify;\"><b><strong>Ich kann Sch\u00e4rfe (noch) nicht ausstehen, w\u00fcrde aber trotzdem gerne eine scharfe Sauce probieren.<\/strong><\/b> <b><strong>Wo kann ich anfangen?<\/strong><\/b><\/h3>\n<p style=\"text-align: justify;\">Am besten fangen Sie in der Kategorie mild oder mittelscharf an. Hier finden Sie scharfe So\u00dfen, die aufgrund der Verwendung milderer Chilis oder eines geringeren Anteils an Chilis und der Zugabe anderer milder Zutaten auch f\u00fcr Anf\u00e4nger oft sehr gut vertr\u00e4glich sind.<\/p>\n<h3 style=\"text-align: justify;\"><b><strong>Ist scharfe So\u00dfe gesund?<\/strong><\/b><\/h3>\n<p style=\"text-align: justify;\">Die meisten scharfen Saucen sind sehr gesund, da die <a href=\"https:\/\/www.heatsupply.nl\/de\/blog\/scharfes-essen-gesund-7-gesundheitliche-vorteile\/\"><b><strong>Chilis in scharfen Saucen viele gesundheitliche Vorteile haben<\/strong><\/b><\/a>. Die genauen N\u00e4hrwerte finden Sie auf der jeweiligen Produktseite, aber viele Hot Sauces enthalten weder Zucker noch Fett. Das macht scharfe So\u00dfen im Allgemeinen zu den ges\u00fcndesten So\u00dfen, die Sie verwenden k\u00f6nnen. Vor allem, wenn man sie mit Mayo, Ketchup oder (der \u00fcbers\u00fc\u00dfen) Chilisauce aus dem Supermarkt vergleicht. Diese bestehen oft zu einem gro\u00dfen Teil aus Zucker oder ges\u00e4ttigten Fetten.<\/p>\n<h3 style=\"text-align: justify;\"><b><strong>Wozu kann ich scharfe So\u00dfe essen?<\/strong><\/b><\/h3>\n<p style=\"text-align: justify;\">Zu was? Das ist eine Frage, die Sie sich vielleicht stellen sollten. Wir f\u00fchren \u00fcber 100 verschiedene scharfe So\u00dfen, und es gibt immer eine So\u00dfe, die gut zu einem bestimmten Gericht passt. Von Nudeln bis zu Burgern, von Suppen bis zu Currys. Wir essen scharfe So\u00dfen wirklich zu allem. Und wenn Sie die richtige scharfe So\u00dfe zum richtigen Gericht w\u00e4hlen, verst\u00e4rkt sie den Geschmack Ihres Gerichts nur noch mehr. Also probieren Sie es aus!<\/p>\n<h3 style=\"text-align: justify;\"><b><strong>Verwende ich scharfe So\u00dfe beim Kochen oder kommt sie auf den Tisch?<\/strong><\/b><\/h3>\n<p style=\"text-align: justify;\">Die meisten scharfen Saucen sind eigentlich Tafelsaucen. Das hei\u00dft: Sie haben Ihr Essen bereits gekocht, stellen es auf den Teller und geben dann nach Geschmack scharfe So\u00dfe dazu. So wie Sie es auch mit Salz und Pfeffer oder anderen So\u00dfen wie Ketchup tun. Nat\u00fcrlich k\u00f6nnen Sie die scharfe So\u00dfe auch w\u00e4hrend des Kochens hinzuf\u00fcgen, aber dann ist der Geschmack der scharfen So\u00dfe weniger offensichtlich, was oft eine Verschwendung ist. Eine Ausnahme machen wir bei extrem scharfen Saucen, wie zum Beispiel Hellfire Fiery Fool. Es ist besser, solche Saucen beim Kochen und in Ma\u00dfen zu verwenden. Denn oft reicht ein Tropfen aus, um eine ganze Pfanne mit Speisen zu verfeinern. Sie direkt auf den Teller zu geben, ist f\u00fcr die meisten zu intensiv.<\/p>\n<h3 style=\"text-align: justify;\"><b><strong>Sollte ich scharfe So\u00dfe im K\u00fchlschrank aufbewahren?<\/strong><\/b><\/h3>\n<p style=\"text-align: justify;\">Um auf Nummer sicher zu gehen, k\u00f6nnen Sie sie im K\u00fchlschrank oder an einem k\u00fchlen, dunklen Ort aufbewahren. Solange Sie darauf achten, dass sie nicht in der Sonne liegt oder h\u00e4ufig auf dem Herd oder \u00e4hnlichem erhitzt wird, kann Ihrer scharfen Sauce nicht viel passieren. Um sicherzugehen, sollten Sie trotzdem die Flasche selbst \u00fcberpr\u00fcfen, denn wenn dort steht &#8222;Nach dem \u00d6ffnen k\u00fchlen&#8220;, sollten Sie sie einfach in den K\u00fchlschrank stellen.<\/p>\n<h3 style=\"text-align: justify;\"><b><strong>Wie lange ist scharfe So\u00dfe haltbar?<\/strong><\/b><\/h3>\n<p style=\"text-align: justify;\">In fast allen scharfen Saucen sind Essig und scharfe Paprika die Hauptbestandteile. Aufgrund des hohen S\u00e4uregehalts von Essig und des Capsaicins in Chilis werden beide Lebensmittel oft als nat\u00fcrliche Konservierungsmittel verwendet, wodurch scharfe So\u00dfen automatisch sehr lange haltbar sind. Allerdings geben die Hersteller (fast) immer ein Mindesthaltbarkeitsdatum auf der Flasche an. Achten Sie also auf dieses Datum und halten Sie es ein. Lesen Sie das Datum genau durch. Auf vielen Flaschen steht ein &#8222;amerikanisches Datum&#8220;. Dort sieht das Datum wie folgt aus: Monat-Tag-Jahr.<\/p>\n<p>Generell gilt f\u00fcr unsere scharfen Saucen eine Mindesthaltbarkeit von 3 Monaten ab Kaufdatum. Saucen mit k\u00fcrzerer Haltbarkeit werden reduziert angeboten; in diesem Fall wird die begrenzte Haltbarkeit auch angegeben.<\/p>\n<h3 style=\"text-align: justify;\"><b><strong>Wie kann ich meine Toleranz gegen\u00fcber scharfen Speisen und scharfer So\u00dfe erh\u00f6hen?<\/strong><\/b><\/h3>\n<p style=\"text-align: justify;\">In erster Linie, indem man sie \u00f6fters isst. Dadurch gew\u00f6hnt sich Ihre Zunge sozusagen an das Gef\u00fchl, und mit der Zeit k\u00f6nnen Sie immer sch\u00e4rfer essen. Wenn Sie sich an einen bestimmten Sch\u00e4rfegrad gew\u00f6hnt haben, k\u00f6nnen Sie weitergehen und noch sch\u00e4rfere Gerichte probieren. <a href=\"https:\/\/www.heatsupply.nl\/de\/blog\/diese-5-schritte-helfen-ihnen-scharfes-essen-besser-zu-vertragen\/\"><b><strong>Diese 5 Schritte werden Ihnen helfen, sich an scharfes<\/strong><\/b><\/a> Essen zu gew\u00f6hnen.<\/p>\n<h3 style=\"text-align: justify;\"><b><strong>Was soll ich tun, wenn mein Mund brennt?<\/strong><\/b><\/h3>\n<p style=\"text-align: justify;\">Warten, bis es vorbei ist. Leider gibt es kein wirkliches Heilmittel, auch wenn einige &#8222;Experten&#8220; glauben, dass es eins gibt. Das am h\u00e4ufigsten genannte Mittel ist Milch, aber wenn man sie einmal geschluckt hat, kommt die Hitze einfach zur\u00fcck. Letztendlich m\u00fcssen Sie einfach abwarten, bis das Gef\u00fchl nachl\u00e4sst. Vielleicht noch wichtiger ist, dass Sie lernen, das Brennen zu genie\u00dfen!<\/p>\n<h3 style=\"text-align: justify;\"><b><strong>Beeintr\u00e4chtigt eine extrem scharfe Sauce meine Geschmacksnerven?<\/strong><\/b><\/h3>\n<p style=\"text-align: justify;\">Nein. Der Stoff, der Chilis scharf macht (Capsaicin), t\u00e4uscht die Rezeptoren auf Ihrer Zunge. Dadurch hat man das Gef\u00fchl, dass der ganze Mund brennt, aber in Wirklichkeit senden die Rezeptoren auf der Zunge einen falschen Alarm an das Gehirn. Der Schmerz muss nicht weniger werden, aber Ihre Geschmacksknospen werden \u00fcberhaupt nicht beeintr\u00e4chtigt, weil nichts wirklich hei\u00df in Ihrem Mund ist.<\/p>\n<p style=\"text-align: justify;\">Haben Sie noch eine Frage, die wir oben nicht behandelt haben? Dann kontaktieren Sie uns per <a href=\"https:\/\/www.heatsupply.nl\/contact\/\"><b><u><strong>E-Mail<\/strong><\/u><\/b><\/a> oder chatten Sie mit uns auf <a href=\"https:\/\/www.facebook.com\/heatsupplyNL\"><b><u><strong>Facebook<\/strong><\/u><\/b><\/a> oder <a href=\"https:\/\/www.instagram.com\/heatsupply.nl\"><b><u><strong>Instagram<\/strong><\/u><\/b><\/a>.<\/p>\n","protected":false},"excerpt":{"rendered":"<p>H\u00e4ufig gestellte Fragen \u00fcber Hot Sauce Nachfolgend finden Sie eine \u00dcbersicht \u00fcber die am h\u00e4ufigsten von Kunden an uns gestellten Fragen zu Hot Sauce \/ Hot Sauce. F\u00fcr weitere Informationen \u00fcber Versand, R\u00fccksendungen und dergleichen, besuchen Sie bitte unsere Kundenservice-Seite. Was ist die sch\u00e4rfste Sauce, die Sie verkaufen? Auf dem Papier ist es zweifellos die [&hellip;]<\/p>\n","protected":false},"author":1,"featured_media":0,"parent":0,"menu_order":0,"comment_status":"open","ping_status":"open","template":"","meta":{"_acf_changed":false,"footnotes":""},"class_list":["post-143783","page","type-page","status-publish","hentry"],"acf":[],"yoast_head":"<!-- This site is optimized with the Yoast SEO Premium plugin v27.5 (Yoast SEO v27.5) - https:\/\/yoast.com\/product\/yoast-seo-premium-wordpress\/ -->\n<title>H\u00e4ufig gestellte Fragen \u00fcber Hot Sauce - Heatsupply<\/title>\n<meta name=\"description\" content=\"Unsere Kunden stellen uns regelm\u00e4\u00dfig Fragen zu Hot Sauce. Die am h\u00e4ufigsten gestellten Fragen zu Hot Sauce und ihre Antworten finden Sie hier!\" \/>\n<meta name=\"robots\" content=\"index, follow, max-snippet:-1, max-image-preview:large, max-video-preview:-1\" \/>\n<link rel=\"canonical\" href=\"https:\/\/www.heatsupply.nl\/de\/haufig-gestellte-fragen\/\" \/>\n<meta property=\"og:locale\" content=\"de_DE\" \/>\n<meta property=\"og:type\" content=\"article\" \/>\n<meta property=\"og:title\" content=\"H\u00e4ufig gestellte Fragen \u00fcber Hot Sauce\" \/>\n<meta property=\"og:description\" content=\"Unsere Kunden stellen uns regelm\u00e4\u00dfig Fragen zu Hot Sauce. Die am h\u00e4ufigsten gestellten Fragen zu Hot Sauce und ihre Antworten finden Sie hier!\" \/>\n<meta property=\"og:url\" content=\"https:\/\/www.heatsupply.nl\/de\/haufig-gestellte-fragen\/\" \/>\n<meta property=\"og:site_name\" content=\"Heatsupply\" \/>\n<meta property=\"article:publisher\" content=\"https:\/\/www.facebook.com\/heatsupplyNL\" \/>\n<meta property=\"article:modified_time\" content=\"2026-03-22T09:16:31+00:00\" \/>\n<meta property=\"og:image\" content=\"https:\/\/www.heatsupply.nl\/wp-content\/uploads\/2022\/10\/heatsupply-logo-rood.jpg\" \/>\n\t<meta property=\"og:image:width\" content=\"1000\" \/>\n\t<meta property=\"og:image:height\" content=\"335\" \/>\n\t<meta property=\"og:image:type\" content=\"image\/jpeg\" \/>\n<meta name=\"twitter:card\" content=\"summary_large_image\" \/>\n<meta name=\"twitter:label1\" content=\"Gesch\u00e4tzte Lesezeit\" \/>\n\t<meta name=\"twitter:data1\" content=\"6\u00a0Minute\" \/>\n<script type=\"application\/ld+json\" class=\"yoast-schema-graph\">{\"@context\":\"https:\\\/\\\/schema.org\",\"@graph\":[{\"@type\":\"WebPage\",\"@id\":\"https:\\\/\\\/www.heatsupply.nl\\\/de\\\/haufig-gestellte-fragen\\\/\",\"url\":\"https:\\\/\\\/www.heatsupply.nl\\\/de\\\/haufig-gestellte-fragen\\\/\",\"name\":\"H\u00e4ufig gestellte Fragen \u00fcber Hot Sauce - Heatsupply\",\"isPartOf\":{\"@id\":\"https:\\\/\\\/www.heatsupply.nl\\\/de\\\/#website\"},\"datePublished\":\"2024-03-04T15:27:05+00:00\",\"dateModified\":\"2026-03-22T09:16:31+00:00\",\"description\":\"Unsere Kunden stellen uns regelm\u00e4\u00dfig Fragen zu Hot Sauce. Die am h\u00e4ufigsten gestellten Fragen zu Hot Sauce und ihre Antworten finden Sie hier!\",\"breadcrumb\":{\"@id\":\"https:\\\/\\\/www.heatsupply.nl\\\/de\\\/haufig-gestellte-fragen\\\/#breadcrumb\"},\"inLanguage\":\"de\",\"potentialAction\":[{\"@type\":\"ReadAction\",\"target\":[\"https:\\\/\\\/www.heatsupply.nl\\\/de\\\/haufig-gestellte-fragen\\\/\"]}]},{\"@type\":\"BreadcrumbList\",\"@id\":\"https:\\\/\\\/www.heatsupply.nl\\\/de\\\/haufig-gestellte-fragen\\\/#breadcrumb\",\"itemListElement\":[{\"@type\":\"ListItem\",\"position\":1,\"name\":\"Home\",\"item\":\"https:\\\/\\\/www.heatsupply.nl\\\/de\\\/\"},{\"@type\":\"ListItem\",\"position\":2,\"name\":\"H\u00e4ufig gestellte Fragen \u00fcber Hot Sauce\"}]},{\"@type\":\"WebSite\",\"@id\":\"https:\\\/\\\/www.heatsupply.nl\\\/de\\\/#website\",\"url\":\"https:\\\/\\\/www.heatsupply.nl\\\/de\\\/\",\"name\":\"Heatsupply\",\"description\":\"Hot sauce webstore #1 in Europe\",\"publisher\":{\"@id\":\"https:\\\/\\\/www.heatsupply.nl\\\/de\\\/#organization\"},\"potentialAction\":[{\"@type\":\"SearchAction\",\"target\":{\"@type\":\"EntryPoint\",\"urlTemplate\":\"https:\\\/\\\/www.heatsupply.nl\\\/de\\\/?s={search_term_string}\"},\"query-input\":{\"@type\":\"PropertyValueSpecification\",\"valueRequired\":true,\"valueName\":\"search_term_string\"}}],\"inLanguage\":\"de\"},{\"@type\":\"Organization\",\"@id\":\"https:\\\/\\\/www.heatsupply.nl\\\/de\\\/#organization\",\"name\":\"Heatsupply\",\"url\":\"https:\\\/\\\/www.heatsupply.nl\\\/de\\\/\",\"logo\":{\"@type\":\"ImageObject\",\"inLanguage\":\"de\",\"@id\":\"https:\\\/\\\/www.heatsupply.nl\\\/de\\\/#\\\/schema\\\/logo\\\/image\\\/\",\"url\":\"https:\\\/\\\/www.heatsupply.nl\\\/wp-content\\\/uploads\\\/2022\\\/10\\\/heatsupply-logo-rood.jpg\",\"contentUrl\":\"https:\\\/\\\/www.heatsupply.nl\\\/wp-content\\\/uploads\\\/2022\\\/10\\\/heatsupply-logo-rood.jpg\",\"width\":1000,\"height\":335,\"caption\":\"Heatsupply\"},\"image\":{\"@id\":\"https:\\\/\\\/www.heatsupply.nl\\\/de\\\/#\\\/schema\\\/logo\\\/image\\\/\"},\"sameAs\":[\"https:\\\/\\\/www.facebook.com\\\/heatsupplyNL\",\"https:\\\/\\\/www.instagram.com\\\/heatsuppy.nl\",\"https:\\\/\\\/www.youtube.com\\\/channel\\\/UC5pOWqQtljvxTz2SMWGWCsw\"]}]}<\/script>\n<!-- \/ Yoast SEO Premium plugin. -->","yoast_head_json":{"title":"H\u00e4ufig gestellte Fragen \u00fcber Hot Sauce - Heatsupply","description":"Unsere Kunden stellen uns regelm\u00e4\u00dfig Fragen zu Hot Sauce. Die am h\u00e4ufigsten gestellten Fragen zu Hot Sauce und ihre Antworten finden Sie hier!","robots":{"index":"index","follow":"follow","max-snippet":"max-snippet:-1","max-image-preview":"max-image-preview:large","max-video-preview":"max-video-preview:-1"},"canonical":"https:\/\/www.heatsupply.nl\/de\/haufig-gestellte-fragen\/","og_locale":"de_DE","og_type":"article","og_title":"H\u00e4ufig gestellte Fragen \u00fcber Hot Sauce","og_description":"Unsere Kunden stellen uns regelm\u00e4\u00dfig Fragen zu Hot Sauce. Die am h\u00e4ufigsten gestellten Fragen zu Hot Sauce und ihre Antworten finden Sie hier!","og_url":"https:\/\/www.heatsupply.nl\/de\/haufig-gestellte-fragen\/","og_site_name":"Heatsupply","article_publisher":"https:\/\/www.facebook.com\/heatsupplyNL","article_modified_time":"2026-03-22T09:16:31+00:00","og_image":[{"width":1000,"height":335,"url":"https:\/\/www.heatsupply.nl\/wp-content\/uploads\/2022\/10\/heatsupply-logo-rood.jpg","type":"image\/jpeg"}],"twitter_card":"summary_large_image","twitter_misc":{"Gesch\u00e4tzte Lesezeit":"6\u00a0Minute"},"schema":{"@context":"https:\/\/schema.org","@graph":[{"@type":"WebPage","@id":"https:\/\/www.heatsupply.nl\/de\/haufig-gestellte-fragen\/","url":"https:\/\/www.heatsupply.nl\/de\/haufig-gestellte-fragen\/","name":"H\u00e4ufig gestellte Fragen \u00fcber Hot Sauce - Heatsupply","isPartOf":{"@id":"https:\/\/www.heatsupply.nl\/de\/#website"},"datePublished":"2024-03-04T15:27:05+00:00","dateModified":"2026-03-22T09:16:31+00:00","description":"Unsere Kunden stellen uns regelm\u00e4\u00dfig Fragen zu Hot Sauce. Die am h\u00e4ufigsten gestellten Fragen zu Hot Sauce und ihre Antworten finden Sie hier!","breadcrumb":{"@id":"https:\/\/www.heatsupply.nl\/de\/haufig-gestellte-fragen\/#breadcrumb"},"inLanguage":"de","potentialAction":[{"@type":"ReadAction","target":["https:\/\/www.heatsupply.nl\/de\/haufig-gestellte-fragen\/"]}]},{"@type":"BreadcrumbList","@id":"https:\/\/www.heatsupply.nl\/de\/haufig-gestellte-fragen\/#breadcrumb","itemListElement":[{"@type":"ListItem","position":1,"name":"Home","item":"https:\/\/www.heatsupply.nl\/de\/"},{"@type":"ListItem","position":2,"name":"H\u00e4ufig gestellte Fragen \u00fcber Hot Sauce"}]},{"@type":"WebSite","@id":"https:\/\/www.heatsupply.nl\/de\/#website","url":"https:\/\/www.heatsupply.nl\/de\/","name":"Heatsupply","description":"Hot sauce webstore #1 in Europe","publisher":{"@id":"https:\/\/www.heatsupply.nl\/de\/#organization"},"potentialAction":[{"@type":"SearchAction","target":{"@type":"EntryPoint","urlTemplate":"https:\/\/www.heatsupply.nl\/de\/?s={search_term_string}"},"query-input":{"@type":"PropertyValueSpecification","valueRequired":true,"valueName":"search_term_string"}}],"inLanguage":"de"},{"@type":"Organization","@id":"https:\/\/www.heatsupply.nl\/de\/#organization","name":"Heatsupply","url":"https:\/\/www.heatsupply.nl\/de\/","logo":{"@type":"ImageObject","inLanguage":"de","@id":"https:\/\/www.heatsupply.nl\/de\/#\/schema\/logo\/image\/","url":"https:\/\/www.heatsupply.nl\/wp-content\/uploads\/2022\/10\/heatsupply-logo-rood.jpg","contentUrl":"https:\/\/www.heatsupply.nl\/wp-content\/uploads\/2022\/10\/heatsupply-logo-rood.jpg","width":1000,"height":335,"caption":"Heatsupply"},"image":{"@id":"https:\/\/www.heatsupply.nl\/de\/#\/schema\/logo\/image\/"},"sameAs":["https:\/\/www.facebook.com\/heatsupplyNL","https:\/\/www.instagram.com\/heatsuppy.nl","https:\/\/www.youtube.com\/channel\/UC5pOWqQtljvxTz2SMWGWCsw"]}]}},"_links":{"self":[{"href":"https:\/\/www.heatsupply.nl\/de\/wp-json\/wp\/v2\/pages\/143783","targetHints":{"allow":["GET"]}}],"collection":[{"href":"https:\/\/www.heatsupply.nl\/de\/wp-json\/wp\/v2\/pages"}],"about":[{"href":"https:\/\/www.heatsupply.nl\/de\/wp-json\/wp\/v2\/types\/page"}],"author":[{"embeddable":true,"href":"https:\/\/www.heatsupply.nl\/de\/wp-json\/wp\/v2\/users\/1"}],"replies":[{"embeddable":true,"href":"https:\/\/www.heatsupply.nl\/de\/wp-json\/wp\/v2\/comments?post=143783"}],"version-history":[{"count":2,"href":"https:\/\/www.heatsupply.nl\/de\/wp-json\/wp\/v2\/pages\/143783\/revisions"}],"predecessor-version":[{"id":205661,"href":"https:\/\/www.heatsupply.nl\/de\/wp-json\/wp\/v2\/pages\/143783\/revisions\/205661"}],"wp:attachment":[{"href":"https:\/\/www.heatsupply.nl\/de\/wp-json\/wp\/v2\/media?parent=143783"}],"curies":[{"name":"wp","href":"https:\/\/api.w.org\/{rel}","templated":true}]}}