{"id":143780,"date":"2024-03-04T16:01:56","date_gmt":"2024-03-04T15:01:56","guid":{"rendered":"https:\/\/www.heatsupply.nl\/lieferung-abholung\/"},"modified":"2026-03-13T16:48:12","modified_gmt":"2026-03-13T15:48:12","slug":"lieferung-abholung","status":"publish","type":"page","link":"https:\/\/www.heatsupply.nl\/de\/lieferung-abholung\/","title":{"rendered":"Lieferung &#038; Abholung"},"content":{"rendered":"<h1>Lieferung &amp; Abholung<\/h1>\n<h3><b><strong>Versand<\/strong><\/b><\/h3>\n<p>Bestellungen, die an Werktagen <strong>vor 15:00 Uhr<\/strong> aufgegeben werden, werden noch am selben Tag mit <strong>DHL<\/strong> verschickt und in Deutschland meist innerhalb von 2 Werktagen zugestellt. Wir \u00fcbernehmen keine Verantwortung f\u00fcr etwaige Verz\u00f6gerungen bei DHL. Bei jeder Bestellung erhalten Sie einen Track &amp; Trace Code, der Ihnen separat per E-Mail zugeschickt wird, sobald DHL das Paket von uns \u00fcbernommen hat.<\/p>\n<p>F\u00fcr die Zustellung in Deutschland nutzen wir DHL als Versanddienstleister, es sei denn, Sie entscheiden sich f\u00fcr die Abholung an einem DHL-Punkt. Die festen Versandkosten f\u00fcr Deutschland betragen <strong>6,95 \u20ac<\/strong>. F\u00fcr deutsche Adressen gilt <strong>kostenloser Versand ab 75 \u20ac<\/strong>. Bei anderen internationalen Bestellungen liegt diese Grenze bei 100 \u20ac, 150 \u20ac oder 200 \u20ac (unten finden Sie eine \u00dcbersicht, ab wann Sie kostenlosen Versand pro Land in Europa erhalten).<\/p>\n<p><b><strong>Kostenloser Versand ab:<\/strong><\/b><\/p>\n<ul>\n<li><b><strong>65 \u20ac:<\/strong><\/b> Niederlande<\/li>\n<li><strong>75 \u20ac<\/strong>: Deutschland und Belgien<\/li>\n<li><b><strong>100 <\/strong><\/b>\u20ac: Frankreich, Luxemburg, Polen<\/li>\n<li><b><strong>150 <\/strong><\/b>\u20ac: Vereinigtes K\u00f6nigreich, Spanien, Italien, \u00d6sterreich, Tschechische Republik, D\u00e4nemark, Slowakei, Slowenien, Monaco<\/li>\n<li><b><strong>200 <\/strong><\/b>\u20ac: Finnland, Schweden, Norwegen, Irland, Ungarn, Portugal, Lettland, Litauen, Estland, Rum\u00e4nien, Malta, Schweiz, Bulgarien, Griechenland, Kroatien<\/li>\n<\/ul>\n<p><strong>Sofort versandfertig, Lieferfrist:\u00a0<\/strong><\/p>\n<ul>\n<li>Niederlande &amp; Belgien: 1 Arbeitstag<\/li>\n<li>Deutschland und D\u00e4nemark: 2 Arbeitstage<\/li>\n<li>Frankreich: 2 &#8211; 3 Arbeitstage<\/li>\n<li>\u00d6sterreich und Polen: 3 Arbeitstage<\/li>\n<li>Vereinigtes K\u00f6nigreich, Schweden: 2-4 Arbeitstage<\/li>\n<li>Irland: 4 Arbeitstage<\/li>\n<li>Spanien, Polen, Tschechische Republik, Ungarn, Norwegen, Finnland: 3-5 Arbeitstage<\/li>\n<li>Italien: 5-6 Arbeitstage<\/li>\n<\/ul>\n<p>Das restliche Europa ben\u00f6tigt normalerweise 5 Arbeitstage oder mehr.<\/p>\n<h3>R\u00fccksendungen<\/h3>\n<p>Wird ein Paket aufgrund eines Fehlers des Kunden (z. B. falsche Adresse oder Nichtabholung an einer Paketstation) zur\u00fcckgesendet, erstatten wir die Versandkosten bei Stornierung der Bestellung nicht. W\u00fcnscht der Kunde eine erneute Zusendung, m\u00fcssen wir die Versandkosten erneut berechnen.<\/p>\n<h3><b><strong>Abholung?<\/strong><\/b><\/h3>\n<p>Haben Sie die kostenlose Versandart &#8218;Abholung&#8216; gew\u00e4hlt? Dann k\u00f6nnen Sie Ihre Bestellung an Werktagen (Montag bis Freitag) zwischen 09:00 und 17:00 Uhr unter der folgenden Adresse abholen:<\/p>\n<p>Heatsupply<br \/>\nWaardjesweg 69<br \/>\n5725 TB Asten<br \/>\nNiederlande<\/p>\n<p>Um sicher zu gehen, senden Sie uns bitte eine E-Mail mit der Uhrzeit, zu der Sie Ihre Bestellung abholen m\u00f6chten.<\/p>\n","protected":false},"excerpt":{"rendered":"<p>Lieferung &amp; Abholung Versand Bestellungen, die an Werktagen vor 15:00 Uhr aufgegeben werden, werden noch am selben Tag mit DHL verschickt und in Deutschland meist innerhalb von 2 Werktagen zugestellt. Wir \u00fcbernehmen keine Verantwortung f\u00fcr etwaige Verz\u00f6gerungen bei DHL. Bei jeder Bestellung erhalten Sie einen Track &amp; Trace Code, der Ihnen separat per E-Mail zugeschickt [&hellip;]<\/p>\n","protected":false},"author":2,"featured_media":0,"parent":0,"menu_order":0,"comment_status":"closed","ping_status":"closed","template":"","meta":{"_acf_changed":false,"footnotes":""},"class_list":["post-143780","page","type-page","status-publish","hentry"],"acf":[],"yoast_head":"<!-- This site is optimized with the Yoast SEO Premium plugin v27.5 (Yoast SEO v27.5) - https:\/\/yoast.com\/product\/yoast-seo-premium-wordpress\/ -->\n<title>Versandoptionen f\u00fcr scharfe Saucen | Heatsupply<\/title>\n<meta name=\"description\" content=\"Kostenloser Versand ab 65 \u20ac nach Deutschland. Bestelle vor 15 Uhr und erhalte deine scharfen Saucen in nur 2 Werktagen!\" \/>\n<meta name=\"robots\" content=\"index, follow, max-snippet:-1, max-image-preview:large, max-video-preview:-1\" \/>\n<link rel=\"canonical\" href=\"https:\/\/www.heatsupply.nl\/de\/lieferung-abholung\/\" \/>\n<meta property=\"og:locale\" content=\"de_DE\" \/>\n<meta property=\"og:type\" content=\"article\" \/>\n<meta property=\"og:title\" content=\"Lieferung &amp; Abholung\" \/>\n<meta property=\"og:description\" content=\"Kostenloser Versand ab 65 \u20ac nach Deutschland. Bestelle vor 15 Uhr und erhalte deine scharfen Saucen in nur 2 Werktagen!\" \/>\n<meta property=\"og:url\" content=\"https:\/\/www.heatsupply.nl\/de\/lieferung-abholung\/\" \/>\n<meta property=\"og:site_name\" content=\"Heatsupply\" \/>\n<meta property=\"article:publisher\" content=\"https:\/\/www.facebook.com\/heatsupplyNL\" \/>\n<meta property=\"article:modified_time\" content=\"2026-03-13T15:48:12+00:00\" \/>\n<meta property=\"og:image\" content=\"https:\/\/www.heatsupply.nl\/wp-content\/uploads\/2022\/10\/heatsupply-logo-rood.jpg\" \/>\n\t<meta property=\"og:image:width\" content=\"1000\" \/>\n\t<meta property=\"og:image:height\" content=\"335\" \/>\n\t<meta property=\"og:image:type\" content=\"image\/jpeg\" \/>\n<meta name=\"twitter:card\" content=\"summary_large_image\" \/>\n<meta name=\"twitter:label1\" content=\"Gesch\u00e4tzte Lesezeit\" \/>\n\t<meta name=\"twitter:data1\" content=\"2\u00a0Minute\" \/>\n<script type=\"application\/ld+json\" class=\"yoast-schema-graph\">{\"@context\":\"https:\\\/\\\/schema.org\",\"@graph\":[{\"@type\":\"WebPage\",\"@id\":\"https:\\\/\\\/www.heatsupply.nl\\\/de\\\/lieferung-abholung\\\/\",\"url\":\"https:\\\/\\\/www.heatsupply.nl\\\/de\\\/lieferung-abholung\\\/\",\"name\":\"Versandoptionen f\u00fcr scharfe Saucen | Heatsupply\",\"isPartOf\":{\"@id\":\"https:\\\/\\\/www.heatsupply.nl\\\/de\\\/#website\"},\"datePublished\":\"2024-03-04T15:01:56+00:00\",\"dateModified\":\"2026-03-13T15:48:12+00:00\",\"description\":\"Kostenloser Versand ab 65 \u20ac nach Deutschland. Bestelle vor 15 Uhr und erhalte deine scharfen Saucen in nur 2 Werktagen!\",\"breadcrumb\":{\"@id\":\"https:\\\/\\\/www.heatsupply.nl\\\/de\\\/lieferung-abholung\\\/#breadcrumb\"},\"inLanguage\":\"de\",\"potentialAction\":[{\"@type\":\"ReadAction\",\"target\":[\"https:\\\/\\\/www.heatsupply.nl\\\/de\\\/lieferung-abholung\\\/\"]}]},{\"@type\":\"BreadcrumbList\",\"@id\":\"https:\\\/\\\/www.heatsupply.nl\\\/de\\\/lieferung-abholung\\\/#breadcrumb\",\"itemListElement\":[{\"@type\":\"ListItem\",\"position\":1,\"name\":\"Home\",\"item\":\"https:\\\/\\\/www.heatsupply.nl\\\/de\\\/\"},{\"@type\":\"ListItem\",\"position\":2,\"name\":\"Lieferung &#038; Abholung\"}]},{\"@type\":\"WebSite\",\"@id\":\"https:\\\/\\\/www.heatsupply.nl\\\/de\\\/#website\",\"url\":\"https:\\\/\\\/www.heatsupply.nl\\\/de\\\/\",\"name\":\"Heatsupply\",\"description\":\"Hot sauce webstore #1 in Europe\",\"publisher\":{\"@id\":\"https:\\\/\\\/www.heatsupply.nl\\\/de\\\/#organization\"},\"potentialAction\":[{\"@type\":\"SearchAction\",\"target\":{\"@type\":\"EntryPoint\",\"urlTemplate\":\"https:\\\/\\\/www.heatsupply.nl\\\/de\\\/?s={search_term_string}\"},\"query-input\":{\"@type\":\"PropertyValueSpecification\",\"valueRequired\":true,\"valueName\":\"search_term_string\"}}],\"inLanguage\":\"de\"},{\"@type\":\"Organization\",\"@id\":\"https:\\\/\\\/www.heatsupply.nl\\\/de\\\/#organization\",\"name\":\"Heatsupply\",\"url\":\"https:\\\/\\\/www.heatsupply.nl\\\/de\\\/\",\"logo\":{\"@type\":\"ImageObject\",\"inLanguage\":\"de\",\"@id\":\"https:\\\/\\\/www.heatsupply.nl\\\/de\\\/#\\\/schema\\\/logo\\\/image\\\/\",\"url\":\"https:\\\/\\\/www.heatsupply.nl\\\/wp-content\\\/uploads\\\/2022\\\/10\\\/heatsupply-logo-rood.jpg\",\"contentUrl\":\"https:\\\/\\\/www.heatsupply.nl\\\/wp-content\\\/uploads\\\/2022\\\/10\\\/heatsupply-logo-rood.jpg\",\"width\":1000,\"height\":335,\"caption\":\"Heatsupply\"},\"image\":{\"@id\":\"https:\\\/\\\/www.heatsupply.nl\\\/de\\\/#\\\/schema\\\/logo\\\/image\\\/\"},\"sameAs\":[\"https:\\\/\\\/www.facebook.com\\\/heatsupplyNL\",\"https:\\\/\\\/www.instagram.com\\\/heatsuppy.nl\",\"https:\\\/\\\/www.youtube.com\\\/channel\\\/UC5pOWqQtljvxTz2SMWGWCsw\"]}]}<\/script>\n<!-- \/ Yoast SEO Premium plugin. -->","yoast_head_json":{"title":"Versandoptionen f\u00fcr scharfe Saucen | Heatsupply","description":"Kostenloser Versand ab 65 \u20ac nach Deutschland. Bestelle vor 15 Uhr und erhalte deine scharfen Saucen in nur 2 Werktagen!","robots":{"index":"index","follow":"follow","max-snippet":"max-snippet:-1","max-image-preview":"max-image-preview:large","max-video-preview":"max-video-preview:-1"},"canonical":"https:\/\/www.heatsupply.nl\/de\/lieferung-abholung\/","og_locale":"de_DE","og_type":"article","og_title":"Lieferung & Abholung","og_description":"Kostenloser Versand ab 65 \u20ac nach Deutschland. Bestelle vor 15 Uhr und erhalte deine scharfen Saucen in nur 2 Werktagen!","og_url":"https:\/\/www.heatsupply.nl\/de\/lieferung-abholung\/","og_site_name":"Heatsupply","article_publisher":"https:\/\/www.facebook.com\/heatsupplyNL","article_modified_time":"2026-03-13T15:48:12+00:00","og_image":[{"width":1000,"height":335,"url":"https:\/\/www.heatsupply.nl\/wp-content\/uploads\/2022\/10\/heatsupply-logo-rood.jpg","type":"image\/jpeg"}],"twitter_card":"summary_large_image","twitter_misc":{"Gesch\u00e4tzte Lesezeit":"2\u00a0Minute"},"schema":{"@context":"https:\/\/schema.org","@graph":[{"@type":"WebPage","@id":"https:\/\/www.heatsupply.nl\/de\/lieferung-abholung\/","url":"https:\/\/www.heatsupply.nl\/de\/lieferung-abholung\/","name":"Versandoptionen f\u00fcr scharfe Saucen | Heatsupply","isPartOf":{"@id":"https:\/\/www.heatsupply.nl\/de\/#website"},"datePublished":"2024-03-04T15:01:56+00:00","dateModified":"2026-03-13T15:48:12+00:00","description":"Kostenloser Versand ab 65 \u20ac nach Deutschland. Bestelle vor 15 Uhr und erhalte deine scharfen Saucen in nur 2 Werktagen!","breadcrumb":{"@id":"https:\/\/www.heatsupply.nl\/de\/lieferung-abholung\/#breadcrumb"},"inLanguage":"de","potentialAction":[{"@type":"ReadAction","target":["https:\/\/www.heatsupply.nl\/de\/lieferung-abholung\/"]}]},{"@type":"BreadcrumbList","@id":"https:\/\/www.heatsupply.nl\/de\/lieferung-abholung\/#breadcrumb","itemListElement":[{"@type":"ListItem","position":1,"name":"Home","item":"https:\/\/www.heatsupply.nl\/de\/"},{"@type":"ListItem","position":2,"name":"Lieferung &#038; Abholung"}]},{"@type":"WebSite","@id":"https:\/\/www.heatsupply.nl\/de\/#website","url":"https:\/\/www.heatsupply.nl\/de\/","name":"Heatsupply","description":"Hot sauce webstore #1 in Europe","publisher":{"@id":"https:\/\/www.heatsupply.nl\/de\/#organization"},"potentialAction":[{"@type":"SearchAction","target":{"@type":"EntryPoint","urlTemplate":"https:\/\/www.heatsupply.nl\/de\/?s={search_term_string}"},"query-input":{"@type":"PropertyValueSpecification","valueRequired":true,"valueName":"search_term_string"}}],"inLanguage":"de"},{"@type":"Organization","@id":"https:\/\/www.heatsupply.nl\/de\/#organization","name":"Heatsupply","url":"https:\/\/www.heatsupply.nl\/de\/","logo":{"@type":"ImageObject","inLanguage":"de","@id":"https:\/\/www.heatsupply.nl\/de\/#\/schema\/logo\/image\/","url":"https:\/\/www.heatsupply.nl\/wp-content\/uploads\/2022\/10\/heatsupply-logo-rood.jpg","contentUrl":"https:\/\/www.heatsupply.nl\/wp-content\/uploads\/2022\/10\/heatsupply-logo-rood.jpg","width":1000,"height":335,"caption":"Heatsupply"},"image":{"@id":"https:\/\/www.heatsupply.nl\/de\/#\/schema\/logo\/image\/"},"sameAs":["https:\/\/www.facebook.com\/heatsupplyNL","https:\/\/www.instagram.com\/heatsuppy.nl","https:\/\/www.youtube.com\/channel\/UC5pOWqQtljvxTz2SMWGWCsw"]}]}},"_links":{"self":[{"href":"https:\/\/www.heatsupply.nl\/de\/wp-json\/wp\/v2\/pages\/143780","targetHints":{"allow":["GET"]}}],"collection":[{"href":"https:\/\/www.heatsupply.nl\/de\/wp-json\/wp\/v2\/pages"}],"about":[{"href":"https:\/\/www.heatsupply.nl\/de\/wp-json\/wp\/v2\/types\/page"}],"author":[{"embeddable":true,"href":"https:\/\/www.heatsupply.nl\/de\/wp-json\/wp\/v2\/users\/2"}],"replies":[{"embeddable":true,"href":"https:\/\/www.heatsupply.nl\/de\/wp-json\/wp\/v2\/comments?post=143780"}],"version-history":[{"count":5,"href":"https:\/\/www.heatsupply.nl\/de\/wp-json\/wp\/v2\/pages\/143780\/revisions"}],"predecessor-version":[{"id":197813,"href":"https:\/\/www.heatsupply.nl\/de\/wp-json\/wp\/v2\/pages\/143780\/revisions\/197813"}],"wp:attachment":[{"href":"https:\/\/www.heatsupply.nl\/de\/wp-json\/wp\/v2\/media?parent=143780"}],"curies":[{"name":"wp","href":"https:\/\/api.w.org\/{rel}","templated":true}]}}