{"id":143777,"date":"2024-03-04T15:53:06","date_gmt":"2024-03-04T14:53:06","guid":{"rendered":"https:\/\/www.heatsupply.nl\/business\/"},"modified":"2025-09-02T09:30:33","modified_gmt":"2025-09-02T07:30:33","slug":"business","status":"publish","type":"page","link":"https:\/\/www.heatsupply.nl\/de\/business\/","title":{"rendered":"Business"},"content":{"rendered":"<h1 style=\"text-align: justify;\">Heatsupply f\u00fcr B2B<\/h1>\n<p style=\"text-align: justify;\">Auch f\u00fcr B2B ist die Zusammenarbeit mit Heatsupply ganz einfach. Es gibt verschiedene M\u00f6glichkeiten, wie wir mit Einzelh\u00e4ndlern, Gastronomiebetrieben oder Marken zusammenarbeiten. Schau hier, welche M\u00f6glichkeiten wir haben und was am besten zu dir und deinem Unternehmen passt.<\/p>\n<h2>Heatsupply Produktdisplay<\/h2>\n<p>Bist du Fan der Heatsupply Produkte und verf\u00fcgst du \u00fcber einen Laden, Supermarkt, Imbiss oder Feinkostgesch\u00e4ft, dann ist das <strong>Heatsupply Display<\/strong> genau das Richtige f\u00fcr euch!<\/p>\n<p>Das Heatsupply Display ist ein Display gef\u00fcllt mit Produkten, die wir auch in unserem Webshop verkaufen. Welche Produkte im Display stehen, h\u00e4ngt vollst\u00e4ndig von deinen W\u00fcnschen ab. Willst du ein Display gef\u00fcllt mit milden Saucen, mit s\u00fc\u00df-scharfen Saucen, mit BBQ-artigen Saucen oder einfach mit allem M\u00f6glichen? Das geht. Jedes Display l\u00e4sst sich nach Wunsch einrichten.<\/p>\n<p>Hast du keine Ahnung, was zu deinem Laden passt? Dann helfen wir dir nat\u00fcrlich gerne. Wir kommen gerne mit euch ins Gespr\u00e4ch, um euer Gesch\u00e4ft kennenzulernen und anschlie\u00dfend eine Empfehlung f\u00fcr ein passendes Display zu geben.<\/p>\n<p><img loading=\"lazy\" decoding=\"async\" class=\"alignnone wp-image-184253\" src=\"https:\/\/www.heatsupply.nl\/wp-content\/uploads\/2025\/08\/display-totaal-1-300x175.png\" alt=\"Heatsupply product display\" width=\"623\" height=\"363\" srcset=\"https:\/\/www.heatsupply.nl\/wp-content\/uploads\/2025\/08\/display-totaal-1-300x175.png 300w, https:\/\/www.heatsupply.nl\/wp-content\/uploads\/2025\/08\/display-totaal-1-1024x597.png 1024w, https:\/\/www.heatsupply.nl\/wp-content\/uploads\/2025\/08\/display-totaal-1-768x448.png 768w, https:\/\/www.heatsupply.nl\/wp-content\/uploads\/2025\/08\/display-totaal-1-1536x896.png 1536w, https:\/\/www.heatsupply.nl\/wp-content\/uploads\/2025\/08\/display-totaal-1-2048x1194.png 2048w, https:\/\/www.heatsupply.nl\/wp-content\/uploads\/2025\/08\/display-totaal-1-500x292.png 500w, https:\/\/www.heatsupply.nl\/wp-content\/uploads\/2025\/08\/display-totaal-1-600x350.png 600w\" sizes=\"auto, (max-width: 623px) 100vw, 623px\" \/><\/p>\n<h3>Look-and-Feel des Heatsupply Displays<\/h3>\n<p>Auch das Look-and-Feel und die Gr\u00f6\u00dfe des Displays lassen sich nach Wunsch anpassen. So ist ein gro\u00dfes, stehendes Display m\u00f6glich (wie auf dem Bild), aber es ist auch m\u00f6glich, ein Thekendisplay zu erstellen, zum Beispiel neben deiner Kasse oder auf einer Vitrine.<\/p>\n<p>Au\u00dferdem ist es m\u00f6glich, das Look-and-Feel eurer Marke im Display widerzuspiegeln. Nat\u00fcrlich in Kombination mit dem von Heatsupply, aber daf\u00fcr erstellen wir dann gemeinsam ein sch\u00f6nes Design.<\/p>\n<p>Neugierig auf die M\u00f6glichkeiten? Dann schreib an <a href=\"mailto:mail@heatsupply.nl\" target=\"_blank\" rel=\"noopener noreferrer\">mail@heatsupply.nl<\/a>. Wir schauen gerne mit dir die M\u00f6glichkeiten durch.<\/p>\n<h2 style=\"text-align: left;\">Hot Sauces mit eigenem Label<\/h2>\n<p style=\"text-align: left;\">Hast du ein Unternehmen und willst du <strong>Hot Sauces mit deinem eigenen Label oder Logo<\/strong> darauf? Wir bieten <strong>White Label Hot Sauces<\/strong> an, auf die wir dein eigenes Etikett anbringen k\u00f6nnen. So kannst du Hot Sauces als Kundengeschenk f\u00fcr besondere Anl\u00e4sse einsetzen, aber du kannst sie auch als deine &#8222;eigene&#8220; Hot Sauce in einem Caf\u00e9 oder Restaurant pr\u00e4sentieren. Du kannst sie sogar in deinem eigenen (Web-)Shop verkaufen.<\/p>\n<p><img loading=\"lazy\" decoding=\"async\" class=\"wp-image-114131 alignnone\" src=\"https:\/\/www.heatsupply.nl\/wp-content\/uploads\/2023\/03\/hot-sauce-eigen-label-b2b-1024x512.jpg\" alt=\"\" width=\"530\" height=\"265\" srcset=\"https:\/\/www.heatsupply.nl\/wp-content\/uploads\/2023\/03\/hot-sauce-eigen-label-b2b-1024x512.jpg 1024w, https:\/\/www.heatsupply.nl\/wp-content\/uploads\/2023\/03\/hot-sauce-eigen-label-b2b-300x150.jpg 300w, https:\/\/www.heatsupply.nl\/wp-content\/uploads\/2023\/03\/hot-sauce-eigen-label-b2b-768x384.jpg 768w, https:\/\/www.heatsupply.nl\/wp-content\/uploads\/2023\/03\/hot-sauce-eigen-label-b2b-500x250.jpg 500w, https:\/\/www.heatsupply.nl\/wp-content\/uploads\/2023\/03\/hot-sauce-eigen-label-b2b-600x300.jpg 600w, https:\/\/www.heatsupply.nl\/wp-content\/uploads\/2023\/03\/hot-sauce-eigen-label-b2b.jpg 1200w\" sizes=\"auto, (max-width: 530px) 100vw, 530px\" \/><\/p>\n<p>Ein sch\u00f6nes Beispiel f\u00fcr eine Hot Sauce mit eigenem Label ist dieser Auftrag von Jack Jarryd. F\u00fcr die Ver\u00f6ffentlichung seiner neuen Single &#8222;Hot Stuff&#8220; lie\u00df er von uns diese Hot Sauces herstellen. Das Design des Labels wird immer extern gemacht und wurde von Jack Jarryds Management entwickelt.<\/p>\n<p><img loading=\"lazy\" decoding=\"async\" class=\"alignnone wp-image-116886\" src=\"https:\/\/www.heatsupply.nl\/wp-content\/uploads\/2023\/05\/jack-jarryd-hot-sauce-heatsupply-zakelijk-1.png\" alt=\"\" width=\"505\" height=\"403\" srcset=\"https:\/\/www.heatsupply.nl\/wp-content\/uploads\/2023\/05\/jack-jarryd-hot-sauce-heatsupply-zakelijk-1.png 820w, https:\/\/www.heatsupply.nl\/wp-content\/uploads\/2023\/05\/jack-jarryd-hot-sauce-heatsupply-zakelijk-1-300x240.png 300w, https:\/\/www.heatsupply.nl\/wp-content\/uploads\/2023\/05\/jack-jarryd-hot-sauce-heatsupply-zakelijk-1-768x613.png 768w, https:\/\/www.heatsupply.nl\/wp-content\/uploads\/2023\/05\/jack-jarryd-hot-sauce-heatsupply-zakelijk-1-500x399.png 500w, https:\/\/www.heatsupply.nl\/wp-content\/uploads\/2023\/05\/jack-jarryd-hot-sauce-heatsupply-zakelijk-1-600x479.png 600w\" sizes=\"auto, (max-width: 505px) 100vw, 505px\" \/><\/p>\n<h2 style=\"text-align: left;\">Hot Sauces f\u00fcr die Gastronomie<\/h2>\n<p>Neben White Label Hot Sauces f\u00fcr dein Caf\u00e9 oder Restaurant k\u00f6nnen wir dich nat\u00fcrlich auch mit den besten Hot Sauces versorgen, die bereits auf Heatsupply.nl verf\u00fcgbar sind. Hot Sauces sind die perfekte Tischsauce zu Pizza, Burgern und vielem mehr. Du kannst diese Hot Sauces \u00fcber den Webshop bestellen, aber solltest du Bedarf an Vorschl\u00e4gen oder einer ma\u00dfgeschneiderten L\u00f6sung f\u00fcr Hot Sauces in deinem Gastronomiebetrieb haben, dann kannst du uns immer mailen (<a href=\"mailto:mail@heatsupply.nl\" target=\"_blank\" rel=\"noopener noreferrer\">mail@heatsupply.nl<\/a>).<\/p>\n<h2 style=\"text-align: left;\">Hot Sauces f\u00fcr deinen Laden<\/h2>\n<p>Willst du gerne selbst Hot Sauces in deinem Laden oder Online-Shop verkaufen, dann helfen wir dir gerne. Schick uns eine Mail (<a href=\"mailto:mail@heatsupply.nl\" target=\"_blank\" rel=\"noopener noreferrer\">mail@heatsupply.nl<\/a>) mit einigen Informationen \u00fcber dein Unternehmen\/deinen Laden und gib an, f\u00fcr welche Produkte ihr euch interessiert. Wir schauen dann gerne nach den Kooperationsm\u00f6glichkeiten und den dazugeh\u00f6rigen Gro\u00dfhandelspreisen.<\/p>\n","protected":false},"excerpt":{"rendered":"<p>Heatsupply f\u00fcr B2B Auch f\u00fcr B2B ist die Zusammenarbeit mit Heatsupply ganz einfach. Es gibt verschiedene M\u00f6glichkeiten, wie wir mit Einzelh\u00e4ndlern, Gastronomiebetrieben oder Marken zusammenarbeiten. Schau hier, welche M\u00f6glichkeiten wir haben und was am besten zu dir und deinem Unternehmen passt. Heatsupply Produktdisplay Bist du Fan der Heatsupply Produkte und verf\u00fcgst du \u00fcber einen Laden, [&hellip;]<\/p>\n","protected":false},"author":1,"featured_media":184255,"parent":0,"menu_order":0,"comment_status":"closed","ping_status":"closed","template":"","meta":{"_acf_changed":false,"footnotes":""},"class_list":["post-143777","page","type-page","status-publish","has-post-thumbnail","hentry"],"acf":[],"yoast_head":"<!-- This site is optimized with the Yoast SEO Premium plugin v27.5 (Yoast SEO v27.5) - https:\/\/yoast.com\/product\/yoast-seo-premium-wordpress\/ -->\n<title>Scharfe Saucen mit eigenem Label und mehr - B2B - Heatsupply<\/title>\n<meta name=\"description\" content=\"M\u00f6chten Sie mit Heatsupply eine Gesch\u00e4ftsbeziehung eingehen? Wir k\u00f6nnen Hot Sauces mit Ihrem eigenen Label und mehr anbieten.\" \/>\n<meta name=\"robots\" content=\"index, follow, max-snippet:-1, max-image-preview:large, max-video-preview:-1\" \/>\n<link rel=\"canonical\" href=\"https:\/\/www.heatsupply.nl\/de\/business\/\" \/>\n<meta property=\"og:locale\" content=\"de_DE\" \/>\n<meta property=\"og:type\" content=\"article\" \/>\n<meta property=\"og:title\" content=\"Business\" \/>\n<meta property=\"og:description\" content=\"M\u00f6chten Sie mit Heatsupply eine Gesch\u00e4ftsbeziehung eingehen? Wir k\u00f6nnen Hot Sauces mit Ihrem eigenen Label und mehr anbieten.\" \/>\n<meta property=\"og:url\" content=\"https:\/\/www.heatsupply.nl\/de\/business\/\" \/>\n<meta property=\"og:site_name\" content=\"Heatsupply\" \/>\n<meta property=\"article:publisher\" content=\"https:\/\/www.facebook.com\/heatsupplyNL\" \/>\n<meta property=\"article:modified_time\" content=\"2025-09-02T07:30:33+00:00\" \/>\n<meta property=\"og:image\" content=\"https:\/\/www.heatsupply.nl\/wp-content\/uploads\/2025\/08\/display-totaal-1.png\" \/>\n\t<meta property=\"og:image:width\" content=\"2250\" \/>\n\t<meta property=\"og:image:height\" content=\"1312\" \/>\n\t<meta property=\"og:image:type\" content=\"image\/png\" \/>\n<meta name=\"twitter:card\" content=\"summary_large_image\" \/>\n<meta name=\"twitter:label1\" content=\"Gesch\u00e4tzte Lesezeit\" \/>\n\t<meta name=\"twitter:data1\" content=\"4\u00a0Minute\" \/>\n<script type=\"application\/ld+json\" class=\"yoast-schema-graph\">{\"@context\":\"https:\\\/\\\/schema.org\",\"@graph\":[{\"@type\":\"WebPage\",\"@id\":\"https:\\\/\\\/www.heatsupply.nl\\\/de\\\/business\\\/\",\"url\":\"https:\\\/\\\/www.heatsupply.nl\\\/de\\\/business\\\/\",\"name\":\"Scharfe Saucen mit eigenem Label und mehr - B2B - Heatsupply\",\"isPartOf\":{\"@id\":\"https:\\\/\\\/www.heatsupply.nl\\\/de\\\/#website\"},\"primaryImageOfPage\":{\"@id\":\"https:\\\/\\\/www.heatsupply.nl\\\/de\\\/business\\\/#primaryimage\"},\"image\":{\"@id\":\"https:\\\/\\\/www.heatsupply.nl\\\/de\\\/business\\\/#primaryimage\"},\"thumbnailUrl\":\"https:\\\/\\\/www.heatsupply.nl\\\/wp-content\\\/uploads\\\/2025\\\/08\\\/display-totaal-1.png\",\"datePublished\":\"2024-03-04T14:53:06+00:00\",\"dateModified\":\"2025-09-02T07:30:33+00:00\",\"description\":\"M\u00f6chten Sie mit Heatsupply eine Gesch\u00e4ftsbeziehung eingehen? Wir k\u00f6nnen Hot Sauces mit Ihrem eigenen Label und mehr anbieten.\",\"breadcrumb\":{\"@id\":\"https:\\\/\\\/www.heatsupply.nl\\\/de\\\/business\\\/#breadcrumb\"},\"inLanguage\":\"de\",\"potentialAction\":[{\"@type\":\"ReadAction\",\"target\":[\"https:\\\/\\\/www.heatsupply.nl\\\/de\\\/business\\\/\"]}]},{\"@type\":\"ImageObject\",\"inLanguage\":\"de\",\"@id\":\"https:\\\/\\\/www.heatsupply.nl\\\/de\\\/business\\\/#primaryimage\",\"url\":\"https:\\\/\\\/www.heatsupply.nl\\\/wp-content\\\/uploads\\\/2025\\\/08\\\/display-totaal-1.png\",\"contentUrl\":\"https:\\\/\\\/www.heatsupply.nl\\\/wp-content\\\/uploads\\\/2025\\\/08\\\/display-totaal-1.png\",\"width\":2250,\"height\":1312,\"caption\":\"Heatsupply product display\"},{\"@type\":\"BreadcrumbList\",\"@id\":\"https:\\\/\\\/www.heatsupply.nl\\\/de\\\/business\\\/#breadcrumb\",\"itemListElement\":[{\"@type\":\"ListItem\",\"position\":1,\"name\":\"Home\",\"item\":\"https:\\\/\\\/www.heatsupply.nl\\\/de\\\/\"},{\"@type\":\"ListItem\",\"position\":2,\"name\":\"Business\"}]},{\"@type\":\"WebSite\",\"@id\":\"https:\\\/\\\/www.heatsupply.nl\\\/de\\\/#website\",\"url\":\"https:\\\/\\\/www.heatsupply.nl\\\/de\\\/\",\"name\":\"Heatsupply\",\"description\":\"Hot sauce webstore #1 in Europe\",\"publisher\":{\"@id\":\"https:\\\/\\\/www.heatsupply.nl\\\/de\\\/#organization\"},\"potentialAction\":[{\"@type\":\"SearchAction\",\"target\":{\"@type\":\"EntryPoint\",\"urlTemplate\":\"https:\\\/\\\/www.heatsupply.nl\\\/de\\\/?s={search_term_string}\"},\"query-input\":{\"@type\":\"PropertyValueSpecification\",\"valueRequired\":true,\"valueName\":\"search_term_string\"}}],\"inLanguage\":\"de\"},{\"@type\":\"Organization\",\"@id\":\"https:\\\/\\\/www.heatsupply.nl\\\/de\\\/#organization\",\"name\":\"Heatsupply\",\"url\":\"https:\\\/\\\/www.heatsupply.nl\\\/de\\\/\",\"logo\":{\"@type\":\"ImageObject\",\"inLanguage\":\"de\",\"@id\":\"https:\\\/\\\/www.heatsupply.nl\\\/de\\\/#\\\/schema\\\/logo\\\/image\\\/\",\"url\":\"https:\\\/\\\/www.heatsupply.nl\\\/wp-content\\\/uploads\\\/2022\\\/10\\\/heatsupply-logo-rood.jpg\",\"contentUrl\":\"https:\\\/\\\/www.heatsupply.nl\\\/wp-content\\\/uploads\\\/2022\\\/10\\\/heatsupply-logo-rood.jpg\",\"width\":1000,\"height\":335,\"caption\":\"Heatsupply\"},\"image\":{\"@id\":\"https:\\\/\\\/www.heatsupply.nl\\\/de\\\/#\\\/schema\\\/logo\\\/image\\\/\"},\"sameAs\":[\"https:\\\/\\\/www.facebook.com\\\/heatsupplyNL\",\"https:\\\/\\\/www.instagram.com\\\/heatsuppy.nl\",\"https:\\\/\\\/www.youtube.com\\\/channel\\\/UC5pOWqQtljvxTz2SMWGWCsw\"]}]}<\/script>\n<!-- \/ Yoast SEO Premium plugin. -->","yoast_head_json":{"title":"Scharfe Saucen mit eigenem Label und mehr - B2B - Heatsupply","description":"M\u00f6chten Sie mit Heatsupply eine Gesch\u00e4ftsbeziehung eingehen? Wir k\u00f6nnen Hot Sauces mit Ihrem eigenen Label und mehr anbieten.","robots":{"index":"index","follow":"follow","max-snippet":"max-snippet:-1","max-image-preview":"max-image-preview:large","max-video-preview":"max-video-preview:-1"},"canonical":"https:\/\/www.heatsupply.nl\/de\/business\/","og_locale":"de_DE","og_type":"article","og_title":"Business","og_description":"M\u00f6chten Sie mit Heatsupply eine Gesch\u00e4ftsbeziehung eingehen? Wir k\u00f6nnen Hot Sauces mit Ihrem eigenen Label und mehr anbieten.","og_url":"https:\/\/www.heatsupply.nl\/de\/business\/","og_site_name":"Heatsupply","article_publisher":"https:\/\/www.facebook.com\/heatsupplyNL","article_modified_time":"2025-09-02T07:30:33+00:00","og_image":[{"width":2250,"height":1312,"url":"https:\/\/www.heatsupply.nl\/wp-content\/uploads\/2025\/08\/display-totaal-1.png","type":"image\/png"}],"twitter_card":"summary_large_image","twitter_misc":{"Gesch\u00e4tzte Lesezeit":"4\u00a0Minute"},"schema":{"@context":"https:\/\/schema.org","@graph":[{"@type":"WebPage","@id":"https:\/\/www.heatsupply.nl\/de\/business\/","url":"https:\/\/www.heatsupply.nl\/de\/business\/","name":"Scharfe Saucen mit eigenem Label und mehr - B2B - Heatsupply","isPartOf":{"@id":"https:\/\/www.heatsupply.nl\/de\/#website"},"primaryImageOfPage":{"@id":"https:\/\/www.heatsupply.nl\/de\/business\/#primaryimage"},"image":{"@id":"https:\/\/www.heatsupply.nl\/de\/business\/#primaryimage"},"thumbnailUrl":"https:\/\/www.heatsupply.nl\/wp-content\/uploads\/2025\/08\/display-totaal-1.png","datePublished":"2024-03-04T14:53:06+00:00","dateModified":"2025-09-02T07:30:33+00:00","description":"M\u00f6chten Sie mit Heatsupply eine Gesch\u00e4ftsbeziehung eingehen? Wir k\u00f6nnen Hot Sauces mit Ihrem eigenen Label und mehr anbieten.","breadcrumb":{"@id":"https:\/\/www.heatsupply.nl\/de\/business\/#breadcrumb"},"inLanguage":"de","potentialAction":[{"@type":"ReadAction","target":["https:\/\/www.heatsupply.nl\/de\/business\/"]}]},{"@type":"ImageObject","inLanguage":"de","@id":"https:\/\/www.heatsupply.nl\/de\/business\/#primaryimage","url":"https:\/\/www.heatsupply.nl\/wp-content\/uploads\/2025\/08\/display-totaal-1.png","contentUrl":"https:\/\/www.heatsupply.nl\/wp-content\/uploads\/2025\/08\/display-totaal-1.png","width":2250,"height":1312,"caption":"Heatsupply product display"},{"@type":"BreadcrumbList","@id":"https:\/\/www.heatsupply.nl\/de\/business\/#breadcrumb","itemListElement":[{"@type":"ListItem","position":1,"name":"Home","item":"https:\/\/www.heatsupply.nl\/de\/"},{"@type":"ListItem","position":2,"name":"Business"}]},{"@type":"WebSite","@id":"https:\/\/www.heatsupply.nl\/de\/#website","url":"https:\/\/www.heatsupply.nl\/de\/","name":"Heatsupply","description":"Hot sauce webstore #1 in Europe","publisher":{"@id":"https:\/\/www.heatsupply.nl\/de\/#organization"},"potentialAction":[{"@type":"SearchAction","target":{"@type":"EntryPoint","urlTemplate":"https:\/\/www.heatsupply.nl\/de\/?s={search_term_string}"},"query-input":{"@type":"PropertyValueSpecification","valueRequired":true,"valueName":"search_term_string"}}],"inLanguage":"de"},{"@type":"Organization","@id":"https:\/\/www.heatsupply.nl\/de\/#organization","name":"Heatsupply","url":"https:\/\/www.heatsupply.nl\/de\/","logo":{"@type":"ImageObject","inLanguage":"de","@id":"https:\/\/www.heatsupply.nl\/de\/#\/schema\/logo\/image\/","url":"https:\/\/www.heatsupply.nl\/wp-content\/uploads\/2022\/10\/heatsupply-logo-rood.jpg","contentUrl":"https:\/\/www.heatsupply.nl\/wp-content\/uploads\/2022\/10\/heatsupply-logo-rood.jpg","width":1000,"height":335,"caption":"Heatsupply"},"image":{"@id":"https:\/\/www.heatsupply.nl\/de\/#\/schema\/logo\/image\/"},"sameAs":["https:\/\/www.facebook.com\/heatsupplyNL","https:\/\/www.instagram.com\/heatsuppy.nl","https:\/\/www.youtube.com\/channel\/UC5pOWqQtljvxTz2SMWGWCsw"]}]}},"_links":{"self":[{"href":"https:\/\/www.heatsupply.nl\/de\/wp-json\/wp\/v2\/pages\/143777","targetHints":{"allow":["GET"]}}],"collection":[{"href":"https:\/\/www.heatsupply.nl\/de\/wp-json\/wp\/v2\/pages"}],"about":[{"href":"https:\/\/www.heatsupply.nl\/de\/wp-json\/wp\/v2\/types\/page"}],"author":[{"embeddable":true,"href":"https:\/\/www.heatsupply.nl\/de\/wp-json\/wp\/v2\/users\/1"}],"replies":[{"embeddable":true,"href":"https:\/\/www.heatsupply.nl\/de\/wp-json\/wp\/v2\/comments?post=143777"}],"version-history":[{"count":0,"href":"https:\/\/www.heatsupply.nl\/de\/wp-json\/wp\/v2\/pages\/143777\/revisions"}],"wp:featuredmedia":[{"embeddable":true,"href":"https:\/\/www.heatsupply.nl\/de\/wp-json\/wp\/v2\/media\/184255"}],"wp:attachment":[{"href":"https:\/\/www.heatsupply.nl\/de\/wp-json\/wp\/v2\/media?parent=143777"}],"curies":[{"name":"wp","href":"https:\/\/api.w.org\/{rel}","templated":true}]}}