{"id":143776,"date":"2024-03-04T15:46:42","date_gmt":"2024-03-04T14:46:42","guid":{"rendered":"https:\/\/www.heatsupply.nl\/klantenservice-2\/"},"modified":"2026-03-22T10:13:49","modified_gmt":"2026-03-22T09:13:49","slug":"kundendienst","status":"publish","type":"page","link":"https:\/\/www.heatsupply.nl\/de\/kundendienst\/","title":{"rendered":"Kundendienst"},"content":{"rendered":"<h1>Kundendienst<\/h1>\n<p>Hier finden Sie alle m\u00f6glichen Informationen \u00fcber Heatsupply. Haben Sie noch Fragen? Sie k\u00f6nnen sie per E-Mail oder (noch schneller) \u00fcber Facebook oder Instagram stellen.<\/p>\n<h3><b><strong>Zahlungsm\u00f6glichkeiten<\/strong><\/b><\/h3>\n<p>Heatsupply bietet Ihnen mehrere Zahlungsm\u00f6glichkeiten an, darunter iDeal, Bancontact\/MisterCash und Paypal. Sie k\u00f6nnen die gew\u00fcnschte Zahlungsmethode w\u00e4hrend des Bestellvorgangs ausw\u00e4hlen.<\/p>\n<h3><b><strong>Mindesthaltbarkeitsdatum &#8230;<\/strong><\/b><\/h3>\n<p>Bitte beachten Sie, dass das Mindesthaltbarkeitsdatum auf US-Flaschen anders formatiert ist als in Europa. Die ersten beiden Ziffern beziehen sich auf den Monat, gefolgt von Tag und Jahr. Wir verkaufen ausschlie\u00dflich Saucen mit einer Haltbarkeit von mindestens 3 Monaten. Saucen mit k\u00fcrzerer Haltbarkeit werden reduziert angeboten; die begrenzte Haltbarkeit wird auf der Produktseite angegeben. Weitere allgemeine Informationen zur <a href=\"https:\/\/www.heatsupply.nl\/blog\/hoe-lang-is-hete-saus-ongeveer-houdbaar\/\"><b><strong>Haltbarkeit von scharfen Saucen finden Sie hier<\/strong><\/b><\/a>.<\/p>\n<h3><b><strong>R\u00fcckgabe<\/strong><\/b><\/h3>\n<p>Sie sind nicht ganz zufrieden oder bedauern Ihren Kauf? Das kann vorkommen. Wir bieten Ihnen die M\u00f6glichkeit, Artikel, sofern sie unge\u00f6ffnet und unbesch\u00e4digt sind, innerhalb von 14 Tagen an die unten stehende Adresse zur\u00fcckzusenden. Bitte legen Sie das R\u00fccksendeformular<a href=\"https:\/\/www.heatsupply.nl\/wp-content\/uploads\/2023\/01\/Retour-formulier-Heatsupply.pdf\"><b><strong>(hier zum Herunterladen<\/strong><\/b><\/a>) dem Paket bei, das Sie zur\u00fcckschicken, und achten Sie darauf, dass die Produkte ausreichend gesch\u00fctzt sind. Die Kosten f\u00fcr die R\u00fccksendung werden nicht erstattet.<\/p>\n<p>Unsere R\u00fccksendeadresse lautet:<\/p>\n<p>Heatsupply<br \/>\nWaardjesweg 69<br \/>\n5725 TB Asten<br \/>\nDie Niederlande<\/p>\n<h3>Haben Sie besch\u00e4digte Produkte erhalten?<\/h3>\n<p>Leider kann es passieren, dass w\u00e4hrend des Transports Sch\u00e4den an den Produkten entstehen. Wir sch\u00fctzen die Glasflaschen so gut wie m\u00f6glich, aber es kann trotzdem w\u00e4hrend des Transports kaputtgehen. Hast du besch\u00e4digte Produkte erhalten oder ist das ganze Paket stark besch\u00e4digt? Laut DHL-Protokoll musst du dann mit dem Paket mit den besch\u00e4digten Produkten zu einem DHL ServicePoint gehen, um dort einen Schadensbericht erstellen zu lassen. Dieser Bericht wird dann von einem Mitarbeiter unterschrieben. Mach zur Sicherheit am besten ein Foto davon.<\/p>\n<p>Wir werden anschlie\u00dfend so schnell wie m\u00f6glich neue Produkte verschicken oder eine R\u00fcckerstattung f\u00fcr die besch\u00e4digten Produkte veranlassen.<\/p>\n<h3><b><strong>Beanstandung?<\/strong><\/b> <b><strong>Sagen Sie es uns<\/strong><\/b><\/h3>\n<p>Wenn Sie eine Beschwerde haben, k\u00f6nnen Sie uns eine E-Mail an <b><strong>mail@heatsupply.nl<\/strong><\/b> schicken oder uns \u00fcber Facebook Messenger oder Instagram kontaktieren. Wir sind stets bem\u00fcht, Probleme zur Zufriedenheit unserer Kunden zu l\u00f6sen.<\/p>\n","protected":false},"excerpt":{"rendered":"<p>Kundendienst Hier finden Sie alle m\u00f6glichen Informationen \u00fcber Heatsupply. Haben Sie noch Fragen? Sie k\u00f6nnen sie per E-Mail oder (noch schneller) \u00fcber Facebook oder Instagram stellen. Zahlungsm\u00f6glichkeiten Heatsupply bietet Ihnen mehrere Zahlungsm\u00f6glichkeiten an, darunter iDeal, Bancontact\/MisterCash und Paypal. Sie k\u00f6nnen die gew\u00fcnschte Zahlungsmethode w\u00e4hrend des Bestellvorgangs ausw\u00e4hlen. Mindesthaltbarkeitsdatum &#8230; Bitte beachten Sie, dass das Mindesthaltbarkeitsdatum [&hellip;]<\/p>\n","protected":false},"author":1,"featured_media":0,"parent":0,"menu_order":0,"comment_status":"open","ping_status":"open","template":"","meta":{"_acf_changed":false,"footnotes":""},"class_list":["post-143776","page","type-page","status-publish","hentry"],"acf":[],"yoast_head":"<!-- This site is optimized with the Yoast SEO Premium plugin v27.5 (Yoast SEO v27.5) - https:\/\/yoast.com\/product\/yoast-seo-premium-wordpress\/ -->\n<title>Kundendienst - Heatsupply<\/title>\n<meta name=\"description\" content=\"Menschen mit hei\u00dfer Sauce gl\u00fccklich zu machen, darum geht es uns. Hier finden Sie alle Informationen zur Bestellung bei Heatsupply und wie Sie mit uns in Kontakt treten k\u00f6nnen.\" \/>\n<meta name=\"robots\" content=\"index, follow, max-snippet:-1, max-image-preview:large, max-video-preview:-1\" \/>\n<link rel=\"canonical\" href=\"https:\/\/www.heatsupply.nl\/de\/kundendienst\/\" \/>\n<meta property=\"og:locale\" content=\"de_DE\" \/>\n<meta property=\"og:type\" content=\"article\" \/>\n<meta property=\"og:title\" content=\"Kundendienst\" \/>\n<meta property=\"og:description\" content=\"Menschen mit hei\u00dfer Sauce gl\u00fccklich zu machen, darum geht es uns. Hier finden Sie alle Informationen zur Bestellung bei Heatsupply und wie Sie mit uns in Kontakt treten k\u00f6nnen.\" \/>\n<meta property=\"og:url\" content=\"https:\/\/www.heatsupply.nl\/de\/kundendienst\/\" \/>\n<meta property=\"og:site_name\" content=\"Heatsupply\" \/>\n<meta property=\"article:publisher\" content=\"https:\/\/www.facebook.com\/heatsupplyNL\" \/>\n<meta property=\"article:modified_time\" content=\"2026-03-22T09:13:49+00:00\" \/>\n<meta property=\"og:image\" content=\"https:\/\/www.heatsupply.nl\/wp-content\/uploads\/2022\/10\/heatsupply-logo-rood.jpg\" \/>\n\t<meta property=\"og:image:width\" content=\"1000\" \/>\n\t<meta property=\"og:image:height\" content=\"335\" \/>\n\t<meta property=\"og:image:type\" content=\"image\/jpeg\" \/>\n<meta name=\"twitter:card\" content=\"summary_large_image\" \/>\n<meta name=\"twitter:label1\" content=\"Gesch\u00e4tzte Lesezeit\" \/>\n\t<meta name=\"twitter:data1\" content=\"2\u00a0Minute\" \/>\n<script type=\"application\/ld+json\" class=\"yoast-schema-graph\">{\"@context\":\"https:\\\/\\\/schema.org\",\"@graph\":[{\"@type\":\"WebPage\",\"@id\":\"https:\\\/\\\/www.heatsupply.nl\\\/de\\\/kundendienst\\\/\",\"url\":\"https:\\\/\\\/www.heatsupply.nl\\\/de\\\/kundendienst\\\/\",\"name\":\"Kundendienst - Heatsupply\",\"isPartOf\":{\"@id\":\"https:\\\/\\\/www.heatsupply.nl\\\/de\\\/#website\"},\"datePublished\":\"2024-03-04T14:46:42+00:00\",\"dateModified\":\"2026-03-22T09:13:49+00:00\",\"description\":\"Menschen mit hei\u00dfer Sauce gl\u00fccklich zu machen, darum geht es uns. Hier finden Sie alle Informationen zur Bestellung bei Heatsupply und wie Sie mit uns in Kontakt treten k\u00f6nnen.\",\"breadcrumb\":{\"@id\":\"https:\\\/\\\/www.heatsupply.nl\\\/de\\\/kundendienst\\\/#breadcrumb\"},\"inLanguage\":\"de\",\"potentialAction\":[{\"@type\":\"ReadAction\",\"target\":[\"https:\\\/\\\/www.heatsupply.nl\\\/de\\\/kundendienst\\\/\"]}]},{\"@type\":\"BreadcrumbList\",\"@id\":\"https:\\\/\\\/www.heatsupply.nl\\\/de\\\/kundendienst\\\/#breadcrumb\",\"itemListElement\":[{\"@type\":\"ListItem\",\"position\":1,\"name\":\"Home\",\"item\":\"https:\\\/\\\/www.heatsupply.nl\\\/de\\\/\"},{\"@type\":\"ListItem\",\"position\":2,\"name\":\"Kundendienst\"}]},{\"@type\":\"WebSite\",\"@id\":\"https:\\\/\\\/www.heatsupply.nl\\\/de\\\/#website\",\"url\":\"https:\\\/\\\/www.heatsupply.nl\\\/de\\\/\",\"name\":\"Heatsupply\",\"description\":\"Hot sauce webstore #1 in Europe\",\"publisher\":{\"@id\":\"https:\\\/\\\/www.heatsupply.nl\\\/de\\\/#organization\"},\"potentialAction\":[{\"@type\":\"SearchAction\",\"target\":{\"@type\":\"EntryPoint\",\"urlTemplate\":\"https:\\\/\\\/www.heatsupply.nl\\\/de\\\/?s={search_term_string}\"},\"query-input\":{\"@type\":\"PropertyValueSpecification\",\"valueRequired\":true,\"valueName\":\"search_term_string\"}}],\"inLanguage\":\"de\"},{\"@type\":\"Organization\",\"@id\":\"https:\\\/\\\/www.heatsupply.nl\\\/de\\\/#organization\",\"name\":\"Heatsupply\",\"url\":\"https:\\\/\\\/www.heatsupply.nl\\\/de\\\/\",\"logo\":{\"@type\":\"ImageObject\",\"inLanguage\":\"de\",\"@id\":\"https:\\\/\\\/www.heatsupply.nl\\\/de\\\/#\\\/schema\\\/logo\\\/image\\\/\",\"url\":\"https:\\\/\\\/www.heatsupply.nl\\\/wp-content\\\/uploads\\\/2022\\\/10\\\/heatsupply-logo-rood.jpg\",\"contentUrl\":\"https:\\\/\\\/www.heatsupply.nl\\\/wp-content\\\/uploads\\\/2022\\\/10\\\/heatsupply-logo-rood.jpg\",\"width\":1000,\"height\":335,\"caption\":\"Heatsupply\"},\"image\":{\"@id\":\"https:\\\/\\\/www.heatsupply.nl\\\/de\\\/#\\\/schema\\\/logo\\\/image\\\/\"},\"sameAs\":[\"https:\\\/\\\/www.facebook.com\\\/heatsupplyNL\",\"https:\\\/\\\/www.instagram.com\\\/heatsuppy.nl\",\"https:\\\/\\\/www.youtube.com\\\/channel\\\/UC5pOWqQtljvxTz2SMWGWCsw\"]}]}<\/script>\n<!-- \/ Yoast SEO Premium plugin. -->","yoast_head_json":{"title":"Kundendienst - Heatsupply","description":"Menschen mit hei\u00dfer Sauce gl\u00fccklich zu machen, darum geht es uns. Hier finden Sie alle Informationen zur Bestellung bei Heatsupply und wie Sie mit uns in Kontakt treten k\u00f6nnen.","robots":{"index":"index","follow":"follow","max-snippet":"max-snippet:-1","max-image-preview":"max-image-preview:large","max-video-preview":"max-video-preview:-1"},"canonical":"https:\/\/www.heatsupply.nl\/de\/kundendienst\/","og_locale":"de_DE","og_type":"article","og_title":"Kundendienst","og_description":"Menschen mit hei\u00dfer Sauce gl\u00fccklich zu machen, darum geht es uns. Hier finden Sie alle Informationen zur Bestellung bei Heatsupply und wie Sie mit uns in Kontakt treten k\u00f6nnen.","og_url":"https:\/\/www.heatsupply.nl\/de\/kundendienst\/","og_site_name":"Heatsupply","article_publisher":"https:\/\/www.facebook.com\/heatsupplyNL","article_modified_time":"2026-03-22T09:13:49+00:00","og_image":[{"width":1000,"height":335,"url":"https:\/\/www.heatsupply.nl\/wp-content\/uploads\/2022\/10\/heatsupply-logo-rood.jpg","type":"image\/jpeg"}],"twitter_card":"summary_large_image","twitter_misc":{"Gesch\u00e4tzte Lesezeit":"2\u00a0Minute"},"schema":{"@context":"https:\/\/schema.org","@graph":[{"@type":"WebPage","@id":"https:\/\/www.heatsupply.nl\/de\/kundendienst\/","url":"https:\/\/www.heatsupply.nl\/de\/kundendienst\/","name":"Kundendienst - Heatsupply","isPartOf":{"@id":"https:\/\/www.heatsupply.nl\/de\/#website"},"datePublished":"2024-03-04T14:46:42+00:00","dateModified":"2026-03-22T09:13:49+00:00","description":"Menschen mit hei\u00dfer Sauce gl\u00fccklich zu machen, darum geht es uns. Hier finden Sie alle Informationen zur Bestellung bei Heatsupply und wie Sie mit uns in Kontakt treten k\u00f6nnen.","breadcrumb":{"@id":"https:\/\/www.heatsupply.nl\/de\/kundendienst\/#breadcrumb"},"inLanguage":"de","potentialAction":[{"@type":"ReadAction","target":["https:\/\/www.heatsupply.nl\/de\/kundendienst\/"]}]},{"@type":"BreadcrumbList","@id":"https:\/\/www.heatsupply.nl\/de\/kundendienst\/#breadcrumb","itemListElement":[{"@type":"ListItem","position":1,"name":"Home","item":"https:\/\/www.heatsupply.nl\/de\/"},{"@type":"ListItem","position":2,"name":"Kundendienst"}]},{"@type":"WebSite","@id":"https:\/\/www.heatsupply.nl\/de\/#website","url":"https:\/\/www.heatsupply.nl\/de\/","name":"Heatsupply","description":"Hot sauce webstore #1 in Europe","publisher":{"@id":"https:\/\/www.heatsupply.nl\/de\/#organization"},"potentialAction":[{"@type":"SearchAction","target":{"@type":"EntryPoint","urlTemplate":"https:\/\/www.heatsupply.nl\/de\/?s={search_term_string}"},"query-input":{"@type":"PropertyValueSpecification","valueRequired":true,"valueName":"search_term_string"}}],"inLanguage":"de"},{"@type":"Organization","@id":"https:\/\/www.heatsupply.nl\/de\/#organization","name":"Heatsupply","url":"https:\/\/www.heatsupply.nl\/de\/","logo":{"@type":"ImageObject","inLanguage":"de","@id":"https:\/\/www.heatsupply.nl\/de\/#\/schema\/logo\/image\/","url":"https:\/\/www.heatsupply.nl\/wp-content\/uploads\/2022\/10\/heatsupply-logo-rood.jpg","contentUrl":"https:\/\/www.heatsupply.nl\/wp-content\/uploads\/2022\/10\/heatsupply-logo-rood.jpg","width":1000,"height":335,"caption":"Heatsupply"},"image":{"@id":"https:\/\/www.heatsupply.nl\/de\/#\/schema\/logo\/image\/"},"sameAs":["https:\/\/www.facebook.com\/heatsupplyNL","https:\/\/www.instagram.com\/heatsuppy.nl","https:\/\/www.youtube.com\/channel\/UC5pOWqQtljvxTz2SMWGWCsw"]}]}},"_links":{"self":[{"href":"https:\/\/www.heatsupply.nl\/de\/wp-json\/wp\/v2\/pages\/143776","targetHints":{"allow":["GET"]}}],"collection":[{"href":"https:\/\/www.heatsupply.nl\/de\/wp-json\/wp\/v2\/pages"}],"about":[{"href":"https:\/\/www.heatsupply.nl\/de\/wp-json\/wp\/v2\/types\/page"}],"author":[{"embeddable":true,"href":"https:\/\/www.heatsupply.nl\/de\/wp-json\/wp\/v2\/users\/1"}],"replies":[{"embeddable":true,"href":"https:\/\/www.heatsupply.nl\/de\/wp-json\/wp\/v2\/comments?post=143776"}],"version-history":[{"count":3,"href":"https:\/\/www.heatsupply.nl\/de\/wp-json\/wp\/v2\/pages\/143776\/revisions"}],"predecessor-version":[{"id":205659,"href":"https:\/\/www.heatsupply.nl\/de\/wp-json\/wp\/v2\/pages\/143776\/revisions\/205659"}],"wp:attachment":[{"href":"https:\/\/www.heatsupply.nl\/de\/wp-json\/wp\/v2\/media?parent=143776"}],"curies":[{"name":"wp","href":"https:\/\/api.w.org\/{rel}","templated":true}]}}