{"id":143773,"date":"2024-03-04T15:44:37","date_gmt":"2024-03-04T14:44:37","guid":{"rendered":"https:\/\/www.heatsupply.nl\/uber-heatsupply\/"},"modified":"2025-04-03T15:21:10","modified_gmt":"2025-04-03T13:21:10","slug":"uber-heatsupply","status":"publish","type":"page","link":"https:\/\/www.heatsupply.nl\/de\/uber-heatsupply\/","title":{"rendered":"\u00dcber Heatsupply"},"content":{"rendered":"<h2><img decoding=\"async\" src=\"https:\/\/www.heatsupply.nl\/wp-content\/uploads\/2022\/09\/about-us-heatsupply.nl_-1.jpg\" \/><\/h2>\n<h2><\/h2>\n<h1 style=\"text-align: justify;\">Heatsupply: Europas Nummer eins bei scharfen Saucen<\/h1>\n<p style=\"text-align: justify;\">&#8222;Fr\u00fcher musste ich meine scharfen So\u00dfen aus New York mitbringen, aber jetzt kann ich sie einfach in den Niederlanden bestellen&#8220;, oder &#8222;Fr\u00fcher habe ich blaue Flecken f\u00fcr die Versandkosten bezahlt, um scharfe So\u00dfen in Amerika zu bestellen, aber zum Gl\u00fcck muss ich das nicht mehr&#8220;.<\/p>\n<p style=\"text-align: justify;\">Wissen Sie, wie oft wir diese Art von Kommentaren erhalten? Mehrmals pro Woche, und vor ein paar Jahren hatten wir genau das gleiche Problem. Der Zugang zu den besten Hot Sauces war in den Niederlanden (und im restlichen Europa) so eingeschr\u00e4nkt, dass wir (Freek &amp; Stan) 2017 beschlossen, selbst den Schritt zu wagen und einen kleinen Hot-Sauce-Laden zu er\u00f6ffnen. Dieser kleine Hot-Sauce-Laden bestand anfangs nur aus ein paar scharfen Saucen, hat sich aber inzwischen zu Europas Nummer eins mit mehr als 150 verschiedenen exklusiven scharfen Saucen und anderen w\u00fcrzigen Produkten aus Nord- und Mittelamerika und Europa entwickelt.<\/p>\n<h2 style=\"text-align: justify;\">F\u00fcr jeden die passende scharfe Sauce!<\/h2>\n<p style=\"text-align: justify;\">Unsere Mission ist es, jeden mit scharfer Sauce vertraut zu machen. Und wir meinen wirklich jeden, denn wir sind \u00fcberzeugt, dass wir f\u00fcr jeden die passende Sauce haben. Sehr milde Saucen f\u00fcr Menschen, die es gar nicht scharf m\u00f6gen&#8220;, fruchtige Saucen f\u00fcr diejenigen, die frische Saucen m\u00f6gen, s\u00fc\u00dfe scharfe Saucen f\u00fcr Naschkatzen und extrem scharfe Saucen f\u00fcr die erfahrensten Paprikafans. Schlie\u00dflich soll jeder diese zus\u00e4tzliche Erfahrung beim Essen genie\u00dfen k\u00f6nnen. Schlie\u00dflich verleiht es dem Essen eine ganz neue Dimension, denn es schmeckt nicht nur besser, sondern macht auch mehr Spa\u00df und ist aufregender!<\/p>\n<p style=\"text-align: justify;\">Wenn Sie Fragen haben oder Anregungen brauchen, k\u00f6nnen Sie uns jederzeit eine E-Mail schicken oder uns \u00fcber unsere sozialen Medien kontaktieren. Sind Sie neugierig, was die Leute \u00fcber unseren Service und unser Angebot an hei\u00dfen So\u00dfen denken? Auf<a href=\"http:\/\/www.kiyoh.com\/reviews\/1057792\/Heatsupply\"> Kiyoh<\/a> findest du alle Bewertungen \u00fcber Heatsupply.<\/p>\n","protected":false},"excerpt":{"rendered":"<p>Heatsupply: Europas Nummer eins bei scharfen Saucen &#8222;Fr\u00fcher musste ich meine scharfen So\u00dfen aus New York mitbringen, aber jetzt kann ich sie einfach in den Niederlanden bestellen&#8220;, oder &#8222;Fr\u00fcher habe ich blaue Flecken f\u00fcr die Versandkosten bezahlt, um scharfe So\u00dfen in Amerika zu bestellen, aber zum Gl\u00fcck muss ich das nicht mehr&#8220;. Wissen Sie, wie [&hellip;]<\/p>\n","protected":false},"author":1,"featured_media":143775,"parent":0,"menu_order":0,"comment_status":"open","ping_status":"open","template":"","meta":{"_acf_changed":false,"footnotes":""},"class_list":["post-143773","page","type-page","status-publish","has-post-thumbnail","hentry"],"acf":[],"yoast_head":"<!-- This site is optimized with the Yoast SEO Premium plugin v27.5 (Yoast SEO v27.5) - https:\/\/yoast.com\/product\/yoast-seo-premium-wordpress\/ -->\n<title>\u00dcber Heatsupply: Europas Hot Sauce Spezialist | Heatsupply<\/title>\n<meta name=\"description\" content=\"\u00dcber Heatsupply: Vom kleinen Shop zum europ\u00e4ischen Hot Sauce Marktf\u00fchrer! Entdecken Sie unsere riesige Auswahl an scharfen Saucen.\" \/>\n<meta name=\"robots\" content=\"index, follow, max-snippet:-1, max-image-preview:large, max-video-preview:-1\" \/>\n<link rel=\"canonical\" href=\"https:\/\/www.heatsupply.nl\/de\/uber-heatsupply\/\" \/>\n<meta property=\"og:locale\" content=\"de_DE\" \/>\n<meta property=\"og:type\" content=\"article\" \/>\n<meta property=\"og:title\" content=\"\u00dcber Heatsupply\" \/>\n<meta property=\"og:description\" content=\"\u00dcber Heatsupply: Vom kleinen Shop zum europ\u00e4ischen Hot Sauce Marktf\u00fchrer! Entdecken Sie unsere riesige Auswahl an scharfen Saucen.\" \/>\n<meta property=\"og:url\" content=\"https:\/\/www.heatsupply.nl\/de\/uber-heatsupply\/\" \/>\n<meta property=\"og:site_name\" content=\"Heatsupply\" \/>\n<meta property=\"article:publisher\" content=\"https:\/\/www.facebook.com\/heatsupplyNL\" \/>\n<meta property=\"article:modified_time\" content=\"2025-04-03T13:21:10+00:00\" \/>\n<meta property=\"og:image\" content=\"https:\/\/www.heatsupply.nl\/wp-content\/uploads\/2022\/09\/heatsupply-about-1.jpg\" \/>\n\t<meta property=\"og:image:width\" content=\"1200\" \/>\n\t<meta property=\"og:image:height\" content=\"960\" \/>\n\t<meta property=\"og:image:type\" content=\"image\/jpeg\" \/>\n<meta name=\"twitter:card\" content=\"summary_large_image\" \/>\n<meta name=\"twitter:label1\" content=\"Gesch\u00e4tzte Lesezeit\" \/>\n\t<meta name=\"twitter:data1\" content=\"2\u00a0Minute\" \/>\n<script type=\"application\/ld+json\" class=\"yoast-schema-graph\">{\"@context\":\"https:\\\/\\\/schema.org\",\"@graph\":[{\"@type\":\"WebPage\",\"@id\":\"https:\\\/\\\/www.heatsupply.nl\\\/de\\\/uber-heatsupply\\\/\",\"url\":\"https:\\\/\\\/www.heatsupply.nl\\\/de\\\/uber-heatsupply\\\/\",\"name\":\"\u00dcber Heatsupply: Europas Hot Sauce Spezialist | Heatsupply\",\"isPartOf\":{\"@id\":\"https:\\\/\\\/www.heatsupply.nl\\\/de\\\/#website\"},\"primaryImageOfPage\":{\"@id\":\"https:\\\/\\\/www.heatsupply.nl\\\/de\\\/uber-heatsupply\\\/#primaryimage\"},\"image\":{\"@id\":\"https:\\\/\\\/www.heatsupply.nl\\\/de\\\/uber-heatsupply\\\/#primaryimage\"},\"thumbnailUrl\":\"https:\\\/\\\/www.heatsupply.nl\\\/wp-content\\\/uploads\\\/2022\\\/09\\\/heatsupply-about-1.jpg\",\"datePublished\":\"2024-03-04T14:44:37+00:00\",\"dateModified\":\"2025-04-03T13:21:10+00:00\",\"description\":\"\u00dcber Heatsupply: Vom kleinen Shop zum europ\u00e4ischen Hot Sauce Marktf\u00fchrer! Entdecken Sie unsere riesige Auswahl an scharfen Saucen.\",\"breadcrumb\":{\"@id\":\"https:\\\/\\\/www.heatsupply.nl\\\/de\\\/uber-heatsupply\\\/#breadcrumb\"},\"inLanguage\":\"de\",\"potentialAction\":[{\"@type\":\"ReadAction\",\"target\":[\"https:\\\/\\\/www.heatsupply.nl\\\/de\\\/uber-heatsupply\\\/\"]}]},{\"@type\":\"ImageObject\",\"inLanguage\":\"de\",\"@id\":\"https:\\\/\\\/www.heatsupply.nl\\\/de\\\/uber-heatsupply\\\/#primaryimage\",\"url\":\"https:\\\/\\\/www.heatsupply.nl\\\/wp-content\\\/uploads\\\/2022\\\/09\\\/heatsupply-about-1.jpg\",\"contentUrl\":\"https:\\\/\\\/www.heatsupply.nl\\\/wp-content\\\/uploads\\\/2022\\\/09\\\/heatsupply-about-1.jpg\",\"width\":1200,\"height\":960},{\"@type\":\"BreadcrumbList\",\"@id\":\"https:\\\/\\\/www.heatsupply.nl\\\/de\\\/uber-heatsupply\\\/#breadcrumb\",\"itemListElement\":[{\"@type\":\"ListItem\",\"position\":1,\"name\":\"Home\",\"item\":\"https:\\\/\\\/www.heatsupply.nl\\\/de\\\/\"},{\"@type\":\"ListItem\",\"position\":2,\"name\":\"\u00dcber Heatsupply\"}]},{\"@type\":\"WebSite\",\"@id\":\"https:\\\/\\\/www.heatsupply.nl\\\/de\\\/#website\",\"url\":\"https:\\\/\\\/www.heatsupply.nl\\\/de\\\/\",\"name\":\"Heatsupply\",\"description\":\"Hot sauce webstore #1 in Europe\",\"publisher\":{\"@id\":\"https:\\\/\\\/www.heatsupply.nl\\\/de\\\/#organization\"},\"potentialAction\":[{\"@type\":\"SearchAction\",\"target\":{\"@type\":\"EntryPoint\",\"urlTemplate\":\"https:\\\/\\\/www.heatsupply.nl\\\/de\\\/?s={search_term_string}\"},\"query-input\":{\"@type\":\"PropertyValueSpecification\",\"valueRequired\":true,\"valueName\":\"search_term_string\"}}],\"inLanguage\":\"de\"},{\"@type\":\"Organization\",\"@id\":\"https:\\\/\\\/www.heatsupply.nl\\\/de\\\/#organization\",\"name\":\"Heatsupply\",\"url\":\"https:\\\/\\\/www.heatsupply.nl\\\/de\\\/\",\"logo\":{\"@type\":\"ImageObject\",\"inLanguage\":\"de\",\"@id\":\"https:\\\/\\\/www.heatsupply.nl\\\/de\\\/#\\\/schema\\\/logo\\\/image\\\/\",\"url\":\"https:\\\/\\\/www.heatsupply.nl\\\/wp-content\\\/uploads\\\/2022\\\/10\\\/heatsupply-logo-rood.jpg\",\"contentUrl\":\"https:\\\/\\\/www.heatsupply.nl\\\/wp-content\\\/uploads\\\/2022\\\/10\\\/heatsupply-logo-rood.jpg\",\"width\":1000,\"height\":335,\"caption\":\"Heatsupply\"},\"image\":{\"@id\":\"https:\\\/\\\/www.heatsupply.nl\\\/de\\\/#\\\/schema\\\/logo\\\/image\\\/\"},\"sameAs\":[\"https:\\\/\\\/www.facebook.com\\\/heatsupplyNL\",\"https:\\\/\\\/www.instagram.com\\\/heatsuppy.nl\",\"https:\\\/\\\/www.youtube.com\\\/channel\\\/UC5pOWqQtljvxTz2SMWGWCsw\"]}]}<\/script>\n<!-- \/ Yoast SEO Premium plugin. -->","yoast_head_json":{"title":"\u00dcber Heatsupply: Europas Hot Sauce Spezialist | Heatsupply","description":"\u00dcber Heatsupply: Vom kleinen Shop zum europ\u00e4ischen Hot Sauce Marktf\u00fchrer! Entdecken Sie unsere riesige Auswahl an scharfen Saucen.","robots":{"index":"index","follow":"follow","max-snippet":"max-snippet:-1","max-image-preview":"max-image-preview:large","max-video-preview":"max-video-preview:-1"},"canonical":"https:\/\/www.heatsupply.nl\/de\/uber-heatsupply\/","og_locale":"de_DE","og_type":"article","og_title":"\u00dcber Heatsupply","og_description":"\u00dcber Heatsupply: Vom kleinen Shop zum europ\u00e4ischen Hot Sauce Marktf\u00fchrer! Entdecken Sie unsere riesige Auswahl an scharfen Saucen.","og_url":"https:\/\/www.heatsupply.nl\/de\/uber-heatsupply\/","og_site_name":"Heatsupply","article_publisher":"https:\/\/www.facebook.com\/heatsupplyNL","article_modified_time":"2025-04-03T13:21:10+00:00","og_image":[{"width":1200,"height":960,"url":"https:\/\/www.heatsupply.nl\/wp-content\/uploads\/2022\/09\/heatsupply-about-1.jpg","type":"image\/jpeg"}],"twitter_card":"summary_large_image","twitter_misc":{"Gesch\u00e4tzte Lesezeit":"2\u00a0Minute"},"schema":{"@context":"https:\/\/schema.org","@graph":[{"@type":"WebPage","@id":"https:\/\/www.heatsupply.nl\/de\/uber-heatsupply\/","url":"https:\/\/www.heatsupply.nl\/de\/uber-heatsupply\/","name":"\u00dcber Heatsupply: Europas Hot Sauce Spezialist | Heatsupply","isPartOf":{"@id":"https:\/\/www.heatsupply.nl\/de\/#website"},"primaryImageOfPage":{"@id":"https:\/\/www.heatsupply.nl\/de\/uber-heatsupply\/#primaryimage"},"image":{"@id":"https:\/\/www.heatsupply.nl\/de\/uber-heatsupply\/#primaryimage"},"thumbnailUrl":"https:\/\/www.heatsupply.nl\/wp-content\/uploads\/2022\/09\/heatsupply-about-1.jpg","datePublished":"2024-03-04T14:44:37+00:00","dateModified":"2025-04-03T13:21:10+00:00","description":"\u00dcber Heatsupply: Vom kleinen Shop zum europ\u00e4ischen Hot Sauce Marktf\u00fchrer! Entdecken Sie unsere riesige Auswahl an scharfen Saucen.","breadcrumb":{"@id":"https:\/\/www.heatsupply.nl\/de\/uber-heatsupply\/#breadcrumb"},"inLanguage":"de","potentialAction":[{"@type":"ReadAction","target":["https:\/\/www.heatsupply.nl\/de\/uber-heatsupply\/"]}]},{"@type":"ImageObject","inLanguage":"de","@id":"https:\/\/www.heatsupply.nl\/de\/uber-heatsupply\/#primaryimage","url":"https:\/\/www.heatsupply.nl\/wp-content\/uploads\/2022\/09\/heatsupply-about-1.jpg","contentUrl":"https:\/\/www.heatsupply.nl\/wp-content\/uploads\/2022\/09\/heatsupply-about-1.jpg","width":1200,"height":960},{"@type":"BreadcrumbList","@id":"https:\/\/www.heatsupply.nl\/de\/uber-heatsupply\/#breadcrumb","itemListElement":[{"@type":"ListItem","position":1,"name":"Home","item":"https:\/\/www.heatsupply.nl\/de\/"},{"@type":"ListItem","position":2,"name":"\u00dcber Heatsupply"}]},{"@type":"WebSite","@id":"https:\/\/www.heatsupply.nl\/de\/#website","url":"https:\/\/www.heatsupply.nl\/de\/","name":"Heatsupply","description":"Hot sauce webstore #1 in Europe","publisher":{"@id":"https:\/\/www.heatsupply.nl\/de\/#organization"},"potentialAction":[{"@type":"SearchAction","target":{"@type":"EntryPoint","urlTemplate":"https:\/\/www.heatsupply.nl\/de\/?s={search_term_string}"},"query-input":{"@type":"PropertyValueSpecification","valueRequired":true,"valueName":"search_term_string"}}],"inLanguage":"de"},{"@type":"Organization","@id":"https:\/\/www.heatsupply.nl\/de\/#organization","name":"Heatsupply","url":"https:\/\/www.heatsupply.nl\/de\/","logo":{"@type":"ImageObject","inLanguage":"de","@id":"https:\/\/www.heatsupply.nl\/de\/#\/schema\/logo\/image\/","url":"https:\/\/www.heatsupply.nl\/wp-content\/uploads\/2022\/10\/heatsupply-logo-rood.jpg","contentUrl":"https:\/\/www.heatsupply.nl\/wp-content\/uploads\/2022\/10\/heatsupply-logo-rood.jpg","width":1000,"height":335,"caption":"Heatsupply"},"image":{"@id":"https:\/\/www.heatsupply.nl\/de\/#\/schema\/logo\/image\/"},"sameAs":["https:\/\/www.facebook.com\/heatsupplyNL","https:\/\/www.instagram.com\/heatsuppy.nl","https:\/\/www.youtube.com\/channel\/UC5pOWqQtljvxTz2SMWGWCsw"]}]}},"_links":{"self":[{"href":"https:\/\/www.heatsupply.nl\/de\/wp-json\/wp\/v2\/pages\/143773","targetHints":{"allow":["GET"]}}],"collection":[{"href":"https:\/\/www.heatsupply.nl\/de\/wp-json\/wp\/v2\/pages"}],"about":[{"href":"https:\/\/www.heatsupply.nl\/de\/wp-json\/wp\/v2\/types\/page"}],"author":[{"embeddable":true,"href":"https:\/\/www.heatsupply.nl\/de\/wp-json\/wp\/v2\/users\/1"}],"replies":[{"embeddable":true,"href":"https:\/\/www.heatsupply.nl\/de\/wp-json\/wp\/v2\/comments?post=143773"}],"version-history":[{"count":0,"href":"https:\/\/www.heatsupply.nl\/de\/wp-json\/wp\/v2\/pages\/143773\/revisions"}],"wp:featuredmedia":[{"embeddable":true,"href":"https:\/\/www.heatsupply.nl\/de\/wp-json\/wp\/v2\/media\/143775"}],"wp:attachment":[{"href":"https:\/\/www.heatsupply.nl\/de\/wp-json\/wp\/v2\/media?parent=143773"}],"curies":[{"name":"wp","href":"https:\/\/api.w.org\/{rel}","templated":true}]}}